{"id":5863,"date":"2024-01-19T13:46:51","date_gmt":"2024-01-19T12:46:51","guid":{"rendered":"https:\/\/www.rumicon.sk\/produkt\/gin-cubical-kiss-07l-375-pohar\/"},"modified":"2024-10-08T13:05:33","modified_gmt":"2024-10-08T11:05:33","slug":"gin-cubical-kiss-07l-375-pohar","status":"publish","type":"product","link":"https:\/\/www.rumicon.sk\/hu\/produkt\/gin-cubical-kiss-07l-375-pohar\/","title":{"rendered":"Gin Cubical Kiss 0,7l 37,5% + poh\u00e1r"},"content":{"rendered":"<p>Ezt a gint eredetileg a spanyol piacra dobt\u00e1k piacra,<strong>Langleyben<\/strong>desztill\u00e1lt\u00e1k. A Botanic gin k\u00e9sz\u00edt\u00e9s\u00e9hez <strong>Buddha&#8217;s Hand<\/strong> (egy k\u00fcl\u00f6nleges, divatos \u00e9s \u00edzletes \u00e1zsiai citrusf\u00e9le) gy\u00fcm\u00f6lcs\u00f6t haszn\u00e1lnak. Bor\u00f3ka, koriander, angyalgy\u00f6k\u00e9r, narancsh\u00e9j, citromh\u00e9j, orris, \u00e9desgy\u00f6k\u00e9r, kasszia \u00e9s mandula szint\u00e9n jellemz\u0151 \u00f6sszetev\u0151k. A Cubical Kiss-t emellett eperrel, m\u00e1ln\u00e1val \u00e9s \u00e1fony\u00e1val \u00edzes\u00edtik. Ezek a bogy\u00f3s gy\u00fcm\u00f6lcs\u00f6k adj\u00e1k a Cubical sz\u00e9p r\u00f3zsasz\u00ednes \u00e1rnyalat\u00e1t. Az aj\u00e1nd\u00e9kcsomag a <strong>Cubical Kiss<\/strong> gin <strong>0,7 l<\/strong> <strong>+ 1 poharat<\/strong> tartalmaz. <strong>Sz\u00edn:<\/strong> r\u00f3zsasz\u00edn, lazac sz\u00edn\u0171 <strong>Illat:<\/strong> er\u0151s, kellemes, \u00e9des, eper, m\u00e1lna, piros gy\u00fcm\u00f6lcs\u00f6k <strong>\u00cdz<\/strong> <strong>:<\/strong> k\u00f6nny\u0171, gy\u00f3gyn\u00f6v\u00e9nyek, bor\u00f3ka, piros gy\u00fcm\u00f6lcs\u00f6k.    <\/p>\n","protected":false},"excerpt":{"rendered":"<p>Ezt a gint eredetileg a spanyol piacra dobt\u00e1k piacra,Langleybendesztill\u00e1lt\u00e1k. A Botanic gin k\u00e9sz\u00edt\u00e9s\u00e9hez Buddha&#8217;s Hand (egy k\u00fcl\u00f6nleges, divatos \u00e9s \u00edzletes \u00e1zsiai citrusf\u00e9le) gy\u00fcm\u00f6lcs\u00f6t haszn\u00e1lnak. Bor\u00f3ka, koriander, angyalgy\u00f6k\u00e9r, narancsh\u00e9j, citromh\u00e9j, orris, \u00e9desgy\u00f6k\u00e9r, kasszia \u00e9s mandula szint\u00e9n jellemz\u0151 \u00f6sszetev\u0151k. A Cubical Kiss-t emellett eperrel, m\u00e1ln\u00e1val \u00e9s \u00e1fony\u00e1val \u00edzes\u00edtik. Ezek a bogy\u00f3s gy\u00fcm\u00f6lcs\u00f6k adj\u00e1k a Cubical sz\u00e9p r\u00f3zsasz\u00ednes [&#8230;]\n","protected":false},"featured_media":5865,"comment_status":"closed","ping_status":"closed","template":"","meta":{"_acf_changed":false},"product_brand":[],"product_cat":[598,623,617,621],"product_tag":[828,830],"class_list":{"0":"post-5863","1":"product","2":"type-product","3":"status-publish","4":"has-post-thumbnail","6":"product_cat-gin-hu","7":"product_cat-gin-kollekciok","8":"product_cat-izesitett-gin","9":"product_cat-pink-gin-hu","10":"product_tag-cubical-hu","11":"product_tag-izesitett-gin-hu","12":"pa_krajina-povodu-spanyolorszag","14":"first","15":"outofstock","16":"taxable","17":"shipping-taxable","18":"purchasable","19":"product-type-simple"},"acf":[],"yoast_head":"<!-- This site is optimized with the Yoast SEO plugin v27.0 - https:\/\/yoast.com\/product\/yoast-seo-wordpress\/ -->\n<title>Gin Cubical Kiss 0,7l 37,5% + poh\u00e1r - rumicon.sk<\/title>\n<meta name=\"robots\" content=\"index, follow, max-snippet:-1, max-image-preview:large, max-video-preview:-1\" \/>\n<link rel=\"canonical\" href=\"https:\/\/www.rumicon.sk\/hu\/produkt\/gin-cubical-kiss-07l-375-pohar\/\" \/>\n<meta property=\"og:locale\" content=\"hu_HU\" \/>\n<meta property=\"og:type\" content=\"article\" \/>\n<meta property=\"og:title\" content=\"Gin Cubical Kiss 0,7l 37,5% + poh\u00e1r - rumicon.sk\" \/>\n<meta property=\"og:description\" content=\"Ezt a gint eredetileg a spanyol piacra dobt\u00e1k piacra,Langleybendesztill\u00e1lt\u00e1k. A Botanic gin k\u00e9sz\u00edt\u00e9s\u00e9hez Buddha&#8217;s Hand (egy k\u00fcl\u00f6nleges, divatos \u00e9s \u00edzletes \u00e1zsiai citrusf\u00e9le) gy\u00fcm\u00f6lcs\u00f6t haszn\u00e1lnak. Bor\u00f3ka, koriander, angyalgy\u00f6k\u00e9r, narancsh\u00e9j, citromh\u00e9j, orris, \u00e9desgy\u00f6k\u00e9r, kasszia \u00e9s mandula szint\u00e9n jellemz\u0151 \u00f6sszetev\u0151k. A Cubical Kiss-t emellett eperrel, m\u00e1ln\u00e1val \u00e9s \u00e1fony\u00e1val \u00edzes\u00edtik. Ezek a bogy\u00f3s gy\u00fcm\u00f6lcs\u00f6k adj\u00e1k a Cubical sz\u00e9p r\u00f3zsasz\u00ednes [...]\" \/>\n<meta property=\"og:url\" content=\"https:\/\/www.rumicon.sk\/hu\/produkt\/gin-cubical-kiss-07l-375-pohar\/\" \/>\n<meta property=\"og:site_name\" content=\"rumicon.sk\" \/>\n<meta property=\"article:publisher\" content=\"https:\/\/www.facebook.com\/people\/Rumicon-Bottle-Cigar-Shop\/100087110283303\/\" \/>\n<meta property=\"article:modified_time\" content=\"2024-10-08T11:05:33+00:00\" \/>\n<meta property=\"og:image\" content=\"https:\/\/www.rumicon.sk\/wp-content\/uploads\/Cubical-Kiss-07l-3751pohar-GB-1.webp\" \/>\n\t<meta property=\"og:image:width\" content=\"800\" \/>\n\t<meta property=\"og:image:height\" content=\"800\" \/>\n\t<meta property=\"og:image:type\" content=\"image\/webp\" \/>\n<meta name=\"twitter:card\" content=\"summary_large_image\" \/>\n<meta name=\"twitter:label1\" content=\"Becs\u00fclt olvas\u00e1si id\u0151\" \/>\n\t<meta name=\"twitter:data1\" content=\"1 perc\" \/>\n<script type=\"application\/ld+json\" class=\"yoast-schema-graph\">{\"@context\":\"https:\/\/schema.org\",\"@graph\":[{\"@type\":\"WebPage\",\"@id\":\"https:\/\/www.rumicon.sk\/hu\/produkt\/gin-cubical-kiss-07l-375-pohar\/\",\"url\":\"https:\/\/www.rumicon.sk\/hu\/produkt\/gin-cubical-kiss-07l-375-pohar\/\",\"name\":\"Gin Cubical Kiss 0,7l 37,5% + poh\u00e1r - rumicon.sk\",\"isPartOf\":{\"@id\":\"https:\/\/www.rumicon.sk\/hu\/#website\"},\"primaryImageOfPage\":{\"@id\":\"https:\/\/www.rumicon.sk\/hu\/produkt\/gin-cubical-kiss-07l-375-pohar\/#primaryimage\"},\"image\":{\"@id\":\"https:\/\/www.rumicon.sk\/hu\/produkt\/gin-cubical-kiss-07l-375-pohar\/#primaryimage\"},\"thumbnailUrl\":\"https:\/\/www.rumicon.sk\/wp-content\/uploads\/Cubical-Kiss-07l-3751pohar-GB-1.webp\",\"datePublished\":\"2024-01-19T12:46:51+00:00\",\"dateModified\":\"2024-10-08T11:05:33+00:00\",\"breadcrumb\":{\"@id\":\"https:\/\/www.rumicon.sk\/hu\/produkt\/gin-cubical-kiss-07l-375-pohar\/#breadcrumb\"},\"inLanguage\":\"hu\",\"potentialAction\":[{\"@type\":\"ReadAction\",\"target\":[\"https:\/\/www.rumicon.sk\/hu\/produkt\/gin-cubical-kiss-07l-375-pohar\/\"]}]},{\"@type\":\"ImageObject\",\"inLanguage\":\"hu\",\"@id\":\"https:\/\/www.rumicon.sk\/hu\/produkt\/gin-cubical-kiss-07l-375-pohar\/#primaryimage\",\"url\":\"https:\/\/www.rumicon.sk\/wp-content\/uploads\/Cubical-Kiss-07l-3751pohar-GB-1.webp\",\"contentUrl\":\"https:\/\/www.rumicon.sk\/wp-content\/uploads\/Cubical-Kiss-07l-3751pohar-GB-1.webp\",\"width\":800,\"height\":800,\"caption\":\"Gin Cubical Kiss 0,7l 37,5% + poh\u00e1r\"},{\"@type\":\"BreadcrumbList\",\"@id\":\"https:\/\/www.rumicon.sk\/hu\/produkt\/gin-cubical-kiss-07l-375-pohar\/#breadcrumb\",\"itemListElement\":[{\"@type\":\"ListItem\",\"position\":1,\"name\":\"Home\",\"item\":\"https:\/\/www.rumicon.sk\/hu\/home\/\"},{\"@type\":\"ListItem\",\"position\":2,\"name\":\"Web\u00e1ruh\u00e1z\",\"item\":\"https:\/\/www.rumicon.sk\/hu\/webaruhaz\/\"},{\"@type\":\"ListItem\",\"position\":3,\"name\":\"Gin Cubical Kiss 0,7l 37,5% + poh\u00e1r\"}]},{\"@type\":\"WebSite\",\"@id\":\"https:\/\/www.rumicon.sk\/hu\/#website\",\"url\":\"https:\/\/www.rumicon.sk\/hu\/\",\"name\":\"rumicon.sk\",\"description\":\"\",\"publisher\":{\"@id\":\"https:\/\/www.rumicon.sk\/hu\/#organization\"},\"potentialAction\":[{\"@type\":\"SearchAction\",\"target\":{\"@type\":\"EntryPoint\",\"urlTemplate\":\"https:\/\/www.rumicon.sk\/hu\/?s={search_term_string}\"},\"query-input\":{\"@type\":\"PropertyValueSpecification\",\"valueRequired\":true,\"valueName\":\"search_term_string\"}}],\"inLanguage\":\"hu\"},{\"@type\":\"Organization\",\"@id\":\"https:\/\/www.rumicon.sk\/hu\/#organization\",\"name\":\"rumicon.sk\",\"url\":\"https:\/\/www.rumicon.sk\/hu\/\",\"logo\":{\"@type\":\"ImageObject\",\"inLanguage\":\"hu\",\"@id\":\"https:\/\/www.rumicon.sk\/hu\/#\/schema\/logo\/image\/\",\"url\":\"https:\/\/www.rumicon.sk\/wp-content\/uploads\/logo-rumicon-bcs-color.png\",\"contentUrl\":\"https:\/\/www.rumicon.sk\/wp-content\/uploads\/logo-rumicon-bcs-color.png\",\"width\":827,\"height\":278,\"caption\":\"rumicon.sk\"},\"image\":{\"@id\":\"https:\/\/www.rumicon.sk\/hu\/#\/schema\/logo\/image\/\"},\"sameAs\":[\"https:\/\/www.facebook.com\/people\/Rumicon-Bottle-Cigar-Shop\/100087110283303\/\",\"https:\/\/www.instagram.com\/rumicon_bottle_cigar_shop\/\",\"https:\/\/www.tiktok.com\/@rumicon2022\"]}]}<\/script>\n<!-- \/ Yoast SEO plugin. -->","yoast_head_json":{"title":"Gin Cubical Kiss 0,7l 37,5% + poh\u00e1r - rumicon.sk","robots":{"index":"index","follow":"follow","max-snippet":"max-snippet:-1","max-image-preview":"max-image-preview:large","max-video-preview":"max-video-preview:-1"},"canonical":"https:\/\/www.rumicon.sk\/hu\/produkt\/gin-cubical-kiss-07l-375-pohar\/","og_locale":"hu_HU","og_type":"article","og_title":"Gin Cubical Kiss 0,7l 37,5% + poh\u00e1r - rumicon.sk","og_description":"Ezt a gint eredetileg a spanyol piacra dobt\u00e1k piacra,Langleybendesztill\u00e1lt\u00e1k. A Botanic gin k\u00e9sz\u00edt\u00e9s\u00e9hez Buddha&#8217;s Hand (egy k\u00fcl\u00f6nleges, divatos \u00e9s \u00edzletes \u00e1zsiai citrusf\u00e9le) gy\u00fcm\u00f6lcs\u00f6t haszn\u00e1lnak. Bor\u00f3ka, koriander, angyalgy\u00f6k\u00e9r, narancsh\u00e9j, citromh\u00e9j, orris, \u00e9desgy\u00f6k\u00e9r, kasszia \u00e9s mandula szint\u00e9n jellemz\u0151 \u00f6sszetev\u0151k. A Cubical Kiss-t emellett eperrel, m\u00e1ln\u00e1val \u00e9s \u00e1fony\u00e1val \u00edzes\u00edtik. Ezek a bogy\u00f3s gy\u00fcm\u00f6lcs\u00f6k adj\u00e1k a Cubical sz\u00e9p r\u00f3zsasz\u00ednes [...]","og_url":"https:\/\/www.rumicon.sk\/hu\/produkt\/gin-cubical-kiss-07l-375-pohar\/","og_site_name":"rumicon.sk","article_publisher":"https:\/\/www.facebook.com\/people\/Rumicon-Bottle-Cigar-Shop\/100087110283303\/","article_modified_time":"2024-10-08T11:05:33+00:00","og_image":[{"width":800,"height":800,"url":"https:\/\/www.rumicon.sk\/wp-content\/uploads\/Cubical-Kiss-07l-3751pohar-GB-1.webp","type":"image\/webp"}],"twitter_card":"summary_large_image","twitter_misc":{"Becs\u00fclt olvas\u00e1si id\u0151":"1 perc"},"schema":{"@context":"https:\/\/schema.org","@graph":[{"@type":"WebPage","@id":"https:\/\/www.rumicon.sk\/hu\/produkt\/gin-cubical-kiss-07l-375-pohar\/","url":"https:\/\/www.rumicon.sk\/hu\/produkt\/gin-cubical-kiss-07l-375-pohar\/","name":"Gin Cubical Kiss 0,7l 37,5% + poh\u00e1r - rumicon.sk","isPartOf":{"@id":"https:\/\/www.rumicon.sk\/hu\/#website"},"primaryImageOfPage":{"@id":"https:\/\/www.rumicon.sk\/hu\/produkt\/gin-cubical-kiss-07l-375-pohar\/#primaryimage"},"image":{"@id":"https:\/\/www.rumicon.sk\/hu\/produkt\/gin-cubical-kiss-07l-375-pohar\/#primaryimage"},"thumbnailUrl":"https:\/\/www.rumicon.sk\/wp-content\/uploads\/Cubical-Kiss-07l-3751pohar-GB-1.webp","datePublished":"2024-01-19T12:46:51+00:00","dateModified":"2024-10-08T11:05:33+00:00","breadcrumb":{"@id":"https:\/\/www.rumicon.sk\/hu\/produkt\/gin-cubical-kiss-07l-375-pohar\/#breadcrumb"},"inLanguage":"hu","potentialAction":[{"@type":"ReadAction","target":["https:\/\/www.rumicon.sk\/hu\/produkt\/gin-cubical-kiss-07l-375-pohar\/"]}]},{"@type":"ImageObject","inLanguage":"hu","@id":"https:\/\/www.rumicon.sk\/hu\/produkt\/gin-cubical-kiss-07l-375-pohar\/#primaryimage","url":"https:\/\/www.rumicon.sk\/wp-content\/uploads\/Cubical-Kiss-07l-3751pohar-GB-1.webp","contentUrl":"https:\/\/www.rumicon.sk\/wp-content\/uploads\/Cubical-Kiss-07l-3751pohar-GB-1.webp","width":800,"height":800,"caption":"Gin Cubical Kiss 0,7l 37,5% + poh\u00e1r"},{"@type":"BreadcrumbList","@id":"https:\/\/www.rumicon.sk\/hu\/produkt\/gin-cubical-kiss-07l-375-pohar\/#breadcrumb","itemListElement":[{"@type":"ListItem","position":1,"name":"Home","item":"https:\/\/www.rumicon.sk\/hu\/home\/"},{"@type":"ListItem","position":2,"name":"Web\u00e1ruh\u00e1z","item":"https:\/\/www.rumicon.sk\/hu\/webaruhaz\/"},{"@type":"ListItem","position":3,"name":"Gin Cubical Kiss 0,7l 37,5% + poh\u00e1r"}]},{"@type":"WebSite","@id":"https:\/\/www.rumicon.sk\/hu\/#website","url":"https:\/\/www.rumicon.sk\/hu\/","name":"rumicon.sk","description":"","publisher":{"@id":"https:\/\/www.rumicon.sk\/hu\/#organization"},"potentialAction":[{"@type":"SearchAction","target":{"@type":"EntryPoint","urlTemplate":"https:\/\/www.rumicon.sk\/hu\/?s={search_term_string}"},"query-input":{"@type":"PropertyValueSpecification","valueRequired":true,"valueName":"search_term_string"}}],"inLanguage":"hu"},{"@type":"Organization","@id":"https:\/\/www.rumicon.sk\/hu\/#organization","name":"rumicon.sk","url":"https:\/\/www.rumicon.sk\/hu\/","logo":{"@type":"ImageObject","inLanguage":"hu","@id":"https:\/\/www.rumicon.sk\/hu\/#\/schema\/logo\/image\/","url":"https:\/\/www.rumicon.sk\/wp-content\/uploads\/logo-rumicon-bcs-color.png","contentUrl":"https:\/\/www.rumicon.sk\/wp-content\/uploads\/logo-rumicon-bcs-color.png","width":827,"height":278,"caption":"rumicon.sk"},"image":{"@id":"https:\/\/www.rumicon.sk\/hu\/#\/schema\/logo\/image\/"},"sameAs":["https:\/\/www.facebook.com\/people\/Rumicon-Bottle-Cigar-Shop\/100087110283303\/","https:\/\/www.instagram.com\/rumicon_bottle_cigar_shop\/","https:\/\/www.tiktok.com\/@rumicon2022"]}]}},"_links":{"self":[{"href":"https:\/\/www.rumicon.sk\/hu\/wp-json\/wp\/v2\/product\/5863","targetHints":{"allow":["GET"]}}],"collection":[{"href":"https:\/\/www.rumicon.sk\/hu\/wp-json\/wp\/v2\/product"}],"about":[{"href":"https:\/\/www.rumicon.sk\/hu\/wp-json\/wp\/v2\/types\/product"}],"replies":[{"embeddable":true,"href":"https:\/\/www.rumicon.sk\/hu\/wp-json\/wp\/v2\/comments?post=5863"}],"wp:featuredmedia":[{"embeddable":true,"href":"https:\/\/www.rumicon.sk\/hu\/wp-json\/wp\/v2\/media\/5865"}],"wp:attachment":[{"href":"https:\/\/www.rumicon.sk\/hu\/wp-json\/wp\/v2\/media?parent=5863"}],"wp:term":[{"taxonomy":"product_brand","embeddable":true,"href":"https:\/\/www.rumicon.sk\/hu\/wp-json\/wp\/v2\/product_brand?post=5863"},{"taxonomy":"product_cat","embeddable":true,"href":"https:\/\/www.rumicon.sk\/hu\/wp-json\/wp\/v2\/product_cat?post=5863"},{"taxonomy":"product_tag","embeddable":true,"href":"https:\/\/www.rumicon.sk\/hu\/wp-json\/wp\/v2\/product_tag?post=5863"}],"curies":[{"name":"wp","href":"https:\/\/api.w.org\/{rel}","templated":true}]}}