{"id":5859,"date":"2024-01-19T13:52:05","date_gmt":"2024-01-19T12:52:05","guid":{"rendered":"https:\/\/www.rumicon.sk\/produkt\/gin-cubical-mango-07l-375\/"},"modified":"2025-08-14T11:49:29","modified_gmt":"2025-08-14T09:49:29","slug":"gin-cubical-mango-07l-375","status":"publish","type":"product","link":"https:\/\/www.rumicon.sk\/hu\/produkt\/gin-cubical-mango-07l-375\/","title":{"rendered":"Gin Cubical Mango 0,7l 37,5%"},"content":{"rendered":"<p>A <strong>Cubical Mango<\/strong> egy t\u00f6k\u00e9letes gy\u00fcm\u00f6lcs\u00f6s narancsos gin, amely a legjobb min\u0151s\u00e9g\u0171 angol gabon\u00e1b\u00f3l k\u00e9sz\u00fcl. Ez a gin el\u0151sz\u00f6r h\u00e1rom k\u00fcl\u00f6n\u00e1ll\u00f3 lep\u00e1rl\u00e1si folyamaton megy kereszt\u00fcl. <\/p>\n<p>Ez egy sima \u00e9s \u00f6sszetett gin, k\u00f6sz\u00f6nhet\u0151en az olyan botanikai anyagok egyens\u00faly\u00e1nak, mint a bor\u00f3ka, a bergamott, az \u00e9des narancs \u00e9s a v\u00e1logatott tr\u00f3pusi gy\u00fcm\u00f6lcs\u00f6k, k\u00fcl\u00f6n\u00f6sen a mang\u00f3, amely a ginnek egyedi jelleget k\u00f6lcs\u00f6n\u00f6z.<\/p>\n<p>A gin egy nagyon sz\u00e9p, kocka alak\u00fa \u00fcvegben van elhelyezve. Tiszt\u00e1n, k\u00fcl\u00f6nf\u00e9le kokt\u00e9lokban vagy kiss\u00e9 leh\u0171tve aj\u00e1nljuk t\u00e1lalni. <\/p>\n<p><strong>Sz\u00edn: <\/strong>narancs-arany, barna kiemelked\u00e9sekkel<strong><br \/>\nIllat <\/strong><strong>: <\/strong>citrusok, gy\u00fcm\u00f6lcs\u00f6k, f\u0171szerek, bor\u00f3ka, fa<strong><br \/>\n\u00cdz: <\/strong>keser\u00e9des, mang\u00f3, gy\u00fcm\u00f6lcs\u00f6k, gy\u00f3gyn\u00f6v\u00e9nyek<strong><br \/>\nFinish: <\/strong>k\u00f6zepesen hossz\u00fa, kellemes, mang\u00f3, citrom<\/p>\n","protected":false},"excerpt":{"rendered":"<p>A Cubical Mango egy t\u00f6k\u00e9letes gy\u00fcm\u00f6lcs\u00f6s narancsos gin, amely a legjobb min\u0151s\u00e9g\u0171 angol gabon\u00e1b\u00f3l k\u00e9sz\u00fcl. Ez a gin el\u0151sz\u00f6r h\u00e1rom k\u00fcl\u00f6n\u00e1ll\u00f3 lep\u00e1rl\u00e1si folyamaton megy kereszt\u00fcl. Ez egy sima \u00e9s \u00f6sszetett gin, k\u00f6sz\u00f6nhet\u0151en az olyan botanikai anyagok egyens\u00faly\u00e1nak, mint a bor\u00f3ka, a bergamott, az \u00e9des narancs \u00e9s a v\u00e1logatott tr\u00f3pusi gy\u00fcm\u00f6lcs\u00f6k, k\u00fcl\u00f6n\u00f6sen a mang\u00f3, amely a [&#8230;]\n","protected":false},"featured_media":5861,"comment_status":"closed","ping_status":"closed","template":"","meta":{"_acf_changed":false},"product_brand":[],"product_cat":[598,617],"product_tag":[828,829],"class_list":{"0":"post-5859","1":"product","2":"type-product","3":"status-publish","4":"has-post-thumbnail","6":"product_cat-gin-hu","7":"product_cat-izesitett-gin","8":"product_tag-cubical-hu","9":"product_tag-izesitett-gin","10":"pa_krajina-povodu-spanyolorszag","12":"first","13":"outofstock","14":"taxable","15":"shipping-taxable","16":"purchasable","17":"product-type-simple"},"acf":[],"yoast_head":"<!-- This site is optimized with the Yoast SEO plugin v27.0 - https:\/\/yoast.com\/product\/yoast-seo-wordpress\/ -->\n<title>Gin Cubical Mango 0,7l 37,5% - rumicon.sk<\/title>\n<meta name=\"robots\" content=\"index, follow, max-snippet:-1, max-image-preview:large, max-video-preview:-1\" \/>\n<link rel=\"canonical\" href=\"https:\/\/www.rumicon.sk\/hu\/produkt\/gin-cubical-mango-07l-375\/\" \/>\n<meta property=\"og:locale\" content=\"hu_HU\" \/>\n<meta property=\"og:type\" content=\"article\" \/>\n<meta property=\"og:title\" content=\"Gin Cubical Mango 0,7l 37,5% - rumicon.sk\" \/>\n<meta property=\"og:description\" content=\"A Cubical Mango egy t\u00f6k\u00e9letes gy\u00fcm\u00f6lcs\u00f6s narancsos gin, amely a legjobb min\u0151s\u00e9g\u0171 angol gabon\u00e1b\u00f3l k\u00e9sz\u00fcl. Ez a gin el\u0151sz\u00f6r h\u00e1rom k\u00fcl\u00f6n\u00e1ll\u00f3 lep\u00e1rl\u00e1si folyamaton megy kereszt\u00fcl. Ez egy sima \u00e9s \u00f6sszetett gin, k\u00f6sz\u00f6nhet\u0151en az olyan botanikai anyagok egyens\u00faly\u00e1nak, mint a bor\u00f3ka, a bergamott, az \u00e9des narancs \u00e9s a v\u00e1logatott tr\u00f3pusi gy\u00fcm\u00f6lcs\u00f6k, k\u00fcl\u00f6n\u00f6sen a mang\u00f3, amely a [...]\" \/>\n<meta property=\"og:url\" content=\"https:\/\/www.rumicon.sk\/hu\/produkt\/gin-cubical-mango-07l-375\/\" \/>\n<meta property=\"og:site_name\" content=\"rumicon.sk\" \/>\n<meta property=\"article:publisher\" content=\"https:\/\/www.facebook.com\/people\/Rumicon-Bottle-Cigar-Shop\/100087110283303\/\" \/>\n<meta property=\"article:modified_time\" content=\"2025-08-14T09:49:29+00:00\" \/>\n<meta property=\"og:image\" content=\"https:\/\/www.rumicon.sk\/wp-content\/uploads\/1465035801-400x400-1.jpg\" \/>\n\t<meta property=\"og:image:width\" content=\"400\" \/>\n\t<meta property=\"og:image:height\" content=\"400\" \/>\n\t<meta property=\"og:image:type\" content=\"image\/jpeg\" \/>\n<meta name=\"twitter:card\" content=\"summary_large_image\" \/>\n<meta name=\"twitter:label1\" content=\"Becs\u00fclt olvas\u00e1si id\u0151\" \/>\n\t<meta name=\"twitter:data1\" content=\"1 perc\" \/>\n<script type=\"application\/ld+json\" class=\"yoast-schema-graph\">{\"@context\":\"https:\/\/schema.org\",\"@graph\":[{\"@type\":\"WebPage\",\"@id\":\"https:\/\/www.rumicon.sk\/hu\/produkt\/gin-cubical-mango-07l-375\/\",\"url\":\"https:\/\/www.rumicon.sk\/hu\/produkt\/gin-cubical-mango-07l-375\/\",\"name\":\"Gin Cubical Mango 0,7l 37,5% - rumicon.sk\",\"isPartOf\":{\"@id\":\"https:\/\/www.rumicon.sk\/hu\/#website\"},\"primaryImageOfPage\":{\"@id\":\"https:\/\/www.rumicon.sk\/hu\/produkt\/gin-cubical-mango-07l-375\/#primaryimage\"},\"image\":{\"@id\":\"https:\/\/www.rumicon.sk\/hu\/produkt\/gin-cubical-mango-07l-375\/#primaryimage\"},\"thumbnailUrl\":\"https:\/\/www.rumicon.sk\/wp-content\/uploads\/1465035801-400x400-1.jpg\",\"datePublished\":\"2024-01-19T12:52:05+00:00\",\"dateModified\":\"2025-08-14T09:49:29+00:00\",\"breadcrumb\":{\"@id\":\"https:\/\/www.rumicon.sk\/hu\/produkt\/gin-cubical-mango-07l-375\/#breadcrumb\"},\"inLanguage\":\"hu\",\"potentialAction\":[{\"@type\":\"ReadAction\",\"target\":[\"https:\/\/www.rumicon.sk\/hu\/produkt\/gin-cubical-mango-07l-375\/\"]}]},{\"@type\":\"ImageObject\",\"inLanguage\":\"hu\",\"@id\":\"https:\/\/www.rumicon.sk\/hu\/produkt\/gin-cubical-mango-07l-375\/#primaryimage\",\"url\":\"https:\/\/www.rumicon.sk\/wp-content\/uploads\/1465035801-400x400-1.jpg\",\"contentUrl\":\"https:\/\/www.rumicon.sk\/wp-content\/uploads\/1465035801-400x400-1.jpg\",\"width\":400,\"height\":400,\"caption\":\"Cubical Mango Gin 0,7\u202fl 37,5\u202f%\"},{\"@type\":\"BreadcrumbList\",\"@id\":\"https:\/\/www.rumicon.sk\/hu\/produkt\/gin-cubical-mango-07l-375\/#breadcrumb\",\"itemListElement\":[{\"@type\":\"ListItem\",\"position\":1,\"name\":\"Home\",\"item\":\"https:\/\/www.rumicon.sk\/hu\/home\/\"},{\"@type\":\"ListItem\",\"position\":2,\"name\":\"Web\u00e1ruh\u00e1z\",\"item\":\"https:\/\/www.rumicon.sk\/hu\/webaruhaz\/\"},{\"@type\":\"ListItem\",\"position\":3,\"name\":\"Gin Cubical Mango 0,7l 37,5%\"}]},{\"@type\":\"WebSite\",\"@id\":\"https:\/\/www.rumicon.sk\/hu\/#website\",\"url\":\"https:\/\/www.rumicon.sk\/hu\/\",\"name\":\"rumicon.sk\",\"description\":\"\",\"publisher\":{\"@id\":\"https:\/\/www.rumicon.sk\/hu\/#organization\"},\"potentialAction\":[{\"@type\":\"SearchAction\",\"target\":{\"@type\":\"EntryPoint\",\"urlTemplate\":\"https:\/\/www.rumicon.sk\/hu\/?s={search_term_string}\"},\"query-input\":{\"@type\":\"PropertyValueSpecification\",\"valueRequired\":true,\"valueName\":\"search_term_string\"}}],\"inLanguage\":\"hu\"},{\"@type\":\"Organization\",\"@id\":\"https:\/\/www.rumicon.sk\/hu\/#organization\",\"name\":\"rumicon.sk\",\"url\":\"https:\/\/www.rumicon.sk\/hu\/\",\"logo\":{\"@type\":\"ImageObject\",\"inLanguage\":\"hu\",\"@id\":\"https:\/\/www.rumicon.sk\/hu\/#\/schema\/logo\/image\/\",\"url\":\"https:\/\/www.rumicon.sk\/wp-content\/uploads\/logo-rumicon-bcs-color.png\",\"contentUrl\":\"https:\/\/www.rumicon.sk\/wp-content\/uploads\/logo-rumicon-bcs-color.png\",\"width\":827,\"height\":278,\"caption\":\"rumicon.sk\"},\"image\":{\"@id\":\"https:\/\/www.rumicon.sk\/hu\/#\/schema\/logo\/image\/\"},\"sameAs\":[\"https:\/\/www.facebook.com\/people\/Rumicon-Bottle-Cigar-Shop\/100087110283303\/\",\"https:\/\/www.instagram.com\/rumicon_bottle_cigar_shop\/\",\"https:\/\/www.tiktok.com\/@rumicon2022\"]}]}<\/script>\n<!-- \/ Yoast SEO plugin. -->","yoast_head_json":{"title":"Gin Cubical Mango 0,7l 37,5% - rumicon.sk","robots":{"index":"index","follow":"follow","max-snippet":"max-snippet:-1","max-image-preview":"max-image-preview:large","max-video-preview":"max-video-preview:-1"},"canonical":"https:\/\/www.rumicon.sk\/hu\/produkt\/gin-cubical-mango-07l-375\/","og_locale":"hu_HU","og_type":"article","og_title":"Gin Cubical Mango 0,7l 37,5% - rumicon.sk","og_description":"A Cubical Mango egy t\u00f6k\u00e9letes gy\u00fcm\u00f6lcs\u00f6s narancsos gin, amely a legjobb min\u0151s\u00e9g\u0171 angol gabon\u00e1b\u00f3l k\u00e9sz\u00fcl. Ez a gin el\u0151sz\u00f6r h\u00e1rom k\u00fcl\u00f6n\u00e1ll\u00f3 lep\u00e1rl\u00e1si folyamaton megy kereszt\u00fcl. Ez egy sima \u00e9s \u00f6sszetett gin, k\u00f6sz\u00f6nhet\u0151en az olyan botanikai anyagok egyens\u00faly\u00e1nak, mint a bor\u00f3ka, a bergamott, az \u00e9des narancs \u00e9s a v\u00e1logatott tr\u00f3pusi gy\u00fcm\u00f6lcs\u00f6k, k\u00fcl\u00f6n\u00f6sen a mang\u00f3, amely a [...]","og_url":"https:\/\/www.rumicon.sk\/hu\/produkt\/gin-cubical-mango-07l-375\/","og_site_name":"rumicon.sk","article_publisher":"https:\/\/www.facebook.com\/people\/Rumicon-Bottle-Cigar-Shop\/100087110283303\/","article_modified_time":"2025-08-14T09:49:29+00:00","og_image":[{"width":400,"height":400,"url":"https:\/\/www.rumicon.sk\/wp-content\/uploads\/1465035801-400x400-1.jpg","type":"image\/jpeg"}],"twitter_card":"summary_large_image","twitter_misc":{"Becs\u00fclt olvas\u00e1si id\u0151":"1 perc"},"schema":{"@context":"https:\/\/schema.org","@graph":[{"@type":"WebPage","@id":"https:\/\/www.rumicon.sk\/hu\/produkt\/gin-cubical-mango-07l-375\/","url":"https:\/\/www.rumicon.sk\/hu\/produkt\/gin-cubical-mango-07l-375\/","name":"Gin Cubical Mango 0,7l 37,5% - rumicon.sk","isPartOf":{"@id":"https:\/\/www.rumicon.sk\/hu\/#website"},"primaryImageOfPage":{"@id":"https:\/\/www.rumicon.sk\/hu\/produkt\/gin-cubical-mango-07l-375\/#primaryimage"},"image":{"@id":"https:\/\/www.rumicon.sk\/hu\/produkt\/gin-cubical-mango-07l-375\/#primaryimage"},"thumbnailUrl":"https:\/\/www.rumicon.sk\/wp-content\/uploads\/1465035801-400x400-1.jpg","datePublished":"2024-01-19T12:52:05+00:00","dateModified":"2025-08-14T09:49:29+00:00","breadcrumb":{"@id":"https:\/\/www.rumicon.sk\/hu\/produkt\/gin-cubical-mango-07l-375\/#breadcrumb"},"inLanguage":"hu","potentialAction":[{"@type":"ReadAction","target":["https:\/\/www.rumicon.sk\/hu\/produkt\/gin-cubical-mango-07l-375\/"]}]},{"@type":"ImageObject","inLanguage":"hu","@id":"https:\/\/www.rumicon.sk\/hu\/produkt\/gin-cubical-mango-07l-375\/#primaryimage","url":"https:\/\/www.rumicon.sk\/wp-content\/uploads\/1465035801-400x400-1.jpg","contentUrl":"https:\/\/www.rumicon.sk\/wp-content\/uploads\/1465035801-400x400-1.jpg","width":400,"height":400,"caption":"Cubical Mango Gin 0,7\u202fl 37,5\u202f%"},{"@type":"BreadcrumbList","@id":"https:\/\/www.rumicon.sk\/hu\/produkt\/gin-cubical-mango-07l-375\/#breadcrumb","itemListElement":[{"@type":"ListItem","position":1,"name":"Home","item":"https:\/\/www.rumicon.sk\/hu\/home\/"},{"@type":"ListItem","position":2,"name":"Web\u00e1ruh\u00e1z","item":"https:\/\/www.rumicon.sk\/hu\/webaruhaz\/"},{"@type":"ListItem","position":3,"name":"Gin Cubical Mango 0,7l 37,5%"}]},{"@type":"WebSite","@id":"https:\/\/www.rumicon.sk\/hu\/#website","url":"https:\/\/www.rumicon.sk\/hu\/","name":"rumicon.sk","description":"","publisher":{"@id":"https:\/\/www.rumicon.sk\/hu\/#organization"},"potentialAction":[{"@type":"SearchAction","target":{"@type":"EntryPoint","urlTemplate":"https:\/\/www.rumicon.sk\/hu\/?s={search_term_string}"},"query-input":{"@type":"PropertyValueSpecification","valueRequired":true,"valueName":"search_term_string"}}],"inLanguage":"hu"},{"@type":"Organization","@id":"https:\/\/www.rumicon.sk\/hu\/#organization","name":"rumicon.sk","url":"https:\/\/www.rumicon.sk\/hu\/","logo":{"@type":"ImageObject","inLanguage":"hu","@id":"https:\/\/www.rumicon.sk\/hu\/#\/schema\/logo\/image\/","url":"https:\/\/www.rumicon.sk\/wp-content\/uploads\/logo-rumicon-bcs-color.png","contentUrl":"https:\/\/www.rumicon.sk\/wp-content\/uploads\/logo-rumicon-bcs-color.png","width":827,"height":278,"caption":"rumicon.sk"},"image":{"@id":"https:\/\/www.rumicon.sk\/hu\/#\/schema\/logo\/image\/"},"sameAs":["https:\/\/www.facebook.com\/people\/Rumicon-Bottle-Cigar-Shop\/100087110283303\/","https:\/\/www.instagram.com\/rumicon_bottle_cigar_shop\/","https:\/\/www.tiktok.com\/@rumicon2022"]}]}},"_links":{"self":[{"href":"https:\/\/www.rumicon.sk\/hu\/wp-json\/wp\/v2\/product\/5859","targetHints":{"allow":["GET"]}}],"collection":[{"href":"https:\/\/www.rumicon.sk\/hu\/wp-json\/wp\/v2\/product"}],"about":[{"href":"https:\/\/www.rumicon.sk\/hu\/wp-json\/wp\/v2\/types\/product"}],"replies":[{"embeddable":true,"href":"https:\/\/www.rumicon.sk\/hu\/wp-json\/wp\/v2\/comments?post=5859"}],"wp:featuredmedia":[{"embeddable":true,"href":"https:\/\/www.rumicon.sk\/hu\/wp-json\/wp\/v2\/media\/5861"}],"wp:attachment":[{"href":"https:\/\/www.rumicon.sk\/hu\/wp-json\/wp\/v2\/media?parent=5859"}],"wp:term":[{"taxonomy":"product_brand","embeddable":true,"href":"https:\/\/www.rumicon.sk\/hu\/wp-json\/wp\/v2\/product_brand?post=5859"},{"taxonomy":"product_cat","embeddable":true,"href":"https:\/\/www.rumicon.sk\/hu\/wp-json\/wp\/v2\/product_cat?post=5859"},{"taxonomy":"product_tag","embeddable":true,"href":"https:\/\/www.rumicon.sk\/hu\/wp-json\/wp\/v2\/product_tag?post=5859"}],"curies":[{"name":"wp","href":"https:\/\/api.w.org\/{rel}","templated":true}]}}