{"id":5850,"date":"2024-03-15T16:37:05","date_gmt":"2024-03-15T15:37:05","guid":{"rendered":"https:\/\/www.rumicon.sk\/produkt\/santos-dumont-xo-07l-40\/"},"modified":"2025-08-14T11:49:47","modified_gmt":"2025-08-14T09:49:47","slug":"santos-dumont-xo-07l-40","status":"publish","type":"product","link":"https:\/\/www.rumicon.sk\/hu\/produkt\/santos-dumont-xo-07l-40\/","title":{"rendered":"Santos Dumont XO 0,7l 40%"},"content":{"rendered":"<p><strong>Sz\u00edn: <\/strong>borosty\u00e1n narancsos kiemelked\u00e9sekkel<strong><br \/>\nIllat<\/strong><strong>:<\/strong> ban\u00e1n, k\u00f3kusz, \u00e9rett gy\u00fcm\u00f6lcs\u00f6k, m\u00e9z, f\u0171szerek, csokol\u00e1d\u00e9<br \/>\n<strong>\u00cdz:<\/strong> fa, \u00e9szterek, m\u00e9z, erjesztett gy\u00fcm\u00f6lcs\u00f6k, k\u00f3kusz, b\u0151r<br \/>\n<strong>Finish:<\/strong> hossz\u00fa, enyh\u00e9n \u00e9les, f\u0171szerek, doh\u00e1ny, van\u00edlia, gy\u00fcm\u00f6lcs\u00f6k.<\/p>\n","protected":false},"excerpt":{"rendered":"<p>Ez a <strong>limit\u00e1lt kiad\u00e1s\u00fa<\/strong> pr\u00e9mium brazil <strong>Santos Dumont XO<\/strong> rum 100%-ban tiszta, sz\u0171z m\u00e9zes cukorn\u00e1db\u00f3l k\u00e9sz\u00fcl.<\/p>\n<p>R\u00e9zb\u0151l k\u00e9sz\u00fclt pot stillben desztill\u00e1lt\u00e1k. Ezt k\u00f6vet\u0151en k\u00fcl\u00f6nleges h\u00e1rmas \u00e9rlel\u00e9si m\u00f3dszerrel \u00e9rlelt\u00e9k r\u00e9gi <strong>ex-bourbon<\/strong>, <strong>ex-sherry <\/strong>Pedro Ximen\u00e9z \u00e9s <strong>ex-Porto <\/strong>fahord\u00f3kban. Minden egyes hord\u00f3t a Master Distiller k\u00fcl\u00f6nlegesen v\u00e1logatott \u00e9s palackozott.  <\/p>\n<p>Az \u00fcveg sz\u00e1mozott, \u00e9s rajta van a hord\u00f3 neve, amelyb\u0151l a rum sz\u00e1rmazik. Kellemes viszkozit\u00e1s\u00fa, vajas \u00e9rz\u00e9ssel a nyelven. <\/p>\n","protected":false},"featured_media":5852,"comment_status":"closed","ping_status":"closed","template":"","meta":{"_acf_changed":false},"product_brand":[],"product_cat":[483,485],"product_tag":[908,824,1135],"class_list":{"0":"post-5850","1":"product","2":"type-product","3":"status-publish","4":"has-post-thumbnail","6":"product_cat-rum-hu","7":"product_cat-sotet-rum","8":"product_tag-brazilia-rum-hu","9":"product_tag-santos-dumont-hu-2","10":"product_tag-sotet-rum","11":"pa_druh-alkoholu-rum-hu","12":"pa_krajina-povodu-brazilia-hu","13":"pa_objem-07-l-hu","14":"pa_obsah-alkoholu-438-hu","15":"pa_znacka-santos-dumont-hu","17":"first","18":"instock","19":"taxable","20":"shipping-taxable","21":"purchasable","22":"product-type-simple"},"acf":[],"yoast_head":"<!-- This site is optimized with the Yoast SEO plugin v27.0 - https:\/\/yoast.com\/product\/yoast-seo-wordpress\/ -->\n<title>Santos Dumont XO 0,7l 40% - rumicon.sk<\/title>\n<meta name=\"robots\" content=\"index, follow, max-snippet:-1, max-image-preview:large, max-video-preview:-1\" \/>\n<link rel=\"canonical\" href=\"https:\/\/www.rumicon.sk\/hu\/produkt\/santos-dumont-xo-07l-40\/\" \/>\n<meta property=\"og:locale\" content=\"hu_HU\" \/>\n<meta property=\"og:type\" content=\"article\" \/>\n<meta property=\"og:title\" content=\"Santos Dumont XO 0,7l 40% - rumicon.sk\" \/>\n<meta property=\"og:description\" content=\"Ez a limit\u00e1lt kiad\u00e1s\u00fa pr\u00e9mium brazil Santos Dumont XO rum 100%-ban tiszta, sz\u0171z m\u00e9zes cukorn\u00e1db\u00f3l k\u00e9sz\u00fcl. R\u00e9zb\u0151l k\u00e9sz\u00fclt pot stillben desztill\u00e1lt\u00e1k. Ezt k\u00f6vet\u0151en k\u00fcl\u00f6nleges h\u00e1rmas \u00e9rlel\u00e9si m\u00f3dszerrel \u00e9rlelt\u00e9k r\u00e9gi ex-bourbon, ex-sherry Pedro Ximen\u00e9z \u00e9s ex-Porto fahord\u00f3kban. Minden egyes hord\u00f3t a Master Distiller k\u00fcl\u00f6nlegesen v\u00e1logatott \u00e9s palackozott.  Az \u00fcveg sz\u00e1mozott, \u00e9s rajta van a hord\u00f3 neve, amelyb\u0151l a rum sz\u00e1rmazik. Kellemes viszkozit\u00e1s\u00fa, vajas \u00e9rz\u00e9ssel a nyelven.\" \/>\n<meta property=\"og:url\" content=\"https:\/\/www.rumicon.sk\/hu\/produkt\/santos-dumont-xo-07l-40\/\" \/>\n<meta property=\"og:site_name\" content=\"rumicon.sk\" \/>\n<meta property=\"article:publisher\" content=\"https:\/\/www.facebook.com\/people\/Rumicon-Bottle-Cigar-Shop\/100087110283303\/\" \/>\n<meta property=\"article:modified_time\" content=\"2025-08-14T09:49:47+00:00\" \/>\n<meta property=\"og:image\" content=\"https:\/\/www.rumicon.sk\/wp-content\/uploads\/af51239b963508832a60354409836803-mmf400x400.jpg\" \/>\n\t<meta property=\"og:image:width\" content=\"400\" \/>\n\t<meta property=\"og:image:height\" content=\"400\" \/>\n\t<meta property=\"og:image:type\" content=\"image\/jpeg\" \/>\n<meta name=\"twitter:card\" content=\"summary_large_image\" \/>\n<script type=\"application\/ld+json\" class=\"yoast-schema-graph\">{\"@context\":\"https:\/\/schema.org\",\"@graph\":[{\"@type\":\"WebPage\",\"@id\":\"https:\/\/www.rumicon.sk\/hu\/produkt\/santos-dumont-xo-07l-40\/\",\"url\":\"https:\/\/www.rumicon.sk\/hu\/produkt\/santos-dumont-xo-07l-40\/\",\"name\":\"Santos Dumont XO 0,7l 40% - rumicon.sk\",\"isPartOf\":{\"@id\":\"https:\/\/www.rumicon.sk\/hu\/#website\"},\"primaryImageOfPage\":{\"@id\":\"https:\/\/www.rumicon.sk\/hu\/produkt\/santos-dumont-xo-07l-40\/#primaryimage\"},\"image\":{\"@id\":\"https:\/\/www.rumicon.sk\/hu\/produkt\/santos-dumont-xo-07l-40\/#primaryimage\"},\"thumbnailUrl\":\"https:\/\/www.rumicon.sk\/wp-content\/uploads\/af51239b963508832a60354409836803-mmf400x400.jpg\",\"datePublished\":\"2024-03-15T15:37:05+00:00\",\"dateModified\":\"2025-08-14T09:49:47+00:00\",\"breadcrumb\":{\"@id\":\"https:\/\/www.rumicon.sk\/hu\/produkt\/santos-dumont-xo-07l-40\/#breadcrumb\"},\"inLanguage\":\"hu\",\"potentialAction\":[{\"@type\":\"ReadAction\",\"target\":[\"https:\/\/www.rumicon.sk\/hu\/produkt\/santos-dumont-xo-07l-40\/\"]}]},{\"@type\":\"ImageObject\",\"inLanguage\":\"hu\",\"@id\":\"https:\/\/www.rumicon.sk\/hu\/produkt\/santos-dumont-xo-07l-40\/#primaryimage\",\"url\":\"https:\/\/www.rumicon.sk\/wp-content\/uploads\/af51239b963508832a60354409836803-mmf400x400.jpg\",\"contentUrl\":\"https:\/\/www.rumicon.sk\/wp-content\/uploads\/af51239b963508832a60354409836803-mmf400x400.jpg\",\"width\":400,\"height\":400,\"caption\":\"Santos Dumont XO\"},{\"@type\":\"BreadcrumbList\",\"@id\":\"https:\/\/www.rumicon.sk\/hu\/produkt\/santos-dumont-xo-07l-40\/#breadcrumb\",\"itemListElement\":[{\"@type\":\"ListItem\",\"position\":1,\"name\":\"Home\",\"item\":\"https:\/\/www.rumicon.sk\/hu\/home\/\"},{\"@type\":\"ListItem\",\"position\":2,\"name\":\"Web\u00e1ruh\u00e1z\",\"item\":\"https:\/\/www.rumicon.sk\/hu\/webaruhaz\/\"},{\"@type\":\"ListItem\",\"position\":3,\"name\":\"Santos Dumont XO 0,7l 40%\"}]},{\"@type\":\"WebSite\",\"@id\":\"https:\/\/www.rumicon.sk\/hu\/#website\",\"url\":\"https:\/\/www.rumicon.sk\/hu\/\",\"name\":\"rumicon.sk\",\"description\":\"\",\"publisher\":{\"@id\":\"https:\/\/www.rumicon.sk\/hu\/#organization\"},\"potentialAction\":[{\"@type\":\"SearchAction\",\"target\":{\"@type\":\"EntryPoint\",\"urlTemplate\":\"https:\/\/www.rumicon.sk\/hu\/?s={search_term_string}\"},\"query-input\":{\"@type\":\"PropertyValueSpecification\",\"valueRequired\":true,\"valueName\":\"search_term_string\"}}],\"inLanguage\":\"hu\"},{\"@type\":\"Organization\",\"@id\":\"https:\/\/www.rumicon.sk\/hu\/#organization\",\"name\":\"rumicon.sk\",\"url\":\"https:\/\/www.rumicon.sk\/hu\/\",\"logo\":{\"@type\":\"ImageObject\",\"inLanguage\":\"hu\",\"@id\":\"https:\/\/www.rumicon.sk\/hu\/#\/schema\/logo\/image\/\",\"url\":\"https:\/\/www.rumicon.sk\/wp-content\/uploads\/logo-rumicon-bcs-color.png\",\"contentUrl\":\"https:\/\/www.rumicon.sk\/wp-content\/uploads\/logo-rumicon-bcs-color.png\",\"width\":827,\"height\":278,\"caption\":\"rumicon.sk\"},\"image\":{\"@id\":\"https:\/\/www.rumicon.sk\/hu\/#\/schema\/logo\/image\/\"},\"sameAs\":[\"https:\/\/www.facebook.com\/people\/Rumicon-Bottle-Cigar-Shop\/100087110283303\/\",\"https:\/\/www.instagram.com\/rumicon_bottle_cigar_shop\/\",\"https:\/\/www.tiktok.com\/@rumicon2022\"]}]}<\/script>\n<!-- \/ Yoast SEO plugin. -->","yoast_head_json":{"title":"Santos Dumont XO 0,7l 40% - rumicon.sk","robots":{"index":"index","follow":"follow","max-snippet":"max-snippet:-1","max-image-preview":"max-image-preview:large","max-video-preview":"max-video-preview:-1"},"canonical":"https:\/\/www.rumicon.sk\/hu\/produkt\/santos-dumont-xo-07l-40\/","og_locale":"hu_HU","og_type":"article","og_title":"Santos Dumont XO 0,7l 40% - rumicon.sk","og_description":"Ez a limit\u00e1lt kiad\u00e1s\u00fa pr\u00e9mium brazil Santos Dumont XO rum 100%-ban tiszta, sz\u0171z m\u00e9zes cukorn\u00e1db\u00f3l k\u00e9sz\u00fcl. R\u00e9zb\u0151l k\u00e9sz\u00fclt pot stillben desztill\u00e1lt\u00e1k. Ezt k\u00f6vet\u0151en k\u00fcl\u00f6nleges h\u00e1rmas \u00e9rlel\u00e9si m\u00f3dszerrel \u00e9rlelt\u00e9k r\u00e9gi ex-bourbon, ex-sherry Pedro Ximen\u00e9z \u00e9s ex-Porto fahord\u00f3kban. Minden egyes hord\u00f3t a Master Distiller k\u00fcl\u00f6nlegesen v\u00e1logatott \u00e9s palackozott.  Az \u00fcveg sz\u00e1mozott, \u00e9s rajta van a hord\u00f3 neve, amelyb\u0151l a rum sz\u00e1rmazik. Kellemes viszkozit\u00e1s\u00fa, vajas \u00e9rz\u00e9ssel a nyelven.","og_url":"https:\/\/www.rumicon.sk\/hu\/produkt\/santos-dumont-xo-07l-40\/","og_site_name":"rumicon.sk","article_publisher":"https:\/\/www.facebook.com\/people\/Rumicon-Bottle-Cigar-Shop\/100087110283303\/","article_modified_time":"2025-08-14T09:49:47+00:00","og_image":[{"width":400,"height":400,"url":"https:\/\/www.rumicon.sk\/wp-content\/uploads\/af51239b963508832a60354409836803-mmf400x400.jpg","type":"image\/jpeg"}],"twitter_card":"summary_large_image","schema":{"@context":"https:\/\/schema.org","@graph":[{"@type":"WebPage","@id":"https:\/\/www.rumicon.sk\/hu\/produkt\/santos-dumont-xo-07l-40\/","url":"https:\/\/www.rumicon.sk\/hu\/produkt\/santos-dumont-xo-07l-40\/","name":"Santos Dumont XO 0,7l 40% - rumicon.sk","isPartOf":{"@id":"https:\/\/www.rumicon.sk\/hu\/#website"},"primaryImageOfPage":{"@id":"https:\/\/www.rumicon.sk\/hu\/produkt\/santos-dumont-xo-07l-40\/#primaryimage"},"image":{"@id":"https:\/\/www.rumicon.sk\/hu\/produkt\/santos-dumont-xo-07l-40\/#primaryimage"},"thumbnailUrl":"https:\/\/www.rumicon.sk\/wp-content\/uploads\/af51239b963508832a60354409836803-mmf400x400.jpg","datePublished":"2024-03-15T15:37:05+00:00","dateModified":"2025-08-14T09:49:47+00:00","breadcrumb":{"@id":"https:\/\/www.rumicon.sk\/hu\/produkt\/santos-dumont-xo-07l-40\/#breadcrumb"},"inLanguage":"hu","potentialAction":[{"@type":"ReadAction","target":["https:\/\/www.rumicon.sk\/hu\/produkt\/santos-dumont-xo-07l-40\/"]}]},{"@type":"ImageObject","inLanguage":"hu","@id":"https:\/\/www.rumicon.sk\/hu\/produkt\/santos-dumont-xo-07l-40\/#primaryimage","url":"https:\/\/www.rumicon.sk\/wp-content\/uploads\/af51239b963508832a60354409836803-mmf400x400.jpg","contentUrl":"https:\/\/www.rumicon.sk\/wp-content\/uploads\/af51239b963508832a60354409836803-mmf400x400.jpg","width":400,"height":400,"caption":"Santos Dumont XO"},{"@type":"BreadcrumbList","@id":"https:\/\/www.rumicon.sk\/hu\/produkt\/santos-dumont-xo-07l-40\/#breadcrumb","itemListElement":[{"@type":"ListItem","position":1,"name":"Home","item":"https:\/\/www.rumicon.sk\/hu\/home\/"},{"@type":"ListItem","position":2,"name":"Web\u00e1ruh\u00e1z","item":"https:\/\/www.rumicon.sk\/hu\/webaruhaz\/"},{"@type":"ListItem","position":3,"name":"Santos Dumont XO 0,7l 40%"}]},{"@type":"WebSite","@id":"https:\/\/www.rumicon.sk\/hu\/#website","url":"https:\/\/www.rumicon.sk\/hu\/","name":"rumicon.sk","description":"","publisher":{"@id":"https:\/\/www.rumicon.sk\/hu\/#organization"},"potentialAction":[{"@type":"SearchAction","target":{"@type":"EntryPoint","urlTemplate":"https:\/\/www.rumicon.sk\/hu\/?s={search_term_string}"},"query-input":{"@type":"PropertyValueSpecification","valueRequired":true,"valueName":"search_term_string"}}],"inLanguage":"hu"},{"@type":"Organization","@id":"https:\/\/www.rumicon.sk\/hu\/#organization","name":"rumicon.sk","url":"https:\/\/www.rumicon.sk\/hu\/","logo":{"@type":"ImageObject","inLanguage":"hu","@id":"https:\/\/www.rumicon.sk\/hu\/#\/schema\/logo\/image\/","url":"https:\/\/www.rumicon.sk\/wp-content\/uploads\/logo-rumicon-bcs-color.png","contentUrl":"https:\/\/www.rumicon.sk\/wp-content\/uploads\/logo-rumicon-bcs-color.png","width":827,"height":278,"caption":"rumicon.sk"},"image":{"@id":"https:\/\/www.rumicon.sk\/hu\/#\/schema\/logo\/image\/"},"sameAs":["https:\/\/www.facebook.com\/people\/Rumicon-Bottle-Cigar-Shop\/100087110283303\/","https:\/\/www.instagram.com\/rumicon_bottle_cigar_shop\/","https:\/\/www.tiktok.com\/@rumicon2022"]}]}},"_links":{"self":[{"href":"https:\/\/www.rumicon.sk\/hu\/wp-json\/wp\/v2\/product\/5850","targetHints":{"allow":["GET"]}}],"collection":[{"href":"https:\/\/www.rumicon.sk\/hu\/wp-json\/wp\/v2\/product"}],"about":[{"href":"https:\/\/www.rumicon.sk\/hu\/wp-json\/wp\/v2\/types\/product"}],"replies":[{"embeddable":true,"href":"https:\/\/www.rumicon.sk\/hu\/wp-json\/wp\/v2\/comments?post=5850"}],"wp:featuredmedia":[{"embeddable":true,"href":"https:\/\/www.rumicon.sk\/hu\/wp-json\/wp\/v2\/media\/5852"}],"wp:attachment":[{"href":"https:\/\/www.rumicon.sk\/hu\/wp-json\/wp\/v2\/media?parent=5850"}],"wp:term":[{"taxonomy":"product_brand","embeddable":true,"href":"https:\/\/www.rumicon.sk\/hu\/wp-json\/wp\/v2\/product_brand?post=5850"},{"taxonomy":"product_cat","embeddable":true,"href":"https:\/\/www.rumicon.sk\/hu\/wp-json\/wp\/v2\/product_cat?post=5850"},{"taxonomy":"product_tag","embeddable":true,"href":"https:\/\/www.rumicon.sk\/hu\/wp-json\/wp\/v2\/product_tag?post=5850"}],"curies":[{"name":"wp","href":"https:\/\/api.w.org\/{rel}","templated":true}]}}