{"id":5847,"date":"2024-03-13T13:44:42","date_gmt":"2024-03-13T12:44:42","guid":{"rendered":"https:\/\/www.rumicon.sk\/produkt\/bacardi-carta-blanca-07-l-375\/"},"modified":"2025-08-14T11:49:37","modified_gmt":"2025-08-14T09:49:37","slug":"bacardi-carta-blanca-07-l-375","status":"publish","type":"product","link":"https:\/\/www.rumicon.sk\/hu\/produkt\/bacardi-carta-blanca-07-l-375\/","title":{"rendered":"Bacardi Carta Blanca 0,7 l 37,5%"},"content":{"rendered":"<p>A Bacardi Carta Blanca Rumnak \u00f6sszetett gy\u00e1rt\u00e1si folyamaton kell kereszt\u00fclmennie. Ahhoz, hogy tiszta legyen, <strong>n\u00e9gyszer<\/strong> kell <strong>desztill\u00e1lni.<\/strong> Ezt k\u00f6vet\u0151en <strong>\u00f6tsz\u00f6r<\/strong> <strong>sz\u0171rik fasz\u00e9nen kereszt\u00fcl<\/strong>, v\u00e9g\u00fcl pedig, hogy teljes arom\u00e1j\u00e1t kifejtse, egy \u00e9vig t\u00e1rolj\u00e1k <strong>amerikai feh\u00e9r t\u00f6lgyfahord\u00f3kban.<\/strong> \u00cdz\u00e9t tekintve a Bacardit mindenekel\u0151tt enyhe sz\u00e1razs\u00e1ga jellemzi, amelyet nagyon \u00e9des van\u00edlia\u00edz \u00e9s gy\u00fcm\u00f6lcs\u00f6s s\u00e1rgabarackos jegyek k\u00eds\u00e9rnek. A lecseng\u00e9s hossz\u00fa \u00e9s nagyon \u00e9des.  <\/p>\n<p><strong>Sz\u00edn:<\/strong> krist\u00e1lytiszta \u00e9s f\u00e9nyes<br \/>\n<strong>Illat:<\/strong> bambusz, citrus, agyag, k\u00f6rte, p\u00f6rk\u00f6lt mandula jegyei<br \/>\n<strong>\u00cdz:<\/strong> enyh\u00e9n \u00e9des, sz\u00e1raz, tiszta, citrus, karamell, fekete bors, van\u00edlia<\/p>\n","protected":false},"excerpt":{"rendered":"<p>A <strong>Bacardi Carta Blanca<\/strong> a Puerto Ric\u00f3-i Bacardi c\u00e9g legh\u00edresebb feh\u00e9r rumja. Ez egy nagyon k\u00f6nny\u0171, sz\u00e1raz rum, amely az eredeti <strong>Daiquiri<\/strong> ital kever\u00e9s\u00e9hez megfelel\u0151 <strong>.<\/strong> <\/p>\n<p>A vil\u00e1g legkelend\u0151bb szeszesitalm\u00e1rk\u00e1ja t\u00f6bb mint <strong>170<\/strong> orsz\u00e1gban \u00f6rvend n\u00e9pszer\u0171s\u00e9gnek. A Bacardi Carta Blanca <strong>1862-ben<\/strong> alakult, \u00e9s a mai napig figyelemre m\u00e9lt\u00f3 csal\u00e1di m\u00e1rka. <\/p>\n","protected":false},"featured_media":5849,"comment_status":"closed","ping_status":"closed","template":"","meta":{"_acf_changed":false},"product_brand":[],"product_cat":[483,507],"product_tag":[821,914],"class_list":{"0":"post-5847","1":"product","2":"type-product","3":"status-publish","4":"has-post-thumbnail","6":"product_cat-rum-hu","7":"product_cat-feher-rum","8":"product_tag-bacardi-hu-2","9":"product_tag-kuba-rum-hu","10":"pa_krajina-povodu-kuba-hu","11":"pa_obsah-alkoholu-375-hu","13":"first","14":"outofstock","15":"taxable","16":"shipping-taxable","17":"purchasable","18":"product-type-simple"},"acf":[],"yoast_head":"<!-- This site is optimized with the Yoast SEO plugin v27.0 - https:\/\/yoast.com\/product\/yoast-seo-wordpress\/ -->\n<title>Bacardi Carta Blanca 0,7 l 37,5% - rumicon.sk<\/title>\n<meta name=\"robots\" content=\"index, follow, max-snippet:-1, max-image-preview:large, max-video-preview:-1\" \/>\n<link rel=\"canonical\" href=\"https:\/\/www.rumicon.sk\/hu\/produkt\/bacardi-carta-blanca-07-l-375\/\" \/>\n<meta property=\"og:locale\" content=\"hu_HU\" \/>\n<meta property=\"og:type\" content=\"article\" \/>\n<meta property=\"og:title\" content=\"Bacardi Carta Blanca 0,7 l 37,5% - rumicon.sk\" \/>\n<meta property=\"og:description\" content=\"A Bacardi Carta Blanca a Puerto Ric\u00f3-i Bacardi c\u00e9g legh\u00edresebb feh\u00e9r rumja. Ez egy nagyon k\u00f6nny\u0171, sz\u00e1raz rum, amely az eredeti Daiquiri ital kever\u00e9s\u00e9hez megfelel\u0151 .  A vil\u00e1g legkelend\u0151bb szeszesitalm\u00e1rk\u00e1ja t\u00f6bb mint 170 orsz\u00e1gban \u00f6rvend n\u00e9pszer\u0171s\u00e9gnek. A Bacardi Carta Blanca 1862-ben alakult, \u00e9s a mai napig figyelemre m\u00e9lt\u00f3 csal\u00e1di m\u00e1rka.\" \/>\n<meta property=\"og:url\" content=\"https:\/\/www.rumicon.sk\/hu\/produkt\/bacardi-carta-blanca-07-l-375\/\" \/>\n<meta property=\"og:site_name\" content=\"rumicon.sk\" \/>\n<meta property=\"article:publisher\" content=\"https:\/\/www.facebook.com\/people\/Rumicon-Bottle-Cigar-Shop\/100087110283303\/\" \/>\n<meta property=\"article:modified_time\" content=\"2025-08-14T09:49:37+00:00\" \/>\n<meta property=\"og:image\" content=\"https:\/\/www.rumicon.sk\/wp-content\/uploads\/1294_w600_h600.jpg\" \/>\n\t<meta property=\"og:image:width\" content=\"600\" \/>\n\t<meta property=\"og:image:height\" content=\"600\" \/>\n\t<meta property=\"og:image:type\" content=\"image\/jpeg\" \/>\n<meta name=\"twitter:card\" content=\"summary_large_image\" \/>\n<meta name=\"twitter:label1\" content=\"Becs\u00fclt olvas\u00e1si id\u0151\" \/>\n\t<meta name=\"twitter:data1\" content=\"1 perc\" \/>\n<script type=\"application\/ld+json\" class=\"yoast-schema-graph\">{\"@context\":\"https:\/\/schema.org\",\"@graph\":[{\"@type\":\"WebPage\",\"@id\":\"https:\/\/www.rumicon.sk\/hu\/produkt\/bacardi-carta-blanca-07-l-375\/\",\"url\":\"https:\/\/www.rumicon.sk\/hu\/produkt\/bacardi-carta-blanca-07-l-375\/\",\"name\":\"Bacardi Carta Blanca 0,7 l 37,5% - rumicon.sk\",\"isPartOf\":{\"@id\":\"https:\/\/www.rumicon.sk\/hu\/#website\"},\"primaryImageOfPage\":{\"@id\":\"https:\/\/www.rumicon.sk\/hu\/produkt\/bacardi-carta-blanca-07-l-375\/#primaryimage\"},\"image\":{\"@id\":\"https:\/\/www.rumicon.sk\/hu\/produkt\/bacardi-carta-blanca-07-l-375\/#primaryimage\"},\"thumbnailUrl\":\"https:\/\/www.rumicon.sk\/wp-content\/uploads\/1294_w600_h600.jpg\",\"datePublished\":\"2024-03-13T12:44:42+00:00\",\"dateModified\":\"2025-08-14T09:49:37+00:00\",\"breadcrumb\":{\"@id\":\"https:\/\/www.rumicon.sk\/hu\/produkt\/bacardi-carta-blanca-07-l-375\/#breadcrumb\"},\"inLanguage\":\"hu\",\"potentialAction\":[{\"@type\":\"ReadAction\",\"target\":[\"https:\/\/www.rumicon.sk\/hu\/produkt\/bacardi-carta-blanca-07-l-375\/\"]}]},{\"@type\":\"ImageObject\",\"inLanguage\":\"hu\",\"@id\":\"https:\/\/www.rumicon.sk\/hu\/produkt\/bacardi-carta-blanca-07-l-375\/#primaryimage\",\"url\":\"https:\/\/www.rumicon.sk\/wp-content\/uploads\/1294_w600_h600.jpg\",\"contentUrl\":\"https:\/\/www.rumicon.sk\/wp-content\/uploads\/1294_w600_h600.jpg\",\"width\":600,\"height\":600},{\"@type\":\"BreadcrumbList\",\"@id\":\"https:\/\/www.rumicon.sk\/hu\/produkt\/bacardi-carta-blanca-07-l-375\/#breadcrumb\",\"itemListElement\":[{\"@type\":\"ListItem\",\"position\":1,\"name\":\"Home\",\"item\":\"https:\/\/www.rumicon.sk\/hu\/home\/\"},{\"@type\":\"ListItem\",\"position\":2,\"name\":\"Web\u00e1ruh\u00e1z\",\"item\":\"https:\/\/www.rumicon.sk\/hu\/webaruhaz\/\"},{\"@type\":\"ListItem\",\"position\":3,\"name\":\"Bacardi Carta Blanca 0,7 l 37,5%\"}]},{\"@type\":\"WebSite\",\"@id\":\"https:\/\/www.rumicon.sk\/hu\/#website\",\"url\":\"https:\/\/www.rumicon.sk\/hu\/\",\"name\":\"rumicon.sk\",\"description\":\"\",\"publisher\":{\"@id\":\"https:\/\/www.rumicon.sk\/hu\/#organization\"},\"potentialAction\":[{\"@type\":\"SearchAction\",\"target\":{\"@type\":\"EntryPoint\",\"urlTemplate\":\"https:\/\/www.rumicon.sk\/hu\/?s={search_term_string}\"},\"query-input\":{\"@type\":\"PropertyValueSpecification\",\"valueRequired\":true,\"valueName\":\"search_term_string\"}}],\"inLanguage\":\"hu\"},{\"@type\":\"Organization\",\"@id\":\"https:\/\/www.rumicon.sk\/hu\/#organization\",\"name\":\"rumicon.sk\",\"url\":\"https:\/\/www.rumicon.sk\/hu\/\",\"logo\":{\"@type\":\"ImageObject\",\"inLanguage\":\"hu\",\"@id\":\"https:\/\/www.rumicon.sk\/hu\/#\/schema\/logo\/image\/\",\"url\":\"https:\/\/www.rumicon.sk\/wp-content\/uploads\/logo-rumicon-bcs-color.png\",\"contentUrl\":\"https:\/\/www.rumicon.sk\/wp-content\/uploads\/logo-rumicon-bcs-color.png\",\"width\":827,\"height\":278,\"caption\":\"rumicon.sk\"},\"image\":{\"@id\":\"https:\/\/www.rumicon.sk\/hu\/#\/schema\/logo\/image\/\"},\"sameAs\":[\"https:\/\/www.facebook.com\/people\/Rumicon-Bottle-Cigar-Shop\/100087110283303\/\",\"https:\/\/www.instagram.com\/rumicon_bottle_cigar_shop\/\",\"https:\/\/www.tiktok.com\/@rumicon2022\"]}]}<\/script>\n<!-- \/ Yoast SEO plugin. -->","yoast_head_json":{"title":"Bacardi Carta Blanca 0,7 l 37,5% - rumicon.sk","robots":{"index":"index","follow":"follow","max-snippet":"max-snippet:-1","max-image-preview":"max-image-preview:large","max-video-preview":"max-video-preview:-1"},"canonical":"https:\/\/www.rumicon.sk\/hu\/produkt\/bacardi-carta-blanca-07-l-375\/","og_locale":"hu_HU","og_type":"article","og_title":"Bacardi Carta Blanca 0,7 l 37,5% - rumicon.sk","og_description":"A Bacardi Carta Blanca a Puerto Ric\u00f3-i Bacardi c\u00e9g legh\u00edresebb feh\u00e9r rumja. Ez egy nagyon k\u00f6nny\u0171, sz\u00e1raz rum, amely az eredeti Daiquiri ital kever\u00e9s\u00e9hez megfelel\u0151 .  A vil\u00e1g legkelend\u0151bb szeszesitalm\u00e1rk\u00e1ja t\u00f6bb mint 170 orsz\u00e1gban \u00f6rvend n\u00e9pszer\u0171s\u00e9gnek. A Bacardi Carta Blanca 1862-ben alakult, \u00e9s a mai napig figyelemre m\u00e9lt\u00f3 csal\u00e1di m\u00e1rka.","og_url":"https:\/\/www.rumicon.sk\/hu\/produkt\/bacardi-carta-blanca-07-l-375\/","og_site_name":"rumicon.sk","article_publisher":"https:\/\/www.facebook.com\/people\/Rumicon-Bottle-Cigar-Shop\/100087110283303\/","article_modified_time":"2025-08-14T09:49:37+00:00","og_image":[{"width":600,"height":600,"url":"https:\/\/www.rumicon.sk\/wp-content\/uploads\/1294_w600_h600.jpg","type":"image\/jpeg"}],"twitter_card":"summary_large_image","twitter_misc":{"Becs\u00fclt olvas\u00e1si id\u0151":"1 perc"},"schema":{"@context":"https:\/\/schema.org","@graph":[{"@type":"WebPage","@id":"https:\/\/www.rumicon.sk\/hu\/produkt\/bacardi-carta-blanca-07-l-375\/","url":"https:\/\/www.rumicon.sk\/hu\/produkt\/bacardi-carta-blanca-07-l-375\/","name":"Bacardi Carta Blanca 0,7 l 37,5% - rumicon.sk","isPartOf":{"@id":"https:\/\/www.rumicon.sk\/hu\/#website"},"primaryImageOfPage":{"@id":"https:\/\/www.rumicon.sk\/hu\/produkt\/bacardi-carta-blanca-07-l-375\/#primaryimage"},"image":{"@id":"https:\/\/www.rumicon.sk\/hu\/produkt\/bacardi-carta-blanca-07-l-375\/#primaryimage"},"thumbnailUrl":"https:\/\/www.rumicon.sk\/wp-content\/uploads\/1294_w600_h600.jpg","datePublished":"2024-03-13T12:44:42+00:00","dateModified":"2025-08-14T09:49:37+00:00","breadcrumb":{"@id":"https:\/\/www.rumicon.sk\/hu\/produkt\/bacardi-carta-blanca-07-l-375\/#breadcrumb"},"inLanguage":"hu","potentialAction":[{"@type":"ReadAction","target":["https:\/\/www.rumicon.sk\/hu\/produkt\/bacardi-carta-blanca-07-l-375\/"]}]},{"@type":"ImageObject","inLanguage":"hu","@id":"https:\/\/www.rumicon.sk\/hu\/produkt\/bacardi-carta-blanca-07-l-375\/#primaryimage","url":"https:\/\/www.rumicon.sk\/wp-content\/uploads\/1294_w600_h600.jpg","contentUrl":"https:\/\/www.rumicon.sk\/wp-content\/uploads\/1294_w600_h600.jpg","width":600,"height":600},{"@type":"BreadcrumbList","@id":"https:\/\/www.rumicon.sk\/hu\/produkt\/bacardi-carta-blanca-07-l-375\/#breadcrumb","itemListElement":[{"@type":"ListItem","position":1,"name":"Home","item":"https:\/\/www.rumicon.sk\/hu\/home\/"},{"@type":"ListItem","position":2,"name":"Web\u00e1ruh\u00e1z","item":"https:\/\/www.rumicon.sk\/hu\/webaruhaz\/"},{"@type":"ListItem","position":3,"name":"Bacardi Carta Blanca 0,7 l 37,5%"}]},{"@type":"WebSite","@id":"https:\/\/www.rumicon.sk\/hu\/#website","url":"https:\/\/www.rumicon.sk\/hu\/","name":"rumicon.sk","description":"","publisher":{"@id":"https:\/\/www.rumicon.sk\/hu\/#organization"},"potentialAction":[{"@type":"SearchAction","target":{"@type":"EntryPoint","urlTemplate":"https:\/\/www.rumicon.sk\/hu\/?s={search_term_string}"},"query-input":{"@type":"PropertyValueSpecification","valueRequired":true,"valueName":"search_term_string"}}],"inLanguage":"hu"},{"@type":"Organization","@id":"https:\/\/www.rumicon.sk\/hu\/#organization","name":"rumicon.sk","url":"https:\/\/www.rumicon.sk\/hu\/","logo":{"@type":"ImageObject","inLanguage":"hu","@id":"https:\/\/www.rumicon.sk\/hu\/#\/schema\/logo\/image\/","url":"https:\/\/www.rumicon.sk\/wp-content\/uploads\/logo-rumicon-bcs-color.png","contentUrl":"https:\/\/www.rumicon.sk\/wp-content\/uploads\/logo-rumicon-bcs-color.png","width":827,"height":278,"caption":"rumicon.sk"},"image":{"@id":"https:\/\/www.rumicon.sk\/hu\/#\/schema\/logo\/image\/"},"sameAs":["https:\/\/www.facebook.com\/people\/Rumicon-Bottle-Cigar-Shop\/100087110283303\/","https:\/\/www.instagram.com\/rumicon_bottle_cigar_shop\/","https:\/\/www.tiktok.com\/@rumicon2022"]}]}},"_links":{"self":[{"href":"https:\/\/www.rumicon.sk\/hu\/wp-json\/wp\/v2\/product\/5847","targetHints":{"allow":["GET"]}}],"collection":[{"href":"https:\/\/www.rumicon.sk\/hu\/wp-json\/wp\/v2\/product"}],"about":[{"href":"https:\/\/www.rumicon.sk\/hu\/wp-json\/wp\/v2\/types\/product"}],"replies":[{"embeddable":true,"href":"https:\/\/www.rumicon.sk\/hu\/wp-json\/wp\/v2\/comments?post=5847"}],"wp:featuredmedia":[{"embeddable":true,"href":"https:\/\/www.rumicon.sk\/hu\/wp-json\/wp\/v2\/media\/5849"}],"wp:attachment":[{"href":"https:\/\/www.rumicon.sk\/hu\/wp-json\/wp\/v2\/media?parent=5847"}],"wp:term":[{"taxonomy":"product_brand","embeddable":true,"href":"https:\/\/www.rumicon.sk\/hu\/wp-json\/wp\/v2\/product_brand?post=5847"},{"taxonomy":"product_cat","embeddable":true,"href":"https:\/\/www.rumicon.sk\/hu\/wp-json\/wp\/v2\/product_cat?post=5847"},{"taxonomy":"product_tag","embeddable":true,"href":"https:\/\/www.rumicon.sk\/hu\/wp-json\/wp\/v2\/product_tag?post=5847"}],"curies":[{"name":"wp","href":"https:\/\/api.w.org\/{rel}","templated":true}]}}