{"id":5843,"date":"2024-03-13T13:53:01","date_gmt":"2024-03-13T12:53:01","guid":{"rendered":"https:\/\/www.rumicon.sk\/produkt\/cognac-claude-chatelier-vsop-05l-40\/"},"modified":"2024-10-11T12:30:18","modified_gmt":"2024-10-11T10:30:18","slug":"cognac-claude-chatelier-vsop-05l-40","status":"publish","type":"product","link":"https:\/\/www.rumicon.sk\/hu\/produkt\/cognac-claude-chatelier-vsop-05l-40\/","title":{"rendered":"Cognac Claude Chatelier VSOP 0,5l 40%"},"content":{"rendered":"<p><strong>A Claude Chatelier VSOP konyakot<\/strong> akkor lehet a legjobban \u00e9lvezni, ha sz\u00e1nunk r\u00e1 egy kis id\u0151t. Szobah\u0151m\u00e9rs\u00e9klet\u0171 tulip\u00e1nos poharakban t\u00e1lalva digestifk\u00e9nt &#8211; ide\u00e1lis a h\u0171v\u00f6s est\u00e9ken.<br \/>\nS <strong>z\u00edn:<\/strong> borosty\u00e1nsz\u00edn\u0171, aranysz\u00edn\u0171 kiemelked\u00e9sekkel <strong>Illat:<\/strong> kellemesen arom\u00e1s illat, f\u0171szerek, doh\u00e1ny, b\u0151r \u00e9s sz\u0151l\u0151vir\u00e1g szokatlan harm\u00f3ni\u00e1j\u00e1val <strong>\u00cdz:<\/strong> sz\u00e1raz, gy\u00fcm\u00f6lcs\u00f6s, m\u00e9gis f\u0171szeres \u00edzek j\u00f3 strukt\u00far\u00e1val <strong>Finish:<\/strong> hossz\u00fa, \u0151szi f\u0171szeres jegyekkel <strong>D\u00edjaz\u00e1s:<\/strong> 92\/100 pont &#8211; Wine Enthusiast Magazine <\/p>\n","protected":false},"excerpt":{"rendered":"<p>A Claude Chatelier konyakot a legjobb Cognac Crus legjobb sz\u0151l\u0151\u00fcltetv\u00e9nyeir\u0151l sz\u00e1rmaz\u00f3 sz\u0151l\u0151b\u0151l k\u00e9sz\u00edtik. Kis, 25 hektoliteres r\u00e9zed\u00e9nyekben, r\u00e9gi, hagyom\u00e1nyos, h\u00e1zon bel\u00fcli m\u00f3dszerekkel desztill\u00e1lj\u00e1k. <\/p>\n","protected":false},"featured_media":5845,"comment_status":"closed","ping_status":"closed","template":"","meta":{"_acf_changed":false},"product_brand":[],"product_cat":[],"product_tag":[],"class_list":{"0":"post-5843","1":"product","2":"type-product","3":"status-publish","4":"has-post-thumbnail","7":"first","8":"outofstock","9":"taxable","10":"shipping-taxable","11":"purchasable","12":"product-type-simple"},"acf":[],"yoast_head":"<!-- This site is optimized with the Yoast SEO plugin v27.0 - https:\/\/yoast.com\/product\/yoast-seo-wordpress\/ -->\n<title>Cognac Claude Chatelier VSOP 0,5l 40% - rumicon.sk<\/title>\n<meta name=\"robots\" content=\"index, follow, max-snippet:-1, max-image-preview:large, max-video-preview:-1\" \/>\n<link rel=\"canonical\" href=\"https:\/\/www.rumicon.sk\/hu\/produkt\/cognac-claude-chatelier-vsop-05l-40\/\" \/>\n<meta property=\"og:locale\" content=\"hu_HU\" \/>\n<meta property=\"og:type\" content=\"article\" \/>\n<meta property=\"og:title\" content=\"Cognac Claude Chatelier VSOP 0,5l 40% - rumicon.sk\" \/>\n<meta property=\"og:description\" content=\"A Claude Chatelier konyakot a legjobb Cognac Crus legjobb sz\u0151l\u0151\u00fcltetv\u00e9nyeir\u0151l sz\u00e1rmaz\u00f3 sz\u0151l\u0151b\u0151l k\u00e9sz\u00edtik. Kis, 25 hektoliteres r\u00e9zed\u00e9nyekben, r\u00e9gi, hagyom\u00e1nyos, h\u00e1zon bel\u00fcli m\u00f3dszerekkel desztill\u00e1lj\u00e1k.\" \/>\n<meta property=\"og:url\" content=\"https:\/\/www.rumicon.sk\/hu\/produkt\/cognac-claude-chatelier-vsop-05l-40\/\" \/>\n<meta property=\"og:site_name\" content=\"rumicon.sk\" \/>\n<meta property=\"article:publisher\" content=\"https:\/\/www.facebook.com\/people\/Rumicon-Bottle-Cigar-Shop\/100087110283303\/\" \/>\n<meta property=\"article:modified_time\" content=\"2024-10-11T10:30:18+00:00\" \/>\n<meta property=\"og:image\" content=\"https:\/\/www.rumicon.sk\/wp-content\/uploads\/watermark-9896-1158-claude-chatelier-v-s-o-p-0-5l-40.webp\" \/>\n\t<meta property=\"og:image:width\" content=\"980\" \/>\n\t<meta property=\"og:image:height\" content=\"980\" \/>\n\t<meta property=\"og:image:type\" content=\"image\/webp\" \/>\n<meta name=\"twitter:card\" content=\"summary_large_image\" \/>\n<script type=\"application\/ld+json\" class=\"yoast-schema-graph\">{\"@context\":\"https:\/\/schema.org\",\"@graph\":[{\"@type\":\"WebPage\",\"@id\":\"https:\/\/www.rumicon.sk\/hu\/produkt\/cognac-claude-chatelier-vsop-05l-40\/\",\"url\":\"https:\/\/www.rumicon.sk\/hu\/produkt\/cognac-claude-chatelier-vsop-05l-40\/\",\"name\":\"Cognac Claude Chatelier VSOP 0,5l 40% - rumicon.sk\",\"isPartOf\":{\"@id\":\"https:\/\/www.rumicon.sk\/hu\/#website\"},\"primaryImageOfPage\":{\"@id\":\"https:\/\/www.rumicon.sk\/hu\/produkt\/cognac-claude-chatelier-vsop-05l-40\/#primaryimage\"},\"image\":{\"@id\":\"https:\/\/www.rumicon.sk\/hu\/produkt\/cognac-claude-chatelier-vsop-05l-40\/#primaryimage\"},\"thumbnailUrl\":\"https:\/\/www.rumicon.sk\/wp-content\/uploads\/watermark-9896-1158-claude-chatelier-v-s-o-p-0-5l-40.webp\",\"datePublished\":\"2024-03-13T12:53:01+00:00\",\"dateModified\":\"2024-10-11T10:30:18+00:00\",\"breadcrumb\":{\"@id\":\"https:\/\/www.rumicon.sk\/hu\/produkt\/cognac-claude-chatelier-vsop-05l-40\/#breadcrumb\"},\"inLanguage\":\"hu\",\"potentialAction\":[{\"@type\":\"ReadAction\",\"target\":[\"https:\/\/www.rumicon.sk\/hu\/produkt\/cognac-claude-chatelier-vsop-05l-40\/\"]}]},{\"@type\":\"ImageObject\",\"inLanguage\":\"hu\",\"@id\":\"https:\/\/www.rumicon.sk\/hu\/produkt\/cognac-claude-chatelier-vsop-05l-40\/#primaryimage\",\"url\":\"https:\/\/www.rumicon.sk\/wp-content\/uploads\/watermark-9896-1158-claude-chatelier-v-s-o-p-0-5l-40.webp\",\"contentUrl\":\"https:\/\/www.rumicon.sk\/wp-content\/uploads\/watermark-9896-1158-claude-chatelier-v-s-o-p-0-5l-40.webp\",\"width\":980,\"height\":980},{\"@type\":\"BreadcrumbList\",\"@id\":\"https:\/\/www.rumicon.sk\/hu\/produkt\/cognac-claude-chatelier-vsop-05l-40\/#breadcrumb\",\"itemListElement\":[{\"@type\":\"ListItem\",\"position\":1,\"name\":\"Home\",\"item\":\"https:\/\/www.rumicon.sk\/hu\/home\/\"},{\"@type\":\"ListItem\",\"position\":2,\"name\":\"Web\u00e1ruh\u00e1z\",\"item\":\"https:\/\/www.rumicon.sk\/hu\/webaruhaz\/\"},{\"@type\":\"ListItem\",\"position\":3,\"name\":\"Cognac Claude Chatelier VSOP 0,5l 40%\"}]},{\"@type\":\"WebSite\",\"@id\":\"https:\/\/www.rumicon.sk\/hu\/#website\",\"url\":\"https:\/\/www.rumicon.sk\/hu\/\",\"name\":\"rumicon.sk\",\"description\":\"\",\"publisher\":{\"@id\":\"https:\/\/www.rumicon.sk\/hu\/#organization\"},\"potentialAction\":[{\"@type\":\"SearchAction\",\"target\":{\"@type\":\"EntryPoint\",\"urlTemplate\":\"https:\/\/www.rumicon.sk\/hu\/?s={search_term_string}\"},\"query-input\":{\"@type\":\"PropertyValueSpecification\",\"valueRequired\":true,\"valueName\":\"search_term_string\"}}],\"inLanguage\":\"hu\"},{\"@type\":\"Organization\",\"@id\":\"https:\/\/www.rumicon.sk\/hu\/#organization\",\"name\":\"rumicon.sk\",\"url\":\"https:\/\/www.rumicon.sk\/hu\/\",\"logo\":{\"@type\":\"ImageObject\",\"inLanguage\":\"hu\",\"@id\":\"https:\/\/www.rumicon.sk\/hu\/#\/schema\/logo\/image\/\",\"url\":\"https:\/\/www.rumicon.sk\/wp-content\/uploads\/logo-rumicon-bcs-color.png\",\"contentUrl\":\"https:\/\/www.rumicon.sk\/wp-content\/uploads\/logo-rumicon-bcs-color.png\",\"width\":827,\"height\":278,\"caption\":\"rumicon.sk\"},\"image\":{\"@id\":\"https:\/\/www.rumicon.sk\/hu\/#\/schema\/logo\/image\/\"},\"sameAs\":[\"https:\/\/www.facebook.com\/people\/Rumicon-Bottle-Cigar-Shop\/100087110283303\/\",\"https:\/\/www.instagram.com\/rumicon_bottle_cigar_shop\/\",\"https:\/\/www.tiktok.com\/@rumicon2022\"]}]}<\/script>\n<!-- \/ Yoast SEO plugin. -->","yoast_head_json":{"title":"Cognac Claude Chatelier VSOP 0,5l 40% - rumicon.sk","robots":{"index":"index","follow":"follow","max-snippet":"max-snippet:-1","max-image-preview":"max-image-preview:large","max-video-preview":"max-video-preview:-1"},"canonical":"https:\/\/www.rumicon.sk\/hu\/produkt\/cognac-claude-chatelier-vsop-05l-40\/","og_locale":"hu_HU","og_type":"article","og_title":"Cognac Claude Chatelier VSOP 0,5l 40% - rumicon.sk","og_description":"A Claude Chatelier konyakot a legjobb Cognac Crus legjobb sz\u0151l\u0151\u00fcltetv\u00e9nyeir\u0151l sz\u00e1rmaz\u00f3 sz\u0151l\u0151b\u0151l k\u00e9sz\u00edtik. Kis, 25 hektoliteres r\u00e9zed\u00e9nyekben, r\u00e9gi, hagyom\u00e1nyos, h\u00e1zon bel\u00fcli m\u00f3dszerekkel desztill\u00e1lj\u00e1k.","og_url":"https:\/\/www.rumicon.sk\/hu\/produkt\/cognac-claude-chatelier-vsop-05l-40\/","og_site_name":"rumicon.sk","article_publisher":"https:\/\/www.facebook.com\/people\/Rumicon-Bottle-Cigar-Shop\/100087110283303\/","article_modified_time":"2024-10-11T10:30:18+00:00","og_image":[{"width":980,"height":980,"url":"https:\/\/www.rumicon.sk\/wp-content\/uploads\/watermark-9896-1158-claude-chatelier-v-s-o-p-0-5l-40.webp","type":"image\/webp"}],"twitter_card":"summary_large_image","schema":{"@context":"https:\/\/schema.org","@graph":[{"@type":"WebPage","@id":"https:\/\/www.rumicon.sk\/hu\/produkt\/cognac-claude-chatelier-vsop-05l-40\/","url":"https:\/\/www.rumicon.sk\/hu\/produkt\/cognac-claude-chatelier-vsop-05l-40\/","name":"Cognac Claude Chatelier VSOP 0,5l 40% - rumicon.sk","isPartOf":{"@id":"https:\/\/www.rumicon.sk\/hu\/#website"},"primaryImageOfPage":{"@id":"https:\/\/www.rumicon.sk\/hu\/produkt\/cognac-claude-chatelier-vsop-05l-40\/#primaryimage"},"image":{"@id":"https:\/\/www.rumicon.sk\/hu\/produkt\/cognac-claude-chatelier-vsop-05l-40\/#primaryimage"},"thumbnailUrl":"https:\/\/www.rumicon.sk\/wp-content\/uploads\/watermark-9896-1158-claude-chatelier-v-s-o-p-0-5l-40.webp","datePublished":"2024-03-13T12:53:01+00:00","dateModified":"2024-10-11T10:30:18+00:00","breadcrumb":{"@id":"https:\/\/www.rumicon.sk\/hu\/produkt\/cognac-claude-chatelier-vsop-05l-40\/#breadcrumb"},"inLanguage":"hu","potentialAction":[{"@type":"ReadAction","target":["https:\/\/www.rumicon.sk\/hu\/produkt\/cognac-claude-chatelier-vsop-05l-40\/"]}]},{"@type":"ImageObject","inLanguage":"hu","@id":"https:\/\/www.rumicon.sk\/hu\/produkt\/cognac-claude-chatelier-vsop-05l-40\/#primaryimage","url":"https:\/\/www.rumicon.sk\/wp-content\/uploads\/watermark-9896-1158-claude-chatelier-v-s-o-p-0-5l-40.webp","contentUrl":"https:\/\/www.rumicon.sk\/wp-content\/uploads\/watermark-9896-1158-claude-chatelier-v-s-o-p-0-5l-40.webp","width":980,"height":980},{"@type":"BreadcrumbList","@id":"https:\/\/www.rumicon.sk\/hu\/produkt\/cognac-claude-chatelier-vsop-05l-40\/#breadcrumb","itemListElement":[{"@type":"ListItem","position":1,"name":"Home","item":"https:\/\/www.rumicon.sk\/hu\/home\/"},{"@type":"ListItem","position":2,"name":"Web\u00e1ruh\u00e1z","item":"https:\/\/www.rumicon.sk\/hu\/webaruhaz\/"},{"@type":"ListItem","position":3,"name":"Cognac Claude Chatelier VSOP 0,5l 40%"}]},{"@type":"WebSite","@id":"https:\/\/www.rumicon.sk\/hu\/#website","url":"https:\/\/www.rumicon.sk\/hu\/","name":"rumicon.sk","description":"","publisher":{"@id":"https:\/\/www.rumicon.sk\/hu\/#organization"},"potentialAction":[{"@type":"SearchAction","target":{"@type":"EntryPoint","urlTemplate":"https:\/\/www.rumicon.sk\/hu\/?s={search_term_string}"},"query-input":{"@type":"PropertyValueSpecification","valueRequired":true,"valueName":"search_term_string"}}],"inLanguage":"hu"},{"@type":"Organization","@id":"https:\/\/www.rumicon.sk\/hu\/#organization","name":"rumicon.sk","url":"https:\/\/www.rumicon.sk\/hu\/","logo":{"@type":"ImageObject","inLanguage":"hu","@id":"https:\/\/www.rumicon.sk\/hu\/#\/schema\/logo\/image\/","url":"https:\/\/www.rumicon.sk\/wp-content\/uploads\/logo-rumicon-bcs-color.png","contentUrl":"https:\/\/www.rumicon.sk\/wp-content\/uploads\/logo-rumicon-bcs-color.png","width":827,"height":278,"caption":"rumicon.sk"},"image":{"@id":"https:\/\/www.rumicon.sk\/hu\/#\/schema\/logo\/image\/"},"sameAs":["https:\/\/www.facebook.com\/people\/Rumicon-Bottle-Cigar-Shop\/100087110283303\/","https:\/\/www.instagram.com\/rumicon_bottle_cigar_shop\/","https:\/\/www.tiktok.com\/@rumicon2022"]}]}},"_links":{"self":[{"href":"https:\/\/www.rumicon.sk\/hu\/wp-json\/wp\/v2\/product\/5843","targetHints":{"allow":["GET"]}}],"collection":[{"href":"https:\/\/www.rumicon.sk\/hu\/wp-json\/wp\/v2\/product"}],"about":[{"href":"https:\/\/www.rumicon.sk\/hu\/wp-json\/wp\/v2\/types\/product"}],"replies":[{"embeddable":true,"href":"https:\/\/www.rumicon.sk\/hu\/wp-json\/wp\/v2\/comments?post=5843"}],"wp:featuredmedia":[{"embeddable":true,"href":"https:\/\/www.rumicon.sk\/hu\/wp-json\/wp\/v2\/media\/5845"}],"wp:attachment":[{"href":"https:\/\/www.rumicon.sk\/hu\/wp-json\/wp\/v2\/media?parent=5843"}],"wp:term":[{"taxonomy":"product_brand","embeddable":true,"href":"https:\/\/www.rumicon.sk\/hu\/wp-json\/wp\/v2\/product_brand?post=5843"},{"taxonomy":"product_cat","embeddable":true,"href":"https:\/\/www.rumicon.sk\/hu\/wp-json\/wp\/v2\/product_cat?post=5843"},{"taxonomy":"product_tag","embeddable":true,"href":"https:\/\/www.rumicon.sk\/hu\/wp-json\/wp\/v2\/product_tag?post=5843"}],"curies":[{"name":"wp","href":"https:\/\/api.w.org\/{rel}","templated":true}]}}