{"id":5842,"date":"2024-04-09T10:47:54","date_gmt":"2024-04-09T08:47:54","guid":{"rendered":"https:\/\/www.rumicon.sk\/produkt\/1800-tequila-blanco-07l-38\/"},"modified":"2025-08-14T11:49:46","modified_gmt":"2025-08-14T09:49:46","slug":"1800-tequila-blanco-07l-38","status":"publish","type":"product","link":"https:\/\/www.rumicon.sk\/hu\/produkt\/1800-tequila-blanco-07l-38\/","title":{"rendered":"1800 Tequila Blanco 0,7l 38%"},"content":{"rendered":"<p>100% k\u00e9k ag\u00e1v\u00e9 <strong>1800 Tequila Blanco<\/strong> a <strong>Jose Cuerv\u00f3t\u00f3l<\/strong>. Ezt az 1800 blanco tequil\u00e1t <strong>15<\/strong> napig \u00e9rlelik <strong>amerikai t\u00f6lgyben<\/strong> \u00e9s egy kis mennyis\u00e9gben<strong> francia t\u00f6lgyben<\/strong> <strong>.<\/strong><\/p>\n<p>A tequila<strong> k\u00e9k Weber agav\u00e9b\u00f3l <\/strong>k\u00e9sz\u00fcl<strong>. <\/strong>A tequila l\u00e1gy, kiegyens\u00falyozott \u00edze, az \u00e9des gy\u00fcm\u00f6lcs\u00f6k \u00e9s f\u0171szerek jegyeivel \u00edzletes, tiszt\u00e1n, j\u00e9ggel felh\u00f6rpintve vagy<strong> kokt\u00e9lban<\/strong>.<\/p>\n<p><strong>A palackok 38%-os alkoholtartalommal vannak t\u00f6ltve.  <\/strong><\/p>\n<p>Az 1800 Blanco szinte kiz\u00e1r\u00f3lag kiv\u00e9telesen finom \u00edz\u00e9r\u0151l ismert. Az igazi el\u0151nye az, hogy ez az alkohol mennyire z\u00f6kken\u0151mentesen keveredik a <strong>margarita kever\u00e9kkel.<\/strong> <\/p>\n<p><strong>Sz\u00edn:<\/strong> krist\u00e1lytiszta<br \/>\n<strong>Illat<\/strong>: gy\u00fcm\u00f6lcs, f\u0171szerek, fekete bors<br \/>\n<strong>\u00cdz:<\/strong> kiegyens\u00falyozott, \u00e9des szilva, p\u00f6rk\u00f6lt f\u0171szerek<br \/>\n<strong>Befejez\u00e9s:<\/strong> k\u00f6zepesen hossz\u00fa, gy\u00fcm\u00f6lcs\u00f6s f\u0171szerek<\/p>\n","protected":false},"excerpt":{"rendered":"<p>100% k\u00e9k ag\u00e1v\u00e9 1800 Tequila Blanco a Jose Cuerv\u00f3t\u00f3l. Ezt az 1800 blanco tequil\u00e1t 15 napig \u00e9rlelik amerikai t\u00f6lgyben \u00e9s egy kis mennyis\u00e9gben francia t\u00f6lgyben . A tequila k\u00e9k Weber agav\u00e9b\u00f3l k\u00e9sz\u00fcl. A tequila l\u00e1gy, kiegyens\u00falyozott \u00edze, az \u00e9des gy\u00fcm\u00f6lcs\u00f6k \u00e9s f\u0171szerek jegyeivel \u00edzletes, tiszt\u00e1n, j\u00e9ggel felh\u00f6rpintve vagy kokt\u00e9lban. A palackok 38%-os alkoholtartalommal vannak t\u00f6ltve. [&#8230;]\n","protected":false},"featured_media":5844,"comment_status":"closed","ping_status":"closed","template":"","meta":{"_acf_changed":false},"product_brand":[],"product_cat":[571,579],"product_tag":[809],"class_list":{"0":"post-5842","1":"product","2":"type-product","3":"status-publish","4":"has-post-thumbnail","6":"product_cat-tequila-es-mezcal","7":"product_cat-tequila-hu","8":"product_tag-1800-hu","9":"pa_druh-alkoholu-tequila-hu","10":"pa_krajina-povodu-mexiko-hu","11":"pa_objem-07-l-hu","12":"pa_obsah-alkoholu-38-hu","14":"first","15":"instock","16":"taxable","17":"shipping-taxable","18":"purchasable","19":"product-type-simple"},"acf":[],"yoast_head":"<!-- This site is optimized with the Yoast SEO plugin v27.0 - https:\/\/yoast.com\/product\/yoast-seo-wordpress\/ -->\n<title>1800 Tequila Blanco 0,7l 38% - rumicon.sk<\/title>\n<meta name=\"robots\" content=\"index, follow, max-snippet:-1, max-image-preview:large, max-video-preview:-1\" \/>\n<link rel=\"canonical\" href=\"https:\/\/www.rumicon.sk\/hu\/produkt\/1800-tequila-blanco-07l-38\/\" \/>\n<meta property=\"og:locale\" content=\"hu_HU\" \/>\n<meta property=\"og:type\" content=\"article\" \/>\n<meta property=\"og:title\" content=\"1800 Tequila Blanco 0,7l 38% - rumicon.sk\" \/>\n<meta property=\"og:description\" content=\"100% k\u00e9k ag\u00e1v\u00e9 1800 Tequila Blanco a Jose Cuerv\u00f3t\u00f3l. Ezt az 1800 blanco tequil\u00e1t 15 napig \u00e9rlelik amerikai t\u00f6lgyben \u00e9s egy kis mennyis\u00e9gben francia t\u00f6lgyben . A tequila k\u00e9k Weber agav\u00e9b\u00f3l k\u00e9sz\u00fcl. A tequila l\u00e1gy, kiegyens\u00falyozott \u00edze, az \u00e9des gy\u00fcm\u00f6lcs\u00f6k \u00e9s f\u0171szerek jegyeivel \u00edzletes, tiszt\u00e1n, j\u00e9ggel felh\u00f6rpintve vagy kokt\u00e9lban. A palackok 38%-os alkoholtartalommal vannak t\u00f6ltve. [...]\" \/>\n<meta property=\"og:url\" content=\"https:\/\/www.rumicon.sk\/hu\/produkt\/1800-tequila-blanco-07l-38\/\" \/>\n<meta property=\"og:site_name\" content=\"rumicon.sk\" \/>\n<meta property=\"article:publisher\" content=\"https:\/\/www.facebook.com\/people\/Rumicon-Bottle-Cigar-Shop\/100087110283303\/\" \/>\n<meta property=\"article:modified_time\" content=\"2025-08-14T09:49:46+00:00\" \/>\n<meta property=\"og:image\" content=\"https:\/\/www.rumicon.sk\/wp-content\/uploads\/1800.jpg\" \/>\n\t<meta property=\"og:image:width\" content=\"400\" \/>\n\t<meta property=\"og:image:height\" content=\"400\" \/>\n\t<meta property=\"og:image:type\" content=\"image\/jpeg\" \/>\n<meta name=\"twitter:card\" content=\"summary_large_image\" \/>\n<meta name=\"twitter:label1\" content=\"Becs\u00fclt olvas\u00e1si id\u0151\" \/>\n\t<meta name=\"twitter:data1\" content=\"1 perc\" \/>\n<script type=\"application\/ld+json\" class=\"yoast-schema-graph\">{\"@context\":\"https:\/\/schema.org\",\"@graph\":[{\"@type\":\"WebPage\",\"@id\":\"https:\/\/www.rumicon.sk\/hu\/produkt\/1800-tequila-blanco-07l-38\/\",\"url\":\"https:\/\/www.rumicon.sk\/hu\/produkt\/1800-tequila-blanco-07l-38\/\",\"name\":\"1800 Tequila Blanco 0,7l 38% - rumicon.sk\",\"isPartOf\":{\"@id\":\"https:\/\/www.rumicon.sk\/hu\/#website\"},\"primaryImageOfPage\":{\"@id\":\"https:\/\/www.rumicon.sk\/hu\/produkt\/1800-tequila-blanco-07l-38\/#primaryimage\"},\"image\":{\"@id\":\"https:\/\/www.rumicon.sk\/hu\/produkt\/1800-tequila-blanco-07l-38\/#primaryimage\"},\"thumbnailUrl\":\"https:\/\/www.rumicon.sk\/wp-content\/uploads\/1800.jpg\",\"datePublished\":\"2024-04-09T08:47:54+00:00\",\"dateModified\":\"2025-08-14T09:49:46+00:00\",\"breadcrumb\":{\"@id\":\"https:\/\/www.rumicon.sk\/hu\/produkt\/1800-tequila-blanco-07l-38\/#breadcrumb\"},\"inLanguage\":\"hu\",\"potentialAction\":[{\"@type\":\"ReadAction\",\"target\":[\"https:\/\/www.rumicon.sk\/hu\/produkt\/1800-tequila-blanco-07l-38\/\"]}]},{\"@type\":\"ImageObject\",\"inLanguage\":\"hu\",\"@id\":\"https:\/\/www.rumicon.sk\/hu\/produkt\/1800-tequila-blanco-07l-38\/#primaryimage\",\"url\":\"https:\/\/www.rumicon.sk\/wp-content\/uploads\/1800.jpg\",\"contentUrl\":\"https:\/\/www.rumicon.sk\/wp-content\/uploads\/1800.jpg\",\"width\":400,\"height\":400,\"caption\":\"1800 Tequila Blanco\"},{\"@type\":\"BreadcrumbList\",\"@id\":\"https:\/\/www.rumicon.sk\/hu\/produkt\/1800-tequila-blanco-07l-38\/#breadcrumb\",\"itemListElement\":[{\"@type\":\"ListItem\",\"position\":1,\"name\":\"Home\",\"item\":\"https:\/\/www.rumicon.sk\/hu\/home\/\"},{\"@type\":\"ListItem\",\"position\":2,\"name\":\"Web\u00e1ruh\u00e1z\",\"item\":\"https:\/\/www.rumicon.sk\/hu\/webaruhaz\/\"},{\"@type\":\"ListItem\",\"position\":3,\"name\":\"1800 Tequila Blanco 0,7l 38%\"}]},{\"@type\":\"WebSite\",\"@id\":\"https:\/\/www.rumicon.sk\/hu\/#website\",\"url\":\"https:\/\/www.rumicon.sk\/hu\/\",\"name\":\"rumicon.sk\",\"description\":\"\",\"publisher\":{\"@id\":\"https:\/\/www.rumicon.sk\/hu\/#organization\"},\"potentialAction\":[{\"@type\":\"SearchAction\",\"target\":{\"@type\":\"EntryPoint\",\"urlTemplate\":\"https:\/\/www.rumicon.sk\/hu\/?s={search_term_string}\"},\"query-input\":{\"@type\":\"PropertyValueSpecification\",\"valueRequired\":true,\"valueName\":\"search_term_string\"}}],\"inLanguage\":\"hu\"},{\"@type\":\"Organization\",\"@id\":\"https:\/\/www.rumicon.sk\/hu\/#organization\",\"name\":\"rumicon.sk\",\"url\":\"https:\/\/www.rumicon.sk\/hu\/\",\"logo\":{\"@type\":\"ImageObject\",\"inLanguage\":\"hu\",\"@id\":\"https:\/\/www.rumicon.sk\/hu\/#\/schema\/logo\/image\/\",\"url\":\"https:\/\/www.rumicon.sk\/wp-content\/uploads\/logo-rumicon-bcs-color.png\",\"contentUrl\":\"https:\/\/www.rumicon.sk\/wp-content\/uploads\/logo-rumicon-bcs-color.png\",\"width\":827,\"height\":278,\"caption\":\"rumicon.sk\"},\"image\":{\"@id\":\"https:\/\/www.rumicon.sk\/hu\/#\/schema\/logo\/image\/\"},\"sameAs\":[\"https:\/\/www.facebook.com\/people\/Rumicon-Bottle-Cigar-Shop\/100087110283303\/\",\"https:\/\/www.instagram.com\/rumicon_bottle_cigar_shop\/\",\"https:\/\/www.tiktok.com\/@rumicon2022\"]}]}<\/script>\n<!-- \/ Yoast SEO plugin. -->","yoast_head_json":{"title":"1800 Tequila Blanco 0,7l 38% - rumicon.sk","robots":{"index":"index","follow":"follow","max-snippet":"max-snippet:-1","max-image-preview":"max-image-preview:large","max-video-preview":"max-video-preview:-1"},"canonical":"https:\/\/www.rumicon.sk\/hu\/produkt\/1800-tequila-blanco-07l-38\/","og_locale":"hu_HU","og_type":"article","og_title":"1800 Tequila Blanco 0,7l 38% - rumicon.sk","og_description":"100% k\u00e9k ag\u00e1v\u00e9 1800 Tequila Blanco a Jose Cuerv\u00f3t\u00f3l. Ezt az 1800 blanco tequil\u00e1t 15 napig \u00e9rlelik amerikai t\u00f6lgyben \u00e9s egy kis mennyis\u00e9gben francia t\u00f6lgyben . A tequila k\u00e9k Weber agav\u00e9b\u00f3l k\u00e9sz\u00fcl. A tequila l\u00e1gy, kiegyens\u00falyozott \u00edze, az \u00e9des gy\u00fcm\u00f6lcs\u00f6k \u00e9s f\u0171szerek jegyeivel \u00edzletes, tiszt\u00e1n, j\u00e9ggel felh\u00f6rpintve vagy kokt\u00e9lban. A palackok 38%-os alkoholtartalommal vannak t\u00f6ltve. [...]","og_url":"https:\/\/www.rumicon.sk\/hu\/produkt\/1800-tequila-blanco-07l-38\/","og_site_name":"rumicon.sk","article_publisher":"https:\/\/www.facebook.com\/people\/Rumicon-Bottle-Cigar-Shop\/100087110283303\/","article_modified_time":"2025-08-14T09:49:46+00:00","og_image":[{"width":400,"height":400,"url":"https:\/\/www.rumicon.sk\/wp-content\/uploads\/1800.jpg","type":"image\/jpeg"}],"twitter_card":"summary_large_image","twitter_misc":{"Becs\u00fclt olvas\u00e1si id\u0151":"1 perc"},"schema":{"@context":"https:\/\/schema.org","@graph":[{"@type":"WebPage","@id":"https:\/\/www.rumicon.sk\/hu\/produkt\/1800-tequila-blanco-07l-38\/","url":"https:\/\/www.rumicon.sk\/hu\/produkt\/1800-tequila-blanco-07l-38\/","name":"1800 Tequila Blanco 0,7l 38% - rumicon.sk","isPartOf":{"@id":"https:\/\/www.rumicon.sk\/hu\/#website"},"primaryImageOfPage":{"@id":"https:\/\/www.rumicon.sk\/hu\/produkt\/1800-tequila-blanco-07l-38\/#primaryimage"},"image":{"@id":"https:\/\/www.rumicon.sk\/hu\/produkt\/1800-tequila-blanco-07l-38\/#primaryimage"},"thumbnailUrl":"https:\/\/www.rumicon.sk\/wp-content\/uploads\/1800.jpg","datePublished":"2024-04-09T08:47:54+00:00","dateModified":"2025-08-14T09:49:46+00:00","breadcrumb":{"@id":"https:\/\/www.rumicon.sk\/hu\/produkt\/1800-tequila-blanco-07l-38\/#breadcrumb"},"inLanguage":"hu","potentialAction":[{"@type":"ReadAction","target":["https:\/\/www.rumicon.sk\/hu\/produkt\/1800-tequila-blanco-07l-38\/"]}]},{"@type":"ImageObject","inLanguage":"hu","@id":"https:\/\/www.rumicon.sk\/hu\/produkt\/1800-tequila-blanco-07l-38\/#primaryimage","url":"https:\/\/www.rumicon.sk\/wp-content\/uploads\/1800.jpg","contentUrl":"https:\/\/www.rumicon.sk\/wp-content\/uploads\/1800.jpg","width":400,"height":400,"caption":"1800 Tequila Blanco"},{"@type":"BreadcrumbList","@id":"https:\/\/www.rumicon.sk\/hu\/produkt\/1800-tequila-blanco-07l-38\/#breadcrumb","itemListElement":[{"@type":"ListItem","position":1,"name":"Home","item":"https:\/\/www.rumicon.sk\/hu\/home\/"},{"@type":"ListItem","position":2,"name":"Web\u00e1ruh\u00e1z","item":"https:\/\/www.rumicon.sk\/hu\/webaruhaz\/"},{"@type":"ListItem","position":3,"name":"1800 Tequila Blanco 0,7l 38%"}]},{"@type":"WebSite","@id":"https:\/\/www.rumicon.sk\/hu\/#website","url":"https:\/\/www.rumicon.sk\/hu\/","name":"rumicon.sk","description":"","publisher":{"@id":"https:\/\/www.rumicon.sk\/hu\/#organization"},"potentialAction":[{"@type":"SearchAction","target":{"@type":"EntryPoint","urlTemplate":"https:\/\/www.rumicon.sk\/hu\/?s={search_term_string}"},"query-input":{"@type":"PropertyValueSpecification","valueRequired":true,"valueName":"search_term_string"}}],"inLanguage":"hu"},{"@type":"Organization","@id":"https:\/\/www.rumicon.sk\/hu\/#organization","name":"rumicon.sk","url":"https:\/\/www.rumicon.sk\/hu\/","logo":{"@type":"ImageObject","inLanguage":"hu","@id":"https:\/\/www.rumicon.sk\/hu\/#\/schema\/logo\/image\/","url":"https:\/\/www.rumicon.sk\/wp-content\/uploads\/logo-rumicon-bcs-color.png","contentUrl":"https:\/\/www.rumicon.sk\/wp-content\/uploads\/logo-rumicon-bcs-color.png","width":827,"height":278,"caption":"rumicon.sk"},"image":{"@id":"https:\/\/www.rumicon.sk\/hu\/#\/schema\/logo\/image\/"},"sameAs":["https:\/\/www.facebook.com\/people\/Rumicon-Bottle-Cigar-Shop\/100087110283303\/","https:\/\/www.instagram.com\/rumicon_bottle_cigar_shop\/","https:\/\/www.tiktok.com\/@rumicon2022"]}]}},"_links":{"self":[{"href":"https:\/\/www.rumicon.sk\/hu\/wp-json\/wp\/v2\/product\/5842","targetHints":{"allow":["GET"]}}],"collection":[{"href":"https:\/\/www.rumicon.sk\/hu\/wp-json\/wp\/v2\/product"}],"about":[{"href":"https:\/\/www.rumicon.sk\/hu\/wp-json\/wp\/v2\/types\/product"}],"replies":[{"embeddable":true,"href":"https:\/\/www.rumicon.sk\/hu\/wp-json\/wp\/v2\/comments?post=5842"}],"wp:featuredmedia":[{"embeddable":true,"href":"https:\/\/www.rumicon.sk\/hu\/wp-json\/wp\/v2\/media\/5844"}],"wp:attachment":[{"href":"https:\/\/www.rumicon.sk\/hu\/wp-json\/wp\/v2\/media?parent=5842"}],"wp:term":[{"taxonomy":"product_brand","embeddable":true,"href":"https:\/\/www.rumicon.sk\/hu\/wp-json\/wp\/v2\/product_brand?post=5842"},{"taxonomy":"product_cat","embeddable":true,"href":"https:\/\/www.rumicon.sk\/hu\/wp-json\/wp\/v2\/product_cat?post=5842"},{"taxonomy":"product_tag","embeddable":true,"href":"https:\/\/www.rumicon.sk\/hu\/wp-json\/wp\/v2\/product_tag?post=5842"}],"curies":[{"name":"wp","href":"https:\/\/api.w.org\/{rel}","templated":true}]}}