{"id":5839,"date":"2024-03-15T16:28:52","date_gmt":"2024-03-15T15:28:52","guid":{"rendered":"https:\/\/www.rumicon.sk\/produkt\/a-h-riise-1888-koppenhaga-medal-07l-40\/"},"modified":"2025-08-14T11:49:46","modified_gmt":"2025-08-14T09:49:46","slug":"a-h-riise-1888-koppenhaga-medal-07l-40","status":"publish","type":"product","link":"https:\/\/www.rumicon.sk\/hu\/produkt\/a-h-riise-1888-koppenhaga-medal-07l-40\/","title":{"rendered":"A.H.Riise 1888 Koppenh\u00e1ga Medal 0,7l 40%"},"content":{"rendered":"<div class=\"sc-item\">\n<div class=\"sc-item__key\">Sz\u00edn: sima borosty\u00e1n<\/div>\n<\/div>\n<div class=\"sc-item\">\n<div class=\"sc-item__key\">Illat: vil\u00e1gos t\u00f6lgy, r\u00e9gi b\u0151r \u00e9s aszalt s\u00e1rgabarack<\/div>\n<\/div>\n<div class=\"sc-item\">\n<div class=\"sc-item__key\">\u00cdz: meleg\u00edt\u0151 f\u0171szerek, gy\u00f6mb\u00e9r \u00e9s narancsh\u00e9j, zselatinos cukork\u00e1k.<\/div>\n<\/div>\n<div class=\"sc-item\">\n<div class=\"sc-item__key\">Finish: aszalt gy\u00fcm\u00f6lcs\u00f6k \u00e9s r\u00e9gi, sherryben \u00e1ztatott fa<\/div>\n<\/div>\n","protected":false},"excerpt":{"rendered":"<p>Az <strong>A.H. Riise XO Reserve Copenhagen Rum<\/strong> egy k\u00fcl\u00f6nleges kiad\u00e1s\u00fa XO rum, amelyet az eredeti recept szerint k\u00e9sz\u00edtettek, amely a m\u00e1rka els\u0151 <strong>arany\u00e9rm\u00e9t<\/strong> hozta el az <strong>\u00c9szaki Ipari, Mez\u0151gazdas\u00e1gi \u00e9s M\u0171v\u00e9szeti Ki\u00e1ll\u00edt\u00e1son (Koppenh\u00e1ga, 1888)<\/strong>. A maga idej\u00e9ben ez a rangos ki\u00e1ll\u00edt\u00e1s olyan volt, mint ma a Google, amely lehet\u0151v\u00e9 tette sz\u00e1munkra, hogy megismerj\u00fck a tudom\u00e1ny, az ipar \u00e9s a mez\u0151gazdas\u00e1g innov\u00e1ci\u00f3it. <\/p>\n<p>Az A.H.Riise Copenhagen Medal pr\u00e9mium rum <strong>az Amerikai Virgin-szigetekr\u0151l \u00e9s K\u00f6z\u00e9p-Amerik\u00e1b\u00f3l sz\u00e1rmaz\u00f3 extra \u00e9rlelt rum borosty\u00e1nsz\u00edn\u0171 kever\u00e9k\u00e9n<\/strong> alapul. A rumok legfeljebb <strong>21 \u00e9vesek<\/strong>, de nem fiatalabbak <strong>7 \u00e9vn\u00e9l<\/strong>. Egyszer\u0171en az A.H. Riise \u00fajabb remekm\u0171vei k\u00f6z\u00e9 tartozik. Ennek a rumnak a nagyszer\u0171 \u00edzprofilja a f\u00e1b\u00f3l k\u00e9sz\u00fclt t\u00f6lgyfahord\u00f3kra eml\u00e9keztet, aszalt gy\u00fcm\u00f6lcs\u00f6kkel, meleg\u00edt\u0151 f\u0171szerekkel, ropog\u00f3s \u00e9s friss gy\u00f6mb\u00e9rrel, narancsh\u00e9jjal. \u00c9rezhet\u0151 lesz m\u00e9g egy enyhe b\u0151r, sherry \u00e9s \u00e9des zselatinos cukork\u00e1k \u00edze is. Ismerje meg \u00d6n is ezt a t\u00f6rt\u00e9nelmileg d\u00edjnyertes rumot!     <\/p>\n","protected":false},"featured_media":5841,"comment_status":"closed","ping_status":"closed","template":"","meta":{"_acf_changed":false},"product_brand":[],"product_cat":[483,485],"product_tag":[500,1135],"class_list":{"0":"post-5839","1":"product","2":"type-product","3":"status-publish","4":"has-post-thumbnail","6":"product_cat-rum-hu","7":"product_cat-sotet-rum","8":"product_tag-a-h-riise-hu","9":"product_tag-sotet-rum","10":"pa_druh-alkoholu-rum-hu","11":"pa_krajina-povodu-amerikai-virgin-szigetek","12":"pa_objem-07-l-hu","13":"pa_obsah-alkoholu-40-hu","14":"pa_znacka-a-h-riise-hu","16":"first","17":"instock","18":"taxable","19":"shipping-taxable","20":"purchasable","21":"product-type-simple"},"acf":[],"yoast_head":"<!-- This site is optimized with the Yoast SEO plugin v27.0 - https:\/\/yoast.com\/product\/yoast-seo-wordpress\/ -->\n<title>A.H.Riise 1888 Koppenh\u00e1ga Medal 0,7l 40% - rumicon.sk<\/title>\n<meta name=\"robots\" content=\"index, follow, max-snippet:-1, max-image-preview:large, max-video-preview:-1\" \/>\n<link rel=\"canonical\" href=\"https:\/\/www.rumicon.sk\/hu\/produkt\/a-h-riise-1888-koppenhaga-medal-07l-40\/\" \/>\n<meta property=\"og:locale\" content=\"hu_HU\" \/>\n<meta property=\"og:type\" content=\"article\" \/>\n<meta property=\"og:title\" content=\"A.H.Riise 1888 Koppenh\u00e1ga Medal 0,7l 40% - rumicon.sk\" \/>\n<meta property=\"og:description\" content=\"Az A.H. Riise XO Reserve Copenhagen Rum egy k\u00fcl\u00f6nleges kiad\u00e1s\u00fa XO rum, amelyet az eredeti recept szerint k\u00e9sz\u00edtettek, amely a m\u00e1rka els\u0151 arany\u00e9rm\u00e9t hozta el az \u00c9szaki Ipari, Mez\u0151gazdas\u00e1gi \u00e9s M\u0171v\u00e9szeti Ki\u00e1ll\u00edt\u00e1son (Koppenh\u00e1ga, 1888). A maga idej\u00e9ben ez a rangos ki\u00e1ll\u00edt\u00e1s olyan volt, mint ma a Google, amely lehet\u0151v\u00e9 tette sz\u00e1munkra, hogy megismerj\u00fck a tudom\u00e1ny, az ipar \u00e9s a mez\u0151gazdas\u00e1g innov\u00e1ci\u00f3it.  Az A.H.Riise Copenhagen Medal pr\u00e9mium rum az Amerikai Virgin-szigetekr\u0151l \u00e9s K\u00f6z\u00e9p-Amerik\u00e1b\u00f3l sz\u00e1rmaz\u00f3 extra \u00e9rlelt rum borosty\u00e1nsz\u00edn\u0171 kever\u00e9k\u00e9n alapul. A rumok legfeljebb 21 \u00e9vesek, de nem fiatalabbak 7 \u00e9vn\u00e9l. Egyszer\u0171en az A.H. Riise \u00fajabb remekm\u0171vei k\u00f6z\u00e9 tartozik. Ennek a rumnak a nagyszer\u0171 \u00edzprofilja a f\u00e1b\u00f3l k\u00e9sz\u00fclt t\u00f6lgyfahord\u00f3kra eml\u00e9keztet, aszalt gy\u00fcm\u00f6lcs\u00f6kkel, meleg\u00edt\u0151 f\u0171szerekkel, ropog\u00f3s \u00e9s friss gy\u00f6mb\u00e9rrel, narancsh\u00e9jjal. \u00c9rezhet\u0151 lesz m\u00e9g egy enyhe b\u0151r, sherry \u00e9s \u00e9des zselatinos cukork\u00e1k \u00edze is. Ismerje meg \u00d6n is ezt a t\u00f6rt\u00e9nelmileg d\u00edjnyertes rumot!\" \/>\n<meta property=\"og:url\" content=\"https:\/\/www.rumicon.sk\/hu\/produkt\/a-h-riise-1888-koppenhaga-medal-07l-40\/\" \/>\n<meta property=\"og:site_name\" content=\"rumicon.sk\" \/>\n<meta property=\"article:publisher\" content=\"https:\/\/www.facebook.com\/people\/Rumicon-Bottle-Cigar-Shop\/100087110283303\/\" \/>\n<meta property=\"article:modified_time\" content=\"2025-08-14T09:49:46+00:00\" \/>\n<meta property=\"og:image\" content=\"https:\/\/www.rumicon.sk\/wp-content\/uploads\/dbcce8e0ac925426c13d336ba0a4984c-mmf400x400.jpg\" \/>\n\t<meta property=\"og:image:width\" content=\"400\" \/>\n\t<meta property=\"og:image:height\" content=\"400\" \/>\n\t<meta property=\"og:image:type\" content=\"image\/jpeg\" \/>\n<meta name=\"twitter:card\" content=\"summary_large_image\" \/>\n<script type=\"application\/ld+json\" class=\"yoast-schema-graph\">{\"@context\":\"https:\/\/schema.org\",\"@graph\":[{\"@type\":\"WebPage\",\"@id\":\"https:\/\/www.rumicon.sk\/hu\/produkt\/a-h-riise-1888-koppenhaga-medal-07l-40\/\",\"url\":\"https:\/\/www.rumicon.sk\/hu\/produkt\/a-h-riise-1888-koppenhaga-medal-07l-40\/\",\"name\":\"A.H.Riise 1888 Koppenh\u00e1ga Medal 0,7l 40% - rumicon.sk\",\"isPartOf\":{\"@id\":\"https:\/\/www.rumicon.sk\/hu\/#website\"},\"primaryImageOfPage\":{\"@id\":\"https:\/\/www.rumicon.sk\/hu\/produkt\/a-h-riise-1888-koppenhaga-medal-07l-40\/#primaryimage\"},\"image\":{\"@id\":\"https:\/\/www.rumicon.sk\/hu\/produkt\/a-h-riise-1888-koppenhaga-medal-07l-40\/#primaryimage\"},\"thumbnailUrl\":\"https:\/\/www.rumicon.sk\/wp-content\/uploads\/dbcce8e0ac925426c13d336ba0a4984c-mmf400x400.jpg\",\"datePublished\":\"2024-03-15T15:28:52+00:00\",\"dateModified\":\"2025-08-14T09:49:46+00:00\",\"breadcrumb\":{\"@id\":\"https:\/\/www.rumicon.sk\/hu\/produkt\/a-h-riise-1888-koppenhaga-medal-07l-40\/#breadcrumb\"},\"inLanguage\":\"hu\",\"potentialAction\":[{\"@type\":\"ReadAction\",\"target\":[\"https:\/\/www.rumicon.sk\/hu\/produkt\/a-h-riise-1888-koppenhaga-medal-07l-40\/\"]}]},{\"@type\":\"ImageObject\",\"inLanguage\":\"hu\",\"@id\":\"https:\/\/www.rumicon.sk\/hu\/produkt\/a-h-riise-1888-koppenhaga-medal-07l-40\/#primaryimage\",\"url\":\"https:\/\/www.rumicon.sk\/wp-content\/uploads\/dbcce8e0ac925426c13d336ba0a4984c-mmf400x400.jpg\",\"contentUrl\":\"https:\/\/www.rumicon.sk\/wp-content\/uploads\/dbcce8e0ac925426c13d336ba0a4984c-mmf400x400.jpg\",\"width\":400,\"height\":400,\"caption\":\"A.H.Riise 1888 Copenhagen Medal 0,7l 40%\"},{\"@type\":\"BreadcrumbList\",\"@id\":\"https:\/\/www.rumicon.sk\/hu\/produkt\/a-h-riise-1888-koppenhaga-medal-07l-40\/#breadcrumb\",\"itemListElement\":[{\"@type\":\"ListItem\",\"position\":1,\"name\":\"Home\",\"item\":\"https:\/\/www.rumicon.sk\/hu\/home\/\"},{\"@type\":\"ListItem\",\"position\":2,\"name\":\"Web\u00e1ruh\u00e1z\",\"item\":\"https:\/\/www.rumicon.sk\/hu\/webaruhaz\/\"},{\"@type\":\"ListItem\",\"position\":3,\"name\":\"A.H.Riise 1888 Koppenh\u00e1ga Medal 0,7l 40%\"}]},{\"@type\":\"WebSite\",\"@id\":\"https:\/\/www.rumicon.sk\/hu\/#website\",\"url\":\"https:\/\/www.rumicon.sk\/hu\/\",\"name\":\"rumicon.sk\",\"description\":\"\",\"publisher\":{\"@id\":\"https:\/\/www.rumicon.sk\/hu\/#organization\"},\"potentialAction\":[{\"@type\":\"SearchAction\",\"target\":{\"@type\":\"EntryPoint\",\"urlTemplate\":\"https:\/\/www.rumicon.sk\/hu\/?s={search_term_string}\"},\"query-input\":{\"@type\":\"PropertyValueSpecification\",\"valueRequired\":true,\"valueName\":\"search_term_string\"}}],\"inLanguage\":\"hu\"},{\"@type\":\"Organization\",\"@id\":\"https:\/\/www.rumicon.sk\/hu\/#organization\",\"name\":\"rumicon.sk\",\"url\":\"https:\/\/www.rumicon.sk\/hu\/\",\"logo\":{\"@type\":\"ImageObject\",\"inLanguage\":\"hu\",\"@id\":\"https:\/\/www.rumicon.sk\/hu\/#\/schema\/logo\/image\/\",\"url\":\"https:\/\/www.rumicon.sk\/wp-content\/uploads\/logo-rumicon-bcs-color.png\",\"contentUrl\":\"https:\/\/www.rumicon.sk\/wp-content\/uploads\/logo-rumicon-bcs-color.png\",\"width\":827,\"height\":278,\"caption\":\"rumicon.sk\"},\"image\":{\"@id\":\"https:\/\/www.rumicon.sk\/hu\/#\/schema\/logo\/image\/\"},\"sameAs\":[\"https:\/\/www.facebook.com\/people\/Rumicon-Bottle-Cigar-Shop\/100087110283303\/\",\"https:\/\/www.instagram.com\/rumicon_bottle_cigar_shop\/\",\"https:\/\/www.tiktok.com\/@rumicon2022\"]}]}<\/script>\n<!-- \/ Yoast SEO plugin. -->","yoast_head_json":{"title":"A.H.Riise 1888 Koppenh\u00e1ga Medal 0,7l 40% - rumicon.sk","robots":{"index":"index","follow":"follow","max-snippet":"max-snippet:-1","max-image-preview":"max-image-preview:large","max-video-preview":"max-video-preview:-1"},"canonical":"https:\/\/www.rumicon.sk\/hu\/produkt\/a-h-riise-1888-koppenhaga-medal-07l-40\/","og_locale":"hu_HU","og_type":"article","og_title":"A.H.Riise 1888 Koppenh\u00e1ga Medal 0,7l 40% - rumicon.sk","og_description":"Az A.H. Riise XO Reserve Copenhagen Rum egy k\u00fcl\u00f6nleges kiad\u00e1s\u00fa XO rum, amelyet az eredeti recept szerint k\u00e9sz\u00edtettek, amely a m\u00e1rka els\u0151 arany\u00e9rm\u00e9t hozta el az \u00c9szaki Ipari, Mez\u0151gazdas\u00e1gi \u00e9s M\u0171v\u00e9szeti Ki\u00e1ll\u00edt\u00e1son (Koppenh\u00e1ga, 1888). A maga idej\u00e9ben ez a rangos ki\u00e1ll\u00edt\u00e1s olyan volt, mint ma a Google, amely lehet\u0151v\u00e9 tette sz\u00e1munkra, hogy megismerj\u00fck a tudom\u00e1ny, az ipar \u00e9s a mez\u0151gazdas\u00e1g innov\u00e1ci\u00f3it.  Az A.H.Riise Copenhagen Medal pr\u00e9mium rum az Amerikai Virgin-szigetekr\u0151l \u00e9s K\u00f6z\u00e9p-Amerik\u00e1b\u00f3l sz\u00e1rmaz\u00f3 extra \u00e9rlelt rum borosty\u00e1nsz\u00edn\u0171 kever\u00e9k\u00e9n alapul. A rumok legfeljebb 21 \u00e9vesek, de nem fiatalabbak 7 \u00e9vn\u00e9l. Egyszer\u0171en az A.H. Riise \u00fajabb remekm\u0171vei k\u00f6z\u00e9 tartozik. Ennek a rumnak a nagyszer\u0171 \u00edzprofilja a f\u00e1b\u00f3l k\u00e9sz\u00fclt t\u00f6lgyfahord\u00f3kra eml\u00e9keztet, aszalt gy\u00fcm\u00f6lcs\u00f6kkel, meleg\u00edt\u0151 f\u0171szerekkel, ropog\u00f3s \u00e9s friss gy\u00f6mb\u00e9rrel, narancsh\u00e9jjal. \u00c9rezhet\u0151 lesz m\u00e9g egy enyhe b\u0151r, sherry \u00e9s \u00e9des zselatinos cukork\u00e1k \u00edze is. Ismerje meg \u00d6n is ezt a t\u00f6rt\u00e9nelmileg d\u00edjnyertes rumot!","og_url":"https:\/\/www.rumicon.sk\/hu\/produkt\/a-h-riise-1888-koppenhaga-medal-07l-40\/","og_site_name":"rumicon.sk","article_publisher":"https:\/\/www.facebook.com\/people\/Rumicon-Bottle-Cigar-Shop\/100087110283303\/","article_modified_time":"2025-08-14T09:49:46+00:00","og_image":[{"width":400,"height":400,"url":"https:\/\/www.rumicon.sk\/wp-content\/uploads\/dbcce8e0ac925426c13d336ba0a4984c-mmf400x400.jpg","type":"image\/jpeg"}],"twitter_card":"summary_large_image","schema":{"@context":"https:\/\/schema.org","@graph":[{"@type":"WebPage","@id":"https:\/\/www.rumicon.sk\/hu\/produkt\/a-h-riise-1888-koppenhaga-medal-07l-40\/","url":"https:\/\/www.rumicon.sk\/hu\/produkt\/a-h-riise-1888-koppenhaga-medal-07l-40\/","name":"A.H.Riise 1888 Koppenh\u00e1ga Medal 0,7l 40% - rumicon.sk","isPartOf":{"@id":"https:\/\/www.rumicon.sk\/hu\/#website"},"primaryImageOfPage":{"@id":"https:\/\/www.rumicon.sk\/hu\/produkt\/a-h-riise-1888-koppenhaga-medal-07l-40\/#primaryimage"},"image":{"@id":"https:\/\/www.rumicon.sk\/hu\/produkt\/a-h-riise-1888-koppenhaga-medal-07l-40\/#primaryimage"},"thumbnailUrl":"https:\/\/www.rumicon.sk\/wp-content\/uploads\/dbcce8e0ac925426c13d336ba0a4984c-mmf400x400.jpg","datePublished":"2024-03-15T15:28:52+00:00","dateModified":"2025-08-14T09:49:46+00:00","breadcrumb":{"@id":"https:\/\/www.rumicon.sk\/hu\/produkt\/a-h-riise-1888-koppenhaga-medal-07l-40\/#breadcrumb"},"inLanguage":"hu","potentialAction":[{"@type":"ReadAction","target":["https:\/\/www.rumicon.sk\/hu\/produkt\/a-h-riise-1888-koppenhaga-medal-07l-40\/"]}]},{"@type":"ImageObject","inLanguage":"hu","@id":"https:\/\/www.rumicon.sk\/hu\/produkt\/a-h-riise-1888-koppenhaga-medal-07l-40\/#primaryimage","url":"https:\/\/www.rumicon.sk\/wp-content\/uploads\/dbcce8e0ac925426c13d336ba0a4984c-mmf400x400.jpg","contentUrl":"https:\/\/www.rumicon.sk\/wp-content\/uploads\/dbcce8e0ac925426c13d336ba0a4984c-mmf400x400.jpg","width":400,"height":400,"caption":"A.H.Riise 1888 Copenhagen Medal 0,7l 40%"},{"@type":"BreadcrumbList","@id":"https:\/\/www.rumicon.sk\/hu\/produkt\/a-h-riise-1888-koppenhaga-medal-07l-40\/#breadcrumb","itemListElement":[{"@type":"ListItem","position":1,"name":"Home","item":"https:\/\/www.rumicon.sk\/hu\/home\/"},{"@type":"ListItem","position":2,"name":"Web\u00e1ruh\u00e1z","item":"https:\/\/www.rumicon.sk\/hu\/webaruhaz\/"},{"@type":"ListItem","position":3,"name":"A.H.Riise 1888 Koppenh\u00e1ga Medal 0,7l 40%"}]},{"@type":"WebSite","@id":"https:\/\/www.rumicon.sk\/hu\/#website","url":"https:\/\/www.rumicon.sk\/hu\/","name":"rumicon.sk","description":"","publisher":{"@id":"https:\/\/www.rumicon.sk\/hu\/#organization"},"potentialAction":[{"@type":"SearchAction","target":{"@type":"EntryPoint","urlTemplate":"https:\/\/www.rumicon.sk\/hu\/?s={search_term_string}"},"query-input":{"@type":"PropertyValueSpecification","valueRequired":true,"valueName":"search_term_string"}}],"inLanguage":"hu"},{"@type":"Organization","@id":"https:\/\/www.rumicon.sk\/hu\/#organization","name":"rumicon.sk","url":"https:\/\/www.rumicon.sk\/hu\/","logo":{"@type":"ImageObject","inLanguage":"hu","@id":"https:\/\/www.rumicon.sk\/hu\/#\/schema\/logo\/image\/","url":"https:\/\/www.rumicon.sk\/wp-content\/uploads\/logo-rumicon-bcs-color.png","contentUrl":"https:\/\/www.rumicon.sk\/wp-content\/uploads\/logo-rumicon-bcs-color.png","width":827,"height":278,"caption":"rumicon.sk"},"image":{"@id":"https:\/\/www.rumicon.sk\/hu\/#\/schema\/logo\/image\/"},"sameAs":["https:\/\/www.facebook.com\/people\/Rumicon-Bottle-Cigar-Shop\/100087110283303\/","https:\/\/www.instagram.com\/rumicon_bottle_cigar_shop\/","https:\/\/www.tiktok.com\/@rumicon2022"]}]}},"_links":{"self":[{"href":"https:\/\/www.rumicon.sk\/hu\/wp-json\/wp\/v2\/product\/5839","targetHints":{"allow":["GET"]}}],"collection":[{"href":"https:\/\/www.rumicon.sk\/hu\/wp-json\/wp\/v2\/product"}],"about":[{"href":"https:\/\/www.rumicon.sk\/hu\/wp-json\/wp\/v2\/types\/product"}],"replies":[{"embeddable":true,"href":"https:\/\/www.rumicon.sk\/hu\/wp-json\/wp\/v2\/comments?post=5839"}],"wp:featuredmedia":[{"embeddable":true,"href":"https:\/\/www.rumicon.sk\/hu\/wp-json\/wp\/v2\/media\/5841"}],"wp:attachment":[{"href":"https:\/\/www.rumicon.sk\/hu\/wp-json\/wp\/v2\/media?parent=5839"}],"wp:term":[{"taxonomy":"product_brand","embeddable":true,"href":"https:\/\/www.rumicon.sk\/hu\/wp-json\/wp\/v2\/product_brand?post=5839"},{"taxonomy":"product_cat","embeddable":true,"href":"https:\/\/www.rumicon.sk\/hu\/wp-json\/wp\/v2\/product_cat?post=5839"},{"taxonomy":"product_tag","embeddable":true,"href":"https:\/\/www.rumicon.sk\/hu\/wp-json\/wp\/v2\/product_tag?post=5839"}],"curies":[{"name":"wp","href":"https:\/\/api.w.org\/{rel}","templated":true}]}}