{"id":5836,"date":"2024-04-16T14:22:02","date_gmt":"2024-04-16T12:22:02","guid":{"rendered":"https:\/\/www.rumicon.sk\/produkt\/panyolai-sargabarack-palinka-52-05l\/"},"modified":"2025-08-14T11:42:48","modified_gmt":"2025-08-14T09:42:48","slug":"panyolai-sargabarack-palinka-52-05l","status":"publish","type":"product","link":"https:\/\/www.rumicon.sk\/hu\/produkt\/panyolai-sargabarack-palinka-52-05l\/","title":{"rendered":"Panyolai S\u00e1rgabarack P\u00e1linka 52% 0,5l"},"content":{"rendered":"<p>A legjobb lep\u00e1rl\u00f3mesterek csak a legeg\u00e9szs\u00e9gesebb \u00e9s leg\u00edzletesebb s\u00e1rgabarackot \u00e9gett\u00e9k el a magyarorsz\u00e1gi helyi besz\u00e1ll\u00edt\u00f3kt\u00f3l, \u00edgy sz\u00fcletett meg a nagyszer\u0171 Panyolai S.Q. S\u00e1rgabarack! Ez a kiv\u00e1l\u00f3 gy\u00fcm\u00f6lcsp\u00e1rlat a maga 52%-\u00e1val t\u00f6k\u00e9letes &#8220;\u00e9getett bacilus&#8221;, \u00e9s mindent tud, amit egy igazi <em>barackp\u00e1link\u00e1nak<\/em> tudnia kell. Izgalmas \u00e9desk\u00e9s karakter\u00e9t intenz\u00edv illat eg\u00e9sz\u00edti ki a gy\u00fcm\u00f6lcs\u00f6s jegyekkel egy\u00fctt . Ez a gy\u00fcm\u00f6lcs\u00f6s p\u00e1rlat biztosan minden olyan l\u00e9leknek tetszeni fog, aki szereti az igazi magyart! Lepje meg \u00edzlel\u0151bimb\u00f3it \u00e9s \u00e9lvezze nagyszer\u0171 \u00e9des \u00e9telekkel.    <\/p>\n","protected":false},"excerpt":{"rendered":"<p>A legjobb lep\u00e1rl\u00f3mesterek csak a legeg\u00e9szs\u00e9gesebb \u00e9s leg\u00edzletesebb s\u00e1rgabarackot \u00e9gett\u00e9k el a magyarorsz\u00e1gi helyi besz\u00e1ll\u00edt\u00f3kt\u00f3l, \u00edgy sz\u00fcletett meg a nagyszer\u0171 Panyolai S.Q. S\u00e1rgabarack! Ez a kiv\u00e1l\u00f3 gy\u00fcm\u00f6lcsp\u00e1rlat a maga 52%-\u00e1val t\u00f6k\u00e9letes &#8220;\u00e9getett bacilus&#8221;, \u00e9s mindent tud, amit egy igazi barackp\u00e1link\u00e1nak tudnia kell. Izgalmas \u00e9desk\u00e9s karakter\u00e9t intenz\u00edv illat eg\u00e9sz\u00edti ki a gy\u00fcm\u00f6lcs\u00f6s jegyekkel egy\u00fctt . Ez [&#8230;]\n","protected":false},"featured_media":5837,"comment_status":"closed","ping_status":"closed","template":"","meta":{"_acf_changed":false},"product_brand":[],"product_cat":[593,680],"product_tag":[817],"class_list":{"0":"post-5836","1":"product","2":"type-product","3":"status-publish","4":"has-post-thumbnail","6":"product_cat-parlatok","7":"product_cat-barackpalinka","8":"product_tag-panyolai-hu-2","9":"pa_druh-alkoholu-desztillatum","10":"pa_krajina-povodu-magyarorszag","11":"pa_objem-05-l-hu","12":"pa_obsah-alkoholu-52-hu","13":"pa_znacka-panyolai-hu","15":"first","16":"instock","17":"taxable","18":"shipping-taxable","19":"purchasable","20":"product-type-simple"},"acf":[],"yoast_head":"<!-- This site is optimized with the Yoast SEO plugin v27.0 - https:\/\/yoast.com\/product\/yoast-seo-wordpress\/ -->\n<title>Panyolai S\u00e1rgabarack P\u00e1linka 52% 0,5l - rumicon.sk<\/title>\n<meta name=\"robots\" content=\"index, follow, max-snippet:-1, max-image-preview:large, max-video-preview:-1\" \/>\n<link rel=\"canonical\" href=\"https:\/\/www.rumicon.sk\/hu\/produkt\/panyolai-sargabarack-palinka-52-05l\/\" \/>\n<meta property=\"og:locale\" content=\"hu_HU\" \/>\n<meta property=\"og:type\" content=\"article\" \/>\n<meta property=\"og:title\" content=\"Panyolai S\u00e1rgabarack P\u00e1linka 52% 0,5l - rumicon.sk\" \/>\n<meta property=\"og:description\" content=\"A legjobb lep\u00e1rl\u00f3mesterek csak a legeg\u00e9szs\u00e9gesebb \u00e9s leg\u00edzletesebb s\u00e1rgabarackot \u00e9gett\u00e9k el a magyarorsz\u00e1gi helyi besz\u00e1ll\u00edt\u00f3kt\u00f3l, \u00edgy sz\u00fcletett meg a nagyszer\u0171 Panyolai S.Q. S\u00e1rgabarack! Ez a kiv\u00e1l\u00f3 gy\u00fcm\u00f6lcsp\u00e1rlat a maga 52%-\u00e1val t\u00f6k\u00e9letes &#8220;\u00e9getett bacilus&#8221;, \u00e9s mindent tud, amit egy igazi barackp\u00e1link\u00e1nak tudnia kell. Izgalmas \u00e9desk\u00e9s karakter\u00e9t intenz\u00edv illat eg\u00e9sz\u00edti ki a gy\u00fcm\u00f6lcs\u00f6s jegyekkel egy\u00fctt . Ez [...]\" \/>\n<meta property=\"og:url\" content=\"https:\/\/www.rumicon.sk\/hu\/produkt\/panyolai-sargabarack-palinka-52-05l\/\" \/>\n<meta property=\"og:site_name\" content=\"rumicon.sk\" \/>\n<meta property=\"article:publisher\" content=\"https:\/\/www.facebook.com\/people\/Rumicon-Bottle-Cigar-Shop\/100087110283303\/\" \/>\n<meta property=\"article:modified_time\" content=\"2025-08-14T09:42:48+00:00\" \/>\n<meta property=\"og:image\" content=\"https:\/\/www.rumicon.sk\/wp-content\/uploads\/barack.jpeg\" \/>\n\t<meta property=\"og:image:width\" content=\"1536\" \/>\n\t<meta property=\"og:image:height\" content=\"1920\" \/>\n\t<meta property=\"og:image:type\" content=\"image\/jpeg\" \/>\n<meta name=\"twitter:card\" content=\"summary_large_image\" \/>\n<meta name=\"twitter:label1\" content=\"Becs\u00fclt olvas\u00e1si id\u0151\" \/>\n\t<meta name=\"twitter:data1\" content=\"1 perc\" \/>\n<script type=\"application\/ld+json\" class=\"yoast-schema-graph\">{\"@context\":\"https:\/\/schema.org\",\"@graph\":[{\"@type\":\"WebPage\",\"@id\":\"https:\/\/www.rumicon.sk\/hu\/produkt\/panyolai-sargabarack-palinka-52-05l\/\",\"url\":\"https:\/\/www.rumicon.sk\/hu\/produkt\/panyolai-sargabarack-palinka-52-05l\/\",\"name\":\"Panyolai S\u00e1rgabarack P\u00e1linka 52% 0,5l - rumicon.sk\",\"isPartOf\":{\"@id\":\"https:\/\/www.rumicon.sk\/hu\/#website\"},\"primaryImageOfPage\":{\"@id\":\"https:\/\/www.rumicon.sk\/hu\/produkt\/panyolai-sargabarack-palinka-52-05l\/#primaryimage\"},\"image\":{\"@id\":\"https:\/\/www.rumicon.sk\/hu\/produkt\/panyolai-sargabarack-palinka-52-05l\/#primaryimage\"},\"thumbnailUrl\":\"https:\/\/www.rumicon.sk\/wp-content\/uploads\/barack.jpeg\",\"datePublished\":\"2024-04-16T12:22:02+00:00\",\"dateModified\":\"2025-08-14T09:42:48+00:00\",\"breadcrumb\":{\"@id\":\"https:\/\/www.rumicon.sk\/hu\/produkt\/panyolai-sargabarack-palinka-52-05l\/#breadcrumb\"},\"inLanguage\":\"hu\",\"potentialAction\":[{\"@type\":\"ReadAction\",\"target\":[\"https:\/\/www.rumicon.sk\/hu\/produkt\/panyolai-sargabarack-palinka-52-05l\/\"]}]},{\"@type\":\"ImageObject\",\"inLanguage\":\"hu\",\"@id\":\"https:\/\/www.rumicon.sk\/hu\/produkt\/panyolai-sargabarack-palinka-52-05l\/#primaryimage\",\"url\":\"https:\/\/www.rumicon.sk\/wp-content\/uploads\/barack.jpeg\",\"contentUrl\":\"https:\/\/www.rumicon.sk\/wp-content\/uploads\/barack.jpeg\",\"width\":1536,\"height\":1920},{\"@type\":\"BreadcrumbList\",\"@id\":\"https:\/\/www.rumicon.sk\/hu\/produkt\/panyolai-sargabarack-palinka-52-05l\/#breadcrumb\",\"itemListElement\":[{\"@type\":\"ListItem\",\"position\":1,\"name\":\"Home\",\"item\":\"https:\/\/www.rumicon.sk\/hu\/home\/\"},{\"@type\":\"ListItem\",\"position\":2,\"name\":\"Web\u00e1ruh\u00e1z\",\"item\":\"https:\/\/www.rumicon.sk\/hu\/webaruhaz\/\"},{\"@type\":\"ListItem\",\"position\":3,\"name\":\"Panyolai S\u00e1rgabarack P\u00e1linka 52% 0,5l\"}]},{\"@type\":\"WebSite\",\"@id\":\"https:\/\/www.rumicon.sk\/hu\/#website\",\"url\":\"https:\/\/www.rumicon.sk\/hu\/\",\"name\":\"rumicon.sk\",\"description\":\"\",\"publisher\":{\"@id\":\"https:\/\/www.rumicon.sk\/hu\/#organization\"},\"potentialAction\":[{\"@type\":\"SearchAction\",\"target\":{\"@type\":\"EntryPoint\",\"urlTemplate\":\"https:\/\/www.rumicon.sk\/hu\/?s={search_term_string}\"},\"query-input\":{\"@type\":\"PropertyValueSpecification\",\"valueRequired\":true,\"valueName\":\"search_term_string\"}}],\"inLanguage\":\"hu\"},{\"@type\":\"Organization\",\"@id\":\"https:\/\/www.rumicon.sk\/hu\/#organization\",\"name\":\"rumicon.sk\",\"url\":\"https:\/\/www.rumicon.sk\/hu\/\",\"logo\":{\"@type\":\"ImageObject\",\"inLanguage\":\"hu\",\"@id\":\"https:\/\/www.rumicon.sk\/hu\/#\/schema\/logo\/image\/\",\"url\":\"https:\/\/www.rumicon.sk\/wp-content\/uploads\/logo-rumicon-bcs-color.png\",\"contentUrl\":\"https:\/\/www.rumicon.sk\/wp-content\/uploads\/logo-rumicon-bcs-color.png\",\"width\":827,\"height\":278,\"caption\":\"rumicon.sk\"},\"image\":{\"@id\":\"https:\/\/www.rumicon.sk\/hu\/#\/schema\/logo\/image\/\"},\"sameAs\":[\"https:\/\/www.facebook.com\/people\/Rumicon-Bottle-Cigar-Shop\/100087110283303\/\",\"https:\/\/www.instagram.com\/rumicon_bottle_cigar_shop\/\",\"https:\/\/www.tiktok.com\/@rumicon2022\"]}]}<\/script>\n<!-- \/ Yoast SEO plugin. -->","yoast_head_json":{"title":"Panyolai S\u00e1rgabarack P\u00e1linka 52% 0,5l - rumicon.sk","robots":{"index":"index","follow":"follow","max-snippet":"max-snippet:-1","max-image-preview":"max-image-preview:large","max-video-preview":"max-video-preview:-1"},"canonical":"https:\/\/www.rumicon.sk\/hu\/produkt\/panyolai-sargabarack-palinka-52-05l\/","og_locale":"hu_HU","og_type":"article","og_title":"Panyolai S\u00e1rgabarack P\u00e1linka 52% 0,5l - rumicon.sk","og_description":"A legjobb lep\u00e1rl\u00f3mesterek csak a legeg\u00e9szs\u00e9gesebb \u00e9s leg\u00edzletesebb s\u00e1rgabarackot \u00e9gett\u00e9k el a magyarorsz\u00e1gi helyi besz\u00e1ll\u00edt\u00f3kt\u00f3l, \u00edgy sz\u00fcletett meg a nagyszer\u0171 Panyolai S.Q. S\u00e1rgabarack! Ez a kiv\u00e1l\u00f3 gy\u00fcm\u00f6lcsp\u00e1rlat a maga 52%-\u00e1val t\u00f6k\u00e9letes &#8220;\u00e9getett bacilus&#8221;, \u00e9s mindent tud, amit egy igazi barackp\u00e1link\u00e1nak tudnia kell. Izgalmas \u00e9desk\u00e9s karakter\u00e9t intenz\u00edv illat eg\u00e9sz\u00edti ki a gy\u00fcm\u00f6lcs\u00f6s jegyekkel egy\u00fctt . Ez [...]","og_url":"https:\/\/www.rumicon.sk\/hu\/produkt\/panyolai-sargabarack-palinka-52-05l\/","og_site_name":"rumicon.sk","article_publisher":"https:\/\/www.facebook.com\/people\/Rumicon-Bottle-Cigar-Shop\/100087110283303\/","article_modified_time":"2025-08-14T09:42:48+00:00","og_image":[{"width":1536,"height":1920,"url":"https:\/\/www.rumicon.sk\/wp-content\/uploads\/barack.jpeg","type":"image\/jpeg"}],"twitter_card":"summary_large_image","twitter_misc":{"Becs\u00fclt olvas\u00e1si id\u0151":"1 perc"},"schema":{"@context":"https:\/\/schema.org","@graph":[{"@type":"WebPage","@id":"https:\/\/www.rumicon.sk\/hu\/produkt\/panyolai-sargabarack-palinka-52-05l\/","url":"https:\/\/www.rumicon.sk\/hu\/produkt\/panyolai-sargabarack-palinka-52-05l\/","name":"Panyolai S\u00e1rgabarack P\u00e1linka 52% 0,5l - rumicon.sk","isPartOf":{"@id":"https:\/\/www.rumicon.sk\/hu\/#website"},"primaryImageOfPage":{"@id":"https:\/\/www.rumicon.sk\/hu\/produkt\/panyolai-sargabarack-palinka-52-05l\/#primaryimage"},"image":{"@id":"https:\/\/www.rumicon.sk\/hu\/produkt\/panyolai-sargabarack-palinka-52-05l\/#primaryimage"},"thumbnailUrl":"https:\/\/www.rumicon.sk\/wp-content\/uploads\/barack.jpeg","datePublished":"2024-04-16T12:22:02+00:00","dateModified":"2025-08-14T09:42:48+00:00","breadcrumb":{"@id":"https:\/\/www.rumicon.sk\/hu\/produkt\/panyolai-sargabarack-palinka-52-05l\/#breadcrumb"},"inLanguage":"hu","potentialAction":[{"@type":"ReadAction","target":["https:\/\/www.rumicon.sk\/hu\/produkt\/panyolai-sargabarack-palinka-52-05l\/"]}]},{"@type":"ImageObject","inLanguage":"hu","@id":"https:\/\/www.rumicon.sk\/hu\/produkt\/panyolai-sargabarack-palinka-52-05l\/#primaryimage","url":"https:\/\/www.rumicon.sk\/wp-content\/uploads\/barack.jpeg","contentUrl":"https:\/\/www.rumicon.sk\/wp-content\/uploads\/barack.jpeg","width":1536,"height":1920},{"@type":"BreadcrumbList","@id":"https:\/\/www.rumicon.sk\/hu\/produkt\/panyolai-sargabarack-palinka-52-05l\/#breadcrumb","itemListElement":[{"@type":"ListItem","position":1,"name":"Home","item":"https:\/\/www.rumicon.sk\/hu\/home\/"},{"@type":"ListItem","position":2,"name":"Web\u00e1ruh\u00e1z","item":"https:\/\/www.rumicon.sk\/hu\/webaruhaz\/"},{"@type":"ListItem","position":3,"name":"Panyolai S\u00e1rgabarack P\u00e1linka 52% 0,5l"}]},{"@type":"WebSite","@id":"https:\/\/www.rumicon.sk\/hu\/#website","url":"https:\/\/www.rumicon.sk\/hu\/","name":"rumicon.sk","description":"","publisher":{"@id":"https:\/\/www.rumicon.sk\/hu\/#organization"},"potentialAction":[{"@type":"SearchAction","target":{"@type":"EntryPoint","urlTemplate":"https:\/\/www.rumicon.sk\/hu\/?s={search_term_string}"},"query-input":{"@type":"PropertyValueSpecification","valueRequired":true,"valueName":"search_term_string"}}],"inLanguage":"hu"},{"@type":"Organization","@id":"https:\/\/www.rumicon.sk\/hu\/#organization","name":"rumicon.sk","url":"https:\/\/www.rumicon.sk\/hu\/","logo":{"@type":"ImageObject","inLanguage":"hu","@id":"https:\/\/www.rumicon.sk\/hu\/#\/schema\/logo\/image\/","url":"https:\/\/www.rumicon.sk\/wp-content\/uploads\/logo-rumicon-bcs-color.png","contentUrl":"https:\/\/www.rumicon.sk\/wp-content\/uploads\/logo-rumicon-bcs-color.png","width":827,"height":278,"caption":"rumicon.sk"},"image":{"@id":"https:\/\/www.rumicon.sk\/hu\/#\/schema\/logo\/image\/"},"sameAs":["https:\/\/www.facebook.com\/people\/Rumicon-Bottle-Cigar-Shop\/100087110283303\/","https:\/\/www.instagram.com\/rumicon_bottle_cigar_shop\/","https:\/\/www.tiktok.com\/@rumicon2022"]}]}},"_links":{"self":[{"href":"https:\/\/www.rumicon.sk\/hu\/wp-json\/wp\/v2\/product\/5836","targetHints":{"allow":["GET"]}}],"collection":[{"href":"https:\/\/www.rumicon.sk\/hu\/wp-json\/wp\/v2\/product"}],"about":[{"href":"https:\/\/www.rumicon.sk\/hu\/wp-json\/wp\/v2\/types\/product"}],"replies":[{"embeddable":true,"href":"https:\/\/www.rumicon.sk\/hu\/wp-json\/wp\/v2\/comments?post=5836"}],"wp:featuredmedia":[{"embeddable":true,"href":"https:\/\/www.rumicon.sk\/hu\/wp-json\/wp\/v2\/media\/5837"}],"wp:attachment":[{"href":"https:\/\/www.rumicon.sk\/hu\/wp-json\/wp\/v2\/media?parent=5836"}],"wp:term":[{"taxonomy":"product_brand","embeddable":true,"href":"https:\/\/www.rumicon.sk\/hu\/wp-json\/wp\/v2\/product_brand?post=5836"},{"taxonomy":"product_cat","embeddable":true,"href":"https:\/\/www.rumicon.sk\/hu\/wp-json\/wp\/v2\/product_cat?post=5836"},{"taxonomy":"product_tag","embeddable":true,"href":"https:\/\/www.rumicon.sk\/hu\/wp-json\/wp\/v2\/product_tag?post=5836"}],"curies":[{"name":"wp","href":"https:\/\/api.w.org\/{rel}","templated":true}]}}