{"id":5827,"date":"2024-05-03T17:12:34","date_gmt":"2024-05-03T15:12:34","guid":{"rendered":"https:\/\/www.rumicon.sk\/produkt\/chocomaze-3x3-szines-50g\/"},"modified":"2025-08-14T11:49:55","modified_gmt":"2025-08-14T09:49:55","slug":"chocomaze-3x3-szines-50g","status":"publish","type":"product","link":"https:\/\/www.rumicon.sk\/hu\/produkt\/chocomaze-3x3-szines-50g\/","title":{"rendered":"Chocomaze 3&#215;3 sz\u00ednes 50g"},"content":{"rendered":"<p>Egy h\u00e1rom sz\u00edn\u0171 kombin\u00e1ci\u00f3, amely gy\u00f6ny\u00f6r\u0171en n\u00e9z ki \u00e9s \u00edzletes.<\/p>\n<p>\u00d6SSZET\u00c9TEL:<\/p>\n<p>\u00c9tcsokol\u00e1d\u00e9 60% (kaka\u00f3massza, cukor, kaka\u00f3vaj, emulge\u00e1l\u00f3szer: <strong>sz\u00f3jalecitin<\/strong>, term\u00e9szetes bourbon van\u00edlia) &#8211; Z\u00f6ld \u00fcltetv\u00e9nyes k\u00e1v\u00e9, <strong>cukorsz\u00edv<\/strong> (cukor, <strong>b\u00fazakem\u00e9ny\u00edt\u0151<\/strong>,<strong> ehet\u0151 sz\u00ednez\u00e9k<\/strong>).<\/p>\n<p>Feh\u00e9r csokol\u00e1d\u00e9 28% (cukor, teljes <strong>tejpor<\/strong>, kaka\u00f3vaj, emulge\u00e1l\u00f3szer: <strong>sz\u00f3jalecitin<\/strong>, term\u00e9szetes van\u00edlia)- <strong>pek\u00e1ndi\u00f3<\/strong>, m\u00e1lnadarabok.<\/p>\n<p>Tejcsokol\u00e1d\u00e9 33,6% (cukor, kaka\u00f3massza, teljes <strong>tejpor<\/strong>, kaka\u00f3vaj, emulge\u00e1l\u00f3szer: <strong>sz\u00f3jalecitin<\/strong>, term\u00e9szetes van\u00edlia) &#8211; cseresznye, fah\u00e9j.<\/p>\n<p>S\u00faly: min. 50g<\/p>\n","protected":false},"excerpt":{"rendered":"<p>Egy h\u00e1rom sz\u00edn\u0171 kombin\u00e1ci\u00f3, amely gy\u00f6ny\u00f6r\u0171en n\u00e9z ki \u00e9s \u00edzletes. \u00d6SSZET\u00c9TEL: \u00c9tcsokol\u00e1d\u00e9 60% (kaka\u00f3massza, cukor, kaka\u00f3vaj, emulge\u00e1l\u00f3szer: sz\u00f3jalecitin, term\u00e9szetes bourbon van\u00edlia) &#8211; Z\u00f6ld \u00fcltetv\u00e9nyes k\u00e1v\u00e9, cukorsz\u00edv (cukor, b\u00fazakem\u00e9ny\u00edt\u0151, ehet\u0151 sz\u00ednez\u00e9k). Feh\u00e9r csokol\u00e1d\u00e9 28% (cukor, teljes tejpor, kaka\u00f3vaj, emulge\u00e1l\u00f3szer: sz\u00f3jalecitin, term\u00e9szetes van\u00edlia)- pek\u00e1ndi\u00f3, m\u00e1lnadarabok. Tejcsokol\u00e1d\u00e9 33,6% (cukor, kaka\u00f3massza, teljes tejpor, kaka\u00f3vaj, emulge\u00e1l\u00f3szer: sz\u00f3jalecitin, term\u00e9szetes van\u00edlia) &#8211; [&#8230;]\n","protected":false},"featured_media":5829,"comment_status":"closed","ping_status":"closed","template":"","meta":{"_acf_changed":false},"product_brand":[],"product_cat":[731],"product_tag":[],"class_list":{"0":"post-5827","1":"product","2":"type-product","3":"status-publish","4":"has-post-thumbnail","6":"product_cat-csokolade","8":"first","9":"outofstock","10":"taxable","11":"shipping-taxable","12":"purchasable","13":"product-type-simple"},"acf":[],"yoast_head":"<!-- This site is optimized with the Yoast SEO plugin v27.0 - https:\/\/yoast.com\/product\/yoast-seo-wordpress\/ -->\n<title>Chocomaze 3x3 sz\u00ednes 50g - rumicon.sk<\/title>\n<meta name=\"robots\" content=\"index, follow, max-snippet:-1, max-image-preview:large, max-video-preview:-1\" \/>\n<link rel=\"canonical\" href=\"https:\/\/www.rumicon.sk\/hu\/produkt\/chocomaze-3x3-szines-50g\/\" \/>\n<meta property=\"og:locale\" content=\"hu_HU\" \/>\n<meta property=\"og:type\" content=\"article\" \/>\n<meta property=\"og:title\" content=\"Chocomaze 3x3 sz\u00ednes 50g - rumicon.sk\" \/>\n<meta property=\"og:description\" content=\"Egy h\u00e1rom sz\u00edn\u0171 kombin\u00e1ci\u00f3, amely gy\u00f6ny\u00f6r\u0171en n\u00e9z ki \u00e9s \u00edzletes. \u00d6SSZET\u00c9TEL: \u00c9tcsokol\u00e1d\u00e9 60% (kaka\u00f3massza, cukor, kaka\u00f3vaj, emulge\u00e1l\u00f3szer: sz\u00f3jalecitin, term\u00e9szetes bourbon van\u00edlia) &#8211; Z\u00f6ld \u00fcltetv\u00e9nyes k\u00e1v\u00e9, cukorsz\u00edv (cukor, b\u00fazakem\u00e9ny\u00edt\u0151, ehet\u0151 sz\u00ednez\u00e9k). Feh\u00e9r csokol\u00e1d\u00e9 28% (cukor, teljes tejpor, kaka\u00f3vaj, emulge\u00e1l\u00f3szer: sz\u00f3jalecitin, term\u00e9szetes van\u00edlia)- pek\u00e1ndi\u00f3, m\u00e1lnadarabok. Tejcsokol\u00e1d\u00e9 33,6% (cukor, kaka\u00f3massza, teljes tejpor, kaka\u00f3vaj, emulge\u00e1l\u00f3szer: sz\u00f3jalecitin, term\u00e9szetes van\u00edlia) &#8211; [...]\" \/>\n<meta property=\"og:url\" content=\"https:\/\/www.rumicon.sk\/hu\/produkt\/chocomaze-3x3-szines-50g\/\" \/>\n<meta property=\"og:site_name\" content=\"rumicon.sk\" \/>\n<meta property=\"article:publisher\" content=\"https:\/\/www.facebook.com\/people\/Rumicon-Bottle-Cigar-Shop\/100087110283303\/\" \/>\n<meta property=\"article:modified_time\" content=\"2025-08-14T09:49:55+00:00\" \/>\n<meta property=\"og:image\" content=\"https:\/\/www.rumicon.sk\/wp-content\/uploads\/3-x-3-mixi_238_1_2.jpg\" \/>\n\t<meta property=\"og:image:width\" content=\"720\" \/>\n\t<meta property=\"og:image:height\" content=\"720\" \/>\n\t<meta property=\"og:image:type\" content=\"image\/jpeg\" \/>\n<meta name=\"twitter:card\" content=\"summary_large_image\" \/>\n<meta name=\"twitter:label1\" content=\"Becs\u00fclt olvas\u00e1si id\u0151\" \/>\n\t<meta name=\"twitter:data1\" content=\"1 perc\" \/>\n<script type=\"application\/ld+json\" class=\"yoast-schema-graph\">{\"@context\":\"https:\/\/schema.org\",\"@graph\":[{\"@type\":\"WebPage\",\"@id\":\"https:\/\/www.rumicon.sk\/hu\/produkt\/chocomaze-3x3-szines-50g\/\",\"url\":\"https:\/\/www.rumicon.sk\/hu\/produkt\/chocomaze-3x3-szines-50g\/\",\"name\":\"Chocomaze 3x3 sz\u00ednes 50g - rumicon.sk\",\"isPartOf\":{\"@id\":\"https:\/\/www.rumicon.sk\/hu\/#website\"},\"primaryImageOfPage\":{\"@id\":\"https:\/\/www.rumicon.sk\/hu\/produkt\/chocomaze-3x3-szines-50g\/#primaryimage\"},\"image\":{\"@id\":\"https:\/\/www.rumicon.sk\/hu\/produkt\/chocomaze-3x3-szines-50g\/#primaryimage\"},\"thumbnailUrl\":\"https:\/\/www.rumicon.sk\/wp-content\/uploads\/3-x-3-mixi_238_1_2.jpg\",\"datePublished\":\"2024-05-03T15:12:34+00:00\",\"dateModified\":\"2025-08-14T09:49:55+00:00\",\"breadcrumb\":{\"@id\":\"https:\/\/www.rumicon.sk\/hu\/produkt\/chocomaze-3x3-szines-50g\/#breadcrumb\"},\"inLanguage\":\"hu\",\"potentialAction\":[{\"@type\":\"ReadAction\",\"target\":[\"https:\/\/www.rumicon.sk\/hu\/produkt\/chocomaze-3x3-szines-50g\/\"]}]},{\"@type\":\"ImageObject\",\"inLanguage\":\"hu\",\"@id\":\"https:\/\/www.rumicon.sk\/hu\/produkt\/chocomaze-3x3-szines-50g\/#primaryimage\",\"url\":\"https:\/\/www.rumicon.sk\/wp-content\/uploads\/3-x-3-mixi_238_1_2.jpg\",\"contentUrl\":\"https:\/\/www.rumicon.sk\/wp-content\/uploads\/3-x-3-mixi_238_1_2.jpg\",\"width\":720,\"height\":720},{\"@type\":\"BreadcrumbList\",\"@id\":\"https:\/\/www.rumicon.sk\/hu\/produkt\/chocomaze-3x3-szines-50g\/#breadcrumb\",\"itemListElement\":[{\"@type\":\"ListItem\",\"position\":1,\"name\":\"Home\",\"item\":\"https:\/\/www.rumicon.sk\/hu\/home\/\"},{\"@type\":\"ListItem\",\"position\":2,\"name\":\"Web\u00e1ruh\u00e1z\",\"item\":\"https:\/\/www.rumicon.sk\/hu\/webaruhaz\/\"},{\"@type\":\"ListItem\",\"position\":3,\"name\":\"Chocomaze 3&#215;3 sz\u00ednes 50g\"}]},{\"@type\":\"WebSite\",\"@id\":\"https:\/\/www.rumicon.sk\/hu\/#website\",\"url\":\"https:\/\/www.rumicon.sk\/hu\/\",\"name\":\"rumicon.sk\",\"description\":\"\",\"publisher\":{\"@id\":\"https:\/\/www.rumicon.sk\/hu\/#organization\"},\"potentialAction\":[{\"@type\":\"SearchAction\",\"target\":{\"@type\":\"EntryPoint\",\"urlTemplate\":\"https:\/\/www.rumicon.sk\/hu\/?s={search_term_string}\"},\"query-input\":{\"@type\":\"PropertyValueSpecification\",\"valueRequired\":true,\"valueName\":\"search_term_string\"}}],\"inLanguage\":\"hu\"},{\"@type\":\"Organization\",\"@id\":\"https:\/\/www.rumicon.sk\/hu\/#organization\",\"name\":\"rumicon.sk\",\"url\":\"https:\/\/www.rumicon.sk\/hu\/\",\"logo\":{\"@type\":\"ImageObject\",\"inLanguage\":\"hu\",\"@id\":\"https:\/\/www.rumicon.sk\/hu\/#\/schema\/logo\/image\/\",\"url\":\"https:\/\/www.rumicon.sk\/wp-content\/uploads\/logo-rumicon-bcs-color.png\",\"contentUrl\":\"https:\/\/www.rumicon.sk\/wp-content\/uploads\/logo-rumicon-bcs-color.png\",\"width\":827,\"height\":278,\"caption\":\"rumicon.sk\"},\"image\":{\"@id\":\"https:\/\/www.rumicon.sk\/hu\/#\/schema\/logo\/image\/\"},\"sameAs\":[\"https:\/\/www.facebook.com\/people\/Rumicon-Bottle-Cigar-Shop\/100087110283303\/\",\"https:\/\/www.instagram.com\/rumicon_bottle_cigar_shop\/\",\"https:\/\/www.tiktok.com\/@rumicon2022\"]}]}<\/script>\n<!-- \/ Yoast SEO plugin. -->","yoast_head_json":{"title":"Chocomaze 3x3 sz\u00ednes 50g - rumicon.sk","robots":{"index":"index","follow":"follow","max-snippet":"max-snippet:-1","max-image-preview":"max-image-preview:large","max-video-preview":"max-video-preview:-1"},"canonical":"https:\/\/www.rumicon.sk\/hu\/produkt\/chocomaze-3x3-szines-50g\/","og_locale":"hu_HU","og_type":"article","og_title":"Chocomaze 3x3 sz\u00ednes 50g - rumicon.sk","og_description":"Egy h\u00e1rom sz\u00edn\u0171 kombin\u00e1ci\u00f3, amely gy\u00f6ny\u00f6r\u0171en n\u00e9z ki \u00e9s \u00edzletes. \u00d6SSZET\u00c9TEL: \u00c9tcsokol\u00e1d\u00e9 60% (kaka\u00f3massza, cukor, kaka\u00f3vaj, emulge\u00e1l\u00f3szer: sz\u00f3jalecitin, term\u00e9szetes bourbon van\u00edlia) &#8211; Z\u00f6ld \u00fcltetv\u00e9nyes k\u00e1v\u00e9, cukorsz\u00edv (cukor, b\u00fazakem\u00e9ny\u00edt\u0151, ehet\u0151 sz\u00ednez\u00e9k). Feh\u00e9r csokol\u00e1d\u00e9 28% (cukor, teljes tejpor, kaka\u00f3vaj, emulge\u00e1l\u00f3szer: sz\u00f3jalecitin, term\u00e9szetes van\u00edlia)- pek\u00e1ndi\u00f3, m\u00e1lnadarabok. Tejcsokol\u00e1d\u00e9 33,6% (cukor, kaka\u00f3massza, teljes tejpor, kaka\u00f3vaj, emulge\u00e1l\u00f3szer: sz\u00f3jalecitin, term\u00e9szetes van\u00edlia) &#8211; [...]","og_url":"https:\/\/www.rumicon.sk\/hu\/produkt\/chocomaze-3x3-szines-50g\/","og_site_name":"rumicon.sk","article_publisher":"https:\/\/www.facebook.com\/people\/Rumicon-Bottle-Cigar-Shop\/100087110283303\/","article_modified_time":"2025-08-14T09:49:55+00:00","og_image":[{"width":720,"height":720,"url":"https:\/\/www.rumicon.sk\/wp-content\/uploads\/3-x-3-mixi_238_1_2.jpg","type":"image\/jpeg"}],"twitter_card":"summary_large_image","twitter_misc":{"Becs\u00fclt olvas\u00e1si id\u0151":"1 perc"},"schema":{"@context":"https:\/\/schema.org","@graph":[{"@type":"WebPage","@id":"https:\/\/www.rumicon.sk\/hu\/produkt\/chocomaze-3x3-szines-50g\/","url":"https:\/\/www.rumicon.sk\/hu\/produkt\/chocomaze-3x3-szines-50g\/","name":"Chocomaze 3x3 sz\u00ednes 50g - rumicon.sk","isPartOf":{"@id":"https:\/\/www.rumicon.sk\/hu\/#website"},"primaryImageOfPage":{"@id":"https:\/\/www.rumicon.sk\/hu\/produkt\/chocomaze-3x3-szines-50g\/#primaryimage"},"image":{"@id":"https:\/\/www.rumicon.sk\/hu\/produkt\/chocomaze-3x3-szines-50g\/#primaryimage"},"thumbnailUrl":"https:\/\/www.rumicon.sk\/wp-content\/uploads\/3-x-3-mixi_238_1_2.jpg","datePublished":"2024-05-03T15:12:34+00:00","dateModified":"2025-08-14T09:49:55+00:00","breadcrumb":{"@id":"https:\/\/www.rumicon.sk\/hu\/produkt\/chocomaze-3x3-szines-50g\/#breadcrumb"},"inLanguage":"hu","potentialAction":[{"@type":"ReadAction","target":["https:\/\/www.rumicon.sk\/hu\/produkt\/chocomaze-3x3-szines-50g\/"]}]},{"@type":"ImageObject","inLanguage":"hu","@id":"https:\/\/www.rumicon.sk\/hu\/produkt\/chocomaze-3x3-szines-50g\/#primaryimage","url":"https:\/\/www.rumicon.sk\/wp-content\/uploads\/3-x-3-mixi_238_1_2.jpg","contentUrl":"https:\/\/www.rumicon.sk\/wp-content\/uploads\/3-x-3-mixi_238_1_2.jpg","width":720,"height":720},{"@type":"BreadcrumbList","@id":"https:\/\/www.rumicon.sk\/hu\/produkt\/chocomaze-3x3-szines-50g\/#breadcrumb","itemListElement":[{"@type":"ListItem","position":1,"name":"Home","item":"https:\/\/www.rumicon.sk\/hu\/home\/"},{"@type":"ListItem","position":2,"name":"Web\u00e1ruh\u00e1z","item":"https:\/\/www.rumicon.sk\/hu\/webaruhaz\/"},{"@type":"ListItem","position":3,"name":"Chocomaze 3&#215;3 sz\u00ednes 50g"}]},{"@type":"WebSite","@id":"https:\/\/www.rumicon.sk\/hu\/#website","url":"https:\/\/www.rumicon.sk\/hu\/","name":"rumicon.sk","description":"","publisher":{"@id":"https:\/\/www.rumicon.sk\/hu\/#organization"},"potentialAction":[{"@type":"SearchAction","target":{"@type":"EntryPoint","urlTemplate":"https:\/\/www.rumicon.sk\/hu\/?s={search_term_string}"},"query-input":{"@type":"PropertyValueSpecification","valueRequired":true,"valueName":"search_term_string"}}],"inLanguage":"hu"},{"@type":"Organization","@id":"https:\/\/www.rumicon.sk\/hu\/#organization","name":"rumicon.sk","url":"https:\/\/www.rumicon.sk\/hu\/","logo":{"@type":"ImageObject","inLanguage":"hu","@id":"https:\/\/www.rumicon.sk\/hu\/#\/schema\/logo\/image\/","url":"https:\/\/www.rumicon.sk\/wp-content\/uploads\/logo-rumicon-bcs-color.png","contentUrl":"https:\/\/www.rumicon.sk\/wp-content\/uploads\/logo-rumicon-bcs-color.png","width":827,"height":278,"caption":"rumicon.sk"},"image":{"@id":"https:\/\/www.rumicon.sk\/hu\/#\/schema\/logo\/image\/"},"sameAs":["https:\/\/www.facebook.com\/people\/Rumicon-Bottle-Cigar-Shop\/100087110283303\/","https:\/\/www.instagram.com\/rumicon_bottle_cigar_shop\/","https:\/\/www.tiktok.com\/@rumicon2022"]}]}},"_links":{"self":[{"href":"https:\/\/www.rumicon.sk\/hu\/wp-json\/wp\/v2\/product\/5827","targetHints":{"allow":["GET"]}}],"collection":[{"href":"https:\/\/www.rumicon.sk\/hu\/wp-json\/wp\/v2\/product"}],"about":[{"href":"https:\/\/www.rumicon.sk\/hu\/wp-json\/wp\/v2\/types\/product"}],"replies":[{"embeddable":true,"href":"https:\/\/www.rumicon.sk\/hu\/wp-json\/wp\/v2\/comments?post=5827"}],"wp:featuredmedia":[{"embeddable":true,"href":"https:\/\/www.rumicon.sk\/hu\/wp-json\/wp\/v2\/media\/5829"}],"wp:attachment":[{"href":"https:\/\/www.rumicon.sk\/hu\/wp-json\/wp\/v2\/media?parent=5827"}],"wp:term":[{"taxonomy":"product_brand","embeddable":true,"href":"https:\/\/www.rumicon.sk\/hu\/wp-json\/wp\/v2\/product_brand?post=5827"},{"taxonomy":"product_cat","embeddable":true,"href":"https:\/\/www.rumicon.sk\/hu\/wp-json\/wp\/v2\/product_cat?post=5827"},{"taxonomy":"product_tag","embeddable":true,"href":"https:\/\/www.rumicon.sk\/hu\/wp-json\/wp\/v2\/product_tag?post=5827"}],"curies":[{"name":"wp","href":"https:\/\/api.w.org\/{rel}","templated":true}]}}