{"id":5817,"date":"2024-05-03T17:27:00","date_gmt":"2024-05-03T15:27:00","guid":{"rendered":"https:\/\/www.rumicon.sk\/produkt\/chocomaze-oszi-mogyoros-csokolade-336-100g\/"},"modified":"2025-12-22T17:33:58","modified_gmt":"2025-12-22T16:33:58","slug":"chocomaze-oszi-mogyoros-csokolade-336-100g","status":"publish","type":"product","link":"https:\/\/www.rumicon.sk\/hu\/produkt\/chocomaze-oszi-mogyoros-csokolade-336-100g\/","title":{"rendered":"Chocomaze \u0150szi mogyor\u00f3s csokol\u00e1d\u00e9 33,6% 10..."},"content":{"rendered":"<p>Csokol\u00e1d\u00e9 \u00e9s di\u00f3? Ez azt\u00e1n a fergeteges! R\u00e1ad\u00e1sul a di\u00f3sokat egy k\u00f6zeli falub\u00f3l sz\u00e1rmaz\u00f3 nagymam\u00e1k h\u00e1mozz\u00e1k nek\u00fcnk, kedves elsz\u00e1nts\u00e1guk \u00e9rz\u0151dik a di\u00f3 b\u00e1rsonyos \u00edz\u00e9n, ami m\u00e9g az es\u0151s \u0151szi napokon is \u00e9lvezet.  <\/p>\n<p>\u00d6SSZET\u00c9TEL:<\/p>\n<p>Tejcsokol\u00e1d\u00e9 33,6% (cukor, kaka\u00f3massza, teljes <strong>tejpor<\/strong>, kaka\u00f3vaj, emulge\u00e1l\u00f3szer: <strong>sz\u00f3jalecitin<\/strong>, term\u00e9szetes bourbon van\u00edlia),<strong> mogyor\u00f3, di\u00f3, kesudi\u00f3, mandula.<\/strong><\/p>\n<p>S\u00faly: min. 100g<\/p>\n<p>Csokol\u00e1d\u00e9ink frissen k\u00e9sz\u00fclnek megrendel\u00e9sre, \u00e9s 6 h\u00f3napig eltarthat\u00f3k.<\/p>\n","protected":false},"excerpt":{"rendered":"<p>Csokol\u00e1d\u00e9 \u00e9s di\u00f3? Ez azt\u00e1n a fergeteges! R\u00e1ad\u00e1sul a di\u00f3sokat egy k\u00f6zeli falub\u00f3l sz\u00e1rmaz\u00f3 nagymam\u00e1k h\u00e1mozz\u00e1k nek\u00fcnk, kedves elsz\u00e1nts\u00e1guk \u00e9rz\u0151dik a di\u00f3 b\u00e1rsonyos \u00edz\u00e9n, ami m\u00e9g az es\u0151s \u0151szi napokon is \u00e9lvezet. \u00d6SSZET\u00c9TEL: Tejcsokol\u00e1d\u00e9 33,6% (cukor, kaka\u00f3massza, teljes tejpor, kaka\u00f3vaj, emulge\u00e1l\u00f3szer: sz\u00f3jalecitin, term\u00e9szetes bourbon van\u00edlia), mogyor\u00f3, di\u00f3, kesudi\u00f3, mandula. S\u00faly: min. 100g Csokol\u00e1d\u00e9ink frissen k\u00e9sz\u00fclnek [&#8230;]\n","protected":false},"featured_media":5819,"comment_status":"closed","ping_status":"closed","template":"","meta":{"_acf_changed":false},"product_brand":[],"product_cat":[731],"product_tag":[],"class_list":{"0":"post-5817","1":"product","2":"type-product","3":"status-publish","4":"has-post-thumbnail","6":"product_cat-csokolade","8":"first","9":"instock","10":"taxable","11":"shipping-taxable","12":"purchasable","13":"product-type-simple"},"acf":[],"yoast_head":"<!-- This site is optimized with the Yoast SEO plugin v27.0 - https:\/\/yoast.com\/product\/yoast-seo-wordpress\/ -->\n<title>Chocomaze \u0150szi mogyor\u00f3s csokol\u00e1d\u00e9 33,6% 100g - rumicon.sk<\/title>\n<meta name=\"robots\" content=\"index, follow, max-snippet:-1, max-image-preview:large, max-video-preview:-1\" \/>\n<link rel=\"canonical\" href=\"https:\/\/www.rumicon.sk\/hu\/produkt\/chocomaze-oszi-mogyoros-csokolade-336-100g\/\" \/>\n<meta property=\"og:locale\" content=\"hu_HU\" \/>\n<meta property=\"og:type\" content=\"article\" \/>\n<meta property=\"og:title\" content=\"Chocomaze \u0150szi mogyor\u00f3s csokol\u00e1d\u00e9 33,6% 100g - rumicon.sk\" \/>\n<meta property=\"og:description\" content=\"Csokol\u00e1d\u00e9 \u00e9s di\u00f3? Ez azt\u00e1n a fergeteges! R\u00e1ad\u00e1sul a di\u00f3sokat egy k\u00f6zeli falub\u00f3l sz\u00e1rmaz\u00f3 nagymam\u00e1k h\u00e1mozz\u00e1k nek\u00fcnk, kedves elsz\u00e1nts\u00e1guk \u00e9rz\u0151dik a di\u00f3 b\u00e1rsonyos \u00edz\u00e9n, ami m\u00e9g az es\u0151s \u0151szi napokon is \u00e9lvezet. \u00d6SSZET\u00c9TEL: Tejcsokol\u00e1d\u00e9 33,6% (cukor, kaka\u00f3massza, teljes tejpor, kaka\u00f3vaj, emulge\u00e1l\u00f3szer: sz\u00f3jalecitin, term\u00e9szetes bourbon van\u00edlia), mogyor\u00f3, di\u00f3, kesudi\u00f3, mandula. S\u00faly: min. 100g Csokol\u00e1d\u00e9ink frissen k\u00e9sz\u00fclnek [...]\" \/>\n<meta property=\"og:url\" content=\"https:\/\/www.rumicon.sk\/hu\/produkt\/chocomaze-oszi-mogyoros-csokolade-336-100g\/\" \/>\n<meta property=\"og:site_name\" content=\"rumicon.sk\" \/>\n<meta property=\"article:publisher\" content=\"https:\/\/www.facebook.com\/people\/Rumicon-Bottle-Cigar-Shop\/100087110283303\/\" \/>\n<meta property=\"article:modified_time\" content=\"2025-12-22T16:33:58+00:00\" \/>\n<meta property=\"og:image\" content=\"https:\/\/www.rumicon.sk\/wp-content\/uploads\/liesko.jpg\" \/>\n\t<meta property=\"og:image:width\" content=\"760\" \/>\n\t<meta property=\"og:image:height\" content=\"760\" \/>\n\t<meta property=\"og:image:type\" content=\"image\/jpeg\" \/>\n<meta name=\"twitter:card\" content=\"summary_large_image\" \/>\n<script type=\"application\/ld+json\" class=\"yoast-schema-graph\">{\"@context\":\"https:\/\/schema.org\",\"@graph\":[{\"@type\":\"WebPage\",\"@id\":\"https:\/\/www.rumicon.sk\/hu\/produkt\/chocomaze-oszi-mogyoros-csokolade-336-100g\/\",\"url\":\"https:\/\/www.rumicon.sk\/hu\/produkt\/chocomaze-oszi-mogyoros-csokolade-336-100g\/\",\"name\":\"Chocomaze \u0150szi mogyor\u00f3s csokol\u00e1d\u00e9 33,6% 100g - rumicon.sk\",\"isPartOf\":{\"@id\":\"https:\/\/www.rumicon.sk\/hu\/#website\"},\"primaryImageOfPage\":{\"@id\":\"https:\/\/www.rumicon.sk\/hu\/produkt\/chocomaze-oszi-mogyoros-csokolade-336-100g\/#primaryimage\"},\"image\":{\"@id\":\"https:\/\/www.rumicon.sk\/hu\/produkt\/chocomaze-oszi-mogyoros-csokolade-336-100g\/#primaryimage\"},\"thumbnailUrl\":\"https:\/\/www.rumicon.sk\/wp-content\/uploads\/liesko.jpg\",\"datePublished\":\"2024-05-03T15:27:00+00:00\",\"dateModified\":\"2025-12-22T16:33:58+00:00\",\"breadcrumb\":{\"@id\":\"https:\/\/www.rumicon.sk\/hu\/produkt\/chocomaze-oszi-mogyoros-csokolade-336-100g\/#breadcrumb\"},\"inLanguage\":\"hu\",\"potentialAction\":[{\"@type\":\"ReadAction\",\"target\":[\"https:\/\/www.rumicon.sk\/hu\/produkt\/chocomaze-oszi-mogyoros-csokolade-336-100g\/\"]}]},{\"@type\":\"ImageObject\",\"inLanguage\":\"hu\",\"@id\":\"https:\/\/www.rumicon.sk\/hu\/produkt\/chocomaze-oszi-mogyoros-csokolade-336-100g\/#primaryimage\",\"url\":\"https:\/\/www.rumicon.sk\/wp-content\/uploads\/liesko.jpg\",\"contentUrl\":\"https:\/\/www.rumicon.sk\/wp-content\/uploads\/liesko.jpg\",\"width\":760,\"height\":760},{\"@type\":\"BreadcrumbList\",\"@id\":\"https:\/\/www.rumicon.sk\/hu\/produkt\/chocomaze-oszi-mogyoros-csokolade-336-100g\/#breadcrumb\",\"itemListElement\":[{\"@type\":\"ListItem\",\"position\":1,\"name\":\"Home\",\"item\":\"https:\/\/www.rumicon.sk\/hu\/home\/\"},{\"@type\":\"ListItem\",\"position\":2,\"name\":\"Web\u00e1ruh\u00e1z\",\"item\":\"https:\/\/www.rumicon.sk\/hu\/webaruhaz\/\"},{\"@type\":\"ListItem\",\"position\":3,\"name\":\"Chocomaze \u0150szi mogyor\u00f3s csokol\u00e1d\u00e9 33,6% 10...\"}]},{\"@type\":\"WebSite\",\"@id\":\"https:\/\/www.rumicon.sk\/hu\/#website\",\"url\":\"https:\/\/www.rumicon.sk\/hu\/\",\"name\":\"rumicon.sk\",\"description\":\"\",\"publisher\":{\"@id\":\"https:\/\/www.rumicon.sk\/hu\/#organization\"},\"potentialAction\":[{\"@type\":\"SearchAction\",\"target\":{\"@type\":\"EntryPoint\",\"urlTemplate\":\"https:\/\/www.rumicon.sk\/hu\/?s={search_term_string}\"},\"query-input\":{\"@type\":\"PropertyValueSpecification\",\"valueRequired\":true,\"valueName\":\"search_term_string\"}}],\"inLanguage\":\"hu\"},{\"@type\":\"Organization\",\"@id\":\"https:\/\/www.rumicon.sk\/hu\/#organization\",\"name\":\"rumicon.sk\",\"url\":\"https:\/\/www.rumicon.sk\/hu\/\",\"logo\":{\"@type\":\"ImageObject\",\"inLanguage\":\"hu\",\"@id\":\"https:\/\/www.rumicon.sk\/hu\/#\/schema\/logo\/image\/\",\"url\":\"https:\/\/www.rumicon.sk\/wp-content\/uploads\/logo-rumicon-bcs-color.png\",\"contentUrl\":\"https:\/\/www.rumicon.sk\/wp-content\/uploads\/logo-rumicon-bcs-color.png\",\"width\":827,\"height\":278,\"caption\":\"rumicon.sk\"},\"image\":{\"@id\":\"https:\/\/www.rumicon.sk\/hu\/#\/schema\/logo\/image\/\"},\"sameAs\":[\"https:\/\/www.facebook.com\/people\/Rumicon-Bottle-Cigar-Shop\/100087110283303\/\",\"https:\/\/www.instagram.com\/rumicon_bottle_cigar_shop\/\",\"https:\/\/www.tiktok.com\/@rumicon2022\"]}]}<\/script>\n<!-- \/ Yoast SEO plugin. -->","yoast_head_json":{"title":"Chocomaze \u0150szi mogyor\u00f3s csokol\u00e1d\u00e9 33,6% 100g - rumicon.sk","robots":{"index":"index","follow":"follow","max-snippet":"max-snippet:-1","max-image-preview":"max-image-preview:large","max-video-preview":"max-video-preview:-1"},"canonical":"https:\/\/www.rumicon.sk\/hu\/produkt\/chocomaze-oszi-mogyoros-csokolade-336-100g\/","og_locale":"hu_HU","og_type":"article","og_title":"Chocomaze \u0150szi mogyor\u00f3s csokol\u00e1d\u00e9 33,6% 100g - rumicon.sk","og_description":"Csokol\u00e1d\u00e9 \u00e9s di\u00f3? Ez azt\u00e1n a fergeteges! R\u00e1ad\u00e1sul a di\u00f3sokat egy k\u00f6zeli falub\u00f3l sz\u00e1rmaz\u00f3 nagymam\u00e1k h\u00e1mozz\u00e1k nek\u00fcnk, kedves elsz\u00e1nts\u00e1guk \u00e9rz\u0151dik a di\u00f3 b\u00e1rsonyos \u00edz\u00e9n, ami m\u00e9g az es\u0151s \u0151szi napokon is \u00e9lvezet. \u00d6SSZET\u00c9TEL: Tejcsokol\u00e1d\u00e9 33,6% (cukor, kaka\u00f3massza, teljes tejpor, kaka\u00f3vaj, emulge\u00e1l\u00f3szer: sz\u00f3jalecitin, term\u00e9szetes bourbon van\u00edlia), mogyor\u00f3, di\u00f3, kesudi\u00f3, mandula. S\u00faly: min. 100g Csokol\u00e1d\u00e9ink frissen k\u00e9sz\u00fclnek [...]","og_url":"https:\/\/www.rumicon.sk\/hu\/produkt\/chocomaze-oszi-mogyoros-csokolade-336-100g\/","og_site_name":"rumicon.sk","article_publisher":"https:\/\/www.facebook.com\/people\/Rumicon-Bottle-Cigar-Shop\/100087110283303\/","article_modified_time":"2025-12-22T16:33:58+00:00","og_image":[{"width":760,"height":760,"url":"https:\/\/www.rumicon.sk\/wp-content\/uploads\/liesko.jpg","type":"image\/jpeg"}],"twitter_card":"summary_large_image","schema":{"@context":"https:\/\/schema.org","@graph":[{"@type":"WebPage","@id":"https:\/\/www.rumicon.sk\/hu\/produkt\/chocomaze-oszi-mogyoros-csokolade-336-100g\/","url":"https:\/\/www.rumicon.sk\/hu\/produkt\/chocomaze-oszi-mogyoros-csokolade-336-100g\/","name":"Chocomaze \u0150szi mogyor\u00f3s csokol\u00e1d\u00e9 33,6% 100g - rumicon.sk","isPartOf":{"@id":"https:\/\/www.rumicon.sk\/hu\/#website"},"primaryImageOfPage":{"@id":"https:\/\/www.rumicon.sk\/hu\/produkt\/chocomaze-oszi-mogyoros-csokolade-336-100g\/#primaryimage"},"image":{"@id":"https:\/\/www.rumicon.sk\/hu\/produkt\/chocomaze-oszi-mogyoros-csokolade-336-100g\/#primaryimage"},"thumbnailUrl":"https:\/\/www.rumicon.sk\/wp-content\/uploads\/liesko.jpg","datePublished":"2024-05-03T15:27:00+00:00","dateModified":"2025-12-22T16:33:58+00:00","breadcrumb":{"@id":"https:\/\/www.rumicon.sk\/hu\/produkt\/chocomaze-oszi-mogyoros-csokolade-336-100g\/#breadcrumb"},"inLanguage":"hu","potentialAction":[{"@type":"ReadAction","target":["https:\/\/www.rumicon.sk\/hu\/produkt\/chocomaze-oszi-mogyoros-csokolade-336-100g\/"]}]},{"@type":"ImageObject","inLanguage":"hu","@id":"https:\/\/www.rumicon.sk\/hu\/produkt\/chocomaze-oszi-mogyoros-csokolade-336-100g\/#primaryimage","url":"https:\/\/www.rumicon.sk\/wp-content\/uploads\/liesko.jpg","contentUrl":"https:\/\/www.rumicon.sk\/wp-content\/uploads\/liesko.jpg","width":760,"height":760},{"@type":"BreadcrumbList","@id":"https:\/\/www.rumicon.sk\/hu\/produkt\/chocomaze-oszi-mogyoros-csokolade-336-100g\/#breadcrumb","itemListElement":[{"@type":"ListItem","position":1,"name":"Home","item":"https:\/\/www.rumicon.sk\/hu\/home\/"},{"@type":"ListItem","position":2,"name":"Web\u00e1ruh\u00e1z","item":"https:\/\/www.rumicon.sk\/hu\/webaruhaz\/"},{"@type":"ListItem","position":3,"name":"Chocomaze \u0150szi mogyor\u00f3s csokol\u00e1d\u00e9 33,6% 10..."}]},{"@type":"WebSite","@id":"https:\/\/www.rumicon.sk\/hu\/#website","url":"https:\/\/www.rumicon.sk\/hu\/","name":"rumicon.sk","description":"","publisher":{"@id":"https:\/\/www.rumicon.sk\/hu\/#organization"},"potentialAction":[{"@type":"SearchAction","target":{"@type":"EntryPoint","urlTemplate":"https:\/\/www.rumicon.sk\/hu\/?s={search_term_string}"},"query-input":{"@type":"PropertyValueSpecification","valueRequired":true,"valueName":"search_term_string"}}],"inLanguage":"hu"},{"@type":"Organization","@id":"https:\/\/www.rumicon.sk\/hu\/#organization","name":"rumicon.sk","url":"https:\/\/www.rumicon.sk\/hu\/","logo":{"@type":"ImageObject","inLanguage":"hu","@id":"https:\/\/www.rumicon.sk\/hu\/#\/schema\/logo\/image\/","url":"https:\/\/www.rumicon.sk\/wp-content\/uploads\/logo-rumicon-bcs-color.png","contentUrl":"https:\/\/www.rumicon.sk\/wp-content\/uploads\/logo-rumicon-bcs-color.png","width":827,"height":278,"caption":"rumicon.sk"},"image":{"@id":"https:\/\/www.rumicon.sk\/hu\/#\/schema\/logo\/image\/"},"sameAs":["https:\/\/www.facebook.com\/people\/Rumicon-Bottle-Cigar-Shop\/100087110283303\/","https:\/\/www.instagram.com\/rumicon_bottle_cigar_shop\/","https:\/\/www.tiktok.com\/@rumicon2022"]}]}},"_links":{"self":[{"href":"https:\/\/www.rumicon.sk\/hu\/wp-json\/wp\/v2\/product\/5817","targetHints":{"allow":["GET"]}}],"collection":[{"href":"https:\/\/www.rumicon.sk\/hu\/wp-json\/wp\/v2\/product"}],"about":[{"href":"https:\/\/www.rumicon.sk\/hu\/wp-json\/wp\/v2\/types\/product"}],"replies":[{"embeddable":true,"href":"https:\/\/www.rumicon.sk\/hu\/wp-json\/wp\/v2\/comments?post=5817"}],"wp:featuredmedia":[{"embeddable":true,"href":"https:\/\/www.rumicon.sk\/hu\/wp-json\/wp\/v2\/media\/5819"}],"wp:attachment":[{"href":"https:\/\/www.rumicon.sk\/hu\/wp-json\/wp\/v2\/media?parent=5817"}],"wp:term":[{"taxonomy":"product_brand","embeddable":true,"href":"https:\/\/www.rumicon.sk\/hu\/wp-json\/wp\/v2\/product_brand?post=5817"},{"taxonomy":"product_cat","embeddable":true,"href":"https:\/\/www.rumicon.sk\/hu\/wp-json\/wp\/v2\/product_cat?post=5817"},{"taxonomy":"product_tag","embeddable":true,"href":"https:\/\/www.rumicon.sk\/hu\/wp-json\/wp\/v2\/product_tag?post=5817"}],"curies":[{"name":"wp","href":"https:\/\/api.w.org\/{rel}","templated":true}]}}