{"id":5785,"date":"2024-05-07T14:09:31","date_gmt":"2024-05-07T12:09:31","guid":{"rendered":"https:\/\/www.rumicon.sk\/produkt\/prosecco-bepin-de-eto-docg-extra-dry-075l-115\/"},"modified":"2025-08-14T11:44:48","modified_gmt":"2025-08-14T09:44:48","slug":"prosecco-bepin-de-eto-docg-extra-dry-075l-115","status":"publish","type":"product","link":"https:\/\/www.rumicon.sk\/hu\/produkt\/prosecco-bepin-de-eto-docg-extra-dry-075l-115\/","title":{"rendered":"Prosecco Bepin De Eto DOCG Extra Dry 0,75l..."},"content":{"rendered":"<p>Finom szalmas\u00e1rga pezsg\u0151 z\u00f6ldes \u00e1rnyalatokkal. Els\u0151k\u00e9nt a frissen s\u00fclt bri\u00f3s illatai jelennek meg, majd az alma, a k\u00f6rte \u00e9s az \u0151szibarack gy\u00fcm\u00f6lcs\u00f6s jegyei, valamint a r\u00f3zsaszirmok \u00e9s az ak\u00e1cvir\u00e1g kifinomult arom\u00e1i. A bor friss a sz\u00e1jban, a lecseng\u00e9sben vonz\u00f3 savakkal.  <\/p>\n<div class=\"line param-5\">\n<div class=\"param\">Fajta : Glera<\/div>\n<\/div>\n<div class=\"line param-6\">\n<div class=\"param\">Orsz\u00e1g : Olaszorsz\u00e1g<\/div>\n<\/div>\n<div class=\"line param-7\">\n<div class=\"param\">R\u00e9gi\u00f3 : Veneto, Conegliano Valdobbiadene<\/div>\n<\/div>\n<div class=\"line param-13\">\n<div class=\"param\">Alkohol : 11.5%<\/div>\n<\/div>\n<div class=\"line param-9\">\n<div class=\"param\">T\u00e9rfogat : 0,75 l<\/div>\n<\/div>\n<p>Aj\u00e1nlott fogyaszt\u00e1si h\u0151m\u00e9rs\u00e9klet: 8\u00b0C &#8211; 10\u00b0C<\/p>\n","protected":false},"excerpt":{"rendered":"<p>Finom szalmas\u00e1rga pezsg\u0151 z\u00f6ldes \u00e1rnyalatokkal. Els\u0151k\u00e9nt a frissen s\u00fclt bri\u00f3s illatai jelennek meg, majd az alma, a k\u00f6rte \u00e9s az \u0151szibarack gy\u00fcm\u00f6lcs\u00f6s jegyei, valamint a r\u00f3zsaszirmok \u00e9s az ak\u00e1cvir\u00e1g kifinomult arom\u00e1i. A bor friss a sz\u00e1jban, a lecseng\u00e9sben vonz\u00f3 savakkal. Fajta : Glera Orsz\u00e1g : Olaszorsz\u00e1g R\u00e9gi\u00f3 : Veneto, Conegliano Valdobbiadene Alkohol : 11.5% T\u00e9rfogat [&#8230;]\n","protected":false},"featured_media":5788,"comment_status":"closed","ping_status":"closed","template":"","meta":{"_acf_changed":false},"product_brand":[],"product_cat":[580,582],"product_tag":[952],"class_list":{"0":"post-5785","1":"product","2":"type-product","3":"status-publish","4":"has-post-thumbnail","6":"product_cat-champagne-prosecco-hu","7":"product_cat-prosecco-hu","8":"product_tag-olaszorszag-pezsgo-es-prosecco","9":"pa_druh-alkoholu-prosecco-hu","10":"pa_krajina-povodu-olaszorszag","11":"pa_objem-075-l-hu","12":"pa_obsah-alkoholu-115-hu","14":"first","15":"instock","16":"taxable","17":"shipping-taxable","18":"purchasable","19":"product-type-simple"},"acf":[],"yoast_head":"<!-- This site is optimized with the Yoast SEO plugin v27.0 - https:\/\/yoast.com\/product\/yoast-seo-wordpress\/ -->\n<title>Prosecco Bepin De Eto DOCG Extra Dry 0,75l 11,5% - rumicon.sk<\/title>\n<meta name=\"robots\" content=\"index, follow, max-snippet:-1, max-image-preview:large, max-video-preview:-1\" \/>\n<link rel=\"canonical\" href=\"https:\/\/www.rumicon.sk\/hu\/produkt\/prosecco-bepin-de-eto-docg-extra-dry-075l-115\/\" \/>\n<meta property=\"og:locale\" content=\"hu_HU\" \/>\n<meta property=\"og:type\" content=\"article\" \/>\n<meta property=\"og:title\" content=\"Prosecco Bepin De Eto DOCG Extra Dry 0,75l 11,5% - rumicon.sk\" \/>\n<meta property=\"og:description\" content=\"Finom szalmas\u00e1rga pezsg\u0151 z\u00f6ldes \u00e1rnyalatokkal. Els\u0151k\u00e9nt a frissen s\u00fclt bri\u00f3s illatai jelennek meg, majd az alma, a k\u00f6rte \u00e9s az \u0151szibarack gy\u00fcm\u00f6lcs\u00f6s jegyei, valamint a r\u00f3zsaszirmok \u00e9s az ak\u00e1cvir\u00e1g kifinomult arom\u00e1i. A bor friss a sz\u00e1jban, a lecseng\u00e9sben vonz\u00f3 savakkal. Fajta : Glera Orsz\u00e1g : Olaszorsz\u00e1g R\u00e9gi\u00f3 : Veneto, Conegliano Valdobbiadene Alkohol : 11.5% T\u00e9rfogat [...]\" \/>\n<meta property=\"og:url\" content=\"https:\/\/www.rumicon.sk\/hu\/produkt\/prosecco-bepin-de-eto-docg-extra-dry-075l-115\/\" \/>\n<meta property=\"og:site_name\" content=\"rumicon.sk\" \/>\n<meta property=\"article:publisher\" content=\"https:\/\/www.facebook.com\/people\/Rumicon-Bottle-Cigar-Shop\/100087110283303\/\" \/>\n<meta property=\"article:modified_time\" content=\"2025-08-14T09:44:48+00:00\" \/>\n<meta property=\"og:image\" content=\"https:\/\/www.rumicon.sk\/wp-content\/uploads\/logo-rumicon-bcs-color.png\" \/>\n\t<meta property=\"og:image:width\" content=\"827\" \/>\n\t<meta property=\"og:image:height\" content=\"278\" \/>\n\t<meta property=\"og:image:type\" content=\"image\/png\" \/>\n<meta name=\"twitter:card\" content=\"summary_large_image\" \/>\n<script type=\"application\/ld+json\" class=\"yoast-schema-graph\">{\"@context\":\"https:\/\/schema.org\",\"@graph\":[{\"@type\":\"WebPage\",\"@id\":\"https:\/\/www.rumicon.sk\/hu\/produkt\/prosecco-bepin-de-eto-docg-extra-dry-075l-115\/\",\"url\":\"https:\/\/www.rumicon.sk\/hu\/produkt\/prosecco-bepin-de-eto-docg-extra-dry-075l-115\/\",\"name\":\"Prosecco Bepin De Eto DOCG Extra Dry 0,75l 11,5% - rumicon.sk\",\"isPartOf\":{\"@id\":\"https:\/\/www.rumicon.sk\/hu\/#website\"},\"primaryImageOfPage\":{\"@id\":\"https:\/\/www.rumicon.sk\/hu\/produkt\/prosecco-bepin-de-eto-docg-extra-dry-075l-115\/#primaryimage\"},\"image\":{\"@id\":\"https:\/\/www.rumicon.sk\/hu\/produkt\/prosecco-bepin-de-eto-docg-extra-dry-075l-115\/#primaryimage\"},\"thumbnailUrl\":\"https:\/\/www.rumicon.sk\/wp-content\/uploads\/bepin-de-eto.avif\",\"datePublished\":\"2024-05-07T12:09:31+00:00\",\"dateModified\":\"2025-08-14T09:44:48+00:00\",\"breadcrumb\":{\"@id\":\"https:\/\/www.rumicon.sk\/hu\/produkt\/prosecco-bepin-de-eto-docg-extra-dry-075l-115\/#breadcrumb\"},\"inLanguage\":\"hu\",\"potentialAction\":[{\"@type\":\"ReadAction\",\"target\":[\"https:\/\/www.rumicon.sk\/hu\/produkt\/prosecco-bepin-de-eto-docg-extra-dry-075l-115\/\"]}]},{\"@type\":\"ImageObject\",\"inLanguage\":\"hu\",\"@id\":\"https:\/\/www.rumicon.sk\/hu\/produkt\/prosecco-bepin-de-eto-docg-extra-dry-075l-115\/#primaryimage\",\"url\":\"https:\/\/www.rumicon.sk\/wp-content\/uploads\/bepin-de-eto.avif\",\"contentUrl\":\"https:\/\/www.rumicon.sk\/wp-content\/uploads\/bepin-de-eto.avif\",\"width\":400,\"height\":400,\"caption\":\"Prosecco Bepin De Eto DOCG Extra Dry 0,75l 11,5%\"},{\"@type\":\"BreadcrumbList\",\"@id\":\"https:\/\/www.rumicon.sk\/hu\/produkt\/prosecco-bepin-de-eto-docg-extra-dry-075l-115\/#breadcrumb\",\"itemListElement\":[{\"@type\":\"ListItem\",\"position\":1,\"name\":\"Home\",\"item\":\"https:\/\/www.rumicon.sk\/hu\/home\/\"},{\"@type\":\"ListItem\",\"position\":2,\"name\":\"Web\u00e1ruh\u00e1z\",\"item\":\"https:\/\/www.rumicon.sk\/hu\/webaruhaz\/\"},{\"@type\":\"ListItem\",\"position\":3,\"name\":\"Prosecco Bepin De Eto DOCG Extra Dry 0,75l 11,5%\"}]},{\"@type\":\"WebSite\",\"@id\":\"https:\/\/www.rumicon.sk\/hu\/#website\",\"url\":\"https:\/\/www.rumicon.sk\/hu\/\",\"name\":\"rumicon.sk\",\"description\":\"\",\"publisher\":{\"@id\":\"https:\/\/www.rumicon.sk\/hu\/#organization\"},\"potentialAction\":[{\"@type\":\"SearchAction\",\"target\":{\"@type\":\"EntryPoint\",\"urlTemplate\":\"https:\/\/www.rumicon.sk\/hu\/?s={search_term_string}\"},\"query-input\":{\"@type\":\"PropertyValueSpecification\",\"valueRequired\":true,\"valueName\":\"search_term_string\"}}],\"inLanguage\":\"hu\"},{\"@type\":\"Organization\",\"@id\":\"https:\/\/www.rumicon.sk\/hu\/#organization\",\"name\":\"rumicon.sk\",\"url\":\"https:\/\/www.rumicon.sk\/hu\/\",\"logo\":{\"@type\":\"ImageObject\",\"inLanguage\":\"hu\",\"@id\":\"https:\/\/www.rumicon.sk\/hu\/#\/schema\/logo\/image\/\",\"url\":\"https:\/\/www.rumicon.sk\/wp-content\/uploads\/logo-rumicon-bcs-color.png\",\"contentUrl\":\"https:\/\/www.rumicon.sk\/wp-content\/uploads\/logo-rumicon-bcs-color.png\",\"width\":827,\"height\":278,\"caption\":\"rumicon.sk\"},\"image\":{\"@id\":\"https:\/\/www.rumicon.sk\/hu\/#\/schema\/logo\/image\/\"},\"sameAs\":[\"https:\/\/www.facebook.com\/people\/Rumicon-Bottle-Cigar-Shop\/100087110283303\/\",\"https:\/\/www.instagram.com\/rumicon_bottle_cigar_shop\/\",\"https:\/\/www.tiktok.com\/@rumicon2022\"]}]}<\/script>\n<!-- \/ Yoast SEO plugin. -->","yoast_head_json":{"title":"Prosecco Bepin De Eto DOCG Extra Dry 0,75l 11,5% - rumicon.sk","robots":{"index":"index","follow":"follow","max-snippet":"max-snippet:-1","max-image-preview":"max-image-preview:large","max-video-preview":"max-video-preview:-1"},"canonical":"https:\/\/www.rumicon.sk\/hu\/produkt\/prosecco-bepin-de-eto-docg-extra-dry-075l-115\/","og_locale":"hu_HU","og_type":"article","og_title":"Prosecco Bepin De Eto DOCG Extra Dry 0,75l 11,5% - rumicon.sk","og_description":"Finom szalmas\u00e1rga pezsg\u0151 z\u00f6ldes \u00e1rnyalatokkal. Els\u0151k\u00e9nt a frissen s\u00fclt bri\u00f3s illatai jelennek meg, majd az alma, a k\u00f6rte \u00e9s az \u0151szibarack gy\u00fcm\u00f6lcs\u00f6s jegyei, valamint a r\u00f3zsaszirmok \u00e9s az ak\u00e1cvir\u00e1g kifinomult arom\u00e1i. A bor friss a sz\u00e1jban, a lecseng\u00e9sben vonz\u00f3 savakkal. Fajta : Glera Orsz\u00e1g : Olaszorsz\u00e1g R\u00e9gi\u00f3 : Veneto, Conegliano Valdobbiadene Alkohol : 11.5% T\u00e9rfogat [...]","og_url":"https:\/\/www.rumicon.sk\/hu\/produkt\/prosecco-bepin-de-eto-docg-extra-dry-075l-115\/","og_site_name":"rumicon.sk","article_publisher":"https:\/\/www.facebook.com\/people\/Rumicon-Bottle-Cigar-Shop\/100087110283303\/","article_modified_time":"2025-08-14T09:44:48+00:00","og_image":[{"width":827,"height":278,"url":"https:\/\/www.rumicon.sk\/wp-content\/uploads\/logo-rumicon-bcs-color.png","type":"image\/png"}],"twitter_card":"summary_large_image","schema":{"@context":"https:\/\/schema.org","@graph":[{"@type":"WebPage","@id":"https:\/\/www.rumicon.sk\/hu\/produkt\/prosecco-bepin-de-eto-docg-extra-dry-075l-115\/","url":"https:\/\/www.rumicon.sk\/hu\/produkt\/prosecco-bepin-de-eto-docg-extra-dry-075l-115\/","name":"Prosecco Bepin De Eto DOCG Extra Dry 0,75l 11,5% - rumicon.sk","isPartOf":{"@id":"https:\/\/www.rumicon.sk\/hu\/#website"},"primaryImageOfPage":{"@id":"https:\/\/www.rumicon.sk\/hu\/produkt\/prosecco-bepin-de-eto-docg-extra-dry-075l-115\/#primaryimage"},"image":{"@id":"https:\/\/www.rumicon.sk\/hu\/produkt\/prosecco-bepin-de-eto-docg-extra-dry-075l-115\/#primaryimage"},"thumbnailUrl":"https:\/\/www.rumicon.sk\/wp-content\/uploads\/bepin-de-eto.avif","datePublished":"2024-05-07T12:09:31+00:00","dateModified":"2025-08-14T09:44:48+00:00","breadcrumb":{"@id":"https:\/\/www.rumicon.sk\/hu\/produkt\/prosecco-bepin-de-eto-docg-extra-dry-075l-115\/#breadcrumb"},"inLanguage":"hu","potentialAction":[{"@type":"ReadAction","target":["https:\/\/www.rumicon.sk\/hu\/produkt\/prosecco-bepin-de-eto-docg-extra-dry-075l-115\/"]}]},{"@type":"ImageObject","inLanguage":"hu","@id":"https:\/\/www.rumicon.sk\/hu\/produkt\/prosecco-bepin-de-eto-docg-extra-dry-075l-115\/#primaryimage","url":"https:\/\/www.rumicon.sk\/wp-content\/uploads\/bepin-de-eto.avif","contentUrl":"https:\/\/www.rumicon.sk\/wp-content\/uploads\/bepin-de-eto.avif","width":400,"height":400,"caption":"Prosecco Bepin De Eto DOCG Extra Dry 0,75l 11,5%"},{"@type":"BreadcrumbList","@id":"https:\/\/www.rumicon.sk\/hu\/produkt\/prosecco-bepin-de-eto-docg-extra-dry-075l-115\/#breadcrumb","itemListElement":[{"@type":"ListItem","position":1,"name":"Home","item":"https:\/\/www.rumicon.sk\/hu\/home\/"},{"@type":"ListItem","position":2,"name":"Web\u00e1ruh\u00e1z","item":"https:\/\/www.rumicon.sk\/hu\/webaruhaz\/"},{"@type":"ListItem","position":3,"name":"Prosecco Bepin De Eto DOCG Extra Dry 0,75l 11,5%"}]},{"@type":"WebSite","@id":"https:\/\/www.rumicon.sk\/hu\/#website","url":"https:\/\/www.rumicon.sk\/hu\/","name":"rumicon.sk","description":"","publisher":{"@id":"https:\/\/www.rumicon.sk\/hu\/#organization"},"potentialAction":[{"@type":"SearchAction","target":{"@type":"EntryPoint","urlTemplate":"https:\/\/www.rumicon.sk\/hu\/?s={search_term_string}"},"query-input":{"@type":"PropertyValueSpecification","valueRequired":true,"valueName":"search_term_string"}}],"inLanguage":"hu"},{"@type":"Organization","@id":"https:\/\/www.rumicon.sk\/hu\/#organization","name":"rumicon.sk","url":"https:\/\/www.rumicon.sk\/hu\/","logo":{"@type":"ImageObject","inLanguage":"hu","@id":"https:\/\/www.rumicon.sk\/hu\/#\/schema\/logo\/image\/","url":"https:\/\/www.rumicon.sk\/wp-content\/uploads\/logo-rumicon-bcs-color.png","contentUrl":"https:\/\/www.rumicon.sk\/wp-content\/uploads\/logo-rumicon-bcs-color.png","width":827,"height":278,"caption":"rumicon.sk"},"image":{"@id":"https:\/\/www.rumicon.sk\/hu\/#\/schema\/logo\/image\/"},"sameAs":["https:\/\/www.facebook.com\/people\/Rumicon-Bottle-Cigar-Shop\/100087110283303\/","https:\/\/www.instagram.com\/rumicon_bottle_cigar_shop\/","https:\/\/www.tiktok.com\/@rumicon2022"]}]}},"_links":{"self":[{"href":"https:\/\/www.rumicon.sk\/hu\/wp-json\/wp\/v2\/product\/5785","targetHints":{"allow":["GET"]}}],"collection":[{"href":"https:\/\/www.rumicon.sk\/hu\/wp-json\/wp\/v2\/product"}],"about":[{"href":"https:\/\/www.rumicon.sk\/hu\/wp-json\/wp\/v2\/types\/product"}],"replies":[{"embeddable":true,"href":"https:\/\/www.rumicon.sk\/hu\/wp-json\/wp\/v2\/comments?post=5785"}],"wp:featuredmedia":[{"embeddable":true,"href":"https:\/\/www.rumicon.sk\/hu\/wp-json\/wp\/v2\/media\/5788"}],"wp:attachment":[{"href":"https:\/\/www.rumicon.sk\/hu\/wp-json\/wp\/v2\/media?parent=5785"}],"wp:term":[{"taxonomy":"product_brand","embeddable":true,"href":"https:\/\/www.rumicon.sk\/hu\/wp-json\/wp\/v2\/product_brand?post=5785"},{"taxonomy":"product_cat","embeddable":true,"href":"https:\/\/www.rumicon.sk\/hu\/wp-json\/wp\/v2\/product_cat?post=5785"},{"taxonomy":"product_tag","embeddable":true,"href":"https:\/\/www.rumicon.sk\/hu\/wp-json\/wp\/v2\/product_tag?post=5785"}],"curies":[{"name":"wp","href":"https:\/\/api.w.org\/{rel}","templated":true}]}}