{"id":5777,"date":"2024-08-09T13:10:46","date_gmt":"2024-08-09T11:10:46","guid":{"rendered":"https:\/\/www.rumicon.sk\/produkt\/rum-deadhead-6y-07l-40\/"},"modified":"2025-08-14T11:50:17","modified_gmt":"2025-08-14T09:50:17","slug":"rum-deadhead-6y-07l-40","status":"publish","type":"product","link":"https:\/\/www.rumicon.sk\/hu\/produkt\/rum-deadhead-6y-07l-40\/","title":{"rendered":"Rum Deadhead 6y 0,7l 40%"},"content":{"rendered":"<p>A Deadhead Rum egy 6 \u00e9ves mexik\u00f3i rum, amelynek kiss\u00e9 morbid palackja egy zsugor\u00edtott fej alak\u00fa, Tsantsa n\u00e9ven ismert, a legy\u0151z\u00f6tt ellens\u00e9gt\u0151l elrejtett tr\u00f3fea. A rum pr\u00e9mium cukorn\u00e1dl\u00e9 \u00e9s melasz kever\u00e9ke. <\/p>\n<p>K\u00e9tszeres lep\u00e1rl\u00e1ssal \u00e9s 6 \u00e9vig eur\u00f3pai t\u00f6lgyfahord\u00f3kban \u00e9s ex-sherry hord\u00f3kban \u00e9rlelik. Ezut\u00e1n keverik, hogy el\u00e9rj\u00e9k a k\u00edv\u00e1nt gazdag, f\u0171szeres \u00edzprofilt. A mexik\u00f3i Veracruz v\u00e1ros\u00e1b\u00f3l sz\u00e1rmazik.  <\/p>\n<p>Szobah\u0151m\u00e9rs\u00e9kleten, j\u00e9gkock\u00e1val t\u00e1lalva aj\u00e1nljuk. A rum egy \u00e9rdekes, parafa dug\u00f3val lez\u00e1rt palackban ker\u00fcl forgalomba. <\/p>\n<p>Sz\u00edn: borosty\u00e1nsz\u00edn\u0171, aranysz\u00edn\u0171 kiemelked\u00e9sekkel<br \/>\nIllat: k\u00e1v\u00e9, csokol\u00e1d\u00e9, fah\u00e9j, szerecsendi\u00f3, gy\u00fcm\u00f6lcs, menta<br \/>\n\u00cdz: csokol\u00e1d\u00e9, szegf\u0171szeg, \u00e1nizs, karamell, gy\u00fcm\u00f6lcs, f\u0171szer, karamell<br \/>\nFinish: k\u00f6zepes, t\u00f6lgy, citromh\u00e9j, fah\u00e9j, melasz, fa<\/p>\n","protected":false},"excerpt":{"rendered":"<p>A Deadhead Rum egy 6 \u00e9ves mexik\u00f3i rum, amelynek kiss\u00e9 morbid palackja egy zsugor\u00edtott fej alak\u00fa, Tsantsa n\u00e9ven ismert, a legy\u0151z\u00f6tt ellens\u00e9gt\u0151l elrejtett tr\u00f3fea. A rum pr\u00e9mium cukorn\u00e1dl\u00e9 \u00e9s melasz kever\u00e9ke. K\u00e9tszeres lep\u00e1rl\u00e1ssal \u00e9s 6 \u00e9vig eur\u00f3pai t\u00f6lgyfahord\u00f3kban \u00e9s ex-sherry hord\u00f3kban \u00e9rlelik. Ezut\u00e1n keverik, hogy el\u00e9rj\u00e9k a k\u00edv\u00e1nt gazdag, f\u0171szeres \u00edzprofilt. A mexik\u00f3i Veracruz v\u00e1ros\u00e1b\u00f3l [&#8230;]\n","protected":false},"featured_media":5780,"comment_status":"closed","ping_status":"closed","template":"","meta":{"_acf_changed":false},"product_brand":[],"product_cat":[483,489],"product_tag":[],"class_list":{"0":"post-5777","1":"product","2":"type-product","3":"status-publish","4":"has-post-thumbnail","6":"product_cat-rum-hu","7":"product_cat-izesitett-rum","8":"pa_druh-alkoholu-izesitett-rum","9":"pa_druh-alkoholu-rum-hu","10":"pa_krajina-povodu-mexiko-hu","11":"pa_objem-07-l-hu","12":"pa_obsah-alkoholu-40-hu","14":"first","15":"outofstock","16":"taxable","17":"shipping-taxable","18":"purchasable","19":"product-type-simple"},"acf":[],"yoast_head":"<!-- This site is optimized with the Yoast SEO plugin v27.0 - https:\/\/yoast.com\/product\/yoast-seo-wordpress\/ -->\n<title>Rum Deadhead 6y 0,7l 40% - rumicon.sk<\/title>\n<meta name=\"robots\" content=\"index, follow, max-snippet:-1, max-image-preview:large, max-video-preview:-1\" \/>\n<link rel=\"canonical\" href=\"https:\/\/www.rumicon.sk\/hu\/produkt\/rum-deadhead-6y-07l-40\/\" \/>\n<meta property=\"og:locale\" content=\"hu_HU\" \/>\n<meta property=\"og:type\" content=\"article\" \/>\n<meta property=\"og:title\" content=\"Rum Deadhead 6y 0,7l 40% - rumicon.sk\" \/>\n<meta property=\"og:description\" content=\"A Deadhead Rum egy 6 \u00e9ves mexik\u00f3i rum, amelynek kiss\u00e9 morbid palackja egy zsugor\u00edtott fej alak\u00fa, Tsantsa n\u00e9ven ismert, a legy\u0151z\u00f6tt ellens\u00e9gt\u0151l elrejtett tr\u00f3fea. A rum pr\u00e9mium cukorn\u00e1dl\u00e9 \u00e9s melasz kever\u00e9ke. K\u00e9tszeres lep\u00e1rl\u00e1ssal \u00e9s 6 \u00e9vig eur\u00f3pai t\u00f6lgyfahord\u00f3kban \u00e9s ex-sherry hord\u00f3kban \u00e9rlelik. Ezut\u00e1n keverik, hogy el\u00e9rj\u00e9k a k\u00edv\u00e1nt gazdag, f\u0171szeres \u00edzprofilt. A mexik\u00f3i Veracruz v\u00e1ros\u00e1b\u00f3l [...]\" \/>\n<meta property=\"og:url\" content=\"https:\/\/www.rumicon.sk\/hu\/produkt\/rum-deadhead-6y-07l-40\/\" \/>\n<meta property=\"og:site_name\" content=\"rumicon.sk\" \/>\n<meta property=\"article:publisher\" content=\"https:\/\/www.facebook.com\/people\/Rumicon-Bottle-Cigar-Shop\/100087110283303\/\" \/>\n<meta property=\"article:modified_time\" content=\"2025-08-14T09:50:17+00:00\" \/>\n<meta property=\"og:image\" content=\"https:\/\/www.rumicon.sk\/wp-content\/uploads\/logo-rumicon-bcs-color.png\" \/>\n\t<meta property=\"og:image:width\" content=\"827\" \/>\n\t<meta property=\"og:image:height\" content=\"278\" \/>\n\t<meta property=\"og:image:type\" content=\"image\/png\" \/>\n<meta name=\"twitter:card\" content=\"summary_large_image\" \/>\n<meta name=\"twitter:label1\" content=\"Becs\u00fclt olvas\u00e1si id\u0151\" \/>\n\t<meta name=\"twitter:data1\" content=\"1 perc\" \/>\n<script type=\"application\/ld+json\" class=\"yoast-schema-graph\">{\"@context\":\"https:\/\/schema.org\",\"@graph\":[{\"@type\":\"WebPage\",\"@id\":\"https:\/\/www.rumicon.sk\/hu\/produkt\/rum-deadhead-6y-07l-40\/\",\"url\":\"https:\/\/www.rumicon.sk\/hu\/produkt\/rum-deadhead-6y-07l-40\/\",\"name\":\"Rum Deadhead 6y 0,7l 40% - rumicon.sk\",\"isPartOf\":{\"@id\":\"https:\/\/www.rumicon.sk\/hu\/#website\"},\"primaryImageOfPage\":{\"@id\":\"https:\/\/www.rumicon.sk\/hu\/produkt\/rum-deadhead-6y-07l-40\/#primaryimage\"},\"image\":{\"@id\":\"https:\/\/www.rumicon.sk\/hu\/produkt\/rum-deadhead-6y-07l-40\/#primaryimage\"},\"thumbnailUrl\":\"https:\/\/www.rumicon.sk\/wp-content\/uploads\/rum-deadhead-6y.avif\",\"datePublished\":\"2024-08-09T11:10:46+00:00\",\"dateModified\":\"2025-08-14T09:50:17+00:00\",\"breadcrumb\":{\"@id\":\"https:\/\/www.rumicon.sk\/hu\/produkt\/rum-deadhead-6y-07l-40\/#breadcrumb\"},\"inLanguage\":\"hu\",\"potentialAction\":[{\"@type\":\"ReadAction\",\"target\":[\"https:\/\/www.rumicon.sk\/hu\/produkt\/rum-deadhead-6y-07l-40\/\"]}]},{\"@type\":\"ImageObject\",\"inLanguage\":\"hu\",\"@id\":\"https:\/\/www.rumicon.sk\/hu\/produkt\/rum-deadhead-6y-07l-40\/#primaryimage\",\"url\":\"https:\/\/www.rumicon.sk\/wp-content\/uploads\/rum-deadhead-6y.avif\",\"contentUrl\":\"https:\/\/www.rumicon.sk\/wp-content\/uploads\/rum-deadhead-6y.avif\",\"width\":400,\"height\":400},{\"@type\":\"BreadcrumbList\",\"@id\":\"https:\/\/www.rumicon.sk\/hu\/produkt\/rum-deadhead-6y-07l-40\/#breadcrumb\",\"itemListElement\":[{\"@type\":\"ListItem\",\"position\":1,\"name\":\"Home\",\"item\":\"https:\/\/www.rumicon.sk\/hu\/home\/\"},{\"@type\":\"ListItem\",\"position\":2,\"name\":\"Web\u00e1ruh\u00e1z\",\"item\":\"https:\/\/www.rumicon.sk\/hu\/webaruhaz\/\"},{\"@type\":\"ListItem\",\"position\":3,\"name\":\"Rum Deadhead 6y 0,7l 40%\"}]},{\"@type\":\"WebSite\",\"@id\":\"https:\/\/www.rumicon.sk\/hu\/#website\",\"url\":\"https:\/\/www.rumicon.sk\/hu\/\",\"name\":\"rumicon.sk\",\"description\":\"\",\"publisher\":{\"@id\":\"https:\/\/www.rumicon.sk\/hu\/#organization\"},\"potentialAction\":[{\"@type\":\"SearchAction\",\"target\":{\"@type\":\"EntryPoint\",\"urlTemplate\":\"https:\/\/www.rumicon.sk\/hu\/?s={search_term_string}\"},\"query-input\":{\"@type\":\"PropertyValueSpecification\",\"valueRequired\":true,\"valueName\":\"search_term_string\"}}],\"inLanguage\":\"hu\"},{\"@type\":\"Organization\",\"@id\":\"https:\/\/www.rumicon.sk\/hu\/#organization\",\"name\":\"rumicon.sk\",\"url\":\"https:\/\/www.rumicon.sk\/hu\/\",\"logo\":{\"@type\":\"ImageObject\",\"inLanguage\":\"hu\",\"@id\":\"https:\/\/www.rumicon.sk\/hu\/#\/schema\/logo\/image\/\",\"url\":\"https:\/\/www.rumicon.sk\/wp-content\/uploads\/logo-rumicon-bcs-color.png\",\"contentUrl\":\"https:\/\/www.rumicon.sk\/wp-content\/uploads\/logo-rumicon-bcs-color.png\",\"width\":827,\"height\":278,\"caption\":\"rumicon.sk\"},\"image\":{\"@id\":\"https:\/\/www.rumicon.sk\/hu\/#\/schema\/logo\/image\/\"},\"sameAs\":[\"https:\/\/www.facebook.com\/people\/Rumicon-Bottle-Cigar-Shop\/100087110283303\/\",\"https:\/\/www.instagram.com\/rumicon_bottle_cigar_shop\/\",\"https:\/\/www.tiktok.com\/@rumicon2022\"]}]}<\/script>\n<!-- \/ Yoast SEO plugin. -->","yoast_head_json":{"title":"Rum Deadhead 6y 0,7l 40% - rumicon.sk","robots":{"index":"index","follow":"follow","max-snippet":"max-snippet:-1","max-image-preview":"max-image-preview:large","max-video-preview":"max-video-preview:-1"},"canonical":"https:\/\/www.rumicon.sk\/hu\/produkt\/rum-deadhead-6y-07l-40\/","og_locale":"hu_HU","og_type":"article","og_title":"Rum Deadhead 6y 0,7l 40% - rumicon.sk","og_description":"A Deadhead Rum egy 6 \u00e9ves mexik\u00f3i rum, amelynek kiss\u00e9 morbid palackja egy zsugor\u00edtott fej alak\u00fa, Tsantsa n\u00e9ven ismert, a legy\u0151z\u00f6tt ellens\u00e9gt\u0151l elrejtett tr\u00f3fea. A rum pr\u00e9mium cukorn\u00e1dl\u00e9 \u00e9s melasz kever\u00e9ke. K\u00e9tszeres lep\u00e1rl\u00e1ssal \u00e9s 6 \u00e9vig eur\u00f3pai t\u00f6lgyfahord\u00f3kban \u00e9s ex-sherry hord\u00f3kban \u00e9rlelik. Ezut\u00e1n keverik, hogy el\u00e9rj\u00e9k a k\u00edv\u00e1nt gazdag, f\u0171szeres \u00edzprofilt. A mexik\u00f3i Veracruz v\u00e1ros\u00e1b\u00f3l [...]","og_url":"https:\/\/www.rumicon.sk\/hu\/produkt\/rum-deadhead-6y-07l-40\/","og_site_name":"rumicon.sk","article_publisher":"https:\/\/www.facebook.com\/people\/Rumicon-Bottle-Cigar-Shop\/100087110283303\/","article_modified_time":"2025-08-14T09:50:17+00:00","og_image":[{"width":827,"height":278,"url":"https:\/\/www.rumicon.sk\/wp-content\/uploads\/logo-rumicon-bcs-color.png","type":"image\/png"}],"twitter_card":"summary_large_image","twitter_misc":{"Becs\u00fclt olvas\u00e1si id\u0151":"1 perc"},"schema":{"@context":"https:\/\/schema.org","@graph":[{"@type":"WebPage","@id":"https:\/\/www.rumicon.sk\/hu\/produkt\/rum-deadhead-6y-07l-40\/","url":"https:\/\/www.rumicon.sk\/hu\/produkt\/rum-deadhead-6y-07l-40\/","name":"Rum Deadhead 6y 0,7l 40% - rumicon.sk","isPartOf":{"@id":"https:\/\/www.rumicon.sk\/hu\/#website"},"primaryImageOfPage":{"@id":"https:\/\/www.rumicon.sk\/hu\/produkt\/rum-deadhead-6y-07l-40\/#primaryimage"},"image":{"@id":"https:\/\/www.rumicon.sk\/hu\/produkt\/rum-deadhead-6y-07l-40\/#primaryimage"},"thumbnailUrl":"https:\/\/www.rumicon.sk\/wp-content\/uploads\/rum-deadhead-6y.avif","datePublished":"2024-08-09T11:10:46+00:00","dateModified":"2025-08-14T09:50:17+00:00","breadcrumb":{"@id":"https:\/\/www.rumicon.sk\/hu\/produkt\/rum-deadhead-6y-07l-40\/#breadcrumb"},"inLanguage":"hu","potentialAction":[{"@type":"ReadAction","target":["https:\/\/www.rumicon.sk\/hu\/produkt\/rum-deadhead-6y-07l-40\/"]}]},{"@type":"ImageObject","inLanguage":"hu","@id":"https:\/\/www.rumicon.sk\/hu\/produkt\/rum-deadhead-6y-07l-40\/#primaryimage","url":"https:\/\/www.rumicon.sk\/wp-content\/uploads\/rum-deadhead-6y.avif","contentUrl":"https:\/\/www.rumicon.sk\/wp-content\/uploads\/rum-deadhead-6y.avif","width":400,"height":400},{"@type":"BreadcrumbList","@id":"https:\/\/www.rumicon.sk\/hu\/produkt\/rum-deadhead-6y-07l-40\/#breadcrumb","itemListElement":[{"@type":"ListItem","position":1,"name":"Home","item":"https:\/\/www.rumicon.sk\/hu\/home\/"},{"@type":"ListItem","position":2,"name":"Web\u00e1ruh\u00e1z","item":"https:\/\/www.rumicon.sk\/hu\/webaruhaz\/"},{"@type":"ListItem","position":3,"name":"Rum Deadhead 6y 0,7l 40%"}]},{"@type":"WebSite","@id":"https:\/\/www.rumicon.sk\/hu\/#website","url":"https:\/\/www.rumicon.sk\/hu\/","name":"rumicon.sk","description":"","publisher":{"@id":"https:\/\/www.rumicon.sk\/hu\/#organization"},"potentialAction":[{"@type":"SearchAction","target":{"@type":"EntryPoint","urlTemplate":"https:\/\/www.rumicon.sk\/hu\/?s={search_term_string}"},"query-input":{"@type":"PropertyValueSpecification","valueRequired":true,"valueName":"search_term_string"}}],"inLanguage":"hu"},{"@type":"Organization","@id":"https:\/\/www.rumicon.sk\/hu\/#organization","name":"rumicon.sk","url":"https:\/\/www.rumicon.sk\/hu\/","logo":{"@type":"ImageObject","inLanguage":"hu","@id":"https:\/\/www.rumicon.sk\/hu\/#\/schema\/logo\/image\/","url":"https:\/\/www.rumicon.sk\/wp-content\/uploads\/logo-rumicon-bcs-color.png","contentUrl":"https:\/\/www.rumicon.sk\/wp-content\/uploads\/logo-rumicon-bcs-color.png","width":827,"height":278,"caption":"rumicon.sk"},"image":{"@id":"https:\/\/www.rumicon.sk\/hu\/#\/schema\/logo\/image\/"},"sameAs":["https:\/\/www.facebook.com\/people\/Rumicon-Bottle-Cigar-Shop\/100087110283303\/","https:\/\/www.instagram.com\/rumicon_bottle_cigar_shop\/","https:\/\/www.tiktok.com\/@rumicon2022"]}]}},"_links":{"self":[{"href":"https:\/\/www.rumicon.sk\/hu\/wp-json\/wp\/v2\/product\/5777","targetHints":{"allow":["GET"]}}],"collection":[{"href":"https:\/\/www.rumicon.sk\/hu\/wp-json\/wp\/v2\/product"}],"about":[{"href":"https:\/\/www.rumicon.sk\/hu\/wp-json\/wp\/v2\/types\/product"}],"replies":[{"embeddable":true,"href":"https:\/\/www.rumicon.sk\/hu\/wp-json\/wp\/v2\/comments?post=5777"}],"wp:featuredmedia":[{"embeddable":true,"href":"https:\/\/www.rumicon.sk\/hu\/wp-json\/wp\/v2\/media\/5780"}],"wp:attachment":[{"href":"https:\/\/www.rumicon.sk\/hu\/wp-json\/wp\/v2\/media?parent=5777"}],"wp:term":[{"taxonomy":"product_brand","embeddable":true,"href":"https:\/\/www.rumicon.sk\/hu\/wp-json\/wp\/v2\/product_brand?post=5777"},{"taxonomy":"product_cat","embeddable":true,"href":"https:\/\/www.rumicon.sk\/hu\/wp-json\/wp\/v2\/product_cat?post=5777"},{"taxonomy":"product_tag","embeddable":true,"href":"https:\/\/www.rumicon.sk\/hu\/wp-json\/wp\/v2\/product_tag?post=5777"}],"curies":[{"name":"wp","href":"https:\/\/api.w.org\/{rel}","templated":true}]}}