{"id":5770,"date":"2024-09-19T09:26:09","date_gmt":"2024-09-19T07:26:09","guid":{"rendered":"https:\/\/www.rumicon.sk\/produkt\/casa-turrent-1880-maduro-double-robusto-10\/"},"modified":"2025-08-14T11:50:16","modified_gmt":"2025-08-14T09:50:16","slug":"casa-turrent-1880-maduro-double-robusto-10","status":"publish","type":"product","link":"https:\/\/www.rumicon.sk\/hu\/produkt\/casa-turrent-1880-maduro-double-robusto-10\/","title":{"rendered":"Casa Turrent 1880 Maduro Double Robusto"},"content":{"rendered":"<p>A Casa Turrent 1880 Maduro a San Andr\u00e9s r\u00e9gi\u00f3ban termesztett s\u00f6t\u00e9t Maduro bor\u00edt\u00f3val \u00e9s az ugyanebben a r\u00e9gi\u00f3ban termesztett Habano Criollo doh\u00e1nyb\u00f3l, valamint mexik\u00f3i \u00e9s nicaraguai t\u00f6lt\u0151doh\u00e1nyokb\u00f3l k\u00e9sz\u00fclt bor\u00edt\u00f3val rendelkezik. A Maduro s\u00f6t\u00e9tbarna bor\u00edt\u00f3ja cs\u00e1b\u00edt\u00f3 &#8211; gazdag \u00e9s s\u00f3s. A szegf\u0171szeg, a fah\u00e9j, a sz\u00e1raz kaka\u00f3por \u00e9s a nedves f\u00f6ld jegyei keverednek a gy\u00fcm\u00f6lcs\u00f6s lekv\u00e1rral.<\/p>\n<p>A befejez\u00e9sben b\u0151r \u00e9s f\u0171szerek visszhangzanak. Sz\u00e1rmaz\u00e1s: Mexik\u00f3 Hossz\u00fas\u00e1g x \u00e1tm\u00e9r\u0151: 165 mm x 22 mm Er\u0151ss\u00e9g: A szivarok a b\u0151r \u00e9s a f\u0171szeres \u00edzek kever\u00e9k\u00e9t tartalmazz\u00e1k: Er\u0151s  <\/p>\n","protected":false},"excerpt":{"rendered":"<p>A Casa Turrent 1880 Maduro a San Andr\u00e9s r\u00e9gi\u00f3ban termesztett s\u00f6t\u00e9t Maduro bor\u00edt\u00f3val \u00e9s az ugyanebben a r\u00e9gi\u00f3ban termesztett Habano Criollo doh\u00e1nyb\u00f3l, valamint mexik\u00f3i \u00e9s nicaraguai t\u00f6lt\u0151doh\u00e1nyokb\u00f3l k\u00e9sz\u00fclt bor\u00edt\u00f3val rendelkezik. A Maduro s\u00f6t\u00e9tbarna bor\u00edt\u00f3ja cs\u00e1b\u00edt\u00f3 &#8211; gazdag \u00e9s s\u00f3s. A szegf\u0171szeg, a fah\u00e9j, a sz\u00e1raz kaka\u00f3por \u00e9s a nedves f\u00f6ld jegyei keverednek a gy\u00fcm\u00f6lcs\u00f6s lekv\u00e1rral. [&#8230;]\n","protected":false},"featured_media":5772,"comment_status":"closed","ping_status":"closed","template":"","meta":{"_acf_changed":false},"product_brand":[],"product_cat":[584],"product_tag":[],"class_list":{"0":"post-5770","1":"product","2":"type-product","3":"status-publish","4":"has-post-thumbnail","6":"product_cat-szivarok","7":"pa_krajina-povodu-mexiko-hu","9":"first","10":"instock","11":"taxable","12":"shipping-taxable","13":"purchasable","14":"product-type-simple"},"acf":[],"yoast_head":"<!-- This site is optimized with the Yoast SEO plugin v27.0 - https:\/\/yoast.com\/product\/yoast-seo-wordpress\/ -->\n<title>Casa Turrent 1880 Maduro Double Robusto - rumicon.sk<\/title>\n<meta name=\"robots\" content=\"index, follow, max-snippet:-1, max-image-preview:large, max-video-preview:-1\" \/>\n<link rel=\"canonical\" href=\"https:\/\/www.rumicon.sk\/hu\/produkt\/casa-turrent-1880-maduro-double-robusto-10\/\" \/>\n<meta property=\"og:locale\" content=\"hu_HU\" \/>\n<meta property=\"og:type\" content=\"article\" \/>\n<meta property=\"og:title\" content=\"Casa Turrent 1880 Maduro Double Robusto - rumicon.sk\" \/>\n<meta property=\"og:description\" content=\"A Casa Turrent 1880 Maduro a San Andr\u00e9s r\u00e9gi\u00f3ban termesztett s\u00f6t\u00e9t Maduro bor\u00edt\u00f3val \u00e9s az ugyanebben a r\u00e9gi\u00f3ban termesztett Habano Criollo doh\u00e1nyb\u00f3l, valamint mexik\u00f3i \u00e9s nicaraguai t\u00f6lt\u0151doh\u00e1nyokb\u00f3l k\u00e9sz\u00fclt bor\u00edt\u00f3val rendelkezik. A Maduro s\u00f6t\u00e9tbarna bor\u00edt\u00f3ja cs\u00e1b\u00edt\u00f3 &#8211; gazdag \u00e9s s\u00f3s. A szegf\u0171szeg, a fah\u00e9j, a sz\u00e1raz kaka\u00f3por \u00e9s a nedves f\u00f6ld jegyei keverednek a gy\u00fcm\u00f6lcs\u00f6s lekv\u00e1rral. [...]\" \/>\n<meta property=\"og:url\" content=\"https:\/\/www.rumicon.sk\/hu\/produkt\/casa-turrent-1880-maduro-double-robusto-10\/\" \/>\n<meta property=\"og:site_name\" content=\"rumicon.sk\" \/>\n<meta property=\"article:publisher\" content=\"https:\/\/www.facebook.com\/people\/Rumicon-Bottle-Cigar-Shop\/100087110283303\/\" \/>\n<meta property=\"article:modified_time\" content=\"2025-08-14T09:50:16+00:00\" \/>\n<meta property=\"og:image\" content=\"https:\/\/www.rumicon.sk\/wp-content\/uploads\/Casa-Turrent-1880-Maduro-D.-Robusto.jpg\" \/>\n\t<meta property=\"og:image:width\" content=\"500\" \/>\n\t<meta property=\"og:image:height\" content=\"500\" \/>\n\t<meta property=\"og:image:type\" content=\"image\/jpeg\" \/>\n<meta name=\"twitter:card\" content=\"summary_large_image\" \/>\n<meta name=\"twitter:label1\" content=\"Becs\u00fclt olvas\u00e1si id\u0151\" \/>\n\t<meta name=\"twitter:data1\" content=\"1 perc\" \/>\n<script type=\"application\/ld+json\" class=\"yoast-schema-graph\">{\"@context\":\"https:\/\/schema.org\",\"@graph\":[{\"@type\":\"WebPage\",\"@id\":\"https:\/\/www.rumicon.sk\/hu\/produkt\/casa-turrent-1880-maduro-double-robusto-10\/\",\"url\":\"https:\/\/www.rumicon.sk\/hu\/produkt\/casa-turrent-1880-maduro-double-robusto-10\/\",\"name\":\"Casa Turrent 1880 Maduro Double Robusto - rumicon.sk\",\"isPartOf\":{\"@id\":\"https:\/\/www.rumicon.sk\/hu\/#website\"},\"primaryImageOfPage\":{\"@id\":\"https:\/\/www.rumicon.sk\/hu\/produkt\/casa-turrent-1880-maduro-double-robusto-10\/#primaryimage\"},\"image\":{\"@id\":\"https:\/\/www.rumicon.sk\/hu\/produkt\/casa-turrent-1880-maduro-double-robusto-10\/#primaryimage\"},\"thumbnailUrl\":\"https:\/\/www.rumicon.sk\/wp-content\/uploads\/Casa-Turrent-1880-Maduro-D.-Robusto.jpg\",\"datePublished\":\"2024-09-19T07:26:09+00:00\",\"dateModified\":\"2025-08-14T09:50:16+00:00\",\"breadcrumb\":{\"@id\":\"https:\/\/www.rumicon.sk\/hu\/produkt\/casa-turrent-1880-maduro-double-robusto-10\/#breadcrumb\"},\"inLanguage\":\"hu\",\"potentialAction\":[{\"@type\":\"ReadAction\",\"target\":[\"https:\/\/www.rumicon.sk\/hu\/produkt\/casa-turrent-1880-maduro-double-robusto-10\/\"]}]},{\"@type\":\"ImageObject\",\"inLanguage\":\"hu\",\"@id\":\"https:\/\/www.rumicon.sk\/hu\/produkt\/casa-turrent-1880-maduro-double-robusto-10\/#primaryimage\",\"url\":\"https:\/\/www.rumicon.sk\/wp-content\/uploads\/Casa-Turrent-1880-Maduro-D.-Robusto.jpg\",\"contentUrl\":\"https:\/\/www.rumicon.sk\/wp-content\/uploads\/Casa-Turrent-1880-Maduro-D.-Robusto.jpg\",\"width\":500,\"height\":500,\"caption\":\"casa turrent 1880 maduro robusto\"},{\"@type\":\"BreadcrumbList\",\"@id\":\"https:\/\/www.rumicon.sk\/hu\/produkt\/casa-turrent-1880-maduro-double-robusto-10\/#breadcrumb\",\"itemListElement\":[{\"@type\":\"ListItem\",\"position\":1,\"name\":\"Home\",\"item\":\"https:\/\/www.rumicon.sk\/hu\/home\/\"},{\"@type\":\"ListItem\",\"position\":2,\"name\":\"Web\u00e1ruh\u00e1z\",\"item\":\"https:\/\/www.rumicon.sk\/hu\/webaruhaz\/\"},{\"@type\":\"ListItem\",\"position\":3,\"name\":\"Casa Turrent 1880 Maduro Double Robusto\"}]},{\"@type\":\"WebSite\",\"@id\":\"https:\/\/www.rumicon.sk\/hu\/#website\",\"url\":\"https:\/\/www.rumicon.sk\/hu\/\",\"name\":\"rumicon.sk\",\"description\":\"\",\"publisher\":{\"@id\":\"https:\/\/www.rumicon.sk\/hu\/#organization\"},\"potentialAction\":[{\"@type\":\"SearchAction\",\"target\":{\"@type\":\"EntryPoint\",\"urlTemplate\":\"https:\/\/www.rumicon.sk\/hu\/?s={search_term_string}\"},\"query-input\":{\"@type\":\"PropertyValueSpecification\",\"valueRequired\":true,\"valueName\":\"search_term_string\"}}],\"inLanguage\":\"hu\"},{\"@type\":\"Organization\",\"@id\":\"https:\/\/www.rumicon.sk\/hu\/#organization\",\"name\":\"rumicon.sk\",\"url\":\"https:\/\/www.rumicon.sk\/hu\/\",\"logo\":{\"@type\":\"ImageObject\",\"inLanguage\":\"hu\",\"@id\":\"https:\/\/www.rumicon.sk\/hu\/#\/schema\/logo\/image\/\",\"url\":\"https:\/\/www.rumicon.sk\/wp-content\/uploads\/logo-rumicon-bcs-color.png\",\"contentUrl\":\"https:\/\/www.rumicon.sk\/wp-content\/uploads\/logo-rumicon-bcs-color.png\",\"width\":827,\"height\":278,\"caption\":\"rumicon.sk\"},\"image\":{\"@id\":\"https:\/\/www.rumicon.sk\/hu\/#\/schema\/logo\/image\/\"},\"sameAs\":[\"https:\/\/www.facebook.com\/people\/Rumicon-Bottle-Cigar-Shop\/100087110283303\/\",\"https:\/\/www.instagram.com\/rumicon_bottle_cigar_shop\/\",\"https:\/\/www.tiktok.com\/@rumicon2022\"]}]}<\/script>\n<!-- \/ Yoast SEO plugin. -->","yoast_head_json":{"title":"Casa Turrent 1880 Maduro Double Robusto - rumicon.sk","robots":{"index":"index","follow":"follow","max-snippet":"max-snippet:-1","max-image-preview":"max-image-preview:large","max-video-preview":"max-video-preview:-1"},"canonical":"https:\/\/www.rumicon.sk\/hu\/produkt\/casa-turrent-1880-maduro-double-robusto-10\/","og_locale":"hu_HU","og_type":"article","og_title":"Casa Turrent 1880 Maduro Double Robusto - rumicon.sk","og_description":"A Casa Turrent 1880 Maduro a San Andr\u00e9s r\u00e9gi\u00f3ban termesztett s\u00f6t\u00e9t Maduro bor\u00edt\u00f3val \u00e9s az ugyanebben a r\u00e9gi\u00f3ban termesztett Habano Criollo doh\u00e1nyb\u00f3l, valamint mexik\u00f3i \u00e9s nicaraguai t\u00f6lt\u0151doh\u00e1nyokb\u00f3l k\u00e9sz\u00fclt bor\u00edt\u00f3val rendelkezik. A Maduro s\u00f6t\u00e9tbarna bor\u00edt\u00f3ja cs\u00e1b\u00edt\u00f3 &#8211; gazdag \u00e9s s\u00f3s. A szegf\u0171szeg, a fah\u00e9j, a sz\u00e1raz kaka\u00f3por \u00e9s a nedves f\u00f6ld jegyei keverednek a gy\u00fcm\u00f6lcs\u00f6s lekv\u00e1rral. [...]","og_url":"https:\/\/www.rumicon.sk\/hu\/produkt\/casa-turrent-1880-maduro-double-robusto-10\/","og_site_name":"rumicon.sk","article_publisher":"https:\/\/www.facebook.com\/people\/Rumicon-Bottle-Cigar-Shop\/100087110283303\/","article_modified_time":"2025-08-14T09:50:16+00:00","og_image":[{"width":500,"height":500,"url":"https:\/\/www.rumicon.sk\/wp-content\/uploads\/Casa-Turrent-1880-Maduro-D.-Robusto.jpg","type":"image\/jpeg"}],"twitter_card":"summary_large_image","twitter_misc":{"Becs\u00fclt olvas\u00e1si id\u0151":"1 perc"},"schema":{"@context":"https:\/\/schema.org","@graph":[{"@type":"WebPage","@id":"https:\/\/www.rumicon.sk\/hu\/produkt\/casa-turrent-1880-maduro-double-robusto-10\/","url":"https:\/\/www.rumicon.sk\/hu\/produkt\/casa-turrent-1880-maduro-double-robusto-10\/","name":"Casa Turrent 1880 Maduro Double Robusto - rumicon.sk","isPartOf":{"@id":"https:\/\/www.rumicon.sk\/hu\/#website"},"primaryImageOfPage":{"@id":"https:\/\/www.rumicon.sk\/hu\/produkt\/casa-turrent-1880-maduro-double-robusto-10\/#primaryimage"},"image":{"@id":"https:\/\/www.rumicon.sk\/hu\/produkt\/casa-turrent-1880-maduro-double-robusto-10\/#primaryimage"},"thumbnailUrl":"https:\/\/www.rumicon.sk\/wp-content\/uploads\/Casa-Turrent-1880-Maduro-D.-Robusto.jpg","datePublished":"2024-09-19T07:26:09+00:00","dateModified":"2025-08-14T09:50:16+00:00","breadcrumb":{"@id":"https:\/\/www.rumicon.sk\/hu\/produkt\/casa-turrent-1880-maduro-double-robusto-10\/#breadcrumb"},"inLanguage":"hu","potentialAction":[{"@type":"ReadAction","target":["https:\/\/www.rumicon.sk\/hu\/produkt\/casa-turrent-1880-maduro-double-robusto-10\/"]}]},{"@type":"ImageObject","inLanguage":"hu","@id":"https:\/\/www.rumicon.sk\/hu\/produkt\/casa-turrent-1880-maduro-double-robusto-10\/#primaryimage","url":"https:\/\/www.rumicon.sk\/wp-content\/uploads\/Casa-Turrent-1880-Maduro-D.-Robusto.jpg","contentUrl":"https:\/\/www.rumicon.sk\/wp-content\/uploads\/Casa-Turrent-1880-Maduro-D.-Robusto.jpg","width":500,"height":500,"caption":"casa turrent 1880 maduro robusto"},{"@type":"BreadcrumbList","@id":"https:\/\/www.rumicon.sk\/hu\/produkt\/casa-turrent-1880-maduro-double-robusto-10\/#breadcrumb","itemListElement":[{"@type":"ListItem","position":1,"name":"Home","item":"https:\/\/www.rumicon.sk\/hu\/home\/"},{"@type":"ListItem","position":2,"name":"Web\u00e1ruh\u00e1z","item":"https:\/\/www.rumicon.sk\/hu\/webaruhaz\/"},{"@type":"ListItem","position":3,"name":"Casa Turrent 1880 Maduro Double Robusto"}]},{"@type":"WebSite","@id":"https:\/\/www.rumicon.sk\/hu\/#website","url":"https:\/\/www.rumicon.sk\/hu\/","name":"rumicon.sk","description":"","publisher":{"@id":"https:\/\/www.rumicon.sk\/hu\/#organization"},"potentialAction":[{"@type":"SearchAction","target":{"@type":"EntryPoint","urlTemplate":"https:\/\/www.rumicon.sk\/hu\/?s={search_term_string}"},"query-input":{"@type":"PropertyValueSpecification","valueRequired":true,"valueName":"search_term_string"}}],"inLanguage":"hu"},{"@type":"Organization","@id":"https:\/\/www.rumicon.sk\/hu\/#organization","name":"rumicon.sk","url":"https:\/\/www.rumicon.sk\/hu\/","logo":{"@type":"ImageObject","inLanguage":"hu","@id":"https:\/\/www.rumicon.sk\/hu\/#\/schema\/logo\/image\/","url":"https:\/\/www.rumicon.sk\/wp-content\/uploads\/logo-rumicon-bcs-color.png","contentUrl":"https:\/\/www.rumicon.sk\/wp-content\/uploads\/logo-rumicon-bcs-color.png","width":827,"height":278,"caption":"rumicon.sk"},"image":{"@id":"https:\/\/www.rumicon.sk\/hu\/#\/schema\/logo\/image\/"},"sameAs":["https:\/\/www.facebook.com\/people\/Rumicon-Bottle-Cigar-Shop\/100087110283303\/","https:\/\/www.instagram.com\/rumicon_bottle_cigar_shop\/","https:\/\/www.tiktok.com\/@rumicon2022"]}]}},"_links":{"self":[{"href":"https:\/\/www.rumicon.sk\/hu\/wp-json\/wp\/v2\/product\/5770","targetHints":{"allow":["GET"]}}],"collection":[{"href":"https:\/\/www.rumicon.sk\/hu\/wp-json\/wp\/v2\/product"}],"about":[{"href":"https:\/\/www.rumicon.sk\/hu\/wp-json\/wp\/v2\/types\/product"}],"replies":[{"embeddable":true,"href":"https:\/\/www.rumicon.sk\/hu\/wp-json\/wp\/v2\/comments?post=5770"}],"wp:featuredmedia":[{"embeddable":true,"href":"https:\/\/www.rumicon.sk\/hu\/wp-json\/wp\/v2\/media\/5772"}],"wp:attachment":[{"href":"https:\/\/www.rumicon.sk\/hu\/wp-json\/wp\/v2\/media?parent=5770"}],"wp:term":[{"taxonomy":"product_brand","embeddable":true,"href":"https:\/\/www.rumicon.sk\/hu\/wp-json\/wp\/v2\/product_brand?post=5770"},{"taxonomy":"product_cat","embeddable":true,"href":"https:\/\/www.rumicon.sk\/hu\/wp-json\/wp\/v2\/product_cat?post=5770"},{"taxonomy":"product_tag","embeddable":true,"href":"https:\/\/www.rumicon.sk\/hu\/wp-json\/wp\/v2\/product_tag?post=5770"}],"curies":[{"name":"wp","href":"https:\/\/api.w.org\/{rel}","templated":true}]}}