{"id":5761,"date":"2024-09-19T09:26:08","date_gmt":"2024-09-19T07:26:08","guid":{"rendered":"https:\/\/www.rumicon.sk\/produkt\/bellas-artes-maduro-robusto-20\/"},"modified":"2025-08-14T11:50:35","modified_gmt":"2025-08-14T09:50:35","slug":"bellas-artes-maduro-robusto-20","status":"publish","type":"product","link":"https:\/\/www.rumicon.sk\/hu\/produkt\/bellas-artes-maduro-robusto-20\/","title":{"rendered":"Bellas Artes Maduro Robusto"},"content":{"rendered":"<p>Az A.J.Fernandez Bellas Artes Maduro szivar egy m\u00e1sik nagyszer\u0171 vonal ett\u0151l a m\u00e1rk\u00e1t\u00f3l. A Bellas Artes Maduro vonal 2018-ban jelent meg el\u0151sz\u00f6r, \u00e9s rekordid\u0151 alatt nyerte el rajong\u00f3it. A bor\u00edt\u00f3 egy gy\u00f6ny\u00f6r\u0171, s\u00f6t\u00e9t brazil Mata Fina bor\u00edt\u00f3, \u00e9s a mexik\u00f3i San Andres Valley k\u00f6t\u0151anyaggal \u00e9s a nicaraguai t\u00f6lt\u0151anyaggal egy\u00fctt t\u00f6k\u00e9letes kombin\u00e1ci\u00f3t alkotnak a Maduro szivarok rajong\u00f3i sz\u00e1m\u00e1ra.<\/p>\n<p>Az A.J. Fernandez Bellas Artes Maduro k\u00f6zepest\u0151l az er\u0151sig terjed, csokol\u00e1d\u00e9s, f\u00e1s \u00e9s f\u0171szeres jegyekkel. Sz\u00e1rmaz\u00e1s: Nicaragua Hossz x \u00e1tm\u00e9r\u0151: 140 mm x 20 mm Er\u0151ss\u00e9g: k\u00f6zepest\u0151l az er\u0151sig   <\/p>\n","protected":false},"excerpt":{"rendered":"<p>Az A.J.Fernandez Bellas Artes Maduro szivar egy m\u00e1sik nagyszer\u0171 vonal ett\u0151l a m\u00e1rk\u00e1t\u00f3l. A Bellas Artes Maduro vonal 2018-ban jelent meg el\u0151sz\u00f6r, \u00e9s rekordid\u0151 alatt nyerte el rajong\u00f3it. A bor\u00edt\u00f3 egy gy\u00f6ny\u00f6r\u0171, s\u00f6t\u00e9t brazil Mata Fina bor\u00edt\u00f3, \u00e9s a mexik\u00f3i San Andres Valley k\u00f6t\u0151anyaggal \u00e9s a nicaraguai t\u00f6lt\u0151anyaggal egy\u00fctt t\u00f6k\u00e9letes kombin\u00e1ci\u00f3t alkotnak a Maduro szivarok [&#8230;]\n","protected":false},"featured_media":5763,"comment_status":"closed","ping_status":"closed","template":"","meta":{"_acf_changed":false},"product_brand":[],"product_cat":[584],"product_tag":[],"class_list":{"0":"post-5761","1":"product","2":"type-product","3":"status-publish","4":"has-post-thumbnail","6":"product_cat-szivarok","7":"pa_krajina-povodu-nicaragua","9":"first","10":"instock","11":"taxable","12":"shipping-taxable","13":"purchasable","14":"product-type-simple"},"acf":[],"yoast_head":"<!-- This site is optimized with the Yoast SEO plugin v27.0 - https:\/\/yoast.com\/product\/yoast-seo-wordpress\/ -->\n<title>Bellas Artes Maduro Robusto - rumicon.sk<\/title>\n<meta name=\"robots\" content=\"index, follow, max-snippet:-1, max-image-preview:large, max-video-preview:-1\" \/>\n<link rel=\"canonical\" href=\"https:\/\/www.rumicon.sk\/hu\/produkt\/bellas-artes-maduro-robusto-20\/\" \/>\n<meta property=\"og:locale\" content=\"hu_HU\" \/>\n<meta property=\"og:type\" content=\"article\" \/>\n<meta property=\"og:title\" content=\"Bellas Artes Maduro Robusto - rumicon.sk\" \/>\n<meta property=\"og:description\" content=\"Az A.J.Fernandez Bellas Artes Maduro szivar egy m\u00e1sik nagyszer\u0171 vonal ett\u0151l a m\u00e1rk\u00e1t\u00f3l. A Bellas Artes Maduro vonal 2018-ban jelent meg el\u0151sz\u00f6r, \u00e9s rekordid\u0151 alatt nyerte el rajong\u00f3it. A bor\u00edt\u00f3 egy gy\u00f6ny\u00f6r\u0171, s\u00f6t\u00e9t brazil Mata Fina bor\u00edt\u00f3, \u00e9s a mexik\u00f3i San Andres Valley k\u00f6t\u0151anyaggal \u00e9s a nicaraguai t\u00f6lt\u0151anyaggal egy\u00fctt t\u00f6k\u00e9letes kombin\u00e1ci\u00f3t alkotnak a Maduro szivarok [...]\" \/>\n<meta property=\"og:url\" content=\"https:\/\/www.rumicon.sk\/hu\/produkt\/bellas-artes-maduro-robusto-20\/\" \/>\n<meta property=\"og:site_name\" content=\"rumicon.sk\" \/>\n<meta property=\"article:publisher\" content=\"https:\/\/www.facebook.com\/people\/Rumicon-Bottle-Cigar-Shop\/100087110283303\/\" \/>\n<meta property=\"article:modified_time\" content=\"2025-08-14T09:50:35+00:00\" \/>\n<meta property=\"og:image\" content=\"https:\/\/www.rumicon.sk\/wp-content\/uploads\/Bellas-Artes-Maduro-Robusto.jpg\" \/>\n\t<meta property=\"og:image:width\" content=\"2825\" \/>\n\t<meta property=\"og:image:height\" content=\"2826\" \/>\n\t<meta property=\"og:image:type\" content=\"image\/jpeg\" \/>\n<meta name=\"twitter:card\" content=\"summary_large_image\" \/>\n<meta name=\"twitter:label1\" content=\"Becs\u00fclt olvas\u00e1si id\u0151\" \/>\n\t<meta name=\"twitter:data1\" content=\"1 perc\" \/>\n<script type=\"application\/ld+json\" class=\"yoast-schema-graph\">{\"@context\":\"https:\/\/schema.org\",\"@graph\":[{\"@type\":\"WebPage\",\"@id\":\"https:\/\/www.rumicon.sk\/hu\/produkt\/bellas-artes-maduro-robusto-20\/\",\"url\":\"https:\/\/www.rumicon.sk\/hu\/produkt\/bellas-artes-maduro-robusto-20\/\",\"name\":\"Bellas Artes Maduro Robusto - rumicon.sk\",\"isPartOf\":{\"@id\":\"https:\/\/www.rumicon.sk\/hu\/#website\"},\"primaryImageOfPage\":{\"@id\":\"https:\/\/www.rumicon.sk\/hu\/produkt\/bellas-artes-maduro-robusto-20\/#primaryimage\"},\"image\":{\"@id\":\"https:\/\/www.rumicon.sk\/hu\/produkt\/bellas-artes-maduro-robusto-20\/#primaryimage\"},\"thumbnailUrl\":\"https:\/\/www.rumicon.sk\/wp-content\/uploads\/Bellas-Artes-Maduro-Robusto.jpg\",\"datePublished\":\"2024-09-19T07:26:08+00:00\",\"dateModified\":\"2025-08-14T09:50:35+00:00\",\"breadcrumb\":{\"@id\":\"https:\/\/www.rumicon.sk\/hu\/produkt\/bellas-artes-maduro-robusto-20\/#breadcrumb\"},\"inLanguage\":\"hu\",\"potentialAction\":[{\"@type\":\"ReadAction\",\"target\":[\"https:\/\/www.rumicon.sk\/hu\/produkt\/bellas-artes-maduro-robusto-20\/\"]}]},{\"@type\":\"ImageObject\",\"inLanguage\":\"hu\",\"@id\":\"https:\/\/www.rumicon.sk\/hu\/produkt\/bellas-artes-maduro-robusto-20\/#primaryimage\",\"url\":\"https:\/\/www.rumicon.sk\/wp-content\/uploads\/Bellas-Artes-Maduro-Robusto.jpg\",\"contentUrl\":\"https:\/\/www.rumicon.sk\/wp-content\/uploads\/Bellas-Artes-Maduro-Robusto.jpg\",\"width\":2825,\"height\":2826,\"caption\":\"bellas artes maduro robusto\"},{\"@type\":\"BreadcrumbList\",\"@id\":\"https:\/\/www.rumicon.sk\/hu\/produkt\/bellas-artes-maduro-robusto-20\/#breadcrumb\",\"itemListElement\":[{\"@type\":\"ListItem\",\"position\":1,\"name\":\"Home\",\"item\":\"https:\/\/www.rumicon.sk\/hu\/home\/\"},{\"@type\":\"ListItem\",\"position\":2,\"name\":\"Web\u00e1ruh\u00e1z\",\"item\":\"https:\/\/www.rumicon.sk\/hu\/webaruhaz\/\"},{\"@type\":\"ListItem\",\"position\":3,\"name\":\"Bellas Artes Maduro Robusto\"}]},{\"@type\":\"WebSite\",\"@id\":\"https:\/\/www.rumicon.sk\/hu\/#website\",\"url\":\"https:\/\/www.rumicon.sk\/hu\/\",\"name\":\"rumicon.sk\",\"description\":\"\",\"publisher\":{\"@id\":\"https:\/\/www.rumicon.sk\/hu\/#organization\"},\"potentialAction\":[{\"@type\":\"SearchAction\",\"target\":{\"@type\":\"EntryPoint\",\"urlTemplate\":\"https:\/\/www.rumicon.sk\/hu\/?s={search_term_string}\"},\"query-input\":{\"@type\":\"PropertyValueSpecification\",\"valueRequired\":true,\"valueName\":\"search_term_string\"}}],\"inLanguage\":\"hu\"},{\"@type\":\"Organization\",\"@id\":\"https:\/\/www.rumicon.sk\/hu\/#organization\",\"name\":\"rumicon.sk\",\"url\":\"https:\/\/www.rumicon.sk\/hu\/\",\"logo\":{\"@type\":\"ImageObject\",\"inLanguage\":\"hu\",\"@id\":\"https:\/\/www.rumicon.sk\/hu\/#\/schema\/logo\/image\/\",\"url\":\"https:\/\/www.rumicon.sk\/wp-content\/uploads\/logo-rumicon-bcs-color.png\",\"contentUrl\":\"https:\/\/www.rumicon.sk\/wp-content\/uploads\/logo-rumicon-bcs-color.png\",\"width\":827,\"height\":278,\"caption\":\"rumicon.sk\"},\"image\":{\"@id\":\"https:\/\/www.rumicon.sk\/hu\/#\/schema\/logo\/image\/\"},\"sameAs\":[\"https:\/\/www.facebook.com\/people\/Rumicon-Bottle-Cigar-Shop\/100087110283303\/\",\"https:\/\/www.instagram.com\/rumicon_bottle_cigar_shop\/\",\"https:\/\/www.tiktok.com\/@rumicon2022\"]}]}<\/script>\n<!-- \/ Yoast SEO plugin. -->","yoast_head_json":{"title":"Bellas Artes Maduro Robusto - rumicon.sk","robots":{"index":"index","follow":"follow","max-snippet":"max-snippet:-1","max-image-preview":"max-image-preview:large","max-video-preview":"max-video-preview:-1"},"canonical":"https:\/\/www.rumicon.sk\/hu\/produkt\/bellas-artes-maduro-robusto-20\/","og_locale":"hu_HU","og_type":"article","og_title":"Bellas Artes Maduro Robusto - rumicon.sk","og_description":"Az A.J.Fernandez Bellas Artes Maduro szivar egy m\u00e1sik nagyszer\u0171 vonal ett\u0151l a m\u00e1rk\u00e1t\u00f3l. A Bellas Artes Maduro vonal 2018-ban jelent meg el\u0151sz\u00f6r, \u00e9s rekordid\u0151 alatt nyerte el rajong\u00f3it. A bor\u00edt\u00f3 egy gy\u00f6ny\u00f6r\u0171, s\u00f6t\u00e9t brazil Mata Fina bor\u00edt\u00f3, \u00e9s a mexik\u00f3i San Andres Valley k\u00f6t\u0151anyaggal \u00e9s a nicaraguai t\u00f6lt\u0151anyaggal egy\u00fctt t\u00f6k\u00e9letes kombin\u00e1ci\u00f3t alkotnak a Maduro szivarok [...]","og_url":"https:\/\/www.rumicon.sk\/hu\/produkt\/bellas-artes-maduro-robusto-20\/","og_site_name":"rumicon.sk","article_publisher":"https:\/\/www.facebook.com\/people\/Rumicon-Bottle-Cigar-Shop\/100087110283303\/","article_modified_time":"2025-08-14T09:50:35+00:00","og_image":[{"width":2825,"height":2826,"url":"https:\/\/www.rumicon.sk\/wp-content\/uploads\/Bellas-Artes-Maduro-Robusto.jpg","type":"image\/jpeg"}],"twitter_card":"summary_large_image","twitter_misc":{"Becs\u00fclt olvas\u00e1si id\u0151":"1 perc"},"schema":{"@context":"https:\/\/schema.org","@graph":[{"@type":"WebPage","@id":"https:\/\/www.rumicon.sk\/hu\/produkt\/bellas-artes-maduro-robusto-20\/","url":"https:\/\/www.rumicon.sk\/hu\/produkt\/bellas-artes-maduro-robusto-20\/","name":"Bellas Artes Maduro Robusto - rumicon.sk","isPartOf":{"@id":"https:\/\/www.rumicon.sk\/hu\/#website"},"primaryImageOfPage":{"@id":"https:\/\/www.rumicon.sk\/hu\/produkt\/bellas-artes-maduro-robusto-20\/#primaryimage"},"image":{"@id":"https:\/\/www.rumicon.sk\/hu\/produkt\/bellas-artes-maduro-robusto-20\/#primaryimage"},"thumbnailUrl":"https:\/\/www.rumicon.sk\/wp-content\/uploads\/Bellas-Artes-Maduro-Robusto.jpg","datePublished":"2024-09-19T07:26:08+00:00","dateModified":"2025-08-14T09:50:35+00:00","breadcrumb":{"@id":"https:\/\/www.rumicon.sk\/hu\/produkt\/bellas-artes-maduro-robusto-20\/#breadcrumb"},"inLanguage":"hu","potentialAction":[{"@type":"ReadAction","target":["https:\/\/www.rumicon.sk\/hu\/produkt\/bellas-artes-maduro-robusto-20\/"]}]},{"@type":"ImageObject","inLanguage":"hu","@id":"https:\/\/www.rumicon.sk\/hu\/produkt\/bellas-artes-maduro-robusto-20\/#primaryimage","url":"https:\/\/www.rumicon.sk\/wp-content\/uploads\/Bellas-Artes-Maduro-Robusto.jpg","contentUrl":"https:\/\/www.rumicon.sk\/wp-content\/uploads\/Bellas-Artes-Maduro-Robusto.jpg","width":2825,"height":2826,"caption":"bellas artes maduro robusto"},{"@type":"BreadcrumbList","@id":"https:\/\/www.rumicon.sk\/hu\/produkt\/bellas-artes-maduro-robusto-20\/#breadcrumb","itemListElement":[{"@type":"ListItem","position":1,"name":"Home","item":"https:\/\/www.rumicon.sk\/hu\/home\/"},{"@type":"ListItem","position":2,"name":"Web\u00e1ruh\u00e1z","item":"https:\/\/www.rumicon.sk\/hu\/webaruhaz\/"},{"@type":"ListItem","position":3,"name":"Bellas Artes Maduro Robusto"}]},{"@type":"WebSite","@id":"https:\/\/www.rumicon.sk\/hu\/#website","url":"https:\/\/www.rumicon.sk\/hu\/","name":"rumicon.sk","description":"","publisher":{"@id":"https:\/\/www.rumicon.sk\/hu\/#organization"},"potentialAction":[{"@type":"SearchAction","target":{"@type":"EntryPoint","urlTemplate":"https:\/\/www.rumicon.sk\/hu\/?s={search_term_string}"},"query-input":{"@type":"PropertyValueSpecification","valueRequired":true,"valueName":"search_term_string"}}],"inLanguage":"hu"},{"@type":"Organization","@id":"https:\/\/www.rumicon.sk\/hu\/#organization","name":"rumicon.sk","url":"https:\/\/www.rumicon.sk\/hu\/","logo":{"@type":"ImageObject","inLanguage":"hu","@id":"https:\/\/www.rumicon.sk\/hu\/#\/schema\/logo\/image\/","url":"https:\/\/www.rumicon.sk\/wp-content\/uploads\/logo-rumicon-bcs-color.png","contentUrl":"https:\/\/www.rumicon.sk\/wp-content\/uploads\/logo-rumicon-bcs-color.png","width":827,"height":278,"caption":"rumicon.sk"},"image":{"@id":"https:\/\/www.rumicon.sk\/hu\/#\/schema\/logo\/image\/"},"sameAs":["https:\/\/www.facebook.com\/people\/Rumicon-Bottle-Cigar-Shop\/100087110283303\/","https:\/\/www.instagram.com\/rumicon_bottle_cigar_shop\/","https:\/\/www.tiktok.com\/@rumicon2022"]}]}},"_links":{"self":[{"href":"https:\/\/www.rumicon.sk\/hu\/wp-json\/wp\/v2\/product\/5761","targetHints":{"allow":["GET"]}}],"collection":[{"href":"https:\/\/www.rumicon.sk\/hu\/wp-json\/wp\/v2\/product"}],"about":[{"href":"https:\/\/www.rumicon.sk\/hu\/wp-json\/wp\/v2\/types\/product"}],"replies":[{"embeddable":true,"href":"https:\/\/www.rumicon.sk\/hu\/wp-json\/wp\/v2\/comments?post=5761"}],"wp:featuredmedia":[{"embeddable":true,"href":"https:\/\/www.rumicon.sk\/hu\/wp-json\/wp\/v2\/media\/5763"}],"wp:attachment":[{"href":"https:\/\/www.rumicon.sk\/hu\/wp-json\/wp\/v2\/media?parent=5761"}],"wp:term":[{"taxonomy":"product_brand","embeddable":true,"href":"https:\/\/www.rumicon.sk\/hu\/wp-json\/wp\/v2\/product_brand?post=5761"},{"taxonomy":"product_cat","embeddable":true,"href":"https:\/\/www.rumicon.sk\/hu\/wp-json\/wp\/v2\/product_cat?post=5761"},{"taxonomy":"product_tag","embeddable":true,"href":"https:\/\/www.rumicon.sk\/hu\/wp-json\/wp\/v2\/product_tag?post=5761"}],"curies":[{"name":"wp","href":"https:\/\/api.w.org\/{rel}","templated":true}]}}