{"id":5739,"date":"2024-09-23T12:27:22","date_gmt":"2024-09-23T10:27:22","guid":{"rendered":"https:\/\/www.rumicon.sk\/produkt\/plasencia-cosecha-149-azacualpa-toro\/"},"modified":"2025-08-14T11:44:56","modified_gmt":"2025-08-14T09:44:56","slug":"plasencia-cosecha-149-azacualpa-toro","status":"publish","type":"product","link":"https:\/\/www.rumicon.sk\/hu\/produkt\/plasencia-cosecha-149-azacualpa-toro\/","title":{"rendered":"Plasencia Cosecha 149 Azacualpa &#8211; To..."},"content":{"rendered":"<p>K\u00f6zepes vagy telt f\u00fcst, kellemes f\u00f6ld, c\u00e9drus \u00e9s f\u0171szerek jegyeivel. Ez a hondurasi bor\u00edt\u00f3 f\u0171szeres maduro bor\u00edt\u00f3val \u00e9s hossz\u00fa t\u00f6lt\u0151lev\u00e9llel rendelkezik. A szivarok k\u00e9zzel k\u00e9sz\u00fclnek Hondurasban. A Plasencia Cosecha 149 a 149. plasenciai sz\u00fcret tisztelet\u00e9re kapta a nev\u00e9t.<\/p>\n<p>Ez egyben tisztelg\u00e9s a Hondurasban termesztett finom doh\u00e1ny \u00e9s a szorgalmas emberek el\u0151tt, akik gondozz\u00e1k ennek a k\u00f6z\u00e9p-amerikai orsz\u00e1gnak a gazdag talaj\u00e1t. Orsz\u00e1g: Nicaragua Gy\u00e1rt\u00e1s: k\u00e9zzel k\u00e9sz\u00edtett Er\u0151ss\u00e9g: k\u00f6zepest\u0151l az er\u0151sig Hossz x \u00e1tm\u00e9r\u0151: 152 mm x 21 mm     <\/p>\n<p>&nbsp;<\/p>\n","protected":false},"excerpt":{"rendered":"<p>K\u00f6zepes vagy telt f\u00fcst, kellemes f\u00f6ld, c\u00e9drus \u00e9s f\u0171szerek jegyeivel. Ez a hondurasi bor\u00edt\u00f3 f\u0171szeres maduro bor\u00edt\u00f3val \u00e9s hossz\u00fa t\u00f6lt\u0151lev\u00e9llel rendelkezik. A szivarok k\u00e9zzel k\u00e9sz\u00fclnek Hondurasban. A Plasencia Cosecha 149 a 149. plasenciai sz\u00fcret tisztelet\u00e9re kapta a nev\u00e9t. Ez egyben tisztelg\u00e9s a Hondurasban termesztett finom doh\u00e1ny \u00e9s a szorgalmas emberek el\u0151tt, akik gondozz\u00e1k ennek a [&#8230;]\n","protected":false},"featured_media":5742,"comment_status":"closed","ping_status":"closed","template":"","meta":{"_acf_changed":false},"product_brand":[],"product_cat":[584],"product_tag":[1553],"class_list":{"0":"post-5739","1":"product","2":"type-product","3":"status-publish","4":"has-post-thumbnail","6":"product_cat-szivarok","7":"product_tag-premium-szivar","8":"pa_krajina-povodu-nicaragua","10":"first","11":"instock","12":"taxable","13":"shipping-taxable","14":"purchasable","15":"product-type-simple"},"acf":[],"yoast_head":"<!-- This site is optimized with the Yoast SEO plugin v27.0 - https:\/\/yoast.com\/product\/yoast-seo-wordpress\/ -->\n<title>Plasencia Cosecha 149 Azacualpa - Toro - rumicon.sk<\/title>\n<meta name=\"robots\" content=\"index, follow, max-snippet:-1, max-image-preview:large, max-video-preview:-1\" \/>\n<link rel=\"canonical\" href=\"https:\/\/www.rumicon.sk\/hu\/produkt\/plasencia-cosecha-149-azacualpa-toro\/\" \/>\n<meta property=\"og:locale\" content=\"hu_HU\" \/>\n<meta property=\"og:type\" content=\"article\" \/>\n<meta property=\"og:title\" content=\"Plasencia Cosecha 149 Azacualpa - Toro - rumicon.sk\" \/>\n<meta property=\"og:description\" content=\"K\u00f6zepes vagy telt f\u00fcst, kellemes f\u00f6ld, c\u00e9drus \u00e9s f\u0171szerek jegyeivel. Ez a hondurasi bor\u00edt\u00f3 f\u0171szeres maduro bor\u00edt\u00f3val \u00e9s hossz\u00fa t\u00f6lt\u0151lev\u00e9llel rendelkezik. A szivarok k\u00e9zzel k\u00e9sz\u00fclnek Hondurasban. A Plasencia Cosecha 149 a 149. plasenciai sz\u00fcret tisztelet\u00e9re kapta a nev\u00e9t. Ez egyben tisztelg\u00e9s a Hondurasban termesztett finom doh\u00e1ny \u00e9s a szorgalmas emberek el\u0151tt, akik gondozz\u00e1k ennek a [...]\" \/>\n<meta property=\"og:url\" content=\"https:\/\/www.rumicon.sk\/hu\/produkt\/plasencia-cosecha-149-azacualpa-toro\/\" \/>\n<meta property=\"og:site_name\" content=\"rumicon.sk\" \/>\n<meta property=\"article:publisher\" content=\"https:\/\/www.facebook.com\/people\/Rumicon-Bottle-Cigar-Shop\/100087110283303\/\" \/>\n<meta property=\"article:modified_time\" content=\"2025-08-14T09:44:56+00:00\" \/>\n<meta property=\"og:image\" content=\"https:\/\/www.rumicon.sk\/wp-content\/uploads\/Plasencia-Cosecha-149-Azacualpa.jpg\" \/>\n\t<meta property=\"og:image:width\" content=\"2560\" \/>\n\t<meta property=\"og:image:height\" content=\"2560\" \/>\n\t<meta property=\"og:image:type\" content=\"image\/jpeg\" \/>\n<meta name=\"twitter:card\" content=\"summary_large_image\" \/>\n<meta name=\"twitter:label1\" content=\"Becs\u00fclt olvas\u00e1si id\u0151\" \/>\n\t<meta name=\"twitter:data1\" content=\"1 perc\" \/>\n<script type=\"application\/ld+json\" class=\"yoast-schema-graph\">{\"@context\":\"https:\/\/schema.org\",\"@graph\":[{\"@type\":\"WebPage\",\"@id\":\"https:\/\/www.rumicon.sk\/hu\/produkt\/plasencia-cosecha-149-azacualpa-toro\/\",\"url\":\"https:\/\/www.rumicon.sk\/hu\/produkt\/plasencia-cosecha-149-azacualpa-toro\/\",\"name\":\"Plasencia Cosecha 149 Azacualpa - Toro - rumicon.sk\",\"isPartOf\":{\"@id\":\"https:\/\/www.rumicon.sk\/hu\/#website\"},\"primaryImageOfPage\":{\"@id\":\"https:\/\/www.rumicon.sk\/hu\/produkt\/plasencia-cosecha-149-azacualpa-toro\/#primaryimage\"},\"image\":{\"@id\":\"https:\/\/www.rumicon.sk\/hu\/produkt\/plasencia-cosecha-149-azacualpa-toro\/#primaryimage\"},\"thumbnailUrl\":\"https:\/\/www.rumicon.sk\/wp-content\/uploads\/Plasencia-Cosecha-149-Azacualpa.jpg\",\"datePublished\":\"2024-09-23T10:27:22+00:00\",\"dateModified\":\"2025-08-14T09:44:56+00:00\",\"breadcrumb\":{\"@id\":\"https:\/\/www.rumicon.sk\/hu\/produkt\/plasencia-cosecha-149-azacualpa-toro\/#breadcrumb\"},\"inLanguage\":\"hu\",\"potentialAction\":[{\"@type\":\"ReadAction\",\"target\":[\"https:\/\/www.rumicon.sk\/hu\/produkt\/plasencia-cosecha-149-azacualpa-toro\/\"]}]},{\"@type\":\"ImageObject\",\"inLanguage\":\"hu\",\"@id\":\"https:\/\/www.rumicon.sk\/hu\/produkt\/plasencia-cosecha-149-azacualpa-toro\/#primaryimage\",\"url\":\"https:\/\/www.rumicon.sk\/wp-content\/uploads\/Plasencia-Cosecha-149-Azacualpa.jpg\",\"contentUrl\":\"https:\/\/www.rumicon.sk\/wp-content\/uploads\/Plasencia-Cosecha-149-Azacualpa.jpg\",\"width\":2560,\"height\":2560,\"caption\":\"Plasencia Cosecha\"},{\"@type\":\"BreadcrumbList\",\"@id\":\"https:\/\/www.rumicon.sk\/hu\/produkt\/plasencia-cosecha-149-azacualpa-toro\/#breadcrumb\",\"itemListElement\":[{\"@type\":\"ListItem\",\"position\":1,\"name\":\"Home\",\"item\":\"https:\/\/www.rumicon.sk\/hu\/home\/\"},{\"@type\":\"ListItem\",\"position\":2,\"name\":\"Web\u00e1ruh\u00e1z\",\"item\":\"https:\/\/www.rumicon.sk\/hu\/webaruhaz\/\"},{\"@type\":\"ListItem\",\"position\":3,\"name\":\"Plasencia Cosecha 149 Azacualpa &#8211; Toro\"}]},{\"@type\":\"WebSite\",\"@id\":\"https:\/\/www.rumicon.sk\/hu\/#website\",\"url\":\"https:\/\/www.rumicon.sk\/hu\/\",\"name\":\"rumicon.sk\",\"description\":\"\",\"publisher\":{\"@id\":\"https:\/\/www.rumicon.sk\/hu\/#organization\"},\"potentialAction\":[{\"@type\":\"SearchAction\",\"target\":{\"@type\":\"EntryPoint\",\"urlTemplate\":\"https:\/\/www.rumicon.sk\/hu\/?s={search_term_string}\"},\"query-input\":{\"@type\":\"PropertyValueSpecification\",\"valueRequired\":true,\"valueName\":\"search_term_string\"}}],\"inLanguage\":\"hu\"},{\"@type\":\"Organization\",\"@id\":\"https:\/\/www.rumicon.sk\/hu\/#organization\",\"name\":\"rumicon.sk\",\"url\":\"https:\/\/www.rumicon.sk\/hu\/\",\"logo\":{\"@type\":\"ImageObject\",\"inLanguage\":\"hu\",\"@id\":\"https:\/\/www.rumicon.sk\/hu\/#\/schema\/logo\/image\/\",\"url\":\"https:\/\/www.rumicon.sk\/wp-content\/uploads\/logo-rumicon-bcs-color.png\",\"contentUrl\":\"https:\/\/www.rumicon.sk\/wp-content\/uploads\/logo-rumicon-bcs-color.png\",\"width\":827,\"height\":278,\"caption\":\"rumicon.sk\"},\"image\":{\"@id\":\"https:\/\/www.rumicon.sk\/hu\/#\/schema\/logo\/image\/\"},\"sameAs\":[\"https:\/\/www.facebook.com\/people\/Rumicon-Bottle-Cigar-Shop\/100087110283303\/\",\"https:\/\/www.instagram.com\/rumicon_bottle_cigar_shop\/\",\"https:\/\/www.tiktok.com\/@rumicon2022\"]}]}<\/script>\n<!-- \/ Yoast SEO plugin. -->","yoast_head_json":{"title":"Plasencia Cosecha 149 Azacualpa - Toro - rumicon.sk","robots":{"index":"index","follow":"follow","max-snippet":"max-snippet:-1","max-image-preview":"max-image-preview:large","max-video-preview":"max-video-preview:-1"},"canonical":"https:\/\/www.rumicon.sk\/hu\/produkt\/plasencia-cosecha-149-azacualpa-toro\/","og_locale":"hu_HU","og_type":"article","og_title":"Plasencia Cosecha 149 Azacualpa - Toro - rumicon.sk","og_description":"K\u00f6zepes vagy telt f\u00fcst, kellemes f\u00f6ld, c\u00e9drus \u00e9s f\u0171szerek jegyeivel. Ez a hondurasi bor\u00edt\u00f3 f\u0171szeres maduro bor\u00edt\u00f3val \u00e9s hossz\u00fa t\u00f6lt\u0151lev\u00e9llel rendelkezik. A szivarok k\u00e9zzel k\u00e9sz\u00fclnek Hondurasban. A Plasencia Cosecha 149 a 149. plasenciai sz\u00fcret tisztelet\u00e9re kapta a nev\u00e9t. Ez egyben tisztelg\u00e9s a Hondurasban termesztett finom doh\u00e1ny \u00e9s a szorgalmas emberek el\u0151tt, akik gondozz\u00e1k ennek a [...]","og_url":"https:\/\/www.rumicon.sk\/hu\/produkt\/plasencia-cosecha-149-azacualpa-toro\/","og_site_name":"rumicon.sk","article_publisher":"https:\/\/www.facebook.com\/people\/Rumicon-Bottle-Cigar-Shop\/100087110283303\/","article_modified_time":"2025-08-14T09:44:56+00:00","og_image":[{"width":2560,"height":2560,"url":"https:\/\/www.rumicon.sk\/wp-content\/uploads\/Plasencia-Cosecha-149-Azacualpa.jpg","type":"image\/jpeg"}],"twitter_card":"summary_large_image","twitter_misc":{"Becs\u00fclt olvas\u00e1si id\u0151":"1 perc"},"schema":{"@context":"https:\/\/schema.org","@graph":[{"@type":"WebPage","@id":"https:\/\/www.rumicon.sk\/hu\/produkt\/plasencia-cosecha-149-azacualpa-toro\/","url":"https:\/\/www.rumicon.sk\/hu\/produkt\/plasencia-cosecha-149-azacualpa-toro\/","name":"Plasencia Cosecha 149 Azacualpa - Toro - rumicon.sk","isPartOf":{"@id":"https:\/\/www.rumicon.sk\/hu\/#website"},"primaryImageOfPage":{"@id":"https:\/\/www.rumicon.sk\/hu\/produkt\/plasencia-cosecha-149-azacualpa-toro\/#primaryimage"},"image":{"@id":"https:\/\/www.rumicon.sk\/hu\/produkt\/plasencia-cosecha-149-azacualpa-toro\/#primaryimage"},"thumbnailUrl":"https:\/\/www.rumicon.sk\/wp-content\/uploads\/Plasencia-Cosecha-149-Azacualpa.jpg","datePublished":"2024-09-23T10:27:22+00:00","dateModified":"2025-08-14T09:44:56+00:00","breadcrumb":{"@id":"https:\/\/www.rumicon.sk\/hu\/produkt\/plasencia-cosecha-149-azacualpa-toro\/#breadcrumb"},"inLanguage":"hu","potentialAction":[{"@type":"ReadAction","target":["https:\/\/www.rumicon.sk\/hu\/produkt\/plasencia-cosecha-149-azacualpa-toro\/"]}]},{"@type":"ImageObject","inLanguage":"hu","@id":"https:\/\/www.rumicon.sk\/hu\/produkt\/plasencia-cosecha-149-azacualpa-toro\/#primaryimage","url":"https:\/\/www.rumicon.sk\/wp-content\/uploads\/Plasencia-Cosecha-149-Azacualpa.jpg","contentUrl":"https:\/\/www.rumicon.sk\/wp-content\/uploads\/Plasencia-Cosecha-149-Azacualpa.jpg","width":2560,"height":2560,"caption":"Plasencia Cosecha"},{"@type":"BreadcrumbList","@id":"https:\/\/www.rumicon.sk\/hu\/produkt\/plasencia-cosecha-149-azacualpa-toro\/#breadcrumb","itemListElement":[{"@type":"ListItem","position":1,"name":"Home","item":"https:\/\/www.rumicon.sk\/hu\/home\/"},{"@type":"ListItem","position":2,"name":"Web\u00e1ruh\u00e1z","item":"https:\/\/www.rumicon.sk\/hu\/webaruhaz\/"},{"@type":"ListItem","position":3,"name":"Plasencia Cosecha 149 Azacualpa &#8211; Toro"}]},{"@type":"WebSite","@id":"https:\/\/www.rumicon.sk\/hu\/#website","url":"https:\/\/www.rumicon.sk\/hu\/","name":"rumicon.sk","description":"","publisher":{"@id":"https:\/\/www.rumicon.sk\/hu\/#organization"},"potentialAction":[{"@type":"SearchAction","target":{"@type":"EntryPoint","urlTemplate":"https:\/\/www.rumicon.sk\/hu\/?s={search_term_string}"},"query-input":{"@type":"PropertyValueSpecification","valueRequired":true,"valueName":"search_term_string"}}],"inLanguage":"hu"},{"@type":"Organization","@id":"https:\/\/www.rumicon.sk\/hu\/#organization","name":"rumicon.sk","url":"https:\/\/www.rumicon.sk\/hu\/","logo":{"@type":"ImageObject","inLanguage":"hu","@id":"https:\/\/www.rumicon.sk\/hu\/#\/schema\/logo\/image\/","url":"https:\/\/www.rumicon.sk\/wp-content\/uploads\/logo-rumicon-bcs-color.png","contentUrl":"https:\/\/www.rumicon.sk\/wp-content\/uploads\/logo-rumicon-bcs-color.png","width":827,"height":278,"caption":"rumicon.sk"},"image":{"@id":"https:\/\/www.rumicon.sk\/hu\/#\/schema\/logo\/image\/"},"sameAs":["https:\/\/www.facebook.com\/people\/Rumicon-Bottle-Cigar-Shop\/100087110283303\/","https:\/\/www.instagram.com\/rumicon_bottle_cigar_shop\/","https:\/\/www.tiktok.com\/@rumicon2022"]}]}},"_links":{"self":[{"href":"https:\/\/www.rumicon.sk\/hu\/wp-json\/wp\/v2\/product\/5739","targetHints":{"allow":["GET"]}}],"collection":[{"href":"https:\/\/www.rumicon.sk\/hu\/wp-json\/wp\/v2\/product"}],"about":[{"href":"https:\/\/www.rumicon.sk\/hu\/wp-json\/wp\/v2\/types\/product"}],"replies":[{"embeddable":true,"href":"https:\/\/www.rumicon.sk\/hu\/wp-json\/wp\/v2\/comments?post=5739"}],"wp:featuredmedia":[{"embeddable":true,"href":"https:\/\/www.rumicon.sk\/hu\/wp-json\/wp\/v2\/media\/5742"}],"wp:attachment":[{"href":"https:\/\/www.rumicon.sk\/hu\/wp-json\/wp\/v2\/media?parent=5739"}],"wp:term":[{"taxonomy":"product_brand","embeddable":true,"href":"https:\/\/www.rumicon.sk\/hu\/wp-json\/wp\/v2\/product_brand?post=5739"},{"taxonomy":"product_cat","embeddable":true,"href":"https:\/\/www.rumicon.sk\/hu\/wp-json\/wp\/v2\/product_cat?post=5739"},{"taxonomy":"product_tag","embeddable":true,"href":"https:\/\/www.rumicon.sk\/hu\/wp-json\/wp\/v2\/product_tag?post=5739"}],"curies":[{"name":"wp","href":"https:\/\/api.w.org\/{rel}","templated":true}]}}