{"id":5723,"date":"2024-09-23T12:27:23","date_gmt":"2024-09-23T10:27:23","guid":{"rendered":"https:\/\/www.rumicon.sk\/produkt\/paradiso-revelation-prophet-robusto-24\/"},"modified":"2025-08-14T11:45:03","modified_gmt":"2025-08-14T09:45:03","slug":"paradiso-revelation-prophet-robusto-24","status":"publish","type":"product","link":"https:\/\/www.rumicon.sk\/hu\/produkt\/paradiso-revelation-prophet-robusto-24\/","title":{"rendered":"Paradiso Revelation Prophet Robusto"},"content":{"rendered":"<div>\n<div class=\"contento\">Ezek a szivarok az eg\u00e9sz m\u00e1rka \u00e1ltal gy\u00e1rtott legmagasabb min\u0151s\u00e9g\u0171 szivarok k\u00f6z\u00e9 tartoznak. Nem olyanok, mint el\u0151deik a Puros vonalb\u00f3l. \u00cdz\u00fckh\u00f6z \u00e9s arom\u00e1jukhoz szint\u00e9n ecuadori doh\u00e1nyt haszn\u00e1lnak, amely a t\u00f6lt\u0151anyagot \u00e9s a k\u00f6t\u0151anyagot alkotja. A karamell\u00e1s, mandul\u00e1s \u00e9s k\u00e1v\u00e9s jegyek biztosan tetszeni fognak az \u00edzlel\u0151bimb\u00f3knak, ahogyan a Cigar Journal \u00ednyenceinek is tetszettek, akik nagyszer\u0171 91-es \u00e9rt\u00e9kel\u00e9st adtak ennek a szivarnak.   <\/div>\n<\/div>\n<div class=\"product__detail__attributes\">Er\u0151ss\u00e9g:<\/p>\n<p>Fed\u0151lap: Sumatra K\u00f6t\u0151lap: Nicaragua Sz\u00e1rmaz\u00e1si orsz\u00e1g: Nicaragua: Nicaragua<\/p><\/div>\n<div class=\"product__detail__attributes\">Hossz x \u00e1tm\u00e9r\u0151: 127 mm x 21 mm<\/p>\n<\/div>\n","protected":false},"excerpt":{"rendered":"<p>Ezek a szivarok az eg\u00e9sz m\u00e1rka \u00e1ltal gy\u00e1rtott legmagasabb min\u0151s\u00e9g\u0171 szivarok k\u00f6z\u00e9 tartoznak. Nem olyanok, mint el\u0151deik a Puros vonalb\u00f3l. \u00cdz\u00fckh\u00f6z \u00e9s arom\u00e1jukhoz szint\u00e9n ecuadori doh\u00e1nyt haszn\u00e1lnak, amely a t\u00f6lt\u0151anyagot \u00e9s a k\u00f6t\u0151anyagot alkotja. A karamell\u00e1s, mandul\u00e1s \u00e9s k\u00e1v\u00e9s jegyek biztosan tetszeni fognak az \u00edzlel\u0151bimb\u00f3knak, ahogyan a Cigar Journal \u00ednyenceinek is tetszettek, akik nagyszer\u0171 91-es [&#8230;]\n","protected":false},"featured_media":5724,"comment_status":"closed","ping_status":"closed","template":"","meta":{"_acf_changed":false},"product_brand":[],"product_cat":[584],"product_tag":[],"class_list":{"0":"post-5723","1":"product","2":"type-product","3":"status-publish","4":"has-post-thumbnail","6":"product_cat-szivarok","7":"pa_krajina-povodu-ecuador","8":"pa_krajina-povodu-nicaragua","10":"first","11":"outofstock","12":"taxable","13":"shipping-taxable","14":"purchasable","15":"product-type-simple"},"acf":[],"yoast_head":"<!-- This site is optimized with the Yoast SEO plugin v27.0 - https:\/\/yoast.com\/product\/yoast-seo-wordpress\/ -->\n<title>Paradiso Revelation Prophet Robusto - rumicon.sk<\/title>\n<meta name=\"robots\" content=\"index, follow, max-snippet:-1, max-image-preview:large, max-video-preview:-1\" \/>\n<link rel=\"canonical\" href=\"https:\/\/www.rumicon.sk\/hu\/produkt\/paradiso-revelation-prophet-robusto-24\/\" \/>\n<meta property=\"og:locale\" content=\"hu_HU\" \/>\n<meta property=\"og:type\" content=\"article\" \/>\n<meta property=\"og:title\" content=\"Paradiso Revelation Prophet Robusto - rumicon.sk\" \/>\n<meta property=\"og:description\" content=\"Ezek a szivarok az eg\u00e9sz m\u00e1rka \u00e1ltal gy\u00e1rtott legmagasabb min\u0151s\u00e9g\u0171 szivarok k\u00f6z\u00e9 tartoznak. Nem olyanok, mint el\u0151deik a Puros vonalb\u00f3l. \u00cdz\u00fckh\u00f6z \u00e9s arom\u00e1jukhoz szint\u00e9n ecuadori doh\u00e1nyt haszn\u00e1lnak, amely a t\u00f6lt\u0151anyagot \u00e9s a k\u00f6t\u0151anyagot alkotja. A karamell\u00e1s, mandul\u00e1s \u00e9s k\u00e1v\u00e9s jegyek biztosan tetszeni fognak az \u00edzlel\u0151bimb\u00f3knak, ahogyan a Cigar Journal \u00ednyenceinek is tetszettek, akik nagyszer\u0171 91-es [...]\" \/>\n<meta property=\"og:url\" content=\"https:\/\/www.rumicon.sk\/hu\/produkt\/paradiso-revelation-prophet-robusto-24\/\" \/>\n<meta property=\"og:site_name\" content=\"rumicon.sk\" \/>\n<meta property=\"article:publisher\" content=\"https:\/\/www.facebook.com\/people\/Rumicon-Bottle-Cigar-Shop\/100087110283303\/\" \/>\n<meta property=\"article:modified_time\" content=\"2025-08-14T09:45:03+00:00\" \/>\n<meta property=\"og:image\" content=\"https:\/\/www.rumicon.sk\/wp-content\/uploads\/Paradiso-Revelation-Prophet-Robusto.jpg\" \/>\n\t<meta property=\"og:image:width\" content=\"1626\" \/>\n\t<meta property=\"og:image:height\" content=\"1639\" \/>\n\t<meta property=\"og:image:type\" content=\"image\/jpeg\" \/>\n<meta name=\"twitter:card\" content=\"summary_large_image\" \/>\n<meta name=\"twitter:label1\" content=\"Becs\u00fclt olvas\u00e1si id\u0151\" \/>\n\t<meta name=\"twitter:data1\" content=\"1 perc\" \/>\n<script type=\"application\/ld+json\" class=\"yoast-schema-graph\">{\"@context\":\"https:\/\/schema.org\",\"@graph\":[{\"@type\":\"WebPage\",\"@id\":\"https:\/\/www.rumicon.sk\/hu\/produkt\/paradiso-revelation-prophet-robusto-24\/\",\"url\":\"https:\/\/www.rumicon.sk\/hu\/produkt\/paradiso-revelation-prophet-robusto-24\/\",\"name\":\"Paradiso Revelation Prophet Robusto - rumicon.sk\",\"isPartOf\":{\"@id\":\"https:\/\/www.rumicon.sk\/hu\/#website\"},\"primaryImageOfPage\":{\"@id\":\"https:\/\/www.rumicon.sk\/hu\/produkt\/paradiso-revelation-prophet-robusto-24\/#primaryimage\"},\"image\":{\"@id\":\"https:\/\/www.rumicon.sk\/hu\/produkt\/paradiso-revelation-prophet-robusto-24\/#primaryimage\"},\"thumbnailUrl\":\"https:\/\/www.rumicon.sk\/wp-content\/uploads\/Paradiso-Revelation-Prophet-Robusto.jpg\",\"datePublished\":\"2024-09-23T10:27:23+00:00\",\"dateModified\":\"2025-08-14T09:45:03+00:00\",\"breadcrumb\":{\"@id\":\"https:\/\/www.rumicon.sk\/hu\/produkt\/paradiso-revelation-prophet-robusto-24\/#breadcrumb\"},\"inLanguage\":\"hu\",\"potentialAction\":[{\"@type\":\"ReadAction\",\"target\":[\"https:\/\/www.rumicon.sk\/hu\/produkt\/paradiso-revelation-prophet-robusto-24\/\"]}]},{\"@type\":\"ImageObject\",\"inLanguage\":\"hu\",\"@id\":\"https:\/\/www.rumicon.sk\/hu\/produkt\/paradiso-revelation-prophet-robusto-24\/#primaryimage\",\"url\":\"https:\/\/www.rumicon.sk\/wp-content\/uploads\/Paradiso-Revelation-Prophet-Robusto.jpg\",\"contentUrl\":\"https:\/\/www.rumicon.sk\/wp-content\/uploads\/Paradiso-Revelation-Prophet-Robusto.jpg\",\"width\":1626,\"height\":1639},{\"@type\":\"BreadcrumbList\",\"@id\":\"https:\/\/www.rumicon.sk\/hu\/produkt\/paradiso-revelation-prophet-robusto-24\/#breadcrumb\",\"itemListElement\":[{\"@type\":\"ListItem\",\"position\":1,\"name\":\"Home\",\"item\":\"https:\/\/www.rumicon.sk\/hu\/home\/\"},{\"@type\":\"ListItem\",\"position\":2,\"name\":\"Web\u00e1ruh\u00e1z\",\"item\":\"https:\/\/www.rumicon.sk\/hu\/webaruhaz\/\"},{\"@type\":\"ListItem\",\"position\":3,\"name\":\"Paradiso Revelation Prophet Robusto\"}]},{\"@type\":\"WebSite\",\"@id\":\"https:\/\/www.rumicon.sk\/hu\/#website\",\"url\":\"https:\/\/www.rumicon.sk\/hu\/\",\"name\":\"rumicon.sk\",\"description\":\"\",\"publisher\":{\"@id\":\"https:\/\/www.rumicon.sk\/hu\/#organization\"},\"potentialAction\":[{\"@type\":\"SearchAction\",\"target\":{\"@type\":\"EntryPoint\",\"urlTemplate\":\"https:\/\/www.rumicon.sk\/hu\/?s={search_term_string}\"},\"query-input\":{\"@type\":\"PropertyValueSpecification\",\"valueRequired\":true,\"valueName\":\"search_term_string\"}}],\"inLanguage\":\"hu\"},{\"@type\":\"Organization\",\"@id\":\"https:\/\/www.rumicon.sk\/hu\/#organization\",\"name\":\"rumicon.sk\",\"url\":\"https:\/\/www.rumicon.sk\/hu\/\",\"logo\":{\"@type\":\"ImageObject\",\"inLanguage\":\"hu\",\"@id\":\"https:\/\/www.rumicon.sk\/hu\/#\/schema\/logo\/image\/\",\"url\":\"https:\/\/www.rumicon.sk\/wp-content\/uploads\/logo-rumicon-bcs-color.png\",\"contentUrl\":\"https:\/\/www.rumicon.sk\/wp-content\/uploads\/logo-rumicon-bcs-color.png\",\"width\":827,\"height\":278,\"caption\":\"rumicon.sk\"},\"image\":{\"@id\":\"https:\/\/www.rumicon.sk\/hu\/#\/schema\/logo\/image\/\"},\"sameAs\":[\"https:\/\/www.facebook.com\/people\/Rumicon-Bottle-Cigar-Shop\/100087110283303\/\",\"https:\/\/www.instagram.com\/rumicon_bottle_cigar_shop\/\",\"https:\/\/www.tiktok.com\/@rumicon2022\"]}]}<\/script>\n<!-- \/ Yoast SEO plugin. -->","yoast_head_json":{"title":"Paradiso Revelation Prophet Robusto - rumicon.sk","robots":{"index":"index","follow":"follow","max-snippet":"max-snippet:-1","max-image-preview":"max-image-preview:large","max-video-preview":"max-video-preview:-1"},"canonical":"https:\/\/www.rumicon.sk\/hu\/produkt\/paradiso-revelation-prophet-robusto-24\/","og_locale":"hu_HU","og_type":"article","og_title":"Paradiso Revelation Prophet Robusto - rumicon.sk","og_description":"Ezek a szivarok az eg\u00e9sz m\u00e1rka \u00e1ltal gy\u00e1rtott legmagasabb min\u0151s\u00e9g\u0171 szivarok k\u00f6z\u00e9 tartoznak. Nem olyanok, mint el\u0151deik a Puros vonalb\u00f3l. \u00cdz\u00fckh\u00f6z \u00e9s arom\u00e1jukhoz szint\u00e9n ecuadori doh\u00e1nyt haszn\u00e1lnak, amely a t\u00f6lt\u0151anyagot \u00e9s a k\u00f6t\u0151anyagot alkotja. A karamell\u00e1s, mandul\u00e1s \u00e9s k\u00e1v\u00e9s jegyek biztosan tetszeni fognak az \u00edzlel\u0151bimb\u00f3knak, ahogyan a Cigar Journal \u00ednyenceinek is tetszettek, akik nagyszer\u0171 91-es [...]","og_url":"https:\/\/www.rumicon.sk\/hu\/produkt\/paradiso-revelation-prophet-robusto-24\/","og_site_name":"rumicon.sk","article_publisher":"https:\/\/www.facebook.com\/people\/Rumicon-Bottle-Cigar-Shop\/100087110283303\/","article_modified_time":"2025-08-14T09:45:03+00:00","og_image":[{"width":1626,"height":1639,"url":"https:\/\/www.rumicon.sk\/wp-content\/uploads\/Paradiso-Revelation-Prophet-Robusto.jpg","type":"image\/jpeg"}],"twitter_card":"summary_large_image","twitter_misc":{"Becs\u00fclt olvas\u00e1si id\u0151":"1 perc"},"schema":{"@context":"https:\/\/schema.org","@graph":[{"@type":"WebPage","@id":"https:\/\/www.rumicon.sk\/hu\/produkt\/paradiso-revelation-prophet-robusto-24\/","url":"https:\/\/www.rumicon.sk\/hu\/produkt\/paradiso-revelation-prophet-robusto-24\/","name":"Paradiso Revelation Prophet Robusto - rumicon.sk","isPartOf":{"@id":"https:\/\/www.rumicon.sk\/hu\/#website"},"primaryImageOfPage":{"@id":"https:\/\/www.rumicon.sk\/hu\/produkt\/paradiso-revelation-prophet-robusto-24\/#primaryimage"},"image":{"@id":"https:\/\/www.rumicon.sk\/hu\/produkt\/paradiso-revelation-prophet-robusto-24\/#primaryimage"},"thumbnailUrl":"https:\/\/www.rumicon.sk\/wp-content\/uploads\/Paradiso-Revelation-Prophet-Robusto.jpg","datePublished":"2024-09-23T10:27:23+00:00","dateModified":"2025-08-14T09:45:03+00:00","breadcrumb":{"@id":"https:\/\/www.rumicon.sk\/hu\/produkt\/paradiso-revelation-prophet-robusto-24\/#breadcrumb"},"inLanguage":"hu","potentialAction":[{"@type":"ReadAction","target":["https:\/\/www.rumicon.sk\/hu\/produkt\/paradiso-revelation-prophet-robusto-24\/"]}]},{"@type":"ImageObject","inLanguage":"hu","@id":"https:\/\/www.rumicon.sk\/hu\/produkt\/paradiso-revelation-prophet-robusto-24\/#primaryimage","url":"https:\/\/www.rumicon.sk\/wp-content\/uploads\/Paradiso-Revelation-Prophet-Robusto.jpg","contentUrl":"https:\/\/www.rumicon.sk\/wp-content\/uploads\/Paradiso-Revelation-Prophet-Robusto.jpg","width":1626,"height":1639},{"@type":"BreadcrumbList","@id":"https:\/\/www.rumicon.sk\/hu\/produkt\/paradiso-revelation-prophet-robusto-24\/#breadcrumb","itemListElement":[{"@type":"ListItem","position":1,"name":"Home","item":"https:\/\/www.rumicon.sk\/hu\/home\/"},{"@type":"ListItem","position":2,"name":"Web\u00e1ruh\u00e1z","item":"https:\/\/www.rumicon.sk\/hu\/webaruhaz\/"},{"@type":"ListItem","position":3,"name":"Paradiso Revelation Prophet Robusto"}]},{"@type":"WebSite","@id":"https:\/\/www.rumicon.sk\/hu\/#website","url":"https:\/\/www.rumicon.sk\/hu\/","name":"rumicon.sk","description":"","publisher":{"@id":"https:\/\/www.rumicon.sk\/hu\/#organization"},"potentialAction":[{"@type":"SearchAction","target":{"@type":"EntryPoint","urlTemplate":"https:\/\/www.rumicon.sk\/hu\/?s={search_term_string}"},"query-input":{"@type":"PropertyValueSpecification","valueRequired":true,"valueName":"search_term_string"}}],"inLanguage":"hu"},{"@type":"Organization","@id":"https:\/\/www.rumicon.sk\/hu\/#organization","name":"rumicon.sk","url":"https:\/\/www.rumicon.sk\/hu\/","logo":{"@type":"ImageObject","inLanguage":"hu","@id":"https:\/\/www.rumicon.sk\/hu\/#\/schema\/logo\/image\/","url":"https:\/\/www.rumicon.sk\/wp-content\/uploads\/logo-rumicon-bcs-color.png","contentUrl":"https:\/\/www.rumicon.sk\/wp-content\/uploads\/logo-rumicon-bcs-color.png","width":827,"height":278,"caption":"rumicon.sk"},"image":{"@id":"https:\/\/www.rumicon.sk\/hu\/#\/schema\/logo\/image\/"},"sameAs":["https:\/\/www.facebook.com\/people\/Rumicon-Bottle-Cigar-Shop\/100087110283303\/","https:\/\/www.instagram.com\/rumicon_bottle_cigar_shop\/","https:\/\/www.tiktok.com\/@rumicon2022"]}]}},"_links":{"self":[{"href":"https:\/\/www.rumicon.sk\/hu\/wp-json\/wp\/v2\/product\/5723","targetHints":{"allow":["GET"]}}],"collection":[{"href":"https:\/\/www.rumicon.sk\/hu\/wp-json\/wp\/v2\/product"}],"about":[{"href":"https:\/\/www.rumicon.sk\/hu\/wp-json\/wp\/v2\/types\/product"}],"replies":[{"embeddable":true,"href":"https:\/\/www.rumicon.sk\/hu\/wp-json\/wp\/v2\/comments?post=5723"}],"wp:featuredmedia":[{"embeddable":true,"href":"https:\/\/www.rumicon.sk\/hu\/wp-json\/wp\/v2\/media\/5724"}],"wp:attachment":[{"href":"https:\/\/www.rumicon.sk\/hu\/wp-json\/wp\/v2\/media?parent=5723"}],"wp:term":[{"taxonomy":"product_brand","embeddable":true,"href":"https:\/\/www.rumicon.sk\/hu\/wp-json\/wp\/v2\/product_brand?post=5723"},{"taxonomy":"product_cat","embeddable":true,"href":"https:\/\/www.rumicon.sk\/hu\/wp-json\/wp\/v2\/product_cat?post=5723"},{"taxonomy":"product_tag","embeddable":true,"href":"https:\/\/www.rumicon.sk\/hu\/wp-json\/wp\/v2\/product_tag?post=5723"}],"curies":[{"name":"wp","href":"https:\/\/api.w.org\/{rel}","templated":true}]}}