{"id":5711,"date":"2024-09-23T12:27:18","date_gmt":"2024-09-23T10:27:18","guid":{"rendered":"https:\/\/www.rumicon.sk\/produkt\/oliva-serie-v-melanio-torpedo-10\/"},"modified":"2025-08-14T11:45:04","modified_gmt":"2025-08-14T09:45:04","slug":"oliva-serie-v-melanio-torpedo-10","status":"publish","type":"product","link":"https:\/\/www.rumicon.sk\/hu\/produkt\/oliva-serie-v-melanio-torpedo-10\/","title":{"rendered":"Oliva Serie V Melanio Torpedo"},"content":{"rendered":"<p>Az Oliva Serie V Melanio doh\u00e1nyban t\u00f6k\u00e9letesen \u00e9rlelt \u00e9s ferment\u00e1lt Ligero doh\u00e1nyt tal\u00e1lunk, amely robusztus \u00e9s testes \u00edz\u00e9r\u0151l ismert. A legal\u00e1bb 5 \u00e9vnyi \u00e9rlel\u00e9s tette ezt a szivart a v\u00e9gs\u0151 \u00e9lvezetet. A Serie V Melanio szivar er\u0151s, m\u00e9gis sima, kr\u00e9mes f\u00fcsttel.<\/p>\n<p>\u00cdz\u00e9ben f\u00e1s jegyek, kr\u00e9m, k\u00e1v\u00e9, vajas pir\u00edt\u00f3s \u00e9s b\u0151r tal\u00e1lhat\u00f3. Hossz\u00fas\u00e1g x \u00e1tm\u00e9r\u0151: 165 mm x 21 mm Sz\u00e1rmaz\u00e1s: Nicaragua   <\/p>\n","protected":false},"excerpt":{"rendered":"<p>Az Oliva Serie V Melanio doh\u00e1nyban t\u00f6k\u00e9letesen \u00e9rlelt \u00e9s ferment\u00e1lt Ligero doh\u00e1nyt tal\u00e1lunk, amely robusztus \u00e9s testes \u00edz\u00e9r\u0151l ismert. A legal\u00e1bb 5 \u00e9vnyi \u00e9rlel\u00e9s tette ezt a szivart a v\u00e9gs\u0151 \u00e9lvezetet. A Serie V Melanio szivar er\u0151s, m\u00e9gis sima, kr\u00e9mes f\u00fcsttel. \u00cdz\u00e9ben f\u00e1s jegyek, kr\u00e9m, k\u00e1v\u00e9, vajas pir\u00edt\u00f3s \u00e9s b\u0151r tal\u00e1lhat\u00f3. Hossz\u00fas\u00e1g x \u00e1tm\u00e9r\u0151: 165 [&#8230;]\n","protected":false},"featured_media":5713,"comment_status":"closed","ping_status":"closed","template":"","meta":{"_acf_changed":false},"product_brand":[],"product_cat":[584],"product_tag":[],"class_list":{"0":"post-5711","1":"product","2":"type-product","3":"status-publish","4":"has-post-thumbnail","6":"product_cat-szivarok","7":"pa_krajina-povodu-nicaragua","9":"first","10":"outofstock","11":"taxable","12":"shipping-taxable","13":"purchasable","14":"product-type-simple"},"acf":[],"yoast_head":"<!-- This site is optimized with the Yoast SEO plugin v27.0 - https:\/\/yoast.com\/product\/yoast-seo-wordpress\/ -->\n<title>Oliva Serie V Melanio Torpedo - rumicon.sk<\/title>\n<meta name=\"robots\" content=\"index, follow, max-snippet:-1, max-image-preview:large, max-video-preview:-1\" \/>\n<link rel=\"canonical\" href=\"https:\/\/www.rumicon.sk\/hu\/produkt\/oliva-serie-v-melanio-torpedo-10\/\" \/>\n<meta property=\"og:locale\" content=\"hu_HU\" \/>\n<meta property=\"og:type\" content=\"article\" \/>\n<meta property=\"og:title\" content=\"Oliva Serie V Melanio Torpedo - rumicon.sk\" \/>\n<meta property=\"og:description\" content=\"Az Oliva Serie V Melanio doh\u00e1nyban t\u00f6k\u00e9letesen \u00e9rlelt \u00e9s ferment\u00e1lt Ligero doh\u00e1nyt tal\u00e1lunk, amely robusztus \u00e9s testes \u00edz\u00e9r\u0151l ismert. A legal\u00e1bb 5 \u00e9vnyi \u00e9rlel\u00e9s tette ezt a szivart a v\u00e9gs\u0151 \u00e9lvezetet. A Serie V Melanio szivar er\u0151s, m\u00e9gis sima, kr\u00e9mes f\u00fcsttel. \u00cdz\u00e9ben f\u00e1s jegyek, kr\u00e9m, k\u00e1v\u00e9, vajas pir\u00edt\u00f3s \u00e9s b\u0151r tal\u00e1lhat\u00f3. Hossz\u00fas\u00e1g x \u00e1tm\u00e9r\u0151: 165 [...]\" \/>\n<meta property=\"og:url\" content=\"https:\/\/www.rumicon.sk\/hu\/produkt\/oliva-serie-v-melanio-torpedo-10\/\" \/>\n<meta property=\"og:site_name\" content=\"rumicon.sk\" \/>\n<meta property=\"article:publisher\" content=\"https:\/\/www.facebook.com\/people\/Rumicon-Bottle-Cigar-Shop\/100087110283303\/\" \/>\n<meta property=\"article:modified_time\" content=\"2025-08-14T09:45:04+00:00\" \/>\n<meta property=\"og:image\" content=\"https:\/\/www.rumicon.sk\/wp-content\/uploads\/Oliva-Serie-V-Melanio-Torpedo.jpg\" \/>\n\t<meta property=\"og:image:width\" content=\"3234\" \/>\n\t<meta property=\"og:image:height\" content=\"3234\" \/>\n\t<meta property=\"og:image:type\" content=\"image\/jpeg\" \/>\n<meta name=\"twitter:card\" content=\"summary_large_image\" \/>\n<script type=\"application\/ld+json\" class=\"yoast-schema-graph\">{\"@context\":\"https:\/\/schema.org\",\"@graph\":[{\"@type\":\"WebPage\",\"@id\":\"https:\/\/www.rumicon.sk\/hu\/produkt\/oliva-serie-v-melanio-torpedo-10\/\",\"url\":\"https:\/\/www.rumicon.sk\/hu\/produkt\/oliva-serie-v-melanio-torpedo-10\/\",\"name\":\"Oliva Serie V Melanio Torpedo - rumicon.sk\",\"isPartOf\":{\"@id\":\"https:\/\/www.rumicon.sk\/hu\/#website\"},\"primaryImageOfPage\":{\"@id\":\"https:\/\/www.rumicon.sk\/hu\/produkt\/oliva-serie-v-melanio-torpedo-10\/#primaryimage\"},\"image\":{\"@id\":\"https:\/\/www.rumicon.sk\/hu\/produkt\/oliva-serie-v-melanio-torpedo-10\/#primaryimage\"},\"thumbnailUrl\":\"https:\/\/www.rumicon.sk\/wp-content\/uploads\/Oliva-Serie-V-Melanio-Torpedo.jpg\",\"datePublished\":\"2024-09-23T10:27:18+00:00\",\"dateModified\":\"2025-08-14T09:45:04+00:00\",\"breadcrumb\":{\"@id\":\"https:\/\/www.rumicon.sk\/hu\/produkt\/oliva-serie-v-melanio-torpedo-10\/#breadcrumb\"},\"inLanguage\":\"hu\",\"potentialAction\":[{\"@type\":\"ReadAction\",\"target\":[\"https:\/\/www.rumicon.sk\/hu\/produkt\/oliva-serie-v-melanio-torpedo-10\/\"]}]},{\"@type\":\"ImageObject\",\"inLanguage\":\"hu\",\"@id\":\"https:\/\/www.rumicon.sk\/hu\/produkt\/oliva-serie-v-melanio-torpedo-10\/#primaryimage\",\"url\":\"https:\/\/www.rumicon.sk\/wp-content\/uploads\/Oliva-Serie-V-Melanio-Torpedo.jpg\",\"contentUrl\":\"https:\/\/www.rumicon.sk\/wp-content\/uploads\/Oliva-Serie-V-Melanio-Torpedo.jpg\",\"width\":3234,\"height\":3234,\"caption\":\"Oliva serie V melanio Torpedo\"},{\"@type\":\"BreadcrumbList\",\"@id\":\"https:\/\/www.rumicon.sk\/hu\/produkt\/oliva-serie-v-melanio-torpedo-10\/#breadcrumb\",\"itemListElement\":[{\"@type\":\"ListItem\",\"position\":1,\"name\":\"Home\",\"item\":\"https:\/\/www.rumicon.sk\/hu\/home\/\"},{\"@type\":\"ListItem\",\"position\":2,\"name\":\"Web\u00e1ruh\u00e1z\",\"item\":\"https:\/\/www.rumicon.sk\/hu\/webaruhaz\/\"},{\"@type\":\"ListItem\",\"position\":3,\"name\":\"Oliva Serie V Melanio Torpedo\"}]},{\"@type\":\"WebSite\",\"@id\":\"https:\/\/www.rumicon.sk\/hu\/#website\",\"url\":\"https:\/\/www.rumicon.sk\/hu\/\",\"name\":\"rumicon.sk\",\"description\":\"\",\"publisher\":{\"@id\":\"https:\/\/www.rumicon.sk\/hu\/#organization\"},\"potentialAction\":[{\"@type\":\"SearchAction\",\"target\":{\"@type\":\"EntryPoint\",\"urlTemplate\":\"https:\/\/www.rumicon.sk\/hu\/?s={search_term_string}\"},\"query-input\":{\"@type\":\"PropertyValueSpecification\",\"valueRequired\":true,\"valueName\":\"search_term_string\"}}],\"inLanguage\":\"hu\"},{\"@type\":\"Organization\",\"@id\":\"https:\/\/www.rumicon.sk\/hu\/#organization\",\"name\":\"rumicon.sk\",\"url\":\"https:\/\/www.rumicon.sk\/hu\/\",\"logo\":{\"@type\":\"ImageObject\",\"inLanguage\":\"hu\",\"@id\":\"https:\/\/www.rumicon.sk\/hu\/#\/schema\/logo\/image\/\",\"url\":\"https:\/\/www.rumicon.sk\/wp-content\/uploads\/logo-rumicon-bcs-color.png\",\"contentUrl\":\"https:\/\/www.rumicon.sk\/wp-content\/uploads\/logo-rumicon-bcs-color.png\",\"width\":827,\"height\":278,\"caption\":\"rumicon.sk\"},\"image\":{\"@id\":\"https:\/\/www.rumicon.sk\/hu\/#\/schema\/logo\/image\/\"},\"sameAs\":[\"https:\/\/www.facebook.com\/people\/Rumicon-Bottle-Cigar-Shop\/100087110283303\/\",\"https:\/\/www.instagram.com\/rumicon_bottle_cigar_shop\/\",\"https:\/\/www.tiktok.com\/@rumicon2022\"]}]}<\/script>\n<!-- \/ Yoast SEO plugin. -->","yoast_head_json":{"title":"Oliva Serie V Melanio Torpedo - rumicon.sk","robots":{"index":"index","follow":"follow","max-snippet":"max-snippet:-1","max-image-preview":"max-image-preview:large","max-video-preview":"max-video-preview:-1"},"canonical":"https:\/\/www.rumicon.sk\/hu\/produkt\/oliva-serie-v-melanio-torpedo-10\/","og_locale":"hu_HU","og_type":"article","og_title":"Oliva Serie V Melanio Torpedo - rumicon.sk","og_description":"Az Oliva Serie V Melanio doh\u00e1nyban t\u00f6k\u00e9letesen \u00e9rlelt \u00e9s ferment\u00e1lt Ligero doh\u00e1nyt tal\u00e1lunk, amely robusztus \u00e9s testes \u00edz\u00e9r\u0151l ismert. A legal\u00e1bb 5 \u00e9vnyi \u00e9rlel\u00e9s tette ezt a szivart a v\u00e9gs\u0151 \u00e9lvezetet. A Serie V Melanio szivar er\u0151s, m\u00e9gis sima, kr\u00e9mes f\u00fcsttel. \u00cdz\u00e9ben f\u00e1s jegyek, kr\u00e9m, k\u00e1v\u00e9, vajas pir\u00edt\u00f3s \u00e9s b\u0151r tal\u00e1lhat\u00f3. Hossz\u00fas\u00e1g x \u00e1tm\u00e9r\u0151: 165 [...]","og_url":"https:\/\/www.rumicon.sk\/hu\/produkt\/oliva-serie-v-melanio-torpedo-10\/","og_site_name":"rumicon.sk","article_publisher":"https:\/\/www.facebook.com\/people\/Rumicon-Bottle-Cigar-Shop\/100087110283303\/","article_modified_time":"2025-08-14T09:45:04+00:00","og_image":[{"width":3234,"height":3234,"url":"https:\/\/www.rumicon.sk\/wp-content\/uploads\/Oliva-Serie-V-Melanio-Torpedo.jpg","type":"image\/jpeg"}],"twitter_card":"summary_large_image","schema":{"@context":"https:\/\/schema.org","@graph":[{"@type":"WebPage","@id":"https:\/\/www.rumicon.sk\/hu\/produkt\/oliva-serie-v-melanio-torpedo-10\/","url":"https:\/\/www.rumicon.sk\/hu\/produkt\/oliva-serie-v-melanio-torpedo-10\/","name":"Oliva Serie V Melanio Torpedo - rumicon.sk","isPartOf":{"@id":"https:\/\/www.rumicon.sk\/hu\/#website"},"primaryImageOfPage":{"@id":"https:\/\/www.rumicon.sk\/hu\/produkt\/oliva-serie-v-melanio-torpedo-10\/#primaryimage"},"image":{"@id":"https:\/\/www.rumicon.sk\/hu\/produkt\/oliva-serie-v-melanio-torpedo-10\/#primaryimage"},"thumbnailUrl":"https:\/\/www.rumicon.sk\/wp-content\/uploads\/Oliva-Serie-V-Melanio-Torpedo.jpg","datePublished":"2024-09-23T10:27:18+00:00","dateModified":"2025-08-14T09:45:04+00:00","breadcrumb":{"@id":"https:\/\/www.rumicon.sk\/hu\/produkt\/oliva-serie-v-melanio-torpedo-10\/#breadcrumb"},"inLanguage":"hu","potentialAction":[{"@type":"ReadAction","target":["https:\/\/www.rumicon.sk\/hu\/produkt\/oliva-serie-v-melanio-torpedo-10\/"]}]},{"@type":"ImageObject","inLanguage":"hu","@id":"https:\/\/www.rumicon.sk\/hu\/produkt\/oliva-serie-v-melanio-torpedo-10\/#primaryimage","url":"https:\/\/www.rumicon.sk\/wp-content\/uploads\/Oliva-Serie-V-Melanio-Torpedo.jpg","contentUrl":"https:\/\/www.rumicon.sk\/wp-content\/uploads\/Oliva-Serie-V-Melanio-Torpedo.jpg","width":3234,"height":3234,"caption":"Oliva serie V melanio Torpedo"},{"@type":"BreadcrumbList","@id":"https:\/\/www.rumicon.sk\/hu\/produkt\/oliva-serie-v-melanio-torpedo-10\/#breadcrumb","itemListElement":[{"@type":"ListItem","position":1,"name":"Home","item":"https:\/\/www.rumicon.sk\/hu\/home\/"},{"@type":"ListItem","position":2,"name":"Web\u00e1ruh\u00e1z","item":"https:\/\/www.rumicon.sk\/hu\/webaruhaz\/"},{"@type":"ListItem","position":3,"name":"Oliva Serie V Melanio Torpedo"}]},{"@type":"WebSite","@id":"https:\/\/www.rumicon.sk\/hu\/#website","url":"https:\/\/www.rumicon.sk\/hu\/","name":"rumicon.sk","description":"","publisher":{"@id":"https:\/\/www.rumicon.sk\/hu\/#organization"},"potentialAction":[{"@type":"SearchAction","target":{"@type":"EntryPoint","urlTemplate":"https:\/\/www.rumicon.sk\/hu\/?s={search_term_string}"},"query-input":{"@type":"PropertyValueSpecification","valueRequired":true,"valueName":"search_term_string"}}],"inLanguage":"hu"},{"@type":"Organization","@id":"https:\/\/www.rumicon.sk\/hu\/#organization","name":"rumicon.sk","url":"https:\/\/www.rumicon.sk\/hu\/","logo":{"@type":"ImageObject","inLanguage":"hu","@id":"https:\/\/www.rumicon.sk\/hu\/#\/schema\/logo\/image\/","url":"https:\/\/www.rumicon.sk\/wp-content\/uploads\/logo-rumicon-bcs-color.png","contentUrl":"https:\/\/www.rumicon.sk\/wp-content\/uploads\/logo-rumicon-bcs-color.png","width":827,"height":278,"caption":"rumicon.sk"},"image":{"@id":"https:\/\/www.rumicon.sk\/hu\/#\/schema\/logo\/image\/"},"sameAs":["https:\/\/www.facebook.com\/people\/Rumicon-Bottle-Cigar-Shop\/100087110283303\/","https:\/\/www.instagram.com\/rumicon_bottle_cigar_shop\/","https:\/\/www.tiktok.com\/@rumicon2022"]}]}},"_links":{"self":[{"href":"https:\/\/www.rumicon.sk\/hu\/wp-json\/wp\/v2\/product\/5711","targetHints":{"allow":["GET"]}}],"collection":[{"href":"https:\/\/www.rumicon.sk\/hu\/wp-json\/wp\/v2\/product"}],"about":[{"href":"https:\/\/www.rumicon.sk\/hu\/wp-json\/wp\/v2\/types\/product"}],"replies":[{"embeddable":true,"href":"https:\/\/www.rumicon.sk\/hu\/wp-json\/wp\/v2\/comments?post=5711"}],"wp:featuredmedia":[{"embeddable":true,"href":"https:\/\/www.rumicon.sk\/hu\/wp-json\/wp\/v2\/media\/5713"}],"wp:attachment":[{"href":"https:\/\/www.rumicon.sk\/hu\/wp-json\/wp\/v2\/media?parent=5711"}],"wp:term":[{"taxonomy":"product_brand","embeddable":true,"href":"https:\/\/www.rumicon.sk\/hu\/wp-json\/wp\/v2\/product_brand?post=5711"},{"taxonomy":"product_cat","embeddable":true,"href":"https:\/\/www.rumicon.sk\/hu\/wp-json\/wp\/v2\/product_cat?post=5711"},{"taxonomy":"product_tag","embeddable":true,"href":"https:\/\/www.rumicon.sk\/hu\/wp-json\/wp\/v2\/product_tag?post=5711"}],"curies":[{"name":"wp","href":"https:\/\/api.w.org\/{rel}","templated":true}]}}