{"id":5701,"date":"2024-08-13T15:39:58","date_gmt":"2024-08-13T13:39:58","guid":{"rendered":"https:\/\/www.rumicon.sk\/produkt\/rum-caroni-1998-tortuga-3-mizunara-cask-2092-07-l-581\/"},"modified":"2025-08-14T12:17:52","modified_gmt":"2025-08-14T10:17:52","slug":"rum-caroni-1998-tortuga-3-mizunara-cask-2092-07-l-581","status":"publish","type":"product","link":"https:\/\/www.rumicon.sk\/hu\/produkt\/rum-caroni-1998-tortuga-3-mizunara-cask-2092-07-l-581\/","title":{"rendered":"Rum Caroni 1998 Tortuga 3 Mizunara Cask 20..."},"content":{"rendered":"<p>Illat: Komplex arom\u00e1k, meglep\u0151en gy\u00fcm\u00f6lcs\u00f6s, csonth\u00e9jas gy\u00fcm\u00f6lcs\u00f6kre eml\u00e9keztet\u0151 jegyekkel. 3<\/p>\n<p>\u00cdz: di\u00f3f\u00e9l\u00e9k, k\u00e1v\u00e9 \u00e9s f\u00fcst\u00f6lt karamell jegyei, f\u0171szeres \u00e9s doh\u00e1nyos jegyekkel. Hossz\u00fa \u00e9s s\u0171r\u0171 lecseng\u00e9s mazsol\u00e1s jegyekkel. <\/p>\n<p>A Sea Turtle Conservancy (STC) 1959-ben alakult, hogy megmentse a tengeri tekn\u0151s\u00f6ket a k\u00f6zelg\u0151 kihal\u00e1st\u00f3l, \u00e9s glob\u00e1lis programokat hajt v\u00e9gre a tengeri tekn\u0151s popul\u00e1ci\u00f3k meg\u0151rz\u00e9s\u00e9re \u00e9s helyre\u00e1ll\u00edt\u00e1s\u00e1ra kutat\u00e1s, \u00e9rdek\u00e9rv\u00e9nyes\u00edt\u00e9s \u00e9s a term\u00e9szetes \u00e9l\u0151helyek v\u00e9delme r\u00e9v\u00e9n. A Caroni Tortuga Edition No. 3 t\u00e1mogatja ezt az \u00fcgyet az\u00e1ltal, hogy felh\u00edvja a figyelmet a Conservancy er\u0151fesz\u00edt\u00e9seire, \u00e9s lehet\u0151v\u00e9 teszi a fogyaszt\u00f3k sz\u00e1m\u00e1ra, hogy a Tortuga No. 3 palackon kereszt\u00fcl k\u00f6zvetlen\u00fcl hozz\u00e1j\u00e1ruljanak a tengeri tekn\u0151s\u00f6k v\u00e9delm\u00e9hez. A Tortuga sorozatot a   <\/p>\n","protected":false},"excerpt":{"rendered":"<p>Illat: Komplex arom\u00e1k, meglep\u0151en gy\u00fcm\u00f6lcs\u00f6s, csonth\u00e9jas gy\u00fcm\u00f6lcs\u00f6kre eml\u00e9keztet\u0151 jegyekkel. 3 \u00cdz: di\u00f3f\u00e9l\u00e9k, k\u00e1v\u00e9 \u00e9s f\u00fcst\u00f6lt karamell jegyei, f\u0171szeres \u00e9s doh\u00e1nyos jegyekkel. Hossz\u00fa \u00e9s s\u0171r\u0171 lecseng\u00e9s mazsol\u00e1s jegyekkel. A Sea Turtle Conservancy (STC) 1959-ben alakult, hogy megmentse a tengeri tekn\u0151s\u00f6ket a k\u00f6zelg\u0151 kihal\u00e1st\u00f3l, \u00e9s glob\u00e1lis programokat hajt v\u00e9gre a tengeri tekn\u0151s popul\u00e1ci\u00f3k meg\u0151rz\u00e9s\u00e9re \u00e9s helyre\u00e1ll\u00edt\u00e1s\u00e1ra kutat\u00e1s, [&#8230;]\n","protected":false},"featured_media":5703,"comment_status":"closed","ping_status":"closed","template":"","meta":{"_acf_changed":false},"product_brand":[],"product_cat":[930,483,485],"product_tag":[801],"class_list":{"0":"post-5701","1":"product","2":"type-product","3":"status-publish","4":"has-post-thumbnail","6":"product_cat-gyujtoi-alkohol","7":"product_cat-rum-hu","8":"product_cat-sotet-rum","9":"product_tag-caroni-hu","11":"first","12":"instock","13":"taxable","14":"shipping-taxable","15":"purchasable","16":"product-type-simple"},"acf":[],"yoast_head":"<!-- This site is optimized with the Yoast SEO plugin v27.0 - https:\/\/yoast.com\/product\/yoast-seo-wordpress\/ -->\n<title>Rum Caroni 1998 Tortuga 3 Mizunara Cask 2092 0,7 l 58,1% - rumicon.sk<\/title>\n<meta name=\"robots\" content=\"index, follow, max-snippet:-1, max-image-preview:large, max-video-preview:-1\" \/>\n<link rel=\"canonical\" href=\"https:\/\/www.rumicon.sk\/hu\/produkt\/rum-caroni-1998-tortuga-3-mizunara-cask-2092-07-l-581\/\" \/>\n<meta property=\"og:locale\" content=\"hu_HU\" \/>\n<meta property=\"og:type\" content=\"article\" \/>\n<meta property=\"og:title\" content=\"Rum Caroni 1998 Tortuga 3 Mizunara Cask 2092 0,7 l 58,1% - rumicon.sk\" \/>\n<meta property=\"og:description\" content=\"Illat: Komplex arom\u00e1k, meglep\u0151en gy\u00fcm\u00f6lcs\u00f6s, csonth\u00e9jas gy\u00fcm\u00f6lcs\u00f6kre eml\u00e9keztet\u0151 jegyekkel. 3 \u00cdz: di\u00f3f\u00e9l\u00e9k, k\u00e1v\u00e9 \u00e9s f\u00fcst\u00f6lt karamell jegyei, f\u0171szeres \u00e9s doh\u00e1nyos jegyekkel. Hossz\u00fa \u00e9s s\u0171r\u0171 lecseng\u00e9s mazsol\u00e1s jegyekkel. A Sea Turtle Conservancy (STC) 1959-ben alakult, hogy megmentse a tengeri tekn\u0151s\u00f6ket a k\u00f6zelg\u0151 kihal\u00e1st\u00f3l, \u00e9s glob\u00e1lis programokat hajt v\u00e9gre a tengeri tekn\u0151s popul\u00e1ci\u00f3k meg\u0151rz\u00e9s\u00e9re \u00e9s helyre\u00e1ll\u00edt\u00e1s\u00e1ra kutat\u00e1s, [...]\" \/>\n<meta property=\"og:url\" content=\"https:\/\/www.rumicon.sk\/hu\/produkt\/rum-caroni-1998-tortuga-3-mizunara-cask-2092-07-l-581\/\" \/>\n<meta property=\"og:site_name\" content=\"rumicon.sk\" \/>\n<meta property=\"article:publisher\" content=\"https:\/\/www.facebook.com\/people\/Rumicon-Bottle-Cigar-Shop\/100087110283303\/\" \/>\n<meta property=\"article:modified_time\" content=\"2025-08-14T10:17:52+00:00\" \/>\n<meta property=\"og:image\" content=\"https:\/\/www.rumicon.sk\/wp-content\/uploads\/Precious-Liquors-Tortuga-3-Caroni-1998-24-Years-Mizunara-Finish.jpg\" \/>\n\t<meta property=\"og:image:width\" content=\"1080\" \/>\n\t<meta property=\"og:image:height\" content=\"1080\" \/>\n\t<meta property=\"og:image:type\" content=\"image\/jpeg\" \/>\n<meta name=\"twitter:card\" content=\"summary_large_image\" \/>\n<meta name=\"twitter:label1\" content=\"Becs\u00fclt olvas\u00e1si id\u0151\" \/>\n\t<meta name=\"twitter:data1\" content=\"1 perc\" \/>\n<script type=\"application\/ld+json\" class=\"yoast-schema-graph\">{\"@context\":\"https:\/\/schema.org\",\"@graph\":[{\"@type\":\"WebPage\",\"@id\":\"https:\/\/www.rumicon.sk\/hu\/produkt\/rum-caroni-1998-tortuga-3-mizunara-cask-2092-07-l-581\/\",\"url\":\"https:\/\/www.rumicon.sk\/hu\/produkt\/rum-caroni-1998-tortuga-3-mizunara-cask-2092-07-l-581\/\",\"name\":\"Rum Caroni 1998 Tortuga 3 Mizunara Cask 2092 0,7 l 58,1% - rumicon.sk\",\"isPartOf\":{\"@id\":\"https:\/\/www.rumicon.sk\/hu\/#website\"},\"primaryImageOfPage\":{\"@id\":\"https:\/\/www.rumicon.sk\/hu\/produkt\/rum-caroni-1998-tortuga-3-mizunara-cask-2092-07-l-581\/#primaryimage\"},\"image\":{\"@id\":\"https:\/\/www.rumicon.sk\/hu\/produkt\/rum-caroni-1998-tortuga-3-mizunara-cask-2092-07-l-581\/#primaryimage\"},\"thumbnailUrl\":\"https:\/\/www.rumicon.sk\/wp-content\/uploads\/Precious-Liquors-Tortuga-3-Caroni-1998-24-Years-Mizunara-Finish.jpg\",\"datePublished\":\"2024-08-13T13:39:58+00:00\",\"dateModified\":\"2025-08-14T10:17:52+00:00\",\"breadcrumb\":{\"@id\":\"https:\/\/www.rumicon.sk\/hu\/produkt\/rum-caroni-1998-tortuga-3-mizunara-cask-2092-07-l-581\/#breadcrumb\"},\"inLanguage\":\"hu\",\"potentialAction\":[{\"@type\":\"ReadAction\",\"target\":[\"https:\/\/www.rumicon.sk\/hu\/produkt\/rum-caroni-1998-tortuga-3-mizunara-cask-2092-07-l-581\/\"]}]},{\"@type\":\"ImageObject\",\"inLanguage\":\"hu\",\"@id\":\"https:\/\/www.rumicon.sk\/hu\/produkt\/rum-caroni-1998-tortuga-3-mizunara-cask-2092-07-l-581\/#primaryimage\",\"url\":\"https:\/\/www.rumicon.sk\/wp-content\/uploads\/Precious-Liquors-Tortuga-3-Caroni-1998-24-Years-Mizunara-Finish.jpg\",\"contentUrl\":\"https:\/\/www.rumicon.sk\/wp-content\/uploads\/Precious-Liquors-Tortuga-3-Caroni-1998-24-Years-Mizunara-Finish.jpg\",\"width\":1080,\"height\":1080},{\"@type\":\"BreadcrumbList\",\"@id\":\"https:\/\/www.rumicon.sk\/hu\/produkt\/rum-caroni-1998-tortuga-3-mizunara-cask-2092-07-l-581\/#breadcrumb\",\"itemListElement\":[{\"@type\":\"ListItem\",\"position\":1,\"name\":\"Home\",\"item\":\"https:\/\/www.rumicon.sk\/hu\/home\/\"},{\"@type\":\"ListItem\",\"position\":2,\"name\":\"Web\u00e1ruh\u00e1z\",\"item\":\"https:\/\/www.rumicon.sk\/hu\/webaruhaz\/\"},{\"@type\":\"ListItem\",\"position\":3,\"name\":\"Rum Caroni 1998 Tortuga 3 Mizunara Cask 20...\"}]},{\"@type\":\"WebSite\",\"@id\":\"https:\/\/www.rumicon.sk\/hu\/#website\",\"url\":\"https:\/\/www.rumicon.sk\/hu\/\",\"name\":\"rumicon.sk\",\"description\":\"\",\"publisher\":{\"@id\":\"https:\/\/www.rumicon.sk\/hu\/#organization\"},\"potentialAction\":[{\"@type\":\"SearchAction\",\"target\":{\"@type\":\"EntryPoint\",\"urlTemplate\":\"https:\/\/www.rumicon.sk\/hu\/?s={search_term_string}\"},\"query-input\":{\"@type\":\"PropertyValueSpecification\",\"valueRequired\":true,\"valueName\":\"search_term_string\"}}],\"inLanguage\":\"hu\"},{\"@type\":\"Organization\",\"@id\":\"https:\/\/www.rumicon.sk\/hu\/#organization\",\"name\":\"rumicon.sk\",\"url\":\"https:\/\/www.rumicon.sk\/hu\/\",\"logo\":{\"@type\":\"ImageObject\",\"inLanguage\":\"hu\",\"@id\":\"https:\/\/www.rumicon.sk\/hu\/#\/schema\/logo\/image\/\",\"url\":\"https:\/\/www.rumicon.sk\/wp-content\/uploads\/logo-rumicon-bcs-color.png\",\"contentUrl\":\"https:\/\/www.rumicon.sk\/wp-content\/uploads\/logo-rumicon-bcs-color.png\",\"width\":827,\"height\":278,\"caption\":\"rumicon.sk\"},\"image\":{\"@id\":\"https:\/\/www.rumicon.sk\/hu\/#\/schema\/logo\/image\/\"},\"sameAs\":[\"https:\/\/www.facebook.com\/people\/Rumicon-Bottle-Cigar-Shop\/100087110283303\/\",\"https:\/\/www.instagram.com\/rumicon_bottle_cigar_shop\/\",\"https:\/\/www.tiktok.com\/@rumicon2022\"]}]}<\/script>\n<!-- \/ Yoast SEO plugin. -->","yoast_head_json":{"title":"Rum Caroni 1998 Tortuga 3 Mizunara Cask 2092 0,7 l 58,1% - rumicon.sk","robots":{"index":"index","follow":"follow","max-snippet":"max-snippet:-1","max-image-preview":"max-image-preview:large","max-video-preview":"max-video-preview:-1"},"canonical":"https:\/\/www.rumicon.sk\/hu\/produkt\/rum-caroni-1998-tortuga-3-mizunara-cask-2092-07-l-581\/","og_locale":"hu_HU","og_type":"article","og_title":"Rum Caroni 1998 Tortuga 3 Mizunara Cask 2092 0,7 l 58,1% - rumicon.sk","og_description":"Illat: Komplex arom\u00e1k, meglep\u0151en gy\u00fcm\u00f6lcs\u00f6s, csonth\u00e9jas gy\u00fcm\u00f6lcs\u00f6kre eml\u00e9keztet\u0151 jegyekkel. 3 \u00cdz: di\u00f3f\u00e9l\u00e9k, k\u00e1v\u00e9 \u00e9s f\u00fcst\u00f6lt karamell jegyei, f\u0171szeres \u00e9s doh\u00e1nyos jegyekkel. Hossz\u00fa \u00e9s s\u0171r\u0171 lecseng\u00e9s mazsol\u00e1s jegyekkel. A Sea Turtle Conservancy (STC) 1959-ben alakult, hogy megmentse a tengeri tekn\u0151s\u00f6ket a k\u00f6zelg\u0151 kihal\u00e1st\u00f3l, \u00e9s glob\u00e1lis programokat hajt v\u00e9gre a tengeri tekn\u0151s popul\u00e1ci\u00f3k meg\u0151rz\u00e9s\u00e9re \u00e9s helyre\u00e1ll\u00edt\u00e1s\u00e1ra kutat\u00e1s, [...]","og_url":"https:\/\/www.rumicon.sk\/hu\/produkt\/rum-caroni-1998-tortuga-3-mizunara-cask-2092-07-l-581\/","og_site_name":"rumicon.sk","article_publisher":"https:\/\/www.facebook.com\/people\/Rumicon-Bottle-Cigar-Shop\/100087110283303\/","article_modified_time":"2025-08-14T10:17:52+00:00","og_image":[{"width":1080,"height":1080,"url":"https:\/\/www.rumicon.sk\/wp-content\/uploads\/Precious-Liquors-Tortuga-3-Caroni-1998-24-Years-Mizunara-Finish.jpg","type":"image\/jpeg"}],"twitter_card":"summary_large_image","twitter_misc":{"Becs\u00fclt olvas\u00e1si id\u0151":"1 perc"},"schema":{"@context":"https:\/\/schema.org","@graph":[{"@type":"WebPage","@id":"https:\/\/www.rumicon.sk\/hu\/produkt\/rum-caroni-1998-tortuga-3-mizunara-cask-2092-07-l-581\/","url":"https:\/\/www.rumicon.sk\/hu\/produkt\/rum-caroni-1998-tortuga-3-mizunara-cask-2092-07-l-581\/","name":"Rum Caroni 1998 Tortuga 3 Mizunara Cask 2092 0,7 l 58,1% - rumicon.sk","isPartOf":{"@id":"https:\/\/www.rumicon.sk\/hu\/#website"},"primaryImageOfPage":{"@id":"https:\/\/www.rumicon.sk\/hu\/produkt\/rum-caroni-1998-tortuga-3-mizunara-cask-2092-07-l-581\/#primaryimage"},"image":{"@id":"https:\/\/www.rumicon.sk\/hu\/produkt\/rum-caroni-1998-tortuga-3-mizunara-cask-2092-07-l-581\/#primaryimage"},"thumbnailUrl":"https:\/\/www.rumicon.sk\/wp-content\/uploads\/Precious-Liquors-Tortuga-3-Caroni-1998-24-Years-Mizunara-Finish.jpg","datePublished":"2024-08-13T13:39:58+00:00","dateModified":"2025-08-14T10:17:52+00:00","breadcrumb":{"@id":"https:\/\/www.rumicon.sk\/hu\/produkt\/rum-caroni-1998-tortuga-3-mizunara-cask-2092-07-l-581\/#breadcrumb"},"inLanguage":"hu","potentialAction":[{"@type":"ReadAction","target":["https:\/\/www.rumicon.sk\/hu\/produkt\/rum-caroni-1998-tortuga-3-mizunara-cask-2092-07-l-581\/"]}]},{"@type":"ImageObject","inLanguage":"hu","@id":"https:\/\/www.rumicon.sk\/hu\/produkt\/rum-caroni-1998-tortuga-3-mizunara-cask-2092-07-l-581\/#primaryimage","url":"https:\/\/www.rumicon.sk\/wp-content\/uploads\/Precious-Liquors-Tortuga-3-Caroni-1998-24-Years-Mizunara-Finish.jpg","contentUrl":"https:\/\/www.rumicon.sk\/wp-content\/uploads\/Precious-Liquors-Tortuga-3-Caroni-1998-24-Years-Mizunara-Finish.jpg","width":1080,"height":1080},{"@type":"BreadcrumbList","@id":"https:\/\/www.rumicon.sk\/hu\/produkt\/rum-caroni-1998-tortuga-3-mizunara-cask-2092-07-l-581\/#breadcrumb","itemListElement":[{"@type":"ListItem","position":1,"name":"Home","item":"https:\/\/www.rumicon.sk\/hu\/home\/"},{"@type":"ListItem","position":2,"name":"Web\u00e1ruh\u00e1z","item":"https:\/\/www.rumicon.sk\/hu\/webaruhaz\/"},{"@type":"ListItem","position":3,"name":"Rum Caroni 1998 Tortuga 3 Mizunara Cask 20..."}]},{"@type":"WebSite","@id":"https:\/\/www.rumicon.sk\/hu\/#website","url":"https:\/\/www.rumicon.sk\/hu\/","name":"rumicon.sk","description":"","publisher":{"@id":"https:\/\/www.rumicon.sk\/hu\/#organization"},"potentialAction":[{"@type":"SearchAction","target":{"@type":"EntryPoint","urlTemplate":"https:\/\/www.rumicon.sk\/hu\/?s={search_term_string}"},"query-input":{"@type":"PropertyValueSpecification","valueRequired":true,"valueName":"search_term_string"}}],"inLanguage":"hu"},{"@type":"Organization","@id":"https:\/\/www.rumicon.sk\/hu\/#organization","name":"rumicon.sk","url":"https:\/\/www.rumicon.sk\/hu\/","logo":{"@type":"ImageObject","inLanguage":"hu","@id":"https:\/\/www.rumicon.sk\/hu\/#\/schema\/logo\/image\/","url":"https:\/\/www.rumicon.sk\/wp-content\/uploads\/logo-rumicon-bcs-color.png","contentUrl":"https:\/\/www.rumicon.sk\/wp-content\/uploads\/logo-rumicon-bcs-color.png","width":827,"height":278,"caption":"rumicon.sk"},"image":{"@id":"https:\/\/www.rumicon.sk\/hu\/#\/schema\/logo\/image\/"},"sameAs":["https:\/\/www.facebook.com\/people\/Rumicon-Bottle-Cigar-Shop\/100087110283303\/","https:\/\/www.instagram.com\/rumicon_bottle_cigar_shop\/","https:\/\/www.tiktok.com\/@rumicon2022"]}]}},"_links":{"self":[{"href":"https:\/\/www.rumicon.sk\/hu\/wp-json\/wp\/v2\/product\/5701","targetHints":{"allow":["GET"]}}],"collection":[{"href":"https:\/\/www.rumicon.sk\/hu\/wp-json\/wp\/v2\/product"}],"about":[{"href":"https:\/\/www.rumicon.sk\/hu\/wp-json\/wp\/v2\/types\/product"}],"replies":[{"embeddable":true,"href":"https:\/\/www.rumicon.sk\/hu\/wp-json\/wp\/v2\/comments?post=5701"}],"wp:featuredmedia":[{"embeddable":true,"href":"https:\/\/www.rumicon.sk\/hu\/wp-json\/wp\/v2\/media\/5703"}],"wp:attachment":[{"href":"https:\/\/www.rumicon.sk\/hu\/wp-json\/wp\/v2\/media?parent=5701"}],"wp:term":[{"taxonomy":"product_brand","embeddable":true,"href":"https:\/\/www.rumicon.sk\/hu\/wp-json\/wp\/v2\/product_brand?post=5701"},{"taxonomy":"product_cat","embeddable":true,"href":"https:\/\/www.rumicon.sk\/hu\/wp-json\/wp\/v2\/product_cat?post=5701"},{"taxonomy":"product_tag","embeddable":true,"href":"https:\/\/www.rumicon.sk\/hu\/wp-json\/wp\/v2\/product_tag?post=5701"}],"curies":[{"name":"wp","href":"https:\/\/api.w.org\/{rel}","templated":true}]}}