{"id":5691,"date":"2024-09-19T09:25:57","date_gmt":"2024-09-19T07:25:57","guid":{"rendered":"https:\/\/www.rumicon.sk\/produkt\/davidoff-winston-churchill-belicoso-4s-32gr\/"},"modified":"2024-10-11T15:22:34","modified_gmt":"2024-10-11T13:22:34","slug":"davidoff-winston-churchill-belicoso-4s-32gr","status":"publish","type":"product","link":"https:\/\/www.rumicon.sk\/hu\/produkt\/davidoff-winston-churchill-belicoso-4s-32gr\/","title":{"rendered":"Davidoff Winston Churchill Belicoso 4\u00b4S 32..."},"content":{"rendered":"<p>A Winston Churchill Belicoso Winston Churchillt \u00fcnnepli egy r\u00f6vid, de nagyon friss form\u00e1tum\u00fa kever\u00e9kkel. A gazdag, f\u0171szeres \u00edzek t\u00f6bbr\u00e9teg\u0171 kombin\u00e1ci\u00f3ja, amely olyan \u00f6sszetett, mint maga a f\u00e9rfi, \u00e9s amely az utaz\u00e1si v\u00e1gy\u00e1t t\u00fckr\u00f6zi az Ecuadorb\u00f3l, Perub\u00f3l, Nicaragu\u00e1b\u00f3l \u00e9s a Dominikai K\u00f6zt\u00e1rsas\u00e1gb\u00f3l sz\u00e1rmaz\u00f3 doh\u00e1nyokkal, ez a Belicoso t\u00f6k\u00e9letes egy pillanatnyi gyors k\u00e9nyeztet\u00e9sre.<\/p>\n<p>A Davidoff Winston Churchill &#8211; &#8220;The Original Series&#8221; enyh\u00e9n \u00e9des c\u00e9drusos jegyei kiv\u00e9telesen j\u00f3l p\u00e1rosulnak olyan whiskykkel, mint a Glenmorangie vagy a Macallan Amber. Bor\u00edt\u00f3: Ecuador K\u00f6t\u0151anyag: Peru T\u00f6ltel\u00e9k: Perui:<\/p>\n<p>Dominikai K\u00f6zt\u00e1rsas\u00e1g Hossz x \u00e1tm\u00e9r\u0151: 114mm x 18mm Er\u0151ss\u00e9g: k\u00f6zepes <\/p>\n","protected":false},"excerpt":{"rendered":"<p>A Winston Churchill Belicoso Winston Churchillt \u00fcnnepli egy r\u00f6vid, de nagyon friss form\u00e1tum\u00fa kever\u00e9kkel. A gazdag, f\u0171szeres \u00edzek t\u00f6bbr\u00e9teg\u0171 kombin\u00e1ci\u00f3ja, amely olyan \u00f6sszetett, mint maga a f\u00e9rfi, \u00e9s amely az utaz\u00e1si v\u00e1gy\u00e1t t\u00fckr\u00f6zi az Ecuadorb\u00f3l, Perub\u00f3l, Nicaragu\u00e1b\u00f3l \u00e9s a Dominikai K\u00f6zt\u00e1rsas\u00e1gb\u00f3l sz\u00e1rmaz\u00f3 doh\u00e1nyokkal, ez a Belicoso t\u00f6k\u00e9letes egy pillanatnyi gyors k\u00e9nyeztet\u00e9sre. A Davidoff Winston Churchill [&#8230;]\n","protected":false},"featured_media":5694,"comment_status":"closed","ping_status":"closed","template":"","meta":{"_acf_changed":false},"product_brand":[],"product_cat":[28],"product_tag":[],"class_list":{"0":"post-5691","1":"product","2":"type-product","3":"status-publish","4":"has-post-thumbnail","6":"product_cat-rum","8":"first","9":"outofstock","10":"taxable","11":"shipping-taxable","12":"purchasable","13":"product-type-simple"},"acf":[],"yoast_head":"<!-- This site is optimized with the Yoast SEO plugin v27.0 - https:\/\/yoast.com\/product\/yoast-seo-wordpress\/ -->\n<title>Davidoff Winston Churchill Belicoso 4\u00b4S 32gr - rumicon.sk<\/title>\n<meta name=\"robots\" content=\"index, follow, max-snippet:-1, max-image-preview:large, max-video-preview:-1\" \/>\n<link rel=\"canonical\" href=\"https:\/\/www.rumicon.sk\/hu\/produkt\/davidoff-winston-churchill-belicoso-4s-32gr\/\" \/>\n<meta property=\"og:locale\" content=\"hu_HU\" \/>\n<meta property=\"og:type\" content=\"article\" \/>\n<meta property=\"og:title\" content=\"Davidoff Winston Churchill Belicoso 4\u00b4S 32gr - rumicon.sk\" \/>\n<meta property=\"og:description\" content=\"A Winston Churchill Belicoso Winston Churchillt \u00fcnnepli egy r\u00f6vid, de nagyon friss form\u00e1tum\u00fa kever\u00e9kkel. A gazdag, f\u0171szeres \u00edzek t\u00f6bbr\u00e9teg\u0171 kombin\u00e1ci\u00f3ja, amely olyan \u00f6sszetett, mint maga a f\u00e9rfi, \u00e9s amely az utaz\u00e1si v\u00e1gy\u00e1t t\u00fckr\u00f6zi az Ecuadorb\u00f3l, Perub\u00f3l, Nicaragu\u00e1b\u00f3l \u00e9s a Dominikai K\u00f6zt\u00e1rsas\u00e1gb\u00f3l sz\u00e1rmaz\u00f3 doh\u00e1nyokkal, ez a Belicoso t\u00f6k\u00e9letes egy pillanatnyi gyors k\u00e9nyeztet\u00e9sre. A Davidoff Winston Churchill [...]\" \/>\n<meta property=\"og:url\" content=\"https:\/\/www.rumicon.sk\/hu\/produkt\/davidoff-winston-churchill-belicoso-4s-32gr\/\" \/>\n<meta property=\"og:site_name\" content=\"rumicon.sk\" \/>\n<meta property=\"article:publisher\" content=\"https:\/\/www.facebook.com\/people\/Rumicon-Bottle-Cigar-Shop\/100087110283303\/\" \/>\n<meta property=\"article:modified_time\" content=\"2024-10-11T13:22:34+00:00\" \/>\n<meta property=\"og:image\" content=\"https:\/\/www.rumicon.sk\/wp-content\/uploads\/Davidoff-Winston-Churchill-Belicoso.jpg\" \/>\n\t<meta property=\"og:image:width\" content=\"500\" \/>\n\t<meta property=\"og:image:height\" content=\"500\" \/>\n\t<meta property=\"og:image:type\" content=\"image\/jpeg\" \/>\n<meta name=\"twitter:card\" content=\"summary_large_image\" \/>\n<meta name=\"twitter:label1\" content=\"Becs\u00fclt olvas\u00e1si id\u0151\" \/>\n\t<meta name=\"twitter:data1\" content=\"1 perc\" \/>\n<script type=\"application\/ld+json\" class=\"yoast-schema-graph\">{\"@context\":\"https:\/\/schema.org\",\"@graph\":[{\"@type\":\"WebPage\",\"@id\":\"https:\/\/www.rumicon.sk\/hu\/produkt\/davidoff-winston-churchill-belicoso-4s-32gr\/\",\"url\":\"https:\/\/www.rumicon.sk\/hu\/produkt\/davidoff-winston-churchill-belicoso-4s-32gr\/\",\"name\":\"Davidoff Winston Churchill Belicoso 4\u00b4S 32gr - rumicon.sk\",\"isPartOf\":{\"@id\":\"https:\/\/www.rumicon.sk\/hu\/#website\"},\"primaryImageOfPage\":{\"@id\":\"https:\/\/www.rumicon.sk\/hu\/produkt\/davidoff-winston-churchill-belicoso-4s-32gr\/#primaryimage\"},\"image\":{\"@id\":\"https:\/\/www.rumicon.sk\/hu\/produkt\/davidoff-winston-churchill-belicoso-4s-32gr\/#primaryimage\"},\"thumbnailUrl\":\"https:\/\/www.rumicon.sk\/wp-content\/uploads\/Davidoff-Winston-Churchill-Belicoso.jpg\",\"datePublished\":\"2024-09-19T07:25:57+00:00\",\"dateModified\":\"2024-10-11T13:22:34+00:00\",\"breadcrumb\":{\"@id\":\"https:\/\/www.rumicon.sk\/hu\/produkt\/davidoff-winston-churchill-belicoso-4s-32gr\/#breadcrumb\"},\"inLanguage\":\"hu\",\"potentialAction\":[{\"@type\":\"ReadAction\",\"target\":[\"https:\/\/www.rumicon.sk\/hu\/produkt\/davidoff-winston-churchill-belicoso-4s-32gr\/\"]}]},{\"@type\":\"ImageObject\",\"inLanguage\":\"hu\",\"@id\":\"https:\/\/www.rumicon.sk\/hu\/produkt\/davidoff-winston-churchill-belicoso-4s-32gr\/#primaryimage\",\"url\":\"https:\/\/www.rumicon.sk\/wp-content\/uploads\/Davidoff-Winston-Churchill-Belicoso.jpg\",\"contentUrl\":\"https:\/\/www.rumicon.sk\/wp-content\/uploads\/Davidoff-Winston-Churchill-Belicoso.jpg\",\"width\":500,\"height\":500},{\"@type\":\"BreadcrumbList\",\"@id\":\"https:\/\/www.rumicon.sk\/hu\/produkt\/davidoff-winston-churchill-belicoso-4s-32gr\/#breadcrumb\",\"itemListElement\":[{\"@type\":\"ListItem\",\"position\":1,\"name\":\"Home\",\"item\":\"https:\/\/www.rumicon.sk\/hu\/home\/\"},{\"@type\":\"ListItem\",\"position\":2,\"name\":\"Web\u00e1ruh\u00e1z\",\"item\":\"https:\/\/www.rumicon.sk\/hu\/webaruhaz\/\"},{\"@type\":\"ListItem\",\"position\":3,\"name\":\"Davidoff Winston Churchill Belicoso 4\u00b4S 32...\"}]},{\"@type\":\"WebSite\",\"@id\":\"https:\/\/www.rumicon.sk\/hu\/#website\",\"url\":\"https:\/\/www.rumicon.sk\/hu\/\",\"name\":\"rumicon.sk\",\"description\":\"\",\"publisher\":{\"@id\":\"https:\/\/www.rumicon.sk\/hu\/#organization\"},\"potentialAction\":[{\"@type\":\"SearchAction\",\"target\":{\"@type\":\"EntryPoint\",\"urlTemplate\":\"https:\/\/www.rumicon.sk\/hu\/?s={search_term_string}\"},\"query-input\":{\"@type\":\"PropertyValueSpecification\",\"valueRequired\":true,\"valueName\":\"search_term_string\"}}],\"inLanguage\":\"hu\"},{\"@type\":\"Organization\",\"@id\":\"https:\/\/www.rumicon.sk\/hu\/#organization\",\"name\":\"rumicon.sk\",\"url\":\"https:\/\/www.rumicon.sk\/hu\/\",\"logo\":{\"@type\":\"ImageObject\",\"inLanguage\":\"hu\",\"@id\":\"https:\/\/www.rumicon.sk\/hu\/#\/schema\/logo\/image\/\",\"url\":\"https:\/\/www.rumicon.sk\/wp-content\/uploads\/logo-rumicon-bcs-color.png\",\"contentUrl\":\"https:\/\/www.rumicon.sk\/wp-content\/uploads\/logo-rumicon-bcs-color.png\",\"width\":827,\"height\":278,\"caption\":\"rumicon.sk\"},\"image\":{\"@id\":\"https:\/\/www.rumicon.sk\/hu\/#\/schema\/logo\/image\/\"},\"sameAs\":[\"https:\/\/www.facebook.com\/people\/Rumicon-Bottle-Cigar-Shop\/100087110283303\/\",\"https:\/\/www.instagram.com\/rumicon_bottle_cigar_shop\/\",\"https:\/\/www.tiktok.com\/@rumicon2022\"]}]}<\/script>\n<!-- \/ Yoast SEO plugin. -->","yoast_head_json":{"title":"Davidoff Winston Churchill Belicoso 4\u00b4S 32gr - rumicon.sk","robots":{"index":"index","follow":"follow","max-snippet":"max-snippet:-1","max-image-preview":"max-image-preview:large","max-video-preview":"max-video-preview:-1"},"canonical":"https:\/\/www.rumicon.sk\/hu\/produkt\/davidoff-winston-churchill-belicoso-4s-32gr\/","og_locale":"hu_HU","og_type":"article","og_title":"Davidoff Winston Churchill Belicoso 4\u00b4S 32gr - rumicon.sk","og_description":"A Winston Churchill Belicoso Winston Churchillt \u00fcnnepli egy r\u00f6vid, de nagyon friss form\u00e1tum\u00fa kever\u00e9kkel. A gazdag, f\u0171szeres \u00edzek t\u00f6bbr\u00e9teg\u0171 kombin\u00e1ci\u00f3ja, amely olyan \u00f6sszetett, mint maga a f\u00e9rfi, \u00e9s amely az utaz\u00e1si v\u00e1gy\u00e1t t\u00fckr\u00f6zi az Ecuadorb\u00f3l, Perub\u00f3l, Nicaragu\u00e1b\u00f3l \u00e9s a Dominikai K\u00f6zt\u00e1rsas\u00e1gb\u00f3l sz\u00e1rmaz\u00f3 doh\u00e1nyokkal, ez a Belicoso t\u00f6k\u00e9letes egy pillanatnyi gyors k\u00e9nyeztet\u00e9sre. A Davidoff Winston Churchill [...]","og_url":"https:\/\/www.rumicon.sk\/hu\/produkt\/davidoff-winston-churchill-belicoso-4s-32gr\/","og_site_name":"rumicon.sk","article_publisher":"https:\/\/www.facebook.com\/people\/Rumicon-Bottle-Cigar-Shop\/100087110283303\/","article_modified_time":"2024-10-11T13:22:34+00:00","og_image":[{"width":500,"height":500,"url":"https:\/\/www.rumicon.sk\/wp-content\/uploads\/Davidoff-Winston-Churchill-Belicoso.jpg","type":"image\/jpeg"}],"twitter_card":"summary_large_image","twitter_misc":{"Becs\u00fclt olvas\u00e1si id\u0151":"1 perc"},"schema":{"@context":"https:\/\/schema.org","@graph":[{"@type":"WebPage","@id":"https:\/\/www.rumicon.sk\/hu\/produkt\/davidoff-winston-churchill-belicoso-4s-32gr\/","url":"https:\/\/www.rumicon.sk\/hu\/produkt\/davidoff-winston-churchill-belicoso-4s-32gr\/","name":"Davidoff Winston Churchill Belicoso 4\u00b4S 32gr - rumicon.sk","isPartOf":{"@id":"https:\/\/www.rumicon.sk\/hu\/#website"},"primaryImageOfPage":{"@id":"https:\/\/www.rumicon.sk\/hu\/produkt\/davidoff-winston-churchill-belicoso-4s-32gr\/#primaryimage"},"image":{"@id":"https:\/\/www.rumicon.sk\/hu\/produkt\/davidoff-winston-churchill-belicoso-4s-32gr\/#primaryimage"},"thumbnailUrl":"https:\/\/www.rumicon.sk\/wp-content\/uploads\/Davidoff-Winston-Churchill-Belicoso.jpg","datePublished":"2024-09-19T07:25:57+00:00","dateModified":"2024-10-11T13:22:34+00:00","breadcrumb":{"@id":"https:\/\/www.rumicon.sk\/hu\/produkt\/davidoff-winston-churchill-belicoso-4s-32gr\/#breadcrumb"},"inLanguage":"hu","potentialAction":[{"@type":"ReadAction","target":["https:\/\/www.rumicon.sk\/hu\/produkt\/davidoff-winston-churchill-belicoso-4s-32gr\/"]}]},{"@type":"ImageObject","inLanguage":"hu","@id":"https:\/\/www.rumicon.sk\/hu\/produkt\/davidoff-winston-churchill-belicoso-4s-32gr\/#primaryimage","url":"https:\/\/www.rumicon.sk\/wp-content\/uploads\/Davidoff-Winston-Churchill-Belicoso.jpg","contentUrl":"https:\/\/www.rumicon.sk\/wp-content\/uploads\/Davidoff-Winston-Churchill-Belicoso.jpg","width":500,"height":500},{"@type":"BreadcrumbList","@id":"https:\/\/www.rumicon.sk\/hu\/produkt\/davidoff-winston-churchill-belicoso-4s-32gr\/#breadcrumb","itemListElement":[{"@type":"ListItem","position":1,"name":"Home","item":"https:\/\/www.rumicon.sk\/hu\/home\/"},{"@type":"ListItem","position":2,"name":"Web\u00e1ruh\u00e1z","item":"https:\/\/www.rumicon.sk\/hu\/webaruhaz\/"},{"@type":"ListItem","position":3,"name":"Davidoff Winston Churchill Belicoso 4\u00b4S 32..."}]},{"@type":"WebSite","@id":"https:\/\/www.rumicon.sk\/hu\/#website","url":"https:\/\/www.rumicon.sk\/hu\/","name":"rumicon.sk","description":"","publisher":{"@id":"https:\/\/www.rumicon.sk\/hu\/#organization"},"potentialAction":[{"@type":"SearchAction","target":{"@type":"EntryPoint","urlTemplate":"https:\/\/www.rumicon.sk\/hu\/?s={search_term_string}"},"query-input":{"@type":"PropertyValueSpecification","valueRequired":true,"valueName":"search_term_string"}}],"inLanguage":"hu"},{"@type":"Organization","@id":"https:\/\/www.rumicon.sk\/hu\/#organization","name":"rumicon.sk","url":"https:\/\/www.rumicon.sk\/hu\/","logo":{"@type":"ImageObject","inLanguage":"hu","@id":"https:\/\/www.rumicon.sk\/hu\/#\/schema\/logo\/image\/","url":"https:\/\/www.rumicon.sk\/wp-content\/uploads\/logo-rumicon-bcs-color.png","contentUrl":"https:\/\/www.rumicon.sk\/wp-content\/uploads\/logo-rumicon-bcs-color.png","width":827,"height":278,"caption":"rumicon.sk"},"image":{"@id":"https:\/\/www.rumicon.sk\/hu\/#\/schema\/logo\/image\/"},"sameAs":["https:\/\/www.facebook.com\/people\/Rumicon-Bottle-Cigar-Shop\/100087110283303\/","https:\/\/www.instagram.com\/rumicon_bottle_cigar_shop\/","https:\/\/www.tiktok.com\/@rumicon2022"]}]}},"_links":{"self":[{"href":"https:\/\/www.rumicon.sk\/hu\/wp-json\/wp\/v2\/product\/5691","targetHints":{"allow":["GET"]}}],"collection":[{"href":"https:\/\/www.rumicon.sk\/hu\/wp-json\/wp\/v2\/product"}],"about":[{"href":"https:\/\/www.rumicon.sk\/hu\/wp-json\/wp\/v2\/types\/product"}],"replies":[{"embeddable":true,"href":"https:\/\/www.rumicon.sk\/hu\/wp-json\/wp\/v2\/comments?post=5691"}],"wp:featuredmedia":[{"embeddable":true,"href":"https:\/\/www.rumicon.sk\/hu\/wp-json\/wp\/v2\/media\/5694"}],"wp:attachment":[{"href":"https:\/\/www.rumicon.sk\/hu\/wp-json\/wp\/v2\/media?parent=5691"}],"wp:term":[{"taxonomy":"product_brand","embeddable":true,"href":"https:\/\/www.rumicon.sk\/hu\/wp-json\/wp\/v2\/product_brand?post=5691"},{"taxonomy":"product_cat","embeddable":true,"href":"https:\/\/www.rumicon.sk\/hu\/wp-json\/wp\/v2\/product_cat?post=5691"},{"taxonomy":"product_tag","embeddable":true,"href":"https:\/\/www.rumicon.sk\/hu\/wp-json\/wp\/v2\/product_tag?post=5691"}],"curies":[{"name":"wp","href":"https:\/\/api.w.org\/{rel}","templated":true}]}}