{"id":5683,"date":"2024-08-08T08:15:41","date_gmt":"2024-08-08T06:15:41","guid":{"rendered":"https:\/\/www.rumicon.sk\/produkt\/rum-foursquare-16-years-the-broken-barbados-633-07l\/"},"modified":"2025-08-14T12:17:53","modified_gmt":"2025-08-14T10:17:53","slug":"rum-foursquare-16-years-the-broken-barbados-633-07l","status":"publish","type":"product","link":"https:\/\/www.rumicon.sk\/hu\/produkt\/rum-foursquare-16-years-the-broken-barbados-633-07l\/","title":{"rendered":"Rum Foursquare 16 Years The Broken Barbado..."},"content":{"rendered":"<p>Ez a Foursquare rum nyolc \u00e9v tr\u00f3pusi \u00e9rlel\u00e9sen esett \u00e1t Barbadoson, majd tov\u00e1bbi nyolc \u00e9vet t\u00f6lt\u00f6tt a sk\u00f3t felf\u00f6ld\u00f6n.<\/p>\n<p>Ez egy 229 palackra limit\u00e1lt kiad\u00e1s.<\/p>\n<p>Illat\u00e1ban intenz\u00edv, amikor torkos, kand\u00edrozott k\u00f3kuszdi\u00f3ra eml\u00e9keztet\u0151 jegyekkel. \u00cdz\u00e9ben k\u00f3kusz \u00e9s friss van\u00edlia, enyh\u00e9n p\u00f6rk\u00f6lt f\u00e1ss\u00e1ggal k\u00eds\u00e9rve. A lecseng\u00e9sben meglep\u0151 aljn\u00f6v\u00e9nyzet \u00e9s feh\u00e9r viasz jegyeit fedezhetj\u00fck fel.  <\/p>\n","protected":false},"excerpt":{"rendered":"<p>Ez a Foursquare rum nyolc \u00e9v tr\u00f3pusi \u00e9rlel\u00e9sen esett \u00e1t Barbadoson, majd tov\u00e1bbi nyolc \u00e9vet t\u00f6lt\u00f6tt a sk\u00f3t felf\u00f6ld\u00f6n. Ez egy 229 palackra limit\u00e1lt kiad\u00e1s. Illat\u00e1ban intenz\u00edv, amikor torkos, kand\u00edrozott k\u00f3kuszdi\u00f3ra eml\u00e9keztet\u0151 jegyekkel. \u00cdz\u00e9ben k\u00f3kusz \u00e9s friss van\u00edlia, enyh\u00e9n p\u00f6rk\u00f6lt f\u00e1ss\u00e1ggal k\u00eds\u00e9rve. A lecseng\u00e9sben meglep\u0151 aljn\u00f6v\u00e9nyzet \u00e9s feh\u00e9r viasz jegyeit fedezhetj\u00fck fel.<\/p>\n","protected":false},"featured_media":5685,"comment_status":"closed","ping_status":"closed","template":"","meta":{"_acf_changed":false},"product_brand":[],"product_cat":[930,483,485],"product_tag":[800],"class_list":{"0":"post-5683","1":"product","2":"type-product","3":"status-publish","4":"has-post-thumbnail","6":"product_cat-gyujtoi-alkohol","7":"product_cat-rum-hu","8":"product_cat-sotet-rum","9":"product_tag-foursquare-hu","11":"first","12":"instock","13":"taxable","14":"shipping-taxable","15":"purchasable","16":"product-type-simple"},"acf":[],"yoast_head":"<!-- This site is optimized with the Yoast SEO plugin v27.0 - https:\/\/yoast.com\/product\/yoast-seo-wordpress\/ -->\n<title>Rum Foursquare 16 Years The Broken Barbados 63,3% 0,7l - rumicon.sk<\/title>\n<meta name=\"robots\" content=\"index, follow, max-snippet:-1, max-image-preview:large, max-video-preview:-1\" \/>\n<link rel=\"canonical\" href=\"https:\/\/www.rumicon.sk\/hu\/produkt\/rum-foursquare-16-years-the-broken-barbados-633-07l\/\" \/>\n<meta property=\"og:locale\" content=\"hu_HU\" \/>\n<meta property=\"og:type\" content=\"article\" \/>\n<meta property=\"og:title\" content=\"Rum Foursquare 16 Years The Broken Barbados 63,3% 0,7l - rumicon.sk\" \/>\n<meta property=\"og:description\" content=\"Ez a Foursquare rum nyolc \u00e9v tr\u00f3pusi \u00e9rlel\u00e9sen esett \u00e1t Barbadoson, majd tov\u00e1bbi nyolc \u00e9vet t\u00f6lt\u00f6tt a sk\u00f3t felf\u00f6ld\u00f6n. Ez egy 229 palackra limit\u00e1lt kiad\u00e1s. Illat\u00e1ban intenz\u00edv, amikor torkos, kand\u00edrozott k\u00f3kuszdi\u00f3ra eml\u00e9keztet\u0151 jegyekkel. \u00cdz\u00e9ben k\u00f3kusz \u00e9s friss van\u00edlia, enyh\u00e9n p\u00f6rk\u00f6lt f\u00e1ss\u00e1ggal k\u00eds\u00e9rve. A lecseng\u00e9sben meglep\u0151 aljn\u00f6v\u00e9nyzet \u00e9s feh\u00e9r viasz jegyeit fedezhetj\u00fck fel.\" \/>\n<meta property=\"og:url\" content=\"https:\/\/www.rumicon.sk\/hu\/produkt\/rum-foursquare-16-years-the-broken-barbados-633-07l\/\" \/>\n<meta property=\"og:site_name\" content=\"rumicon.sk\" \/>\n<meta property=\"article:publisher\" content=\"https:\/\/www.facebook.com\/people\/Rumicon-Bottle-Cigar-Shop\/100087110283303\/\" \/>\n<meta property=\"article:modified_time\" content=\"2025-08-14T10:17:53+00:00\" \/>\n<meta property=\"og:image\" content=\"https:\/\/www.rumicon.sk\/wp-content\/uploads\/foursquare-16y-the-broken-trident-fine-spirits-club-poland-precious-liquors-633-07l_2696-1.webp\" \/>\n\t<meta property=\"og:image:width\" content=\"400\" \/>\n\t<meta property=\"og:image:height\" content=\"400\" \/>\n\t<meta property=\"og:image:type\" content=\"image\/webp\" \/>\n<meta name=\"twitter:card\" content=\"summary_large_image\" \/>\n<script type=\"application\/ld+json\" class=\"yoast-schema-graph\">{\"@context\":\"https:\/\/schema.org\",\"@graph\":[{\"@type\":\"WebPage\",\"@id\":\"https:\/\/www.rumicon.sk\/hu\/produkt\/rum-foursquare-16-years-the-broken-barbados-633-07l\/\",\"url\":\"https:\/\/www.rumicon.sk\/hu\/produkt\/rum-foursquare-16-years-the-broken-barbados-633-07l\/\",\"name\":\"Rum Foursquare 16 Years The Broken Barbados 63,3% 0,7l - rumicon.sk\",\"isPartOf\":{\"@id\":\"https:\/\/www.rumicon.sk\/hu\/#website\"},\"primaryImageOfPage\":{\"@id\":\"https:\/\/www.rumicon.sk\/hu\/produkt\/rum-foursquare-16-years-the-broken-barbados-633-07l\/#primaryimage\"},\"image\":{\"@id\":\"https:\/\/www.rumicon.sk\/hu\/produkt\/rum-foursquare-16-years-the-broken-barbados-633-07l\/#primaryimage\"},\"thumbnailUrl\":\"https:\/\/www.rumicon.sk\/wp-content\/uploads\/foursquare-16y-the-broken-trident-fine-spirits-club-poland-precious-liquors-633-07l_2696-1.webp\",\"datePublished\":\"2024-08-08T06:15:41+00:00\",\"dateModified\":\"2025-08-14T10:17:53+00:00\",\"breadcrumb\":{\"@id\":\"https:\/\/www.rumicon.sk\/hu\/produkt\/rum-foursquare-16-years-the-broken-barbados-633-07l\/#breadcrumb\"},\"inLanguage\":\"hu\",\"potentialAction\":[{\"@type\":\"ReadAction\",\"target\":[\"https:\/\/www.rumicon.sk\/hu\/produkt\/rum-foursquare-16-years-the-broken-barbados-633-07l\/\"]}]},{\"@type\":\"ImageObject\",\"inLanguage\":\"hu\",\"@id\":\"https:\/\/www.rumicon.sk\/hu\/produkt\/rum-foursquare-16-years-the-broken-barbados-633-07l\/#primaryimage\",\"url\":\"https:\/\/www.rumicon.sk\/wp-content\/uploads\/foursquare-16y-the-broken-trident-fine-spirits-club-poland-precious-liquors-633-07l_2696-1.webp\",\"contentUrl\":\"https:\/\/www.rumicon.sk\/wp-content\/uploads\/foursquare-16y-the-broken-trident-fine-spirits-club-poland-precious-liquors-633-07l_2696-1.webp\",\"width\":400,\"height\":400},{\"@type\":\"BreadcrumbList\",\"@id\":\"https:\/\/www.rumicon.sk\/hu\/produkt\/rum-foursquare-16-years-the-broken-barbados-633-07l\/#breadcrumb\",\"itemListElement\":[{\"@type\":\"ListItem\",\"position\":1,\"name\":\"Home\",\"item\":\"https:\/\/www.rumicon.sk\/hu\/home\/\"},{\"@type\":\"ListItem\",\"position\":2,\"name\":\"Web\u00e1ruh\u00e1z\",\"item\":\"https:\/\/www.rumicon.sk\/hu\/webaruhaz\/\"},{\"@type\":\"ListItem\",\"position\":3,\"name\":\"Rum Foursquare 16 Years The Broken Barbado...\"}]},{\"@type\":\"WebSite\",\"@id\":\"https:\/\/www.rumicon.sk\/hu\/#website\",\"url\":\"https:\/\/www.rumicon.sk\/hu\/\",\"name\":\"rumicon.sk\",\"description\":\"\",\"publisher\":{\"@id\":\"https:\/\/www.rumicon.sk\/hu\/#organization\"},\"potentialAction\":[{\"@type\":\"SearchAction\",\"target\":{\"@type\":\"EntryPoint\",\"urlTemplate\":\"https:\/\/www.rumicon.sk\/hu\/?s={search_term_string}\"},\"query-input\":{\"@type\":\"PropertyValueSpecification\",\"valueRequired\":true,\"valueName\":\"search_term_string\"}}],\"inLanguage\":\"hu\"},{\"@type\":\"Organization\",\"@id\":\"https:\/\/www.rumicon.sk\/hu\/#organization\",\"name\":\"rumicon.sk\",\"url\":\"https:\/\/www.rumicon.sk\/hu\/\",\"logo\":{\"@type\":\"ImageObject\",\"inLanguage\":\"hu\",\"@id\":\"https:\/\/www.rumicon.sk\/hu\/#\/schema\/logo\/image\/\",\"url\":\"https:\/\/www.rumicon.sk\/wp-content\/uploads\/logo-rumicon-bcs-color.png\",\"contentUrl\":\"https:\/\/www.rumicon.sk\/wp-content\/uploads\/logo-rumicon-bcs-color.png\",\"width\":827,\"height\":278,\"caption\":\"rumicon.sk\"},\"image\":{\"@id\":\"https:\/\/www.rumicon.sk\/hu\/#\/schema\/logo\/image\/\"},\"sameAs\":[\"https:\/\/www.facebook.com\/people\/Rumicon-Bottle-Cigar-Shop\/100087110283303\/\",\"https:\/\/www.instagram.com\/rumicon_bottle_cigar_shop\/\",\"https:\/\/www.tiktok.com\/@rumicon2022\"]}]}<\/script>\n<!-- \/ Yoast SEO plugin. -->","yoast_head_json":{"title":"Rum Foursquare 16 Years The Broken Barbados 63,3% 0,7l - rumicon.sk","robots":{"index":"index","follow":"follow","max-snippet":"max-snippet:-1","max-image-preview":"max-image-preview:large","max-video-preview":"max-video-preview:-1"},"canonical":"https:\/\/www.rumicon.sk\/hu\/produkt\/rum-foursquare-16-years-the-broken-barbados-633-07l\/","og_locale":"hu_HU","og_type":"article","og_title":"Rum Foursquare 16 Years The Broken Barbados 63,3% 0,7l - rumicon.sk","og_description":"Ez a Foursquare rum nyolc \u00e9v tr\u00f3pusi \u00e9rlel\u00e9sen esett \u00e1t Barbadoson, majd tov\u00e1bbi nyolc \u00e9vet t\u00f6lt\u00f6tt a sk\u00f3t felf\u00f6ld\u00f6n. Ez egy 229 palackra limit\u00e1lt kiad\u00e1s. Illat\u00e1ban intenz\u00edv, amikor torkos, kand\u00edrozott k\u00f3kuszdi\u00f3ra eml\u00e9keztet\u0151 jegyekkel. \u00cdz\u00e9ben k\u00f3kusz \u00e9s friss van\u00edlia, enyh\u00e9n p\u00f6rk\u00f6lt f\u00e1ss\u00e1ggal k\u00eds\u00e9rve. A lecseng\u00e9sben meglep\u0151 aljn\u00f6v\u00e9nyzet \u00e9s feh\u00e9r viasz jegyeit fedezhetj\u00fck fel.","og_url":"https:\/\/www.rumicon.sk\/hu\/produkt\/rum-foursquare-16-years-the-broken-barbados-633-07l\/","og_site_name":"rumicon.sk","article_publisher":"https:\/\/www.facebook.com\/people\/Rumicon-Bottle-Cigar-Shop\/100087110283303\/","article_modified_time":"2025-08-14T10:17:53+00:00","og_image":[{"width":400,"height":400,"url":"https:\/\/www.rumicon.sk\/wp-content\/uploads\/foursquare-16y-the-broken-trident-fine-spirits-club-poland-precious-liquors-633-07l_2696-1.webp","type":"image\/webp"}],"twitter_card":"summary_large_image","schema":{"@context":"https:\/\/schema.org","@graph":[{"@type":"WebPage","@id":"https:\/\/www.rumicon.sk\/hu\/produkt\/rum-foursquare-16-years-the-broken-barbados-633-07l\/","url":"https:\/\/www.rumicon.sk\/hu\/produkt\/rum-foursquare-16-years-the-broken-barbados-633-07l\/","name":"Rum Foursquare 16 Years The Broken Barbados 63,3% 0,7l - rumicon.sk","isPartOf":{"@id":"https:\/\/www.rumicon.sk\/hu\/#website"},"primaryImageOfPage":{"@id":"https:\/\/www.rumicon.sk\/hu\/produkt\/rum-foursquare-16-years-the-broken-barbados-633-07l\/#primaryimage"},"image":{"@id":"https:\/\/www.rumicon.sk\/hu\/produkt\/rum-foursquare-16-years-the-broken-barbados-633-07l\/#primaryimage"},"thumbnailUrl":"https:\/\/www.rumicon.sk\/wp-content\/uploads\/foursquare-16y-the-broken-trident-fine-spirits-club-poland-precious-liquors-633-07l_2696-1.webp","datePublished":"2024-08-08T06:15:41+00:00","dateModified":"2025-08-14T10:17:53+00:00","breadcrumb":{"@id":"https:\/\/www.rumicon.sk\/hu\/produkt\/rum-foursquare-16-years-the-broken-barbados-633-07l\/#breadcrumb"},"inLanguage":"hu","potentialAction":[{"@type":"ReadAction","target":["https:\/\/www.rumicon.sk\/hu\/produkt\/rum-foursquare-16-years-the-broken-barbados-633-07l\/"]}]},{"@type":"ImageObject","inLanguage":"hu","@id":"https:\/\/www.rumicon.sk\/hu\/produkt\/rum-foursquare-16-years-the-broken-barbados-633-07l\/#primaryimage","url":"https:\/\/www.rumicon.sk\/wp-content\/uploads\/foursquare-16y-the-broken-trident-fine-spirits-club-poland-precious-liquors-633-07l_2696-1.webp","contentUrl":"https:\/\/www.rumicon.sk\/wp-content\/uploads\/foursquare-16y-the-broken-trident-fine-spirits-club-poland-precious-liquors-633-07l_2696-1.webp","width":400,"height":400},{"@type":"BreadcrumbList","@id":"https:\/\/www.rumicon.sk\/hu\/produkt\/rum-foursquare-16-years-the-broken-barbados-633-07l\/#breadcrumb","itemListElement":[{"@type":"ListItem","position":1,"name":"Home","item":"https:\/\/www.rumicon.sk\/hu\/home\/"},{"@type":"ListItem","position":2,"name":"Web\u00e1ruh\u00e1z","item":"https:\/\/www.rumicon.sk\/hu\/webaruhaz\/"},{"@type":"ListItem","position":3,"name":"Rum Foursquare 16 Years The Broken Barbado..."}]},{"@type":"WebSite","@id":"https:\/\/www.rumicon.sk\/hu\/#website","url":"https:\/\/www.rumicon.sk\/hu\/","name":"rumicon.sk","description":"","publisher":{"@id":"https:\/\/www.rumicon.sk\/hu\/#organization"},"potentialAction":[{"@type":"SearchAction","target":{"@type":"EntryPoint","urlTemplate":"https:\/\/www.rumicon.sk\/hu\/?s={search_term_string}"},"query-input":{"@type":"PropertyValueSpecification","valueRequired":true,"valueName":"search_term_string"}}],"inLanguage":"hu"},{"@type":"Organization","@id":"https:\/\/www.rumicon.sk\/hu\/#organization","name":"rumicon.sk","url":"https:\/\/www.rumicon.sk\/hu\/","logo":{"@type":"ImageObject","inLanguage":"hu","@id":"https:\/\/www.rumicon.sk\/hu\/#\/schema\/logo\/image\/","url":"https:\/\/www.rumicon.sk\/wp-content\/uploads\/logo-rumicon-bcs-color.png","contentUrl":"https:\/\/www.rumicon.sk\/wp-content\/uploads\/logo-rumicon-bcs-color.png","width":827,"height":278,"caption":"rumicon.sk"},"image":{"@id":"https:\/\/www.rumicon.sk\/hu\/#\/schema\/logo\/image\/"},"sameAs":["https:\/\/www.facebook.com\/people\/Rumicon-Bottle-Cigar-Shop\/100087110283303\/","https:\/\/www.instagram.com\/rumicon_bottle_cigar_shop\/","https:\/\/www.tiktok.com\/@rumicon2022"]}]}},"_links":{"self":[{"href":"https:\/\/www.rumicon.sk\/hu\/wp-json\/wp\/v2\/product\/5683","targetHints":{"allow":["GET"]}}],"collection":[{"href":"https:\/\/www.rumicon.sk\/hu\/wp-json\/wp\/v2\/product"}],"about":[{"href":"https:\/\/www.rumicon.sk\/hu\/wp-json\/wp\/v2\/types\/product"}],"replies":[{"embeddable":true,"href":"https:\/\/www.rumicon.sk\/hu\/wp-json\/wp\/v2\/comments?post=5683"}],"wp:featuredmedia":[{"embeddable":true,"href":"https:\/\/www.rumicon.sk\/hu\/wp-json\/wp\/v2\/media\/5685"}],"wp:attachment":[{"href":"https:\/\/www.rumicon.sk\/hu\/wp-json\/wp\/v2\/media?parent=5683"}],"wp:term":[{"taxonomy":"product_brand","embeddable":true,"href":"https:\/\/www.rumicon.sk\/hu\/wp-json\/wp\/v2\/product_brand?post=5683"},{"taxonomy":"product_cat","embeddable":true,"href":"https:\/\/www.rumicon.sk\/hu\/wp-json\/wp\/v2\/product_cat?post=5683"},{"taxonomy":"product_tag","embeddable":true,"href":"https:\/\/www.rumicon.sk\/hu\/wp-json\/wp\/v2\/product_tag?post=5683"}],"curies":[{"name":"wp","href":"https:\/\/api.w.org\/{rel}","templated":true}]}}