{"id":5681,"date":"2024-09-04T11:34:02","date_gmt":"2024-09-04T09:34:02","guid":{"rendered":"https:\/\/www.rumicon.sk\/produkt\/martini-rosso-075l-144\/"},"modified":"2025-08-14T11:42:51","modified_gmt":"2025-08-14T09:42:51","slug":"martini-rosso-075l-144","status":"publish","type":"product","link":"https:\/\/www.rumicon.sk\/hu\/produkt\/martini-rosso-075l-144\/","title":{"rendered":"Martini Rosso 0,75l 14,4%"},"content":{"rendered":"<p><strong>A Martini Rosso<\/strong> \u00e1ll\u00edt\u00f3lag a vil\u00e1g els\u0151 vermutja. K\u00fcl\u00f6nleges sz\u00edn\u00e9t a<strong> karamell<\/strong> hozz\u00e1ad\u00e1s\u00e1val hozz\u00e1k l\u00e9tre, ami a k\u00e9sz\u00edt\u00e9s sor\u00e1n felhaszn\u00e1lt t\u00f6bb mint<strong> 50 f\u0171szer \u00e9s gy\u00f3gyn\u00f6v\u00e9ny<\/strong> keser\u00e9des hat\u00e1s\u00e1t is fokozza. <\/p>\n<p>Eredeti receptj\u00e9t <strong>Luigi Rossi<\/strong> k\u00e9sz\u00edtette <strong>1863 k\u00f6r\u00fcl.<\/strong> L\u00e9nyege, hogy gazdag \u00e9s illatos olasz f\u0171szern\u00f6v\u00e9nyek \u00e9s egzotikus f\u00e1k keverednek benne, intenz\u00edv arom\u00e1t adva keser\u00e9des \u00e9llel.<\/p>\n<p>A Martini Rosso kellemes<strong> gy\u00fcm\u00f6lcs\u00f6s illat\u00fa, guava, f\u0171szer \u00e9s piszt\u00e1cia jegyeivel.<\/strong> \u00cdze a sherryre hasonl\u00edt, \u00e9s a gin k\u00e9sz\u00edt\u00e9s\u00e9hez haszn\u00e1lt n\u00f6v\u00e9nyek, mint a sz\u0151l\u0151, a t\u00f6lgy \u00e9s a f\u0171szerek jegyei is felfedezhet\u0151k benne. A lecseng\u00e9st f\u0171szeres \u00e9s gyant\u00e1s jegyek jellemzik. <\/p>\n<p>Sz\u00edn: borosty\u00e1nbarna, barna \u00e1rnyalatokkal<br \/>\nIllat: gy\u00fcm\u00f6lcs, guava, f\u0171szer, piszt\u00e1cia<br \/>\n\u00cdz: sherry, sz\u0151l\u0151, t\u00f6lgy, f\u0171szer, van\u00edlia<br \/>\nFinish: f\u0171szer, gyanta<\/p>\n","protected":false},"excerpt":{"rendered":"<p>A Martini Rosso \u00e1ll\u00edt\u00f3lag a vil\u00e1g els\u0151 vermutja. K\u00fcl\u00f6nleges sz\u00edn\u00e9t a karamell hozz\u00e1ad\u00e1s\u00e1val hozz\u00e1k l\u00e9tre, ami a k\u00e9sz\u00edt\u00e9s sor\u00e1n felhaszn\u00e1lt t\u00f6bb mint 50 f\u0171szer \u00e9s gy\u00f3gyn\u00f6v\u00e9ny keser\u00e9des hat\u00e1s\u00e1t is fokozza. Eredeti receptj\u00e9t Luigi Rossi k\u00e9sz\u00edtette 1863 k\u00f6r\u00fcl. L\u00e9nyege, hogy gazdag \u00e9s illatos olasz f\u0171szern\u00f6v\u00e9nyek \u00e9s egzotikus f\u00e1k keverednek benne, intenz\u00edv arom\u00e1t adva keser\u00e9des \u00e9llel. A [&#8230;]\n","protected":false},"featured_media":5682,"comment_status":"closed","ping_status":"closed","template":"","meta":{"_acf_changed":false},"product_brand":[],"product_cat":[528,546],"product_tag":[],"class_list":{"0":"post-5681","1":"product","2":"type-product","3":"status-publish","4":"has-post-thumbnail","6":"product_cat-bor","7":"product_cat-vorosbor","9":"first","10":"outofstock","11":"taxable","12":"shipping-taxable","13":"purchasable","14":"product-type-simple"},"acf":[],"yoast_head":"<!-- This site is optimized with the Yoast SEO plugin v27.0 - https:\/\/yoast.com\/product\/yoast-seo-wordpress\/ -->\n<title>Martini Rosso 0,75l 14,4% - rumicon.sk<\/title>\n<meta name=\"robots\" content=\"index, follow, max-snippet:-1, max-image-preview:large, max-video-preview:-1\" \/>\n<link rel=\"canonical\" href=\"https:\/\/www.rumicon.sk\/hu\/produkt\/martini-rosso-075l-144\/\" \/>\n<meta property=\"og:locale\" content=\"hu_HU\" \/>\n<meta property=\"og:type\" content=\"article\" \/>\n<meta property=\"og:title\" content=\"Martini Rosso 0,75l 14,4% - rumicon.sk\" \/>\n<meta property=\"og:description\" content=\"A Martini Rosso \u00e1ll\u00edt\u00f3lag a vil\u00e1g els\u0151 vermutja. K\u00fcl\u00f6nleges sz\u00edn\u00e9t a karamell hozz\u00e1ad\u00e1s\u00e1val hozz\u00e1k l\u00e9tre, ami a k\u00e9sz\u00edt\u00e9s sor\u00e1n felhaszn\u00e1lt t\u00f6bb mint 50 f\u0171szer \u00e9s gy\u00f3gyn\u00f6v\u00e9ny keser\u00e9des hat\u00e1s\u00e1t is fokozza. Eredeti receptj\u00e9t Luigi Rossi k\u00e9sz\u00edtette 1863 k\u00f6r\u00fcl. L\u00e9nyege, hogy gazdag \u00e9s illatos olasz f\u0171szern\u00f6v\u00e9nyek \u00e9s egzotikus f\u00e1k keverednek benne, intenz\u00edv arom\u00e1t adva keser\u00e9des \u00e9llel. A [...]\" \/>\n<meta property=\"og:url\" content=\"https:\/\/www.rumicon.sk\/hu\/produkt\/martini-rosso-075l-144\/\" \/>\n<meta property=\"og:site_name\" content=\"rumicon.sk\" \/>\n<meta property=\"article:publisher\" content=\"https:\/\/www.facebook.com\/people\/Rumicon-Bottle-Cigar-Shop\/100087110283303\/\" \/>\n<meta property=\"article:modified_time\" content=\"2025-08-14T09:42:51+00:00\" \/>\n<meta property=\"og:image\" content=\"https:\/\/www.rumicon.sk\/wp-content\/uploads\/martini.webp\" \/>\n\t<meta property=\"og:image:width\" content=\"400\" \/>\n\t<meta property=\"og:image:height\" content=\"400\" \/>\n\t<meta property=\"og:image:type\" content=\"image\/webp\" \/>\n<meta name=\"twitter:card\" content=\"summary_large_image\" \/>\n<meta name=\"twitter:label1\" content=\"Becs\u00fclt olvas\u00e1si id\u0151\" \/>\n\t<meta name=\"twitter:data1\" content=\"1 perc\" \/>\n<script type=\"application\/ld+json\" class=\"yoast-schema-graph\">{\"@context\":\"https:\/\/schema.org\",\"@graph\":[{\"@type\":\"WebPage\",\"@id\":\"https:\/\/www.rumicon.sk\/hu\/produkt\/martini-rosso-075l-144\/\",\"url\":\"https:\/\/www.rumicon.sk\/hu\/produkt\/martini-rosso-075l-144\/\",\"name\":\"Martini Rosso 0,75l 14,4% - rumicon.sk\",\"isPartOf\":{\"@id\":\"https:\/\/www.rumicon.sk\/hu\/#website\"},\"primaryImageOfPage\":{\"@id\":\"https:\/\/www.rumicon.sk\/hu\/produkt\/martini-rosso-075l-144\/#primaryimage\"},\"image\":{\"@id\":\"https:\/\/www.rumicon.sk\/hu\/produkt\/martini-rosso-075l-144\/#primaryimage\"},\"thumbnailUrl\":\"https:\/\/www.rumicon.sk\/wp-content\/uploads\/martini.webp\",\"datePublished\":\"2024-09-04T09:34:02+00:00\",\"dateModified\":\"2025-08-14T09:42:51+00:00\",\"breadcrumb\":{\"@id\":\"https:\/\/www.rumicon.sk\/hu\/produkt\/martini-rosso-075l-144\/#breadcrumb\"},\"inLanguage\":\"hu\",\"potentialAction\":[{\"@type\":\"ReadAction\",\"target\":[\"https:\/\/www.rumicon.sk\/hu\/produkt\/martini-rosso-075l-144\/\"]}]},{\"@type\":\"ImageObject\",\"inLanguage\":\"hu\",\"@id\":\"https:\/\/www.rumicon.sk\/hu\/produkt\/martini-rosso-075l-144\/#primaryimage\",\"url\":\"https:\/\/www.rumicon.sk\/wp-content\/uploads\/martini.webp\",\"contentUrl\":\"https:\/\/www.rumicon.sk\/wp-content\/uploads\/martini.webp\",\"width\":400,\"height\":400},{\"@type\":\"BreadcrumbList\",\"@id\":\"https:\/\/www.rumicon.sk\/hu\/produkt\/martini-rosso-075l-144\/#breadcrumb\",\"itemListElement\":[{\"@type\":\"ListItem\",\"position\":1,\"name\":\"Home\",\"item\":\"https:\/\/www.rumicon.sk\/hu\/home\/\"},{\"@type\":\"ListItem\",\"position\":2,\"name\":\"Web\u00e1ruh\u00e1z\",\"item\":\"https:\/\/www.rumicon.sk\/hu\/webaruhaz\/\"},{\"@type\":\"ListItem\",\"position\":3,\"name\":\"Martini Rosso 0,75l 14,4%\"}]},{\"@type\":\"WebSite\",\"@id\":\"https:\/\/www.rumicon.sk\/hu\/#website\",\"url\":\"https:\/\/www.rumicon.sk\/hu\/\",\"name\":\"rumicon.sk\",\"description\":\"\",\"publisher\":{\"@id\":\"https:\/\/www.rumicon.sk\/hu\/#organization\"},\"potentialAction\":[{\"@type\":\"SearchAction\",\"target\":{\"@type\":\"EntryPoint\",\"urlTemplate\":\"https:\/\/www.rumicon.sk\/hu\/?s={search_term_string}\"},\"query-input\":{\"@type\":\"PropertyValueSpecification\",\"valueRequired\":true,\"valueName\":\"search_term_string\"}}],\"inLanguage\":\"hu\"},{\"@type\":\"Organization\",\"@id\":\"https:\/\/www.rumicon.sk\/hu\/#organization\",\"name\":\"rumicon.sk\",\"url\":\"https:\/\/www.rumicon.sk\/hu\/\",\"logo\":{\"@type\":\"ImageObject\",\"inLanguage\":\"hu\",\"@id\":\"https:\/\/www.rumicon.sk\/hu\/#\/schema\/logo\/image\/\",\"url\":\"https:\/\/www.rumicon.sk\/wp-content\/uploads\/logo-rumicon-bcs-color.png\",\"contentUrl\":\"https:\/\/www.rumicon.sk\/wp-content\/uploads\/logo-rumicon-bcs-color.png\",\"width\":827,\"height\":278,\"caption\":\"rumicon.sk\"},\"image\":{\"@id\":\"https:\/\/www.rumicon.sk\/hu\/#\/schema\/logo\/image\/\"},\"sameAs\":[\"https:\/\/www.facebook.com\/people\/Rumicon-Bottle-Cigar-Shop\/100087110283303\/\",\"https:\/\/www.instagram.com\/rumicon_bottle_cigar_shop\/\",\"https:\/\/www.tiktok.com\/@rumicon2022\"]}]}<\/script>\n<!-- \/ Yoast SEO plugin. -->","yoast_head_json":{"title":"Martini Rosso 0,75l 14,4% - rumicon.sk","robots":{"index":"index","follow":"follow","max-snippet":"max-snippet:-1","max-image-preview":"max-image-preview:large","max-video-preview":"max-video-preview:-1"},"canonical":"https:\/\/www.rumicon.sk\/hu\/produkt\/martini-rosso-075l-144\/","og_locale":"hu_HU","og_type":"article","og_title":"Martini Rosso 0,75l 14,4% - rumicon.sk","og_description":"A Martini Rosso \u00e1ll\u00edt\u00f3lag a vil\u00e1g els\u0151 vermutja. K\u00fcl\u00f6nleges sz\u00edn\u00e9t a karamell hozz\u00e1ad\u00e1s\u00e1val hozz\u00e1k l\u00e9tre, ami a k\u00e9sz\u00edt\u00e9s sor\u00e1n felhaszn\u00e1lt t\u00f6bb mint 50 f\u0171szer \u00e9s gy\u00f3gyn\u00f6v\u00e9ny keser\u00e9des hat\u00e1s\u00e1t is fokozza. Eredeti receptj\u00e9t Luigi Rossi k\u00e9sz\u00edtette 1863 k\u00f6r\u00fcl. L\u00e9nyege, hogy gazdag \u00e9s illatos olasz f\u0171szern\u00f6v\u00e9nyek \u00e9s egzotikus f\u00e1k keverednek benne, intenz\u00edv arom\u00e1t adva keser\u00e9des \u00e9llel. A [...]","og_url":"https:\/\/www.rumicon.sk\/hu\/produkt\/martini-rosso-075l-144\/","og_site_name":"rumicon.sk","article_publisher":"https:\/\/www.facebook.com\/people\/Rumicon-Bottle-Cigar-Shop\/100087110283303\/","article_modified_time":"2025-08-14T09:42:51+00:00","og_image":[{"width":400,"height":400,"url":"https:\/\/www.rumicon.sk\/wp-content\/uploads\/martini.webp","type":"image\/webp"}],"twitter_card":"summary_large_image","twitter_misc":{"Becs\u00fclt olvas\u00e1si id\u0151":"1 perc"},"schema":{"@context":"https:\/\/schema.org","@graph":[{"@type":"WebPage","@id":"https:\/\/www.rumicon.sk\/hu\/produkt\/martini-rosso-075l-144\/","url":"https:\/\/www.rumicon.sk\/hu\/produkt\/martini-rosso-075l-144\/","name":"Martini Rosso 0,75l 14,4% - rumicon.sk","isPartOf":{"@id":"https:\/\/www.rumicon.sk\/hu\/#website"},"primaryImageOfPage":{"@id":"https:\/\/www.rumicon.sk\/hu\/produkt\/martini-rosso-075l-144\/#primaryimage"},"image":{"@id":"https:\/\/www.rumicon.sk\/hu\/produkt\/martini-rosso-075l-144\/#primaryimage"},"thumbnailUrl":"https:\/\/www.rumicon.sk\/wp-content\/uploads\/martini.webp","datePublished":"2024-09-04T09:34:02+00:00","dateModified":"2025-08-14T09:42:51+00:00","breadcrumb":{"@id":"https:\/\/www.rumicon.sk\/hu\/produkt\/martini-rosso-075l-144\/#breadcrumb"},"inLanguage":"hu","potentialAction":[{"@type":"ReadAction","target":["https:\/\/www.rumicon.sk\/hu\/produkt\/martini-rosso-075l-144\/"]}]},{"@type":"ImageObject","inLanguage":"hu","@id":"https:\/\/www.rumicon.sk\/hu\/produkt\/martini-rosso-075l-144\/#primaryimage","url":"https:\/\/www.rumicon.sk\/wp-content\/uploads\/martini.webp","contentUrl":"https:\/\/www.rumicon.sk\/wp-content\/uploads\/martini.webp","width":400,"height":400},{"@type":"BreadcrumbList","@id":"https:\/\/www.rumicon.sk\/hu\/produkt\/martini-rosso-075l-144\/#breadcrumb","itemListElement":[{"@type":"ListItem","position":1,"name":"Home","item":"https:\/\/www.rumicon.sk\/hu\/home\/"},{"@type":"ListItem","position":2,"name":"Web\u00e1ruh\u00e1z","item":"https:\/\/www.rumicon.sk\/hu\/webaruhaz\/"},{"@type":"ListItem","position":3,"name":"Martini Rosso 0,75l 14,4%"}]},{"@type":"WebSite","@id":"https:\/\/www.rumicon.sk\/hu\/#website","url":"https:\/\/www.rumicon.sk\/hu\/","name":"rumicon.sk","description":"","publisher":{"@id":"https:\/\/www.rumicon.sk\/hu\/#organization"},"potentialAction":[{"@type":"SearchAction","target":{"@type":"EntryPoint","urlTemplate":"https:\/\/www.rumicon.sk\/hu\/?s={search_term_string}"},"query-input":{"@type":"PropertyValueSpecification","valueRequired":true,"valueName":"search_term_string"}}],"inLanguage":"hu"},{"@type":"Organization","@id":"https:\/\/www.rumicon.sk\/hu\/#organization","name":"rumicon.sk","url":"https:\/\/www.rumicon.sk\/hu\/","logo":{"@type":"ImageObject","inLanguage":"hu","@id":"https:\/\/www.rumicon.sk\/hu\/#\/schema\/logo\/image\/","url":"https:\/\/www.rumicon.sk\/wp-content\/uploads\/logo-rumicon-bcs-color.png","contentUrl":"https:\/\/www.rumicon.sk\/wp-content\/uploads\/logo-rumicon-bcs-color.png","width":827,"height":278,"caption":"rumicon.sk"},"image":{"@id":"https:\/\/www.rumicon.sk\/hu\/#\/schema\/logo\/image\/"},"sameAs":["https:\/\/www.facebook.com\/people\/Rumicon-Bottle-Cigar-Shop\/100087110283303\/","https:\/\/www.instagram.com\/rumicon_bottle_cigar_shop\/","https:\/\/www.tiktok.com\/@rumicon2022"]}]}},"_links":{"self":[{"href":"https:\/\/www.rumicon.sk\/hu\/wp-json\/wp\/v2\/product\/5681","targetHints":{"allow":["GET"]}}],"collection":[{"href":"https:\/\/www.rumicon.sk\/hu\/wp-json\/wp\/v2\/product"}],"about":[{"href":"https:\/\/www.rumicon.sk\/hu\/wp-json\/wp\/v2\/types\/product"}],"replies":[{"embeddable":true,"href":"https:\/\/www.rumicon.sk\/hu\/wp-json\/wp\/v2\/comments?post=5681"}],"wp:featuredmedia":[{"embeddable":true,"href":"https:\/\/www.rumicon.sk\/hu\/wp-json\/wp\/v2\/media\/5682"}],"wp:attachment":[{"href":"https:\/\/www.rumicon.sk\/hu\/wp-json\/wp\/v2\/media?parent=5681"}],"wp:term":[{"taxonomy":"product_brand","embeddable":true,"href":"https:\/\/www.rumicon.sk\/hu\/wp-json\/wp\/v2\/product_brand?post=5681"},{"taxonomy":"product_cat","embeddable":true,"href":"https:\/\/www.rumicon.sk\/hu\/wp-json\/wp\/v2\/product_cat?post=5681"},{"taxonomy":"product_tag","embeddable":true,"href":"https:\/\/www.rumicon.sk\/hu\/wp-json\/wp\/v2\/product_tag?post=5681"}],"curies":[{"name":"wp","href":"https:\/\/api.w.org\/{rel}","templated":true}]}}