{"id":5674,"date":"2024-09-04T11:25:18","date_gmt":"2024-09-04T09:25:18","guid":{"rendered":"https:\/\/www.rumicon.sk\/produkt\/gin-puerto-de-indias-eper-07l-375\/"},"modified":"2025-08-14T12:17:51","modified_gmt":"2025-08-14T10:17:51","slug":"gin-puerto-de-indias-eper-07l-375","status":"publish","type":"product","link":"https:\/\/www.rumicon.sk\/hu\/produkt\/gin-puerto-de-indias-eper-07l-375\/","title":{"rendered":"Gin Puerto de Indias eper 0,7l 37,5%"},"content":{"rendered":"<p>A <strong>Puerto de Indias Strawberry <\/strong>egy \u00edzletes spanyol <strong>eper gin<\/strong>, amelyet val\u00f3di eperb\u0151l desztill\u00e1ltak, citrusos-gy\u00f6mb\u00e9res ginnel keverve. Ez a kombin\u00e1ci\u00f3 egy t\u00f6k\u00e9letes gint hozott l\u00e9tre, rendk\u00edv\u00fcl kellemes \u00e9desk\u00e9s \u00edzzel. <\/p>\n<p>Hatalmas \u00e9rdekess\u00e9g, hogy ez a <strong>vil\u00e1g els\u0151 epres ginje!<\/strong> Manaps\u00e1g azonban m\u00e1r t\u00f6bbf\u00e9le alternat\u00edva is l\u00e9tezik m\u00e1s m\u00e1rk\u00e1kb\u00f3l. Ezt a gint <strong>130 \u00e9ves r\u00e9z\u00fcst\u00f6kkel <\/strong>desztill\u00e1lt\u00e1k, ami ellen\u00e1llhatatlan simas\u00e1got k\u00f6lcs\u00f6n\u00f6z neki.<br \/>\nSz\u00edn: lazacsz\u00edn\u0171, r\u00f3zsasz\u00ednes kiemelked\u00e9sekkel<br \/>\nIllat: kellemes, \u00f6sszet\u00e9veszthetetlen, gy\u00f3gyn\u00f6v\u00e9nyek, eper<br \/>\n\u00cdz: er\u0151s, enyh\u00e9n \u00e9des, eper, bor\u00f3ka, citrusok<br \/>\nFinish: k\u00f6zepes, kellemes, friss, f\u0171szerek, gy\u00fcm\u00f6lcs\u00f6k. <\/p>\n","protected":false},"excerpt":{"rendered":"<p>A Puerto de Indias Strawberry egy \u00edzletes spanyol eper gin, amelyet val\u00f3di eperb\u0151l desztill\u00e1ltak, citrusos-gy\u00f6mb\u00e9res ginnel keverve. Ez a kombin\u00e1ci\u00f3 egy t\u00f6k\u00e9letes gint hozott l\u00e9tre, rendk\u00edv\u00fcl kellemes \u00e9desk\u00e9s \u00edzzel. Hatalmas \u00e9rdekess\u00e9g, hogy ez a vil\u00e1g els\u0151 epres ginje! Manaps\u00e1g azonban m\u00e1r t\u00f6bbf\u00e9le alternat\u00edva is l\u00e9tezik m\u00e1s m\u00e1rk\u00e1kb\u00f3l. Ezt a gint 130 \u00e9ves r\u00e9z\u00fcst\u00f6kkel desztill\u00e1lt\u00e1k, ami [&#8230;]\n","protected":false},"featured_media":5675,"comment_status":"closed","ping_status":"closed","template":"","meta":{"_acf_changed":false},"product_brand":[],"product_cat":[598,617,621],"product_tag":[],"class_list":{"0":"post-5674","1":"product","2":"type-product","3":"status-publish","4":"has-post-thumbnail","6":"product_cat-gin-hu","7":"product_cat-izesitett-gin","8":"product_cat-pink-gin-hu","10":"first","11":"instock","12":"taxable","13":"shipping-taxable","14":"purchasable","15":"product-type-simple"},"acf":[],"yoast_head":"<!-- This site is optimized with the Yoast SEO plugin v27.0 - https:\/\/yoast.com\/product\/yoast-seo-wordpress\/ -->\n<title>Gin Puerto de Indias eper 0,7l 37,5% - rumicon.sk<\/title>\n<meta name=\"robots\" content=\"index, follow, max-snippet:-1, max-image-preview:large, max-video-preview:-1\" \/>\n<link rel=\"canonical\" href=\"https:\/\/www.rumicon.sk\/hu\/produkt\/gin-puerto-de-indias-eper-07l-375\/\" \/>\n<meta property=\"og:locale\" content=\"hu_HU\" \/>\n<meta property=\"og:type\" content=\"article\" \/>\n<meta property=\"og:title\" content=\"Gin Puerto de Indias eper 0,7l 37,5% - rumicon.sk\" \/>\n<meta property=\"og:description\" content=\"A Puerto de Indias Strawberry egy \u00edzletes spanyol eper gin, amelyet val\u00f3di eperb\u0151l desztill\u00e1ltak, citrusos-gy\u00f6mb\u00e9res ginnel keverve. Ez a kombin\u00e1ci\u00f3 egy t\u00f6k\u00e9letes gint hozott l\u00e9tre, rendk\u00edv\u00fcl kellemes \u00e9desk\u00e9s \u00edzzel. Hatalmas \u00e9rdekess\u00e9g, hogy ez a vil\u00e1g els\u0151 epres ginje! Manaps\u00e1g azonban m\u00e1r t\u00f6bbf\u00e9le alternat\u00edva is l\u00e9tezik m\u00e1s m\u00e1rk\u00e1kb\u00f3l. Ezt a gint 130 \u00e9ves r\u00e9z\u00fcst\u00f6kkel desztill\u00e1lt\u00e1k, ami [...]\" \/>\n<meta property=\"og:url\" content=\"https:\/\/www.rumicon.sk\/hu\/produkt\/gin-puerto-de-indias-eper-07l-375\/\" \/>\n<meta property=\"og:site_name\" content=\"rumicon.sk\" \/>\n<meta property=\"article:publisher\" content=\"https:\/\/www.facebook.com\/people\/Rumicon-Bottle-Cigar-Shop\/100087110283303\/\" \/>\n<meta property=\"article:modified_time\" content=\"2025-08-14T10:17:51+00:00\" \/>\n<meta property=\"og:image\" content=\"https:\/\/www.rumicon.sk\/wp-content\/uploads\/logo-rumicon-bcs-color.png\" \/>\n\t<meta property=\"og:image:width\" content=\"827\" \/>\n\t<meta property=\"og:image:height\" content=\"278\" \/>\n\t<meta property=\"og:image:type\" content=\"image\/png\" \/>\n<meta name=\"twitter:card\" content=\"summary_large_image\" \/>\n<meta name=\"twitter:label1\" content=\"Becs\u00fclt olvas\u00e1si id\u0151\" \/>\n\t<meta name=\"twitter:data1\" content=\"1 perc\" \/>\n<script type=\"application\/ld+json\" class=\"yoast-schema-graph\">{\"@context\":\"https:\/\/schema.org\",\"@graph\":[{\"@type\":\"WebPage\",\"@id\":\"https:\/\/www.rumicon.sk\/hu\/produkt\/gin-puerto-de-indias-eper-07l-375\/\",\"url\":\"https:\/\/www.rumicon.sk\/hu\/produkt\/gin-puerto-de-indias-eper-07l-375\/\",\"name\":\"Gin Puerto de Indias eper 0,7l 37,5% - rumicon.sk\",\"isPartOf\":{\"@id\":\"https:\/\/www.rumicon.sk\/hu\/#website\"},\"primaryImageOfPage\":{\"@id\":\"https:\/\/www.rumicon.sk\/hu\/produkt\/gin-puerto-de-indias-eper-07l-375\/#primaryimage\"},\"image\":{\"@id\":\"https:\/\/www.rumicon.sk\/hu\/produkt\/gin-puerto-de-indias-eper-07l-375\/#primaryimage\"},\"thumbnailUrl\":\"https:\/\/www.rumicon.sk\/wp-content\/uploads\/gin.avif\",\"datePublished\":\"2024-09-04T09:25:18+00:00\",\"dateModified\":\"2025-08-14T10:17:51+00:00\",\"breadcrumb\":{\"@id\":\"https:\/\/www.rumicon.sk\/hu\/produkt\/gin-puerto-de-indias-eper-07l-375\/#breadcrumb\"},\"inLanguage\":\"hu\",\"potentialAction\":[{\"@type\":\"ReadAction\",\"target\":[\"https:\/\/www.rumicon.sk\/hu\/produkt\/gin-puerto-de-indias-eper-07l-375\/\"]}]},{\"@type\":\"ImageObject\",\"inLanguage\":\"hu\",\"@id\":\"https:\/\/www.rumicon.sk\/hu\/produkt\/gin-puerto-de-indias-eper-07l-375\/#primaryimage\",\"url\":\"https:\/\/www.rumicon.sk\/wp-content\/uploads\/gin.avif\",\"contentUrl\":\"https:\/\/www.rumicon.sk\/wp-content\/uploads\/gin.avif\",\"width\":400,\"height\":400},{\"@type\":\"BreadcrumbList\",\"@id\":\"https:\/\/www.rumicon.sk\/hu\/produkt\/gin-puerto-de-indias-eper-07l-375\/#breadcrumb\",\"itemListElement\":[{\"@type\":\"ListItem\",\"position\":1,\"name\":\"Home\",\"item\":\"https:\/\/www.rumicon.sk\/hu\/home\/\"},{\"@type\":\"ListItem\",\"position\":2,\"name\":\"Web\u00e1ruh\u00e1z\",\"item\":\"https:\/\/www.rumicon.sk\/hu\/webaruhaz\/\"},{\"@type\":\"ListItem\",\"position\":3,\"name\":\"Gin Puerto de Indias eper 0,7l 37,5%\"}]},{\"@type\":\"WebSite\",\"@id\":\"https:\/\/www.rumicon.sk\/hu\/#website\",\"url\":\"https:\/\/www.rumicon.sk\/hu\/\",\"name\":\"rumicon.sk\",\"description\":\"\",\"publisher\":{\"@id\":\"https:\/\/www.rumicon.sk\/hu\/#organization\"},\"potentialAction\":[{\"@type\":\"SearchAction\",\"target\":{\"@type\":\"EntryPoint\",\"urlTemplate\":\"https:\/\/www.rumicon.sk\/hu\/?s={search_term_string}\"},\"query-input\":{\"@type\":\"PropertyValueSpecification\",\"valueRequired\":true,\"valueName\":\"search_term_string\"}}],\"inLanguage\":\"hu\"},{\"@type\":\"Organization\",\"@id\":\"https:\/\/www.rumicon.sk\/hu\/#organization\",\"name\":\"rumicon.sk\",\"url\":\"https:\/\/www.rumicon.sk\/hu\/\",\"logo\":{\"@type\":\"ImageObject\",\"inLanguage\":\"hu\",\"@id\":\"https:\/\/www.rumicon.sk\/hu\/#\/schema\/logo\/image\/\",\"url\":\"https:\/\/www.rumicon.sk\/wp-content\/uploads\/logo-rumicon-bcs-color.png\",\"contentUrl\":\"https:\/\/www.rumicon.sk\/wp-content\/uploads\/logo-rumicon-bcs-color.png\",\"width\":827,\"height\":278,\"caption\":\"rumicon.sk\"},\"image\":{\"@id\":\"https:\/\/www.rumicon.sk\/hu\/#\/schema\/logo\/image\/\"},\"sameAs\":[\"https:\/\/www.facebook.com\/people\/Rumicon-Bottle-Cigar-Shop\/100087110283303\/\",\"https:\/\/www.instagram.com\/rumicon_bottle_cigar_shop\/\",\"https:\/\/www.tiktok.com\/@rumicon2022\"]}]}<\/script>\n<!-- \/ Yoast SEO plugin. -->","yoast_head_json":{"title":"Gin Puerto de Indias eper 0,7l 37,5% - rumicon.sk","robots":{"index":"index","follow":"follow","max-snippet":"max-snippet:-1","max-image-preview":"max-image-preview:large","max-video-preview":"max-video-preview:-1"},"canonical":"https:\/\/www.rumicon.sk\/hu\/produkt\/gin-puerto-de-indias-eper-07l-375\/","og_locale":"hu_HU","og_type":"article","og_title":"Gin Puerto de Indias eper 0,7l 37,5% - rumicon.sk","og_description":"A Puerto de Indias Strawberry egy \u00edzletes spanyol eper gin, amelyet val\u00f3di eperb\u0151l desztill\u00e1ltak, citrusos-gy\u00f6mb\u00e9res ginnel keverve. Ez a kombin\u00e1ci\u00f3 egy t\u00f6k\u00e9letes gint hozott l\u00e9tre, rendk\u00edv\u00fcl kellemes \u00e9desk\u00e9s \u00edzzel. Hatalmas \u00e9rdekess\u00e9g, hogy ez a vil\u00e1g els\u0151 epres ginje! Manaps\u00e1g azonban m\u00e1r t\u00f6bbf\u00e9le alternat\u00edva is l\u00e9tezik m\u00e1s m\u00e1rk\u00e1kb\u00f3l. Ezt a gint 130 \u00e9ves r\u00e9z\u00fcst\u00f6kkel desztill\u00e1lt\u00e1k, ami [...]","og_url":"https:\/\/www.rumicon.sk\/hu\/produkt\/gin-puerto-de-indias-eper-07l-375\/","og_site_name":"rumicon.sk","article_publisher":"https:\/\/www.facebook.com\/people\/Rumicon-Bottle-Cigar-Shop\/100087110283303\/","article_modified_time":"2025-08-14T10:17:51+00:00","og_image":[{"width":827,"height":278,"url":"https:\/\/www.rumicon.sk\/wp-content\/uploads\/logo-rumicon-bcs-color.png","type":"image\/png"}],"twitter_card":"summary_large_image","twitter_misc":{"Becs\u00fclt olvas\u00e1si id\u0151":"1 perc"},"schema":{"@context":"https:\/\/schema.org","@graph":[{"@type":"WebPage","@id":"https:\/\/www.rumicon.sk\/hu\/produkt\/gin-puerto-de-indias-eper-07l-375\/","url":"https:\/\/www.rumicon.sk\/hu\/produkt\/gin-puerto-de-indias-eper-07l-375\/","name":"Gin Puerto de Indias eper 0,7l 37,5% - rumicon.sk","isPartOf":{"@id":"https:\/\/www.rumicon.sk\/hu\/#website"},"primaryImageOfPage":{"@id":"https:\/\/www.rumicon.sk\/hu\/produkt\/gin-puerto-de-indias-eper-07l-375\/#primaryimage"},"image":{"@id":"https:\/\/www.rumicon.sk\/hu\/produkt\/gin-puerto-de-indias-eper-07l-375\/#primaryimage"},"thumbnailUrl":"https:\/\/www.rumicon.sk\/wp-content\/uploads\/gin.avif","datePublished":"2024-09-04T09:25:18+00:00","dateModified":"2025-08-14T10:17:51+00:00","breadcrumb":{"@id":"https:\/\/www.rumicon.sk\/hu\/produkt\/gin-puerto-de-indias-eper-07l-375\/#breadcrumb"},"inLanguage":"hu","potentialAction":[{"@type":"ReadAction","target":["https:\/\/www.rumicon.sk\/hu\/produkt\/gin-puerto-de-indias-eper-07l-375\/"]}]},{"@type":"ImageObject","inLanguage":"hu","@id":"https:\/\/www.rumicon.sk\/hu\/produkt\/gin-puerto-de-indias-eper-07l-375\/#primaryimage","url":"https:\/\/www.rumicon.sk\/wp-content\/uploads\/gin.avif","contentUrl":"https:\/\/www.rumicon.sk\/wp-content\/uploads\/gin.avif","width":400,"height":400},{"@type":"BreadcrumbList","@id":"https:\/\/www.rumicon.sk\/hu\/produkt\/gin-puerto-de-indias-eper-07l-375\/#breadcrumb","itemListElement":[{"@type":"ListItem","position":1,"name":"Home","item":"https:\/\/www.rumicon.sk\/hu\/home\/"},{"@type":"ListItem","position":2,"name":"Web\u00e1ruh\u00e1z","item":"https:\/\/www.rumicon.sk\/hu\/webaruhaz\/"},{"@type":"ListItem","position":3,"name":"Gin Puerto de Indias eper 0,7l 37,5%"}]},{"@type":"WebSite","@id":"https:\/\/www.rumicon.sk\/hu\/#website","url":"https:\/\/www.rumicon.sk\/hu\/","name":"rumicon.sk","description":"","publisher":{"@id":"https:\/\/www.rumicon.sk\/hu\/#organization"},"potentialAction":[{"@type":"SearchAction","target":{"@type":"EntryPoint","urlTemplate":"https:\/\/www.rumicon.sk\/hu\/?s={search_term_string}"},"query-input":{"@type":"PropertyValueSpecification","valueRequired":true,"valueName":"search_term_string"}}],"inLanguage":"hu"},{"@type":"Organization","@id":"https:\/\/www.rumicon.sk\/hu\/#organization","name":"rumicon.sk","url":"https:\/\/www.rumicon.sk\/hu\/","logo":{"@type":"ImageObject","inLanguage":"hu","@id":"https:\/\/www.rumicon.sk\/hu\/#\/schema\/logo\/image\/","url":"https:\/\/www.rumicon.sk\/wp-content\/uploads\/logo-rumicon-bcs-color.png","contentUrl":"https:\/\/www.rumicon.sk\/wp-content\/uploads\/logo-rumicon-bcs-color.png","width":827,"height":278,"caption":"rumicon.sk"},"image":{"@id":"https:\/\/www.rumicon.sk\/hu\/#\/schema\/logo\/image\/"},"sameAs":["https:\/\/www.facebook.com\/people\/Rumicon-Bottle-Cigar-Shop\/100087110283303\/","https:\/\/www.instagram.com\/rumicon_bottle_cigar_shop\/","https:\/\/www.tiktok.com\/@rumicon2022"]}]}},"_links":{"self":[{"href":"https:\/\/www.rumicon.sk\/hu\/wp-json\/wp\/v2\/product\/5674","targetHints":{"allow":["GET"]}}],"collection":[{"href":"https:\/\/www.rumicon.sk\/hu\/wp-json\/wp\/v2\/product"}],"about":[{"href":"https:\/\/www.rumicon.sk\/hu\/wp-json\/wp\/v2\/types\/product"}],"replies":[{"embeddable":true,"href":"https:\/\/www.rumicon.sk\/hu\/wp-json\/wp\/v2\/comments?post=5674"}],"wp:featuredmedia":[{"embeddable":true,"href":"https:\/\/www.rumicon.sk\/hu\/wp-json\/wp\/v2\/media\/5675"}],"wp:attachment":[{"href":"https:\/\/www.rumicon.sk\/hu\/wp-json\/wp\/v2\/media?parent=5674"}],"wp:term":[{"taxonomy":"product_brand","embeddable":true,"href":"https:\/\/www.rumicon.sk\/hu\/wp-json\/wp\/v2\/product_brand?post=5674"},{"taxonomy":"product_cat","embeddable":true,"href":"https:\/\/www.rumicon.sk\/hu\/wp-json\/wp\/v2\/product_cat?post=5674"},{"taxonomy":"product_tag","embeddable":true,"href":"https:\/\/www.rumicon.sk\/hu\/wp-json\/wp\/v2\/product_tag?post=5674"}],"curies":[{"name":"wp","href":"https:\/\/api.w.org\/{rel}","templated":true}]}}