{"id":5649,"date":"2024-09-19T15:09:27","date_gmt":"2024-09-19T13:09:27","guid":{"rendered":"https:\/\/www.rumicon.sk\/produkt\/elderton-barossa-e-shiraz-2021-075l-147\/"},"modified":"2025-08-14T11:43:36","modified_gmt":"2025-08-14T09:43:36","slug":"elderton-barossa-e-shiraz-2021-075l-147","status":"publish","type":"product","link":"https:\/\/www.rumicon.sk\/hu\/produkt\/elderton-barossa-e-shiraz-2021-075l-147\/","title":{"rendered":"Elderton Barossa E Shiraz 2021 0,75l 14,7%"},"content":{"rendered":"<p>Ez a 70% Shiraz \u00e9s 30% Cabernet k\u00f6zepes test\u0171 kever\u00e9ke \u00e9rett \u00e9s b\u00e1rsonyos, t\u00f6lgyfahord\u00f3ban \u00e9rlelt fekete ribizli, m\u00e1lna, szilva \u00e9s f\u0171szerek koncentr\u00e1lt jegyeivel. Rendk\u00edv\u00fcl sima. <\/p>\n","protected":false},"excerpt":{"rendered":"<p>\u00d6r\u00f6mmel mutatjuk be az Elderton Vineyards, Ausztr\u00e1lia egyik legtekint\u00e9lyesebb bor\u00e1szat\u00e1nak kiv\u00e9teles borait. A Barossa-v\u00f6lgy sz\u00edv\u00e9ben tal\u00e1lhat\u00f3 Elderton ide\u00e1lis term\u0151helyi adotts\u00e1gair\u00f3l \u00e9s gazdag bork\u00e9sz\u00edt\u00e9si hagyom\u00e1nyair\u00f3l h\u00edres. <\/p>\n<p>Az Elderton Pinc\u00e9szet egy csal\u00e1di v\u00e1llalkoz\u00e1s, amely 1979 \u00f3ta k\u00e9sz\u00edt pr\u00e9mium borokat. A sz\u0151l\u0151termeszt\u00e9s szenved\u00e9lyes megk\u00f6zel\u00edt\u00e9se \u00e9s a min\u0151s\u00e9gre val\u00f3 \u00f6sszpontos\u00edt\u00e1s r\u00e9v\u00e9n boraik a Barossa r\u00e9gi\u00f3 autentikus jelleg\u00e9t t\u00fckr\u00f6zik &#8211; gazdag \u00edzvil\u00e1g, komplexit\u00e1s \u00e9s kiv\u00e9teles szerkezet. Sz\u00e1mos fajt\u00e1t k\u00edn\u00e1lnak, k\u00f6zt\u00fck az ikonikus Shirazt, a Cabernet Sauvignont, valamint olyan buja feh\u00e9rborokat, mint a Chardonnay \u00e9s a rizling.  <\/p>\n<p>Ha olyan borokat keres, amelyek a hagyom\u00e1nyos k\u00e9zm\u0171vess\u00e9get \u00f6tv\u00f6zik a modern megk\u00f6zel\u00edt\u00e9ssel, az Elderton borok a megfelel\u0151 v\u00e1laszt\u00e1s az \u00d6n sz\u00e1m\u00e1ra. Rendeljen most, \u00e9s \u00e9lvezze Ausztr\u00e1lia igazi \u00edz\u00e9t! <\/p>\n","protected":false},"featured_media":5650,"comment_status":"closed","ping_status":"closed","template":"","meta":{"_acf_changed":false},"product_brand":[],"product_cat":[528,546],"product_tag":[],"class_list":{"0":"post-5649","1":"product","2":"type-product","3":"status-publish","4":"has-post-thumbnail","6":"product_cat-bor","7":"product_cat-vorosbor","9":"first","10":"instock","11":"taxable","12":"shipping-taxable","13":"purchasable","14":"product-type-simple"},"acf":[],"yoast_head":"<!-- This site is optimized with the Yoast SEO plugin v27.0 - https:\/\/yoast.com\/product\/yoast-seo-wordpress\/ -->\n<title>Elderton Barossa E Shiraz 2021 0,75l 14,7% - rumicon.sk<\/title>\n<meta name=\"robots\" content=\"index, follow, max-snippet:-1, max-image-preview:large, max-video-preview:-1\" \/>\n<link rel=\"canonical\" href=\"https:\/\/www.rumicon.sk\/hu\/produkt\/elderton-barossa-e-shiraz-2021-075l-147\/\" \/>\n<meta property=\"og:locale\" content=\"hu_HU\" \/>\n<meta property=\"og:type\" content=\"article\" \/>\n<meta property=\"og:title\" content=\"Elderton Barossa E Shiraz 2021 0,75l 14,7% - rumicon.sk\" \/>\n<meta property=\"og:description\" content=\"\u00d6r\u00f6mmel mutatjuk be az Elderton Vineyards, Ausztr\u00e1lia egyik legtekint\u00e9lyesebb bor\u00e1szat\u00e1nak kiv\u00e9teles borait. A Barossa-v\u00f6lgy sz\u00edv\u00e9ben tal\u00e1lhat\u00f3 Elderton ide\u00e1lis term\u0151helyi adotts\u00e1gair\u00f3l \u00e9s gazdag bork\u00e9sz\u00edt\u00e9si hagyom\u00e1nyair\u00f3l h\u00edres.  Az Elderton Pinc\u00e9szet egy csal\u00e1di v\u00e1llalkoz\u00e1s, amely 1979 \u00f3ta k\u00e9sz\u00edt pr\u00e9mium borokat. A sz\u0151l\u0151termeszt\u00e9s szenved\u00e9lyes megk\u00f6zel\u00edt\u00e9se \u00e9s a min\u0151s\u00e9gre val\u00f3 \u00f6sszpontos\u00edt\u00e1s r\u00e9v\u00e9n boraik a Barossa r\u00e9gi\u00f3 autentikus jelleg\u00e9t t\u00fckr\u00f6zik - gazdag \u00edzvil\u00e1g, komplexit\u00e1s \u00e9s kiv\u00e9teles szerkezet. Sz\u00e1mos fajt\u00e1t k\u00edn\u00e1lnak, k\u00f6zt\u00fck az ikonikus Shirazt, a Cabernet Sauvignont, valamint olyan buja feh\u00e9rborokat, mint a Chardonnay \u00e9s a rizling.  Ha olyan borokat keres, amelyek a hagyom\u00e1nyos k\u00e9zm\u0171vess\u00e9get \u00f6tv\u00f6zik a modern megk\u00f6zel\u00edt\u00e9ssel, az Elderton borok a megfelel\u0151 v\u00e1laszt\u00e1s az \u00d6n sz\u00e1m\u00e1ra. Rendeljen most, \u00e9s \u00e9lvezze Ausztr\u00e1lia igazi \u00edz\u00e9t!\" \/>\n<meta property=\"og:url\" content=\"https:\/\/www.rumicon.sk\/hu\/produkt\/elderton-barossa-e-shiraz-2021-075l-147\/\" \/>\n<meta property=\"og:site_name\" content=\"rumicon.sk\" \/>\n<meta property=\"article:publisher\" content=\"https:\/\/www.facebook.com\/people\/Rumicon-Bottle-Cigar-Shop\/100087110283303\/\" \/>\n<meta property=\"article:modified_time\" content=\"2025-08-14T09:43:36+00:00\" \/>\n<meta property=\"og:image\" content=\"https:\/\/www.rumicon.sk\/wp-content\/uploads\/Elderton-E-Series-Shiraz.jpg\" \/>\n\t<meta property=\"og:image:width\" content=\"750\" \/>\n\t<meta property=\"og:image:height\" content=\"750\" \/>\n\t<meta property=\"og:image:type\" content=\"image\/jpeg\" \/>\n<meta name=\"twitter:card\" content=\"summary_large_image\" \/>\n<script type=\"application\/ld+json\" class=\"yoast-schema-graph\">{\"@context\":\"https:\/\/schema.org\",\"@graph\":[{\"@type\":\"WebPage\",\"@id\":\"https:\/\/www.rumicon.sk\/hu\/produkt\/elderton-barossa-e-shiraz-2021-075l-147\/\",\"url\":\"https:\/\/www.rumicon.sk\/hu\/produkt\/elderton-barossa-e-shiraz-2021-075l-147\/\",\"name\":\"Elderton Barossa E Shiraz 2021 0,75l 14,7% - rumicon.sk\",\"isPartOf\":{\"@id\":\"https:\/\/www.rumicon.sk\/hu\/#website\"},\"primaryImageOfPage\":{\"@id\":\"https:\/\/www.rumicon.sk\/hu\/produkt\/elderton-barossa-e-shiraz-2021-075l-147\/#primaryimage\"},\"image\":{\"@id\":\"https:\/\/www.rumicon.sk\/hu\/produkt\/elderton-barossa-e-shiraz-2021-075l-147\/#primaryimage\"},\"thumbnailUrl\":\"https:\/\/www.rumicon.sk\/wp-content\/uploads\/Elderton-E-Series-Shiraz.jpg\",\"datePublished\":\"2024-09-19T13:09:27+00:00\",\"dateModified\":\"2025-08-14T09:43:36+00:00\",\"breadcrumb\":{\"@id\":\"https:\/\/www.rumicon.sk\/hu\/produkt\/elderton-barossa-e-shiraz-2021-075l-147\/#breadcrumb\"},\"inLanguage\":\"hu\",\"potentialAction\":[{\"@type\":\"ReadAction\",\"target\":[\"https:\/\/www.rumicon.sk\/hu\/produkt\/elderton-barossa-e-shiraz-2021-075l-147\/\"]}]},{\"@type\":\"ImageObject\",\"inLanguage\":\"hu\",\"@id\":\"https:\/\/www.rumicon.sk\/hu\/produkt\/elderton-barossa-e-shiraz-2021-075l-147\/#primaryimage\",\"url\":\"https:\/\/www.rumicon.sk\/wp-content\/uploads\/Elderton-E-Series-Shiraz.jpg\",\"contentUrl\":\"https:\/\/www.rumicon.sk\/wp-content\/uploads\/Elderton-E-Series-Shiraz.jpg\",\"width\":750,\"height\":750},{\"@type\":\"BreadcrumbList\",\"@id\":\"https:\/\/www.rumicon.sk\/hu\/produkt\/elderton-barossa-e-shiraz-2021-075l-147\/#breadcrumb\",\"itemListElement\":[{\"@type\":\"ListItem\",\"position\":1,\"name\":\"Home\",\"item\":\"https:\/\/www.rumicon.sk\/hu\/home\/\"},{\"@type\":\"ListItem\",\"position\":2,\"name\":\"Web\u00e1ruh\u00e1z\",\"item\":\"https:\/\/www.rumicon.sk\/hu\/webaruhaz\/\"},{\"@type\":\"ListItem\",\"position\":3,\"name\":\"Elderton Barossa E Shiraz 2021 0,75l 14,7%\"}]},{\"@type\":\"WebSite\",\"@id\":\"https:\/\/www.rumicon.sk\/hu\/#website\",\"url\":\"https:\/\/www.rumicon.sk\/hu\/\",\"name\":\"rumicon.sk\",\"description\":\"\",\"publisher\":{\"@id\":\"https:\/\/www.rumicon.sk\/hu\/#organization\"},\"potentialAction\":[{\"@type\":\"SearchAction\",\"target\":{\"@type\":\"EntryPoint\",\"urlTemplate\":\"https:\/\/www.rumicon.sk\/hu\/?s={search_term_string}\"},\"query-input\":{\"@type\":\"PropertyValueSpecification\",\"valueRequired\":true,\"valueName\":\"search_term_string\"}}],\"inLanguage\":\"hu\"},{\"@type\":\"Organization\",\"@id\":\"https:\/\/www.rumicon.sk\/hu\/#organization\",\"name\":\"rumicon.sk\",\"url\":\"https:\/\/www.rumicon.sk\/hu\/\",\"logo\":{\"@type\":\"ImageObject\",\"inLanguage\":\"hu\",\"@id\":\"https:\/\/www.rumicon.sk\/hu\/#\/schema\/logo\/image\/\",\"url\":\"https:\/\/www.rumicon.sk\/wp-content\/uploads\/logo-rumicon-bcs-color.png\",\"contentUrl\":\"https:\/\/www.rumicon.sk\/wp-content\/uploads\/logo-rumicon-bcs-color.png\",\"width\":827,\"height\":278,\"caption\":\"rumicon.sk\"},\"image\":{\"@id\":\"https:\/\/www.rumicon.sk\/hu\/#\/schema\/logo\/image\/\"},\"sameAs\":[\"https:\/\/www.facebook.com\/people\/Rumicon-Bottle-Cigar-Shop\/100087110283303\/\",\"https:\/\/www.instagram.com\/rumicon_bottle_cigar_shop\/\",\"https:\/\/www.tiktok.com\/@rumicon2022\"]}]}<\/script>\n<!-- \/ Yoast SEO plugin. -->","yoast_head_json":{"title":"Elderton Barossa E Shiraz 2021 0,75l 14,7% - rumicon.sk","robots":{"index":"index","follow":"follow","max-snippet":"max-snippet:-1","max-image-preview":"max-image-preview:large","max-video-preview":"max-video-preview:-1"},"canonical":"https:\/\/www.rumicon.sk\/hu\/produkt\/elderton-barossa-e-shiraz-2021-075l-147\/","og_locale":"hu_HU","og_type":"article","og_title":"Elderton Barossa E Shiraz 2021 0,75l 14,7% - rumicon.sk","og_description":"\u00d6r\u00f6mmel mutatjuk be az Elderton Vineyards, Ausztr\u00e1lia egyik legtekint\u00e9lyesebb bor\u00e1szat\u00e1nak kiv\u00e9teles borait. A Barossa-v\u00f6lgy sz\u00edv\u00e9ben tal\u00e1lhat\u00f3 Elderton ide\u00e1lis term\u0151helyi adotts\u00e1gair\u00f3l \u00e9s gazdag bork\u00e9sz\u00edt\u00e9si hagyom\u00e1nyair\u00f3l h\u00edres.  Az Elderton Pinc\u00e9szet egy csal\u00e1di v\u00e1llalkoz\u00e1s, amely 1979 \u00f3ta k\u00e9sz\u00edt pr\u00e9mium borokat. A sz\u0151l\u0151termeszt\u00e9s szenved\u00e9lyes megk\u00f6zel\u00edt\u00e9se \u00e9s a min\u0151s\u00e9gre val\u00f3 \u00f6sszpontos\u00edt\u00e1s r\u00e9v\u00e9n boraik a Barossa r\u00e9gi\u00f3 autentikus jelleg\u00e9t t\u00fckr\u00f6zik - gazdag \u00edzvil\u00e1g, komplexit\u00e1s \u00e9s kiv\u00e9teles szerkezet. Sz\u00e1mos fajt\u00e1t k\u00edn\u00e1lnak, k\u00f6zt\u00fck az ikonikus Shirazt, a Cabernet Sauvignont, valamint olyan buja feh\u00e9rborokat, mint a Chardonnay \u00e9s a rizling.  Ha olyan borokat keres, amelyek a hagyom\u00e1nyos k\u00e9zm\u0171vess\u00e9get \u00f6tv\u00f6zik a modern megk\u00f6zel\u00edt\u00e9ssel, az Elderton borok a megfelel\u0151 v\u00e1laszt\u00e1s az \u00d6n sz\u00e1m\u00e1ra. Rendeljen most, \u00e9s \u00e9lvezze Ausztr\u00e1lia igazi \u00edz\u00e9t!","og_url":"https:\/\/www.rumicon.sk\/hu\/produkt\/elderton-barossa-e-shiraz-2021-075l-147\/","og_site_name":"rumicon.sk","article_publisher":"https:\/\/www.facebook.com\/people\/Rumicon-Bottle-Cigar-Shop\/100087110283303\/","article_modified_time":"2025-08-14T09:43:36+00:00","og_image":[{"width":750,"height":750,"url":"https:\/\/www.rumicon.sk\/wp-content\/uploads\/Elderton-E-Series-Shiraz.jpg","type":"image\/jpeg"}],"twitter_card":"summary_large_image","schema":{"@context":"https:\/\/schema.org","@graph":[{"@type":"WebPage","@id":"https:\/\/www.rumicon.sk\/hu\/produkt\/elderton-barossa-e-shiraz-2021-075l-147\/","url":"https:\/\/www.rumicon.sk\/hu\/produkt\/elderton-barossa-e-shiraz-2021-075l-147\/","name":"Elderton Barossa E Shiraz 2021 0,75l 14,7% - rumicon.sk","isPartOf":{"@id":"https:\/\/www.rumicon.sk\/hu\/#website"},"primaryImageOfPage":{"@id":"https:\/\/www.rumicon.sk\/hu\/produkt\/elderton-barossa-e-shiraz-2021-075l-147\/#primaryimage"},"image":{"@id":"https:\/\/www.rumicon.sk\/hu\/produkt\/elderton-barossa-e-shiraz-2021-075l-147\/#primaryimage"},"thumbnailUrl":"https:\/\/www.rumicon.sk\/wp-content\/uploads\/Elderton-E-Series-Shiraz.jpg","datePublished":"2024-09-19T13:09:27+00:00","dateModified":"2025-08-14T09:43:36+00:00","breadcrumb":{"@id":"https:\/\/www.rumicon.sk\/hu\/produkt\/elderton-barossa-e-shiraz-2021-075l-147\/#breadcrumb"},"inLanguage":"hu","potentialAction":[{"@type":"ReadAction","target":["https:\/\/www.rumicon.sk\/hu\/produkt\/elderton-barossa-e-shiraz-2021-075l-147\/"]}]},{"@type":"ImageObject","inLanguage":"hu","@id":"https:\/\/www.rumicon.sk\/hu\/produkt\/elderton-barossa-e-shiraz-2021-075l-147\/#primaryimage","url":"https:\/\/www.rumicon.sk\/wp-content\/uploads\/Elderton-E-Series-Shiraz.jpg","contentUrl":"https:\/\/www.rumicon.sk\/wp-content\/uploads\/Elderton-E-Series-Shiraz.jpg","width":750,"height":750},{"@type":"BreadcrumbList","@id":"https:\/\/www.rumicon.sk\/hu\/produkt\/elderton-barossa-e-shiraz-2021-075l-147\/#breadcrumb","itemListElement":[{"@type":"ListItem","position":1,"name":"Home","item":"https:\/\/www.rumicon.sk\/hu\/home\/"},{"@type":"ListItem","position":2,"name":"Web\u00e1ruh\u00e1z","item":"https:\/\/www.rumicon.sk\/hu\/webaruhaz\/"},{"@type":"ListItem","position":3,"name":"Elderton Barossa E Shiraz 2021 0,75l 14,7%"}]},{"@type":"WebSite","@id":"https:\/\/www.rumicon.sk\/hu\/#website","url":"https:\/\/www.rumicon.sk\/hu\/","name":"rumicon.sk","description":"","publisher":{"@id":"https:\/\/www.rumicon.sk\/hu\/#organization"},"potentialAction":[{"@type":"SearchAction","target":{"@type":"EntryPoint","urlTemplate":"https:\/\/www.rumicon.sk\/hu\/?s={search_term_string}"},"query-input":{"@type":"PropertyValueSpecification","valueRequired":true,"valueName":"search_term_string"}}],"inLanguage":"hu"},{"@type":"Organization","@id":"https:\/\/www.rumicon.sk\/hu\/#organization","name":"rumicon.sk","url":"https:\/\/www.rumicon.sk\/hu\/","logo":{"@type":"ImageObject","inLanguage":"hu","@id":"https:\/\/www.rumicon.sk\/hu\/#\/schema\/logo\/image\/","url":"https:\/\/www.rumicon.sk\/wp-content\/uploads\/logo-rumicon-bcs-color.png","contentUrl":"https:\/\/www.rumicon.sk\/wp-content\/uploads\/logo-rumicon-bcs-color.png","width":827,"height":278,"caption":"rumicon.sk"},"image":{"@id":"https:\/\/www.rumicon.sk\/hu\/#\/schema\/logo\/image\/"},"sameAs":["https:\/\/www.facebook.com\/people\/Rumicon-Bottle-Cigar-Shop\/100087110283303\/","https:\/\/www.instagram.com\/rumicon_bottle_cigar_shop\/","https:\/\/www.tiktok.com\/@rumicon2022"]}]}},"_links":{"self":[{"href":"https:\/\/www.rumicon.sk\/hu\/wp-json\/wp\/v2\/product\/5649","targetHints":{"allow":["GET"]}}],"collection":[{"href":"https:\/\/www.rumicon.sk\/hu\/wp-json\/wp\/v2\/product"}],"about":[{"href":"https:\/\/www.rumicon.sk\/hu\/wp-json\/wp\/v2\/types\/product"}],"replies":[{"embeddable":true,"href":"https:\/\/www.rumicon.sk\/hu\/wp-json\/wp\/v2\/comments?post=5649"}],"wp:featuredmedia":[{"embeddable":true,"href":"https:\/\/www.rumicon.sk\/hu\/wp-json\/wp\/v2\/media\/5650"}],"wp:attachment":[{"href":"https:\/\/www.rumicon.sk\/hu\/wp-json\/wp\/v2\/media?parent=5649"}],"wp:term":[{"taxonomy":"product_brand","embeddable":true,"href":"https:\/\/www.rumicon.sk\/hu\/wp-json\/wp\/v2\/product_brand?post=5649"},{"taxonomy":"product_cat","embeddable":true,"href":"https:\/\/www.rumicon.sk\/hu\/wp-json\/wp\/v2\/product_cat?post=5649"},{"taxonomy":"product_tag","embeddable":true,"href":"https:\/\/www.rumicon.sk\/hu\/wp-json\/wp\/v2\/product_tag?post=5649"}],"curies":[{"name":"wp","href":"https:\/\/api.w.org\/{rel}","templated":true}]}}