{"id":5646,"date":"2024-09-20T12:15:55","date_gmt":"2024-09-20T10:15:55","guid":{"rendered":"https:\/\/www.rumicon.sk\/produkt\/whisky-nikka-pure-malt-taketsuru-07-l-43\/"},"modified":"2025-08-14T11:43:32","modified_gmt":"2025-08-14T09:43:32","slug":"whisky-nikka-pure-malt-taketsuru-07-l-43","status":"publish","type":"product","link":"https:\/\/www.rumicon.sk\/hu\/produkt\/whisky-nikka-pure-malt-taketsuru-07-l-43\/","title":{"rendered":"Whisky Nikka Pure Malt Taketsuru 0,7 l 43%"},"content":{"rendered":"<p>A <strong>Nikka Pure Malt Taketsuru<\/strong> a m\u00e1rka alap\u00edt\u00f3j\u00e1r\u00f3l, Masataka Taketsurur\u00f3l kapta a nev\u00e9t. Ez a fegyelmezett \u00e9s k\u00e9pzett k\u00e9zm\u0171ves mindig is a t\u00f6k\u00e9letes egyens\u00falyra t\u00f6rekedett kever\u00e9keiben, ez adta az ihletet ehhez a whiskyhez.<br \/>\nA poh\u00e1rban k\u00e9t, a Nikka tulajdon\u00e1ban l\u00e9v\u0151 lep\u00e1rl\u00f3b\u00f3l sz\u00e1rmaz\u00f3 whisky tal\u00e1lhat\u00f3: a <strong>Yoichi<\/strong>, amely enyhe t\u0151zegess\u00e9get \u00e9s tengerparti jelleget k\u00f6lcs\u00f6n\u00f6z a blendnek, m\u00edg a <strong>Miyagikyo<\/strong> enyhe vir\u00e1goss\u00e1g\u00e1val \u00e9s \u00e9des gy\u00fcm\u00f6lcs\u00f6ss\u00e9g\u00e9vel egyens\u00falyozza az \u00edzeket. Az \u00edgy kapott kever\u00e9k leny\u0171g\u00f6z\u0151en <strong>l\u00e1gy<\/strong>, ugyanakkor <strong>t\u00f6bbr\u00e9teg\u0171, \u00f6sszetett \u00edzvil\u00e1ggal<\/strong> rendelkezik.  <\/p>\n<p><strong>Illat<\/strong>: Citrusf\u00e9l\u00e9k, narancs, l\u00e9d\u00fas s\u00e1rgabarack. Gy\u00f3gyn\u00f6v\u00e9nyes \u00e9s enyh\u00e9n t\u0151zeges jegyekk\u00e9 fejl\u0151dik, egy csipetnyi grapefruitos keser\u0171s\u00e9ggel.<br \/>\n<strong>\u00cdzl\u00e9s:<\/strong> Testes \u00e9s finom. A gabonaf\u00e9l\u00e9k \u00e9s az \u00e9des f\u0171szerek \u00edzei kardamommal \u00e9s kand\u00edrozott gy\u00fcm\u00f6lcs\u00f6kkel \u00e1llnak egym\u00e1s mellett.<br \/>\n<strong>Befejez\u00e9s<\/strong>: Megfelel az \u00edzjegyeknek. K\u00f6nny\u0171, diszkr\u00e9t keser\u0171s\u00e9g, egy kis t\u0151zeg \u00e9s \u00e9tcsokol\u00e1d\u00e9. <\/p>\n","protected":false},"excerpt":{"rendered":"<p>A Nikka Pure Malt Taketsuru a m\u00e1rka alap\u00edt\u00f3j\u00e1r\u00f3l, Masataka Taketsurur\u00f3l kapta a nev\u00e9t. Ez a fegyelmezett \u00e9s k\u00e9pzett k\u00e9zm\u0171ves mindig is a t\u00f6k\u00e9letes egyens\u00falyra t\u00f6rekedett kever\u00e9keiben, ez adta az ihletet ehhez a whiskyhez. A poh\u00e1rban k\u00e9t, a Nikka tulajdon\u00e1ban l\u00e9v\u0151 lep\u00e1rl\u00f3b\u00f3l sz\u00e1rmaz\u00f3 whisky tal\u00e1lhat\u00f3: a Yoichi, amely enyhe t\u0151zegess\u00e9get \u00e9s tengerparti jelleget k\u00f6lcs\u00f6n\u00f6z a blendnek, [&#8230;]\n","protected":false},"featured_media":5648,"comment_status":"closed","ping_status":"closed","template":"","meta":{"_acf_changed":false},"product_brand":[],"product_cat":[509,796],"product_tag":[797,827],"class_list":{"0":"post-5646","1":"product","2":"type-product","3":"status-publish","4":"has-post-thumbnail","6":"product_cat-whisky-hu","7":"product_cat-japan-whisky","8":"product_tag-nikka-hu","9":"product_tag-whisky-hu-2","11":"first","12":"instock","13":"taxable","14":"shipping-taxable","15":"purchasable","16":"product-type-simple"},"acf":[],"yoast_head":"<!-- This site is optimized with the Yoast SEO plugin v27.0 - https:\/\/yoast.com\/product\/yoast-seo-wordpress\/ -->\n<title>Whisky Nikka Pure Malt Taketsuru 0,7 l 43% - rumicon.sk<\/title>\n<meta name=\"robots\" content=\"index, follow, max-snippet:-1, max-image-preview:large, max-video-preview:-1\" \/>\n<link rel=\"canonical\" href=\"https:\/\/www.rumicon.sk\/hu\/produkt\/whisky-nikka-pure-malt-taketsuru-07-l-43\/\" \/>\n<meta property=\"og:locale\" content=\"hu_HU\" \/>\n<meta property=\"og:type\" content=\"article\" \/>\n<meta property=\"og:title\" content=\"Whisky Nikka Pure Malt Taketsuru 0,7 l 43% - rumicon.sk\" \/>\n<meta property=\"og:description\" content=\"A Nikka Pure Malt Taketsuru a m\u00e1rka alap\u00edt\u00f3j\u00e1r\u00f3l, Masataka Taketsurur\u00f3l kapta a nev\u00e9t. Ez a fegyelmezett \u00e9s k\u00e9pzett k\u00e9zm\u0171ves mindig is a t\u00f6k\u00e9letes egyens\u00falyra t\u00f6rekedett kever\u00e9keiben, ez adta az ihletet ehhez a whiskyhez. A poh\u00e1rban k\u00e9t, a Nikka tulajdon\u00e1ban l\u00e9v\u0151 lep\u00e1rl\u00f3b\u00f3l sz\u00e1rmaz\u00f3 whisky tal\u00e1lhat\u00f3: a Yoichi, amely enyhe t\u0151zegess\u00e9get \u00e9s tengerparti jelleget k\u00f6lcs\u00f6n\u00f6z a blendnek, [...]\" \/>\n<meta property=\"og:url\" content=\"https:\/\/www.rumicon.sk\/hu\/produkt\/whisky-nikka-pure-malt-taketsuru-07-l-43\/\" \/>\n<meta property=\"og:site_name\" content=\"rumicon.sk\" \/>\n<meta property=\"article:publisher\" content=\"https:\/\/www.facebook.com\/people\/Rumicon-Bottle-Cigar-Shop\/100087110283303\/\" \/>\n<meta property=\"article:modified_time\" content=\"2025-08-14T09:43:32+00:00\" \/>\n<meta property=\"og:image\" content=\"https:\/\/www.rumicon.sk\/wp-content\/uploads\/logo-rumicon-bcs-color.png\" \/>\n\t<meta property=\"og:image:width\" content=\"827\" \/>\n\t<meta property=\"og:image:height\" content=\"278\" \/>\n\t<meta property=\"og:image:type\" content=\"image\/png\" \/>\n<meta name=\"twitter:card\" content=\"summary_large_image\" \/>\n<meta name=\"twitter:label1\" content=\"Becs\u00fclt olvas\u00e1si id\u0151\" \/>\n\t<meta name=\"twitter:data1\" content=\"1 perc\" \/>\n<script type=\"application\/ld+json\" class=\"yoast-schema-graph\">{\"@context\":\"https:\/\/schema.org\",\"@graph\":[{\"@type\":\"WebPage\",\"@id\":\"https:\/\/www.rumicon.sk\/hu\/produkt\/whisky-nikka-pure-malt-taketsuru-07-l-43\/\",\"url\":\"https:\/\/www.rumicon.sk\/hu\/produkt\/whisky-nikka-pure-malt-taketsuru-07-l-43\/\",\"name\":\"Whisky Nikka Pure Malt Taketsuru 0,7 l 43% - rumicon.sk\",\"isPartOf\":{\"@id\":\"https:\/\/www.rumicon.sk\/hu\/#website\"},\"primaryImageOfPage\":{\"@id\":\"https:\/\/www.rumicon.sk\/hu\/produkt\/whisky-nikka-pure-malt-taketsuru-07-l-43\/#primaryimage\"},\"image\":{\"@id\":\"https:\/\/www.rumicon.sk\/hu\/produkt\/whisky-nikka-pure-malt-taketsuru-07-l-43\/#primaryimage\"},\"thumbnailUrl\":\"https:\/\/www.rumicon.sk\/wp-content\/uploads\/6e40d097-3311-4792-b1f8-e0cb94998b62-1.avif\",\"datePublished\":\"2024-09-20T10:15:55+00:00\",\"dateModified\":\"2025-08-14T09:43:32+00:00\",\"breadcrumb\":{\"@id\":\"https:\/\/www.rumicon.sk\/hu\/produkt\/whisky-nikka-pure-malt-taketsuru-07-l-43\/#breadcrumb\"},\"inLanguage\":\"hu\",\"potentialAction\":[{\"@type\":\"ReadAction\",\"target\":[\"https:\/\/www.rumicon.sk\/hu\/produkt\/whisky-nikka-pure-malt-taketsuru-07-l-43\/\"]}]},{\"@type\":\"ImageObject\",\"inLanguage\":\"hu\",\"@id\":\"https:\/\/www.rumicon.sk\/hu\/produkt\/whisky-nikka-pure-malt-taketsuru-07-l-43\/#primaryimage\",\"url\":\"https:\/\/www.rumicon.sk\/wp-content\/uploads\/6e40d097-3311-4792-b1f8-e0cb94998b62-1.avif\",\"contentUrl\":\"https:\/\/www.rumicon.sk\/wp-content\/uploads\/6e40d097-3311-4792-b1f8-e0cb94998b62-1.avif\",\"width\":400,\"height\":400,\"caption\":\"Nikka Pure Malt Taketsuru\"},{\"@type\":\"BreadcrumbList\",\"@id\":\"https:\/\/www.rumicon.sk\/hu\/produkt\/whisky-nikka-pure-malt-taketsuru-07-l-43\/#breadcrumb\",\"itemListElement\":[{\"@type\":\"ListItem\",\"position\":1,\"name\":\"Home\",\"item\":\"https:\/\/www.rumicon.sk\/hu\/home\/\"},{\"@type\":\"ListItem\",\"position\":2,\"name\":\"Web\u00e1ruh\u00e1z\",\"item\":\"https:\/\/www.rumicon.sk\/hu\/webaruhaz\/\"},{\"@type\":\"ListItem\",\"position\":3,\"name\":\"Whisky Nikka Pure Malt Taketsuru 0,7 l 43%\"}]},{\"@type\":\"WebSite\",\"@id\":\"https:\/\/www.rumicon.sk\/hu\/#website\",\"url\":\"https:\/\/www.rumicon.sk\/hu\/\",\"name\":\"rumicon.sk\",\"description\":\"\",\"publisher\":{\"@id\":\"https:\/\/www.rumicon.sk\/hu\/#organization\"},\"potentialAction\":[{\"@type\":\"SearchAction\",\"target\":{\"@type\":\"EntryPoint\",\"urlTemplate\":\"https:\/\/www.rumicon.sk\/hu\/?s={search_term_string}\"},\"query-input\":{\"@type\":\"PropertyValueSpecification\",\"valueRequired\":true,\"valueName\":\"search_term_string\"}}],\"inLanguage\":\"hu\"},{\"@type\":\"Organization\",\"@id\":\"https:\/\/www.rumicon.sk\/hu\/#organization\",\"name\":\"rumicon.sk\",\"url\":\"https:\/\/www.rumicon.sk\/hu\/\",\"logo\":{\"@type\":\"ImageObject\",\"inLanguage\":\"hu\",\"@id\":\"https:\/\/www.rumicon.sk\/hu\/#\/schema\/logo\/image\/\",\"url\":\"https:\/\/www.rumicon.sk\/wp-content\/uploads\/logo-rumicon-bcs-color.png\",\"contentUrl\":\"https:\/\/www.rumicon.sk\/wp-content\/uploads\/logo-rumicon-bcs-color.png\",\"width\":827,\"height\":278,\"caption\":\"rumicon.sk\"},\"image\":{\"@id\":\"https:\/\/www.rumicon.sk\/hu\/#\/schema\/logo\/image\/\"},\"sameAs\":[\"https:\/\/www.facebook.com\/people\/Rumicon-Bottle-Cigar-Shop\/100087110283303\/\",\"https:\/\/www.instagram.com\/rumicon_bottle_cigar_shop\/\",\"https:\/\/www.tiktok.com\/@rumicon2022\"]}]}<\/script>\n<!-- \/ Yoast SEO plugin. -->","yoast_head_json":{"title":"Whisky Nikka Pure Malt Taketsuru 0,7 l 43% - rumicon.sk","robots":{"index":"index","follow":"follow","max-snippet":"max-snippet:-1","max-image-preview":"max-image-preview:large","max-video-preview":"max-video-preview:-1"},"canonical":"https:\/\/www.rumicon.sk\/hu\/produkt\/whisky-nikka-pure-malt-taketsuru-07-l-43\/","og_locale":"hu_HU","og_type":"article","og_title":"Whisky Nikka Pure Malt Taketsuru 0,7 l 43% - rumicon.sk","og_description":"A Nikka Pure Malt Taketsuru a m\u00e1rka alap\u00edt\u00f3j\u00e1r\u00f3l, Masataka Taketsurur\u00f3l kapta a nev\u00e9t. Ez a fegyelmezett \u00e9s k\u00e9pzett k\u00e9zm\u0171ves mindig is a t\u00f6k\u00e9letes egyens\u00falyra t\u00f6rekedett kever\u00e9keiben, ez adta az ihletet ehhez a whiskyhez. A poh\u00e1rban k\u00e9t, a Nikka tulajdon\u00e1ban l\u00e9v\u0151 lep\u00e1rl\u00f3b\u00f3l sz\u00e1rmaz\u00f3 whisky tal\u00e1lhat\u00f3: a Yoichi, amely enyhe t\u0151zegess\u00e9get \u00e9s tengerparti jelleget k\u00f6lcs\u00f6n\u00f6z a blendnek, [...]","og_url":"https:\/\/www.rumicon.sk\/hu\/produkt\/whisky-nikka-pure-malt-taketsuru-07-l-43\/","og_site_name":"rumicon.sk","article_publisher":"https:\/\/www.facebook.com\/people\/Rumicon-Bottle-Cigar-Shop\/100087110283303\/","article_modified_time":"2025-08-14T09:43:32+00:00","og_image":[{"width":827,"height":278,"url":"https:\/\/www.rumicon.sk\/wp-content\/uploads\/logo-rumicon-bcs-color.png","type":"image\/png"}],"twitter_card":"summary_large_image","twitter_misc":{"Becs\u00fclt olvas\u00e1si id\u0151":"1 perc"},"schema":{"@context":"https:\/\/schema.org","@graph":[{"@type":"WebPage","@id":"https:\/\/www.rumicon.sk\/hu\/produkt\/whisky-nikka-pure-malt-taketsuru-07-l-43\/","url":"https:\/\/www.rumicon.sk\/hu\/produkt\/whisky-nikka-pure-malt-taketsuru-07-l-43\/","name":"Whisky Nikka Pure Malt Taketsuru 0,7 l 43% - rumicon.sk","isPartOf":{"@id":"https:\/\/www.rumicon.sk\/hu\/#website"},"primaryImageOfPage":{"@id":"https:\/\/www.rumicon.sk\/hu\/produkt\/whisky-nikka-pure-malt-taketsuru-07-l-43\/#primaryimage"},"image":{"@id":"https:\/\/www.rumicon.sk\/hu\/produkt\/whisky-nikka-pure-malt-taketsuru-07-l-43\/#primaryimage"},"thumbnailUrl":"https:\/\/www.rumicon.sk\/wp-content\/uploads\/6e40d097-3311-4792-b1f8-e0cb94998b62-1.avif","datePublished":"2024-09-20T10:15:55+00:00","dateModified":"2025-08-14T09:43:32+00:00","breadcrumb":{"@id":"https:\/\/www.rumicon.sk\/hu\/produkt\/whisky-nikka-pure-malt-taketsuru-07-l-43\/#breadcrumb"},"inLanguage":"hu","potentialAction":[{"@type":"ReadAction","target":["https:\/\/www.rumicon.sk\/hu\/produkt\/whisky-nikka-pure-malt-taketsuru-07-l-43\/"]}]},{"@type":"ImageObject","inLanguage":"hu","@id":"https:\/\/www.rumicon.sk\/hu\/produkt\/whisky-nikka-pure-malt-taketsuru-07-l-43\/#primaryimage","url":"https:\/\/www.rumicon.sk\/wp-content\/uploads\/6e40d097-3311-4792-b1f8-e0cb94998b62-1.avif","contentUrl":"https:\/\/www.rumicon.sk\/wp-content\/uploads\/6e40d097-3311-4792-b1f8-e0cb94998b62-1.avif","width":400,"height":400,"caption":"Nikka Pure Malt Taketsuru"},{"@type":"BreadcrumbList","@id":"https:\/\/www.rumicon.sk\/hu\/produkt\/whisky-nikka-pure-malt-taketsuru-07-l-43\/#breadcrumb","itemListElement":[{"@type":"ListItem","position":1,"name":"Home","item":"https:\/\/www.rumicon.sk\/hu\/home\/"},{"@type":"ListItem","position":2,"name":"Web\u00e1ruh\u00e1z","item":"https:\/\/www.rumicon.sk\/hu\/webaruhaz\/"},{"@type":"ListItem","position":3,"name":"Whisky Nikka Pure Malt Taketsuru 0,7 l 43%"}]},{"@type":"WebSite","@id":"https:\/\/www.rumicon.sk\/hu\/#website","url":"https:\/\/www.rumicon.sk\/hu\/","name":"rumicon.sk","description":"","publisher":{"@id":"https:\/\/www.rumicon.sk\/hu\/#organization"},"potentialAction":[{"@type":"SearchAction","target":{"@type":"EntryPoint","urlTemplate":"https:\/\/www.rumicon.sk\/hu\/?s={search_term_string}"},"query-input":{"@type":"PropertyValueSpecification","valueRequired":true,"valueName":"search_term_string"}}],"inLanguage":"hu"},{"@type":"Organization","@id":"https:\/\/www.rumicon.sk\/hu\/#organization","name":"rumicon.sk","url":"https:\/\/www.rumicon.sk\/hu\/","logo":{"@type":"ImageObject","inLanguage":"hu","@id":"https:\/\/www.rumicon.sk\/hu\/#\/schema\/logo\/image\/","url":"https:\/\/www.rumicon.sk\/wp-content\/uploads\/logo-rumicon-bcs-color.png","contentUrl":"https:\/\/www.rumicon.sk\/wp-content\/uploads\/logo-rumicon-bcs-color.png","width":827,"height":278,"caption":"rumicon.sk"},"image":{"@id":"https:\/\/www.rumicon.sk\/hu\/#\/schema\/logo\/image\/"},"sameAs":["https:\/\/www.facebook.com\/people\/Rumicon-Bottle-Cigar-Shop\/100087110283303\/","https:\/\/www.instagram.com\/rumicon_bottle_cigar_shop\/","https:\/\/www.tiktok.com\/@rumicon2022"]}]}},"_links":{"self":[{"href":"https:\/\/www.rumicon.sk\/hu\/wp-json\/wp\/v2\/product\/5646","targetHints":{"allow":["GET"]}}],"collection":[{"href":"https:\/\/www.rumicon.sk\/hu\/wp-json\/wp\/v2\/product"}],"about":[{"href":"https:\/\/www.rumicon.sk\/hu\/wp-json\/wp\/v2\/types\/product"}],"replies":[{"embeddable":true,"href":"https:\/\/www.rumicon.sk\/hu\/wp-json\/wp\/v2\/comments?post=5646"}],"wp:featuredmedia":[{"embeddable":true,"href":"https:\/\/www.rumicon.sk\/hu\/wp-json\/wp\/v2\/media\/5648"}],"wp:attachment":[{"href":"https:\/\/www.rumicon.sk\/hu\/wp-json\/wp\/v2\/media?parent=5646"}],"wp:term":[{"taxonomy":"product_brand","embeddable":true,"href":"https:\/\/www.rumicon.sk\/hu\/wp-json\/wp\/v2\/product_brand?post=5646"},{"taxonomy":"product_cat","embeddable":true,"href":"https:\/\/www.rumicon.sk\/hu\/wp-json\/wp\/v2\/product_cat?post=5646"},{"taxonomy":"product_tag","embeddable":true,"href":"https:\/\/www.rumicon.sk\/hu\/wp-json\/wp\/v2\/product_tag?post=5646"}],"curies":[{"name":"wp","href":"https:\/\/api.w.org\/{rel}","templated":true}]}}