{"id":5644,"date":"2024-09-19T15:10:12","date_gmt":"2024-09-19T13:10:12","guid":{"rendered":"https:\/\/www.rumicon.sk\/produkt\/elderton-barossa-shiraz-2019-075l-149\/"},"modified":"2025-08-14T11:42:54","modified_gmt":"2025-08-14T09:42:54","slug":"elderton-barossa-shiraz-2019-075l-149","status":"publish","type":"product","link":"https:\/\/www.rumicon.sk\/hu\/produkt\/elderton-barossa-shiraz-2019-075l-149\/","title":{"rendered":"Elderton Barossa Shiraz 2019 0,75l 14,9%"},"content":{"rendered":"<p>Vil\u00e1gos, s\u00f6t\u00e9t b\u00edbor sz\u00edn, illat\u00e1ban k\u00f3kusz, fekete erdei gy\u00fcm\u00f6lcs\u00f6k, van\u00edlia \u00e9s \u00e9tcsokol\u00e1d\u00e9. Testes csokol\u00e1d\u00e9\u00edz, t\u00fal\u00e9rett szilva ut\u00f3\u00edzzel kombin\u00e1lva. A bort 24 h\u00f3napig \u00e9rlelt\u00e9k \u00faj \u00e9s id\u0151sebb amerikai hord\u00f3kban. Archiv\u00e1l\u00e1sra alkalmas, 10-15 \u00e9ves \u00e9rlel\u00e9si potenci\u00e1llal.   <\/p>\n","protected":false},"excerpt":{"rendered":"<p>\u00d6r\u00f6mmel mutatjuk be az Elderton Vineyards, Ausztr\u00e1lia egyik legtekint\u00e9lyesebb bor\u00e1szat\u00e1nak kiv\u00e9teles borait. A Barossa-v\u00f6lgy sz\u00edv\u00e9ben tal\u00e1lhat\u00f3 Elderton ide\u00e1lis term\u0151helyi adotts\u00e1gair\u00f3l \u00e9s gazdag bork\u00e9sz\u00edt\u00e9si hagyom\u00e1nyair\u00f3l h\u00edres. <\/p>\n<p>Az Elderton Pinc\u00e9szet egy csal\u00e1di v\u00e1llalkoz\u00e1s, amely 1979 \u00f3ta k\u00e9sz\u00edt pr\u00e9mium borokat. A sz\u0151l\u0151termeszt\u00e9s szenved\u00e9lyes megk\u00f6zel\u00edt\u00e9se \u00e9s a min\u0151s\u00e9gre val\u00f3 \u00f6sszpontos\u00edt\u00e1s r\u00e9v\u00e9n boraik a Barossa r\u00e9gi\u00f3 autentikus jelleg\u00e9t t\u00fckr\u00f6zik &#8211; gazdag \u00edzvil\u00e1g, komplexit\u00e1s \u00e9s kiv\u00e9teles szerkezet. Sz\u00e1mos fajt\u00e1t k\u00edn\u00e1lnak, k\u00f6zt\u00fck az ikonikus Shirazt, a Cabernet Sauvignont, valamint olyan buja feh\u00e9rborokat, mint a Chardonnay \u00e9s a rizling.  <\/p>\n<p>Ha olyan borokat keres, amelyek a hagyom\u00e1nyos k\u00e9zm\u0171vess\u00e9get \u00f6tv\u00f6zik a modern megk\u00f6zel\u00edt\u00e9ssel, az Elderton borok a megfelel\u0151 v\u00e1laszt\u00e1s az \u00d6n sz\u00e1m\u00e1ra. Rendeljen most, \u00e9s \u00e9lvezze Ausztr\u00e1lia igazi \u00edz\u00e9t! <\/p>\n","protected":false},"featured_media":5645,"comment_status":"closed","ping_status":"closed","template":"","meta":{"_acf_changed":false},"product_brand":[],"product_cat":[528,546],"product_tag":[],"class_list":{"0":"post-5644","1":"product","2":"type-product","3":"status-publish","4":"has-post-thumbnail","6":"product_cat-bor","7":"product_cat-vorosbor","9":"first","10":"instock","11":"taxable","12":"shipping-taxable","13":"purchasable","14":"product-type-simple"},"acf":[],"yoast_head":"<!-- This site is optimized with the Yoast SEO plugin v27.0 - https:\/\/yoast.com\/product\/yoast-seo-wordpress\/ -->\n<title>Elderton Barossa Shiraz 2019 0,75l 14,9% - rumicon.sk<\/title>\n<meta name=\"robots\" content=\"index, follow, max-snippet:-1, max-image-preview:large, max-video-preview:-1\" \/>\n<link rel=\"canonical\" href=\"https:\/\/www.rumicon.sk\/hu\/produkt\/elderton-barossa-shiraz-2019-075l-149\/\" \/>\n<meta property=\"og:locale\" content=\"hu_HU\" \/>\n<meta property=\"og:type\" content=\"article\" \/>\n<meta property=\"og:title\" content=\"Elderton Barossa Shiraz 2019 0,75l 14,9% - rumicon.sk\" \/>\n<meta property=\"og:description\" content=\"\u00d6r\u00f6mmel mutatjuk be az Elderton Vineyards, Ausztr\u00e1lia egyik legtekint\u00e9lyesebb bor\u00e1szat\u00e1nak kiv\u00e9teles borait. A Barossa-v\u00f6lgy sz\u00edv\u00e9ben tal\u00e1lhat\u00f3 Elderton ide\u00e1lis term\u0151helyi adotts\u00e1gair\u00f3l \u00e9s gazdag bork\u00e9sz\u00edt\u00e9si hagyom\u00e1nyair\u00f3l h\u00edres.  Az Elderton Pinc\u00e9szet egy csal\u00e1di v\u00e1llalkoz\u00e1s, amely 1979 \u00f3ta k\u00e9sz\u00edt pr\u00e9mium borokat. A sz\u0151l\u0151termeszt\u00e9s szenved\u00e9lyes megk\u00f6zel\u00edt\u00e9se \u00e9s a min\u0151s\u00e9gre val\u00f3 \u00f6sszpontos\u00edt\u00e1s r\u00e9v\u00e9n boraik a Barossa r\u00e9gi\u00f3 autentikus jelleg\u00e9t t\u00fckr\u00f6zik - gazdag \u00edzvil\u00e1g, komplexit\u00e1s \u00e9s kiv\u00e9teles szerkezet. Sz\u00e1mos fajt\u00e1t k\u00edn\u00e1lnak, k\u00f6zt\u00fck az ikonikus Shirazt, a Cabernet Sauvignont, valamint olyan buja feh\u00e9rborokat, mint a Chardonnay \u00e9s a rizling.  Ha olyan borokat keres, amelyek a hagyom\u00e1nyos k\u00e9zm\u0171vess\u00e9get \u00f6tv\u00f6zik a modern megk\u00f6zel\u00edt\u00e9ssel, az Elderton borok a megfelel\u0151 v\u00e1laszt\u00e1s az \u00d6n sz\u00e1m\u00e1ra. Rendeljen most, \u00e9s \u00e9lvezze Ausztr\u00e1lia igazi \u00edz\u00e9t!\" \/>\n<meta property=\"og:url\" content=\"https:\/\/www.rumicon.sk\/hu\/produkt\/elderton-barossa-shiraz-2019-075l-149\/\" \/>\n<meta property=\"og:site_name\" content=\"rumicon.sk\" \/>\n<meta property=\"article:publisher\" content=\"https:\/\/www.facebook.com\/people\/Rumicon-Bottle-Cigar-Shop\/100087110283303\/\" \/>\n<meta property=\"article:modified_time\" content=\"2025-08-14T09:42:54+00:00\" \/>\n<meta property=\"og:image\" content=\"https:\/\/www.rumicon.sk\/wp-content\/uploads\/2019-elderton-shiraz.jpg\" \/>\n\t<meta property=\"og:image:width\" content=\"1200\" \/>\n\t<meta property=\"og:image:height\" content=\"1500\" \/>\n\t<meta property=\"og:image:type\" content=\"image\/jpeg\" \/>\n<meta name=\"twitter:card\" content=\"summary_large_image\" \/>\n<script type=\"application\/ld+json\" class=\"yoast-schema-graph\">{\"@context\":\"https:\/\/schema.org\",\"@graph\":[{\"@type\":\"WebPage\",\"@id\":\"https:\/\/www.rumicon.sk\/hu\/produkt\/elderton-barossa-shiraz-2019-075l-149\/\",\"url\":\"https:\/\/www.rumicon.sk\/hu\/produkt\/elderton-barossa-shiraz-2019-075l-149\/\",\"name\":\"Elderton Barossa Shiraz 2019 0,75l 14,9% - rumicon.sk\",\"isPartOf\":{\"@id\":\"https:\/\/www.rumicon.sk\/hu\/#website\"},\"primaryImageOfPage\":{\"@id\":\"https:\/\/www.rumicon.sk\/hu\/produkt\/elderton-barossa-shiraz-2019-075l-149\/#primaryimage\"},\"image\":{\"@id\":\"https:\/\/www.rumicon.sk\/hu\/produkt\/elderton-barossa-shiraz-2019-075l-149\/#primaryimage\"},\"thumbnailUrl\":\"https:\/\/www.rumicon.sk\/wp-content\/uploads\/2019-elderton-shiraz.jpg\",\"datePublished\":\"2024-09-19T13:10:12+00:00\",\"dateModified\":\"2025-08-14T09:42:54+00:00\",\"breadcrumb\":{\"@id\":\"https:\/\/www.rumicon.sk\/hu\/produkt\/elderton-barossa-shiraz-2019-075l-149\/#breadcrumb\"},\"inLanguage\":\"hu\",\"potentialAction\":[{\"@type\":\"ReadAction\",\"target\":[\"https:\/\/www.rumicon.sk\/hu\/produkt\/elderton-barossa-shiraz-2019-075l-149\/\"]}]},{\"@type\":\"ImageObject\",\"inLanguage\":\"hu\",\"@id\":\"https:\/\/www.rumicon.sk\/hu\/produkt\/elderton-barossa-shiraz-2019-075l-149\/#primaryimage\",\"url\":\"https:\/\/www.rumicon.sk\/wp-content\/uploads\/2019-elderton-shiraz.jpg\",\"contentUrl\":\"https:\/\/www.rumicon.sk\/wp-content\/uploads\/2019-elderton-shiraz.jpg\",\"width\":1200,\"height\":1500},{\"@type\":\"BreadcrumbList\",\"@id\":\"https:\/\/www.rumicon.sk\/hu\/produkt\/elderton-barossa-shiraz-2019-075l-149\/#breadcrumb\",\"itemListElement\":[{\"@type\":\"ListItem\",\"position\":1,\"name\":\"Home\",\"item\":\"https:\/\/www.rumicon.sk\/hu\/home\/\"},{\"@type\":\"ListItem\",\"position\":2,\"name\":\"Web\u00e1ruh\u00e1z\",\"item\":\"https:\/\/www.rumicon.sk\/hu\/webaruhaz\/\"},{\"@type\":\"ListItem\",\"position\":3,\"name\":\"Elderton Barossa Shiraz 2019 0,75l 14,9%\"}]},{\"@type\":\"WebSite\",\"@id\":\"https:\/\/www.rumicon.sk\/hu\/#website\",\"url\":\"https:\/\/www.rumicon.sk\/hu\/\",\"name\":\"rumicon.sk\",\"description\":\"\",\"publisher\":{\"@id\":\"https:\/\/www.rumicon.sk\/hu\/#organization\"},\"potentialAction\":[{\"@type\":\"SearchAction\",\"target\":{\"@type\":\"EntryPoint\",\"urlTemplate\":\"https:\/\/www.rumicon.sk\/hu\/?s={search_term_string}\"},\"query-input\":{\"@type\":\"PropertyValueSpecification\",\"valueRequired\":true,\"valueName\":\"search_term_string\"}}],\"inLanguage\":\"hu\"},{\"@type\":\"Organization\",\"@id\":\"https:\/\/www.rumicon.sk\/hu\/#organization\",\"name\":\"rumicon.sk\",\"url\":\"https:\/\/www.rumicon.sk\/hu\/\",\"logo\":{\"@type\":\"ImageObject\",\"inLanguage\":\"hu\",\"@id\":\"https:\/\/www.rumicon.sk\/hu\/#\/schema\/logo\/image\/\",\"url\":\"https:\/\/www.rumicon.sk\/wp-content\/uploads\/logo-rumicon-bcs-color.png\",\"contentUrl\":\"https:\/\/www.rumicon.sk\/wp-content\/uploads\/logo-rumicon-bcs-color.png\",\"width\":827,\"height\":278,\"caption\":\"rumicon.sk\"},\"image\":{\"@id\":\"https:\/\/www.rumicon.sk\/hu\/#\/schema\/logo\/image\/\"},\"sameAs\":[\"https:\/\/www.facebook.com\/people\/Rumicon-Bottle-Cigar-Shop\/100087110283303\/\",\"https:\/\/www.instagram.com\/rumicon_bottle_cigar_shop\/\",\"https:\/\/www.tiktok.com\/@rumicon2022\"]}]}<\/script>\n<!-- \/ Yoast SEO plugin. -->","yoast_head_json":{"title":"Elderton Barossa Shiraz 2019 0,75l 14,9% - rumicon.sk","robots":{"index":"index","follow":"follow","max-snippet":"max-snippet:-1","max-image-preview":"max-image-preview:large","max-video-preview":"max-video-preview:-1"},"canonical":"https:\/\/www.rumicon.sk\/hu\/produkt\/elderton-barossa-shiraz-2019-075l-149\/","og_locale":"hu_HU","og_type":"article","og_title":"Elderton Barossa Shiraz 2019 0,75l 14,9% - rumicon.sk","og_description":"\u00d6r\u00f6mmel mutatjuk be az Elderton Vineyards, Ausztr\u00e1lia egyik legtekint\u00e9lyesebb bor\u00e1szat\u00e1nak kiv\u00e9teles borait. A Barossa-v\u00f6lgy sz\u00edv\u00e9ben tal\u00e1lhat\u00f3 Elderton ide\u00e1lis term\u0151helyi adotts\u00e1gair\u00f3l \u00e9s gazdag bork\u00e9sz\u00edt\u00e9si hagyom\u00e1nyair\u00f3l h\u00edres.  Az Elderton Pinc\u00e9szet egy csal\u00e1di v\u00e1llalkoz\u00e1s, amely 1979 \u00f3ta k\u00e9sz\u00edt pr\u00e9mium borokat. A sz\u0151l\u0151termeszt\u00e9s szenved\u00e9lyes megk\u00f6zel\u00edt\u00e9se \u00e9s a min\u0151s\u00e9gre val\u00f3 \u00f6sszpontos\u00edt\u00e1s r\u00e9v\u00e9n boraik a Barossa r\u00e9gi\u00f3 autentikus jelleg\u00e9t t\u00fckr\u00f6zik - gazdag \u00edzvil\u00e1g, komplexit\u00e1s \u00e9s kiv\u00e9teles szerkezet. Sz\u00e1mos fajt\u00e1t k\u00edn\u00e1lnak, k\u00f6zt\u00fck az ikonikus Shirazt, a Cabernet Sauvignont, valamint olyan buja feh\u00e9rborokat, mint a Chardonnay \u00e9s a rizling.  Ha olyan borokat keres, amelyek a hagyom\u00e1nyos k\u00e9zm\u0171vess\u00e9get \u00f6tv\u00f6zik a modern megk\u00f6zel\u00edt\u00e9ssel, az Elderton borok a megfelel\u0151 v\u00e1laszt\u00e1s az \u00d6n sz\u00e1m\u00e1ra. Rendeljen most, \u00e9s \u00e9lvezze Ausztr\u00e1lia igazi \u00edz\u00e9t!","og_url":"https:\/\/www.rumicon.sk\/hu\/produkt\/elderton-barossa-shiraz-2019-075l-149\/","og_site_name":"rumicon.sk","article_publisher":"https:\/\/www.facebook.com\/people\/Rumicon-Bottle-Cigar-Shop\/100087110283303\/","article_modified_time":"2025-08-14T09:42:54+00:00","og_image":[{"width":1200,"height":1500,"url":"https:\/\/www.rumicon.sk\/wp-content\/uploads\/2019-elderton-shiraz.jpg","type":"image\/jpeg"}],"twitter_card":"summary_large_image","schema":{"@context":"https:\/\/schema.org","@graph":[{"@type":"WebPage","@id":"https:\/\/www.rumicon.sk\/hu\/produkt\/elderton-barossa-shiraz-2019-075l-149\/","url":"https:\/\/www.rumicon.sk\/hu\/produkt\/elderton-barossa-shiraz-2019-075l-149\/","name":"Elderton Barossa Shiraz 2019 0,75l 14,9% - rumicon.sk","isPartOf":{"@id":"https:\/\/www.rumicon.sk\/hu\/#website"},"primaryImageOfPage":{"@id":"https:\/\/www.rumicon.sk\/hu\/produkt\/elderton-barossa-shiraz-2019-075l-149\/#primaryimage"},"image":{"@id":"https:\/\/www.rumicon.sk\/hu\/produkt\/elderton-barossa-shiraz-2019-075l-149\/#primaryimage"},"thumbnailUrl":"https:\/\/www.rumicon.sk\/wp-content\/uploads\/2019-elderton-shiraz.jpg","datePublished":"2024-09-19T13:10:12+00:00","dateModified":"2025-08-14T09:42:54+00:00","breadcrumb":{"@id":"https:\/\/www.rumicon.sk\/hu\/produkt\/elderton-barossa-shiraz-2019-075l-149\/#breadcrumb"},"inLanguage":"hu","potentialAction":[{"@type":"ReadAction","target":["https:\/\/www.rumicon.sk\/hu\/produkt\/elderton-barossa-shiraz-2019-075l-149\/"]}]},{"@type":"ImageObject","inLanguage":"hu","@id":"https:\/\/www.rumicon.sk\/hu\/produkt\/elderton-barossa-shiraz-2019-075l-149\/#primaryimage","url":"https:\/\/www.rumicon.sk\/wp-content\/uploads\/2019-elderton-shiraz.jpg","contentUrl":"https:\/\/www.rumicon.sk\/wp-content\/uploads\/2019-elderton-shiraz.jpg","width":1200,"height":1500},{"@type":"BreadcrumbList","@id":"https:\/\/www.rumicon.sk\/hu\/produkt\/elderton-barossa-shiraz-2019-075l-149\/#breadcrumb","itemListElement":[{"@type":"ListItem","position":1,"name":"Home","item":"https:\/\/www.rumicon.sk\/hu\/home\/"},{"@type":"ListItem","position":2,"name":"Web\u00e1ruh\u00e1z","item":"https:\/\/www.rumicon.sk\/hu\/webaruhaz\/"},{"@type":"ListItem","position":3,"name":"Elderton Barossa Shiraz 2019 0,75l 14,9%"}]},{"@type":"WebSite","@id":"https:\/\/www.rumicon.sk\/hu\/#website","url":"https:\/\/www.rumicon.sk\/hu\/","name":"rumicon.sk","description":"","publisher":{"@id":"https:\/\/www.rumicon.sk\/hu\/#organization"},"potentialAction":[{"@type":"SearchAction","target":{"@type":"EntryPoint","urlTemplate":"https:\/\/www.rumicon.sk\/hu\/?s={search_term_string}"},"query-input":{"@type":"PropertyValueSpecification","valueRequired":true,"valueName":"search_term_string"}}],"inLanguage":"hu"},{"@type":"Organization","@id":"https:\/\/www.rumicon.sk\/hu\/#organization","name":"rumicon.sk","url":"https:\/\/www.rumicon.sk\/hu\/","logo":{"@type":"ImageObject","inLanguage":"hu","@id":"https:\/\/www.rumicon.sk\/hu\/#\/schema\/logo\/image\/","url":"https:\/\/www.rumicon.sk\/wp-content\/uploads\/logo-rumicon-bcs-color.png","contentUrl":"https:\/\/www.rumicon.sk\/wp-content\/uploads\/logo-rumicon-bcs-color.png","width":827,"height":278,"caption":"rumicon.sk"},"image":{"@id":"https:\/\/www.rumicon.sk\/hu\/#\/schema\/logo\/image\/"},"sameAs":["https:\/\/www.facebook.com\/people\/Rumicon-Bottle-Cigar-Shop\/100087110283303\/","https:\/\/www.instagram.com\/rumicon_bottle_cigar_shop\/","https:\/\/www.tiktok.com\/@rumicon2022"]}]}},"_links":{"self":[{"href":"https:\/\/www.rumicon.sk\/hu\/wp-json\/wp\/v2\/product\/5644","targetHints":{"allow":["GET"]}}],"collection":[{"href":"https:\/\/www.rumicon.sk\/hu\/wp-json\/wp\/v2\/product"}],"about":[{"href":"https:\/\/www.rumicon.sk\/hu\/wp-json\/wp\/v2\/types\/product"}],"replies":[{"embeddable":true,"href":"https:\/\/www.rumicon.sk\/hu\/wp-json\/wp\/v2\/comments?post=5644"}],"wp:featuredmedia":[{"embeddable":true,"href":"https:\/\/www.rumicon.sk\/hu\/wp-json\/wp\/v2\/media\/5645"}],"wp:attachment":[{"href":"https:\/\/www.rumicon.sk\/hu\/wp-json\/wp\/v2\/media?parent=5644"}],"wp:term":[{"taxonomy":"product_brand","embeddable":true,"href":"https:\/\/www.rumicon.sk\/hu\/wp-json\/wp\/v2\/product_brand?post=5644"},{"taxonomy":"product_cat","embeddable":true,"href":"https:\/\/www.rumicon.sk\/hu\/wp-json\/wp\/v2\/product_cat?post=5644"},{"taxonomy":"product_tag","embeddable":true,"href":"https:\/\/www.rumicon.sk\/hu\/wp-json\/wp\/v2\/product_tag?post=5644"}],"curies":[{"name":"wp","href":"https:\/\/api.w.org\/{rel}","templated":true}]}}