{"id":5591,"date":"2022-11-11T08:24:27","date_gmt":"2022-11-11T07:24:27","guid":{"rendered":"https:\/\/www.rumicon.sk\/produkt\/rum-the-colours-guyana-2003-07-l-542\/"},"modified":"2024-10-11T08:21:31","modified_gmt":"2024-10-11T06:21:31","slug":"rum-the-colours-guyana-2003-07-l-542","status":"publish","type":"product","link":"https:\/\/www.rumicon.sk\/hu\/produkt\/rum-the-colours-guyana-2003-07-l-542\/","title":{"rendered":"Rum THE Colours Guyana 2003 0,7 l 54,2%"},"content":{"rendered":"","protected":false},"excerpt":{"rendered":"<p>Egy 18 \u00e9ves rum a guyanai Diamond lep\u00e1rl\u00f3\u00fczemb\u0151l, amelyet rendk\u00edv\u00fcl korl\u00e1tozott sz\u00e1m\u00fa palackban, mind\u00f6ssze 242 palackban gy\u00e1rtanak az eg\u00e9sz vil\u00e1g sz\u00e1m\u00e1ra!<\/p>\n","protected":false},"featured_media":5593,"comment_status":"closed","ping_status":"closed","template":"","meta":{"_acf_changed":false},"product_brand":[],"product_cat":[930,483,485],"product_tag":[766],"class_list":{"0":"post-5591","1":"product","2":"type-product","3":"status-publish","4":"has-post-thumbnail","6":"product_cat-gyujtoi-alkohol","7":"product_cat-rum-hu","8":"product_cat-sotet-rum","9":"product_tag-the-colours-of-rum-hu","10":"pa_druh-alkoholu-sotet-rum","11":"pa_krajina-povodu-guyana-hu","12":"pa_objem-07-l-hu","13":"pa_obsah-alkoholu-542-hu","14":"pa_znacka-the-colours-of-rum-hu","16":"first","17":"instock","18":"sale","19":"taxable","20":"shipping-taxable","21":"purchasable","22":"product-type-simple"},"acf":[],"yoast_head":"<!-- This site is optimized with the Yoast SEO plugin v27.0 - https:\/\/yoast.com\/product\/yoast-seo-wordpress\/ -->\n<title>Rum THE Colours Guyana 2003 0,7 l 54,2% - rumicon.sk<\/title>\n<meta name=\"robots\" content=\"index, follow, max-snippet:-1, max-image-preview:large, max-video-preview:-1\" \/>\n<link rel=\"canonical\" href=\"https:\/\/www.rumicon.sk\/hu\/produkt\/rum-the-colours-guyana-2003-07-l-542\/\" \/>\n<meta property=\"og:locale\" content=\"hu_HU\" \/>\n<meta property=\"og:type\" content=\"article\" \/>\n<meta property=\"og:title\" content=\"Rum THE Colours Guyana 2003 0,7 l 54,2% - rumicon.sk\" \/>\n<meta property=\"og:description\" content=\"Egy 18 \u00e9ves rum a guyanai Diamond lep\u00e1rl\u00f3\u00fczemb\u0151l, amelyet rendk\u00edv\u00fcl korl\u00e1tozott sz\u00e1m\u00fa palackban, mind\u00f6ssze 242 palackban gy\u00e1rtanak az eg\u00e9sz vil\u00e1g sz\u00e1m\u00e1ra!\" \/>\n<meta property=\"og:url\" content=\"https:\/\/www.rumicon.sk\/hu\/produkt\/rum-the-colours-guyana-2003-07-l-542\/\" \/>\n<meta property=\"og:site_name\" content=\"rumicon.sk\" \/>\n<meta property=\"article:publisher\" content=\"https:\/\/www.facebook.com\/people\/Rumicon-Bottle-Cigar-Shop\/100087110283303\/\" \/>\n<meta property=\"article:modified_time\" content=\"2024-10-11T06:21:31+00:00\" \/>\n<meta property=\"og:image\" content=\"https:\/\/www.rumicon.sk\/wp-content\/uploads\/Colours-of-Rum-II.-Diamond-Guyana-2003-18-Y.O.jpg\" \/>\n\t<meta property=\"og:image:width\" content=\"1600\" \/>\n\t<meta property=\"og:image:height\" content=\"1600\" \/>\n\t<meta property=\"og:image:type\" content=\"image\/jpeg\" \/>\n<meta name=\"twitter:card\" content=\"summary_large_image\" \/>\n<script type=\"application\/ld+json\" class=\"yoast-schema-graph\">{\"@context\":\"https:\/\/schema.org\",\"@graph\":[{\"@type\":\"WebPage\",\"@id\":\"https:\/\/www.rumicon.sk\/hu\/produkt\/rum-the-colours-guyana-2003-07-l-542\/\",\"url\":\"https:\/\/www.rumicon.sk\/hu\/produkt\/rum-the-colours-guyana-2003-07-l-542\/\",\"name\":\"Rum THE Colours Guyana 2003 0,7 l 54,2% - rumicon.sk\",\"isPartOf\":{\"@id\":\"https:\/\/www.rumicon.sk\/hu\/#website\"},\"primaryImageOfPage\":{\"@id\":\"https:\/\/www.rumicon.sk\/hu\/produkt\/rum-the-colours-guyana-2003-07-l-542\/#primaryimage\"},\"image\":{\"@id\":\"https:\/\/www.rumicon.sk\/hu\/produkt\/rum-the-colours-guyana-2003-07-l-542\/#primaryimage\"},\"thumbnailUrl\":\"https:\/\/www.rumicon.sk\/wp-content\/uploads\/Colours-of-Rum-II.-Diamond-Guyana-2003-18-Y.O.jpg\",\"datePublished\":\"2022-11-11T07:24:27+00:00\",\"dateModified\":\"2024-10-11T06:21:31+00:00\",\"breadcrumb\":{\"@id\":\"https:\/\/www.rumicon.sk\/hu\/produkt\/rum-the-colours-guyana-2003-07-l-542\/#breadcrumb\"},\"inLanguage\":\"hu\",\"potentialAction\":[{\"@type\":\"ReadAction\",\"target\":[\"https:\/\/www.rumicon.sk\/hu\/produkt\/rum-the-colours-guyana-2003-07-l-542\/\"]}]},{\"@type\":\"ImageObject\",\"inLanguage\":\"hu\",\"@id\":\"https:\/\/www.rumicon.sk\/hu\/produkt\/rum-the-colours-guyana-2003-07-l-542\/#primaryimage\",\"url\":\"https:\/\/www.rumicon.sk\/wp-content\/uploads\/Colours-of-Rum-II.-Diamond-Guyana-2003-18-Y.O.jpg\",\"contentUrl\":\"https:\/\/www.rumicon.sk\/wp-content\/uploads\/Colours-of-Rum-II.-Diamond-Guyana-2003-18-Y.O.jpg\",\"width\":1600,\"height\":1600},{\"@type\":\"BreadcrumbList\",\"@id\":\"https:\/\/www.rumicon.sk\/hu\/produkt\/rum-the-colours-guyana-2003-07-l-542\/#breadcrumb\",\"itemListElement\":[{\"@type\":\"ListItem\",\"position\":1,\"name\":\"Home\",\"item\":\"https:\/\/www.rumicon.sk\/hu\/home\/\"},{\"@type\":\"ListItem\",\"position\":2,\"name\":\"Web\u00e1ruh\u00e1z\",\"item\":\"https:\/\/www.rumicon.sk\/hu\/webaruhaz\/\"},{\"@type\":\"ListItem\",\"position\":3,\"name\":\"Rum THE Colours Guyana 2003 0,7 l 54,2%\"}]},{\"@type\":\"WebSite\",\"@id\":\"https:\/\/www.rumicon.sk\/hu\/#website\",\"url\":\"https:\/\/www.rumicon.sk\/hu\/\",\"name\":\"rumicon.sk\",\"description\":\"\",\"publisher\":{\"@id\":\"https:\/\/www.rumicon.sk\/hu\/#organization\"},\"potentialAction\":[{\"@type\":\"SearchAction\",\"target\":{\"@type\":\"EntryPoint\",\"urlTemplate\":\"https:\/\/www.rumicon.sk\/hu\/?s={search_term_string}\"},\"query-input\":{\"@type\":\"PropertyValueSpecification\",\"valueRequired\":true,\"valueName\":\"search_term_string\"}}],\"inLanguage\":\"hu\"},{\"@type\":\"Organization\",\"@id\":\"https:\/\/www.rumicon.sk\/hu\/#organization\",\"name\":\"rumicon.sk\",\"url\":\"https:\/\/www.rumicon.sk\/hu\/\",\"logo\":{\"@type\":\"ImageObject\",\"inLanguage\":\"hu\",\"@id\":\"https:\/\/www.rumicon.sk\/hu\/#\/schema\/logo\/image\/\",\"url\":\"https:\/\/www.rumicon.sk\/wp-content\/uploads\/logo-rumicon-bcs-color.png\",\"contentUrl\":\"https:\/\/www.rumicon.sk\/wp-content\/uploads\/logo-rumicon-bcs-color.png\",\"width\":827,\"height\":278,\"caption\":\"rumicon.sk\"},\"image\":{\"@id\":\"https:\/\/www.rumicon.sk\/hu\/#\/schema\/logo\/image\/\"},\"sameAs\":[\"https:\/\/www.facebook.com\/people\/Rumicon-Bottle-Cigar-Shop\/100087110283303\/\",\"https:\/\/www.instagram.com\/rumicon_bottle_cigar_shop\/\",\"https:\/\/www.tiktok.com\/@rumicon2022\"]}]}<\/script>\n<!-- \/ Yoast SEO plugin. -->","yoast_head_json":{"title":"Rum THE Colours Guyana 2003 0,7 l 54,2% - rumicon.sk","robots":{"index":"index","follow":"follow","max-snippet":"max-snippet:-1","max-image-preview":"max-image-preview:large","max-video-preview":"max-video-preview:-1"},"canonical":"https:\/\/www.rumicon.sk\/hu\/produkt\/rum-the-colours-guyana-2003-07-l-542\/","og_locale":"hu_HU","og_type":"article","og_title":"Rum THE Colours Guyana 2003 0,7 l 54,2% - rumicon.sk","og_description":"Egy 18 \u00e9ves rum a guyanai Diamond lep\u00e1rl\u00f3\u00fczemb\u0151l, amelyet rendk\u00edv\u00fcl korl\u00e1tozott sz\u00e1m\u00fa palackban, mind\u00f6ssze 242 palackban gy\u00e1rtanak az eg\u00e9sz vil\u00e1g sz\u00e1m\u00e1ra!","og_url":"https:\/\/www.rumicon.sk\/hu\/produkt\/rum-the-colours-guyana-2003-07-l-542\/","og_site_name":"rumicon.sk","article_publisher":"https:\/\/www.facebook.com\/people\/Rumicon-Bottle-Cigar-Shop\/100087110283303\/","article_modified_time":"2024-10-11T06:21:31+00:00","og_image":[{"width":1600,"height":1600,"url":"https:\/\/www.rumicon.sk\/wp-content\/uploads\/Colours-of-Rum-II.-Diamond-Guyana-2003-18-Y.O.jpg","type":"image\/jpeg"}],"twitter_card":"summary_large_image","schema":{"@context":"https:\/\/schema.org","@graph":[{"@type":"WebPage","@id":"https:\/\/www.rumicon.sk\/hu\/produkt\/rum-the-colours-guyana-2003-07-l-542\/","url":"https:\/\/www.rumicon.sk\/hu\/produkt\/rum-the-colours-guyana-2003-07-l-542\/","name":"Rum THE Colours Guyana 2003 0,7 l 54,2% - rumicon.sk","isPartOf":{"@id":"https:\/\/www.rumicon.sk\/hu\/#website"},"primaryImageOfPage":{"@id":"https:\/\/www.rumicon.sk\/hu\/produkt\/rum-the-colours-guyana-2003-07-l-542\/#primaryimage"},"image":{"@id":"https:\/\/www.rumicon.sk\/hu\/produkt\/rum-the-colours-guyana-2003-07-l-542\/#primaryimage"},"thumbnailUrl":"https:\/\/www.rumicon.sk\/wp-content\/uploads\/Colours-of-Rum-II.-Diamond-Guyana-2003-18-Y.O.jpg","datePublished":"2022-11-11T07:24:27+00:00","dateModified":"2024-10-11T06:21:31+00:00","breadcrumb":{"@id":"https:\/\/www.rumicon.sk\/hu\/produkt\/rum-the-colours-guyana-2003-07-l-542\/#breadcrumb"},"inLanguage":"hu","potentialAction":[{"@type":"ReadAction","target":["https:\/\/www.rumicon.sk\/hu\/produkt\/rum-the-colours-guyana-2003-07-l-542\/"]}]},{"@type":"ImageObject","inLanguage":"hu","@id":"https:\/\/www.rumicon.sk\/hu\/produkt\/rum-the-colours-guyana-2003-07-l-542\/#primaryimage","url":"https:\/\/www.rumicon.sk\/wp-content\/uploads\/Colours-of-Rum-II.-Diamond-Guyana-2003-18-Y.O.jpg","contentUrl":"https:\/\/www.rumicon.sk\/wp-content\/uploads\/Colours-of-Rum-II.-Diamond-Guyana-2003-18-Y.O.jpg","width":1600,"height":1600},{"@type":"BreadcrumbList","@id":"https:\/\/www.rumicon.sk\/hu\/produkt\/rum-the-colours-guyana-2003-07-l-542\/#breadcrumb","itemListElement":[{"@type":"ListItem","position":1,"name":"Home","item":"https:\/\/www.rumicon.sk\/hu\/home\/"},{"@type":"ListItem","position":2,"name":"Web\u00e1ruh\u00e1z","item":"https:\/\/www.rumicon.sk\/hu\/webaruhaz\/"},{"@type":"ListItem","position":3,"name":"Rum THE Colours Guyana 2003 0,7 l 54,2%"}]},{"@type":"WebSite","@id":"https:\/\/www.rumicon.sk\/hu\/#website","url":"https:\/\/www.rumicon.sk\/hu\/","name":"rumicon.sk","description":"","publisher":{"@id":"https:\/\/www.rumicon.sk\/hu\/#organization"},"potentialAction":[{"@type":"SearchAction","target":{"@type":"EntryPoint","urlTemplate":"https:\/\/www.rumicon.sk\/hu\/?s={search_term_string}"},"query-input":{"@type":"PropertyValueSpecification","valueRequired":true,"valueName":"search_term_string"}}],"inLanguage":"hu"},{"@type":"Organization","@id":"https:\/\/www.rumicon.sk\/hu\/#organization","name":"rumicon.sk","url":"https:\/\/www.rumicon.sk\/hu\/","logo":{"@type":"ImageObject","inLanguage":"hu","@id":"https:\/\/www.rumicon.sk\/hu\/#\/schema\/logo\/image\/","url":"https:\/\/www.rumicon.sk\/wp-content\/uploads\/logo-rumicon-bcs-color.png","contentUrl":"https:\/\/www.rumicon.sk\/wp-content\/uploads\/logo-rumicon-bcs-color.png","width":827,"height":278,"caption":"rumicon.sk"},"image":{"@id":"https:\/\/www.rumicon.sk\/hu\/#\/schema\/logo\/image\/"},"sameAs":["https:\/\/www.facebook.com\/people\/Rumicon-Bottle-Cigar-Shop\/100087110283303\/","https:\/\/www.instagram.com\/rumicon_bottle_cigar_shop\/","https:\/\/www.tiktok.com\/@rumicon2022"]}]}},"_links":{"self":[{"href":"https:\/\/www.rumicon.sk\/hu\/wp-json\/wp\/v2\/product\/5591","targetHints":{"allow":["GET"]}}],"collection":[{"href":"https:\/\/www.rumicon.sk\/hu\/wp-json\/wp\/v2\/product"}],"about":[{"href":"https:\/\/www.rumicon.sk\/hu\/wp-json\/wp\/v2\/types\/product"}],"replies":[{"embeddable":true,"href":"https:\/\/www.rumicon.sk\/hu\/wp-json\/wp\/v2\/comments?post=5591"}],"wp:featuredmedia":[{"embeddable":true,"href":"https:\/\/www.rumicon.sk\/hu\/wp-json\/wp\/v2\/media\/5593"}],"wp:attachment":[{"href":"https:\/\/www.rumicon.sk\/hu\/wp-json\/wp\/v2\/media?parent=5591"}],"wp:term":[{"taxonomy":"product_brand","embeddable":true,"href":"https:\/\/www.rumicon.sk\/hu\/wp-json\/wp\/v2\/product_brand?post=5591"},{"taxonomy":"product_cat","embeddable":true,"href":"https:\/\/www.rumicon.sk\/hu\/wp-json\/wp\/v2\/product_cat?post=5591"},{"taxonomy":"product_tag","embeddable":true,"href":"https:\/\/www.rumicon.sk\/hu\/wp-json\/wp\/v2\/product_tag?post=5591"}],"curies":[{"name":"wp","href":"https:\/\/api.w.org\/{rel}","templated":true}]}}