{"id":5535,"date":"2022-11-11T08:25:04","date_gmt":"2022-11-11T07:25:04","guid":{"rendered":"https:\/\/www.rumicon.sk\/produkt\/rum-malecon-1982-45l-40-maxi\/"},"modified":"2024-10-08T13:01:08","modified_gmt":"2024-10-08T11:01:08","slug":"rum-malecon-1982-45l-40-maxi","status":"publish","type":"product","link":"https:\/\/www.rumicon.sk\/hu\/produkt\/rum-malecon-1982-45l-40-maxi\/","title":{"rendered":"Rum Malecon 1982 4,5l 40% MAXI"},"content":{"rendered":"<p><strong>Illat:<\/strong> gy\u00fcm\u00f6lcs- \u00e9s fah\u00e9jillat, valamint van\u00edlia \u00e9s k\u00fcl\u00f6nb\u00f6z\u0151 egzotikus eredet\u0171 f\u0171szerek jegyei, amelyek v\u00e1ltozatoss\u00e1 \u00e9s \u00f6sszetett\u00e9 teszik.<\/p>\n<p><strong> \u00cdz: Az \u00edzvil\u00e1got tekintve<\/strong> Aszalt gy\u00fcm\u00f6lcs\u00f6k \u00e9s van\u00edlia domin\u00e1lnak, amelyet a doh\u00e1ny antik f\u00e1j\u00e1nak finom \u00edze eg\u00e9sz\u00edt ki.<\/p>\n<p><strong> Befejez\u00e9s:<\/strong> v\u00e1ltozatos \u00e9s harmonikus \u00edzek.<\/p>\n","protected":false},"excerpt":{"rendered":"<p>A Malecon Esplendida 1982 egy \u00e9rlelt panamai rum a Malecon Seleccion Esplendida term\u00e9kcsal\u00e1dj\u00e1b\u00f3l, amely a Panam\u00e1ban gy\u00e1rtott rum k\u00fcl\u00f6nb\u00f6z\u0151 \u00e9vj\u00e1ratait mutatja be, a kubai gy\u00e1rt\u00e1si technik\u00e1k \u00e1ltal inspir\u00e1lva. Ezt a rumot 1982-ben desztill\u00e1lt\u00e1k. <\/p>\n","protected":false},"featured_media":5537,"comment_status":"closed","ping_status":"open","template":"","meta":{"_acf_changed":false},"product_brand":[],"product_cat":[483,485],"product_tag":[755],"class_list":{"0":"post-5535","1":"product","2":"type-product","3":"status-publish","4":"has-post-thumbnail","6":"product_cat-rum-hu","7":"product_cat-sotet-rum","8":"product_tag-malecon-hu","9":"pa_druh-alkoholu-sotet-rum","10":"pa_krajina-povodu-panama-hu","11":"pa_objem-45-l-hu","12":"pa_obsah-alkoholu-40-hu","13":"pa_znacka-malecon-hu","15":"first","16":"instock","17":"taxable","18":"shipping-taxable","19":"purchasable","20":"product-type-simple"},"acf":[],"yoast_head":"<!-- This site is optimized with the Yoast SEO plugin v27.0 - https:\/\/yoast.com\/product\/yoast-seo-wordpress\/ -->\n<title>Rum Malecon 1982 4,5l 40% MAXI - rumicon.sk<\/title>\n<meta name=\"robots\" content=\"index, follow, max-snippet:-1, max-image-preview:large, max-video-preview:-1\" \/>\n<link rel=\"canonical\" href=\"https:\/\/www.rumicon.sk\/hu\/produkt\/rum-malecon-1982-45l-40-maxi\/\" \/>\n<meta property=\"og:locale\" content=\"hu_HU\" \/>\n<meta property=\"og:type\" content=\"article\" \/>\n<meta property=\"og:title\" content=\"Rum Malecon 1982 4,5l 40% MAXI - rumicon.sk\" \/>\n<meta property=\"og:description\" content=\"A Malecon Esplendida 1982 egy \u00e9rlelt panamai rum a Malecon Seleccion Esplendida term\u00e9kcsal\u00e1dj\u00e1b\u00f3l, amely a Panam\u00e1ban gy\u00e1rtott rum k\u00fcl\u00f6nb\u00f6z\u0151 \u00e9vj\u00e1ratait mutatja be, a kubai gy\u00e1rt\u00e1si technik\u00e1k \u00e1ltal inspir\u00e1lva. Ezt a rumot 1982-ben desztill\u00e1lt\u00e1k.\" \/>\n<meta property=\"og:url\" content=\"https:\/\/www.rumicon.sk\/hu\/produkt\/rum-malecon-1982-45l-40-maxi\/\" \/>\n<meta property=\"og:site_name\" content=\"rumicon.sk\" \/>\n<meta property=\"article:publisher\" content=\"https:\/\/www.facebook.com\/people\/Rumicon-Bottle-Cigar-Shop\/100087110283303\/\" \/>\n<meta property=\"article:modified_time\" content=\"2024-10-08T11:01:08+00:00\" \/>\n<meta property=\"og:image\" content=\"https:\/\/www.rumicon.sk\/wp-content\/uploads\/Malecon-Esplendida-1982-MAXI.jpg\" \/>\n\t<meta property=\"og:image:width\" content=\"1600\" \/>\n\t<meta property=\"og:image:height\" content=\"1600\" \/>\n\t<meta property=\"og:image:type\" content=\"image\/jpeg\" \/>\n<meta name=\"twitter:card\" content=\"summary_large_image\" \/>\n<script type=\"application\/ld+json\" class=\"yoast-schema-graph\">{\"@context\":\"https:\/\/schema.org\",\"@graph\":[{\"@type\":\"WebPage\",\"@id\":\"https:\/\/www.rumicon.sk\/hu\/produkt\/rum-malecon-1982-45l-40-maxi\/\",\"url\":\"https:\/\/www.rumicon.sk\/hu\/produkt\/rum-malecon-1982-45l-40-maxi\/\",\"name\":\"Rum Malecon 1982 4,5l 40% MAXI - rumicon.sk\",\"isPartOf\":{\"@id\":\"https:\/\/www.rumicon.sk\/hu\/#website\"},\"primaryImageOfPage\":{\"@id\":\"https:\/\/www.rumicon.sk\/hu\/produkt\/rum-malecon-1982-45l-40-maxi\/#primaryimage\"},\"image\":{\"@id\":\"https:\/\/www.rumicon.sk\/hu\/produkt\/rum-malecon-1982-45l-40-maxi\/#primaryimage\"},\"thumbnailUrl\":\"https:\/\/www.rumicon.sk\/wp-content\/uploads\/Malecon-Esplendida-1982-MAXI.jpg\",\"datePublished\":\"2022-11-11T07:25:04+00:00\",\"dateModified\":\"2024-10-08T11:01:08+00:00\",\"breadcrumb\":{\"@id\":\"https:\/\/www.rumicon.sk\/hu\/produkt\/rum-malecon-1982-45l-40-maxi\/#breadcrumb\"},\"inLanguage\":\"hu\",\"potentialAction\":[{\"@type\":\"ReadAction\",\"target\":[\"https:\/\/www.rumicon.sk\/hu\/produkt\/rum-malecon-1982-45l-40-maxi\/\"]}]},{\"@type\":\"ImageObject\",\"inLanguage\":\"hu\",\"@id\":\"https:\/\/www.rumicon.sk\/hu\/produkt\/rum-malecon-1982-45l-40-maxi\/#primaryimage\",\"url\":\"https:\/\/www.rumicon.sk\/wp-content\/uploads\/Malecon-Esplendida-1982-MAXI.jpg\",\"contentUrl\":\"https:\/\/www.rumicon.sk\/wp-content\/uploads\/Malecon-Esplendida-1982-MAXI.jpg\",\"width\":1600,\"height\":1600},{\"@type\":\"BreadcrumbList\",\"@id\":\"https:\/\/www.rumicon.sk\/hu\/produkt\/rum-malecon-1982-45l-40-maxi\/#breadcrumb\",\"itemListElement\":[{\"@type\":\"ListItem\",\"position\":1,\"name\":\"Home\",\"item\":\"https:\/\/www.rumicon.sk\/hu\/home\/\"},{\"@type\":\"ListItem\",\"position\":2,\"name\":\"Web\u00e1ruh\u00e1z\",\"item\":\"https:\/\/www.rumicon.sk\/hu\/webaruhaz\/\"},{\"@type\":\"ListItem\",\"position\":3,\"name\":\"Rum Malecon 1982 4,5l 40% MAXI\"}]},{\"@type\":\"WebSite\",\"@id\":\"https:\/\/www.rumicon.sk\/hu\/#website\",\"url\":\"https:\/\/www.rumicon.sk\/hu\/\",\"name\":\"rumicon.sk\",\"description\":\"\",\"publisher\":{\"@id\":\"https:\/\/www.rumicon.sk\/hu\/#organization\"},\"potentialAction\":[{\"@type\":\"SearchAction\",\"target\":{\"@type\":\"EntryPoint\",\"urlTemplate\":\"https:\/\/www.rumicon.sk\/hu\/?s={search_term_string}\"},\"query-input\":{\"@type\":\"PropertyValueSpecification\",\"valueRequired\":true,\"valueName\":\"search_term_string\"}}],\"inLanguage\":\"hu\"},{\"@type\":\"Organization\",\"@id\":\"https:\/\/www.rumicon.sk\/hu\/#organization\",\"name\":\"rumicon.sk\",\"url\":\"https:\/\/www.rumicon.sk\/hu\/\",\"logo\":{\"@type\":\"ImageObject\",\"inLanguage\":\"hu\",\"@id\":\"https:\/\/www.rumicon.sk\/hu\/#\/schema\/logo\/image\/\",\"url\":\"https:\/\/www.rumicon.sk\/wp-content\/uploads\/logo-rumicon-bcs-color.png\",\"contentUrl\":\"https:\/\/www.rumicon.sk\/wp-content\/uploads\/logo-rumicon-bcs-color.png\",\"width\":827,\"height\":278,\"caption\":\"rumicon.sk\"},\"image\":{\"@id\":\"https:\/\/www.rumicon.sk\/hu\/#\/schema\/logo\/image\/\"},\"sameAs\":[\"https:\/\/www.facebook.com\/people\/Rumicon-Bottle-Cigar-Shop\/100087110283303\/\",\"https:\/\/www.instagram.com\/rumicon_bottle_cigar_shop\/\",\"https:\/\/www.tiktok.com\/@rumicon2022\"]}]}<\/script>\n<!-- \/ Yoast SEO plugin. -->","yoast_head_json":{"title":"Rum Malecon 1982 4,5l 40% MAXI - rumicon.sk","robots":{"index":"index","follow":"follow","max-snippet":"max-snippet:-1","max-image-preview":"max-image-preview:large","max-video-preview":"max-video-preview:-1"},"canonical":"https:\/\/www.rumicon.sk\/hu\/produkt\/rum-malecon-1982-45l-40-maxi\/","og_locale":"hu_HU","og_type":"article","og_title":"Rum Malecon 1982 4,5l 40% MAXI - rumicon.sk","og_description":"A Malecon Esplendida 1982 egy \u00e9rlelt panamai rum a Malecon Seleccion Esplendida term\u00e9kcsal\u00e1dj\u00e1b\u00f3l, amely a Panam\u00e1ban gy\u00e1rtott rum k\u00fcl\u00f6nb\u00f6z\u0151 \u00e9vj\u00e1ratait mutatja be, a kubai gy\u00e1rt\u00e1si technik\u00e1k \u00e1ltal inspir\u00e1lva. Ezt a rumot 1982-ben desztill\u00e1lt\u00e1k.","og_url":"https:\/\/www.rumicon.sk\/hu\/produkt\/rum-malecon-1982-45l-40-maxi\/","og_site_name":"rumicon.sk","article_publisher":"https:\/\/www.facebook.com\/people\/Rumicon-Bottle-Cigar-Shop\/100087110283303\/","article_modified_time":"2024-10-08T11:01:08+00:00","og_image":[{"width":1600,"height":1600,"url":"https:\/\/www.rumicon.sk\/wp-content\/uploads\/Malecon-Esplendida-1982-MAXI.jpg","type":"image\/jpeg"}],"twitter_card":"summary_large_image","schema":{"@context":"https:\/\/schema.org","@graph":[{"@type":"WebPage","@id":"https:\/\/www.rumicon.sk\/hu\/produkt\/rum-malecon-1982-45l-40-maxi\/","url":"https:\/\/www.rumicon.sk\/hu\/produkt\/rum-malecon-1982-45l-40-maxi\/","name":"Rum Malecon 1982 4,5l 40% MAXI - rumicon.sk","isPartOf":{"@id":"https:\/\/www.rumicon.sk\/hu\/#website"},"primaryImageOfPage":{"@id":"https:\/\/www.rumicon.sk\/hu\/produkt\/rum-malecon-1982-45l-40-maxi\/#primaryimage"},"image":{"@id":"https:\/\/www.rumicon.sk\/hu\/produkt\/rum-malecon-1982-45l-40-maxi\/#primaryimage"},"thumbnailUrl":"https:\/\/www.rumicon.sk\/wp-content\/uploads\/Malecon-Esplendida-1982-MAXI.jpg","datePublished":"2022-11-11T07:25:04+00:00","dateModified":"2024-10-08T11:01:08+00:00","breadcrumb":{"@id":"https:\/\/www.rumicon.sk\/hu\/produkt\/rum-malecon-1982-45l-40-maxi\/#breadcrumb"},"inLanguage":"hu","potentialAction":[{"@type":"ReadAction","target":["https:\/\/www.rumicon.sk\/hu\/produkt\/rum-malecon-1982-45l-40-maxi\/"]}]},{"@type":"ImageObject","inLanguage":"hu","@id":"https:\/\/www.rumicon.sk\/hu\/produkt\/rum-malecon-1982-45l-40-maxi\/#primaryimage","url":"https:\/\/www.rumicon.sk\/wp-content\/uploads\/Malecon-Esplendida-1982-MAXI.jpg","contentUrl":"https:\/\/www.rumicon.sk\/wp-content\/uploads\/Malecon-Esplendida-1982-MAXI.jpg","width":1600,"height":1600},{"@type":"BreadcrumbList","@id":"https:\/\/www.rumicon.sk\/hu\/produkt\/rum-malecon-1982-45l-40-maxi\/#breadcrumb","itemListElement":[{"@type":"ListItem","position":1,"name":"Home","item":"https:\/\/www.rumicon.sk\/hu\/home\/"},{"@type":"ListItem","position":2,"name":"Web\u00e1ruh\u00e1z","item":"https:\/\/www.rumicon.sk\/hu\/webaruhaz\/"},{"@type":"ListItem","position":3,"name":"Rum Malecon 1982 4,5l 40% MAXI"}]},{"@type":"WebSite","@id":"https:\/\/www.rumicon.sk\/hu\/#website","url":"https:\/\/www.rumicon.sk\/hu\/","name":"rumicon.sk","description":"","publisher":{"@id":"https:\/\/www.rumicon.sk\/hu\/#organization"},"potentialAction":[{"@type":"SearchAction","target":{"@type":"EntryPoint","urlTemplate":"https:\/\/www.rumicon.sk\/hu\/?s={search_term_string}"},"query-input":{"@type":"PropertyValueSpecification","valueRequired":true,"valueName":"search_term_string"}}],"inLanguage":"hu"},{"@type":"Organization","@id":"https:\/\/www.rumicon.sk\/hu\/#organization","name":"rumicon.sk","url":"https:\/\/www.rumicon.sk\/hu\/","logo":{"@type":"ImageObject","inLanguage":"hu","@id":"https:\/\/www.rumicon.sk\/hu\/#\/schema\/logo\/image\/","url":"https:\/\/www.rumicon.sk\/wp-content\/uploads\/logo-rumicon-bcs-color.png","contentUrl":"https:\/\/www.rumicon.sk\/wp-content\/uploads\/logo-rumicon-bcs-color.png","width":827,"height":278,"caption":"rumicon.sk"},"image":{"@id":"https:\/\/www.rumicon.sk\/hu\/#\/schema\/logo\/image\/"},"sameAs":["https:\/\/www.facebook.com\/people\/Rumicon-Bottle-Cigar-Shop\/100087110283303\/","https:\/\/www.instagram.com\/rumicon_bottle_cigar_shop\/","https:\/\/www.tiktok.com\/@rumicon2022"]}]}},"_links":{"self":[{"href":"https:\/\/www.rumicon.sk\/hu\/wp-json\/wp\/v2\/product\/5535","targetHints":{"allow":["GET"]}}],"collection":[{"href":"https:\/\/www.rumicon.sk\/hu\/wp-json\/wp\/v2\/product"}],"about":[{"href":"https:\/\/www.rumicon.sk\/hu\/wp-json\/wp\/v2\/types\/product"}],"replies":[{"embeddable":true,"href":"https:\/\/www.rumicon.sk\/hu\/wp-json\/wp\/v2\/comments?post=5535"}],"wp:featuredmedia":[{"embeddable":true,"href":"https:\/\/www.rumicon.sk\/hu\/wp-json\/wp\/v2\/media\/5537"}],"wp:attachment":[{"href":"https:\/\/www.rumicon.sk\/hu\/wp-json\/wp\/v2\/media?parent=5535"}],"wp:term":[{"taxonomy":"product_brand","embeddable":true,"href":"https:\/\/www.rumicon.sk\/hu\/wp-json\/wp\/v2\/product_brand?post=5535"},{"taxonomy":"product_cat","embeddable":true,"href":"https:\/\/www.rumicon.sk\/hu\/wp-json\/wp\/v2\/product_cat?post=5535"},{"taxonomy":"product_tag","embeddable":true,"href":"https:\/\/www.rumicon.sk\/hu\/wp-json\/wp\/v2\/product_tag?post=5535"}],"curies":[{"name":"wp","href":"https:\/\/api.w.org\/{rel}","templated":true}]}}