{"id":5505,"date":"2023-04-06T12:14:57","date_gmt":"2023-04-06T10:14:57","guid":{"rendered":"https:\/\/www.rumicon.sk\/produkt\/vollereaux-rose-de-saignee-brut-12-075l\/"},"modified":"2025-08-14T11:42:10","modified_gmt":"2025-08-14T09:42:10","slug":"vollereaux-rose-de-saignee-brut-12-075l","status":"publish","type":"product","link":"https:\/\/www.rumicon.sk\/hu\/produkt\/vollereaux-rose-de-saignee-brut-12-075l\/","title":{"rendered":"Vollereaux Ros\u00e9 de Saigne\u00e9 Brut 12% 0,75l"},"content":{"rendered":"<p>Sz\u00edn: m\u00e1lna, finom narancsos jegyekkel Illat: l\u00e1gy, gy\u00fcm\u00f6lcs\u00f6s, r\u00e9gi fa, p\u00e9ks\u00fctem\u00e9ny, van\u00edlia \u00cdz: friss, piros gy\u00fcm\u00f6lcs\u00f6k, eper, fa Finish: hossz\u00fa, enyh\u00e9n meleg\u00edt\u0151, gy\u00fcm\u00f6lcs\u00f6s.<\/p>\n","protected":false},"excerpt":{"rendered":"<p>A Ros\u00e9 de Saign\u00e9e Brut egy sz\u00e1raz francia pezsg\u0151 a Champagne r\u00e9gi\u00f3b\u00f3l sz\u00e1rmaz\u00f3 Vollereaux m\u00e1rk\u00e1t\u00f3l. Finom bubor\u00e9ktartalm\u00fa, \u00e9s a poh\u00e1rba t\u00f6ltve nagyon kellemes \u00e9s s\u0171r\u0171 habot k\u00e9pez. 100%-ban a Pinot Noir sz\u0151l\u0151fajt\u00e1b\u00f3l k\u00e9sz\u00fcl. Ezt a pezsg\u0151t 3 \u00e9vig \u00e9rlelik.   <\/p>\n","protected":false},"featured_media":5508,"comment_status":"closed","ping_status":"closed","template":"","meta":{"_acf_changed":false},"product_brand":[],"product_cat":[580,581],"product_tag":[948,746],"class_list":{"0":"post-5505","1":"product","2":"type-product","3":"status-publish","4":"has-post-thumbnail","6":"product_cat-champagne-prosecco-hu","7":"product_cat-pezsgo","8":"product_tag-franciaorszag-pezsgo-es-prosecco","9":"product_tag-vollereaux-hu","10":"pa_druh-alkoholu-pezsgo","11":"pa_krajina-povodu-franciaorszag","12":"pa_objem-075-l-hu","13":"pa_obsah-alkoholu-12-hu","14":"pa_znacka-vollereaux-hu","16":"first","17":"outofstock","18":"taxable","19":"shipping-taxable","20":"purchasable","21":"product-type-simple"},"acf":[],"yoast_head":"<!-- This site is optimized with the Yoast SEO plugin v27.0 - https:\/\/yoast.com\/product\/yoast-seo-wordpress\/ -->\n<title>Vollereaux Ros\u00e9 de Saigne\u00e9 Brut 12% 0,75l - rumicon.sk<\/title>\n<meta name=\"robots\" content=\"index, follow, max-snippet:-1, max-image-preview:large, max-video-preview:-1\" \/>\n<link rel=\"canonical\" href=\"https:\/\/www.rumicon.sk\/hu\/produkt\/vollereaux-rose-de-saignee-brut-12-075l\/\" \/>\n<meta property=\"og:locale\" content=\"hu_HU\" \/>\n<meta property=\"og:type\" content=\"article\" \/>\n<meta property=\"og:title\" content=\"Vollereaux Ros\u00e9 de Saigne\u00e9 Brut 12% 0,75l - rumicon.sk\" \/>\n<meta property=\"og:description\" content=\"A Ros\u00e9 de Saign\u00e9e Brut egy sz\u00e1raz francia pezsg\u0151 a Champagne r\u00e9gi\u00f3b\u00f3l sz\u00e1rmaz\u00f3 Vollereaux m\u00e1rk\u00e1t\u00f3l. Finom bubor\u00e9ktartalm\u00fa, \u00e9s a poh\u00e1rba t\u00f6ltve nagyon kellemes \u00e9s s\u0171r\u0171 habot k\u00e9pez. 100%-ban a Pinot Noir sz\u0151l\u0151fajt\u00e1b\u00f3l k\u00e9sz\u00fcl. Ezt a pezsg\u0151t 3 \u00e9vig \u00e9rlelik.\" \/>\n<meta property=\"og:url\" content=\"https:\/\/www.rumicon.sk\/hu\/produkt\/vollereaux-rose-de-saignee-brut-12-075l\/\" \/>\n<meta property=\"og:site_name\" content=\"rumicon.sk\" \/>\n<meta property=\"article:publisher\" content=\"https:\/\/www.facebook.com\/people\/Rumicon-Bottle-Cigar-Shop\/100087110283303\/\" \/>\n<meta property=\"article:modified_time\" content=\"2025-08-14T09:42:10+00:00\" \/>\n<meta property=\"og:image\" content=\"https:\/\/www.rumicon.sk\/wp-content\/uploads\/vollereaux-rose.jpg\" \/>\n\t<meta property=\"og:image:width\" content=\"1600\" \/>\n\t<meta property=\"og:image:height\" content=\"1600\" \/>\n\t<meta property=\"og:image:type\" content=\"image\/jpeg\" \/>\n<meta name=\"twitter:card\" content=\"summary_large_image\" \/>\n<script type=\"application\/ld+json\" class=\"yoast-schema-graph\">{\"@context\":\"https:\/\/schema.org\",\"@graph\":[{\"@type\":\"WebPage\",\"@id\":\"https:\/\/www.rumicon.sk\/hu\/produkt\/vollereaux-rose-de-saignee-brut-12-075l\/\",\"url\":\"https:\/\/www.rumicon.sk\/hu\/produkt\/vollereaux-rose-de-saignee-brut-12-075l\/\",\"name\":\"Vollereaux Ros\u00e9 de Saigne\u00e9 Brut 12% 0,75l - rumicon.sk\",\"isPartOf\":{\"@id\":\"https:\/\/www.rumicon.sk\/hu\/#website\"},\"primaryImageOfPage\":{\"@id\":\"https:\/\/www.rumicon.sk\/hu\/produkt\/vollereaux-rose-de-saignee-brut-12-075l\/#primaryimage\"},\"image\":{\"@id\":\"https:\/\/www.rumicon.sk\/hu\/produkt\/vollereaux-rose-de-saignee-brut-12-075l\/#primaryimage\"},\"thumbnailUrl\":\"https:\/\/www.rumicon.sk\/wp-content\/uploads\/vollereaux-rose.jpg\",\"datePublished\":\"2023-04-06T10:14:57+00:00\",\"dateModified\":\"2025-08-14T09:42:10+00:00\",\"breadcrumb\":{\"@id\":\"https:\/\/www.rumicon.sk\/hu\/produkt\/vollereaux-rose-de-saignee-brut-12-075l\/#breadcrumb\"},\"inLanguage\":\"hu\",\"potentialAction\":[{\"@type\":\"ReadAction\",\"target\":[\"https:\/\/www.rumicon.sk\/hu\/produkt\/vollereaux-rose-de-saignee-brut-12-075l\/\"]}]},{\"@type\":\"ImageObject\",\"inLanguage\":\"hu\",\"@id\":\"https:\/\/www.rumicon.sk\/hu\/produkt\/vollereaux-rose-de-saignee-brut-12-075l\/#primaryimage\",\"url\":\"https:\/\/www.rumicon.sk\/wp-content\/uploads\/vollereaux-rose.jpg\",\"contentUrl\":\"https:\/\/www.rumicon.sk\/wp-content\/uploads\/vollereaux-rose.jpg\",\"width\":1600,\"height\":1600},{\"@type\":\"BreadcrumbList\",\"@id\":\"https:\/\/www.rumicon.sk\/hu\/produkt\/vollereaux-rose-de-saignee-brut-12-075l\/#breadcrumb\",\"itemListElement\":[{\"@type\":\"ListItem\",\"position\":1,\"name\":\"Home\",\"item\":\"https:\/\/www.rumicon.sk\/hu\/home\/\"},{\"@type\":\"ListItem\",\"position\":2,\"name\":\"Web\u00e1ruh\u00e1z\",\"item\":\"https:\/\/www.rumicon.sk\/hu\/webaruhaz\/\"},{\"@type\":\"ListItem\",\"position\":3,\"name\":\"Vollereaux Ros\u00e9 de Saigne\u00e9 Brut 12% 0,75l\"}]},{\"@type\":\"WebSite\",\"@id\":\"https:\/\/www.rumicon.sk\/hu\/#website\",\"url\":\"https:\/\/www.rumicon.sk\/hu\/\",\"name\":\"rumicon.sk\",\"description\":\"\",\"publisher\":{\"@id\":\"https:\/\/www.rumicon.sk\/hu\/#organization\"},\"potentialAction\":[{\"@type\":\"SearchAction\",\"target\":{\"@type\":\"EntryPoint\",\"urlTemplate\":\"https:\/\/www.rumicon.sk\/hu\/?s={search_term_string}\"},\"query-input\":{\"@type\":\"PropertyValueSpecification\",\"valueRequired\":true,\"valueName\":\"search_term_string\"}}],\"inLanguage\":\"hu\"},{\"@type\":\"Organization\",\"@id\":\"https:\/\/www.rumicon.sk\/hu\/#organization\",\"name\":\"rumicon.sk\",\"url\":\"https:\/\/www.rumicon.sk\/hu\/\",\"logo\":{\"@type\":\"ImageObject\",\"inLanguage\":\"hu\",\"@id\":\"https:\/\/www.rumicon.sk\/hu\/#\/schema\/logo\/image\/\",\"url\":\"https:\/\/www.rumicon.sk\/wp-content\/uploads\/logo-rumicon-bcs-color.png\",\"contentUrl\":\"https:\/\/www.rumicon.sk\/wp-content\/uploads\/logo-rumicon-bcs-color.png\",\"width\":827,\"height\":278,\"caption\":\"rumicon.sk\"},\"image\":{\"@id\":\"https:\/\/www.rumicon.sk\/hu\/#\/schema\/logo\/image\/\"},\"sameAs\":[\"https:\/\/www.facebook.com\/people\/Rumicon-Bottle-Cigar-Shop\/100087110283303\/\",\"https:\/\/www.instagram.com\/rumicon_bottle_cigar_shop\/\",\"https:\/\/www.tiktok.com\/@rumicon2022\"]}]}<\/script>\n<!-- \/ Yoast SEO plugin. -->","yoast_head_json":{"title":"Vollereaux Ros\u00e9 de Saigne\u00e9 Brut 12% 0,75l - rumicon.sk","robots":{"index":"index","follow":"follow","max-snippet":"max-snippet:-1","max-image-preview":"max-image-preview:large","max-video-preview":"max-video-preview:-1"},"canonical":"https:\/\/www.rumicon.sk\/hu\/produkt\/vollereaux-rose-de-saignee-brut-12-075l\/","og_locale":"hu_HU","og_type":"article","og_title":"Vollereaux Ros\u00e9 de Saigne\u00e9 Brut 12% 0,75l - rumicon.sk","og_description":"A Ros\u00e9 de Saign\u00e9e Brut egy sz\u00e1raz francia pezsg\u0151 a Champagne r\u00e9gi\u00f3b\u00f3l sz\u00e1rmaz\u00f3 Vollereaux m\u00e1rk\u00e1t\u00f3l. Finom bubor\u00e9ktartalm\u00fa, \u00e9s a poh\u00e1rba t\u00f6ltve nagyon kellemes \u00e9s s\u0171r\u0171 habot k\u00e9pez. 100%-ban a Pinot Noir sz\u0151l\u0151fajt\u00e1b\u00f3l k\u00e9sz\u00fcl. Ezt a pezsg\u0151t 3 \u00e9vig \u00e9rlelik.","og_url":"https:\/\/www.rumicon.sk\/hu\/produkt\/vollereaux-rose-de-saignee-brut-12-075l\/","og_site_name":"rumicon.sk","article_publisher":"https:\/\/www.facebook.com\/people\/Rumicon-Bottle-Cigar-Shop\/100087110283303\/","article_modified_time":"2025-08-14T09:42:10+00:00","og_image":[{"width":1600,"height":1600,"url":"https:\/\/www.rumicon.sk\/wp-content\/uploads\/vollereaux-rose.jpg","type":"image\/jpeg"}],"twitter_card":"summary_large_image","schema":{"@context":"https:\/\/schema.org","@graph":[{"@type":"WebPage","@id":"https:\/\/www.rumicon.sk\/hu\/produkt\/vollereaux-rose-de-saignee-brut-12-075l\/","url":"https:\/\/www.rumicon.sk\/hu\/produkt\/vollereaux-rose-de-saignee-brut-12-075l\/","name":"Vollereaux Ros\u00e9 de Saigne\u00e9 Brut 12% 0,75l - rumicon.sk","isPartOf":{"@id":"https:\/\/www.rumicon.sk\/hu\/#website"},"primaryImageOfPage":{"@id":"https:\/\/www.rumicon.sk\/hu\/produkt\/vollereaux-rose-de-saignee-brut-12-075l\/#primaryimage"},"image":{"@id":"https:\/\/www.rumicon.sk\/hu\/produkt\/vollereaux-rose-de-saignee-brut-12-075l\/#primaryimage"},"thumbnailUrl":"https:\/\/www.rumicon.sk\/wp-content\/uploads\/vollereaux-rose.jpg","datePublished":"2023-04-06T10:14:57+00:00","dateModified":"2025-08-14T09:42:10+00:00","breadcrumb":{"@id":"https:\/\/www.rumicon.sk\/hu\/produkt\/vollereaux-rose-de-saignee-brut-12-075l\/#breadcrumb"},"inLanguage":"hu","potentialAction":[{"@type":"ReadAction","target":["https:\/\/www.rumicon.sk\/hu\/produkt\/vollereaux-rose-de-saignee-brut-12-075l\/"]}]},{"@type":"ImageObject","inLanguage":"hu","@id":"https:\/\/www.rumicon.sk\/hu\/produkt\/vollereaux-rose-de-saignee-brut-12-075l\/#primaryimage","url":"https:\/\/www.rumicon.sk\/wp-content\/uploads\/vollereaux-rose.jpg","contentUrl":"https:\/\/www.rumicon.sk\/wp-content\/uploads\/vollereaux-rose.jpg","width":1600,"height":1600},{"@type":"BreadcrumbList","@id":"https:\/\/www.rumicon.sk\/hu\/produkt\/vollereaux-rose-de-saignee-brut-12-075l\/#breadcrumb","itemListElement":[{"@type":"ListItem","position":1,"name":"Home","item":"https:\/\/www.rumicon.sk\/hu\/home\/"},{"@type":"ListItem","position":2,"name":"Web\u00e1ruh\u00e1z","item":"https:\/\/www.rumicon.sk\/hu\/webaruhaz\/"},{"@type":"ListItem","position":3,"name":"Vollereaux Ros\u00e9 de Saigne\u00e9 Brut 12% 0,75l"}]},{"@type":"WebSite","@id":"https:\/\/www.rumicon.sk\/hu\/#website","url":"https:\/\/www.rumicon.sk\/hu\/","name":"rumicon.sk","description":"","publisher":{"@id":"https:\/\/www.rumicon.sk\/hu\/#organization"},"potentialAction":[{"@type":"SearchAction","target":{"@type":"EntryPoint","urlTemplate":"https:\/\/www.rumicon.sk\/hu\/?s={search_term_string}"},"query-input":{"@type":"PropertyValueSpecification","valueRequired":true,"valueName":"search_term_string"}}],"inLanguage":"hu"},{"@type":"Organization","@id":"https:\/\/www.rumicon.sk\/hu\/#organization","name":"rumicon.sk","url":"https:\/\/www.rumicon.sk\/hu\/","logo":{"@type":"ImageObject","inLanguage":"hu","@id":"https:\/\/www.rumicon.sk\/hu\/#\/schema\/logo\/image\/","url":"https:\/\/www.rumicon.sk\/wp-content\/uploads\/logo-rumicon-bcs-color.png","contentUrl":"https:\/\/www.rumicon.sk\/wp-content\/uploads\/logo-rumicon-bcs-color.png","width":827,"height":278,"caption":"rumicon.sk"},"image":{"@id":"https:\/\/www.rumicon.sk\/hu\/#\/schema\/logo\/image\/"},"sameAs":["https:\/\/www.facebook.com\/people\/Rumicon-Bottle-Cigar-Shop\/100087110283303\/","https:\/\/www.instagram.com\/rumicon_bottle_cigar_shop\/","https:\/\/www.tiktok.com\/@rumicon2022"]}]}},"_links":{"self":[{"href":"https:\/\/www.rumicon.sk\/hu\/wp-json\/wp\/v2\/product\/5505","targetHints":{"allow":["GET"]}}],"collection":[{"href":"https:\/\/www.rumicon.sk\/hu\/wp-json\/wp\/v2\/product"}],"about":[{"href":"https:\/\/www.rumicon.sk\/hu\/wp-json\/wp\/v2\/types\/product"}],"replies":[{"embeddable":true,"href":"https:\/\/www.rumicon.sk\/hu\/wp-json\/wp\/v2\/comments?post=5505"}],"wp:featuredmedia":[{"embeddable":true,"href":"https:\/\/www.rumicon.sk\/hu\/wp-json\/wp\/v2\/media\/5508"}],"wp:attachment":[{"href":"https:\/\/www.rumicon.sk\/hu\/wp-json\/wp\/v2\/media?parent=5505"}],"wp:term":[{"taxonomy":"product_brand","embeddable":true,"href":"https:\/\/www.rumicon.sk\/hu\/wp-json\/wp\/v2\/product_brand?post=5505"},{"taxonomy":"product_cat","embeddable":true,"href":"https:\/\/www.rumicon.sk\/hu\/wp-json\/wp\/v2\/product_cat?post=5505"},{"taxonomy":"product_tag","embeddable":true,"href":"https:\/\/www.rumicon.sk\/hu\/wp-json\/wp\/v2\/product_tag?post=5505"}],"curies":[{"name":"wp","href":"https:\/\/api.w.org\/{rel}","templated":true}]}}