{"id":5498,"date":"2023-04-06T11:00:31","date_gmt":"2023-04-06T09:00:31","guid":{"rendered":"https:\/\/www.rumicon.sk\/produkt\/rum-plantation-original-dark-1l-40\/"},"modified":"2025-08-14T11:42:09","modified_gmt":"2025-08-14T09:42:09","slug":"rum-plantation-original-dark-1l-40","status":"publish","type":"product","link":"https:\/\/www.rumicon.sk\/hu\/produkt\/rum-plantation-original-dark-1l-40\/","title":{"rendered":"Rum Plantation Original Dark 1l 40%"},"content":{"rendered":"<p>Illat: \u00e9des \u00cdz: van\u00edlia, gy\u00fcm\u00f6lcs, szegf\u0171szeg Befejez\u00e9s: sima, \u00e9des<\/p>\n","protected":false},"excerpt":{"rendered":"<p>A jamaicai \u00e9s barbadosi gazdag \u00e9s intenz\u00edv st\u00edlus, szilva, ban\u00e1n \u00e9s van\u00edlia jegyeivel, a Franciaorsz\u00e1gban t\u00f6rt\u00e9n\u0151 tov\u00e1bbi \u00e9rlel\u00e9ssel tov\u00e1bb fokoz\u00f3dik.<\/p>\n","protected":false},"featured_media":10262,"comment_status":"closed","ping_status":"closed","template":"","meta":{"_acf_changed":false},"product_brand":[],"product_cat":[483,485],"product_tag":[490],"class_list":{"0":"post-5498","1":"product","2":"type-product","3":"status-publish","4":"has-post-thumbnail","6":"product_cat-rum-hu","7":"product_cat-sotet-rum","8":"product_tag-plantation-hu","9":"pa_druh-alkoholu-sotet-rum","10":"pa_krajina-povodu-barbados-hu","11":"pa_objem-1l-hu","12":"pa_obsah-alkoholu-40-hu","13":"pa_znacka-plantation-hu","15":"first","16":"instock","17":"taxable","18":"shipping-taxable","19":"purchasable","20":"product-type-simple"},"acf":[],"yoast_head":"<!-- This site is optimized with the Yoast SEO plugin v27.0 - https:\/\/yoast.com\/product\/yoast-seo-wordpress\/ -->\n<title>Rum Plantation Original Dark 1l 40% - rumicon.sk<\/title>\n<meta name=\"robots\" content=\"index, follow, max-snippet:-1, max-image-preview:large, max-video-preview:-1\" \/>\n<link rel=\"canonical\" href=\"https:\/\/www.rumicon.sk\/hu\/produkt\/rum-plantation-original-dark-1l-40\/\" \/>\n<meta property=\"og:locale\" content=\"hu_HU\" \/>\n<meta property=\"og:type\" content=\"article\" \/>\n<meta property=\"og:title\" content=\"Rum Plantation Original Dark 1l 40% - rumicon.sk\" \/>\n<meta property=\"og:description\" content=\"A jamaicai \u00e9s barbadosi gazdag \u00e9s intenz\u00edv st\u00edlus, szilva, ban\u00e1n \u00e9s van\u00edlia jegyeivel, a Franciaorsz\u00e1gban t\u00f6rt\u00e9n\u0151 tov\u00e1bbi \u00e9rlel\u00e9ssel tov\u00e1bb fokoz\u00f3dik.\" \/>\n<meta property=\"og:url\" content=\"https:\/\/www.rumicon.sk\/hu\/produkt\/rum-plantation-original-dark-1l-40\/\" \/>\n<meta property=\"og:site_name\" content=\"rumicon.sk\" \/>\n<meta property=\"article:publisher\" content=\"https:\/\/www.facebook.com\/people\/Rumicon-Bottle-Cigar-Shop\/100087110283303\/\" \/>\n<meta property=\"article:modified_time\" content=\"2025-08-14T09:42:09+00:00\" \/>\n<meta property=\"og:image\" content=\"https:\/\/www.rumicon.sk\/wp-content\/uploads\/original-Dark.webp\" \/>\n\t<meta property=\"og:image:width\" content=\"450\" \/>\n\t<meta property=\"og:image:height\" content=\"450\" \/>\n\t<meta property=\"og:image:type\" content=\"image\/webp\" \/>\n<meta name=\"twitter:card\" content=\"summary_large_image\" \/>\n<script type=\"application\/ld+json\" class=\"yoast-schema-graph\">{\"@context\":\"https:\/\/schema.org\",\"@graph\":[{\"@type\":\"WebPage\",\"@id\":\"https:\/\/www.rumicon.sk\/hu\/produkt\/rum-plantation-original-dark-1l-40\/\",\"url\":\"https:\/\/www.rumicon.sk\/hu\/produkt\/rum-plantation-original-dark-1l-40\/\",\"name\":\"Rum Plantation Original Dark 1l 40% - rumicon.sk\",\"isPartOf\":{\"@id\":\"https:\/\/www.rumicon.sk\/hu\/#website\"},\"primaryImageOfPage\":{\"@id\":\"https:\/\/www.rumicon.sk\/hu\/produkt\/rum-plantation-original-dark-1l-40\/#primaryimage\"},\"image\":{\"@id\":\"https:\/\/www.rumicon.sk\/hu\/produkt\/rum-plantation-original-dark-1l-40\/#primaryimage\"},\"thumbnailUrl\":\"https:\/\/www.rumicon.sk\/wp-content\/uploads\/original-Dark.webp\",\"datePublished\":\"2023-04-06T09:00:31+00:00\",\"dateModified\":\"2025-08-14T09:42:09+00:00\",\"breadcrumb\":{\"@id\":\"https:\/\/www.rumicon.sk\/hu\/produkt\/rum-plantation-original-dark-1l-40\/#breadcrumb\"},\"inLanguage\":\"hu\",\"potentialAction\":[{\"@type\":\"ReadAction\",\"target\":[\"https:\/\/www.rumicon.sk\/hu\/produkt\/rum-plantation-original-dark-1l-40\/\"]}]},{\"@type\":\"ImageObject\",\"inLanguage\":\"hu\",\"@id\":\"https:\/\/www.rumicon.sk\/hu\/produkt\/rum-plantation-original-dark-1l-40\/#primaryimage\",\"url\":\"https:\/\/www.rumicon.sk\/wp-content\/uploads\/original-Dark.webp\",\"contentUrl\":\"https:\/\/www.rumicon.sk\/wp-content\/uploads\/original-Dark.webp\",\"width\":450,\"height\":450},{\"@type\":\"BreadcrumbList\",\"@id\":\"https:\/\/www.rumicon.sk\/hu\/produkt\/rum-plantation-original-dark-1l-40\/#breadcrumb\",\"itemListElement\":[{\"@type\":\"ListItem\",\"position\":1,\"name\":\"Home\",\"item\":\"https:\/\/www.rumicon.sk\/hu\/home\/\"},{\"@type\":\"ListItem\",\"position\":2,\"name\":\"Web\u00e1ruh\u00e1z\",\"item\":\"https:\/\/www.rumicon.sk\/hu\/webaruhaz\/\"},{\"@type\":\"ListItem\",\"position\":3,\"name\":\"Rum Plantation Original Dark 1l 40%\"}]},{\"@type\":\"WebSite\",\"@id\":\"https:\/\/www.rumicon.sk\/hu\/#website\",\"url\":\"https:\/\/www.rumicon.sk\/hu\/\",\"name\":\"rumicon.sk\",\"description\":\"\",\"publisher\":{\"@id\":\"https:\/\/www.rumicon.sk\/hu\/#organization\"},\"potentialAction\":[{\"@type\":\"SearchAction\",\"target\":{\"@type\":\"EntryPoint\",\"urlTemplate\":\"https:\/\/www.rumicon.sk\/hu\/?s={search_term_string}\"},\"query-input\":{\"@type\":\"PropertyValueSpecification\",\"valueRequired\":true,\"valueName\":\"search_term_string\"}}],\"inLanguage\":\"hu\"},{\"@type\":\"Organization\",\"@id\":\"https:\/\/www.rumicon.sk\/hu\/#organization\",\"name\":\"rumicon.sk\",\"url\":\"https:\/\/www.rumicon.sk\/hu\/\",\"logo\":{\"@type\":\"ImageObject\",\"inLanguage\":\"hu\",\"@id\":\"https:\/\/www.rumicon.sk\/hu\/#\/schema\/logo\/image\/\",\"url\":\"https:\/\/www.rumicon.sk\/wp-content\/uploads\/logo-rumicon-bcs-color.png\",\"contentUrl\":\"https:\/\/www.rumicon.sk\/wp-content\/uploads\/logo-rumicon-bcs-color.png\",\"width\":827,\"height\":278,\"caption\":\"rumicon.sk\"},\"image\":{\"@id\":\"https:\/\/www.rumicon.sk\/hu\/#\/schema\/logo\/image\/\"},\"sameAs\":[\"https:\/\/www.facebook.com\/people\/Rumicon-Bottle-Cigar-Shop\/100087110283303\/\",\"https:\/\/www.instagram.com\/rumicon_bottle_cigar_shop\/\",\"https:\/\/www.tiktok.com\/@rumicon2022\"]}]}<\/script>\n<!-- \/ Yoast SEO plugin. -->","yoast_head_json":{"title":"Rum Plantation Original Dark 1l 40% - rumicon.sk","robots":{"index":"index","follow":"follow","max-snippet":"max-snippet:-1","max-image-preview":"max-image-preview:large","max-video-preview":"max-video-preview:-1"},"canonical":"https:\/\/www.rumicon.sk\/hu\/produkt\/rum-plantation-original-dark-1l-40\/","og_locale":"hu_HU","og_type":"article","og_title":"Rum Plantation Original Dark 1l 40% - rumicon.sk","og_description":"A jamaicai \u00e9s barbadosi gazdag \u00e9s intenz\u00edv st\u00edlus, szilva, ban\u00e1n \u00e9s van\u00edlia jegyeivel, a Franciaorsz\u00e1gban t\u00f6rt\u00e9n\u0151 tov\u00e1bbi \u00e9rlel\u00e9ssel tov\u00e1bb fokoz\u00f3dik.","og_url":"https:\/\/www.rumicon.sk\/hu\/produkt\/rum-plantation-original-dark-1l-40\/","og_site_name":"rumicon.sk","article_publisher":"https:\/\/www.facebook.com\/people\/Rumicon-Bottle-Cigar-Shop\/100087110283303\/","article_modified_time":"2025-08-14T09:42:09+00:00","og_image":[{"width":450,"height":450,"url":"https:\/\/www.rumicon.sk\/wp-content\/uploads\/original-Dark.webp","type":"image\/webp"}],"twitter_card":"summary_large_image","schema":{"@context":"https:\/\/schema.org","@graph":[{"@type":"WebPage","@id":"https:\/\/www.rumicon.sk\/hu\/produkt\/rum-plantation-original-dark-1l-40\/","url":"https:\/\/www.rumicon.sk\/hu\/produkt\/rum-plantation-original-dark-1l-40\/","name":"Rum Plantation Original Dark 1l 40% - rumicon.sk","isPartOf":{"@id":"https:\/\/www.rumicon.sk\/hu\/#website"},"primaryImageOfPage":{"@id":"https:\/\/www.rumicon.sk\/hu\/produkt\/rum-plantation-original-dark-1l-40\/#primaryimage"},"image":{"@id":"https:\/\/www.rumicon.sk\/hu\/produkt\/rum-plantation-original-dark-1l-40\/#primaryimage"},"thumbnailUrl":"https:\/\/www.rumicon.sk\/wp-content\/uploads\/original-Dark.webp","datePublished":"2023-04-06T09:00:31+00:00","dateModified":"2025-08-14T09:42:09+00:00","breadcrumb":{"@id":"https:\/\/www.rumicon.sk\/hu\/produkt\/rum-plantation-original-dark-1l-40\/#breadcrumb"},"inLanguage":"hu","potentialAction":[{"@type":"ReadAction","target":["https:\/\/www.rumicon.sk\/hu\/produkt\/rum-plantation-original-dark-1l-40\/"]}]},{"@type":"ImageObject","inLanguage":"hu","@id":"https:\/\/www.rumicon.sk\/hu\/produkt\/rum-plantation-original-dark-1l-40\/#primaryimage","url":"https:\/\/www.rumicon.sk\/wp-content\/uploads\/original-Dark.webp","contentUrl":"https:\/\/www.rumicon.sk\/wp-content\/uploads\/original-Dark.webp","width":450,"height":450},{"@type":"BreadcrumbList","@id":"https:\/\/www.rumicon.sk\/hu\/produkt\/rum-plantation-original-dark-1l-40\/#breadcrumb","itemListElement":[{"@type":"ListItem","position":1,"name":"Home","item":"https:\/\/www.rumicon.sk\/hu\/home\/"},{"@type":"ListItem","position":2,"name":"Web\u00e1ruh\u00e1z","item":"https:\/\/www.rumicon.sk\/hu\/webaruhaz\/"},{"@type":"ListItem","position":3,"name":"Rum Plantation Original Dark 1l 40%"}]},{"@type":"WebSite","@id":"https:\/\/www.rumicon.sk\/hu\/#website","url":"https:\/\/www.rumicon.sk\/hu\/","name":"rumicon.sk","description":"","publisher":{"@id":"https:\/\/www.rumicon.sk\/hu\/#organization"},"potentialAction":[{"@type":"SearchAction","target":{"@type":"EntryPoint","urlTemplate":"https:\/\/www.rumicon.sk\/hu\/?s={search_term_string}"},"query-input":{"@type":"PropertyValueSpecification","valueRequired":true,"valueName":"search_term_string"}}],"inLanguage":"hu"},{"@type":"Organization","@id":"https:\/\/www.rumicon.sk\/hu\/#organization","name":"rumicon.sk","url":"https:\/\/www.rumicon.sk\/hu\/","logo":{"@type":"ImageObject","inLanguage":"hu","@id":"https:\/\/www.rumicon.sk\/hu\/#\/schema\/logo\/image\/","url":"https:\/\/www.rumicon.sk\/wp-content\/uploads\/logo-rumicon-bcs-color.png","contentUrl":"https:\/\/www.rumicon.sk\/wp-content\/uploads\/logo-rumicon-bcs-color.png","width":827,"height":278,"caption":"rumicon.sk"},"image":{"@id":"https:\/\/www.rumicon.sk\/hu\/#\/schema\/logo\/image\/"},"sameAs":["https:\/\/www.facebook.com\/people\/Rumicon-Bottle-Cigar-Shop\/100087110283303\/","https:\/\/www.instagram.com\/rumicon_bottle_cigar_shop\/","https:\/\/www.tiktok.com\/@rumicon2022"]}]}},"_links":{"self":[{"href":"https:\/\/www.rumicon.sk\/hu\/wp-json\/wp\/v2\/product\/5498","targetHints":{"allow":["GET"]}}],"collection":[{"href":"https:\/\/www.rumicon.sk\/hu\/wp-json\/wp\/v2\/product"}],"about":[{"href":"https:\/\/www.rumicon.sk\/hu\/wp-json\/wp\/v2\/types\/product"}],"replies":[{"embeddable":true,"href":"https:\/\/www.rumicon.sk\/hu\/wp-json\/wp\/v2\/comments?post=5498"}],"wp:featuredmedia":[{"embeddable":true,"href":"https:\/\/www.rumicon.sk\/hu\/wp-json\/wp\/v2\/media\/10262"}],"wp:attachment":[{"href":"https:\/\/www.rumicon.sk\/hu\/wp-json\/wp\/v2\/media?parent=5498"}],"wp:term":[{"taxonomy":"product_brand","embeddable":true,"href":"https:\/\/www.rumicon.sk\/hu\/wp-json\/wp\/v2\/product_brand?post=5498"},{"taxonomy":"product_cat","embeddable":true,"href":"https:\/\/www.rumicon.sk\/hu\/wp-json\/wp\/v2\/product_cat?post=5498"},{"taxonomy":"product_tag","embeddable":true,"href":"https:\/\/www.rumicon.sk\/hu\/wp-json\/wp\/v2\/product_tag?post=5498"}],"curies":[{"name":"wp","href":"https:\/\/api.w.org\/{rel}","templated":true}]}}