{"id":5474,"date":"2023-04-06T12:15:00","date_gmt":"2023-04-06T10:15:00","guid":{"rendered":"https:\/\/www.rumicon.sk\/produkt\/keszlet-humidor-sarkany-kohiba-keramia-hamutarto\/"},"modified":"2024-10-08T13:00:18","modified_gmt":"2024-10-08T11:00:18","slug":"keszlet-humidor-sarkany-kohiba-keramia-hamutarto","status":"publish","type":"product","link":"https:\/\/www.rumicon.sk\/hu\/produkt\/keszlet-humidor-sarkany-kohiba-keramia-hamutarto\/","title":{"rendered":"k\u00e9szlet Humidor S\u00e1rk\u00e1ny + Kohiba ker\u00e1mia h..."},"content":{"rendered":"<p>Min\u0151s\u00e9gi b\u0151r utaz\u00f3t\u00e1ska s\u00e1rk\u00e1nymint\u00e1val + hordozhat\u00f3 ker\u00e1mia hamutart\u00f3.<\/p>\n","protected":false},"excerpt":{"rendered":"<p>Min\u0151s\u00e9gi b\u0151r utaz\u00f3t\u00e1ska s\u00e1rk\u00e1nymint\u00e1val + hordozhat\u00f3 ker\u00e1mia hamutart\u00f3.<\/p>\n","protected":false},"featured_media":5476,"comment_status":"closed","ping_status":"closed","template":"","meta":{"_acf_changed":false},"product_brand":[],"product_cat":[724],"product_tag":[730],"class_list":{"0":"post-5474","1":"product","2":"type-product","3":"status-publish","4":"has-post-thumbnail","6":"product_cat-szivar-kiegeszitok","7":"product_tag-cohiba-hu","8":"pa_znacka-cohiba-hu","10":"first","11":"outofstock","12":"taxable","13":"shipping-taxable","14":"purchasable","15":"product-type-simple"},"acf":[],"yoast_head":"<!-- This site is optimized with the Yoast SEO plugin v27.0 - https:\/\/yoast.com\/product\/yoast-seo-wordpress\/ -->\n<title>k\u00e9szlet Humidor S\u00e1rk\u00e1ny + Kohiba ker\u00e1mia hamutart\u00f3 - rumicon.sk<\/title>\n<meta name=\"robots\" content=\"index, follow, max-snippet:-1, max-image-preview:large, max-video-preview:-1\" \/>\n<link rel=\"canonical\" href=\"https:\/\/www.rumicon.sk\/hu\/produkt\/keszlet-humidor-sarkany-kohiba-keramia-hamutarto\/\" \/>\n<meta property=\"og:locale\" content=\"hu_HU\" \/>\n<meta property=\"og:type\" content=\"article\" \/>\n<meta property=\"og:title\" content=\"k\u00e9szlet Humidor S\u00e1rk\u00e1ny + Kohiba ker\u00e1mia hamutart\u00f3 - rumicon.sk\" \/>\n<meta property=\"og:description\" content=\"Min\u0151s\u00e9gi b\u0151r utaz\u00f3t\u00e1ska s\u00e1rk\u00e1nymint\u00e1val + hordozhat\u00f3 ker\u00e1mia hamutart\u00f3.\" \/>\n<meta property=\"og:url\" content=\"https:\/\/www.rumicon.sk\/hu\/produkt\/keszlet-humidor-sarkany-kohiba-keramia-hamutarto\/\" \/>\n<meta property=\"og:site_name\" content=\"rumicon.sk\" \/>\n<meta property=\"article:publisher\" content=\"https:\/\/www.facebook.com\/people\/Rumicon-Bottle-Cigar-Shop\/100087110283303\/\" \/>\n<meta property=\"article:modified_time\" content=\"2024-10-08T11:00:18+00:00\" \/>\n<meta property=\"og:image\" content=\"https:\/\/www.rumicon.sk\/wp-content\/uploads\/Set-Humidor-DragonCohiba-Ceramic-Ashtray.jpg\" \/>\n\t<meta property=\"og:image:width\" content=\"1600\" \/>\n\t<meta property=\"og:image:height\" content=\"1600\" \/>\n\t<meta property=\"og:image:type\" content=\"image\/jpeg\" \/>\n<meta name=\"twitter:card\" content=\"summary_large_image\" \/>\n<script type=\"application\/ld+json\" class=\"yoast-schema-graph\">{\"@context\":\"https:\/\/schema.org\",\"@graph\":[{\"@type\":\"WebPage\",\"@id\":\"https:\/\/www.rumicon.sk\/hu\/produkt\/keszlet-humidor-sarkany-kohiba-keramia-hamutarto\/\",\"url\":\"https:\/\/www.rumicon.sk\/hu\/produkt\/keszlet-humidor-sarkany-kohiba-keramia-hamutarto\/\",\"name\":\"k\u00e9szlet Humidor S\u00e1rk\u00e1ny + Kohiba ker\u00e1mia hamutart\u00f3 - rumicon.sk\",\"isPartOf\":{\"@id\":\"https:\/\/www.rumicon.sk\/hu\/#website\"},\"primaryImageOfPage\":{\"@id\":\"https:\/\/www.rumicon.sk\/hu\/produkt\/keszlet-humidor-sarkany-kohiba-keramia-hamutarto\/#primaryimage\"},\"image\":{\"@id\":\"https:\/\/www.rumicon.sk\/hu\/produkt\/keszlet-humidor-sarkany-kohiba-keramia-hamutarto\/#primaryimage\"},\"thumbnailUrl\":\"https:\/\/www.rumicon.sk\/wp-content\/uploads\/Set-Humidor-DragonCohiba-Ceramic-Ashtray.jpg\",\"datePublished\":\"2023-04-06T10:15:00+00:00\",\"dateModified\":\"2024-10-08T11:00:18+00:00\",\"breadcrumb\":{\"@id\":\"https:\/\/www.rumicon.sk\/hu\/produkt\/keszlet-humidor-sarkany-kohiba-keramia-hamutarto\/#breadcrumb\"},\"inLanguage\":\"hu\",\"potentialAction\":[{\"@type\":\"ReadAction\",\"target\":[\"https:\/\/www.rumicon.sk\/hu\/produkt\/keszlet-humidor-sarkany-kohiba-keramia-hamutarto\/\"]}]},{\"@type\":\"ImageObject\",\"inLanguage\":\"hu\",\"@id\":\"https:\/\/www.rumicon.sk\/hu\/produkt\/keszlet-humidor-sarkany-kohiba-keramia-hamutarto\/#primaryimage\",\"url\":\"https:\/\/www.rumicon.sk\/wp-content\/uploads\/Set-Humidor-DragonCohiba-Ceramic-Ashtray.jpg\",\"contentUrl\":\"https:\/\/www.rumicon.sk\/wp-content\/uploads\/Set-Humidor-DragonCohiba-Ceramic-Ashtray.jpg\",\"width\":1600,\"height\":1600},{\"@type\":\"BreadcrumbList\",\"@id\":\"https:\/\/www.rumicon.sk\/hu\/produkt\/keszlet-humidor-sarkany-kohiba-keramia-hamutarto\/#breadcrumb\",\"itemListElement\":[{\"@type\":\"ListItem\",\"position\":1,\"name\":\"Home\",\"item\":\"https:\/\/www.rumicon.sk\/hu\/home\/\"},{\"@type\":\"ListItem\",\"position\":2,\"name\":\"Web\u00e1ruh\u00e1z\",\"item\":\"https:\/\/www.rumicon.sk\/hu\/webaruhaz\/\"},{\"@type\":\"ListItem\",\"position\":3,\"name\":\"k\u00e9szlet Humidor S\u00e1rk\u00e1ny + Kohiba ker\u00e1m...\"}]},{\"@type\":\"WebSite\",\"@id\":\"https:\/\/www.rumicon.sk\/hu\/#website\",\"url\":\"https:\/\/www.rumicon.sk\/hu\/\",\"name\":\"rumicon.sk\",\"description\":\"\",\"publisher\":{\"@id\":\"https:\/\/www.rumicon.sk\/hu\/#organization\"},\"potentialAction\":[{\"@type\":\"SearchAction\",\"target\":{\"@type\":\"EntryPoint\",\"urlTemplate\":\"https:\/\/www.rumicon.sk\/hu\/?s={search_term_string}\"},\"query-input\":{\"@type\":\"PropertyValueSpecification\",\"valueRequired\":true,\"valueName\":\"search_term_string\"}}],\"inLanguage\":\"hu\"},{\"@type\":\"Organization\",\"@id\":\"https:\/\/www.rumicon.sk\/hu\/#organization\",\"name\":\"rumicon.sk\",\"url\":\"https:\/\/www.rumicon.sk\/hu\/\",\"logo\":{\"@type\":\"ImageObject\",\"inLanguage\":\"hu\",\"@id\":\"https:\/\/www.rumicon.sk\/hu\/#\/schema\/logo\/image\/\",\"url\":\"https:\/\/www.rumicon.sk\/wp-content\/uploads\/logo-rumicon-bcs-color.png\",\"contentUrl\":\"https:\/\/www.rumicon.sk\/wp-content\/uploads\/logo-rumicon-bcs-color.png\",\"width\":827,\"height\":278,\"caption\":\"rumicon.sk\"},\"image\":{\"@id\":\"https:\/\/www.rumicon.sk\/hu\/#\/schema\/logo\/image\/\"},\"sameAs\":[\"https:\/\/www.facebook.com\/people\/Rumicon-Bottle-Cigar-Shop\/100087110283303\/\",\"https:\/\/www.instagram.com\/rumicon_bottle_cigar_shop\/\",\"https:\/\/www.tiktok.com\/@rumicon2022\"]}]}<\/script>\n<!-- \/ Yoast SEO plugin. -->","yoast_head_json":{"title":"k\u00e9szlet Humidor S\u00e1rk\u00e1ny + Kohiba ker\u00e1mia hamutart\u00f3 - rumicon.sk","robots":{"index":"index","follow":"follow","max-snippet":"max-snippet:-1","max-image-preview":"max-image-preview:large","max-video-preview":"max-video-preview:-1"},"canonical":"https:\/\/www.rumicon.sk\/hu\/produkt\/keszlet-humidor-sarkany-kohiba-keramia-hamutarto\/","og_locale":"hu_HU","og_type":"article","og_title":"k\u00e9szlet Humidor S\u00e1rk\u00e1ny + Kohiba ker\u00e1mia hamutart\u00f3 - rumicon.sk","og_description":"Min\u0151s\u00e9gi b\u0151r utaz\u00f3t\u00e1ska s\u00e1rk\u00e1nymint\u00e1val + hordozhat\u00f3 ker\u00e1mia hamutart\u00f3.","og_url":"https:\/\/www.rumicon.sk\/hu\/produkt\/keszlet-humidor-sarkany-kohiba-keramia-hamutarto\/","og_site_name":"rumicon.sk","article_publisher":"https:\/\/www.facebook.com\/people\/Rumicon-Bottle-Cigar-Shop\/100087110283303\/","article_modified_time":"2024-10-08T11:00:18+00:00","og_image":[{"width":1600,"height":1600,"url":"https:\/\/www.rumicon.sk\/wp-content\/uploads\/Set-Humidor-DragonCohiba-Ceramic-Ashtray.jpg","type":"image\/jpeg"}],"twitter_card":"summary_large_image","schema":{"@context":"https:\/\/schema.org","@graph":[{"@type":"WebPage","@id":"https:\/\/www.rumicon.sk\/hu\/produkt\/keszlet-humidor-sarkany-kohiba-keramia-hamutarto\/","url":"https:\/\/www.rumicon.sk\/hu\/produkt\/keszlet-humidor-sarkany-kohiba-keramia-hamutarto\/","name":"k\u00e9szlet Humidor S\u00e1rk\u00e1ny + Kohiba ker\u00e1mia hamutart\u00f3 - rumicon.sk","isPartOf":{"@id":"https:\/\/www.rumicon.sk\/hu\/#website"},"primaryImageOfPage":{"@id":"https:\/\/www.rumicon.sk\/hu\/produkt\/keszlet-humidor-sarkany-kohiba-keramia-hamutarto\/#primaryimage"},"image":{"@id":"https:\/\/www.rumicon.sk\/hu\/produkt\/keszlet-humidor-sarkany-kohiba-keramia-hamutarto\/#primaryimage"},"thumbnailUrl":"https:\/\/www.rumicon.sk\/wp-content\/uploads\/Set-Humidor-DragonCohiba-Ceramic-Ashtray.jpg","datePublished":"2023-04-06T10:15:00+00:00","dateModified":"2024-10-08T11:00:18+00:00","breadcrumb":{"@id":"https:\/\/www.rumicon.sk\/hu\/produkt\/keszlet-humidor-sarkany-kohiba-keramia-hamutarto\/#breadcrumb"},"inLanguage":"hu","potentialAction":[{"@type":"ReadAction","target":["https:\/\/www.rumicon.sk\/hu\/produkt\/keszlet-humidor-sarkany-kohiba-keramia-hamutarto\/"]}]},{"@type":"ImageObject","inLanguage":"hu","@id":"https:\/\/www.rumicon.sk\/hu\/produkt\/keszlet-humidor-sarkany-kohiba-keramia-hamutarto\/#primaryimage","url":"https:\/\/www.rumicon.sk\/wp-content\/uploads\/Set-Humidor-DragonCohiba-Ceramic-Ashtray.jpg","contentUrl":"https:\/\/www.rumicon.sk\/wp-content\/uploads\/Set-Humidor-DragonCohiba-Ceramic-Ashtray.jpg","width":1600,"height":1600},{"@type":"BreadcrumbList","@id":"https:\/\/www.rumicon.sk\/hu\/produkt\/keszlet-humidor-sarkany-kohiba-keramia-hamutarto\/#breadcrumb","itemListElement":[{"@type":"ListItem","position":1,"name":"Home","item":"https:\/\/www.rumicon.sk\/hu\/home\/"},{"@type":"ListItem","position":2,"name":"Web\u00e1ruh\u00e1z","item":"https:\/\/www.rumicon.sk\/hu\/webaruhaz\/"},{"@type":"ListItem","position":3,"name":"k\u00e9szlet Humidor S\u00e1rk\u00e1ny + Kohiba ker\u00e1m..."}]},{"@type":"WebSite","@id":"https:\/\/www.rumicon.sk\/hu\/#website","url":"https:\/\/www.rumicon.sk\/hu\/","name":"rumicon.sk","description":"","publisher":{"@id":"https:\/\/www.rumicon.sk\/hu\/#organization"},"potentialAction":[{"@type":"SearchAction","target":{"@type":"EntryPoint","urlTemplate":"https:\/\/www.rumicon.sk\/hu\/?s={search_term_string}"},"query-input":{"@type":"PropertyValueSpecification","valueRequired":true,"valueName":"search_term_string"}}],"inLanguage":"hu"},{"@type":"Organization","@id":"https:\/\/www.rumicon.sk\/hu\/#organization","name":"rumicon.sk","url":"https:\/\/www.rumicon.sk\/hu\/","logo":{"@type":"ImageObject","inLanguage":"hu","@id":"https:\/\/www.rumicon.sk\/hu\/#\/schema\/logo\/image\/","url":"https:\/\/www.rumicon.sk\/wp-content\/uploads\/logo-rumicon-bcs-color.png","contentUrl":"https:\/\/www.rumicon.sk\/wp-content\/uploads\/logo-rumicon-bcs-color.png","width":827,"height":278,"caption":"rumicon.sk"},"image":{"@id":"https:\/\/www.rumicon.sk\/hu\/#\/schema\/logo\/image\/"},"sameAs":["https:\/\/www.facebook.com\/people\/Rumicon-Bottle-Cigar-Shop\/100087110283303\/","https:\/\/www.instagram.com\/rumicon_bottle_cigar_shop\/","https:\/\/www.tiktok.com\/@rumicon2022"]}]}},"_links":{"self":[{"href":"https:\/\/www.rumicon.sk\/hu\/wp-json\/wp\/v2\/product\/5474","targetHints":{"allow":["GET"]}}],"collection":[{"href":"https:\/\/www.rumicon.sk\/hu\/wp-json\/wp\/v2\/product"}],"about":[{"href":"https:\/\/www.rumicon.sk\/hu\/wp-json\/wp\/v2\/types\/product"}],"replies":[{"embeddable":true,"href":"https:\/\/www.rumicon.sk\/hu\/wp-json\/wp\/v2\/comments?post=5474"}],"wp:featuredmedia":[{"embeddable":true,"href":"https:\/\/www.rumicon.sk\/hu\/wp-json\/wp\/v2\/media\/5476"}],"wp:attachment":[{"href":"https:\/\/www.rumicon.sk\/hu\/wp-json\/wp\/v2\/media?parent=5474"}],"wp:term":[{"taxonomy":"product_brand","embeddable":true,"href":"https:\/\/www.rumicon.sk\/hu\/wp-json\/wp\/v2\/product_brand?post=5474"},{"taxonomy":"product_cat","embeddable":true,"href":"https:\/\/www.rumicon.sk\/hu\/wp-json\/wp\/v2\/product_cat?post=5474"},{"taxonomy":"product_tag","embeddable":true,"href":"https:\/\/www.rumicon.sk\/hu\/wp-json\/wp\/v2\/product_tag?post=5474"}],"curies":[{"name":"wp","href":"https:\/\/api.w.org\/{rel}","templated":true}]}}