{"id":5473,"date":"2024-09-21T12:37:45","date_gmt":"2024-09-21T10:37:45","guid":{"rendered":"https:\/\/www.rumicon.sk\/produkt\/rum-bumbu-original-07l-40\/"},"modified":"2025-08-14T11:43:40","modified_gmt":"2025-08-14T09:43:40","slug":"rum-bumbu-original-07l-40","status":"publish","type":"product","link":"https:\/\/www.rumicon.sk\/hu\/produkt\/rum-bumbu-original-07l-40\/","title":{"rendered":"Rum Bumbu Original 0,7l 40%"},"content":{"rendered":"<p>A <strong>Bumbu<\/strong> egy kevert rum, amelyet a <strong>16-17. sz\u00e1zadi<\/strong> <strong>nyugat-indiai<\/strong> tenger\u00e9szek eredeti receptje szerint k\u00e9sz\u00edtenek, akik jellegzetes karibi gy\u00fcm\u00f6lcs\u00f6ket \u00e9s f\u0171szereket kevertek rumjukba. Az eredm\u00e9ny egy di\u00f3sz\u00edn\u0171 rum, tr\u00f3pusi gy\u00fcm\u00f6lcs\u00f6k \u00e9s vir\u00e1gok arom\u00e1j\u00e1val \u00e9s f\u0171szeres-gy\u00fcm\u00f6lcs\u00f6s \u00edzzel. <\/p>\n<p>A Bumbu egy modern v\u00e1ltozata ennek a kever\u00e9knek egy kevert rum form\u00e1j\u00e1ban, amely 8 orsz\u00e1gb\u00f3l &#8211; <strong>Barbados, Belize, Braz\u00edlia, Costa Rica, Dominikai K\u00f6zt\u00e1rsas\u00e1g, El Salvador, Guyana<\/strong> \u00e9s <strong>Honduras<\/strong> &#8211; sz\u00e1rmaz\u00f3 f\u0171szerekb\u0151l \u00e9s cukorn\u00e1db\u00f3l \u00e1ll <strong>.<\/strong> A Bumbu rumot Barbadoson desztill\u00e1lj\u00e1k. <strong>Ex-bourbon<\/strong> hord\u00f3kban \u00e9rlelik, \u00e9s a legid\u0151sebb \u00f6sszetev\u0151je tekint\u00e9lyes <strong>15<\/strong> \u00e9vig \u00e9rlel\u0151dik. <\/p>\n<div class=\"sc-item\">\n<div class=\"sc-item__key\">Sz\u00edn: borosty\u00e1nbarna, barna-arany f\u00e9nypontokkal<\/div>\n<\/div>\n<div class=\"sc-item\">\n<div class=\"sc-item__key\">Illat: finom, \u00e9des, vir\u00e1gok, ban\u00e1n, anan\u00e1sz, mang\u00f3, narancsh\u00e9j, narancsh\u00e9j<\/div>\n<\/div>\n<div class=\"sc-item\">\n<div class=\"sc-item__key\">\u00cdz: vir\u00e1gok, gy\u00fcm\u00f6lcs\u00f6k, f\u0171szerek, zs\u00e1lya, fah\u00e9j, gy\u00f6mb\u00e9r<\/div>\n<\/div>\n<div class=\"sc-item\">\n<div class=\"sc-item__key\">Finish: k\u00f6zepesen hossz\u00fa, f\u0171szerek, menta, fa, szilva<\/div>\n<\/div>\n","protected":false},"excerpt":{"rendered":"<p>Egy karibi rum, amely r\u00f6vid id\u0151 alatt sz\u00f3 szerint legend\u00e1v\u00e1 v\u00e1lt a piacon. A Bumbu XO egyed\u00fcl\u00e1ll\u00f3 tulajdons\u00e1gait a tr\u00f3pusi Panam\u00e1b\u00f3l sz\u00e1rmaz\u00f3, kiv\u00e1l\u00f3 min\u0151s\u00e9g\u0171 cukorn\u00e1dnak k\u00f6sz\u00f6nheti. <\/p>\n","protected":false},"featured_media":5475,"comment_status":"closed","ping_status":"closed","template":"","meta":{"_acf_changed":false},"product_brand":[],"product_cat":[483,489,485],"product_tag":[732,1115],"class_list":{"0":"post-5473","1":"product","2":"type-product","3":"status-publish","4":"has-post-thumbnail","6":"product_cat-rum-hu","7":"product_cat-izesitett-rum","8":"product_cat-sotet-rum","9":"product_tag-bumbu-hu","10":"product_tag-rum-hu","11":"pa_druh-alkoholu-sotet-rum","12":"pa_objem-07-l-hu","13":"pa_obsah-alkoholu-40-hu","14":"pa_znacka-bumbu-hu","16":"first","17":"instock","18":"taxable","19":"shipping-taxable","20":"purchasable","21":"product-type-simple"},"acf":[],"yoast_head":"<!-- This site is optimized with the Yoast SEO plugin v27.0 - https:\/\/yoast.com\/product\/yoast-seo-wordpress\/ -->\n<title>Rum Bumbu Original 0,7l 40% - rumicon.sk<\/title>\n<meta name=\"robots\" content=\"index, follow, max-snippet:-1, max-image-preview:large, max-video-preview:-1\" \/>\n<link rel=\"canonical\" href=\"https:\/\/www.rumicon.sk\/hu\/produkt\/rum-bumbu-original-07l-40\/\" \/>\n<meta property=\"og:locale\" content=\"hu_HU\" \/>\n<meta property=\"og:type\" content=\"article\" \/>\n<meta property=\"og:title\" content=\"Rum Bumbu Original 0,7l 40% - rumicon.sk\" \/>\n<meta property=\"og:description\" content=\"Egy karibi rum, amely r\u00f6vid id\u0151 alatt sz\u00f3 szerint legend\u00e1v\u00e1 v\u00e1lt a piacon. A Bumbu XO egyed\u00fcl\u00e1ll\u00f3 tulajdons\u00e1gait a tr\u00f3pusi Panam\u00e1b\u00f3l sz\u00e1rmaz\u00f3, kiv\u00e1l\u00f3 min\u0151s\u00e9g\u0171 cukorn\u00e1dnak k\u00f6sz\u00f6nheti.\" \/>\n<meta property=\"og:url\" content=\"https:\/\/www.rumicon.sk\/hu\/produkt\/rum-bumbu-original-07l-40\/\" \/>\n<meta property=\"og:site_name\" content=\"rumicon.sk\" \/>\n<meta property=\"article:publisher\" content=\"https:\/\/www.facebook.com\/people\/Rumicon-Bottle-Cigar-Shop\/100087110283303\/\" \/>\n<meta property=\"article:modified_time\" content=\"2025-08-14T09:43:40+00:00\" \/>\n<meta property=\"og:image\" content=\"https:\/\/www.rumicon.sk\/wp-content\/uploads\/logo-rumicon-bcs-color.png\" \/>\n\t<meta property=\"og:image:width\" content=\"827\" \/>\n\t<meta property=\"og:image:height\" content=\"278\" \/>\n\t<meta property=\"og:image:type\" content=\"image\/png\" \/>\n<meta name=\"twitter:card\" content=\"summary_large_image\" \/>\n<meta name=\"twitter:label1\" content=\"Becs\u00fclt olvas\u00e1si id\u0151\" \/>\n\t<meta name=\"twitter:data1\" content=\"1 perc\" \/>\n<script type=\"application\/ld+json\" class=\"yoast-schema-graph\">{\"@context\":\"https:\/\/schema.org\",\"@graph\":[{\"@type\":\"WebPage\",\"@id\":\"https:\/\/www.rumicon.sk\/hu\/produkt\/rum-bumbu-original-07l-40\/\",\"url\":\"https:\/\/www.rumicon.sk\/hu\/produkt\/rum-bumbu-original-07l-40\/\",\"name\":\"Rum Bumbu Original 0,7l 40% - rumicon.sk\",\"isPartOf\":{\"@id\":\"https:\/\/www.rumicon.sk\/hu\/#website\"},\"primaryImageOfPage\":{\"@id\":\"https:\/\/www.rumicon.sk\/hu\/produkt\/rum-bumbu-original-07l-40\/#primaryimage\"},\"image\":{\"@id\":\"https:\/\/www.rumicon.sk\/hu\/produkt\/rum-bumbu-original-07l-40\/#primaryimage\"},\"thumbnailUrl\":\"https:\/\/www.rumicon.sk\/wp-content\/uploads\/ce016fe3-fb1e-4c96-a22e-1d7a1f5ff627.avif\",\"datePublished\":\"2024-09-21T10:37:45+00:00\",\"dateModified\":\"2025-08-14T09:43:40+00:00\",\"breadcrumb\":{\"@id\":\"https:\/\/www.rumicon.sk\/hu\/produkt\/rum-bumbu-original-07l-40\/#breadcrumb\"},\"inLanguage\":\"hu\",\"potentialAction\":[{\"@type\":\"ReadAction\",\"target\":[\"https:\/\/www.rumicon.sk\/hu\/produkt\/rum-bumbu-original-07l-40\/\"]}]},{\"@type\":\"ImageObject\",\"inLanguage\":\"hu\",\"@id\":\"https:\/\/www.rumicon.sk\/hu\/produkt\/rum-bumbu-original-07l-40\/#primaryimage\",\"url\":\"https:\/\/www.rumicon.sk\/wp-content\/uploads\/ce016fe3-fb1e-4c96-a22e-1d7a1f5ff627.avif\",\"contentUrl\":\"https:\/\/www.rumicon.sk\/wp-content\/uploads\/ce016fe3-fb1e-4c96-a22e-1d7a1f5ff627.avif\",\"width\":400,\"height\":400,\"caption\":\"Bumbu Original\"},{\"@type\":\"BreadcrumbList\",\"@id\":\"https:\/\/www.rumicon.sk\/hu\/produkt\/rum-bumbu-original-07l-40\/#breadcrumb\",\"itemListElement\":[{\"@type\":\"ListItem\",\"position\":1,\"name\":\"Home\",\"item\":\"https:\/\/www.rumicon.sk\/hu\/home\/\"},{\"@type\":\"ListItem\",\"position\":2,\"name\":\"Web\u00e1ruh\u00e1z\",\"item\":\"https:\/\/www.rumicon.sk\/hu\/webaruhaz\/\"},{\"@type\":\"ListItem\",\"position\":3,\"name\":\"Rum Bumbu Original 0,7l 40%\"}]},{\"@type\":\"WebSite\",\"@id\":\"https:\/\/www.rumicon.sk\/hu\/#website\",\"url\":\"https:\/\/www.rumicon.sk\/hu\/\",\"name\":\"rumicon.sk\",\"description\":\"\",\"publisher\":{\"@id\":\"https:\/\/www.rumicon.sk\/hu\/#organization\"},\"potentialAction\":[{\"@type\":\"SearchAction\",\"target\":{\"@type\":\"EntryPoint\",\"urlTemplate\":\"https:\/\/www.rumicon.sk\/hu\/?s={search_term_string}\"},\"query-input\":{\"@type\":\"PropertyValueSpecification\",\"valueRequired\":true,\"valueName\":\"search_term_string\"}}],\"inLanguage\":\"hu\"},{\"@type\":\"Organization\",\"@id\":\"https:\/\/www.rumicon.sk\/hu\/#organization\",\"name\":\"rumicon.sk\",\"url\":\"https:\/\/www.rumicon.sk\/hu\/\",\"logo\":{\"@type\":\"ImageObject\",\"inLanguage\":\"hu\",\"@id\":\"https:\/\/www.rumicon.sk\/hu\/#\/schema\/logo\/image\/\",\"url\":\"https:\/\/www.rumicon.sk\/wp-content\/uploads\/logo-rumicon-bcs-color.png\",\"contentUrl\":\"https:\/\/www.rumicon.sk\/wp-content\/uploads\/logo-rumicon-bcs-color.png\",\"width\":827,\"height\":278,\"caption\":\"rumicon.sk\"},\"image\":{\"@id\":\"https:\/\/www.rumicon.sk\/hu\/#\/schema\/logo\/image\/\"},\"sameAs\":[\"https:\/\/www.facebook.com\/people\/Rumicon-Bottle-Cigar-Shop\/100087110283303\/\",\"https:\/\/www.instagram.com\/rumicon_bottle_cigar_shop\/\",\"https:\/\/www.tiktok.com\/@rumicon2022\"]}]}<\/script>\n<!-- \/ Yoast SEO plugin. -->","yoast_head_json":{"title":"Rum Bumbu Original 0,7l 40% - rumicon.sk","robots":{"index":"index","follow":"follow","max-snippet":"max-snippet:-1","max-image-preview":"max-image-preview:large","max-video-preview":"max-video-preview:-1"},"canonical":"https:\/\/www.rumicon.sk\/hu\/produkt\/rum-bumbu-original-07l-40\/","og_locale":"hu_HU","og_type":"article","og_title":"Rum Bumbu Original 0,7l 40% - rumicon.sk","og_description":"Egy karibi rum, amely r\u00f6vid id\u0151 alatt sz\u00f3 szerint legend\u00e1v\u00e1 v\u00e1lt a piacon. A Bumbu XO egyed\u00fcl\u00e1ll\u00f3 tulajdons\u00e1gait a tr\u00f3pusi Panam\u00e1b\u00f3l sz\u00e1rmaz\u00f3, kiv\u00e1l\u00f3 min\u0151s\u00e9g\u0171 cukorn\u00e1dnak k\u00f6sz\u00f6nheti.","og_url":"https:\/\/www.rumicon.sk\/hu\/produkt\/rum-bumbu-original-07l-40\/","og_site_name":"rumicon.sk","article_publisher":"https:\/\/www.facebook.com\/people\/Rumicon-Bottle-Cigar-Shop\/100087110283303\/","article_modified_time":"2025-08-14T09:43:40+00:00","og_image":[{"width":827,"height":278,"url":"https:\/\/www.rumicon.sk\/wp-content\/uploads\/logo-rumicon-bcs-color.png","type":"image\/png"}],"twitter_card":"summary_large_image","twitter_misc":{"Becs\u00fclt olvas\u00e1si id\u0151":"1 perc"},"schema":{"@context":"https:\/\/schema.org","@graph":[{"@type":"WebPage","@id":"https:\/\/www.rumicon.sk\/hu\/produkt\/rum-bumbu-original-07l-40\/","url":"https:\/\/www.rumicon.sk\/hu\/produkt\/rum-bumbu-original-07l-40\/","name":"Rum Bumbu Original 0,7l 40% - rumicon.sk","isPartOf":{"@id":"https:\/\/www.rumicon.sk\/hu\/#website"},"primaryImageOfPage":{"@id":"https:\/\/www.rumicon.sk\/hu\/produkt\/rum-bumbu-original-07l-40\/#primaryimage"},"image":{"@id":"https:\/\/www.rumicon.sk\/hu\/produkt\/rum-bumbu-original-07l-40\/#primaryimage"},"thumbnailUrl":"https:\/\/www.rumicon.sk\/wp-content\/uploads\/ce016fe3-fb1e-4c96-a22e-1d7a1f5ff627.avif","datePublished":"2024-09-21T10:37:45+00:00","dateModified":"2025-08-14T09:43:40+00:00","breadcrumb":{"@id":"https:\/\/www.rumicon.sk\/hu\/produkt\/rum-bumbu-original-07l-40\/#breadcrumb"},"inLanguage":"hu","potentialAction":[{"@type":"ReadAction","target":["https:\/\/www.rumicon.sk\/hu\/produkt\/rum-bumbu-original-07l-40\/"]}]},{"@type":"ImageObject","inLanguage":"hu","@id":"https:\/\/www.rumicon.sk\/hu\/produkt\/rum-bumbu-original-07l-40\/#primaryimage","url":"https:\/\/www.rumicon.sk\/wp-content\/uploads\/ce016fe3-fb1e-4c96-a22e-1d7a1f5ff627.avif","contentUrl":"https:\/\/www.rumicon.sk\/wp-content\/uploads\/ce016fe3-fb1e-4c96-a22e-1d7a1f5ff627.avif","width":400,"height":400,"caption":"Bumbu Original"},{"@type":"BreadcrumbList","@id":"https:\/\/www.rumicon.sk\/hu\/produkt\/rum-bumbu-original-07l-40\/#breadcrumb","itemListElement":[{"@type":"ListItem","position":1,"name":"Home","item":"https:\/\/www.rumicon.sk\/hu\/home\/"},{"@type":"ListItem","position":2,"name":"Web\u00e1ruh\u00e1z","item":"https:\/\/www.rumicon.sk\/hu\/webaruhaz\/"},{"@type":"ListItem","position":3,"name":"Rum Bumbu Original 0,7l 40%"}]},{"@type":"WebSite","@id":"https:\/\/www.rumicon.sk\/hu\/#website","url":"https:\/\/www.rumicon.sk\/hu\/","name":"rumicon.sk","description":"","publisher":{"@id":"https:\/\/www.rumicon.sk\/hu\/#organization"},"potentialAction":[{"@type":"SearchAction","target":{"@type":"EntryPoint","urlTemplate":"https:\/\/www.rumicon.sk\/hu\/?s={search_term_string}"},"query-input":{"@type":"PropertyValueSpecification","valueRequired":true,"valueName":"search_term_string"}}],"inLanguage":"hu"},{"@type":"Organization","@id":"https:\/\/www.rumicon.sk\/hu\/#organization","name":"rumicon.sk","url":"https:\/\/www.rumicon.sk\/hu\/","logo":{"@type":"ImageObject","inLanguage":"hu","@id":"https:\/\/www.rumicon.sk\/hu\/#\/schema\/logo\/image\/","url":"https:\/\/www.rumicon.sk\/wp-content\/uploads\/logo-rumicon-bcs-color.png","contentUrl":"https:\/\/www.rumicon.sk\/wp-content\/uploads\/logo-rumicon-bcs-color.png","width":827,"height":278,"caption":"rumicon.sk"},"image":{"@id":"https:\/\/www.rumicon.sk\/hu\/#\/schema\/logo\/image\/"},"sameAs":["https:\/\/www.facebook.com\/people\/Rumicon-Bottle-Cigar-Shop\/100087110283303\/","https:\/\/www.instagram.com\/rumicon_bottle_cigar_shop\/","https:\/\/www.tiktok.com\/@rumicon2022"]}]}},"_links":{"self":[{"href":"https:\/\/www.rumicon.sk\/hu\/wp-json\/wp\/v2\/product\/5473","targetHints":{"allow":["GET"]}}],"collection":[{"href":"https:\/\/www.rumicon.sk\/hu\/wp-json\/wp\/v2\/product"}],"about":[{"href":"https:\/\/www.rumicon.sk\/hu\/wp-json\/wp\/v2\/types\/product"}],"replies":[{"embeddable":true,"href":"https:\/\/www.rumicon.sk\/hu\/wp-json\/wp\/v2\/comments?post=5473"}],"wp:featuredmedia":[{"embeddable":true,"href":"https:\/\/www.rumicon.sk\/hu\/wp-json\/wp\/v2\/media\/5475"}],"wp:attachment":[{"href":"https:\/\/www.rumicon.sk\/hu\/wp-json\/wp\/v2\/media?parent=5473"}],"wp:term":[{"taxonomy":"product_brand","embeddable":true,"href":"https:\/\/www.rumicon.sk\/hu\/wp-json\/wp\/v2\/product_brand?post=5473"},{"taxonomy":"product_cat","embeddable":true,"href":"https:\/\/www.rumicon.sk\/hu\/wp-json\/wp\/v2\/product_cat?post=5473"},{"taxonomy":"product_tag","embeddable":true,"href":"https:\/\/www.rumicon.sk\/hu\/wp-json\/wp\/v2\/product_tag?post=5473"}],"curies":[{"name":"wp","href":"https:\/\/api.w.org\/{rel}","templated":true}]}}