{"id":5428,"date":"2022-11-11T08:25:36","date_gmt":"2022-11-11T07:25:36","guid":{"rendered":"https:\/\/www.rumicon.sk\/produkt\/rum-pussers-gunpowder-proof-07l-545\/"},"modified":"2025-08-14T11:40:35","modified_gmt":"2025-08-14T09:40:35","slug":"rum-pussers-gunpowder-proof-07l-545","status":"publish","type":"product","link":"https:\/\/www.rumicon.sk\/hu\/produkt\/rum-pussers-gunpowder-proof-07l-545\/","title":{"rendered":"Rum Pussers Gunpowder Proof 0,7l 54,5%"},"content":{"rendered":"<p><strong>Illat:<\/strong> Gazdag, karamell\u00e1s, p\u00e1link\u00e1ra \u00e9s juharszirupra eml\u00e9keztet\u0151 aroma.<\/p>\n<p><strong> \u00cdz:<\/strong> Kerek, majd er\u0151teljes, teste k\u00f6nny\u0171, egzotikus f\u0171szerek illata, a lecseng\u00e9sben egy csipetnyi f\u00e1val.<\/p>\n<p><strong> Befejez\u00e9s:<\/strong> Kiv\u00e9teles ital<\/p>\n","protected":false},"excerpt":{"rendered":"<p>A Pusser&#8217;s Gunpowder Proof Rum b\u00fcszk\u00e9n b\u00fcszk\u00e9lkedhet azzal a c\u00edmmel, hogy napjaink egyik legautentikusabb rumja. Eredetileg a brit haditenger\u00e9szet sz\u00e1m\u00e1ra kifejlesztett recept alapj\u00e1n k\u00e9sz\u00fcl. <\/p>\n","protected":false},"featured_media":5430,"comment_status":"closed","ping_status":"closed","template":"","meta":{"_acf_changed":false},"product_brand":[],"product_cat":[483,485],"product_tag":[715,1135],"class_list":{"0":"post-5428","1":"product","2":"type-product","3":"status-publish","4":"has-post-thumbnail","6":"product_cat-rum-hu","7":"product_cat-sotet-rum","8":"product_tag-pussers-rum-hu","9":"product_tag-sotet-rum","10":"pa_druh-alkoholu-sotet-rum","11":"pa_krajina-povodu-guyana-hu","12":"pa_objem-07-l-hu","13":"pa_obsah-alkoholu-545-hu","14":"pa_znacka-pussers-rum-hu","16":"first","17":"outofstock","18":"taxable","19":"shipping-taxable","20":"purchasable","21":"product-type-simple"},"acf":[],"yoast_head":"<!-- This site is optimized with the Yoast SEO plugin v27.0 - https:\/\/yoast.com\/product\/yoast-seo-wordpress\/ -->\n<title>Rum Pussers Gunpowder Proof 0,7l 54,5% - rumicon.sk<\/title>\n<meta name=\"robots\" content=\"index, follow, max-snippet:-1, max-image-preview:large, max-video-preview:-1\" \/>\n<link rel=\"canonical\" href=\"https:\/\/www.rumicon.sk\/hu\/produkt\/rum-pussers-gunpowder-proof-07l-545\/\" \/>\n<meta property=\"og:locale\" content=\"hu_HU\" \/>\n<meta property=\"og:type\" content=\"article\" \/>\n<meta property=\"og:title\" content=\"Rum Pussers Gunpowder Proof 0,7l 54,5% - rumicon.sk\" \/>\n<meta property=\"og:description\" content=\"A Pusser&#039;s Gunpowder Proof Rum b\u00fcszk\u00e9n b\u00fcszk\u00e9lkedhet azzal a c\u00edmmel, hogy napjaink egyik legautentikusabb rumja. Eredetileg a brit haditenger\u00e9szet sz\u00e1m\u00e1ra kifejlesztett recept alapj\u00e1n k\u00e9sz\u00fcl.\" \/>\n<meta property=\"og:url\" content=\"https:\/\/www.rumicon.sk\/hu\/produkt\/rum-pussers-gunpowder-proof-07l-545\/\" \/>\n<meta property=\"og:site_name\" content=\"rumicon.sk\" \/>\n<meta property=\"article:publisher\" content=\"https:\/\/www.facebook.com\/people\/Rumicon-Bottle-Cigar-Shop\/100087110283303\/\" \/>\n<meta property=\"article:modified_time\" content=\"2025-08-14T09:40:35+00:00\" \/>\n<meta property=\"og:image\" content=\"https:\/\/www.rumicon.sk\/wp-content\/uploads\/Pussers-Rum-Gunpowder-Proof-Rum.jpg\" \/>\n\t<meta property=\"og:image:width\" content=\"1600\" \/>\n\t<meta property=\"og:image:height\" content=\"1600\" \/>\n\t<meta property=\"og:image:type\" content=\"image\/jpeg\" \/>\n<meta name=\"twitter:card\" content=\"summary_large_image\" \/>\n<script type=\"application\/ld+json\" class=\"yoast-schema-graph\">{\"@context\":\"https:\/\/schema.org\",\"@graph\":[{\"@type\":\"WebPage\",\"@id\":\"https:\/\/www.rumicon.sk\/hu\/produkt\/rum-pussers-gunpowder-proof-07l-545\/\",\"url\":\"https:\/\/www.rumicon.sk\/hu\/produkt\/rum-pussers-gunpowder-proof-07l-545\/\",\"name\":\"Rum Pussers Gunpowder Proof 0,7l 54,5% - rumicon.sk\",\"isPartOf\":{\"@id\":\"https:\/\/www.rumicon.sk\/hu\/#website\"},\"primaryImageOfPage\":{\"@id\":\"https:\/\/www.rumicon.sk\/hu\/produkt\/rum-pussers-gunpowder-proof-07l-545\/#primaryimage\"},\"image\":{\"@id\":\"https:\/\/www.rumicon.sk\/hu\/produkt\/rum-pussers-gunpowder-proof-07l-545\/#primaryimage\"},\"thumbnailUrl\":\"https:\/\/www.rumicon.sk\/wp-content\/uploads\/Pussers-Rum-Gunpowder-Proof-Rum.jpg\",\"datePublished\":\"2022-11-11T07:25:36+00:00\",\"dateModified\":\"2025-08-14T09:40:35+00:00\",\"breadcrumb\":{\"@id\":\"https:\/\/www.rumicon.sk\/hu\/produkt\/rum-pussers-gunpowder-proof-07l-545\/#breadcrumb\"},\"inLanguage\":\"hu\",\"potentialAction\":[{\"@type\":\"ReadAction\",\"target\":[\"https:\/\/www.rumicon.sk\/hu\/produkt\/rum-pussers-gunpowder-proof-07l-545\/\"]}]},{\"@type\":\"ImageObject\",\"inLanguage\":\"hu\",\"@id\":\"https:\/\/www.rumicon.sk\/hu\/produkt\/rum-pussers-gunpowder-proof-07l-545\/#primaryimage\",\"url\":\"https:\/\/www.rumicon.sk\/wp-content\/uploads\/Pussers-Rum-Gunpowder-Proof-Rum.jpg\",\"contentUrl\":\"https:\/\/www.rumicon.sk\/wp-content\/uploads\/Pussers-Rum-Gunpowder-Proof-Rum.jpg\",\"width\":1600,\"height\":1600,\"caption\":\"Pusser\u00b4s Rum Gunpowder Proof 0,7l 54,5%\"},{\"@type\":\"BreadcrumbList\",\"@id\":\"https:\/\/www.rumicon.sk\/hu\/produkt\/rum-pussers-gunpowder-proof-07l-545\/#breadcrumb\",\"itemListElement\":[{\"@type\":\"ListItem\",\"position\":1,\"name\":\"Home\",\"item\":\"https:\/\/www.rumicon.sk\/hu\/home\/\"},{\"@type\":\"ListItem\",\"position\":2,\"name\":\"Web\u00e1ruh\u00e1z\",\"item\":\"https:\/\/www.rumicon.sk\/hu\/webaruhaz\/\"},{\"@type\":\"ListItem\",\"position\":3,\"name\":\"Rum Pussers Gunpowder Proof 0,7l 54,5%\"}]},{\"@type\":\"WebSite\",\"@id\":\"https:\/\/www.rumicon.sk\/hu\/#website\",\"url\":\"https:\/\/www.rumicon.sk\/hu\/\",\"name\":\"rumicon.sk\",\"description\":\"\",\"publisher\":{\"@id\":\"https:\/\/www.rumicon.sk\/hu\/#organization\"},\"potentialAction\":[{\"@type\":\"SearchAction\",\"target\":{\"@type\":\"EntryPoint\",\"urlTemplate\":\"https:\/\/www.rumicon.sk\/hu\/?s={search_term_string}\"},\"query-input\":{\"@type\":\"PropertyValueSpecification\",\"valueRequired\":true,\"valueName\":\"search_term_string\"}}],\"inLanguage\":\"hu\"},{\"@type\":\"Organization\",\"@id\":\"https:\/\/www.rumicon.sk\/hu\/#organization\",\"name\":\"rumicon.sk\",\"url\":\"https:\/\/www.rumicon.sk\/hu\/\",\"logo\":{\"@type\":\"ImageObject\",\"inLanguage\":\"hu\",\"@id\":\"https:\/\/www.rumicon.sk\/hu\/#\/schema\/logo\/image\/\",\"url\":\"https:\/\/www.rumicon.sk\/wp-content\/uploads\/logo-rumicon-bcs-color.png\",\"contentUrl\":\"https:\/\/www.rumicon.sk\/wp-content\/uploads\/logo-rumicon-bcs-color.png\",\"width\":827,\"height\":278,\"caption\":\"rumicon.sk\"},\"image\":{\"@id\":\"https:\/\/www.rumicon.sk\/hu\/#\/schema\/logo\/image\/\"},\"sameAs\":[\"https:\/\/www.facebook.com\/people\/Rumicon-Bottle-Cigar-Shop\/100087110283303\/\",\"https:\/\/www.instagram.com\/rumicon_bottle_cigar_shop\/\",\"https:\/\/www.tiktok.com\/@rumicon2022\"]}]}<\/script>\n<!-- \/ Yoast SEO plugin. -->","yoast_head_json":{"title":"Rum Pussers Gunpowder Proof 0,7l 54,5% - rumicon.sk","robots":{"index":"index","follow":"follow","max-snippet":"max-snippet:-1","max-image-preview":"max-image-preview:large","max-video-preview":"max-video-preview:-1"},"canonical":"https:\/\/www.rumicon.sk\/hu\/produkt\/rum-pussers-gunpowder-proof-07l-545\/","og_locale":"hu_HU","og_type":"article","og_title":"Rum Pussers Gunpowder Proof 0,7l 54,5% - rumicon.sk","og_description":"A Pusser's Gunpowder Proof Rum b\u00fcszk\u00e9n b\u00fcszk\u00e9lkedhet azzal a c\u00edmmel, hogy napjaink egyik legautentikusabb rumja. Eredetileg a brit haditenger\u00e9szet sz\u00e1m\u00e1ra kifejlesztett recept alapj\u00e1n k\u00e9sz\u00fcl.","og_url":"https:\/\/www.rumicon.sk\/hu\/produkt\/rum-pussers-gunpowder-proof-07l-545\/","og_site_name":"rumicon.sk","article_publisher":"https:\/\/www.facebook.com\/people\/Rumicon-Bottle-Cigar-Shop\/100087110283303\/","article_modified_time":"2025-08-14T09:40:35+00:00","og_image":[{"width":1600,"height":1600,"url":"https:\/\/www.rumicon.sk\/wp-content\/uploads\/Pussers-Rum-Gunpowder-Proof-Rum.jpg","type":"image\/jpeg"}],"twitter_card":"summary_large_image","schema":{"@context":"https:\/\/schema.org","@graph":[{"@type":"WebPage","@id":"https:\/\/www.rumicon.sk\/hu\/produkt\/rum-pussers-gunpowder-proof-07l-545\/","url":"https:\/\/www.rumicon.sk\/hu\/produkt\/rum-pussers-gunpowder-proof-07l-545\/","name":"Rum Pussers Gunpowder Proof 0,7l 54,5% - rumicon.sk","isPartOf":{"@id":"https:\/\/www.rumicon.sk\/hu\/#website"},"primaryImageOfPage":{"@id":"https:\/\/www.rumicon.sk\/hu\/produkt\/rum-pussers-gunpowder-proof-07l-545\/#primaryimage"},"image":{"@id":"https:\/\/www.rumicon.sk\/hu\/produkt\/rum-pussers-gunpowder-proof-07l-545\/#primaryimage"},"thumbnailUrl":"https:\/\/www.rumicon.sk\/wp-content\/uploads\/Pussers-Rum-Gunpowder-Proof-Rum.jpg","datePublished":"2022-11-11T07:25:36+00:00","dateModified":"2025-08-14T09:40:35+00:00","breadcrumb":{"@id":"https:\/\/www.rumicon.sk\/hu\/produkt\/rum-pussers-gunpowder-proof-07l-545\/#breadcrumb"},"inLanguage":"hu","potentialAction":[{"@type":"ReadAction","target":["https:\/\/www.rumicon.sk\/hu\/produkt\/rum-pussers-gunpowder-proof-07l-545\/"]}]},{"@type":"ImageObject","inLanguage":"hu","@id":"https:\/\/www.rumicon.sk\/hu\/produkt\/rum-pussers-gunpowder-proof-07l-545\/#primaryimage","url":"https:\/\/www.rumicon.sk\/wp-content\/uploads\/Pussers-Rum-Gunpowder-Proof-Rum.jpg","contentUrl":"https:\/\/www.rumicon.sk\/wp-content\/uploads\/Pussers-Rum-Gunpowder-Proof-Rum.jpg","width":1600,"height":1600,"caption":"Pusser\u00b4s Rum Gunpowder Proof 0,7l 54,5%"},{"@type":"BreadcrumbList","@id":"https:\/\/www.rumicon.sk\/hu\/produkt\/rum-pussers-gunpowder-proof-07l-545\/#breadcrumb","itemListElement":[{"@type":"ListItem","position":1,"name":"Home","item":"https:\/\/www.rumicon.sk\/hu\/home\/"},{"@type":"ListItem","position":2,"name":"Web\u00e1ruh\u00e1z","item":"https:\/\/www.rumicon.sk\/hu\/webaruhaz\/"},{"@type":"ListItem","position":3,"name":"Rum Pussers Gunpowder Proof 0,7l 54,5%"}]},{"@type":"WebSite","@id":"https:\/\/www.rumicon.sk\/hu\/#website","url":"https:\/\/www.rumicon.sk\/hu\/","name":"rumicon.sk","description":"","publisher":{"@id":"https:\/\/www.rumicon.sk\/hu\/#organization"},"potentialAction":[{"@type":"SearchAction","target":{"@type":"EntryPoint","urlTemplate":"https:\/\/www.rumicon.sk\/hu\/?s={search_term_string}"},"query-input":{"@type":"PropertyValueSpecification","valueRequired":true,"valueName":"search_term_string"}}],"inLanguage":"hu"},{"@type":"Organization","@id":"https:\/\/www.rumicon.sk\/hu\/#organization","name":"rumicon.sk","url":"https:\/\/www.rumicon.sk\/hu\/","logo":{"@type":"ImageObject","inLanguage":"hu","@id":"https:\/\/www.rumicon.sk\/hu\/#\/schema\/logo\/image\/","url":"https:\/\/www.rumicon.sk\/wp-content\/uploads\/logo-rumicon-bcs-color.png","contentUrl":"https:\/\/www.rumicon.sk\/wp-content\/uploads\/logo-rumicon-bcs-color.png","width":827,"height":278,"caption":"rumicon.sk"},"image":{"@id":"https:\/\/www.rumicon.sk\/hu\/#\/schema\/logo\/image\/"},"sameAs":["https:\/\/www.facebook.com\/people\/Rumicon-Bottle-Cigar-Shop\/100087110283303\/","https:\/\/www.instagram.com\/rumicon_bottle_cigar_shop\/","https:\/\/www.tiktok.com\/@rumicon2022"]}]}},"_links":{"self":[{"href":"https:\/\/www.rumicon.sk\/hu\/wp-json\/wp\/v2\/product\/5428","targetHints":{"allow":["GET"]}}],"collection":[{"href":"https:\/\/www.rumicon.sk\/hu\/wp-json\/wp\/v2\/product"}],"about":[{"href":"https:\/\/www.rumicon.sk\/hu\/wp-json\/wp\/v2\/types\/product"}],"replies":[{"embeddable":true,"href":"https:\/\/www.rumicon.sk\/hu\/wp-json\/wp\/v2\/comments?post=5428"}],"wp:featuredmedia":[{"embeddable":true,"href":"https:\/\/www.rumicon.sk\/hu\/wp-json\/wp\/v2\/media\/5430"}],"wp:attachment":[{"href":"https:\/\/www.rumicon.sk\/hu\/wp-json\/wp\/v2\/media?parent=5428"}],"wp:term":[{"taxonomy":"product_brand","embeddable":true,"href":"https:\/\/www.rumicon.sk\/hu\/wp-json\/wp\/v2\/product_brand?post=5428"},{"taxonomy":"product_cat","embeddable":true,"href":"https:\/\/www.rumicon.sk\/hu\/wp-json\/wp\/v2\/product_cat?post=5428"},{"taxonomy":"product_tag","embeddable":true,"href":"https:\/\/www.rumicon.sk\/hu\/wp-json\/wp\/v2\/product_tag?post=5428"}],"curies":[{"name":"wp","href":"https:\/\/api.w.org\/{rel}","templated":true}]}}