{"id":5409,"date":"2022-11-11T08:25:38","date_gmt":"2022-11-11T07:25:38","guid":{"rendered":"https:\/\/www.rumicon.sk\/produkt\/rum-s-b-s-jamaica-teca-07l-57\/"},"modified":"2024-10-10T14:27:44","modified_gmt":"2024-10-10T12:27:44","slug":"rum-s-b-s-jamaica-teca-07l-57","status":"publish","type":"product","link":"https:\/\/www.rumicon.sk\/hu\/produkt\/rum-s-b-s-jamaica-teca-07l-57\/","title":{"rendered":"Rum S.B.S. Jamaica Teca 0,7l 57%"},"content":{"rendered":"<p><strong>Illat:<\/strong> tr\u00f3pusi gy\u00fcm\u00f6lcs\u00f6k \u00e9s vir\u00e1gok jegyei egy csipetnyi \u00e9getett cukorral. <strong> \u00cdz: \u00cdzek: Az \u00edzek a k\u00f6vetkez\u0151k:<\/strong> F\u0171szeres, tr\u00f3pusi gy\u00fcm\u00f6lcs\u00f6k, p\u00e9ld\u00e1ul papaya vagy mang\u00f3 friss arom\u00e1j\u00e1val. \u00c9des m\u00e9zes jegyek. <strong> Befejez\u00e9s:<\/strong> F\u0171szeres \u00e9lm\u00e9ny <strong>.<\/strong> <\/p>\n","protected":false},"excerpt":{"rendered":"<p>Az S.B.S Origin Jamaica TECA egy feh\u00e9r rum 57%-os alkoholtartalommal \u00e9s nagyon magas, 1200-1300 g\/hl k\u00f6r\u00fcli \u00e9sztertartalommal.<\/p>\n","protected":false},"featured_media":5411,"comment_status":"closed","ping_status":"closed","template":"","meta":{"_acf_changed":false},"product_brand":[],"product_cat":[483,507],"product_tag":[910,703],"class_list":{"0":"post-5409","1":"product","2":"type-product","3":"status-publish","4":"has-post-thumbnail","6":"product_cat-rum-hu","7":"product_cat-feher-rum","8":"product_tag-jamaika-rum","9":"product_tag-s-b-s-hu","10":"pa_druh-alkoholu-feher-rum","11":"pa_krajina-povodu-jamaica","12":"pa_objem-07-l-hu","13":"pa_obsah-alkoholu-57-hu","14":"pa_znacka-s-b-s-hu","16":"first","17":"instock","18":"sale","19":"taxable","20":"shipping-taxable","21":"purchasable","22":"product-type-simple"},"acf":[],"yoast_head":"<!-- This site is optimized with the Yoast SEO plugin v27.0 - https:\/\/yoast.com\/product\/yoast-seo-wordpress\/ -->\n<title>Rum S.B.S. Jamaica Teca 0,7l 57% - rumicon.sk<\/title>\n<meta name=\"robots\" content=\"index, follow, max-snippet:-1, max-image-preview:large, max-video-preview:-1\" \/>\n<link rel=\"canonical\" href=\"https:\/\/www.rumicon.sk\/hu\/produkt\/rum-s-b-s-jamaica-teca-07l-57\/\" \/>\n<meta property=\"og:locale\" content=\"hu_HU\" \/>\n<meta property=\"og:type\" content=\"article\" \/>\n<meta property=\"og:title\" content=\"Rum S.B.S. Jamaica Teca 0,7l 57% - rumicon.sk\" \/>\n<meta property=\"og:description\" content=\"Az S.B.S Origin Jamaica TECA egy feh\u00e9r rum 57%-os alkoholtartalommal \u00e9s nagyon magas, 1200-1300 g\/hl k\u00f6r\u00fcli \u00e9sztertartalommal.\" \/>\n<meta property=\"og:url\" content=\"https:\/\/www.rumicon.sk\/hu\/produkt\/rum-s-b-s-jamaica-teca-07l-57\/\" \/>\n<meta property=\"og:site_name\" content=\"rumicon.sk\" \/>\n<meta property=\"article:publisher\" content=\"https:\/\/www.facebook.com\/people\/Rumicon-Bottle-Cigar-Shop\/100087110283303\/\" \/>\n<meta property=\"article:modified_time\" content=\"2024-10-10T12:27:44+00:00\" \/>\n<meta property=\"og:image\" content=\"https:\/\/www.rumicon.sk\/wp-content\/uploads\/S.B.S-Origin-Jamaica-TECA.jpg\" \/>\n\t<meta property=\"og:image:width\" content=\"1600\" \/>\n\t<meta property=\"og:image:height\" content=\"1600\" \/>\n\t<meta property=\"og:image:type\" content=\"image\/jpeg\" \/>\n<meta name=\"twitter:card\" content=\"summary_large_image\" \/>\n<script type=\"application\/ld+json\" class=\"yoast-schema-graph\">{\"@context\":\"https:\/\/schema.org\",\"@graph\":[{\"@type\":\"WebPage\",\"@id\":\"https:\/\/www.rumicon.sk\/hu\/produkt\/rum-s-b-s-jamaica-teca-07l-57\/\",\"url\":\"https:\/\/www.rumicon.sk\/hu\/produkt\/rum-s-b-s-jamaica-teca-07l-57\/\",\"name\":\"Rum S.B.S. Jamaica Teca 0,7l 57% - rumicon.sk\",\"isPartOf\":{\"@id\":\"https:\/\/www.rumicon.sk\/hu\/#website\"},\"primaryImageOfPage\":{\"@id\":\"https:\/\/www.rumicon.sk\/hu\/produkt\/rum-s-b-s-jamaica-teca-07l-57\/#primaryimage\"},\"image\":{\"@id\":\"https:\/\/www.rumicon.sk\/hu\/produkt\/rum-s-b-s-jamaica-teca-07l-57\/#primaryimage\"},\"thumbnailUrl\":\"https:\/\/www.rumicon.sk\/wp-content\/uploads\/S.B.S-Origin-Jamaica-TECA.jpg\",\"datePublished\":\"2022-11-11T07:25:38+00:00\",\"dateModified\":\"2024-10-10T12:27:44+00:00\",\"breadcrumb\":{\"@id\":\"https:\/\/www.rumicon.sk\/hu\/produkt\/rum-s-b-s-jamaica-teca-07l-57\/#breadcrumb\"},\"inLanguage\":\"hu\",\"potentialAction\":[{\"@type\":\"ReadAction\",\"target\":[\"https:\/\/www.rumicon.sk\/hu\/produkt\/rum-s-b-s-jamaica-teca-07l-57\/\"]}]},{\"@type\":\"ImageObject\",\"inLanguage\":\"hu\",\"@id\":\"https:\/\/www.rumicon.sk\/hu\/produkt\/rum-s-b-s-jamaica-teca-07l-57\/#primaryimage\",\"url\":\"https:\/\/www.rumicon.sk\/wp-content\/uploads\/S.B.S-Origin-Jamaica-TECA.jpg\",\"contentUrl\":\"https:\/\/www.rumicon.sk\/wp-content\/uploads\/S.B.S-Origin-Jamaica-TECA.jpg\",\"width\":1600,\"height\":1600,\"caption\":\"s.b.s origin jamaica teca\"},{\"@type\":\"BreadcrumbList\",\"@id\":\"https:\/\/www.rumicon.sk\/hu\/produkt\/rum-s-b-s-jamaica-teca-07l-57\/#breadcrumb\",\"itemListElement\":[{\"@type\":\"ListItem\",\"position\":1,\"name\":\"Home\",\"item\":\"https:\/\/www.rumicon.sk\/hu\/home\/\"},{\"@type\":\"ListItem\",\"position\":2,\"name\":\"Web\u00e1ruh\u00e1z\",\"item\":\"https:\/\/www.rumicon.sk\/hu\/webaruhaz\/\"},{\"@type\":\"ListItem\",\"position\":3,\"name\":\"Rum S.B.S. Jamaica Teca 0,7l 57%\"}]},{\"@type\":\"WebSite\",\"@id\":\"https:\/\/www.rumicon.sk\/hu\/#website\",\"url\":\"https:\/\/www.rumicon.sk\/hu\/\",\"name\":\"rumicon.sk\",\"description\":\"\",\"publisher\":{\"@id\":\"https:\/\/www.rumicon.sk\/hu\/#organization\"},\"potentialAction\":[{\"@type\":\"SearchAction\",\"target\":{\"@type\":\"EntryPoint\",\"urlTemplate\":\"https:\/\/www.rumicon.sk\/hu\/?s={search_term_string}\"},\"query-input\":{\"@type\":\"PropertyValueSpecification\",\"valueRequired\":true,\"valueName\":\"search_term_string\"}}],\"inLanguage\":\"hu\"},{\"@type\":\"Organization\",\"@id\":\"https:\/\/www.rumicon.sk\/hu\/#organization\",\"name\":\"rumicon.sk\",\"url\":\"https:\/\/www.rumicon.sk\/hu\/\",\"logo\":{\"@type\":\"ImageObject\",\"inLanguage\":\"hu\",\"@id\":\"https:\/\/www.rumicon.sk\/hu\/#\/schema\/logo\/image\/\",\"url\":\"https:\/\/www.rumicon.sk\/wp-content\/uploads\/logo-rumicon-bcs-color.png\",\"contentUrl\":\"https:\/\/www.rumicon.sk\/wp-content\/uploads\/logo-rumicon-bcs-color.png\",\"width\":827,\"height\":278,\"caption\":\"rumicon.sk\"},\"image\":{\"@id\":\"https:\/\/www.rumicon.sk\/hu\/#\/schema\/logo\/image\/\"},\"sameAs\":[\"https:\/\/www.facebook.com\/people\/Rumicon-Bottle-Cigar-Shop\/100087110283303\/\",\"https:\/\/www.instagram.com\/rumicon_bottle_cigar_shop\/\",\"https:\/\/www.tiktok.com\/@rumicon2022\"]}]}<\/script>\n<!-- \/ Yoast SEO plugin. -->","yoast_head_json":{"title":"Rum S.B.S. Jamaica Teca 0,7l 57% - rumicon.sk","robots":{"index":"index","follow":"follow","max-snippet":"max-snippet:-1","max-image-preview":"max-image-preview:large","max-video-preview":"max-video-preview:-1"},"canonical":"https:\/\/www.rumicon.sk\/hu\/produkt\/rum-s-b-s-jamaica-teca-07l-57\/","og_locale":"hu_HU","og_type":"article","og_title":"Rum S.B.S. Jamaica Teca 0,7l 57% - rumicon.sk","og_description":"Az S.B.S Origin Jamaica TECA egy feh\u00e9r rum 57%-os alkoholtartalommal \u00e9s nagyon magas, 1200-1300 g\/hl k\u00f6r\u00fcli \u00e9sztertartalommal.","og_url":"https:\/\/www.rumicon.sk\/hu\/produkt\/rum-s-b-s-jamaica-teca-07l-57\/","og_site_name":"rumicon.sk","article_publisher":"https:\/\/www.facebook.com\/people\/Rumicon-Bottle-Cigar-Shop\/100087110283303\/","article_modified_time":"2024-10-10T12:27:44+00:00","og_image":[{"width":1600,"height":1600,"url":"https:\/\/www.rumicon.sk\/wp-content\/uploads\/S.B.S-Origin-Jamaica-TECA.jpg","type":"image\/jpeg"}],"twitter_card":"summary_large_image","schema":{"@context":"https:\/\/schema.org","@graph":[{"@type":"WebPage","@id":"https:\/\/www.rumicon.sk\/hu\/produkt\/rum-s-b-s-jamaica-teca-07l-57\/","url":"https:\/\/www.rumicon.sk\/hu\/produkt\/rum-s-b-s-jamaica-teca-07l-57\/","name":"Rum S.B.S. Jamaica Teca 0,7l 57% - rumicon.sk","isPartOf":{"@id":"https:\/\/www.rumicon.sk\/hu\/#website"},"primaryImageOfPage":{"@id":"https:\/\/www.rumicon.sk\/hu\/produkt\/rum-s-b-s-jamaica-teca-07l-57\/#primaryimage"},"image":{"@id":"https:\/\/www.rumicon.sk\/hu\/produkt\/rum-s-b-s-jamaica-teca-07l-57\/#primaryimage"},"thumbnailUrl":"https:\/\/www.rumicon.sk\/wp-content\/uploads\/S.B.S-Origin-Jamaica-TECA.jpg","datePublished":"2022-11-11T07:25:38+00:00","dateModified":"2024-10-10T12:27:44+00:00","breadcrumb":{"@id":"https:\/\/www.rumicon.sk\/hu\/produkt\/rum-s-b-s-jamaica-teca-07l-57\/#breadcrumb"},"inLanguage":"hu","potentialAction":[{"@type":"ReadAction","target":["https:\/\/www.rumicon.sk\/hu\/produkt\/rum-s-b-s-jamaica-teca-07l-57\/"]}]},{"@type":"ImageObject","inLanguage":"hu","@id":"https:\/\/www.rumicon.sk\/hu\/produkt\/rum-s-b-s-jamaica-teca-07l-57\/#primaryimage","url":"https:\/\/www.rumicon.sk\/wp-content\/uploads\/S.B.S-Origin-Jamaica-TECA.jpg","contentUrl":"https:\/\/www.rumicon.sk\/wp-content\/uploads\/S.B.S-Origin-Jamaica-TECA.jpg","width":1600,"height":1600,"caption":"s.b.s origin jamaica teca"},{"@type":"BreadcrumbList","@id":"https:\/\/www.rumicon.sk\/hu\/produkt\/rum-s-b-s-jamaica-teca-07l-57\/#breadcrumb","itemListElement":[{"@type":"ListItem","position":1,"name":"Home","item":"https:\/\/www.rumicon.sk\/hu\/home\/"},{"@type":"ListItem","position":2,"name":"Web\u00e1ruh\u00e1z","item":"https:\/\/www.rumicon.sk\/hu\/webaruhaz\/"},{"@type":"ListItem","position":3,"name":"Rum S.B.S. Jamaica Teca 0,7l 57%"}]},{"@type":"WebSite","@id":"https:\/\/www.rumicon.sk\/hu\/#website","url":"https:\/\/www.rumicon.sk\/hu\/","name":"rumicon.sk","description":"","publisher":{"@id":"https:\/\/www.rumicon.sk\/hu\/#organization"},"potentialAction":[{"@type":"SearchAction","target":{"@type":"EntryPoint","urlTemplate":"https:\/\/www.rumicon.sk\/hu\/?s={search_term_string}"},"query-input":{"@type":"PropertyValueSpecification","valueRequired":true,"valueName":"search_term_string"}}],"inLanguage":"hu"},{"@type":"Organization","@id":"https:\/\/www.rumicon.sk\/hu\/#organization","name":"rumicon.sk","url":"https:\/\/www.rumicon.sk\/hu\/","logo":{"@type":"ImageObject","inLanguage":"hu","@id":"https:\/\/www.rumicon.sk\/hu\/#\/schema\/logo\/image\/","url":"https:\/\/www.rumicon.sk\/wp-content\/uploads\/logo-rumicon-bcs-color.png","contentUrl":"https:\/\/www.rumicon.sk\/wp-content\/uploads\/logo-rumicon-bcs-color.png","width":827,"height":278,"caption":"rumicon.sk"},"image":{"@id":"https:\/\/www.rumicon.sk\/hu\/#\/schema\/logo\/image\/"},"sameAs":["https:\/\/www.facebook.com\/people\/Rumicon-Bottle-Cigar-Shop\/100087110283303\/","https:\/\/www.instagram.com\/rumicon_bottle_cigar_shop\/","https:\/\/www.tiktok.com\/@rumicon2022"]}]}},"_links":{"self":[{"href":"https:\/\/www.rumicon.sk\/hu\/wp-json\/wp\/v2\/product\/5409","targetHints":{"allow":["GET"]}}],"collection":[{"href":"https:\/\/www.rumicon.sk\/hu\/wp-json\/wp\/v2\/product"}],"about":[{"href":"https:\/\/www.rumicon.sk\/hu\/wp-json\/wp\/v2\/types\/product"}],"replies":[{"embeddable":true,"href":"https:\/\/www.rumicon.sk\/hu\/wp-json\/wp\/v2\/comments?post=5409"}],"wp:featuredmedia":[{"embeddable":true,"href":"https:\/\/www.rumicon.sk\/hu\/wp-json\/wp\/v2\/media\/5411"}],"wp:attachment":[{"href":"https:\/\/www.rumicon.sk\/hu\/wp-json\/wp\/v2\/media?parent=5409"}],"wp:term":[{"taxonomy":"product_brand","embeddable":true,"href":"https:\/\/www.rumicon.sk\/hu\/wp-json\/wp\/v2\/product_brand?post=5409"},{"taxonomy":"product_cat","embeddable":true,"href":"https:\/\/www.rumicon.sk\/hu\/wp-json\/wp\/v2\/product_cat?post=5409"},{"taxonomy":"product_tag","embeddable":true,"href":"https:\/\/www.rumicon.sk\/hu\/wp-json\/wp\/v2\/product_tag?post=5409"}],"curies":[{"name":"wp","href":"https:\/\/api.w.org\/{rel}","templated":true}]}}