{"id":5356,"date":"2022-11-15T06:43:33","date_gmt":"2022-11-15T05:43:33","guid":{"rendered":"https:\/\/www.rumicon.sk\/produkt\/cognac-pierre-ferrand-reserve-07l-423\/"},"modified":"2024-10-11T12:31:09","modified_gmt":"2024-10-11T10:31:09","slug":"cognac-pierre-ferrand-reserve-07l-423","status":"publish","type":"product","link":"https:\/\/www.rumicon.sk\/hu\/produkt\/cognac-pierre-ferrand-reserve-07l-423\/","title":{"rendered":"Cognac Pierre Ferrand R\u00e9serve 0,7l 42,3%"},"content":{"rendered":"<p><strong>Sz\u00edn:<\/strong><\/p>\n<p><strong>Illat<\/strong>:<\/p>\n<p><strong>\u00cdz:<\/strong> Sz\u00e1raz gy\u00fcm\u00f6lcs\u00f6k, mazsola, alma, sz\u0151l\u0151, mandula, di\u00f3.<strong>\u00cdz: Sz<\/strong> \u00e1raz gy\u00fcm\u00f6lcs\u00f6k, mazsola, alma, sz\u0151l\u0151, mandula, di\u00f3: T\u00f6lgy, sz\u00e1raz gy\u00fcm\u00f6lcs\u00f6k, sz\u0151l\u0151, fah\u00e9j, citrusf\u00e9l\u00e9k, s\u00e1rga alma.<\/p>\n","protected":false},"excerpt":{"rendered":"<p>R\u00e9ges-r\u00e9gen, a 19. sz\u00e1zadban a konyakgy\u00e1rt\u00f3k, mint p\u00e9ld\u00e1ul Elie Ferrand (8. gener\u00e1ci\u00f3), k\u00fcl\u00f6nb\u00f6z\u0151 hord\u00f3kat haszn\u00e1ltak, hogy az \u00edzek \u00e9s a komplexit\u00e1s leny\u0171g\u00f6z\u0151 v\u00e1laszt\u00e9k\u00e1t hozz\u00e1k l\u00e9tre. Ezt az elfeledett hagyom\u00e1nyt feleleven\u00edtve a Ferrand R\u00e9serve-t el\u0151sz\u00f6r klasszikus konyakoshord\u00f3kban \u00e9rlelik az els\u0151 \u00e9vben, majd Banyuls hord\u00f3kban \u00e9rlelik tov\u00e1bb.  <\/p>\n","protected":false},"featured_media":5358,"comment_status":"closed","ping_status":"closed","template":"","meta":{"_acf_changed":false},"product_brand":[],"product_cat":[585,586],"product_tag":[668,938],"class_list":{"0":"post-5356","1":"product","2":"type-product","3":"status-publish","4":"has-post-thumbnail","6":"product_cat-konyak-brandy","7":"product_cat-konyak","8":"product_tag-ferrand-cognac-hu","9":"product_tag-franciaorszag-konyak-es-palinka","10":"pa_druh-alkoholu-konyak","11":"pa_krajina-povodu-franciaorszag","12":"pa_objem-07-l-hu","13":"pa_obsah-alkoholu-42-hu","14":"pa_znacka-ferrand-cognac-hu","16":"first","17":"instock","18":"sale","19":"taxable","20":"shipping-taxable","21":"purchasable","22":"product-type-simple"},"acf":[],"yoast_head":"<!-- This site is optimized with the Yoast SEO plugin v27.0 - https:\/\/yoast.com\/product\/yoast-seo-wordpress\/ -->\n<title>Cognac Pierre Ferrand R\u00e9serve 0,7l 42,3% - rumicon.sk<\/title>\n<meta name=\"robots\" content=\"index, follow, max-snippet:-1, max-image-preview:large, max-video-preview:-1\" \/>\n<link rel=\"canonical\" href=\"https:\/\/www.rumicon.sk\/hu\/produkt\/cognac-pierre-ferrand-reserve-07l-423\/\" \/>\n<meta property=\"og:locale\" content=\"hu_HU\" \/>\n<meta property=\"og:type\" content=\"article\" \/>\n<meta property=\"og:title\" content=\"Cognac Pierre Ferrand R\u00e9serve 0,7l 42,3% - rumicon.sk\" \/>\n<meta property=\"og:description\" content=\"R\u00e9ges-r\u00e9gen, a 19. sz\u00e1zadban a konyakgy\u00e1rt\u00f3k, mint p\u00e9ld\u00e1ul Elie Ferrand (8. gener\u00e1ci\u00f3), k\u00fcl\u00f6nb\u00f6z\u0151 hord\u00f3kat haszn\u00e1ltak, hogy az \u00edzek \u00e9s a komplexit\u00e1s leny\u0171g\u00f6z\u0151 v\u00e1laszt\u00e9k\u00e1t hozz\u00e1k l\u00e9tre. Ezt az elfeledett hagyom\u00e1nyt feleleven\u00edtve a Ferrand R\u00e9serve-t el\u0151sz\u00f6r klasszikus konyakoshord\u00f3kban \u00e9rlelik az els\u0151 \u00e9vben, majd Banyuls hord\u00f3kban \u00e9rlelik tov\u00e1bb.\" \/>\n<meta property=\"og:url\" content=\"https:\/\/www.rumicon.sk\/hu\/produkt\/cognac-pierre-ferrand-reserve-07l-423\/\" \/>\n<meta property=\"og:site_name\" content=\"rumicon.sk\" \/>\n<meta property=\"article:publisher\" content=\"https:\/\/www.facebook.com\/people\/Rumicon-Bottle-Cigar-Shop\/100087110283303\/\" \/>\n<meta property=\"article:modified_time\" content=\"2024-10-11T10:31:09+00:00\" \/>\n<meta property=\"og:image\" content=\"https:\/\/www.rumicon.sk\/wp-content\/uploads\/96547eb8a99ec179acf051086a65843b.jpg\" \/>\n\t<meta property=\"og:image:width\" content=\"1600\" \/>\n\t<meta property=\"og:image:height\" content=\"1600\" \/>\n\t<meta property=\"og:image:type\" content=\"image\/jpeg\" \/>\n<meta name=\"twitter:card\" content=\"summary_large_image\" \/>\n<script type=\"application\/ld+json\" class=\"yoast-schema-graph\">{\"@context\":\"https:\/\/schema.org\",\"@graph\":[{\"@type\":\"WebPage\",\"@id\":\"https:\/\/www.rumicon.sk\/hu\/produkt\/cognac-pierre-ferrand-reserve-07l-423\/\",\"url\":\"https:\/\/www.rumicon.sk\/hu\/produkt\/cognac-pierre-ferrand-reserve-07l-423\/\",\"name\":\"Cognac Pierre Ferrand R\u00e9serve 0,7l 42,3% - rumicon.sk\",\"isPartOf\":{\"@id\":\"https:\/\/www.rumicon.sk\/hu\/#website\"},\"primaryImageOfPage\":{\"@id\":\"https:\/\/www.rumicon.sk\/hu\/produkt\/cognac-pierre-ferrand-reserve-07l-423\/#primaryimage\"},\"image\":{\"@id\":\"https:\/\/www.rumicon.sk\/hu\/produkt\/cognac-pierre-ferrand-reserve-07l-423\/#primaryimage\"},\"thumbnailUrl\":\"https:\/\/www.rumicon.sk\/wp-content\/uploads\/96547eb8a99ec179acf051086a65843b.jpg\",\"datePublished\":\"2022-11-15T05:43:33+00:00\",\"dateModified\":\"2024-10-11T10:31:09+00:00\",\"breadcrumb\":{\"@id\":\"https:\/\/www.rumicon.sk\/hu\/produkt\/cognac-pierre-ferrand-reserve-07l-423\/#breadcrumb\"},\"inLanguage\":\"hu\",\"potentialAction\":[{\"@type\":\"ReadAction\",\"target\":[\"https:\/\/www.rumicon.sk\/hu\/produkt\/cognac-pierre-ferrand-reserve-07l-423\/\"]}]},{\"@type\":\"ImageObject\",\"inLanguage\":\"hu\",\"@id\":\"https:\/\/www.rumicon.sk\/hu\/produkt\/cognac-pierre-ferrand-reserve-07l-423\/#primaryimage\",\"url\":\"https:\/\/www.rumicon.sk\/wp-content\/uploads\/96547eb8a99ec179acf051086a65843b.jpg\",\"contentUrl\":\"https:\/\/www.rumicon.sk\/wp-content\/uploads\/96547eb8a99ec179acf051086a65843b.jpg\",\"width\":1600,\"height\":1600},{\"@type\":\"BreadcrumbList\",\"@id\":\"https:\/\/www.rumicon.sk\/hu\/produkt\/cognac-pierre-ferrand-reserve-07l-423\/#breadcrumb\",\"itemListElement\":[{\"@type\":\"ListItem\",\"position\":1,\"name\":\"Home\",\"item\":\"https:\/\/www.rumicon.sk\/hu\/home\/\"},{\"@type\":\"ListItem\",\"position\":2,\"name\":\"Web\u00e1ruh\u00e1z\",\"item\":\"https:\/\/www.rumicon.sk\/hu\/webaruhaz\/\"},{\"@type\":\"ListItem\",\"position\":3,\"name\":\"Cognac Pierre Ferrand R\u00e9serve 0,7l 42,3%\"}]},{\"@type\":\"WebSite\",\"@id\":\"https:\/\/www.rumicon.sk\/hu\/#website\",\"url\":\"https:\/\/www.rumicon.sk\/hu\/\",\"name\":\"rumicon.sk\",\"description\":\"\",\"publisher\":{\"@id\":\"https:\/\/www.rumicon.sk\/hu\/#organization\"},\"potentialAction\":[{\"@type\":\"SearchAction\",\"target\":{\"@type\":\"EntryPoint\",\"urlTemplate\":\"https:\/\/www.rumicon.sk\/hu\/?s={search_term_string}\"},\"query-input\":{\"@type\":\"PropertyValueSpecification\",\"valueRequired\":true,\"valueName\":\"search_term_string\"}}],\"inLanguage\":\"hu\"},{\"@type\":\"Organization\",\"@id\":\"https:\/\/www.rumicon.sk\/hu\/#organization\",\"name\":\"rumicon.sk\",\"url\":\"https:\/\/www.rumicon.sk\/hu\/\",\"logo\":{\"@type\":\"ImageObject\",\"inLanguage\":\"hu\",\"@id\":\"https:\/\/www.rumicon.sk\/hu\/#\/schema\/logo\/image\/\",\"url\":\"https:\/\/www.rumicon.sk\/wp-content\/uploads\/logo-rumicon-bcs-color.png\",\"contentUrl\":\"https:\/\/www.rumicon.sk\/wp-content\/uploads\/logo-rumicon-bcs-color.png\",\"width\":827,\"height\":278,\"caption\":\"rumicon.sk\"},\"image\":{\"@id\":\"https:\/\/www.rumicon.sk\/hu\/#\/schema\/logo\/image\/\"},\"sameAs\":[\"https:\/\/www.facebook.com\/people\/Rumicon-Bottle-Cigar-Shop\/100087110283303\/\",\"https:\/\/www.instagram.com\/rumicon_bottle_cigar_shop\/\",\"https:\/\/www.tiktok.com\/@rumicon2022\"]}]}<\/script>\n<!-- \/ Yoast SEO plugin. -->","yoast_head_json":{"title":"Cognac Pierre Ferrand R\u00e9serve 0,7l 42,3% - rumicon.sk","robots":{"index":"index","follow":"follow","max-snippet":"max-snippet:-1","max-image-preview":"max-image-preview:large","max-video-preview":"max-video-preview:-1"},"canonical":"https:\/\/www.rumicon.sk\/hu\/produkt\/cognac-pierre-ferrand-reserve-07l-423\/","og_locale":"hu_HU","og_type":"article","og_title":"Cognac Pierre Ferrand R\u00e9serve 0,7l 42,3% - rumicon.sk","og_description":"R\u00e9ges-r\u00e9gen, a 19. sz\u00e1zadban a konyakgy\u00e1rt\u00f3k, mint p\u00e9ld\u00e1ul Elie Ferrand (8. gener\u00e1ci\u00f3), k\u00fcl\u00f6nb\u00f6z\u0151 hord\u00f3kat haszn\u00e1ltak, hogy az \u00edzek \u00e9s a komplexit\u00e1s leny\u0171g\u00f6z\u0151 v\u00e1laszt\u00e9k\u00e1t hozz\u00e1k l\u00e9tre. Ezt az elfeledett hagyom\u00e1nyt feleleven\u00edtve a Ferrand R\u00e9serve-t el\u0151sz\u00f6r klasszikus konyakoshord\u00f3kban \u00e9rlelik az els\u0151 \u00e9vben, majd Banyuls hord\u00f3kban \u00e9rlelik tov\u00e1bb.","og_url":"https:\/\/www.rumicon.sk\/hu\/produkt\/cognac-pierre-ferrand-reserve-07l-423\/","og_site_name":"rumicon.sk","article_publisher":"https:\/\/www.facebook.com\/people\/Rumicon-Bottle-Cigar-Shop\/100087110283303\/","article_modified_time":"2024-10-11T10:31:09+00:00","og_image":[{"width":1600,"height":1600,"url":"https:\/\/www.rumicon.sk\/wp-content\/uploads\/96547eb8a99ec179acf051086a65843b.jpg","type":"image\/jpeg"}],"twitter_card":"summary_large_image","schema":{"@context":"https:\/\/schema.org","@graph":[{"@type":"WebPage","@id":"https:\/\/www.rumicon.sk\/hu\/produkt\/cognac-pierre-ferrand-reserve-07l-423\/","url":"https:\/\/www.rumicon.sk\/hu\/produkt\/cognac-pierre-ferrand-reserve-07l-423\/","name":"Cognac Pierre Ferrand R\u00e9serve 0,7l 42,3% - rumicon.sk","isPartOf":{"@id":"https:\/\/www.rumicon.sk\/hu\/#website"},"primaryImageOfPage":{"@id":"https:\/\/www.rumicon.sk\/hu\/produkt\/cognac-pierre-ferrand-reserve-07l-423\/#primaryimage"},"image":{"@id":"https:\/\/www.rumicon.sk\/hu\/produkt\/cognac-pierre-ferrand-reserve-07l-423\/#primaryimage"},"thumbnailUrl":"https:\/\/www.rumicon.sk\/wp-content\/uploads\/96547eb8a99ec179acf051086a65843b.jpg","datePublished":"2022-11-15T05:43:33+00:00","dateModified":"2024-10-11T10:31:09+00:00","breadcrumb":{"@id":"https:\/\/www.rumicon.sk\/hu\/produkt\/cognac-pierre-ferrand-reserve-07l-423\/#breadcrumb"},"inLanguage":"hu","potentialAction":[{"@type":"ReadAction","target":["https:\/\/www.rumicon.sk\/hu\/produkt\/cognac-pierre-ferrand-reserve-07l-423\/"]}]},{"@type":"ImageObject","inLanguage":"hu","@id":"https:\/\/www.rumicon.sk\/hu\/produkt\/cognac-pierre-ferrand-reserve-07l-423\/#primaryimage","url":"https:\/\/www.rumicon.sk\/wp-content\/uploads\/96547eb8a99ec179acf051086a65843b.jpg","contentUrl":"https:\/\/www.rumicon.sk\/wp-content\/uploads\/96547eb8a99ec179acf051086a65843b.jpg","width":1600,"height":1600},{"@type":"BreadcrumbList","@id":"https:\/\/www.rumicon.sk\/hu\/produkt\/cognac-pierre-ferrand-reserve-07l-423\/#breadcrumb","itemListElement":[{"@type":"ListItem","position":1,"name":"Home","item":"https:\/\/www.rumicon.sk\/hu\/home\/"},{"@type":"ListItem","position":2,"name":"Web\u00e1ruh\u00e1z","item":"https:\/\/www.rumicon.sk\/hu\/webaruhaz\/"},{"@type":"ListItem","position":3,"name":"Cognac Pierre Ferrand R\u00e9serve 0,7l 42,3%"}]},{"@type":"WebSite","@id":"https:\/\/www.rumicon.sk\/hu\/#website","url":"https:\/\/www.rumicon.sk\/hu\/","name":"rumicon.sk","description":"","publisher":{"@id":"https:\/\/www.rumicon.sk\/hu\/#organization"},"potentialAction":[{"@type":"SearchAction","target":{"@type":"EntryPoint","urlTemplate":"https:\/\/www.rumicon.sk\/hu\/?s={search_term_string}"},"query-input":{"@type":"PropertyValueSpecification","valueRequired":true,"valueName":"search_term_string"}}],"inLanguage":"hu"},{"@type":"Organization","@id":"https:\/\/www.rumicon.sk\/hu\/#organization","name":"rumicon.sk","url":"https:\/\/www.rumicon.sk\/hu\/","logo":{"@type":"ImageObject","inLanguage":"hu","@id":"https:\/\/www.rumicon.sk\/hu\/#\/schema\/logo\/image\/","url":"https:\/\/www.rumicon.sk\/wp-content\/uploads\/logo-rumicon-bcs-color.png","contentUrl":"https:\/\/www.rumicon.sk\/wp-content\/uploads\/logo-rumicon-bcs-color.png","width":827,"height":278,"caption":"rumicon.sk"},"image":{"@id":"https:\/\/www.rumicon.sk\/hu\/#\/schema\/logo\/image\/"},"sameAs":["https:\/\/www.facebook.com\/people\/Rumicon-Bottle-Cigar-Shop\/100087110283303\/","https:\/\/www.instagram.com\/rumicon_bottle_cigar_shop\/","https:\/\/www.tiktok.com\/@rumicon2022"]}]}},"_links":{"self":[{"href":"https:\/\/www.rumicon.sk\/hu\/wp-json\/wp\/v2\/product\/5356","targetHints":{"allow":["GET"]}}],"collection":[{"href":"https:\/\/www.rumicon.sk\/hu\/wp-json\/wp\/v2\/product"}],"about":[{"href":"https:\/\/www.rumicon.sk\/hu\/wp-json\/wp\/v2\/types\/product"}],"replies":[{"embeddable":true,"href":"https:\/\/www.rumicon.sk\/hu\/wp-json\/wp\/v2\/comments?post=5356"}],"wp:featuredmedia":[{"embeddable":true,"href":"https:\/\/www.rumicon.sk\/hu\/wp-json\/wp\/v2\/media\/5358"}],"wp:attachment":[{"href":"https:\/\/www.rumicon.sk\/hu\/wp-json\/wp\/v2\/media?parent=5356"}],"wp:term":[{"taxonomy":"product_brand","embeddable":true,"href":"https:\/\/www.rumicon.sk\/hu\/wp-json\/wp\/v2\/product_brand?post=5356"},{"taxonomy":"product_cat","embeddable":true,"href":"https:\/\/www.rumicon.sk\/hu\/wp-json\/wp\/v2\/product_cat?post=5356"},{"taxonomy":"product_tag","embeddable":true,"href":"https:\/\/www.rumicon.sk\/hu\/wp-json\/wp\/v2\/product_tag?post=5356"}],"curies":[{"name":"wp","href":"https:\/\/api.w.org\/{rel}","templated":true}]}}