{"id":5349,"date":"2022-11-15T06:43:34","date_gmt":"2022-11-15T05:43:34","guid":{"rendered":"https:\/\/www.rumicon.sk\/produkt\/ferrand-cognac-selection-des-anges-gift\/"},"modified":"2024-10-11T12:30:38","modified_gmt":"2024-10-11T10:30:38","slug":"ferrand-cognac-selection-des-anges-gift","status":"publish","type":"product","link":"https:\/\/www.rumicon.sk\/hu\/produkt\/ferrand-cognac-selection-des-anges-gift\/","title":{"rendered":"Ferrand Cognac S\u00e9lection des Anges, GIFT"},"content":{"rendered":"<p><strong>Illat<\/strong>:<\/p>\n<p><strong>\u00cdz:<\/strong> Szilva, fah\u00e9j, bors, narancs, t\u00f6lgyfa.<strong>\u00cdz<\/strong>:<\/p>\n<p> F\u0171szeres, t\u00f6lgyf\u00e1s jegyek, amelyek narancsba, csereszny\u00e9be vezetnek.<strong>Finish:<\/strong> F\u00e1ss\u00e1g, sz\u0151l\u0151, szilva, finom \u00e9dess\u00e9g.<\/p>\n","protected":false},"excerpt":{"rendered":"<p>Amikor a konyakot t\u00f6lgyfahord\u00f3ban \u00e9rlelik, lass\u00fa p\u00e1rolg\u00e1s k\u00f6vetkezik be, ami finom\u00edtja a min\u0151s\u00e9get \u00e9s koncentr\u00e1lja a legfinomabb arom\u00e1kat \u00e9s \u00edzeket. Az \u00e9rlel\u00e9s sor\u00e1n elp\u00e1rolg\u00f3 alkoholt \u00e9vsz\u00e1zadok \u00f3ta a mitikus &#8220;angyalok r\u00e9szesed\u00e9s\u00e9nek&#8221; nevezik. Sok \u00e9vnyi \u00e9rlel\u00e9s \u00e9s p\u00e1rolg\u00e1s ut\u00e1n is marad egy kis mennyis\u00e9g\u0171 konyak a hord\u00f3ban. \u0150seink ezt nevezt\u00e9k &#8220;Angyalok v\u00e1logat\u00e1sa&#8221; &#8211; &#8220;S\u00e9lection des Anges&#8221;.   <\/p>\n","protected":false},"featured_media":5351,"comment_status":"closed","ping_status":"closed","template":"","meta":{"_acf_changed":false},"product_brand":[],"product_cat":[],"product_tag":[],"class_list":{"0":"post-5349","1":"product","2":"type-product","3":"status-publish","4":"has-post-thumbnail","7":"first","8":"outofstock","9":"taxable","10":"shipping-taxable","11":"purchasable","12":"product-type-simple"},"acf":[],"yoast_head":"<!-- This site is optimized with the Yoast SEO plugin v27.0 - https:\/\/yoast.com\/product\/yoast-seo-wordpress\/ -->\n<title>Ferrand Cognac S\u00e9lection des Anges, GIFT - rumicon.sk<\/title>\n<meta name=\"robots\" content=\"index, follow, max-snippet:-1, max-image-preview:large, max-video-preview:-1\" \/>\n<link rel=\"canonical\" href=\"https:\/\/www.rumicon.sk\/hu\/produkt\/ferrand-cognac-selection-des-anges-gift\/\" \/>\n<meta property=\"og:locale\" content=\"hu_HU\" \/>\n<meta property=\"og:type\" content=\"article\" \/>\n<meta property=\"og:title\" content=\"Ferrand Cognac S\u00e9lection des Anges, GIFT - rumicon.sk\" \/>\n<meta property=\"og:description\" content=\"Amikor a konyakot t\u00f6lgyfahord\u00f3ban \u00e9rlelik, lass\u00fa p\u00e1rolg\u00e1s k\u00f6vetkezik be, ami finom\u00edtja a min\u0151s\u00e9get \u00e9s koncentr\u00e1lja a legfinomabb arom\u00e1kat \u00e9s \u00edzeket. Az \u00e9rlel\u00e9s sor\u00e1n elp\u00e1rolg\u00f3 alkoholt \u00e9vsz\u00e1zadok \u00f3ta a mitikus &quot;angyalok r\u00e9szesed\u00e9s\u00e9nek&quot; nevezik. Sok \u00e9vnyi \u00e9rlel\u00e9s \u00e9s p\u00e1rolg\u00e1s ut\u00e1n is marad egy kis mennyis\u00e9g\u0171 konyak a hord\u00f3ban. \u0150seink ezt nevezt\u00e9k &quot;Angyalok v\u00e1logat\u00e1sa&quot; - &quot;S\u00e9lection des Anges&quot;.\" \/>\n<meta property=\"og:url\" content=\"https:\/\/www.rumicon.sk\/hu\/produkt\/ferrand-cognac-selection-des-anges-gift\/\" \/>\n<meta property=\"og:site_name\" content=\"rumicon.sk\" \/>\n<meta property=\"article:publisher\" content=\"https:\/\/www.facebook.com\/people\/Rumicon-Bottle-Cigar-Shop\/100087110283303\/\" \/>\n<meta property=\"article:modified_time\" content=\"2024-10-11T10:30:38+00:00\" \/>\n<meta property=\"og:image\" content=\"https:\/\/www.rumicon.sk\/wp-content\/uploads\/b9d45be01c3117a6e88a8c7aebe486b4.jpg\" \/>\n\t<meta property=\"og:image:width\" content=\"1600\" \/>\n\t<meta property=\"og:image:height\" content=\"1600\" \/>\n\t<meta property=\"og:image:type\" content=\"image\/jpeg\" \/>\n<meta name=\"twitter:card\" content=\"summary_large_image\" \/>\n<script type=\"application\/ld+json\" class=\"yoast-schema-graph\">{\"@context\":\"https:\/\/schema.org\",\"@graph\":[{\"@type\":\"WebPage\",\"@id\":\"https:\/\/www.rumicon.sk\/hu\/produkt\/ferrand-cognac-selection-des-anges-gift\/\",\"url\":\"https:\/\/www.rumicon.sk\/hu\/produkt\/ferrand-cognac-selection-des-anges-gift\/\",\"name\":\"Ferrand Cognac S\u00e9lection des Anges, GIFT - rumicon.sk\",\"isPartOf\":{\"@id\":\"https:\/\/www.rumicon.sk\/hu\/#website\"},\"primaryImageOfPage\":{\"@id\":\"https:\/\/www.rumicon.sk\/hu\/produkt\/ferrand-cognac-selection-des-anges-gift\/#primaryimage\"},\"image\":{\"@id\":\"https:\/\/www.rumicon.sk\/hu\/produkt\/ferrand-cognac-selection-des-anges-gift\/#primaryimage\"},\"thumbnailUrl\":\"https:\/\/www.rumicon.sk\/wp-content\/uploads\/b9d45be01c3117a6e88a8c7aebe486b4.jpg\",\"datePublished\":\"2022-11-15T05:43:34+00:00\",\"dateModified\":\"2024-10-11T10:30:38+00:00\",\"breadcrumb\":{\"@id\":\"https:\/\/www.rumicon.sk\/hu\/produkt\/ferrand-cognac-selection-des-anges-gift\/#breadcrumb\"},\"inLanguage\":\"hu\",\"potentialAction\":[{\"@type\":\"ReadAction\",\"target\":[\"https:\/\/www.rumicon.sk\/hu\/produkt\/ferrand-cognac-selection-des-anges-gift\/\"]}]},{\"@type\":\"ImageObject\",\"inLanguage\":\"hu\",\"@id\":\"https:\/\/www.rumicon.sk\/hu\/produkt\/ferrand-cognac-selection-des-anges-gift\/#primaryimage\",\"url\":\"https:\/\/www.rumicon.sk\/wp-content\/uploads\/b9d45be01c3117a6e88a8c7aebe486b4.jpg\",\"contentUrl\":\"https:\/\/www.rumicon.sk\/wp-content\/uploads\/b9d45be01c3117a6e88a8c7aebe486b4.jpg\",\"width\":1600,\"height\":1600},{\"@type\":\"BreadcrumbList\",\"@id\":\"https:\/\/www.rumicon.sk\/hu\/produkt\/ferrand-cognac-selection-des-anges-gift\/#breadcrumb\",\"itemListElement\":[{\"@type\":\"ListItem\",\"position\":1,\"name\":\"Home\",\"item\":\"https:\/\/www.rumicon.sk\/hu\/home\/\"},{\"@type\":\"ListItem\",\"position\":2,\"name\":\"Web\u00e1ruh\u00e1z\",\"item\":\"https:\/\/www.rumicon.sk\/hu\/webaruhaz\/\"},{\"@type\":\"ListItem\",\"position\":3,\"name\":\"Ferrand Cognac S\u00e9lection des Anges, GIFT\"}]},{\"@type\":\"WebSite\",\"@id\":\"https:\/\/www.rumicon.sk\/hu\/#website\",\"url\":\"https:\/\/www.rumicon.sk\/hu\/\",\"name\":\"rumicon.sk\",\"description\":\"\",\"publisher\":{\"@id\":\"https:\/\/www.rumicon.sk\/hu\/#organization\"},\"potentialAction\":[{\"@type\":\"SearchAction\",\"target\":{\"@type\":\"EntryPoint\",\"urlTemplate\":\"https:\/\/www.rumicon.sk\/hu\/?s={search_term_string}\"},\"query-input\":{\"@type\":\"PropertyValueSpecification\",\"valueRequired\":true,\"valueName\":\"search_term_string\"}}],\"inLanguage\":\"hu\"},{\"@type\":\"Organization\",\"@id\":\"https:\/\/www.rumicon.sk\/hu\/#organization\",\"name\":\"rumicon.sk\",\"url\":\"https:\/\/www.rumicon.sk\/hu\/\",\"logo\":{\"@type\":\"ImageObject\",\"inLanguage\":\"hu\",\"@id\":\"https:\/\/www.rumicon.sk\/hu\/#\/schema\/logo\/image\/\",\"url\":\"https:\/\/www.rumicon.sk\/wp-content\/uploads\/logo-rumicon-bcs-color.png\",\"contentUrl\":\"https:\/\/www.rumicon.sk\/wp-content\/uploads\/logo-rumicon-bcs-color.png\",\"width\":827,\"height\":278,\"caption\":\"rumicon.sk\"},\"image\":{\"@id\":\"https:\/\/www.rumicon.sk\/hu\/#\/schema\/logo\/image\/\"},\"sameAs\":[\"https:\/\/www.facebook.com\/people\/Rumicon-Bottle-Cigar-Shop\/100087110283303\/\",\"https:\/\/www.instagram.com\/rumicon_bottle_cigar_shop\/\",\"https:\/\/www.tiktok.com\/@rumicon2022\"]}]}<\/script>\n<!-- \/ Yoast SEO plugin. -->","yoast_head_json":{"title":"Ferrand Cognac S\u00e9lection des Anges, GIFT - rumicon.sk","robots":{"index":"index","follow":"follow","max-snippet":"max-snippet:-1","max-image-preview":"max-image-preview:large","max-video-preview":"max-video-preview:-1"},"canonical":"https:\/\/www.rumicon.sk\/hu\/produkt\/ferrand-cognac-selection-des-anges-gift\/","og_locale":"hu_HU","og_type":"article","og_title":"Ferrand Cognac S\u00e9lection des Anges, GIFT - rumicon.sk","og_description":"Amikor a konyakot t\u00f6lgyfahord\u00f3ban \u00e9rlelik, lass\u00fa p\u00e1rolg\u00e1s k\u00f6vetkezik be, ami finom\u00edtja a min\u0151s\u00e9get \u00e9s koncentr\u00e1lja a legfinomabb arom\u00e1kat \u00e9s \u00edzeket. Az \u00e9rlel\u00e9s sor\u00e1n elp\u00e1rolg\u00f3 alkoholt \u00e9vsz\u00e1zadok \u00f3ta a mitikus \"angyalok r\u00e9szesed\u00e9s\u00e9nek\" nevezik. Sok \u00e9vnyi \u00e9rlel\u00e9s \u00e9s p\u00e1rolg\u00e1s ut\u00e1n is marad egy kis mennyis\u00e9g\u0171 konyak a hord\u00f3ban. \u0150seink ezt nevezt\u00e9k \"Angyalok v\u00e1logat\u00e1sa\" - \"S\u00e9lection des Anges\".","og_url":"https:\/\/www.rumicon.sk\/hu\/produkt\/ferrand-cognac-selection-des-anges-gift\/","og_site_name":"rumicon.sk","article_publisher":"https:\/\/www.facebook.com\/people\/Rumicon-Bottle-Cigar-Shop\/100087110283303\/","article_modified_time":"2024-10-11T10:30:38+00:00","og_image":[{"width":1600,"height":1600,"url":"https:\/\/www.rumicon.sk\/wp-content\/uploads\/b9d45be01c3117a6e88a8c7aebe486b4.jpg","type":"image\/jpeg"}],"twitter_card":"summary_large_image","schema":{"@context":"https:\/\/schema.org","@graph":[{"@type":"WebPage","@id":"https:\/\/www.rumicon.sk\/hu\/produkt\/ferrand-cognac-selection-des-anges-gift\/","url":"https:\/\/www.rumicon.sk\/hu\/produkt\/ferrand-cognac-selection-des-anges-gift\/","name":"Ferrand Cognac S\u00e9lection des Anges, GIFT - rumicon.sk","isPartOf":{"@id":"https:\/\/www.rumicon.sk\/hu\/#website"},"primaryImageOfPage":{"@id":"https:\/\/www.rumicon.sk\/hu\/produkt\/ferrand-cognac-selection-des-anges-gift\/#primaryimage"},"image":{"@id":"https:\/\/www.rumicon.sk\/hu\/produkt\/ferrand-cognac-selection-des-anges-gift\/#primaryimage"},"thumbnailUrl":"https:\/\/www.rumicon.sk\/wp-content\/uploads\/b9d45be01c3117a6e88a8c7aebe486b4.jpg","datePublished":"2022-11-15T05:43:34+00:00","dateModified":"2024-10-11T10:30:38+00:00","breadcrumb":{"@id":"https:\/\/www.rumicon.sk\/hu\/produkt\/ferrand-cognac-selection-des-anges-gift\/#breadcrumb"},"inLanguage":"hu","potentialAction":[{"@type":"ReadAction","target":["https:\/\/www.rumicon.sk\/hu\/produkt\/ferrand-cognac-selection-des-anges-gift\/"]}]},{"@type":"ImageObject","inLanguage":"hu","@id":"https:\/\/www.rumicon.sk\/hu\/produkt\/ferrand-cognac-selection-des-anges-gift\/#primaryimage","url":"https:\/\/www.rumicon.sk\/wp-content\/uploads\/b9d45be01c3117a6e88a8c7aebe486b4.jpg","contentUrl":"https:\/\/www.rumicon.sk\/wp-content\/uploads\/b9d45be01c3117a6e88a8c7aebe486b4.jpg","width":1600,"height":1600},{"@type":"BreadcrumbList","@id":"https:\/\/www.rumicon.sk\/hu\/produkt\/ferrand-cognac-selection-des-anges-gift\/#breadcrumb","itemListElement":[{"@type":"ListItem","position":1,"name":"Home","item":"https:\/\/www.rumicon.sk\/hu\/home\/"},{"@type":"ListItem","position":2,"name":"Web\u00e1ruh\u00e1z","item":"https:\/\/www.rumicon.sk\/hu\/webaruhaz\/"},{"@type":"ListItem","position":3,"name":"Ferrand Cognac S\u00e9lection des Anges, GIFT"}]},{"@type":"WebSite","@id":"https:\/\/www.rumicon.sk\/hu\/#website","url":"https:\/\/www.rumicon.sk\/hu\/","name":"rumicon.sk","description":"","publisher":{"@id":"https:\/\/www.rumicon.sk\/hu\/#organization"},"potentialAction":[{"@type":"SearchAction","target":{"@type":"EntryPoint","urlTemplate":"https:\/\/www.rumicon.sk\/hu\/?s={search_term_string}"},"query-input":{"@type":"PropertyValueSpecification","valueRequired":true,"valueName":"search_term_string"}}],"inLanguage":"hu"},{"@type":"Organization","@id":"https:\/\/www.rumicon.sk\/hu\/#organization","name":"rumicon.sk","url":"https:\/\/www.rumicon.sk\/hu\/","logo":{"@type":"ImageObject","inLanguage":"hu","@id":"https:\/\/www.rumicon.sk\/hu\/#\/schema\/logo\/image\/","url":"https:\/\/www.rumicon.sk\/wp-content\/uploads\/logo-rumicon-bcs-color.png","contentUrl":"https:\/\/www.rumicon.sk\/wp-content\/uploads\/logo-rumicon-bcs-color.png","width":827,"height":278,"caption":"rumicon.sk"},"image":{"@id":"https:\/\/www.rumicon.sk\/hu\/#\/schema\/logo\/image\/"},"sameAs":["https:\/\/www.facebook.com\/people\/Rumicon-Bottle-Cigar-Shop\/100087110283303\/","https:\/\/www.instagram.com\/rumicon_bottle_cigar_shop\/","https:\/\/www.tiktok.com\/@rumicon2022"]}]}},"_links":{"self":[{"href":"https:\/\/www.rumicon.sk\/hu\/wp-json\/wp\/v2\/product\/5349","targetHints":{"allow":["GET"]}}],"collection":[{"href":"https:\/\/www.rumicon.sk\/hu\/wp-json\/wp\/v2\/product"}],"about":[{"href":"https:\/\/www.rumicon.sk\/hu\/wp-json\/wp\/v2\/types\/product"}],"replies":[{"embeddable":true,"href":"https:\/\/www.rumicon.sk\/hu\/wp-json\/wp\/v2\/comments?post=5349"}],"wp:featuredmedia":[{"embeddable":true,"href":"https:\/\/www.rumicon.sk\/hu\/wp-json\/wp\/v2\/media\/5351"}],"wp:attachment":[{"href":"https:\/\/www.rumicon.sk\/hu\/wp-json\/wp\/v2\/media?parent=5349"}],"wp:term":[{"taxonomy":"product_brand","embeddable":true,"href":"https:\/\/www.rumicon.sk\/hu\/wp-json\/wp\/v2\/product_brand?post=5349"},{"taxonomy":"product_cat","embeddable":true,"href":"https:\/\/www.rumicon.sk\/hu\/wp-json\/wp\/v2\/product_cat?post=5349"},{"taxonomy":"product_tag","embeddable":true,"href":"https:\/\/www.rumicon.sk\/hu\/wp-json\/wp\/v2\/product_tag?post=5349"}],"curies":[{"name":"wp","href":"https:\/\/api.w.org\/{rel}","templated":true}]}}