{"id":5336,"date":"2022-11-15T07:50:21","date_gmt":"2022-11-15T06:50:21","guid":{"rendered":"https:\/\/www.rumicon.sk\/produkt\/whisky-fettercairn-16y-07l-464-gift\/"},"modified":"2026-02-17T15:39:37","modified_gmt":"2026-02-17T14:39:37","slug":"whisky-fettercairn-16y-07l-464-gift","status":"publish","type":"product","link":"https:\/\/www.rumicon.sk\/hu\/produkt\/whisky-fettercairn-16y-07l-464-gift\/","title":{"rendered":"Whisky Fettercairn 16y 0,7l 46,4% GIFT"},"content":{"rendered":"<p><strong>Illat<\/strong>: Sz\u00e1r\u00edtott egzotikus gy\u00fcm\u00f6lcs\u00f6k, f\u00fcge, grapefruit \u00e9s t\u00f6lgy.<\/p>\n<p><strong> <strong>\u00cdz:<\/strong> <\/strong><\/p>\n<p> Sz\u00e1r\u00edtott mazsola, guava, s\u00fct\u0151f\u0171szerek, kaka\u00f3, van\u00edlia.<strong>Finish:<\/strong> Gy\u00f6mb\u00e9res s\u00fctem\u00e9ny, maracuja, s\u00fclt alma, alatta p\u00f6rk\u00f6lt k\u00e1v\u00e9 jegyeivel.<\/p>\n","protected":false},"excerpt":{"rendered":"<p>A Fettercairn 16 \u00e9ves whiskyj\u00e9t limit\u00e1lt sorozatban adja ki, minden \u00e9vben m\u00e1s hord\u00f3t\u00edpust haszn\u00e1lva, f\u0151k\u00e9nt sherry hord\u00f3kat. Ez a 2022-es kiad\u00e1s bourbon, Oloroso \u00e9s Pdedro Ximen\u00e9z sherry hord\u00f3kban \u00e9rlel\u0151d\u00f6tt. <\/p>\n","protected":false},"featured_media":5339,"comment_status":"closed","ping_status":"closed","template":"","meta":{"_acf_changed":false},"product_brand":[],"product_cat":[509,517],"product_tag":[662,926],"class_list":{"0":"post-5336","1":"product","2":"type-product","3":"status-publish","4":"has-post-thumbnail","6":"product_cat-whisky-hu","7":"product_cat-skot-whisky","8":"product_tag-fettercairn-hu","9":"product_tag-skocia-whisky","10":"pa_druh-alkoholu-whisky-hu","11":"pa_krajina-povodu-skocia","12":"pa_objem-07-l-hu","13":"pa_obsah-alkoholu-464-hu","14":"pa_znacka-fettercairn-hu","16":"first","17":"instock","18":"taxable","19":"shipping-taxable","20":"purchasable","21":"product-type-simple"},"acf":[],"yoast_head":"<!-- This site is optimized with the Yoast SEO plugin v27.0 - https:\/\/yoast.com\/product\/yoast-seo-wordpress\/ -->\n<title>Whisky Fettercairn 16y 0,7l 46,4% GIFT - rumicon.sk<\/title>\n<meta name=\"robots\" content=\"index, follow, max-snippet:-1, max-image-preview:large, max-video-preview:-1\" \/>\n<link rel=\"canonical\" href=\"https:\/\/www.rumicon.sk\/hu\/produkt\/whisky-fettercairn-16y-07l-464-gift\/\" \/>\n<meta property=\"og:locale\" content=\"hu_HU\" \/>\n<meta property=\"og:type\" content=\"article\" \/>\n<meta property=\"og:title\" content=\"Whisky Fettercairn 16y 0,7l 46,4% GIFT - rumicon.sk\" \/>\n<meta property=\"og:description\" content=\"A Fettercairn 16 \u00e9ves whiskyj\u00e9t limit\u00e1lt sorozatban adja ki, minden \u00e9vben m\u00e1s hord\u00f3t\u00edpust haszn\u00e1lva, f\u0151k\u00e9nt sherry hord\u00f3kat. Ez a 2022-es kiad\u00e1s bourbon, Oloroso \u00e9s Pdedro Ximen\u00e9z sherry hord\u00f3kban \u00e9rlel\u0151d\u00f6tt.\" \/>\n<meta property=\"og:url\" content=\"https:\/\/www.rumicon.sk\/hu\/produkt\/whisky-fettercairn-16y-07l-464-gift\/\" \/>\n<meta property=\"og:site_name\" content=\"rumicon.sk\" \/>\n<meta property=\"article:publisher\" content=\"https:\/\/www.facebook.com\/people\/Rumicon-Bottle-Cigar-Shop\/100087110283303\/\" \/>\n<meta property=\"article:modified_time\" content=\"2026-02-17T14:39:37+00:00\" \/>\n<meta property=\"og:image\" content=\"https:\/\/www.rumicon.sk\/wp-content\/uploads\/Fettercairn-16-Y.O.-2022-Release.jpg\" \/>\n\t<meta property=\"og:image:width\" content=\"1600\" \/>\n\t<meta property=\"og:image:height\" content=\"1600\" \/>\n\t<meta property=\"og:image:type\" content=\"image\/jpeg\" \/>\n<meta name=\"twitter:card\" content=\"summary_large_image\" \/>\n<script type=\"application\/ld+json\" class=\"yoast-schema-graph\">{\"@context\":\"https:\/\/schema.org\",\"@graph\":[{\"@type\":\"WebPage\",\"@id\":\"https:\/\/www.rumicon.sk\/hu\/produkt\/whisky-fettercairn-16y-07l-464-gift\/\",\"url\":\"https:\/\/www.rumicon.sk\/hu\/produkt\/whisky-fettercairn-16y-07l-464-gift\/\",\"name\":\"Whisky Fettercairn 16y 0,7l 46,4% GIFT - rumicon.sk\",\"isPartOf\":{\"@id\":\"https:\/\/www.rumicon.sk\/hu\/#website\"},\"primaryImageOfPage\":{\"@id\":\"https:\/\/www.rumicon.sk\/hu\/produkt\/whisky-fettercairn-16y-07l-464-gift\/#primaryimage\"},\"image\":{\"@id\":\"https:\/\/www.rumicon.sk\/hu\/produkt\/whisky-fettercairn-16y-07l-464-gift\/#primaryimage\"},\"thumbnailUrl\":\"https:\/\/www.rumicon.sk\/wp-content\/uploads\/Fettercairn-16-Y.O.-2022-Release.jpg\",\"datePublished\":\"2022-11-15T06:50:21+00:00\",\"dateModified\":\"2026-02-17T14:39:37+00:00\",\"breadcrumb\":{\"@id\":\"https:\/\/www.rumicon.sk\/hu\/produkt\/whisky-fettercairn-16y-07l-464-gift\/#breadcrumb\"},\"inLanguage\":\"hu\",\"potentialAction\":[{\"@type\":\"ReadAction\",\"target\":[\"https:\/\/www.rumicon.sk\/hu\/produkt\/whisky-fettercairn-16y-07l-464-gift\/\"]}]},{\"@type\":\"ImageObject\",\"inLanguage\":\"hu\",\"@id\":\"https:\/\/www.rumicon.sk\/hu\/produkt\/whisky-fettercairn-16y-07l-464-gift\/#primaryimage\",\"url\":\"https:\/\/www.rumicon.sk\/wp-content\/uploads\/Fettercairn-16-Y.O.-2022-Release.jpg\",\"contentUrl\":\"https:\/\/www.rumicon.sk\/wp-content\/uploads\/Fettercairn-16-Y.O.-2022-Release.jpg\",\"width\":1600,\"height\":1600},{\"@type\":\"BreadcrumbList\",\"@id\":\"https:\/\/www.rumicon.sk\/hu\/produkt\/whisky-fettercairn-16y-07l-464-gift\/#breadcrumb\",\"itemListElement\":[{\"@type\":\"ListItem\",\"position\":1,\"name\":\"Home\",\"item\":\"https:\/\/www.rumicon.sk\/hu\/home\/\"},{\"@type\":\"ListItem\",\"position\":2,\"name\":\"Web\u00e1ruh\u00e1z\",\"item\":\"https:\/\/www.rumicon.sk\/hu\/webaruhaz\/\"},{\"@type\":\"ListItem\",\"position\":3,\"name\":\"Whisky Fettercairn 16y 0,7l 46,4% GIFT\"}]},{\"@type\":\"WebSite\",\"@id\":\"https:\/\/www.rumicon.sk\/hu\/#website\",\"url\":\"https:\/\/www.rumicon.sk\/hu\/\",\"name\":\"rumicon.sk\",\"description\":\"\",\"publisher\":{\"@id\":\"https:\/\/www.rumicon.sk\/hu\/#organization\"},\"potentialAction\":[{\"@type\":\"SearchAction\",\"target\":{\"@type\":\"EntryPoint\",\"urlTemplate\":\"https:\/\/www.rumicon.sk\/hu\/?s={search_term_string}\"},\"query-input\":{\"@type\":\"PropertyValueSpecification\",\"valueRequired\":true,\"valueName\":\"search_term_string\"}}],\"inLanguage\":\"hu\"},{\"@type\":\"Organization\",\"@id\":\"https:\/\/www.rumicon.sk\/hu\/#organization\",\"name\":\"rumicon.sk\",\"url\":\"https:\/\/www.rumicon.sk\/hu\/\",\"logo\":{\"@type\":\"ImageObject\",\"inLanguage\":\"hu\",\"@id\":\"https:\/\/www.rumicon.sk\/hu\/#\/schema\/logo\/image\/\",\"url\":\"https:\/\/www.rumicon.sk\/wp-content\/uploads\/logo-rumicon-bcs-color.png\",\"contentUrl\":\"https:\/\/www.rumicon.sk\/wp-content\/uploads\/logo-rumicon-bcs-color.png\",\"width\":827,\"height\":278,\"caption\":\"rumicon.sk\"},\"image\":{\"@id\":\"https:\/\/www.rumicon.sk\/hu\/#\/schema\/logo\/image\/\"},\"sameAs\":[\"https:\/\/www.facebook.com\/people\/Rumicon-Bottle-Cigar-Shop\/100087110283303\/\",\"https:\/\/www.instagram.com\/rumicon_bottle_cigar_shop\/\",\"https:\/\/www.tiktok.com\/@rumicon2022\"]}]}<\/script>\n<!-- \/ Yoast SEO plugin. -->","yoast_head_json":{"title":"Whisky Fettercairn 16y 0,7l 46,4% GIFT - rumicon.sk","robots":{"index":"index","follow":"follow","max-snippet":"max-snippet:-1","max-image-preview":"max-image-preview:large","max-video-preview":"max-video-preview:-1"},"canonical":"https:\/\/www.rumicon.sk\/hu\/produkt\/whisky-fettercairn-16y-07l-464-gift\/","og_locale":"hu_HU","og_type":"article","og_title":"Whisky Fettercairn 16y 0,7l 46,4% GIFT - rumicon.sk","og_description":"A Fettercairn 16 \u00e9ves whiskyj\u00e9t limit\u00e1lt sorozatban adja ki, minden \u00e9vben m\u00e1s hord\u00f3t\u00edpust haszn\u00e1lva, f\u0151k\u00e9nt sherry hord\u00f3kat. Ez a 2022-es kiad\u00e1s bourbon, Oloroso \u00e9s Pdedro Ximen\u00e9z sherry hord\u00f3kban \u00e9rlel\u0151d\u00f6tt.","og_url":"https:\/\/www.rumicon.sk\/hu\/produkt\/whisky-fettercairn-16y-07l-464-gift\/","og_site_name":"rumicon.sk","article_publisher":"https:\/\/www.facebook.com\/people\/Rumicon-Bottle-Cigar-Shop\/100087110283303\/","article_modified_time":"2026-02-17T14:39:37+00:00","og_image":[{"width":1600,"height":1600,"url":"https:\/\/www.rumicon.sk\/wp-content\/uploads\/Fettercairn-16-Y.O.-2022-Release.jpg","type":"image\/jpeg"}],"twitter_card":"summary_large_image","schema":{"@context":"https:\/\/schema.org","@graph":[{"@type":"WebPage","@id":"https:\/\/www.rumicon.sk\/hu\/produkt\/whisky-fettercairn-16y-07l-464-gift\/","url":"https:\/\/www.rumicon.sk\/hu\/produkt\/whisky-fettercairn-16y-07l-464-gift\/","name":"Whisky Fettercairn 16y 0,7l 46,4% GIFT - rumicon.sk","isPartOf":{"@id":"https:\/\/www.rumicon.sk\/hu\/#website"},"primaryImageOfPage":{"@id":"https:\/\/www.rumicon.sk\/hu\/produkt\/whisky-fettercairn-16y-07l-464-gift\/#primaryimage"},"image":{"@id":"https:\/\/www.rumicon.sk\/hu\/produkt\/whisky-fettercairn-16y-07l-464-gift\/#primaryimage"},"thumbnailUrl":"https:\/\/www.rumicon.sk\/wp-content\/uploads\/Fettercairn-16-Y.O.-2022-Release.jpg","datePublished":"2022-11-15T06:50:21+00:00","dateModified":"2026-02-17T14:39:37+00:00","breadcrumb":{"@id":"https:\/\/www.rumicon.sk\/hu\/produkt\/whisky-fettercairn-16y-07l-464-gift\/#breadcrumb"},"inLanguage":"hu","potentialAction":[{"@type":"ReadAction","target":["https:\/\/www.rumicon.sk\/hu\/produkt\/whisky-fettercairn-16y-07l-464-gift\/"]}]},{"@type":"ImageObject","inLanguage":"hu","@id":"https:\/\/www.rumicon.sk\/hu\/produkt\/whisky-fettercairn-16y-07l-464-gift\/#primaryimage","url":"https:\/\/www.rumicon.sk\/wp-content\/uploads\/Fettercairn-16-Y.O.-2022-Release.jpg","contentUrl":"https:\/\/www.rumicon.sk\/wp-content\/uploads\/Fettercairn-16-Y.O.-2022-Release.jpg","width":1600,"height":1600},{"@type":"BreadcrumbList","@id":"https:\/\/www.rumicon.sk\/hu\/produkt\/whisky-fettercairn-16y-07l-464-gift\/#breadcrumb","itemListElement":[{"@type":"ListItem","position":1,"name":"Home","item":"https:\/\/www.rumicon.sk\/hu\/home\/"},{"@type":"ListItem","position":2,"name":"Web\u00e1ruh\u00e1z","item":"https:\/\/www.rumicon.sk\/hu\/webaruhaz\/"},{"@type":"ListItem","position":3,"name":"Whisky Fettercairn 16y 0,7l 46,4% GIFT"}]},{"@type":"WebSite","@id":"https:\/\/www.rumicon.sk\/hu\/#website","url":"https:\/\/www.rumicon.sk\/hu\/","name":"rumicon.sk","description":"","publisher":{"@id":"https:\/\/www.rumicon.sk\/hu\/#organization"},"potentialAction":[{"@type":"SearchAction","target":{"@type":"EntryPoint","urlTemplate":"https:\/\/www.rumicon.sk\/hu\/?s={search_term_string}"},"query-input":{"@type":"PropertyValueSpecification","valueRequired":true,"valueName":"search_term_string"}}],"inLanguage":"hu"},{"@type":"Organization","@id":"https:\/\/www.rumicon.sk\/hu\/#organization","name":"rumicon.sk","url":"https:\/\/www.rumicon.sk\/hu\/","logo":{"@type":"ImageObject","inLanguage":"hu","@id":"https:\/\/www.rumicon.sk\/hu\/#\/schema\/logo\/image\/","url":"https:\/\/www.rumicon.sk\/wp-content\/uploads\/logo-rumicon-bcs-color.png","contentUrl":"https:\/\/www.rumicon.sk\/wp-content\/uploads\/logo-rumicon-bcs-color.png","width":827,"height":278,"caption":"rumicon.sk"},"image":{"@id":"https:\/\/www.rumicon.sk\/hu\/#\/schema\/logo\/image\/"},"sameAs":["https:\/\/www.facebook.com\/people\/Rumicon-Bottle-Cigar-Shop\/100087110283303\/","https:\/\/www.instagram.com\/rumicon_bottle_cigar_shop\/","https:\/\/www.tiktok.com\/@rumicon2022"]}]}},"_links":{"self":[{"href":"https:\/\/www.rumicon.sk\/hu\/wp-json\/wp\/v2\/product\/5336","targetHints":{"allow":["GET"]}}],"collection":[{"href":"https:\/\/www.rumicon.sk\/hu\/wp-json\/wp\/v2\/product"}],"about":[{"href":"https:\/\/www.rumicon.sk\/hu\/wp-json\/wp\/v2\/types\/product"}],"replies":[{"embeddable":true,"href":"https:\/\/www.rumicon.sk\/hu\/wp-json\/wp\/v2\/comments?post=5336"}],"wp:featuredmedia":[{"embeddable":true,"href":"https:\/\/www.rumicon.sk\/hu\/wp-json\/wp\/v2\/media\/5339"}],"wp:attachment":[{"href":"https:\/\/www.rumicon.sk\/hu\/wp-json\/wp\/v2\/media?parent=5336"}],"wp:term":[{"taxonomy":"product_brand","embeddable":true,"href":"https:\/\/www.rumicon.sk\/hu\/wp-json\/wp\/v2\/product_brand?post=5336"},{"taxonomy":"product_cat","embeddable":true,"href":"https:\/\/www.rumicon.sk\/hu\/wp-json\/wp\/v2\/product_cat?post=5336"},{"taxonomy":"product_tag","embeddable":true,"href":"https:\/\/www.rumicon.sk\/hu\/wp-json\/wp\/v2\/product_tag?post=5336"}],"curies":[{"name":"wp","href":"https:\/\/api.w.org\/{rel}","templated":true}]}}