{"id":5312,"date":"2022-11-15T07:50:40","date_gmt":"2022-11-15T06:50:40","guid":{"rendered":"https:\/\/www.rumicon.sk\/produkt\/whisky-lost-distillery-3x005l-43-ajandek\/"},"modified":"2025-12-19T12:11:04","modified_gmt":"2025-12-19T11:11:04","slug":"whisky-lost-distillery-3x005l-43-ajandek","status":"publish","type":"product","link":"https:\/\/www.rumicon.sk\/hu\/produkt\/whisky-lost-distillery-3x005l-43-ajandek\/","title":{"rendered":"Whisky Lost Distillery 3&#215;0,05l 43% AJ..."},"content":{"rendered":"","protected":false},"excerpt":{"rendered":"<p>A The Lost Distillery nem l\u00e9tez\u0151 lep\u00e1rl\u00f3kra \u00f6sszpontos\u00edt\u00f3 hosszas arch\u00edv kutat\u00e1sok alapj\u00e1n k\u00e9sz\u00edt kevert mal\u00e1tawhiskyket. Ezzel a miniat\u0171r csomaggal felfedezheti a whiskyjeik k\u00fcl\u00f6nb\u00f6z\u0151 profiljait, \u00e9s jobban eld\u00f6ntheti, hogy melyik teljes m\u00e9ret\u0171 palackot v\u00e1s\u00e1rolja meg. <\/p>\n","protected":false},"featured_media":5314,"comment_status":"closed","ping_status":"closed","template":"","meta":{"_acf_changed":false},"product_brand":[],"product_cat":[644,509,517,653],"product_tag":[651,926],"class_list":{"0":"post-5312","1":"product","2":"type-product","3":"status-publish","4":"has-post-thumbnail","6":"product_cat-hirek","7":"product_cat-whisky-hu","8":"product_cat-skot-whisky","9":"product_cat-whisky-kollekciok","10":"product_tag-lost-distillery-hu","11":"product_tag-skocia-whisky","12":"pa_druh-alkoholu-whisky-hu","13":"pa_krajina-povodu-skocia","14":"pa_objem-015-l-hu","15":"pa_obsah-alkoholu-43-hu","16":"pa_znacka-lost-distillery-hu","18":"first","19":"outofstock","20":"sale","21":"taxable","22":"shipping-taxable","23":"purchasable","24":"product-type-simple"},"acf":[],"yoast_head":"<!-- This site is optimized with the Yoast SEO plugin v27.0 - https:\/\/yoast.com\/product\/yoast-seo-wordpress\/ -->\n<title>Whisky Lost Distillery 3x0,05l 43% AJ\u00c1ND\u00c9K - rumicon.sk<\/title>\n<meta name=\"robots\" content=\"index, follow, max-snippet:-1, max-image-preview:large, max-video-preview:-1\" \/>\n<link rel=\"canonical\" href=\"https:\/\/www.rumicon.sk\/hu\/produkt\/whisky-lost-distillery-3x005l-43-ajandek\/\" \/>\n<meta property=\"og:locale\" content=\"hu_HU\" \/>\n<meta property=\"og:type\" content=\"article\" \/>\n<meta property=\"og:title\" content=\"Whisky Lost Distillery 3x0,05l 43% AJ\u00c1ND\u00c9K - rumicon.sk\" \/>\n<meta property=\"og:description\" content=\"A The Lost Distillery nem l\u00e9tez\u0151 lep\u00e1rl\u00f3kra \u00f6sszpontos\u00edt\u00f3 hosszas arch\u00edv kutat\u00e1sok alapj\u00e1n k\u00e9sz\u00edt kevert mal\u00e1tawhiskyket. Ezzel a miniat\u0171r csomaggal felfedezheti a whiskyjeik k\u00fcl\u00f6nb\u00f6z\u0151 profiljait, \u00e9s jobban eld\u00f6ntheti, hogy melyik teljes m\u00e9ret\u0171 palackot v\u00e1s\u00e1rolja meg.\" \/>\n<meta property=\"og:url\" content=\"https:\/\/www.rumicon.sk\/hu\/produkt\/whisky-lost-distillery-3x005l-43-ajandek\/\" \/>\n<meta property=\"og:site_name\" content=\"rumicon.sk\" \/>\n<meta property=\"article:publisher\" content=\"https:\/\/www.facebook.com\/people\/Rumicon-Bottle-Cigar-Shop\/100087110283303\/\" \/>\n<meta property=\"article:modified_time\" content=\"2025-12-19T11:11:04+00:00\" \/>\n<meta property=\"og:image\" content=\"https:\/\/www.rumicon.sk\/wp-content\/uploads\/Lost-Distillery-Discovery-Pack.jpg\" \/>\n\t<meta property=\"og:image:width\" content=\"1600\" \/>\n\t<meta property=\"og:image:height\" content=\"1600\" \/>\n\t<meta property=\"og:image:type\" content=\"image\/jpeg\" \/>\n<meta name=\"twitter:card\" content=\"summary_large_image\" \/>\n<script type=\"application\/ld+json\" class=\"yoast-schema-graph\">{\"@context\":\"https:\/\/schema.org\",\"@graph\":[{\"@type\":\"WebPage\",\"@id\":\"https:\/\/www.rumicon.sk\/hu\/produkt\/whisky-lost-distillery-3x005l-43-ajandek\/\",\"url\":\"https:\/\/www.rumicon.sk\/hu\/produkt\/whisky-lost-distillery-3x005l-43-ajandek\/\",\"name\":\"Whisky Lost Distillery 3x0,05l 43% AJ\u00c1ND\u00c9K - rumicon.sk\",\"isPartOf\":{\"@id\":\"https:\/\/www.rumicon.sk\/hu\/#website\"},\"primaryImageOfPage\":{\"@id\":\"https:\/\/www.rumicon.sk\/hu\/produkt\/whisky-lost-distillery-3x005l-43-ajandek\/#primaryimage\"},\"image\":{\"@id\":\"https:\/\/www.rumicon.sk\/hu\/produkt\/whisky-lost-distillery-3x005l-43-ajandek\/#primaryimage\"},\"thumbnailUrl\":\"https:\/\/www.rumicon.sk\/wp-content\/uploads\/Lost-Distillery-Discovery-Pack.jpg\",\"datePublished\":\"2022-11-15T06:50:40+00:00\",\"dateModified\":\"2025-12-19T11:11:04+00:00\",\"breadcrumb\":{\"@id\":\"https:\/\/www.rumicon.sk\/hu\/produkt\/whisky-lost-distillery-3x005l-43-ajandek\/#breadcrumb\"},\"inLanguage\":\"hu\",\"potentialAction\":[{\"@type\":\"ReadAction\",\"target\":[\"https:\/\/www.rumicon.sk\/hu\/produkt\/whisky-lost-distillery-3x005l-43-ajandek\/\"]}]},{\"@type\":\"ImageObject\",\"inLanguage\":\"hu\",\"@id\":\"https:\/\/www.rumicon.sk\/hu\/produkt\/whisky-lost-distillery-3x005l-43-ajandek\/#primaryimage\",\"url\":\"https:\/\/www.rumicon.sk\/wp-content\/uploads\/Lost-Distillery-Discovery-Pack.jpg\",\"contentUrl\":\"https:\/\/www.rumicon.sk\/wp-content\/uploads\/Lost-Distillery-Discovery-Pack.jpg\",\"width\":1600,\"height\":1600},{\"@type\":\"BreadcrumbList\",\"@id\":\"https:\/\/www.rumicon.sk\/hu\/produkt\/whisky-lost-distillery-3x005l-43-ajandek\/#breadcrumb\",\"itemListElement\":[{\"@type\":\"ListItem\",\"position\":1,\"name\":\"Home\",\"item\":\"https:\/\/www.rumicon.sk\/hu\/home\/\"},{\"@type\":\"ListItem\",\"position\":2,\"name\":\"Web\u00e1ruh\u00e1z\",\"item\":\"https:\/\/www.rumicon.sk\/hu\/webaruhaz\/\"},{\"@type\":\"ListItem\",\"position\":3,\"name\":\"Whisky Lost Distillery 3&#215;0,05l 43% AJ\u00c1ND\u00c9K\"}]},{\"@type\":\"WebSite\",\"@id\":\"https:\/\/www.rumicon.sk\/hu\/#website\",\"url\":\"https:\/\/www.rumicon.sk\/hu\/\",\"name\":\"rumicon.sk\",\"description\":\"\",\"publisher\":{\"@id\":\"https:\/\/www.rumicon.sk\/hu\/#organization\"},\"potentialAction\":[{\"@type\":\"SearchAction\",\"target\":{\"@type\":\"EntryPoint\",\"urlTemplate\":\"https:\/\/www.rumicon.sk\/hu\/?s={search_term_string}\"},\"query-input\":{\"@type\":\"PropertyValueSpecification\",\"valueRequired\":true,\"valueName\":\"search_term_string\"}}],\"inLanguage\":\"hu\"},{\"@type\":\"Organization\",\"@id\":\"https:\/\/www.rumicon.sk\/hu\/#organization\",\"name\":\"rumicon.sk\",\"url\":\"https:\/\/www.rumicon.sk\/hu\/\",\"logo\":{\"@type\":\"ImageObject\",\"inLanguage\":\"hu\",\"@id\":\"https:\/\/www.rumicon.sk\/hu\/#\/schema\/logo\/image\/\",\"url\":\"https:\/\/www.rumicon.sk\/wp-content\/uploads\/logo-rumicon-bcs-color.png\",\"contentUrl\":\"https:\/\/www.rumicon.sk\/wp-content\/uploads\/logo-rumicon-bcs-color.png\",\"width\":827,\"height\":278,\"caption\":\"rumicon.sk\"},\"image\":{\"@id\":\"https:\/\/www.rumicon.sk\/hu\/#\/schema\/logo\/image\/\"},\"sameAs\":[\"https:\/\/www.facebook.com\/people\/Rumicon-Bottle-Cigar-Shop\/100087110283303\/\",\"https:\/\/www.instagram.com\/rumicon_bottle_cigar_shop\/\",\"https:\/\/www.tiktok.com\/@rumicon2022\"]}]}<\/script>\n<!-- \/ Yoast SEO plugin. -->","yoast_head_json":{"title":"Whisky Lost Distillery 3x0,05l 43% AJ\u00c1ND\u00c9K - rumicon.sk","robots":{"index":"index","follow":"follow","max-snippet":"max-snippet:-1","max-image-preview":"max-image-preview:large","max-video-preview":"max-video-preview:-1"},"canonical":"https:\/\/www.rumicon.sk\/hu\/produkt\/whisky-lost-distillery-3x005l-43-ajandek\/","og_locale":"hu_HU","og_type":"article","og_title":"Whisky Lost Distillery 3x0,05l 43% AJ\u00c1ND\u00c9K - rumicon.sk","og_description":"A The Lost Distillery nem l\u00e9tez\u0151 lep\u00e1rl\u00f3kra \u00f6sszpontos\u00edt\u00f3 hosszas arch\u00edv kutat\u00e1sok alapj\u00e1n k\u00e9sz\u00edt kevert mal\u00e1tawhiskyket. Ezzel a miniat\u0171r csomaggal felfedezheti a whiskyjeik k\u00fcl\u00f6nb\u00f6z\u0151 profiljait, \u00e9s jobban eld\u00f6ntheti, hogy melyik teljes m\u00e9ret\u0171 palackot v\u00e1s\u00e1rolja meg.","og_url":"https:\/\/www.rumicon.sk\/hu\/produkt\/whisky-lost-distillery-3x005l-43-ajandek\/","og_site_name":"rumicon.sk","article_publisher":"https:\/\/www.facebook.com\/people\/Rumicon-Bottle-Cigar-Shop\/100087110283303\/","article_modified_time":"2025-12-19T11:11:04+00:00","og_image":[{"width":1600,"height":1600,"url":"https:\/\/www.rumicon.sk\/wp-content\/uploads\/Lost-Distillery-Discovery-Pack.jpg","type":"image\/jpeg"}],"twitter_card":"summary_large_image","schema":{"@context":"https:\/\/schema.org","@graph":[{"@type":"WebPage","@id":"https:\/\/www.rumicon.sk\/hu\/produkt\/whisky-lost-distillery-3x005l-43-ajandek\/","url":"https:\/\/www.rumicon.sk\/hu\/produkt\/whisky-lost-distillery-3x005l-43-ajandek\/","name":"Whisky Lost Distillery 3x0,05l 43% AJ\u00c1ND\u00c9K - rumicon.sk","isPartOf":{"@id":"https:\/\/www.rumicon.sk\/hu\/#website"},"primaryImageOfPage":{"@id":"https:\/\/www.rumicon.sk\/hu\/produkt\/whisky-lost-distillery-3x005l-43-ajandek\/#primaryimage"},"image":{"@id":"https:\/\/www.rumicon.sk\/hu\/produkt\/whisky-lost-distillery-3x005l-43-ajandek\/#primaryimage"},"thumbnailUrl":"https:\/\/www.rumicon.sk\/wp-content\/uploads\/Lost-Distillery-Discovery-Pack.jpg","datePublished":"2022-11-15T06:50:40+00:00","dateModified":"2025-12-19T11:11:04+00:00","breadcrumb":{"@id":"https:\/\/www.rumicon.sk\/hu\/produkt\/whisky-lost-distillery-3x005l-43-ajandek\/#breadcrumb"},"inLanguage":"hu","potentialAction":[{"@type":"ReadAction","target":["https:\/\/www.rumicon.sk\/hu\/produkt\/whisky-lost-distillery-3x005l-43-ajandek\/"]}]},{"@type":"ImageObject","inLanguage":"hu","@id":"https:\/\/www.rumicon.sk\/hu\/produkt\/whisky-lost-distillery-3x005l-43-ajandek\/#primaryimage","url":"https:\/\/www.rumicon.sk\/wp-content\/uploads\/Lost-Distillery-Discovery-Pack.jpg","contentUrl":"https:\/\/www.rumicon.sk\/wp-content\/uploads\/Lost-Distillery-Discovery-Pack.jpg","width":1600,"height":1600},{"@type":"BreadcrumbList","@id":"https:\/\/www.rumicon.sk\/hu\/produkt\/whisky-lost-distillery-3x005l-43-ajandek\/#breadcrumb","itemListElement":[{"@type":"ListItem","position":1,"name":"Home","item":"https:\/\/www.rumicon.sk\/hu\/home\/"},{"@type":"ListItem","position":2,"name":"Web\u00e1ruh\u00e1z","item":"https:\/\/www.rumicon.sk\/hu\/webaruhaz\/"},{"@type":"ListItem","position":3,"name":"Whisky Lost Distillery 3&#215;0,05l 43% AJ\u00c1ND\u00c9K"}]},{"@type":"WebSite","@id":"https:\/\/www.rumicon.sk\/hu\/#website","url":"https:\/\/www.rumicon.sk\/hu\/","name":"rumicon.sk","description":"","publisher":{"@id":"https:\/\/www.rumicon.sk\/hu\/#organization"},"potentialAction":[{"@type":"SearchAction","target":{"@type":"EntryPoint","urlTemplate":"https:\/\/www.rumicon.sk\/hu\/?s={search_term_string}"},"query-input":{"@type":"PropertyValueSpecification","valueRequired":true,"valueName":"search_term_string"}}],"inLanguage":"hu"},{"@type":"Organization","@id":"https:\/\/www.rumicon.sk\/hu\/#organization","name":"rumicon.sk","url":"https:\/\/www.rumicon.sk\/hu\/","logo":{"@type":"ImageObject","inLanguage":"hu","@id":"https:\/\/www.rumicon.sk\/hu\/#\/schema\/logo\/image\/","url":"https:\/\/www.rumicon.sk\/wp-content\/uploads\/logo-rumicon-bcs-color.png","contentUrl":"https:\/\/www.rumicon.sk\/wp-content\/uploads\/logo-rumicon-bcs-color.png","width":827,"height":278,"caption":"rumicon.sk"},"image":{"@id":"https:\/\/www.rumicon.sk\/hu\/#\/schema\/logo\/image\/"},"sameAs":["https:\/\/www.facebook.com\/people\/Rumicon-Bottle-Cigar-Shop\/100087110283303\/","https:\/\/www.instagram.com\/rumicon_bottle_cigar_shop\/","https:\/\/www.tiktok.com\/@rumicon2022"]}]}},"_links":{"self":[{"href":"https:\/\/www.rumicon.sk\/hu\/wp-json\/wp\/v2\/product\/5312","targetHints":{"allow":["GET"]}}],"collection":[{"href":"https:\/\/www.rumicon.sk\/hu\/wp-json\/wp\/v2\/product"}],"about":[{"href":"https:\/\/www.rumicon.sk\/hu\/wp-json\/wp\/v2\/types\/product"}],"replies":[{"embeddable":true,"href":"https:\/\/www.rumicon.sk\/hu\/wp-json\/wp\/v2\/comments?post=5312"}],"wp:featuredmedia":[{"embeddable":true,"href":"https:\/\/www.rumicon.sk\/hu\/wp-json\/wp\/v2\/media\/5314"}],"wp:attachment":[{"href":"https:\/\/www.rumicon.sk\/hu\/wp-json\/wp\/v2\/media?parent=5312"}],"wp:term":[{"taxonomy":"product_brand","embeddable":true,"href":"https:\/\/www.rumicon.sk\/hu\/wp-json\/wp\/v2\/product_brand?post=5312"},{"taxonomy":"product_cat","embeddable":true,"href":"https:\/\/www.rumicon.sk\/hu\/wp-json\/wp\/v2\/product_cat?post=5312"},{"taxonomy":"product_tag","embeddable":true,"href":"https:\/\/www.rumicon.sk\/hu\/wp-json\/wp\/v2\/product_tag?post=5312"}],"curies":[{"name":"wp","href":"https:\/\/api.w.org\/{rel}","templated":true}]}}