{"id":5270,"date":"2022-11-16T05:51:56","date_gmt":"2022-11-16T04:51:56","guid":{"rendered":"https:\/\/www.rumicon.sk\/produkt\/gin-rammstein-40-07l\/"},"modified":"2026-01-12T15:12:16","modified_gmt":"2026-01-12T14:12:16","slug":"gin-rammstein-40-07l","status":"publish","type":"product","link":"https:\/\/www.rumicon.sk\/hu\/produkt\/gin-rammstein-40-07l\/","title":{"rendered":"Gin Rammstein 40% 0,7l"},"content":{"rendered":"<p>A <strong>Rammstein <\/strong> \u00e9s az <strong>1423<\/strong> ginje. A Rammstein nev\u0171 n\u00e9met heavy metal zenekar hivatalos ginje. Meglehet\u0151sen hagyom\u00e1nyos gy\u00f3gyn\u00f6v\u00e9nyes \u00f6sszet\u00e9tellel b\u00fcszk\u00e9lkedhet, a f\u0151szerepben bor\u00f3k\u00e1val, amelyet angyalgy\u00f6k\u00e9r, koriander \u00e9s citrusf\u00e9l\u00e9k t\u00e1mogatnak.  <\/p>\n","protected":false},"excerpt":{"rendered":"<p>A Rammstein \u00e9s az 1423 ginje. A Rammstein nev\u0171 n\u00e9met heavy metal zenekar hivatalos ginje. Meglehet\u0151sen hagyom\u00e1nyos gy\u00f3gyn\u00f6v\u00e9nyes \u00f6sszet\u00e9tellel b\u00fcszk\u00e9lkedhet, a f\u0151szerepben bor\u00f3k\u00e1val, amelyet angyalgy\u00f6k\u00e9r, koriander \u00e9s citrusf\u00e9l\u00e9k t\u00e1mogatnak.  <\/p>\n","protected":false},"featured_media":5273,"comment_status":"closed","ping_status":"closed","template":"","meta":{"_acf_changed":false},"product_brand":[],"product_cat":[598,603],"product_tag":[928,615,906],"class_list":{"0":"post-5270","1":"product","2":"type-product","3":"status-publish","4":"has-post-thumbnail","6":"product_cat-gin-hu","7":"product_cat-dry-gin-hu","8":"product_tag-anglia-gin","9":"product_tag-rammstein-hu","10":"product_tag-rammsteingin-hu","11":"pa_druh-alkoholu-gin-hu","12":"pa_krajina-povodu-anglia","13":"pa_objem-07-l-hu","14":"pa_obsah-alkoholu-40-hu","15":"pa_znacka-rammstein-hu","17":"first","18":"outofstock","19":"taxable","20":"shipping-taxable","21":"purchasable","22":"product-type-simple"},"acf":[],"yoast_head":"<!-- This site is optimized with the Yoast SEO plugin v27.0 - https:\/\/yoast.com\/product\/yoast-seo-wordpress\/ -->\n<title>Gin Rammstein 40% 0,7l - rumicon.sk<\/title>\n<meta name=\"robots\" content=\"index, follow, max-snippet:-1, max-image-preview:large, max-video-preview:-1\" \/>\n<link rel=\"canonical\" href=\"https:\/\/www.rumicon.sk\/hu\/produkt\/gin-rammstein-40-07l\/\" \/>\n<meta property=\"og:locale\" content=\"hu_HU\" \/>\n<meta property=\"og:type\" content=\"article\" \/>\n<meta property=\"og:title\" content=\"Gin Rammstein 40% 0,7l - rumicon.sk\" \/>\n<meta property=\"og:description\" content=\"A Rammstein \u00e9s az 1423 ginje. A Rammstein nev\u0171 n\u00e9met heavy metal zenekar hivatalos ginje. Meglehet\u0151sen hagyom\u00e1nyos gy\u00f3gyn\u00f6v\u00e9nyes \u00f6sszet\u00e9tellel b\u00fcszk\u00e9lkedhet, a f\u0151szerepben bor\u00f3k\u00e1val, amelyet angyalgy\u00f6k\u00e9r, koriander \u00e9s citrusf\u00e9l\u00e9k t\u00e1mogatnak.\" \/>\n<meta property=\"og:url\" content=\"https:\/\/www.rumicon.sk\/hu\/produkt\/gin-rammstein-40-07l\/\" \/>\n<meta property=\"og:site_name\" content=\"rumicon.sk\" \/>\n<meta property=\"article:publisher\" content=\"https:\/\/www.facebook.com\/people\/Rumicon-Bottle-Cigar-Shop\/100087110283303\/\" \/>\n<meta property=\"article:modified_time\" content=\"2026-01-12T14:12:16+00:00\" \/>\n<meta property=\"og:image\" content=\"https:\/\/www.rumicon.sk\/wp-content\/uploads\/37c56647508eeae3857acfac59af80d9.jpg\" \/>\n\t<meta property=\"og:image:width\" content=\"1600\" \/>\n\t<meta property=\"og:image:height\" content=\"1600\" \/>\n\t<meta property=\"og:image:type\" content=\"image\/jpeg\" \/>\n<meta name=\"twitter:card\" content=\"summary_large_image\" \/>\n<script type=\"application\/ld+json\" class=\"yoast-schema-graph\">{\"@context\":\"https:\/\/schema.org\",\"@graph\":[{\"@type\":\"WebPage\",\"@id\":\"https:\/\/www.rumicon.sk\/hu\/produkt\/gin-rammstein-40-07l\/\",\"url\":\"https:\/\/www.rumicon.sk\/hu\/produkt\/gin-rammstein-40-07l\/\",\"name\":\"Gin Rammstein 40% 0,7l - rumicon.sk\",\"isPartOf\":{\"@id\":\"https:\/\/www.rumicon.sk\/hu\/#website\"},\"primaryImageOfPage\":{\"@id\":\"https:\/\/www.rumicon.sk\/hu\/produkt\/gin-rammstein-40-07l\/#primaryimage\"},\"image\":{\"@id\":\"https:\/\/www.rumicon.sk\/hu\/produkt\/gin-rammstein-40-07l\/#primaryimage\"},\"thumbnailUrl\":\"https:\/\/www.rumicon.sk\/wp-content\/uploads\/37c56647508eeae3857acfac59af80d9.jpg\",\"datePublished\":\"2022-11-16T04:51:56+00:00\",\"dateModified\":\"2026-01-12T14:12:16+00:00\",\"breadcrumb\":{\"@id\":\"https:\/\/www.rumicon.sk\/hu\/produkt\/gin-rammstein-40-07l\/#breadcrumb\"},\"inLanguage\":\"hu\",\"potentialAction\":[{\"@type\":\"ReadAction\",\"target\":[\"https:\/\/www.rumicon.sk\/hu\/produkt\/gin-rammstein-40-07l\/\"]}]},{\"@type\":\"ImageObject\",\"inLanguage\":\"hu\",\"@id\":\"https:\/\/www.rumicon.sk\/hu\/produkt\/gin-rammstein-40-07l\/#primaryimage\",\"url\":\"https:\/\/www.rumicon.sk\/wp-content\/uploads\/37c56647508eeae3857acfac59af80d9.jpg\",\"contentUrl\":\"https:\/\/www.rumicon.sk\/wp-content\/uploads\/37c56647508eeae3857acfac59af80d9.jpg\",\"width\":1600,\"height\":1600,\"caption\":\"Rammstein Gin 40% 0,7l\"},{\"@type\":\"BreadcrumbList\",\"@id\":\"https:\/\/www.rumicon.sk\/hu\/produkt\/gin-rammstein-40-07l\/#breadcrumb\",\"itemListElement\":[{\"@type\":\"ListItem\",\"position\":1,\"name\":\"Home\",\"item\":\"https:\/\/www.rumicon.sk\/hu\/home\/\"},{\"@type\":\"ListItem\",\"position\":2,\"name\":\"Web\u00e1ruh\u00e1z\",\"item\":\"https:\/\/www.rumicon.sk\/hu\/webaruhaz\/\"},{\"@type\":\"ListItem\",\"position\":3,\"name\":\"Gin Rammstein 40% 0,7l\"}]},{\"@type\":\"WebSite\",\"@id\":\"https:\/\/www.rumicon.sk\/hu\/#website\",\"url\":\"https:\/\/www.rumicon.sk\/hu\/\",\"name\":\"rumicon.sk\",\"description\":\"\",\"publisher\":{\"@id\":\"https:\/\/www.rumicon.sk\/hu\/#organization\"},\"potentialAction\":[{\"@type\":\"SearchAction\",\"target\":{\"@type\":\"EntryPoint\",\"urlTemplate\":\"https:\/\/www.rumicon.sk\/hu\/?s={search_term_string}\"},\"query-input\":{\"@type\":\"PropertyValueSpecification\",\"valueRequired\":true,\"valueName\":\"search_term_string\"}}],\"inLanguage\":\"hu\"},{\"@type\":\"Organization\",\"@id\":\"https:\/\/www.rumicon.sk\/hu\/#organization\",\"name\":\"rumicon.sk\",\"url\":\"https:\/\/www.rumicon.sk\/hu\/\",\"logo\":{\"@type\":\"ImageObject\",\"inLanguage\":\"hu\",\"@id\":\"https:\/\/www.rumicon.sk\/hu\/#\/schema\/logo\/image\/\",\"url\":\"https:\/\/www.rumicon.sk\/wp-content\/uploads\/logo-rumicon-bcs-color.png\",\"contentUrl\":\"https:\/\/www.rumicon.sk\/wp-content\/uploads\/logo-rumicon-bcs-color.png\",\"width\":827,\"height\":278,\"caption\":\"rumicon.sk\"},\"image\":{\"@id\":\"https:\/\/www.rumicon.sk\/hu\/#\/schema\/logo\/image\/\"},\"sameAs\":[\"https:\/\/www.facebook.com\/people\/Rumicon-Bottle-Cigar-Shop\/100087110283303\/\",\"https:\/\/www.instagram.com\/rumicon_bottle_cigar_shop\/\",\"https:\/\/www.tiktok.com\/@rumicon2022\"]}]}<\/script>\n<!-- \/ Yoast SEO plugin. -->","yoast_head_json":{"title":"Gin Rammstein 40% 0,7l - rumicon.sk","robots":{"index":"index","follow":"follow","max-snippet":"max-snippet:-1","max-image-preview":"max-image-preview:large","max-video-preview":"max-video-preview:-1"},"canonical":"https:\/\/www.rumicon.sk\/hu\/produkt\/gin-rammstein-40-07l\/","og_locale":"hu_HU","og_type":"article","og_title":"Gin Rammstein 40% 0,7l - rumicon.sk","og_description":"A Rammstein \u00e9s az 1423 ginje. A Rammstein nev\u0171 n\u00e9met heavy metal zenekar hivatalos ginje. Meglehet\u0151sen hagyom\u00e1nyos gy\u00f3gyn\u00f6v\u00e9nyes \u00f6sszet\u00e9tellel b\u00fcszk\u00e9lkedhet, a f\u0151szerepben bor\u00f3k\u00e1val, amelyet angyalgy\u00f6k\u00e9r, koriander \u00e9s citrusf\u00e9l\u00e9k t\u00e1mogatnak.","og_url":"https:\/\/www.rumicon.sk\/hu\/produkt\/gin-rammstein-40-07l\/","og_site_name":"rumicon.sk","article_publisher":"https:\/\/www.facebook.com\/people\/Rumicon-Bottle-Cigar-Shop\/100087110283303\/","article_modified_time":"2026-01-12T14:12:16+00:00","og_image":[{"width":1600,"height":1600,"url":"https:\/\/www.rumicon.sk\/wp-content\/uploads\/37c56647508eeae3857acfac59af80d9.jpg","type":"image\/jpeg"}],"twitter_card":"summary_large_image","schema":{"@context":"https:\/\/schema.org","@graph":[{"@type":"WebPage","@id":"https:\/\/www.rumicon.sk\/hu\/produkt\/gin-rammstein-40-07l\/","url":"https:\/\/www.rumicon.sk\/hu\/produkt\/gin-rammstein-40-07l\/","name":"Gin Rammstein 40% 0,7l - rumicon.sk","isPartOf":{"@id":"https:\/\/www.rumicon.sk\/hu\/#website"},"primaryImageOfPage":{"@id":"https:\/\/www.rumicon.sk\/hu\/produkt\/gin-rammstein-40-07l\/#primaryimage"},"image":{"@id":"https:\/\/www.rumicon.sk\/hu\/produkt\/gin-rammstein-40-07l\/#primaryimage"},"thumbnailUrl":"https:\/\/www.rumicon.sk\/wp-content\/uploads\/37c56647508eeae3857acfac59af80d9.jpg","datePublished":"2022-11-16T04:51:56+00:00","dateModified":"2026-01-12T14:12:16+00:00","breadcrumb":{"@id":"https:\/\/www.rumicon.sk\/hu\/produkt\/gin-rammstein-40-07l\/#breadcrumb"},"inLanguage":"hu","potentialAction":[{"@type":"ReadAction","target":["https:\/\/www.rumicon.sk\/hu\/produkt\/gin-rammstein-40-07l\/"]}]},{"@type":"ImageObject","inLanguage":"hu","@id":"https:\/\/www.rumicon.sk\/hu\/produkt\/gin-rammstein-40-07l\/#primaryimage","url":"https:\/\/www.rumicon.sk\/wp-content\/uploads\/37c56647508eeae3857acfac59af80d9.jpg","contentUrl":"https:\/\/www.rumicon.sk\/wp-content\/uploads\/37c56647508eeae3857acfac59af80d9.jpg","width":1600,"height":1600,"caption":"Rammstein Gin 40% 0,7l"},{"@type":"BreadcrumbList","@id":"https:\/\/www.rumicon.sk\/hu\/produkt\/gin-rammstein-40-07l\/#breadcrumb","itemListElement":[{"@type":"ListItem","position":1,"name":"Home","item":"https:\/\/www.rumicon.sk\/hu\/home\/"},{"@type":"ListItem","position":2,"name":"Web\u00e1ruh\u00e1z","item":"https:\/\/www.rumicon.sk\/hu\/webaruhaz\/"},{"@type":"ListItem","position":3,"name":"Gin Rammstein 40% 0,7l"}]},{"@type":"WebSite","@id":"https:\/\/www.rumicon.sk\/hu\/#website","url":"https:\/\/www.rumicon.sk\/hu\/","name":"rumicon.sk","description":"","publisher":{"@id":"https:\/\/www.rumicon.sk\/hu\/#organization"},"potentialAction":[{"@type":"SearchAction","target":{"@type":"EntryPoint","urlTemplate":"https:\/\/www.rumicon.sk\/hu\/?s={search_term_string}"},"query-input":{"@type":"PropertyValueSpecification","valueRequired":true,"valueName":"search_term_string"}}],"inLanguage":"hu"},{"@type":"Organization","@id":"https:\/\/www.rumicon.sk\/hu\/#organization","name":"rumicon.sk","url":"https:\/\/www.rumicon.sk\/hu\/","logo":{"@type":"ImageObject","inLanguage":"hu","@id":"https:\/\/www.rumicon.sk\/hu\/#\/schema\/logo\/image\/","url":"https:\/\/www.rumicon.sk\/wp-content\/uploads\/logo-rumicon-bcs-color.png","contentUrl":"https:\/\/www.rumicon.sk\/wp-content\/uploads\/logo-rumicon-bcs-color.png","width":827,"height":278,"caption":"rumicon.sk"},"image":{"@id":"https:\/\/www.rumicon.sk\/hu\/#\/schema\/logo\/image\/"},"sameAs":["https:\/\/www.facebook.com\/people\/Rumicon-Bottle-Cigar-Shop\/100087110283303\/","https:\/\/www.instagram.com\/rumicon_bottle_cigar_shop\/","https:\/\/www.tiktok.com\/@rumicon2022"]}]}},"_links":{"self":[{"href":"https:\/\/www.rumicon.sk\/hu\/wp-json\/wp\/v2\/product\/5270","targetHints":{"allow":["GET"]}}],"collection":[{"href":"https:\/\/www.rumicon.sk\/hu\/wp-json\/wp\/v2\/product"}],"about":[{"href":"https:\/\/www.rumicon.sk\/hu\/wp-json\/wp\/v2\/types\/product"}],"replies":[{"embeddable":true,"href":"https:\/\/www.rumicon.sk\/hu\/wp-json\/wp\/v2\/comments?post=5270"}],"wp:featuredmedia":[{"embeddable":true,"href":"https:\/\/www.rumicon.sk\/hu\/wp-json\/wp\/v2\/media\/5273"}],"wp:attachment":[{"href":"https:\/\/www.rumicon.sk\/hu\/wp-json\/wp\/v2\/media?parent=5270"}],"wp:term":[{"taxonomy":"product_brand","embeddable":true,"href":"https:\/\/www.rumicon.sk\/hu\/wp-json\/wp\/v2\/product_brand?post=5270"},{"taxonomy":"product_cat","embeddable":true,"href":"https:\/\/www.rumicon.sk\/hu\/wp-json\/wp\/v2\/product_cat?post=5270"},{"taxonomy":"product_tag","embeddable":true,"href":"https:\/\/www.rumicon.sk\/hu\/wp-json\/wp\/v2\/product_tag?post=5270"}],"curies":[{"name":"wp","href":"https:\/\/api.w.org\/{rel}","templated":true}]}}