{"id":5269,"date":"2022-11-16T05:51:56","date_gmt":"2022-11-16T04:51:56","guid":{"rendered":"https:\/\/www.rumicon.sk\/produkt\/gin-citadelle-no-mistake-05-l-46\/"},"modified":"2025-08-14T11:40:53","modified_gmt":"2025-08-14T09:40:53","slug":"gin-citadelle-no-mistake-05-l-46","status":"publish","type":"product","link":"https:\/\/www.rumicon.sk\/hu\/produkt\/gin-citadelle-no-mistake-05-l-46\/","title":{"rendered":"Gin Citadelle No Mistake 0,5 l 46%"},"content":{"rendered":"<p>Nagyon kiegyens\u00falyozott, \u00e9des Old Tom gin, ak\u00e1r 19 k\u00fcl\u00f6nb\u00f6z\u0151 gy\u00f3gyn\u00f6v\u00e9nnyel. Ennek a ginnek az alapja a Citadelle R\u00e9serve, amelyhez t\u00f6lgyfahord\u00f3ban \u00e9rlelt karibi szirupot adnak. <\/p>\n","protected":false},"excerpt":{"rendered":"<p>Nagyon kiegyens\u00falyozott, \u00e9des Old Tom gin, ak\u00e1r 19 k\u00fcl\u00f6nb\u00f6z\u0151 gy\u00f3gyn\u00f6v\u00e9nnyel. Ennek a ginnek az alapja a Citadelle R\u00e9serve, amelyhez t\u00f6lgyfahord\u00f3ban \u00e9rlelt karibi szirupot adnak. <\/p>\n","protected":false},"featured_media":5271,"comment_status":"closed","ping_status":"closed","template":"","meta":{"_acf_changed":false},"product_brand":[],"product_cat":[598,603,634],"product_tag":[633,932],"class_list":{"0":"post-5269","1":"product","2":"type-product","3":"status-publish","4":"has-post-thumbnail","6":"product_cat-gin-hu","7":"product_cat-dry-gin-hu","8":"product_cat-old-tom-gin-hu","9":"product_tag-citadelle-hu","10":"product_tag-francia-gin","11":"pa_druh-alkoholu-gin-hu","12":"pa_krajina-povodu-franciaorszag","13":"pa_objem-05-l-hu","14":"pa_obsah-alkoholu-46-hu","15":"pa_znacka-citadelle-hu","17":"first","18":"instock","19":"taxable","20":"shipping-taxable","21":"purchasable","22":"product-type-simple"},"acf":[],"yoast_head":"<!-- This site is optimized with the Yoast SEO plugin v27.0 - https:\/\/yoast.com\/product\/yoast-seo-wordpress\/ -->\n<title>Gin Citadelle No Mistake 0,5 l 46% - rumicon.sk<\/title>\n<meta name=\"robots\" content=\"index, follow, max-snippet:-1, max-image-preview:large, max-video-preview:-1\" \/>\n<link rel=\"canonical\" href=\"https:\/\/www.rumicon.sk\/hu\/produkt\/gin-citadelle-no-mistake-05-l-46\/\" \/>\n<meta property=\"og:locale\" content=\"hu_HU\" \/>\n<meta property=\"og:type\" content=\"article\" \/>\n<meta property=\"og:title\" content=\"Gin Citadelle No Mistake 0,5 l 46% - rumicon.sk\" \/>\n<meta property=\"og:description\" content=\"Nagyon kiegyens\u00falyozott, \u00e9des Old Tom gin, ak\u00e1r 19 k\u00fcl\u00f6nb\u00f6z\u0151 gy\u00f3gyn\u00f6v\u00e9nnyel. Ennek a ginnek az alapja a Citadelle R\u00e9serve, amelyhez t\u00f6lgyfahord\u00f3ban \u00e9rlelt karibi szirupot adnak.\" \/>\n<meta property=\"og:url\" content=\"https:\/\/www.rumicon.sk\/hu\/produkt\/gin-citadelle-no-mistake-05-l-46\/\" \/>\n<meta property=\"og:site_name\" content=\"rumicon.sk\" \/>\n<meta property=\"article:publisher\" content=\"https:\/\/www.facebook.com\/people\/Rumicon-Bottle-Cigar-Shop\/100087110283303\/\" \/>\n<meta property=\"article:modified_time\" content=\"2025-08-14T09:40:53+00:00\" \/>\n<meta property=\"og:image\" content=\"https:\/\/www.rumicon.sk\/wp-content\/uploads\/dd7babb88e990a13eaf0643473245c83.jpg\" \/>\n\t<meta property=\"og:image:width\" content=\"1600\" \/>\n\t<meta property=\"og:image:height\" content=\"1600\" \/>\n\t<meta property=\"og:image:type\" content=\"image\/jpeg\" \/>\n<meta name=\"twitter:card\" content=\"summary_large_image\" \/>\n<script type=\"application\/ld+json\" class=\"yoast-schema-graph\">{\"@context\":\"https:\/\/schema.org\",\"@graph\":[{\"@type\":\"WebPage\",\"@id\":\"https:\/\/www.rumicon.sk\/hu\/produkt\/gin-citadelle-no-mistake-05-l-46\/\",\"url\":\"https:\/\/www.rumicon.sk\/hu\/produkt\/gin-citadelle-no-mistake-05-l-46\/\",\"name\":\"Gin Citadelle No Mistake 0,5 l 46% - rumicon.sk\",\"isPartOf\":{\"@id\":\"https:\/\/www.rumicon.sk\/hu\/#website\"},\"primaryImageOfPage\":{\"@id\":\"https:\/\/www.rumicon.sk\/hu\/produkt\/gin-citadelle-no-mistake-05-l-46\/#primaryimage\"},\"image\":{\"@id\":\"https:\/\/www.rumicon.sk\/hu\/produkt\/gin-citadelle-no-mistake-05-l-46\/#primaryimage\"},\"thumbnailUrl\":\"https:\/\/www.rumicon.sk\/wp-content\/uploads\/dd7babb88e990a13eaf0643473245c83.jpg\",\"datePublished\":\"2022-11-16T04:51:56+00:00\",\"dateModified\":\"2025-08-14T09:40:53+00:00\",\"breadcrumb\":{\"@id\":\"https:\/\/www.rumicon.sk\/hu\/produkt\/gin-citadelle-no-mistake-05-l-46\/#breadcrumb\"},\"inLanguage\":\"hu\",\"potentialAction\":[{\"@type\":\"ReadAction\",\"target\":[\"https:\/\/www.rumicon.sk\/hu\/produkt\/gin-citadelle-no-mistake-05-l-46\/\"]}]},{\"@type\":\"ImageObject\",\"inLanguage\":\"hu\",\"@id\":\"https:\/\/www.rumicon.sk\/hu\/produkt\/gin-citadelle-no-mistake-05-l-46\/#primaryimage\",\"url\":\"https:\/\/www.rumicon.sk\/wp-content\/uploads\/dd7babb88e990a13eaf0643473245c83.jpg\",\"contentUrl\":\"https:\/\/www.rumicon.sk\/wp-content\/uploads\/dd7babb88e990a13eaf0643473245c83.jpg\",\"width\":1600,\"height\":1600,\"caption\":\"Gin Citadelle No Mistake 0,5l 46%\"},{\"@type\":\"BreadcrumbList\",\"@id\":\"https:\/\/www.rumicon.sk\/hu\/produkt\/gin-citadelle-no-mistake-05-l-46\/#breadcrumb\",\"itemListElement\":[{\"@type\":\"ListItem\",\"position\":1,\"name\":\"Home\",\"item\":\"https:\/\/www.rumicon.sk\/hu\/home\/\"},{\"@type\":\"ListItem\",\"position\":2,\"name\":\"Web\u00e1ruh\u00e1z\",\"item\":\"https:\/\/www.rumicon.sk\/hu\/webaruhaz\/\"},{\"@type\":\"ListItem\",\"position\":3,\"name\":\"Gin Citadelle No Mistake 0,5 l 46%\"}]},{\"@type\":\"WebSite\",\"@id\":\"https:\/\/www.rumicon.sk\/hu\/#website\",\"url\":\"https:\/\/www.rumicon.sk\/hu\/\",\"name\":\"rumicon.sk\",\"description\":\"\",\"publisher\":{\"@id\":\"https:\/\/www.rumicon.sk\/hu\/#organization\"},\"potentialAction\":[{\"@type\":\"SearchAction\",\"target\":{\"@type\":\"EntryPoint\",\"urlTemplate\":\"https:\/\/www.rumicon.sk\/hu\/?s={search_term_string}\"},\"query-input\":{\"@type\":\"PropertyValueSpecification\",\"valueRequired\":true,\"valueName\":\"search_term_string\"}}],\"inLanguage\":\"hu\"},{\"@type\":\"Organization\",\"@id\":\"https:\/\/www.rumicon.sk\/hu\/#organization\",\"name\":\"rumicon.sk\",\"url\":\"https:\/\/www.rumicon.sk\/hu\/\",\"logo\":{\"@type\":\"ImageObject\",\"inLanguage\":\"hu\",\"@id\":\"https:\/\/www.rumicon.sk\/hu\/#\/schema\/logo\/image\/\",\"url\":\"https:\/\/www.rumicon.sk\/wp-content\/uploads\/logo-rumicon-bcs-color.png\",\"contentUrl\":\"https:\/\/www.rumicon.sk\/wp-content\/uploads\/logo-rumicon-bcs-color.png\",\"width\":827,\"height\":278,\"caption\":\"rumicon.sk\"},\"image\":{\"@id\":\"https:\/\/www.rumicon.sk\/hu\/#\/schema\/logo\/image\/\"},\"sameAs\":[\"https:\/\/www.facebook.com\/people\/Rumicon-Bottle-Cigar-Shop\/100087110283303\/\",\"https:\/\/www.instagram.com\/rumicon_bottle_cigar_shop\/\",\"https:\/\/www.tiktok.com\/@rumicon2022\"]}]}<\/script>\n<!-- \/ Yoast SEO plugin. -->","yoast_head_json":{"title":"Gin Citadelle No Mistake 0,5 l 46% - rumicon.sk","robots":{"index":"index","follow":"follow","max-snippet":"max-snippet:-1","max-image-preview":"max-image-preview:large","max-video-preview":"max-video-preview:-1"},"canonical":"https:\/\/www.rumicon.sk\/hu\/produkt\/gin-citadelle-no-mistake-05-l-46\/","og_locale":"hu_HU","og_type":"article","og_title":"Gin Citadelle No Mistake 0,5 l 46% - rumicon.sk","og_description":"Nagyon kiegyens\u00falyozott, \u00e9des Old Tom gin, ak\u00e1r 19 k\u00fcl\u00f6nb\u00f6z\u0151 gy\u00f3gyn\u00f6v\u00e9nnyel. Ennek a ginnek az alapja a Citadelle R\u00e9serve, amelyhez t\u00f6lgyfahord\u00f3ban \u00e9rlelt karibi szirupot adnak.","og_url":"https:\/\/www.rumicon.sk\/hu\/produkt\/gin-citadelle-no-mistake-05-l-46\/","og_site_name":"rumicon.sk","article_publisher":"https:\/\/www.facebook.com\/people\/Rumicon-Bottle-Cigar-Shop\/100087110283303\/","article_modified_time":"2025-08-14T09:40:53+00:00","og_image":[{"width":1600,"height":1600,"url":"https:\/\/www.rumicon.sk\/wp-content\/uploads\/dd7babb88e990a13eaf0643473245c83.jpg","type":"image\/jpeg"}],"twitter_card":"summary_large_image","schema":{"@context":"https:\/\/schema.org","@graph":[{"@type":"WebPage","@id":"https:\/\/www.rumicon.sk\/hu\/produkt\/gin-citadelle-no-mistake-05-l-46\/","url":"https:\/\/www.rumicon.sk\/hu\/produkt\/gin-citadelle-no-mistake-05-l-46\/","name":"Gin Citadelle No Mistake 0,5 l 46% - rumicon.sk","isPartOf":{"@id":"https:\/\/www.rumicon.sk\/hu\/#website"},"primaryImageOfPage":{"@id":"https:\/\/www.rumicon.sk\/hu\/produkt\/gin-citadelle-no-mistake-05-l-46\/#primaryimage"},"image":{"@id":"https:\/\/www.rumicon.sk\/hu\/produkt\/gin-citadelle-no-mistake-05-l-46\/#primaryimage"},"thumbnailUrl":"https:\/\/www.rumicon.sk\/wp-content\/uploads\/dd7babb88e990a13eaf0643473245c83.jpg","datePublished":"2022-11-16T04:51:56+00:00","dateModified":"2025-08-14T09:40:53+00:00","breadcrumb":{"@id":"https:\/\/www.rumicon.sk\/hu\/produkt\/gin-citadelle-no-mistake-05-l-46\/#breadcrumb"},"inLanguage":"hu","potentialAction":[{"@type":"ReadAction","target":["https:\/\/www.rumicon.sk\/hu\/produkt\/gin-citadelle-no-mistake-05-l-46\/"]}]},{"@type":"ImageObject","inLanguage":"hu","@id":"https:\/\/www.rumicon.sk\/hu\/produkt\/gin-citadelle-no-mistake-05-l-46\/#primaryimage","url":"https:\/\/www.rumicon.sk\/wp-content\/uploads\/dd7babb88e990a13eaf0643473245c83.jpg","contentUrl":"https:\/\/www.rumicon.sk\/wp-content\/uploads\/dd7babb88e990a13eaf0643473245c83.jpg","width":1600,"height":1600,"caption":"Gin Citadelle No Mistake 0,5l 46%"},{"@type":"BreadcrumbList","@id":"https:\/\/www.rumicon.sk\/hu\/produkt\/gin-citadelle-no-mistake-05-l-46\/#breadcrumb","itemListElement":[{"@type":"ListItem","position":1,"name":"Home","item":"https:\/\/www.rumicon.sk\/hu\/home\/"},{"@type":"ListItem","position":2,"name":"Web\u00e1ruh\u00e1z","item":"https:\/\/www.rumicon.sk\/hu\/webaruhaz\/"},{"@type":"ListItem","position":3,"name":"Gin Citadelle No Mistake 0,5 l 46%"}]},{"@type":"WebSite","@id":"https:\/\/www.rumicon.sk\/hu\/#website","url":"https:\/\/www.rumicon.sk\/hu\/","name":"rumicon.sk","description":"","publisher":{"@id":"https:\/\/www.rumicon.sk\/hu\/#organization"},"potentialAction":[{"@type":"SearchAction","target":{"@type":"EntryPoint","urlTemplate":"https:\/\/www.rumicon.sk\/hu\/?s={search_term_string}"},"query-input":{"@type":"PropertyValueSpecification","valueRequired":true,"valueName":"search_term_string"}}],"inLanguage":"hu"},{"@type":"Organization","@id":"https:\/\/www.rumicon.sk\/hu\/#organization","name":"rumicon.sk","url":"https:\/\/www.rumicon.sk\/hu\/","logo":{"@type":"ImageObject","inLanguage":"hu","@id":"https:\/\/www.rumicon.sk\/hu\/#\/schema\/logo\/image\/","url":"https:\/\/www.rumicon.sk\/wp-content\/uploads\/logo-rumicon-bcs-color.png","contentUrl":"https:\/\/www.rumicon.sk\/wp-content\/uploads\/logo-rumicon-bcs-color.png","width":827,"height":278,"caption":"rumicon.sk"},"image":{"@id":"https:\/\/www.rumicon.sk\/hu\/#\/schema\/logo\/image\/"},"sameAs":["https:\/\/www.facebook.com\/people\/Rumicon-Bottle-Cigar-Shop\/100087110283303\/","https:\/\/www.instagram.com\/rumicon_bottle_cigar_shop\/","https:\/\/www.tiktok.com\/@rumicon2022"]}]}},"_links":{"self":[{"href":"https:\/\/www.rumicon.sk\/hu\/wp-json\/wp\/v2\/product\/5269","targetHints":{"allow":["GET"]}}],"collection":[{"href":"https:\/\/www.rumicon.sk\/hu\/wp-json\/wp\/v2\/product"}],"about":[{"href":"https:\/\/www.rumicon.sk\/hu\/wp-json\/wp\/v2\/types\/product"}],"replies":[{"embeddable":true,"href":"https:\/\/www.rumicon.sk\/hu\/wp-json\/wp\/v2\/comments?post=5269"}],"wp:featuredmedia":[{"embeddable":true,"href":"https:\/\/www.rumicon.sk\/hu\/wp-json\/wp\/v2\/media\/5271"}],"wp:attachment":[{"href":"https:\/\/www.rumicon.sk\/hu\/wp-json\/wp\/v2\/media?parent=5269"}],"wp:term":[{"taxonomy":"product_brand","embeddable":true,"href":"https:\/\/www.rumicon.sk\/hu\/wp-json\/wp\/v2\/product_brand?post=5269"},{"taxonomy":"product_cat","embeddable":true,"href":"https:\/\/www.rumicon.sk\/hu\/wp-json\/wp\/v2\/product_cat?post=5269"},{"taxonomy":"product_tag","embeddable":true,"href":"https:\/\/www.rumicon.sk\/hu\/wp-json\/wp\/v2\/product_tag?post=5269"}],"curies":[{"name":"wp","href":"https:\/\/api.w.org\/{rel}","templated":true}]}}