{"id":5255,"date":"2022-11-16T05:52:36","date_gmt":"2022-11-16T04:52:36","guid":{"rendered":"https:\/\/www.rumicon.sk\/produkt\/vodka-faberge-dark-red-40-0-7l-ajandek\/"},"modified":"2025-12-01T16:07:07","modified_gmt":"2025-12-01T15:07:07","slug":"vodka-faberge-dark-red-40-0-7l-ajandek","status":"publish","type":"product","link":"https:\/\/www.rumicon.sk\/hu\/produkt\/vodka-faberge-dark-red-40-0-7l-ajandek\/","title":{"rendered":"Vodka Faberg\u00e9 Dark Red 40%, 0.7l, AJ\u00c1ND\u00c9K"},"content":{"rendered":"<p>A<strong> Karl Faberge<\/strong> munk\u00e1i \u00e1ltal inspir\u00e1lt, egyedi <strong>Faberge-toj\u00e1s<\/strong> st\u00edlus\u00fa bor\u00edt\u00f3k az Imperial Collection m\u00e1rka igazi remekm\u0171vei.<\/p>\n","protected":false},"excerpt":{"rendered":"<p>A Karl Faberge munk\u00e1i \u00e1ltal inspir\u00e1lt, egyedi Faberge-toj\u00e1s st\u00edlus\u00fa bor\u00edt\u00f3k az Imperial Collection m\u00e1rka igazi remekm\u0171vei.<\/p>\n","protected":false},"featured_media":5256,"comment_status":"closed","ping_status":"closed","template":"","meta":{"_acf_changed":false},"product_brand":[],"product_cat":[930,608,610],"product_tag":[613,944],"class_list":{"0":"post-5255","1":"product","2":"type-product","3":"status-publish","4":"has-post-thumbnail","6":"product_cat-gyujtoi-alkohol","7":"product_cat-vodka-hu","8":"product_cat-tiszta-vodka","9":"product_tag-carskaja-hu","10":"product_tag-oroszorszag-vodka","11":"pa_druh-alkoholu-vodka-hu","12":"pa_krajina-povodu-oroszorszag","13":"pa_objem-07-l-hu","14":"pa_obsah-alkoholu-40-hu","15":"pa_znacka-carskaja-hu","17":"first","18":"outofstock","19":"taxable","20":"shipping-taxable","21":"purchasable","22":"product-type-simple"},"acf":[],"yoast_head":"<!-- This site is optimized with the Yoast SEO plugin v27.0 - https:\/\/yoast.com\/product\/yoast-seo-wordpress\/ -->\n<title>Vodka Faberg\u00e9 Dark Red 40%, 0.7l, AJ\u00c1ND\u00c9K - rumicon.sk<\/title>\n<meta name=\"robots\" content=\"index, follow, max-snippet:-1, max-image-preview:large, max-video-preview:-1\" \/>\n<link rel=\"canonical\" href=\"https:\/\/www.rumicon.sk\/hu\/produkt\/vodka-faberge-dark-red-40-0-7l-ajandek\/\" \/>\n<meta property=\"og:locale\" content=\"hu_HU\" \/>\n<meta property=\"og:type\" content=\"article\" \/>\n<meta property=\"og:title\" content=\"Vodka Faberg\u00e9 Dark Red 40%, 0.7l, AJ\u00c1ND\u00c9K - rumicon.sk\" \/>\n<meta property=\"og:description\" content=\"A Karl Faberge munk\u00e1i \u00e1ltal inspir\u00e1lt, egyedi Faberge-toj\u00e1s st\u00edlus\u00fa bor\u00edt\u00f3k az Imperial Collection m\u00e1rka igazi remekm\u0171vei.\" \/>\n<meta property=\"og:url\" content=\"https:\/\/www.rumicon.sk\/hu\/produkt\/vodka-faberge-dark-red-40-0-7l-ajandek\/\" \/>\n<meta property=\"og:site_name\" content=\"rumicon.sk\" \/>\n<meta property=\"article:publisher\" content=\"https:\/\/www.facebook.com\/people\/Rumicon-Bottle-Cigar-Shop\/100087110283303\/\" \/>\n<meta property=\"article:modified_time\" content=\"2025-12-01T15:07:07+00:00\" \/>\n<meta property=\"og:image\" content=\"https:\/\/www.rumicon.sk\/wp-content\/uploads\/13bcbf9b405662bf114438ebc7044041.jpg\" \/>\n\t<meta property=\"og:image:width\" content=\"1600\" \/>\n\t<meta property=\"og:image:height\" content=\"1600\" \/>\n\t<meta property=\"og:image:type\" content=\"image\/jpeg\" \/>\n<meta name=\"twitter:card\" content=\"summary_large_image\" \/>\n<script type=\"application\/ld+json\" class=\"yoast-schema-graph\">{\"@context\":\"https:\/\/schema.org\",\"@graph\":[{\"@type\":\"WebPage\",\"@id\":\"https:\/\/www.rumicon.sk\/hu\/produkt\/vodka-faberge-dark-red-40-0-7l-ajandek\/\",\"url\":\"https:\/\/www.rumicon.sk\/hu\/produkt\/vodka-faberge-dark-red-40-0-7l-ajandek\/\",\"name\":\"Vodka Faberg\u00e9 Dark Red 40%, 0.7l, AJ\u00c1ND\u00c9K - rumicon.sk\",\"isPartOf\":{\"@id\":\"https:\/\/www.rumicon.sk\/hu\/#website\"},\"primaryImageOfPage\":{\"@id\":\"https:\/\/www.rumicon.sk\/hu\/produkt\/vodka-faberge-dark-red-40-0-7l-ajandek\/#primaryimage\"},\"image\":{\"@id\":\"https:\/\/www.rumicon.sk\/hu\/produkt\/vodka-faberge-dark-red-40-0-7l-ajandek\/#primaryimage\"},\"thumbnailUrl\":\"https:\/\/www.rumicon.sk\/wp-content\/uploads\/13bcbf9b405662bf114438ebc7044041.jpg\",\"datePublished\":\"2022-11-16T04:52:36+00:00\",\"dateModified\":\"2025-12-01T15:07:07+00:00\",\"breadcrumb\":{\"@id\":\"https:\/\/www.rumicon.sk\/hu\/produkt\/vodka-faberge-dark-red-40-0-7l-ajandek\/#breadcrumb\"},\"inLanguage\":\"hu\",\"potentialAction\":[{\"@type\":\"ReadAction\",\"target\":[\"https:\/\/www.rumicon.sk\/hu\/produkt\/vodka-faberge-dark-red-40-0-7l-ajandek\/\"]}]},{\"@type\":\"ImageObject\",\"inLanguage\":\"hu\",\"@id\":\"https:\/\/www.rumicon.sk\/hu\/produkt\/vodka-faberge-dark-red-40-0-7l-ajandek\/#primaryimage\",\"url\":\"https:\/\/www.rumicon.sk\/wp-content\/uploads\/13bcbf9b405662bf114438ebc7044041.jpg\",\"contentUrl\":\"https:\/\/www.rumicon.sk\/wp-content\/uploads\/13bcbf9b405662bf114438ebc7044041.jpg\",\"width\":1600,\"height\":1600},{\"@type\":\"BreadcrumbList\",\"@id\":\"https:\/\/www.rumicon.sk\/hu\/produkt\/vodka-faberge-dark-red-40-0-7l-ajandek\/#breadcrumb\",\"itemListElement\":[{\"@type\":\"ListItem\",\"position\":1,\"name\":\"Home\",\"item\":\"https:\/\/www.rumicon.sk\/hu\/home\/\"},{\"@type\":\"ListItem\",\"position\":2,\"name\":\"Web\u00e1ruh\u00e1z\",\"item\":\"https:\/\/www.rumicon.sk\/hu\/webaruhaz\/\"},{\"@type\":\"ListItem\",\"position\":3,\"name\":\"Vodka Faberg\u00e9 Dark Red 40%, 0.7l, AJ\u00c1ND\u00c9K\"}]},{\"@type\":\"WebSite\",\"@id\":\"https:\/\/www.rumicon.sk\/hu\/#website\",\"url\":\"https:\/\/www.rumicon.sk\/hu\/\",\"name\":\"rumicon.sk\",\"description\":\"\",\"publisher\":{\"@id\":\"https:\/\/www.rumicon.sk\/hu\/#organization\"},\"potentialAction\":[{\"@type\":\"SearchAction\",\"target\":{\"@type\":\"EntryPoint\",\"urlTemplate\":\"https:\/\/www.rumicon.sk\/hu\/?s={search_term_string}\"},\"query-input\":{\"@type\":\"PropertyValueSpecification\",\"valueRequired\":true,\"valueName\":\"search_term_string\"}}],\"inLanguage\":\"hu\"},{\"@type\":\"Organization\",\"@id\":\"https:\/\/www.rumicon.sk\/hu\/#organization\",\"name\":\"rumicon.sk\",\"url\":\"https:\/\/www.rumicon.sk\/hu\/\",\"logo\":{\"@type\":\"ImageObject\",\"inLanguage\":\"hu\",\"@id\":\"https:\/\/www.rumicon.sk\/hu\/#\/schema\/logo\/image\/\",\"url\":\"https:\/\/www.rumicon.sk\/wp-content\/uploads\/logo-rumicon-bcs-color.png\",\"contentUrl\":\"https:\/\/www.rumicon.sk\/wp-content\/uploads\/logo-rumicon-bcs-color.png\",\"width\":827,\"height\":278,\"caption\":\"rumicon.sk\"},\"image\":{\"@id\":\"https:\/\/www.rumicon.sk\/hu\/#\/schema\/logo\/image\/\"},\"sameAs\":[\"https:\/\/www.facebook.com\/people\/Rumicon-Bottle-Cigar-Shop\/100087110283303\/\",\"https:\/\/www.instagram.com\/rumicon_bottle_cigar_shop\/\",\"https:\/\/www.tiktok.com\/@rumicon2022\"]}]}<\/script>\n<!-- \/ Yoast SEO plugin. -->","yoast_head_json":{"title":"Vodka Faberg\u00e9 Dark Red 40%, 0.7l, AJ\u00c1ND\u00c9K - rumicon.sk","robots":{"index":"index","follow":"follow","max-snippet":"max-snippet:-1","max-image-preview":"max-image-preview:large","max-video-preview":"max-video-preview:-1"},"canonical":"https:\/\/www.rumicon.sk\/hu\/produkt\/vodka-faberge-dark-red-40-0-7l-ajandek\/","og_locale":"hu_HU","og_type":"article","og_title":"Vodka Faberg\u00e9 Dark Red 40%, 0.7l, AJ\u00c1ND\u00c9K - rumicon.sk","og_description":"A Karl Faberge munk\u00e1i \u00e1ltal inspir\u00e1lt, egyedi Faberge-toj\u00e1s st\u00edlus\u00fa bor\u00edt\u00f3k az Imperial Collection m\u00e1rka igazi remekm\u0171vei.","og_url":"https:\/\/www.rumicon.sk\/hu\/produkt\/vodka-faberge-dark-red-40-0-7l-ajandek\/","og_site_name":"rumicon.sk","article_publisher":"https:\/\/www.facebook.com\/people\/Rumicon-Bottle-Cigar-Shop\/100087110283303\/","article_modified_time":"2025-12-01T15:07:07+00:00","og_image":[{"width":1600,"height":1600,"url":"https:\/\/www.rumicon.sk\/wp-content\/uploads\/13bcbf9b405662bf114438ebc7044041.jpg","type":"image\/jpeg"}],"twitter_card":"summary_large_image","schema":{"@context":"https:\/\/schema.org","@graph":[{"@type":"WebPage","@id":"https:\/\/www.rumicon.sk\/hu\/produkt\/vodka-faberge-dark-red-40-0-7l-ajandek\/","url":"https:\/\/www.rumicon.sk\/hu\/produkt\/vodka-faberge-dark-red-40-0-7l-ajandek\/","name":"Vodka Faberg\u00e9 Dark Red 40%, 0.7l, AJ\u00c1ND\u00c9K - rumicon.sk","isPartOf":{"@id":"https:\/\/www.rumicon.sk\/hu\/#website"},"primaryImageOfPage":{"@id":"https:\/\/www.rumicon.sk\/hu\/produkt\/vodka-faberge-dark-red-40-0-7l-ajandek\/#primaryimage"},"image":{"@id":"https:\/\/www.rumicon.sk\/hu\/produkt\/vodka-faberge-dark-red-40-0-7l-ajandek\/#primaryimage"},"thumbnailUrl":"https:\/\/www.rumicon.sk\/wp-content\/uploads\/13bcbf9b405662bf114438ebc7044041.jpg","datePublished":"2022-11-16T04:52:36+00:00","dateModified":"2025-12-01T15:07:07+00:00","breadcrumb":{"@id":"https:\/\/www.rumicon.sk\/hu\/produkt\/vodka-faberge-dark-red-40-0-7l-ajandek\/#breadcrumb"},"inLanguage":"hu","potentialAction":[{"@type":"ReadAction","target":["https:\/\/www.rumicon.sk\/hu\/produkt\/vodka-faberge-dark-red-40-0-7l-ajandek\/"]}]},{"@type":"ImageObject","inLanguage":"hu","@id":"https:\/\/www.rumicon.sk\/hu\/produkt\/vodka-faberge-dark-red-40-0-7l-ajandek\/#primaryimage","url":"https:\/\/www.rumicon.sk\/wp-content\/uploads\/13bcbf9b405662bf114438ebc7044041.jpg","contentUrl":"https:\/\/www.rumicon.sk\/wp-content\/uploads\/13bcbf9b405662bf114438ebc7044041.jpg","width":1600,"height":1600},{"@type":"BreadcrumbList","@id":"https:\/\/www.rumicon.sk\/hu\/produkt\/vodka-faberge-dark-red-40-0-7l-ajandek\/#breadcrumb","itemListElement":[{"@type":"ListItem","position":1,"name":"Home","item":"https:\/\/www.rumicon.sk\/hu\/home\/"},{"@type":"ListItem","position":2,"name":"Web\u00e1ruh\u00e1z","item":"https:\/\/www.rumicon.sk\/hu\/webaruhaz\/"},{"@type":"ListItem","position":3,"name":"Vodka Faberg\u00e9 Dark Red 40%, 0.7l, AJ\u00c1ND\u00c9K"}]},{"@type":"WebSite","@id":"https:\/\/www.rumicon.sk\/hu\/#website","url":"https:\/\/www.rumicon.sk\/hu\/","name":"rumicon.sk","description":"","publisher":{"@id":"https:\/\/www.rumicon.sk\/hu\/#organization"},"potentialAction":[{"@type":"SearchAction","target":{"@type":"EntryPoint","urlTemplate":"https:\/\/www.rumicon.sk\/hu\/?s={search_term_string}"},"query-input":{"@type":"PropertyValueSpecification","valueRequired":true,"valueName":"search_term_string"}}],"inLanguage":"hu"},{"@type":"Organization","@id":"https:\/\/www.rumicon.sk\/hu\/#organization","name":"rumicon.sk","url":"https:\/\/www.rumicon.sk\/hu\/","logo":{"@type":"ImageObject","inLanguage":"hu","@id":"https:\/\/www.rumicon.sk\/hu\/#\/schema\/logo\/image\/","url":"https:\/\/www.rumicon.sk\/wp-content\/uploads\/logo-rumicon-bcs-color.png","contentUrl":"https:\/\/www.rumicon.sk\/wp-content\/uploads\/logo-rumicon-bcs-color.png","width":827,"height":278,"caption":"rumicon.sk"},"image":{"@id":"https:\/\/www.rumicon.sk\/hu\/#\/schema\/logo\/image\/"},"sameAs":["https:\/\/www.facebook.com\/people\/Rumicon-Bottle-Cigar-Shop\/100087110283303\/","https:\/\/www.instagram.com\/rumicon_bottle_cigar_shop\/","https:\/\/www.tiktok.com\/@rumicon2022"]}]}},"_links":{"self":[{"href":"https:\/\/www.rumicon.sk\/hu\/wp-json\/wp\/v2\/product\/5255","targetHints":{"allow":["GET"]}}],"collection":[{"href":"https:\/\/www.rumicon.sk\/hu\/wp-json\/wp\/v2\/product"}],"about":[{"href":"https:\/\/www.rumicon.sk\/hu\/wp-json\/wp\/v2\/types\/product"}],"replies":[{"embeddable":true,"href":"https:\/\/www.rumicon.sk\/hu\/wp-json\/wp\/v2\/comments?post=5255"}],"wp:featuredmedia":[{"embeddable":true,"href":"https:\/\/www.rumicon.sk\/hu\/wp-json\/wp\/v2\/media\/5256"}],"wp:attachment":[{"href":"https:\/\/www.rumicon.sk\/hu\/wp-json\/wp\/v2\/media?parent=5255"}],"wp:term":[{"taxonomy":"product_brand","embeddable":true,"href":"https:\/\/www.rumicon.sk\/hu\/wp-json\/wp\/v2\/product_brand?post=5255"},{"taxonomy":"product_cat","embeddable":true,"href":"https:\/\/www.rumicon.sk\/hu\/wp-json\/wp\/v2\/product_cat?post=5255"},{"taxonomy":"product_tag","embeddable":true,"href":"https:\/\/www.rumicon.sk\/hu\/wp-json\/wp\/v2\/product_tag?post=5255"}],"curies":[{"name":"wp","href":"https:\/\/api.w.org\/{rel}","templated":true}]}}