{"id":5251,"date":"2022-11-18T06:29:00","date_gmt":"2022-11-18T05:29:00","guid":{"rendered":"https:\/\/www.rumicon.sk\/produkt\/gin-you-are-the-gin-my-tonic-05l-41\/"},"modified":"2024-10-11T12:20:51","modified_gmt":"2024-10-11T10:20:51","slug":"gin-you-are-the-gin-my-tonic-05l-41","status":"publish","type":"product","link":"https:\/\/www.rumicon.sk\/hu\/produkt\/gin-you-are-the-gin-my-tonic-05l-41\/","title":{"rendered":"Gin You Are The Gin My Tonic 0,5l 41%"},"content":{"rendered":"<p>Ismered azt az \u00e9rz\u00e9st, amikor szeretn\u00e9d megk\u00f6sz\u00f6nni egy szerettednek, kifejezni a szeretetedet vagy csak boldogg\u00e1 tenni, de nem tal\u00e1lod a megfelel\u0151 szavakat? Egy \u00fcveg You Are The Gin To My Tonic seg\u00edts\u00e9g\u00e9vel egyszer\u0171en, tal\u00e1l\u00f3an \u00e9s mindenekel\u0151tt eredetien mondhatod el! <\/p>\n","protected":false},"excerpt":{"rendered":"<p>Ismered azt az \u00e9rz\u00e9st, amikor szeretn\u00e9d megk\u00f6sz\u00f6nni egy szerettednek, kifejezni a szeretetedet vagy csak boldogg\u00e1 tenni, de nem tal\u00e1lod a megfelel\u0151 szavakat? Egy \u00fcveg You Are The Gin To My Tonic seg\u00edts\u00e9g\u00e9vel egyszer\u0171en, tal\u00e1l\u00f3an \u00e9s mindenekel\u0151tt eredetien mondhatod el! <\/p>\n","protected":false},"featured_media":5252,"comment_status":"closed","ping_status":"closed","template":"","meta":{"_acf_changed":false},"product_brand":[],"product_cat":[598,603],"product_tag":[605,934],"class_list":{"0":"post-5251","1":"product","2":"type-product","3":"status-publish","4":"has-post-thumbnail","6":"product_cat-gin-hu","7":"product_cat-dry-gin-hu","8":"product_tag-craft-circus-hu","9":"product_tag-nemetorszag-gin","10":"pa_druh-alkoholu-gin-hu","11":"pa_krajina-povodu-nemetorszag","12":"pa_objem-05-l-hu","13":"pa_obsah-alkoholu-41-hu","14":"pa_znacka-craft-circus-hu","16":"first","17":"instock","18":"sale","19":"taxable","20":"shipping-taxable","21":"purchasable","22":"product-type-simple"},"acf":[],"yoast_head":"<!-- This site is optimized with the Yoast SEO plugin v27.0 - https:\/\/yoast.com\/product\/yoast-seo-wordpress\/ -->\n<title>Gin You Are The Gin My Tonic 0,5l 41% - rumicon.sk<\/title>\n<meta name=\"robots\" content=\"index, follow, max-snippet:-1, max-image-preview:large, max-video-preview:-1\" \/>\n<link rel=\"canonical\" href=\"https:\/\/www.rumicon.sk\/hu\/produkt\/gin-you-are-the-gin-my-tonic-05l-41\/\" \/>\n<meta property=\"og:locale\" content=\"hu_HU\" \/>\n<meta property=\"og:type\" content=\"article\" \/>\n<meta property=\"og:title\" content=\"Gin You Are The Gin My Tonic 0,5l 41% - rumicon.sk\" \/>\n<meta property=\"og:description\" content=\"Ismered azt az \u00e9rz\u00e9st, amikor szeretn\u00e9d megk\u00f6sz\u00f6nni egy szerettednek, kifejezni a szeretetedet vagy csak boldogg\u00e1 tenni, de nem tal\u00e1lod a megfelel\u0151 szavakat? Egy \u00fcveg You Are The Gin To My Tonic seg\u00edts\u00e9g\u00e9vel egyszer\u0171en, tal\u00e1l\u00f3an \u00e9s mindenekel\u0151tt eredetien mondhatod el!\" \/>\n<meta property=\"og:url\" content=\"https:\/\/www.rumicon.sk\/hu\/produkt\/gin-you-are-the-gin-my-tonic-05l-41\/\" \/>\n<meta property=\"og:site_name\" content=\"rumicon.sk\" \/>\n<meta property=\"article:publisher\" content=\"https:\/\/www.facebook.com\/people\/Rumicon-Bottle-Cigar-Shop\/100087110283303\/\" \/>\n<meta property=\"article:modified_time\" content=\"2024-10-11T10:20:51+00:00\" \/>\n<meta property=\"og:image\" content=\"https:\/\/www.rumicon.sk\/wp-content\/uploads\/7132a209600bfeb388ea94fe71d4b192.jpg\" \/>\n\t<meta property=\"og:image:width\" content=\"1600\" \/>\n\t<meta property=\"og:image:height\" content=\"1600\" \/>\n\t<meta property=\"og:image:type\" content=\"image\/jpeg\" \/>\n<meta name=\"twitter:card\" content=\"summary_large_image\" \/>\n<script type=\"application\/ld+json\" class=\"yoast-schema-graph\">{\"@context\":\"https:\/\/schema.org\",\"@graph\":[{\"@type\":\"WebPage\",\"@id\":\"https:\/\/www.rumicon.sk\/hu\/produkt\/gin-you-are-the-gin-my-tonic-05l-41\/\",\"url\":\"https:\/\/www.rumicon.sk\/hu\/produkt\/gin-you-are-the-gin-my-tonic-05l-41\/\",\"name\":\"Gin You Are The Gin My Tonic 0,5l 41% - rumicon.sk\",\"isPartOf\":{\"@id\":\"https:\/\/www.rumicon.sk\/hu\/#website\"},\"primaryImageOfPage\":{\"@id\":\"https:\/\/www.rumicon.sk\/hu\/produkt\/gin-you-are-the-gin-my-tonic-05l-41\/#primaryimage\"},\"image\":{\"@id\":\"https:\/\/www.rumicon.sk\/hu\/produkt\/gin-you-are-the-gin-my-tonic-05l-41\/#primaryimage\"},\"thumbnailUrl\":\"https:\/\/www.rumicon.sk\/wp-content\/uploads\/7132a209600bfeb388ea94fe71d4b192.jpg\",\"datePublished\":\"2022-11-18T05:29:00+00:00\",\"dateModified\":\"2024-10-11T10:20:51+00:00\",\"breadcrumb\":{\"@id\":\"https:\/\/www.rumicon.sk\/hu\/produkt\/gin-you-are-the-gin-my-tonic-05l-41\/#breadcrumb\"},\"inLanguage\":\"hu\",\"potentialAction\":[{\"@type\":\"ReadAction\",\"target\":[\"https:\/\/www.rumicon.sk\/hu\/produkt\/gin-you-are-the-gin-my-tonic-05l-41\/\"]}]},{\"@type\":\"ImageObject\",\"inLanguage\":\"hu\",\"@id\":\"https:\/\/www.rumicon.sk\/hu\/produkt\/gin-you-are-the-gin-my-tonic-05l-41\/#primaryimage\",\"url\":\"https:\/\/www.rumicon.sk\/wp-content\/uploads\/7132a209600bfeb388ea94fe71d4b192.jpg\",\"contentUrl\":\"https:\/\/www.rumicon.sk\/wp-content\/uploads\/7132a209600bfeb388ea94fe71d4b192.jpg\",\"width\":1600,\"height\":1600,\"caption\":\"You are the gin to my tonic\"},{\"@type\":\"BreadcrumbList\",\"@id\":\"https:\/\/www.rumicon.sk\/hu\/produkt\/gin-you-are-the-gin-my-tonic-05l-41\/#breadcrumb\",\"itemListElement\":[{\"@type\":\"ListItem\",\"position\":1,\"name\":\"Home\",\"item\":\"https:\/\/www.rumicon.sk\/hu\/home\/\"},{\"@type\":\"ListItem\",\"position\":2,\"name\":\"Web\u00e1ruh\u00e1z\",\"item\":\"https:\/\/www.rumicon.sk\/hu\/webaruhaz\/\"},{\"@type\":\"ListItem\",\"position\":3,\"name\":\"Gin You Are The Gin My Tonic 0,5l 41%\"}]},{\"@type\":\"WebSite\",\"@id\":\"https:\/\/www.rumicon.sk\/hu\/#website\",\"url\":\"https:\/\/www.rumicon.sk\/hu\/\",\"name\":\"rumicon.sk\",\"description\":\"\",\"publisher\":{\"@id\":\"https:\/\/www.rumicon.sk\/hu\/#organization\"},\"potentialAction\":[{\"@type\":\"SearchAction\",\"target\":{\"@type\":\"EntryPoint\",\"urlTemplate\":\"https:\/\/www.rumicon.sk\/hu\/?s={search_term_string}\"},\"query-input\":{\"@type\":\"PropertyValueSpecification\",\"valueRequired\":true,\"valueName\":\"search_term_string\"}}],\"inLanguage\":\"hu\"},{\"@type\":\"Organization\",\"@id\":\"https:\/\/www.rumicon.sk\/hu\/#organization\",\"name\":\"rumicon.sk\",\"url\":\"https:\/\/www.rumicon.sk\/hu\/\",\"logo\":{\"@type\":\"ImageObject\",\"inLanguage\":\"hu\",\"@id\":\"https:\/\/www.rumicon.sk\/hu\/#\/schema\/logo\/image\/\",\"url\":\"https:\/\/www.rumicon.sk\/wp-content\/uploads\/logo-rumicon-bcs-color.png\",\"contentUrl\":\"https:\/\/www.rumicon.sk\/wp-content\/uploads\/logo-rumicon-bcs-color.png\",\"width\":827,\"height\":278,\"caption\":\"rumicon.sk\"},\"image\":{\"@id\":\"https:\/\/www.rumicon.sk\/hu\/#\/schema\/logo\/image\/\"},\"sameAs\":[\"https:\/\/www.facebook.com\/people\/Rumicon-Bottle-Cigar-Shop\/100087110283303\/\",\"https:\/\/www.instagram.com\/rumicon_bottle_cigar_shop\/\",\"https:\/\/www.tiktok.com\/@rumicon2022\"]}]}<\/script>\n<!-- \/ Yoast SEO plugin. -->","yoast_head_json":{"title":"Gin You Are The Gin My Tonic 0,5l 41% - rumicon.sk","robots":{"index":"index","follow":"follow","max-snippet":"max-snippet:-1","max-image-preview":"max-image-preview:large","max-video-preview":"max-video-preview:-1"},"canonical":"https:\/\/www.rumicon.sk\/hu\/produkt\/gin-you-are-the-gin-my-tonic-05l-41\/","og_locale":"hu_HU","og_type":"article","og_title":"Gin You Are The Gin My Tonic 0,5l 41% - rumicon.sk","og_description":"Ismered azt az \u00e9rz\u00e9st, amikor szeretn\u00e9d megk\u00f6sz\u00f6nni egy szerettednek, kifejezni a szeretetedet vagy csak boldogg\u00e1 tenni, de nem tal\u00e1lod a megfelel\u0151 szavakat? Egy \u00fcveg You Are The Gin To My Tonic seg\u00edts\u00e9g\u00e9vel egyszer\u0171en, tal\u00e1l\u00f3an \u00e9s mindenekel\u0151tt eredetien mondhatod el!","og_url":"https:\/\/www.rumicon.sk\/hu\/produkt\/gin-you-are-the-gin-my-tonic-05l-41\/","og_site_name":"rumicon.sk","article_publisher":"https:\/\/www.facebook.com\/people\/Rumicon-Bottle-Cigar-Shop\/100087110283303\/","article_modified_time":"2024-10-11T10:20:51+00:00","og_image":[{"width":1600,"height":1600,"url":"https:\/\/www.rumicon.sk\/wp-content\/uploads\/7132a209600bfeb388ea94fe71d4b192.jpg","type":"image\/jpeg"}],"twitter_card":"summary_large_image","schema":{"@context":"https:\/\/schema.org","@graph":[{"@type":"WebPage","@id":"https:\/\/www.rumicon.sk\/hu\/produkt\/gin-you-are-the-gin-my-tonic-05l-41\/","url":"https:\/\/www.rumicon.sk\/hu\/produkt\/gin-you-are-the-gin-my-tonic-05l-41\/","name":"Gin You Are The Gin My Tonic 0,5l 41% - rumicon.sk","isPartOf":{"@id":"https:\/\/www.rumicon.sk\/hu\/#website"},"primaryImageOfPage":{"@id":"https:\/\/www.rumicon.sk\/hu\/produkt\/gin-you-are-the-gin-my-tonic-05l-41\/#primaryimage"},"image":{"@id":"https:\/\/www.rumicon.sk\/hu\/produkt\/gin-you-are-the-gin-my-tonic-05l-41\/#primaryimage"},"thumbnailUrl":"https:\/\/www.rumicon.sk\/wp-content\/uploads\/7132a209600bfeb388ea94fe71d4b192.jpg","datePublished":"2022-11-18T05:29:00+00:00","dateModified":"2024-10-11T10:20:51+00:00","breadcrumb":{"@id":"https:\/\/www.rumicon.sk\/hu\/produkt\/gin-you-are-the-gin-my-tonic-05l-41\/#breadcrumb"},"inLanguage":"hu","potentialAction":[{"@type":"ReadAction","target":["https:\/\/www.rumicon.sk\/hu\/produkt\/gin-you-are-the-gin-my-tonic-05l-41\/"]}]},{"@type":"ImageObject","inLanguage":"hu","@id":"https:\/\/www.rumicon.sk\/hu\/produkt\/gin-you-are-the-gin-my-tonic-05l-41\/#primaryimage","url":"https:\/\/www.rumicon.sk\/wp-content\/uploads\/7132a209600bfeb388ea94fe71d4b192.jpg","contentUrl":"https:\/\/www.rumicon.sk\/wp-content\/uploads\/7132a209600bfeb388ea94fe71d4b192.jpg","width":1600,"height":1600,"caption":"You are the gin to my tonic"},{"@type":"BreadcrumbList","@id":"https:\/\/www.rumicon.sk\/hu\/produkt\/gin-you-are-the-gin-my-tonic-05l-41\/#breadcrumb","itemListElement":[{"@type":"ListItem","position":1,"name":"Home","item":"https:\/\/www.rumicon.sk\/hu\/home\/"},{"@type":"ListItem","position":2,"name":"Web\u00e1ruh\u00e1z","item":"https:\/\/www.rumicon.sk\/hu\/webaruhaz\/"},{"@type":"ListItem","position":3,"name":"Gin You Are The Gin My Tonic 0,5l 41%"}]},{"@type":"WebSite","@id":"https:\/\/www.rumicon.sk\/hu\/#website","url":"https:\/\/www.rumicon.sk\/hu\/","name":"rumicon.sk","description":"","publisher":{"@id":"https:\/\/www.rumicon.sk\/hu\/#organization"},"potentialAction":[{"@type":"SearchAction","target":{"@type":"EntryPoint","urlTemplate":"https:\/\/www.rumicon.sk\/hu\/?s={search_term_string}"},"query-input":{"@type":"PropertyValueSpecification","valueRequired":true,"valueName":"search_term_string"}}],"inLanguage":"hu"},{"@type":"Organization","@id":"https:\/\/www.rumicon.sk\/hu\/#organization","name":"rumicon.sk","url":"https:\/\/www.rumicon.sk\/hu\/","logo":{"@type":"ImageObject","inLanguage":"hu","@id":"https:\/\/www.rumicon.sk\/hu\/#\/schema\/logo\/image\/","url":"https:\/\/www.rumicon.sk\/wp-content\/uploads\/logo-rumicon-bcs-color.png","contentUrl":"https:\/\/www.rumicon.sk\/wp-content\/uploads\/logo-rumicon-bcs-color.png","width":827,"height":278,"caption":"rumicon.sk"},"image":{"@id":"https:\/\/www.rumicon.sk\/hu\/#\/schema\/logo\/image\/"},"sameAs":["https:\/\/www.facebook.com\/people\/Rumicon-Bottle-Cigar-Shop\/100087110283303\/","https:\/\/www.instagram.com\/rumicon_bottle_cigar_shop\/","https:\/\/www.tiktok.com\/@rumicon2022"]}]}},"_links":{"self":[{"href":"https:\/\/www.rumicon.sk\/hu\/wp-json\/wp\/v2\/product\/5251","targetHints":{"allow":["GET"]}}],"collection":[{"href":"https:\/\/www.rumicon.sk\/hu\/wp-json\/wp\/v2\/product"}],"about":[{"href":"https:\/\/www.rumicon.sk\/hu\/wp-json\/wp\/v2\/types\/product"}],"replies":[{"embeddable":true,"href":"https:\/\/www.rumicon.sk\/hu\/wp-json\/wp\/v2\/comments?post=5251"}],"wp:featuredmedia":[{"embeddable":true,"href":"https:\/\/www.rumicon.sk\/hu\/wp-json\/wp\/v2\/media\/5252"}],"wp:attachment":[{"href":"https:\/\/www.rumicon.sk\/hu\/wp-json\/wp\/v2\/media?parent=5251"}],"wp:term":[{"taxonomy":"product_brand","embeddable":true,"href":"https:\/\/www.rumicon.sk\/hu\/wp-json\/wp\/v2\/product_brand?post=5251"},{"taxonomy":"product_cat","embeddable":true,"href":"https:\/\/www.rumicon.sk\/hu\/wp-json\/wp\/v2\/product_cat?post=5251"},{"taxonomy":"product_tag","embeddable":true,"href":"https:\/\/www.rumicon.sk\/hu\/wp-json\/wp\/v2\/product_tag?post=5251"}],"curies":[{"name":"wp","href":"https:\/\/api.w.org\/{rel}","templated":true}]}}