{"id":5249,"date":"2022-11-18T06:29:02","date_gmt":"2022-11-18T05:29:02","guid":{"rendered":"https:\/\/www.rumicon.sk\/produkt\/tequila-barsol-p-m-v-quebranta-07l-418\/"},"modified":"2026-02-19T00:21:22","modified_gmt":"2026-02-18T23:21:22","slug":"tequila-barsol-p-m-v-quebranta-07l-418","status":"publish","type":"product","link":"https:\/\/www.rumicon.sk\/hu\/produkt\/tequila-barsol-p-m-v-quebranta-07l-418\/","title":{"rendered":"Tequila Barsol P.M.V. Quebranta 0,7l 41,8%"},"content":{"rendered":"<p>A perui Ica-v\u00f6lgy d\u00e9li r\u00e9sz\u00e9b\u0151l sz\u00e1rmaz\u00f3, 100%-ban Quebranta sz\u0151l\u0151b\u0151l k\u00e9sz\u00fclt, r\u00e9szben erjesztett borb\u00f3l desztill\u00e1lt.<\/p>\n","protected":false},"excerpt":{"rendered":"<p>A perui Ica-v\u00f6lgy d\u00e9li r\u00e9sz\u00e9b\u0151l sz\u00e1rmaz\u00f3, 100%-ban Quebranta sz\u0151l\u0151b\u0151l k\u00e9sz\u00fclt, r\u00e9szben erjesztett borb\u00f3l desztill\u00e1lt.<\/p>\n","protected":false},"featured_media":5250,"comment_status":"closed","ping_status":"closed","template":"","meta":{"_acf_changed":false},"product_brand":[],"product_cat":[571,579],"product_tag":[595],"class_list":{"0":"post-5249","1":"product","2":"type-product","3":"status-publish","4":"has-post-thumbnail","6":"product_cat-tequila-es-mezcal","7":"product_cat-tequila-hu","8":"product_tag-barsol-hu","9":"pa_druh-alkoholu-pisco-hu","10":"pa_krajina-povodu-peru-hu","11":"pa_objem-07-l-hu","12":"pa_obsah-alkoholu-418-hu","13":"pa_znacka-barsol-hu","15":"first","16":"instock","17":"sale","18":"taxable","19":"shipping-taxable","20":"purchasable","21":"product-type-simple"},"acf":[],"yoast_head":"<!-- This site is optimized with the Yoast SEO plugin v27.0 - https:\/\/yoast.com\/product\/yoast-seo-wordpress\/ -->\n<title>Tequila Barsol P.M.V. Quebranta 0,7l 41,8% - rumicon.sk<\/title>\n<meta name=\"robots\" content=\"index, follow, max-snippet:-1, max-image-preview:large, max-video-preview:-1\" \/>\n<link rel=\"canonical\" href=\"https:\/\/www.rumicon.sk\/hu\/produkt\/tequila-barsol-p-m-v-quebranta-07l-418\/\" \/>\n<meta property=\"og:locale\" content=\"hu_HU\" \/>\n<meta property=\"og:type\" content=\"article\" \/>\n<meta property=\"og:title\" content=\"Tequila Barsol P.M.V. Quebranta 0,7l 41,8% - rumicon.sk\" \/>\n<meta property=\"og:description\" content=\"A perui Ica-v\u00f6lgy d\u00e9li r\u00e9sz\u00e9b\u0151l sz\u00e1rmaz\u00f3, 100%-ban Quebranta sz\u0151l\u0151b\u0151l k\u00e9sz\u00fclt, r\u00e9szben erjesztett borb\u00f3l desztill\u00e1lt.\" \/>\n<meta property=\"og:url\" content=\"https:\/\/www.rumicon.sk\/hu\/produkt\/tequila-barsol-p-m-v-quebranta-07l-418\/\" \/>\n<meta property=\"og:site_name\" content=\"rumicon.sk\" \/>\n<meta property=\"article:publisher\" content=\"https:\/\/www.facebook.com\/people\/Rumicon-Bottle-Cigar-Shop\/100087110283303\/\" \/>\n<meta property=\"article:modified_time\" content=\"2026-02-18T23:21:22+00:00\" \/>\n<meta property=\"og:image\" content=\"https:\/\/www.rumicon.sk\/wp-content\/uploads\/bc3f24de7da2eb2d1f822e9772b59805.jpg\" \/>\n\t<meta property=\"og:image:width\" content=\"1600\" \/>\n\t<meta property=\"og:image:height\" content=\"1600\" \/>\n\t<meta property=\"og:image:type\" content=\"image\/jpeg\" \/>\n<meta name=\"twitter:card\" content=\"summary_large_image\" \/>\n<script type=\"application\/ld+json\" class=\"yoast-schema-graph\">{\"@context\":\"https:\/\/schema.org\",\"@graph\":[{\"@type\":\"WebPage\",\"@id\":\"https:\/\/www.rumicon.sk\/hu\/produkt\/tequila-barsol-p-m-v-quebranta-07l-418\/\",\"url\":\"https:\/\/www.rumicon.sk\/hu\/produkt\/tequila-barsol-p-m-v-quebranta-07l-418\/\",\"name\":\"Tequila Barsol P.M.V. Quebranta 0,7l 41,8% - rumicon.sk\",\"isPartOf\":{\"@id\":\"https:\/\/www.rumicon.sk\/hu\/#website\"},\"primaryImageOfPage\":{\"@id\":\"https:\/\/www.rumicon.sk\/hu\/produkt\/tequila-barsol-p-m-v-quebranta-07l-418\/#primaryimage\"},\"image\":{\"@id\":\"https:\/\/www.rumicon.sk\/hu\/produkt\/tequila-barsol-p-m-v-quebranta-07l-418\/#primaryimage\"},\"thumbnailUrl\":\"https:\/\/www.rumicon.sk\/wp-content\/uploads\/bc3f24de7da2eb2d1f822e9772b59805.jpg\",\"datePublished\":\"2022-11-18T05:29:02+00:00\",\"dateModified\":\"2026-02-18T23:21:22+00:00\",\"breadcrumb\":{\"@id\":\"https:\/\/www.rumicon.sk\/hu\/produkt\/tequila-barsol-p-m-v-quebranta-07l-418\/#breadcrumb\"},\"inLanguage\":\"hu\",\"potentialAction\":[{\"@type\":\"ReadAction\",\"target\":[\"https:\/\/www.rumicon.sk\/hu\/produkt\/tequila-barsol-p-m-v-quebranta-07l-418\/\"]}]},{\"@type\":\"ImageObject\",\"inLanguage\":\"hu\",\"@id\":\"https:\/\/www.rumicon.sk\/hu\/produkt\/tequila-barsol-p-m-v-quebranta-07l-418\/#primaryimage\",\"url\":\"https:\/\/www.rumicon.sk\/wp-content\/uploads\/bc3f24de7da2eb2d1f822e9772b59805.jpg\",\"contentUrl\":\"https:\/\/www.rumicon.sk\/wp-content\/uploads\/bc3f24de7da2eb2d1f822e9772b59805.jpg\",\"width\":1600,\"height\":1600},{\"@type\":\"BreadcrumbList\",\"@id\":\"https:\/\/www.rumicon.sk\/hu\/produkt\/tequila-barsol-p-m-v-quebranta-07l-418\/#breadcrumb\",\"itemListElement\":[{\"@type\":\"ListItem\",\"position\":1,\"name\":\"Home\",\"item\":\"https:\/\/www.rumicon.sk\/hu\/home\/\"},{\"@type\":\"ListItem\",\"position\":2,\"name\":\"Web\u00e1ruh\u00e1z\",\"item\":\"https:\/\/www.rumicon.sk\/hu\/webaruhaz\/\"},{\"@type\":\"ListItem\",\"position\":3,\"name\":\"Tequila Barsol P.M.V. Quebranta 0,7l 41,8%\"}]},{\"@type\":\"WebSite\",\"@id\":\"https:\/\/www.rumicon.sk\/hu\/#website\",\"url\":\"https:\/\/www.rumicon.sk\/hu\/\",\"name\":\"rumicon.sk\",\"description\":\"\",\"publisher\":{\"@id\":\"https:\/\/www.rumicon.sk\/hu\/#organization\"},\"potentialAction\":[{\"@type\":\"SearchAction\",\"target\":{\"@type\":\"EntryPoint\",\"urlTemplate\":\"https:\/\/www.rumicon.sk\/hu\/?s={search_term_string}\"},\"query-input\":{\"@type\":\"PropertyValueSpecification\",\"valueRequired\":true,\"valueName\":\"search_term_string\"}}],\"inLanguage\":\"hu\"},{\"@type\":\"Organization\",\"@id\":\"https:\/\/www.rumicon.sk\/hu\/#organization\",\"name\":\"rumicon.sk\",\"url\":\"https:\/\/www.rumicon.sk\/hu\/\",\"logo\":{\"@type\":\"ImageObject\",\"inLanguage\":\"hu\",\"@id\":\"https:\/\/www.rumicon.sk\/hu\/#\/schema\/logo\/image\/\",\"url\":\"https:\/\/www.rumicon.sk\/wp-content\/uploads\/logo-rumicon-bcs-color.png\",\"contentUrl\":\"https:\/\/www.rumicon.sk\/wp-content\/uploads\/logo-rumicon-bcs-color.png\",\"width\":827,\"height\":278,\"caption\":\"rumicon.sk\"},\"image\":{\"@id\":\"https:\/\/www.rumicon.sk\/hu\/#\/schema\/logo\/image\/\"},\"sameAs\":[\"https:\/\/www.facebook.com\/people\/Rumicon-Bottle-Cigar-Shop\/100087110283303\/\",\"https:\/\/www.instagram.com\/rumicon_bottle_cigar_shop\/\",\"https:\/\/www.tiktok.com\/@rumicon2022\"]}]}<\/script>\n<!-- \/ Yoast SEO plugin. -->","yoast_head_json":{"title":"Tequila Barsol P.M.V. Quebranta 0,7l 41,8% - rumicon.sk","robots":{"index":"index","follow":"follow","max-snippet":"max-snippet:-1","max-image-preview":"max-image-preview:large","max-video-preview":"max-video-preview:-1"},"canonical":"https:\/\/www.rumicon.sk\/hu\/produkt\/tequila-barsol-p-m-v-quebranta-07l-418\/","og_locale":"hu_HU","og_type":"article","og_title":"Tequila Barsol P.M.V. Quebranta 0,7l 41,8% - rumicon.sk","og_description":"A perui Ica-v\u00f6lgy d\u00e9li r\u00e9sz\u00e9b\u0151l sz\u00e1rmaz\u00f3, 100%-ban Quebranta sz\u0151l\u0151b\u0151l k\u00e9sz\u00fclt, r\u00e9szben erjesztett borb\u00f3l desztill\u00e1lt.","og_url":"https:\/\/www.rumicon.sk\/hu\/produkt\/tequila-barsol-p-m-v-quebranta-07l-418\/","og_site_name":"rumicon.sk","article_publisher":"https:\/\/www.facebook.com\/people\/Rumicon-Bottle-Cigar-Shop\/100087110283303\/","article_modified_time":"2026-02-18T23:21:22+00:00","og_image":[{"width":1600,"height":1600,"url":"https:\/\/www.rumicon.sk\/wp-content\/uploads\/bc3f24de7da2eb2d1f822e9772b59805.jpg","type":"image\/jpeg"}],"twitter_card":"summary_large_image","schema":{"@context":"https:\/\/schema.org","@graph":[{"@type":"WebPage","@id":"https:\/\/www.rumicon.sk\/hu\/produkt\/tequila-barsol-p-m-v-quebranta-07l-418\/","url":"https:\/\/www.rumicon.sk\/hu\/produkt\/tequila-barsol-p-m-v-quebranta-07l-418\/","name":"Tequila Barsol P.M.V. Quebranta 0,7l 41,8% - rumicon.sk","isPartOf":{"@id":"https:\/\/www.rumicon.sk\/hu\/#website"},"primaryImageOfPage":{"@id":"https:\/\/www.rumicon.sk\/hu\/produkt\/tequila-barsol-p-m-v-quebranta-07l-418\/#primaryimage"},"image":{"@id":"https:\/\/www.rumicon.sk\/hu\/produkt\/tequila-barsol-p-m-v-quebranta-07l-418\/#primaryimage"},"thumbnailUrl":"https:\/\/www.rumicon.sk\/wp-content\/uploads\/bc3f24de7da2eb2d1f822e9772b59805.jpg","datePublished":"2022-11-18T05:29:02+00:00","dateModified":"2026-02-18T23:21:22+00:00","breadcrumb":{"@id":"https:\/\/www.rumicon.sk\/hu\/produkt\/tequila-barsol-p-m-v-quebranta-07l-418\/#breadcrumb"},"inLanguage":"hu","potentialAction":[{"@type":"ReadAction","target":["https:\/\/www.rumicon.sk\/hu\/produkt\/tequila-barsol-p-m-v-quebranta-07l-418\/"]}]},{"@type":"ImageObject","inLanguage":"hu","@id":"https:\/\/www.rumicon.sk\/hu\/produkt\/tequila-barsol-p-m-v-quebranta-07l-418\/#primaryimage","url":"https:\/\/www.rumicon.sk\/wp-content\/uploads\/bc3f24de7da2eb2d1f822e9772b59805.jpg","contentUrl":"https:\/\/www.rumicon.sk\/wp-content\/uploads\/bc3f24de7da2eb2d1f822e9772b59805.jpg","width":1600,"height":1600},{"@type":"BreadcrumbList","@id":"https:\/\/www.rumicon.sk\/hu\/produkt\/tequila-barsol-p-m-v-quebranta-07l-418\/#breadcrumb","itemListElement":[{"@type":"ListItem","position":1,"name":"Home","item":"https:\/\/www.rumicon.sk\/hu\/home\/"},{"@type":"ListItem","position":2,"name":"Web\u00e1ruh\u00e1z","item":"https:\/\/www.rumicon.sk\/hu\/webaruhaz\/"},{"@type":"ListItem","position":3,"name":"Tequila Barsol P.M.V. Quebranta 0,7l 41,8%"}]},{"@type":"WebSite","@id":"https:\/\/www.rumicon.sk\/hu\/#website","url":"https:\/\/www.rumicon.sk\/hu\/","name":"rumicon.sk","description":"","publisher":{"@id":"https:\/\/www.rumicon.sk\/hu\/#organization"},"potentialAction":[{"@type":"SearchAction","target":{"@type":"EntryPoint","urlTemplate":"https:\/\/www.rumicon.sk\/hu\/?s={search_term_string}"},"query-input":{"@type":"PropertyValueSpecification","valueRequired":true,"valueName":"search_term_string"}}],"inLanguage":"hu"},{"@type":"Organization","@id":"https:\/\/www.rumicon.sk\/hu\/#organization","name":"rumicon.sk","url":"https:\/\/www.rumicon.sk\/hu\/","logo":{"@type":"ImageObject","inLanguage":"hu","@id":"https:\/\/www.rumicon.sk\/hu\/#\/schema\/logo\/image\/","url":"https:\/\/www.rumicon.sk\/wp-content\/uploads\/logo-rumicon-bcs-color.png","contentUrl":"https:\/\/www.rumicon.sk\/wp-content\/uploads\/logo-rumicon-bcs-color.png","width":827,"height":278,"caption":"rumicon.sk"},"image":{"@id":"https:\/\/www.rumicon.sk\/hu\/#\/schema\/logo\/image\/"},"sameAs":["https:\/\/www.facebook.com\/people\/Rumicon-Bottle-Cigar-Shop\/100087110283303\/","https:\/\/www.instagram.com\/rumicon_bottle_cigar_shop\/","https:\/\/www.tiktok.com\/@rumicon2022"]}]}},"_links":{"self":[{"href":"https:\/\/www.rumicon.sk\/hu\/wp-json\/wp\/v2\/product\/5249","targetHints":{"allow":["GET"]}}],"collection":[{"href":"https:\/\/www.rumicon.sk\/hu\/wp-json\/wp\/v2\/product"}],"about":[{"href":"https:\/\/www.rumicon.sk\/hu\/wp-json\/wp\/v2\/types\/product"}],"replies":[{"embeddable":true,"href":"https:\/\/www.rumicon.sk\/hu\/wp-json\/wp\/v2\/comments?post=5249"}],"wp:featuredmedia":[{"embeddable":true,"href":"https:\/\/www.rumicon.sk\/hu\/wp-json\/wp\/v2\/media\/5250"}],"wp:attachment":[{"href":"https:\/\/www.rumicon.sk\/hu\/wp-json\/wp\/v2\/media?parent=5249"}],"wp:term":[{"taxonomy":"product_brand","embeddable":true,"href":"https:\/\/www.rumicon.sk\/hu\/wp-json\/wp\/v2\/product_brand?post=5249"},{"taxonomy":"product_cat","embeddable":true,"href":"https:\/\/www.rumicon.sk\/hu\/wp-json\/wp\/v2\/product_cat?post=5249"},{"taxonomy":"product_tag","embeddable":true,"href":"https:\/\/www.rumicon.sk\/hu\/wp-json\/wp\/v2\/product_tag?post=5249"}],"curies":[{"name":"wp","href":"https:\/\/api.w.org\/{rel}","templated":true}]}}