{"id":5221,"date":"2022-11-21T06:03:53","date_gmt":"2022-11-21T05:03:53","guid":{"rendered":"https:\/\/www.rumicon.sk\/produkt\/chateau-bela-riesling-wallachian-2021-075l-14\/"},"modified":"2025-08-14T11:41:10","modified_gmt":"2025-08-14T09:41:10","slug":"chateau-bela-riesling-wallachian-2021-075l-14","status":"publish","type":"product","link":"https:\/\/www.rumicon.sk\/hu\/produkt\/chateau-bela-riesling-wallachian-2021-075l-14\/","title":{"rendered":"Chateau Bel\u00e1 Riesling Wallachian 2021 0,75..."},"content":{"rendered":"<p><strong>\u00cdz \u00e9s illat:<\/strong> m\u00e9z, lime \u00e9s lime vir\u00e1g<\/p>\n<h3 style=\"text-align: center;\">Chateau Bela<\/h3>\n<p> <img decoding=\"async\" class=\"size-full wp-image-2987 aligncenter\" src=\"\/wp-content\/uploads\/chateau-bela.webp\" alt=\"\" width=\"1000\" height=\"471\" srcset=\"https:\/\/www.rumicon.sk\/wp-content\/uploads\/chateau-bela.webp 1000w, https:\/\/www.rumicon.sk\/wp-content\/uploads\/chateau-bela-256x121.webp 256w, https:\/\/www.rumicon.sk\/wp-content\/uploads\/chateau-bela-64x30.webp 64w\" sizes=\"(max-width: 1000px) 100vw, 1000px\" \/><\/p>\n<p style=\"text-align: center\">A b\u00e9lai kast\u00e9ly teljes fel\u00faj\u00edt\u00e1sa sor\u00e1n \u00e9s az Ullman csal\u00e1d hagyom\u00e1nyainak megfelel\u0151en a tulajdonos Ilona von Krockow gr\u00f3fn\u0151 a neves n\u00e9met bor\u00e1sszal \u00e9s a csal\u00e1d bar\u00e1tj\u00e1val, Egon M\u00fcllerrel k\u00f6z\u00f6sen \u00fagy d\u00f6nt\u00f6tt, hogy \u00faj bor\u00e1szatot alap\u00edt. Fel\u00faj\u00edtott\u00e1k a pinc\u00e9ket, \u00e9s a j\u00f3l ismert \u00e9s elismert helyi bor\u00e1szt, Miroslav Petrechet alkalmazt\u00e1k. A pinc\u00e9szetet 2000-ben alap\u00edtott\u00e1k, \u00e9s ezzel egy\u00fctt a  <span class=\"Apple-converted-space\">  <\/span>teljesen fel\u00faj\u00edtott 300 \u00e9ves pince, vadonat\u00faj technol\u00f3gi\u00e1val \u00e9s \u00faj rakt\u00e1rral felszerelve. A Ch\u00e2teau Bel\u00e1 borai a r\u00e9gi\u00f3 legn\u00e9pszer\u0171bb borai k\u00f6z\u00e9 tartoznak. New York, Toki\u00f3, London, P\u00e1rizs \u00e9s B\u00e9cs n\u00e9h\u00e1ny vezet\u0151 \u00e9tterm\u00e9ben is felszolg\u00e1lj\u00e1k \u0151ket.  <\/p>\n","protected":false},"excerpt":{"rendered":"<p>Eredetileg N\u00e9metorsz\u00e1gb\u00f3l sz\u00e1rmaz\u00f3 fajta, amelynek illat\u00e1ban m\u00e9z, m\u00e9zesm\u00e9h, lime \u00e9s nagy illat\u00fa h\u00e1rsfavir\u00e1g arom\u00e1kat keres\u00fcnk. A bor harmonikus, harmonikus marad\u00e9kcukorral \u00e9s savakkal. <\/p>\n","protected":false},"featured_media":5219,"comment_status":"closed","ping_status":"closed","template":"","meta":{"_acf_changed":false},"product_brand":[],"product_cat":[528,533,534],"product_tag":[556,962],"class_list":{"0":"post-5221","1":"product","2":"type-product","3":"status-publish","4":"has-post-thumbnail","6":"product_cat-bor","7":"product_cat-feherbor","8":"product_cat-bor-helyi-boraszoktol","9":"product_tag-chateau-bela-hu","10":"product_tag-szlovak-bor","11":"pa_cukornatost-szaraz","12":"pa_druh-vina-feher","13":"pa_krajina-povodu-szlovakia","14":"pa_objem-075-l-hu","15":"pa_obsah-alkoholu-125-hu","16":"pa_rocnik-2020-hu","17":"pa_znacka-chateau-bela-hu","19":"first","20":"instock","21":"taxable","22":"shipping-taxable","23":"purchasable","24":"product-type-simple"},"acf":[],"yoast_head":"<!-- This site is optimized with the Yoast SEO plugin v27.0 - https:\/\/yoast.com\/product\/yoast-seo-wordpress\/ -->\n<title>Chateau Bel\u00e1 Riesling Wallachian 2021 0,75l 14% - rumicon.sk<\/title>\n<meta name=\"robots\" content=\"index, follow, max-snippet:-1, max-image-preview:large, max-video-preview:-1\" \/>\n<link rel=\"canonical\" href=\"https:\/\/www.rumicon.sk\/hu\/produkt\/chateau-bela-riesling-wallachian-2021-075l-14\/\" \/>\n<meta property=\"og:locale\" content=\"hu_HU\" \/>\n<meta property=\"og:type\" content=\"article\" \/>\n<meta property=\"og:title\" content=\"Chateau Bel\u00e1 Riesling Wallachian 2021 0,75l 14% - rumicon.sk\" \/>\n<meta property=\"og:description\" content=\"Eredetileg N\u00e9metorsz\u00e1gb\u00f3l sz\u00e1rmaz\u00f3 fajta, amelynek illat\u00e1ban m\u00e9z, m\u00e9zesm\u00e9h, lime \u00e9s nagy illat\u00fa h\u00e1rsfavir\u00e1g arom\u00e1kat keres\u00fcnk. A bor harmonikus, harmonikus marad\u00e9kcukorral \u00e9s savakkal.\" \/>\n<meta property=\"og:url\" content=\"https:\/\/www.rumicon.sk\/hu\/produkt\/chateau-bela-riesling-wallachian-2021-075l-14\/\" \/>\n<meta property=\"og:site_name\" content=\"rumicon.sk\" \/>\n<meta property=\"article:publisher\" content=\"https:\/\/www.facebook.com\/people\/Rumicon-Bottle-Cigar-Shop\/100087110283303\/\" \/>\n<meta property=\"article:modified_time\" content=\"2025-08-14T09:41:10+00:00\" \/>\n<meta property=\"og:image\" content=\"https:\/\/www.rumicon.sk\/wp-content\/uploads\/CHB-RR.jpg\" \/>\n\t<meta property=\"og:image:width\" content=\"1600\" \/>\n\t<meta property=\"og:image:height\" content=\"1600\" \/>\n\t<meta property=\"og:image:type\" content=\"image\/jpeg\" \/>\n<meta name=\"twitter:card\" content=\"summary_large_image\" \/>\n<meta name=\"twitter:label1\" content=\"Becs\u00fclt olvas\u00e1si id\u0151\" \/>\n\t<meta name=\"twitter:data1\" content=\"1 perc\" \/>\n<script type=\"application\/ld+json\" class=\"yoast-schema-graph\">{\"@context\":\"https:\/\/schema.org\",\"@graph\":[{\"@type\":\"WebPage\",\"@id\":\"https:\/\/www.rumicon.sk\/hu\/produkt\/chateau-bela-riesling-wallachian-2021-075l-14\/\",\"url\":\"https:\/\/www.rumicon.sk\/hu\/produkt\/chateau-bela-riesling-wallachian-2021-075l-14\/\",\"name\":\"Chateau Bel\u00e1 Riesling Wallachian 2021 0,75l 14% - rumicon.sk\",\"isPartOf\":{\"@id\":\"https:\/\/www.rumicon.sk\/hu\/#website\"},\"primaryImageOfPage\":{\"@id\":\"https:\/\/www.rumicon.sk\/hu\/produkt\/chateau-bela-riesling-wallachian-2021-075l-14\/#primaryimage\"},\"image\":{\"@id\":\"https:\/\/www.rumicon.sk\/hu\/produkt\/chateau-bela-riesling-wallachian-2021-075l-14\/#primaryimage\"},\"thumbnailUrl\":\"https:\/\/www.rumicon.sk\/wp-content\/uploads\/CHB-RR.jpg\",\"datePublished\":\"2022-11-21T05:03:53+00:00\",\"dateModified\":\"2025-08-14T09:41:10+00:00\",\"breadcrumb\":{\"@id\":\"https:\/\/www.rumicon.sk\/hu\/produkt\/chateau-bela-riesling-wallachian-2021-075l-14\/#breadcrumb\"},\"inLanguage\":\"hu\",\"potentialAction\":[{\"@type\":\"ReadAction\",\"target\":[\"https:\/\/www.rumicon.sk\/hu\/produkt\/chateau-bela-riesling-wallachian-2021-075l-14\/\"]}]},{\"@type\":\"ImageObject\",\"inLanguage\":\"hu\",\"@id\":\"https:\/\/www.rumicon.sk\/hu\/produkt\/chateau-bela-riesling-wallachian-2021-075l-14\/#primaryimage\",\"url\":\"https:\/\/www.rumicon.sk\/wp-content\/uploads\/CHB-RR.jpg\",\"contentUrl\":\"https:\/\/www.rumicon.sk\/wp-content\/uploads\/CHB-RR.jpg\",\"width\":1600,\"height\":1600},{\"@type\":\"BreadcrumbList\",\"@id\":\"https:\/\/www.rumicon.sk\/hu\/produkt\/chateau-bela-riesling-wallachian-2021-075l-14\/#breadcrumb\",\"itemListElement\":[{\"@type\":\"ListItem\",\"position\":1,\"name\":\"Home\",\"item\":\"https:\/\/www.rumicon.sk\/hu\/home\/\"},{\"@type\":\"ListItem\",\"position\":2,\"name\":\"Web\u00e1ruh\u00e1z\",\"item\":\"https:\/\/www.rumicon.sk\/hu\/webaruhaz\/\"},{\"@type\":\"ListItem\",\"position\":3,\"name\":\"Chateau Bel\u00e1 Riesling Wallachian 2021 0,75l 14%\"}]},{\"@type\":\"WebSite\",\"@id\":\"https:\/\/www.rumicon.sk\/hu\/#website\",\"url\":\"https:\/\/www.rumicon.sk\/hu\/\",\"name\":\"rumicon.sk\",\"description\":\"\",\"publisher\":{\"@id\":\"https:\/\/www.rumicon.sk\/hu\/#organization\"},\"potentialAction\":[{\"@type\":\"SearchAction\",\"target\":{\"@type\":\"EntryPoint\",\"urlTemplate\":\"https:\/\/www.rumicon.sk\/hu\/?s={search_term_string}\"},\"query-input\":{\"@type\":\"PropertyValueSpecification\",\"valueRequired\":true,\"valueName\":\"search_term_string\"}}],\"inLanguage\":\"hu\"},{\"@type\":\"Organization\",\"@id\":\"https:\/\/www.rumicon.sk\/hu\/#organization\",\"name\":\"rumicon.sk\",\"url\":\"https:\/\/www.rumicon.sk\/hu\/\",\"logo\":{\"@type\":\"ImageObject\",\"inLanguage\":\"hu\",\"@id\":\"https:\/\/www.rumicon.sk\/hu\/#\/schema\/logo\/image\/\",\"url\":\"https:\/\/www.rumicon.sk\/wp-content\/uploads\/logo-rumicon-bcs-color.png\",\"contentUrl\":\"https:\/\/www.rumicon.sk\/wp-content\/uploads\/logo-rumicon-bcs-color.png\",\"width\":827,\"height\":278,\"caption\":\"rumicon.sk\"},\"image\":{\"@id\":\"https:\/\/www.rumicon.sk\/hu\/#\/schema\/logo\/image\/\"},\"sameAs\":[\"https:\/\/www.facebook.com\/people\/Rumicon-Bottle-Cigar-Shop\/100087110283303\/\",\"https:\/\/www.instagram.com\/rumicon_bottle_cigar_shop\/\",\"https:\/\/www.tiktok.com\/@rumicon2022\"]}]}<\/script>\n<!-- \/ Yoast SEO plugin. -->","yoast_head_json":{"title":"Chateau Bel\u00e1 Riesling Wallachian 2021 0,75l 14% - rumicon.sk","robots":{"index":"index","follow":"follow","max-snippet":"max-snippet:-1","max-image-preview":"max-image-preview:large","max-video-preview":"max-video-preview:-1"},"canonical":"https:\/\/www.rumicon.sk\/hu\/produkt\/chateau-bela-riesling-wallachian-2021-075l-14\/","og_locale":"hu_HU","og_type":"article","og_title":"Chateau Bel\u00e1 Riesling Wallachian 2021 0,75l 14% - rumicon.sk","og_description":"Eredetileg N\u00e9metorsz\u00e1gb\u00f3l sz\u00e1rmaz\u00f3 fajta, amelynek illat\u00e1ban m\u00e9z, m\u00e9zesm\u00e9h, lime \u00e9s nagy illat\u00fa h\u00e1rsfavir\u00e1g arom\u00e1kat keres\u00fcnk. A bor harmonikus, harmonikus marad\u00e9kcukorral \u00e9s savakkal.","og_url":"https:\/\/www.rumicon.sk\/hu\/produkt\/chateau-bela-riesling-wallachian-2021-075l-14\/","og_site_name":"rumicon.sk","article_publisher":"https:\/\/www.facebook.com\/people\/Rumicon-Bottle-Cigar-Shop\/100087110283303\/","article_modified_time":"2025-08-14T09:41:10+00:00","og_image":[{"width":1600,"height":1600,"url":"https:\/\/www.rumicon.sk\/wp-content\/uploads\/CHB-RR.jpg","type":"image\/jpeg"}],"twitter_card":"summary_large_image","twitter_misc":{"Becs\u00fclt olvas\u00e1si id\u0151":"1 perc"},"schema":{"@context":"https:\/\/schema.org","@graph":[{"@type":"WebPage","@id":"https:\/\/www.rumicon.sk\/hu\/produkt\/chateau-bela-riesling-wallachian-2021-075l-14\/","url":"https:\/\/www.rumicon.sk\/hu\/produkt\/chateau-bela-riesling-wallachian-2021-075l-14\/","name":"Chateau Bel\u00e1 Riesling Wallachian 2021 0,75l 14% - rumicon.sk","isPartOf":{"@id":"https:\/\/www.rumicon.sk\/hu\/#website"},"primaryImageOfPage":{"@id":"https:\/\/www.rumicon.sk\/hu\/produkt\/chateau-bela-riesling-wallachian-2021-075l-14\/#primaryimage"},"image":{"@id":"https:\/\/www.rumicon.sk\/hu\/produkt\/chateau-bela-riesling-wallachian-2021-075l-14\/#primaryimage"},"thumbnailUrl":"https:\/\/www.rumicon.sk\/wp-content\/uploads\/CHB-RR.jpg","datePublished":"2022-11-21T05:03:53+00:00","dateModified":"2025-08-14T09:41:10+00:00","breadcrumb":{"@id":"https:\/\/www.rumicon.sk\/hu\/produkt\/chateau-bela-riesling-wallachian-2021-075l-14\/#breadcrumb"},"inLanguage":"hu","potentialAction":[{"@type":"ReadAction","target":["https:\/\/www.rumicon.sk\/hu\/produkt\/chateau-bela-riesling-wallachian-2021-075l-14\/"]}]},{"@type":"ImageObject","inLanguage":"hu","@id":"https:\/\/www.rumicon.sk\/hu\/produkt\/chateau-bela-riesling-wallachian-2021-075l-14\/#primaryimage","url":"https:\/\/www.rumicon.sk\/wp-content\/uploads\/CHB-RR.jpg","contentUrl":"https:\/\/www.rumicon.sk\/wp-content\/uploads\/CHB-RR.jpg","width":1600,"height":1600},{"@type":"BreadcrumbList","@id":"https:\/\/www.rumicon.sk\/hu\/produkt\/chateau-bela-riesling-wallachian-2021-075l-14\/#breadcrumb","itemListElement":[{"@type":"ListItem","position":1,"name":"Home","item":"https:\/\/www.rumicon.sk\/hu\/home\/"},{"@type":"ListItem","position":2,"name":"Web\u00e1ruh\u00e1z","item":"https:\/\/www.rumicon.sk\/hu\/webaruhaz\/"},{"@type":"ListItem","position":3,"name":"Chateau Bel\u00e1 Riesling Wallachian 2021 0,75l 14%"}]},{"@type":"WebSite","@id":"https:\/\/www.rumicon.sk\/hu\/#website","url":"https:\/\/www.rumicon.sk\/hu\/","name":"rumicon.sk","description":"","publisher":{"@id":"https:\/\/www.rumicon.sk\/hu\/#organization"},"potentialAction":[{"@type":"SearchAction","target":{"@type":"EntryPoint","urlTemplate":"https:\/\/www.rumicon.sk\/hu\/?s={search_term_string}"},"query-input":{"@type":"PropertyValueSpecification","valueRequired":true,"valueName":"search_term_string"}}],"inLanguage":"hu"},{"@type":"Organization","@id":"https:\/\/www.rumicon.sk\/hu\/#organization","name":"rumicon.sk","url":"https:\/\/www.rumicon.sk\/hu\/","logo":{"@type":"ImageObject","inLanguage":"hu","@id":"https:\/\/www.rumicon.sk\/hu\/#\/schema\/logo\/image\/","url":"https:\/\/www.rumicon.sk\/wp-content\/uploads\/logo-rumicon-bcs-color.png","contentUrl":"https:\/\/www.rumicon.sk\/wp-content\/uploads\/logo-rumicon-bcs-color.png","width":827,"height":278,"caption":"rumicon.sk"},"image":{"@id":"https:\/\/www.rumicon.sk\/hu\/#\/schema\/logo\/image\/"},"sameAs":["https:\/\/www.facebook.com\/people\/Rumicon-Bottle-Cigar-Shop\/100087110283303\/","https:\/\/www.instagram.com\/rumicon_bottle_cigar_shop\/","https:\/\/www.tiktok.com\/@rumicon2022"]}]}},"_links":{"self":[{"href":"https:\/\/www.rumicon.sk\/hu\/wp-json\/wp\/v2\/product\/5221","targetHints":{"allow":["GET"]}}],"collection":[{"href":"https:\/\/www.rumicon.sk\/hu\/wp-json\/wp\/v2\/product"}],"about":[{"href":"https:\/\/www.rumicon.sk\/hu\/wp-json\/wp\/v2\/types\/product"}],"replies":[{"embeddable":true,"href":"https:\/\/www.rumicon.sk\/hu\/wp-json\/wp\/v2\/comments?post=5221"}],"wp:featuredmedia":[{"embeddable":true,"href":"https:\/\/www.rumicon.sk\/hu\/wp-json\/wp\/v2\/media\/5219"}],"wp:attachment":[{"href":"https:\/\/www.rumicon.sk\/hu\/wp-json\/wp\/v2\/media?parent=5221"}],"wp:term":[{"taxonomy":"product_brand","embeddable":true,"href":"https:\/\/www.rumicon.sk\/hu\/wp-json\/wp\/v2\/product_brand?post=5221"},{"taxonomy":"product_cat","embeddable":true,"href":"https:\/\/www.rumicon.sk\/hu\/wp-json\/wp\/v2\/product_cat?post=5221"},{"taxonomy":"product_tag","embeddable":true,"href":"https:\/\/www.rumicon.sk\/hu\/wp-json\/wp\/v2\/product_tag?post=5221"}],"curies":[{"name":"wp","href":"https:\/\/api.w.org\/{rel}","templated":true}]}}