{"id":5213,"date":"2022-11-21T06:03:54","date_gmt":"2022-11-21T05:03:54","guid":{"rendered":"https:\/\/www.rumicon.sk\/produkt\/terra-wylak-cabernet-rose-2021-075l-115\/"},"modified":"2025-10-28T16:45:01","modified_gmt":"2025-10-28T15:45:01","slug":"terra-wylak-cabernet-rose-2021-075l-115","status":"publish","type":"product","link":"https:\/\/www.rumicon.sk\/hu\/produkt\/terra-wylak-cabernet-rose-2021-075l-115\/","title":{"rendered":"Terra Wylak Cabernet Ros\u00e9 2021 0,75l 11,5%"},"content":{"rendered":"<p><strong>\u00cdz \u00e9s illat:<\/strong> cseresznye, ribizli, k\u00f6rte, esetleg egres, kellemes, friss, ment\u00e1ra eml\u00e9keztet\u0151 z\u00f6ld jegyekkel.<\/p>\n<h3 style=\"text-align: center;\">Terra Wylak<\/h3>\n<p> <img decoding=\"async\" class=\"size-full wp-image-2461 aligncenter\" src=\"\/wp-content\/uploads\/terra-wylak.webp\" alt=\"\" width=\"1000\" height=\"667\" srcset=\"https:\/\/www.rumicon.sk\/wp-content\/uploads\/terra-wylak.webp 1000w, https:\/\/www.rumicon.sk\/wp-content\/uploads\/terra-wylak-256x171.webp 256w, https:\/\/www.rumicon.sk\/wp-content\/uploads\/terra-wylak-64x43.webp 64w\" sizes=\"(max-width: 1000px) 100vw, 1000px\" \/><\/p>\n<p>Nyitr\u00e1t\u00f3l 7 kilom\u00e9terre d\u00e9lre tal\u00e1lhat\u00f3 a Terra Wylak bor\u00e1szat, amely a Nyitrai borvid\u00e9khez tartozik. A bor\u00e1szat alap\u00edt\u00f3i Roman Holec, Du\u0161an Bajan \u00e9s Peter Legn\u00e1r, akik 2015-ben hozt\u00e1k l\u00e9tre a pinc\u00e9szetet. Roman Holecot a bor\u00e1szk\u00f6z\u00f6ns\u00e9g tiszteli \u00e9s elismeri hossz\u00fa t\u00e1v\u00fa tev\u00e9kenys\u00e9g\u00e9nek k\u00f6sz\u00f6nhet\u0151en. Exkluz\u00edv bor\u00e1szk\u00e9nt ismerik, k\u00fcl\u00f6n\u00f6sen min\u0151s\u00e9gi borainak k\u00f6sz\u00f6nhet\u0151en, amelyeknek siker\u00fclt nemzetk\u00f6zi szinten is megvetni\u00fck a l\u00e1bukat. Roman ma egy szenved\u00e9lyes emberekb\u0151l \u00e1ll\u00f3 csapat \u00e9l\u00e9n \u00e1ll, akikkel egy\u00fctt \u00e9p\u00edtette fel ezt a kiv\u00e9teles, egyedi k\u00e9zjegy\u0171 bor\u00e1szatot.    <\/p>\n","protected":false},"excerpt":{"rendered":"<p>A sz\u00e1jban a bor friss, tele apr\u00f3 gy\u00fcm\u00f6lcs\u00f6kkel. Cseresznye, ribizli, k\u00f6rte, tal\u00e1n egres, \u00e9s egy sz\u00e9p friss, ment\u00e1ra eml\u00e9keztet\u0151 z\u00f6ld jegy. A kellemes szerkezet eleganci\u00e1t k\u00f6lcs\u00f6n\u00f6z a bornak.  <\/p>\n","protected":false},"featured_media":5215,"comment_status":"closed","ping_status":"closed","template":"","meta":{"_acf_changed":false},"product_brand":[],"product_cat":[528,547,534],"product_tag":[962,550],"class_list":{"0":"post-5213","1":"product","2":"type-product","3":"status-publish","4":"has-post-thumbnail","6":"product_cat-bor","7":"product_cat-rozsabor","8":"product_cat-bor-helyi-boraszoktol","9":"product_tag-szlovak-bor","10":"product_tag-terra-wylak-hu","11":"pa_cukornatost-szaraz","12":"pa_druh-vina-rose-hu","13":"pa_krajina-povodu-szlovakia","14":"pa_objem-075-l-hu","15":"pa_obsah-alkoholu-115-hu","16":"pa_rocnik-2021-hu","17":"pa_znacka-terra-wylak-hu","19":"first","20":"instock","21":"taxable","22":"shipping-taxable","23":"purchasable","24":"product-type-simple"},"acf":[],"yoast_head":"<!-- This site is optimized with the Yoast SEO plugin v27.0 - https:\/\/yoast.com\/product\/yoast-seo-wordpress\/ -->\n<title>Terra Wylak Cabernet Ros\u00e9 2021 0,75l 11,5% - rumicon.sk<\/title>\n<meta name=\"robots\" content=\"index, follow, max-snippet:-1, max-image-preview:large, max-video-preview:-1\" \/>\n<link rel=\"canonical\" href=\"https:\/\/www.rumicon.sk\/hu\/produkt\/terra-wylak-cabernet-rose-2021-075l-115\/\" \/>\n<meta property=\"og:locale\" content=\"hu_HU\" \/>\n<meta property=\"og:type\" content=\"article\" \/>\n<meta property=\"og:title\" content=\"Terra Wylak Cabernet Ros\u00e9 2021 0,75l 11,5% - rumicon.sk\" \/>\n<meta property=\"og:description\" content=\"A sz\u00e1jban a bor friss, tele apr\u00f3 gy\u00fcm\u00f6lcs\u00f6kkel. Cseresznye, ribizli, k\u00f6rte, tal\u00e1n egres, \u00e9s egy sz\u00e9p friss, ment\u00e1ra eml\u00e9keztet\u0151 z\u00f6ld jegy. A kellemes szerkezet eleganci\u00e1t k\u00f6lcs\u00f6n\u00f6z a bornak.\" \/>\n<meta property=\"og:url\" content=\"https:\/\/www.rumicon.sk\/hu\/produkt\/terra-wylak-cabernet-rose-2021-075l-115\/\" \/>\n<meta property=\"og:site_name\" content=\"rumicon.sk\" \/>\n<meta property=\"article:publisher\" content=\"https:\/\/www.facebook.com\/people\/Rumicon-Bottle-Cigar-Shop\/100087110283303\/\" \/>\n<meta property=\"article:modified_time\" content=\"2025-10-28T15:45:01+00:00\" \/>\n<meta property=\"og:image\" content=\"https:\/\/www.rumicon.sk\/wp-content\/uploads\/TW-Cabernet-Sauvignon.jpg\" \/>\n\t<meta property=\"og:image:width\" content=\"1600\" \/>\n\t<meta property=\"og:image:height\" content=\"1600\" \/>\n\t<meta property=\"og:image:type\" content=\"image\/jpeg\" \/>\n<meta name=\"twitter:card\" content=\"summary_large_image\" \/>\n<meta name=\"twitter:label1\" content=\"Becs\u00fclt olvas\u00e1si id\u0151\" \/>\n\t<meta name=\"twitter:data1\" content=\"1 perc\" \/>\n<script type=\"application\/ld+json\" class=\"yoast-schema-graph\">{\"@context\":\"https:\/\/schema.org\",\"@graph\":[{\"@type\":\"WebPage\",\"@id\":\"https:\/\/www.rumicon.sk\/hu\/produkt\/terra-wylak-cabernet-rose-2021-075l-115\/\",\"url\":\"https:\/\/www.rumicon.sk\/hu\/produkt\/terra-wylak-cabernet-rose-2021-075l-115\/\",\"name\":\"Terra Wylak Cabernet Ros\u00e9 2021 0,75l 11,5% - rumicon.sk\",\"isPartOf\":{\"@id\":\"https:\/\/www.rumicon.sk\/hu\/#website\"},\"primaryImageOfPage\":{\"@id\":\"https:\/\/www.rumicon.sk\/hu\/produkt\/terra-wylak-cabernet-rose-2021-075l-115\/#primaryimage\"},\"image\":{\"@id\":\"https:\/\/www.rumicon.sk\/hu\/produkt\/terra-wylak-cabernet-rose-2021-075l-115\/#primaryimage\"},\"thumbnailUrl\":\"https:\/\/www.rumicon.sk\/wp-content\/uploads\/TW-Cabernet-Sauvignon.jpg\",\"datePublished\":\"2022-11-21T05:03:54+00:00\",\"dateModified\":\"2025-10-28T15:45:01+00:00\",\"breadcrumb\":{\"@id\":\"https:\/\/www.rumicon.sk\/hu\/produkt\/terra-wylak-cabernet-rose-2021-075l-115\/#breadcrumb\"},\"inLanguage\":\"hu\",\"potentialAction\":[{\"@type\":\"ReadAction\",\"target\":[\"https:\/\/www.rumicon.sk\/hu\/produkt\/terra-wylak-cabernet-rose-2021-075l-115\/\"]}]},{\"@type\":\"ImageObject\",\"inLanguage\":\"hu\",\"@id\":\"https:\/\/www.rumicon.sk\/hu\/produkt\/terra-wylak-cabernet-rose-2021-075l-115\/#primaryimage\",\"url\":\"https:\/\/www.rumicon.sk\/wp-content\/uploads\/TW-Cabernet-Sauvignon.jpg\",\"contentUrl\":\"https:\/\/www.rumicon.sk\/wp-content\/uploads\/TW-Cabernet-Sauvignon.jpg\",\"width\":1600,\"height\":1600},{\"@type\":\"BreadcrumbList\",\"@id\":\"https:\/\/www.rumicon.sk\/hu\/produkt\/terra-wylak-cabernet-rose-2021-075l-115\/#breadcrumb\",\"itemListElement\":[{\"@type\":\"ListItem\",\"position\":1,\"name\":\"Home\",\"item\":\"https:\/\/www.rumicon.sk\/hu\/home\/\"},{\"@type\":\"ListItem\",\"position\":2,\"name\":\"Web\u00e1ruh\u00e1z\",\"item\":\"https:\/\/www.rumicon.sk\/hu\/webaruhaz\/\"},{\"@type\":\"ListItem\",\"position\":3,\"name\":\"Terra Wylak Cabernet Ros\u00e9 2021 0,75l 11,5%\"}]},{\"@type\":\"WebSite\",\"@id\":\"https:\/\/www.rumicon.sk\/hu\/#website\",\"url\":\"https:\/\/www.rumicon.sk\/hu\/\",\"name\":\"rumicon.sk\",\"description\":\"\",\"publisher\":{\"@id\":\"https:\/\/www.rumicon.sk\/hu\/#organization\"},\"potentialAction\":[{\"@type\":\"SearchAction\",\"target\":{\"@type\":\"EntryPoint\",\"urlTemplate\":\"https:\/\/www.rumicon.sk\/hu\/?s={search_term_string}\"},\"query-input\":{\"@type\":\"PropertyValueSpecification\",\"valueRequired\":true,\"valueName\":\"search_term_string\"}}],\"inLanguage\":\"hu\"},{\"@type\":\"Organization\",\"@id\":\"https:\/\/www.rumicon.sk\/hu\/#organization\",\"name\":\"rumicon.sk\",\"url\":\"https:\/\/www.rumicon.sk\/hu\/\",\"logo\":{\"@type\":\"ImageObject\",\"inLanguage\":\"hu\",\"@id\":\"https:\/\/www.rumicon.sk\/hu\/#\/schema\/logo\/image\/\",\"url\":\"https:\/\/www.rumicon.sk\/wp-content\/uploads\/logo-rumicon-bcs-color.png\",\"contentUrl\":\"https:\/\/www.rumicon.sk\/wp-content\/uploads\/logo-rumicon-bcs-color.png\",\"width\":827,\"height\":278,\"caption\":\"rumicon.sk\"},\"image\":{\"@id\":\"https:\/\/www.rumicon.sk\/hu\/#\/schema\/logo\/image\/\"},\"sameAs\":[\"https:\/\/www.facebook.com\/people\/Rumicon-Bottle-Cigar-Shop\/100087110283303\/\",\"https:\/\/www.instagram.com\/rumicon_bottle_cigar_shop\/\",\"https:\/\/www.tiktok.com\/@rumicon2022\"]}]}<\/script>\n<!-- \/ Yoast SEO plugin. -->","yoast_head_json":{"title":"Terra Wylak Cabernet Ros\u00e9 2021 0,75l 11,5% - rumicon.sk","robots":{"index":"index","follow":"follow","max-snippet":"max-snippet:-1","max-image-preview":"max-image-preview:large","max-video-preview":"max-video-preview:-1"},"canonical":"https:\/\/www.rumicon.sk\/hu\/produkt\/terra-wylak-cabernet-rose-2021-075l-115\/","og_locale":"hu_HU","og_type":"article","og_title":"Terra Wylak Cabernet Ros\u00e9 2021 0,75l 11,5% - rumicon.sk","og_description":"A sz\u00e1jban a bor friss, tele apr\u00f3 gy\u00fcm\u00f6lcs\u00f6kkel. Cseresznye, ribizli, k\u00f6rte, tal\u00e1n egres, \u00e9s egy sz\u00e9p friss, ment\u00e1ra eml\u00e9keztet\u0151 z\u00f6ld jegy. A kellemes szerkezet eleganci\u00e1t k\u00f6lcs\u00f6n\u00f6z a bornak.","og_url":"https:\/\/www.rumicon.sk\/hu\/produkt\/terra-wylak-cabernet-rose-2021-075l-115\/","og_site_name":"rumicon.sk","article_publisher":"https:\/\/www.facebook.com\/people\/Rumicon-Bottle-Cigar-Shop\/100087110283303\/","article_modified_time":"2025-10-28T15:45:01+00:00","og_image":[{"width":1600,"height":1600,"url":"https:\/\/www.rumicon.sk\/wp-content\/uploads\/TW-Cabernet-Sauvignon.jpg","type":"image\/jpeg"}],"twitter_card":"summary_large_image","twitter_misc":{"Becs\u00fclt olvas\u00e1si id\u0151":"1 perc"},"schema":{"@context":"https:\/\/schema.org","@graph":[{"@type":"WebPage","@id":"https:\/\/www.rumicon.sk\/hu\/produkt\/terra-wylak-cabernet-rose-2021-075l-115\/","url":"https:\/\/www.rumicon.sk\/hu\/produkt\/terra-wylak-cabernet-rose-2021-075l-115\/","name":"Terra Wylak Cabernet Ros\u00e9 2021 0,75l 11,5% - rumicon.sk","isPartOf":{"@id":"https:\/\/www.rumicon.sk\/hu\/#website"},"primaryImageOfPage":{"@id":"https:\/\/www.rumicon.sk\/hu\/produkt\/terra-wylak-cabernet-rose-2021-075l-115\/#primaryimage"},"image":{"@id":"https:\/\/www.rumicon.sk\/hu\/produkt\/terra-wylak-cabernet-rose-2021-075l-115\/#primaryimage"},"thumbnailUrl":"https:\/\/www.rumicon.sk\/wp-content\/uploads\/TW-Cabernet-Sauvignon.jpg","datePublished":"2022-11-21T05:03:54+00:00","dateModified":"2025-10-28T15:45:01+00:00","breadcrumb":{"@id":"https:\/\/www.rumicon.sk\/hu\/produkt\/terra-wylak-cabernet-rose-2021-075l-115\/#breadcrumb"},"inLanguage":"hu","potentialAction":[{"@type":"ReadAction","target":["https:\/\/www.rumicon.sk\/hu\/produkt\/terra-wylak-cabernet-rose-2021-075l-115\/"]}]},{"@type":"ImageObject","inLanguage":"hu","@id":"https:\/\/www.rumicon.sk\/hu\/produkt\/terra-wylak-cabernet-rose-2021-075l-115\/#primaryimage","url":"https:\/\/www.rumicon.sk\/wp-content\/uploads\/TW-Cabernet-Sauvignon.jpg","contentUrl":"https:\/\/www.rumicon.sk\/wp-content\/uploads\/TW-Cabernet-Sauvignon.jpg","width":1600,"height":1600},{"@type":"BreadcrumbList","@id":"https:\/\/www.rumicon.sk\/hu\/produkt\/terra-wylak-cabernet-rose-2021-075l-115\/#breadcrumb","itemListElement":[{"@type":"ListItem","position":1,"name":"Home","item":"https:\/\/www.rumicon.sk\/hu\/home\/"},{"@type":"ListItem","position":2,"name":"Web\u00e1ruh\u00e1z","item":"https:\/\/www.rumicon.sk\/hu\/webaruhaz\/"},{"@type":"ListItem","position":3,"name":"Terra Wylak Cabernet Ros\u00e9 2021 0,75l 11,5%"}]},{"@type":"WebSite","@id":"https:\/\/www.rumicon.sk\/hu\/#website","url":"https:\/\/www.rumicon.sk\/hu\/","name":"rumicon.sk","description":"","publisher":{"@id":"https:\/\/www.rumicon.sk\/hu\/#organization"},"potentialAction":[{"@type":"SearchAction","target":{"@type":"EntryPoint","urlTemplate":"https:\/\/www.rumicon.sk\/hu\/?s={search_term_string}"},"query-input":{"@type":"PropertyValueSpecification","valueRequired":true,"valueName":"search_term_string"}}],"inLanguage":"hu"},{"@type":"Organization","@id":"https:\/\/www.rumicon.sk\/hu\/#organization","name":"rumicon.sk","url":"https:\/\/www.rumicon.sk\/hu\/","logo":{"@type":"ImageObject","inLanguage":"hu","@id":"https:\/\/www.rumicon.sk\/hu\/#\/schema\/logo\/image\/","url":"https:\/\/www.rumicon.sk\/wp-content\/uploads\/logo-rumicon-bcs-color.png","contentUrl":"https:\/\/www.rumicon.sk\/wp-content\/uploads\/logo-rumicon-bcs-color.png","width":827,"height":278,"caption":"rumicon.sk"},"image":{"@id":"https:\/\/www.rumicon.sk\/hu\/#\/schema\/logo\/image\/"},"sameAs":["https:\/\/www.facebook.com\/people\/Rumicon-Bottle-Cigar-Shop\/100087110283303\/","https:\/\/www.instagram.com\/rumicon_bottle_cigar_shop\/","https:\/\/www.tiktok.com\/@rumicon2022"]}]}},"_links":{"self":[{"href":"https:\/\/www.rumicon.sk\/hu\/wp-json\/wp\/v2\/product\/5213","targetHints":{"allow":["GET"]}}],"collection":[{"href":"https:\/\/www.rumicon.sk\/hu\/wp-json\/wp\/v2\/product"}],"about":[{"href":"https:\/\/www.rumicon.sk\/hu\/wp-json\/wp\/v2\/types\/product"}],"replies":[{"embeddable":true,"href":"https:\/\/www.rumicon.sk\/hu\/wp-json\/wp\/v2\/comments?post=5213"}],"wp:featuredmedia":[{"embeddable":true,"href":"https:\/\/www.rumicon.sk\/hu\/wp-json\/wp\/v2\/media\/5215"}],"wp:attachment":[{"href":"https:\/\/www.rumicon.sk\/hu\/wp-json\/wp\/v2\/media?parent=5213"}],"wp:term":[{"taxonomy":"product_brand","embeddable":true,"href":"https:\/\/www.rumicon.sk\/hu\/wp-json\/wp\/v2\/product_brand?post=5213"},{"taxonomy":"product_cat","embeddable":true,"href":"https:\/\/www.rumicon.sk\/hu\/wp-json\/wp\/v2\/product_cat?post=5213"},{"taxonomy":"product_tag","embeddable":true,"href":"https:\/\/www.rumicon.sk\/hu\/wp-json\/wp\/v2\/product_tag?post=5213"}],"curies":[{"name":"wp","href":"https:\/\/api.w.org\/{rel}","templated":true}]}}