{"id":5193,"date":"2022-11-21T06:03:54","date_gmt":"2022-11-21T05:03:54","guid":{"rendered":"https:\/\/www.rumicon.sk\/produkt\/terra-wylak-merlot-rose-2021-075l-11\/"},"modified":"2025-08-14T11:41:52","modified_gmt":"2025-08-14T09:41:52","slug":"terra-wylak-merlot-rose-2021-075l-11","status":"publish","type":"product","link":"https:\/\/www.rumicon.sk\/hu\/produkt\/terra-wylak-merlot-rose-2021-075l-11\/","title":{"rendered":"Terra Wylak Merlot Ros\u00e9 2021 0,75l 11%"},"content":{"rendered":"<p><strong>\u00cdz \u00e9s illat:<\/strong> Az illat finom, kellemesen gy\u00fcm\u00f6lcs\u00f6s, a friss menta \u00e9s tal\u00e1n a kivi mag\u00e1val ragad\u00f3 jegyeivel. A sz\u00e1jban a kis gy\u00fcm\u00f6lcs\u00f6k eg\u00e9sz kosar\u00e1nak er\u0151teljes kifejez\u0151d\u00e9se, a cseresznye p\u00e9pj\u00e9t\u0151l az eperig, a vadszam\u00f3ca illata, az \u00e9des kiwi \u00e9s a mentalevelek frissess\u00e9ge. <\/p>\n<h3 style=\"text-align: center;\">Terra Wylak<\/h3>\n<p> <img decoding=\"async\" class=\"size-full wp-image-2461 aligncenter\" src=\"\/wp-content\/uploads\/terra-wylak.webp\" alt=\"\" width=\"1000\" height=\"667\" srcset=\"https:\/\/www.rumicon.sk\/wp-content\/uploads\/terra-wylak.webp 1000w, https:\/\/www.rumicon.sk\/wp-content\/uploads\/terra-wylak-256x171.webp 256w, https:\/\/www.rumicon.sk\/wp-content\/uploads\/terra-wylak-64x43.webp 64w\" sizes=\"(max-width: 1000px) 100vw, 1000px\" \/><\/p>\n<p>Nyitr\u00e1t\u00f3l 7 kilom\u00e9terre d\u00e9lre tal\u00e1lhat\u00f3 a Terra Wylak bor\u00e1szat, amely a Nyitrai borvid\u00e9khez tartozik. A bor\u00e1szat alap\u00edt\u00f3i Roman Holec, Du\u0161an Bajan \u00e9s Peter Legn\u00e1r, akik 2015-ben hozt\u00e1k l\u00e9tre a pinc\u00e9szetet. Roman Holecot a bor\u00e1szk\u00f6z\u00f6ns\u00e9g tiszteli \u00e9s elismeri hossz\u00fa t\u00e1v\u00fa tev\u00e9kenys\u00e9g\u00e9nek k\u00f6sz\u00f6nhet\u0151en. Exkluz\u00edv bor\u00e1szk\u00e9nt ismerik, k\u00fcl\u00f6n\u00f6sen min\u0151s\u00e9gi borainak k\u00f6sz\u00f6nhet\u0151en, amelyeknek siker\u00fclt nemzetk\u00f6zi szinten is \u00e9rv\u00e9nyes\u00fclni\u00fck.    Ma Roman egy szenved\u00e9lyes emberekb\u0151l \u00e1ll\u00f3 csapat \u00e9l\u00e9n \u00e1ll, akik egy\u00fctt \u00e9p\u00edtett\u00e9k fel ezt a kiv\u00e9teles, egyedi k\u00e9zjegy\u0171 pinc\u00e9szetet.<\/p>\n","protected":false},"excerpt":{"rendered":"<p>A bor nagyon kellemes, a strukt\u00far\u00e1ja \u00e1t\u00fct\u0151. Az ut\u00f3\u00edz hossz\u00fa \u00e9s \u00e9des gy\u00fcm\u00f6lcs\u00f6kkel teli. K\u00e9zzel szedett sz\u0151l\u0151b\u0151l k\u00e9sz\u00fclt, amelyet D\u00e9l-Szlov\u00e1ki\u00e1ban, Jasov\u00e1 k\u00f6zs\u00e9gben termesztettek.  <\/p>\n","protected":false},"featured_media":5199,"comment_status":"closed","ping_status":"closed","template":"","meta":{"_acf_changed":false},"product_brand":[],"product_cat":[528,547,534],"product_tag":[962,550],"class_list":{"0":"post-5193","1":"product","2":"type-product","3":"status-publish","4":"has-post-thumbnail","6":"product_cat-bor","7":"product_cat-rozsabor","8":"product_cat-bor-helyi-boraszoktol","9":"product_tag-szlovak-bor","10":"product_tag-terra-wylak-hu","11":"pa_cukornatost-edes","12":"pa_druh-vina-rose-hu","13":"pa_krajina-povodu-szlovakia","14":"pa_objem-075-l-hu","15":"pa_obsah-alkoholu-11-hu","16":"pa_rocnik-2021-hu","17":"pa_znacka-terra-wylak-hu","19":"first","20":"instock","21":"taxable","22":"shipping-taxable","23":"purchasable","24":"product-type-simple"},"acf":[],"yoast_head":"<!-- This site is optimized with the Yoast SEO plugin v27.0 - https:\/\/yoast.com\/product\/yoast-seo-wordpress\/ -->\n<title>Terra Wylak Merlot Ros\u00e9 2021 0,75l 11% - rumicon.sk<\/title>\n<meta name=\"robots\" content=\"index, follow, max-snippet:-1, max-image-preview:large, max-video-preview:-1\" \/>\n<link rel=\"canonical\" href=\"https:\/\/www.rumicon.sk\/hu\/produkt\/terra-wylak-merlot-rose-2021-075l-11\/\" \/>\n<meta property=\"og:locale\" content=\"hu_HU\" \/>\n<meta property=\"og:type\" content=\"article\" \/>\n<meta property=\"og:title\" content=\"Terra Wylak Merlot Ros\u00e9 2021 0,75l 11% - rumicon.sk\" \/>\n<meta property=\"og:description\" content=\"A bor nagyon kellemes, a strukt\u00far\u00e1ja \u00e1t\u00fct\u0151. Az ut\u00f3\u00edz hossz\u00fa \u00e9s \u00e9des gy\u00fcm\u00f6lcs\u00f6kkel teli. K\u00e9zzel szedett sz\u0151l\u0151b\u0151l k\u00e9sz\u00fclt, amelyet D\u00e9l-Szlov\u00e1ki\u00e1ban, Jasov\u00e1 k\u00f6zs\u00e9gben termesztettek.\" \/>\n<meta property=\"og:url\" content=\"https:\/\/www.rumicon.sk\/hu\/produkt\/terra-wylak-merlot-rose-2021-075l-11\/\" \/>\n<meta property=\"og:site_name\" content=\"rumicon.sk\" \/>\n<meta property=\"article:publisher\" content=\"https:\/\/www.facebook.com\/people\/Rumicon-Bottle-Cigar-Shop\/100087110283303\/\" \/>\n<meta property=\"article:modified_time\" content=\"2025-08-14T09:41:52+00:00\" \/>\n<meta property=\"og:image\" content=\"https:\/\/www.rumicon.sk\/wp-content\/uploads\/TW-Merlot-rose-2021.jpg\" \/>\n\t<meta property=\"og:image:width\" content=\"1600\" \/>\n\t<meta property=\"og:image:height\" content=\"1600\" \/>\n\t<meta property=\"og:image:type\" content=\"image\/jpeg\" \/>\n<meta name=\"twitter:card\" content=\"summary_large_image\" \/>\n<meta name=\"twitter:label1\" content=\"Becs\u00fclt olvas\u00e1si id\u0151\" \/>\n\t<meta name=\"twitter:data1\" content=\"1 perc\" \/>\n<script type=\"application\/ld+json\" class=\"yoast-schema-graph\">{\"@context\":\"https:\/\/schema.org\",\"@graph\":[{\"@type\":\"WebPage\",\"@id\":\"https:\/\/www.rumicon.sk\/hu\/produkt\/terra-wylak-merlot-rose-2021-075l-11\/\",\"url\":\"https:\/\/www.rumicon.sk\/hu\/produkt\/terra-wylak-merlot-rose-2021-075l-11\/\",\"name\":\"Terra Wylak Merlot Ros\u00e9 2021 0,75l 11% - rumicon.sk\",\"isPartOf\":{\"@id\":\"https:\/\/www.rumicon.sk\/hu\/#website\"},\"primaryImageOfPage\":{\"@id\":\"https:\/\/www.rumicon.sk\/hu\/produkt\/terra-wylak-merlot-rose-2021-075l-11\/#primaryimage\"},\"image\":{\"@id\":\"https:\/\/www.rumicon.sk\/hu\/produkt\/terra-wylak-merlot-rose-2021-075l-11\/#primaryimage\"},\"thumbnailUrl\":\"https:\/\/www.rumicon.sk\/wp-content\/uploads\/TW-Merlot-rose-2021.jpg\",\"datePublished\":\"2022-11-21T05:03:54+00:00\",\"dateModified\":\"2025-08-14T09:41:52+00:00\",\"breadcrumb\":{\"@id\":\"https:\/\/www.rumicon.sk\/hu\/produkt\/terra-wylak-merlot-rose-2021-075l-11\/#breadcrumb\"},\"inLanguage\":\"hu\",\"potentialAction\":[{\"@type\":\"ReadAction\",\"target\":[\"https:\/\/www.rumicon.sk\/hu\/produkt\/terra-wylak-merlot-rose-2021-075l-11\/\"]}]},{\"@type\":\"ImageObject\",\"inLanguage\":\"hu\",\"@id\":\"https:\/\/www.rumicon.sk\/hu\/produkt\/terra-wylak-merlot-rose-2021-075l-11\/#primaryimage\",\"url\":\"https:\/\/www.rumicon.sk\/wp-content\/uploads\/TW-Merlot-rose-2021.jpg\",\"contentUrl\":\"https:\/\/www.rumicon.sk\/wp-content\/uploads\/TW-Merlot-rose-2021.jpg\",\"width\":1600,\"height\":1600},{\"@type\":\"BreadcrumbList\",\"@id\":\"https:\/\/www.rumicon.sk\/hu\/produkt\/terra-wylak-merlot-rose-2021-075l-11\/#breadcrumb\",\"itemListElement\":[{\"@type\":\"ListItem\",\"position\":1,\"name\":\"Home\",\"item\":\"https:\/\/www.rumicon.sk\/hu\/home\/\"},{\"@type\":\"ListItem\",\"position\":2,\"name\":\"Web\u00e1ruh\u00e1z\",\"item\":\"https:\/\/www.rumicon.sk\/hu\/webaruhaz\/\"},{\"@type\":\"ListItem\",\"position\":3,\"name\":\"Terra Wylak Merlot Ros\u00e9 2021 0,75l 11%\"}]},{\"@type\":\"WebSite\",\"@id\":\"https:\/\/www.rumicon.sk\/hu\/#website\",\"url\":\"https:\/\/www.rumicon.sk\/hu\/\",\"name\":\"rumicon.sk\",\"description\":\"\",\"publisher\":{\"@id\":\"https:\/\/www.rumicon.sk\/hu\/#organization\"},\"potentialAction\":[{\"@type\":\"SearchAction\",\"target\":{\"@type\":\"EntryPoint\",\"urlTemplate\":\"https:\/\/www.rumicon.sk\/hu\/?s={search_term_string}\"},\"query-input\":{\"@type\":\"PropertyValueSpecification\",\"valueRequired\":true,\"valueName\":\"search_term_string\"}}],\"inLanguage\":\"hu\"},{\"@type\":\"Organization\",\"@id\":\"https:\/\/www.rumicon.sk\/hu\/#organization\",\"name\":\"rumicon.sk\",\"url\":\"https:\/\/www.rumicon.sk\/hu\/\",\"logo\":{\"@type\":\"ImageObject\",\"inLanguage\":\"hu\",\"@id\":\"https:\/\/www.rumicon.sk\/hu\/#\/schema\/logo\/image\/\",\"url\":\"https:\/\/www.rumicon.sk\/wp-content\/uploads\/logo-rumicon-bcs-color.png\",\"contentUrl\":\"https:\/\/www.rumicon.sk\/wp-content\/uploads\/logo-rumicon-bcs-color.png\",\"width\":827,\"height\":278,\"caption\":\"rumicon.sk\"},\"image\":{\"@id\":\"https:\/\/www.rumicon.sk\/hu\/#\/schema\/logo\/image\/\"},\"sameAs\":[\"https:\/\/www.facebook.com\/people\/Rumicon-Bottle-Cigar-Shop\/100087110283303\/\",\"https:\/\/www.instagram.com\/rumicon_bottle_cigar_shop\/\",\"https:\/\/www.tiktok.com\/@rumicon2022\"]}]}<\/script>\n<!-- \/ Yoast SEO plugin. -->","yoast_head_json":{"title":"Terra Wylak Merlot Ros\u00e9 2021 0,75l 11% - rumicon.sk","robots":{"index":"index","follow":"follow","max-snippet":"max-snippet:-1","max-image-preview":"max-image-preview:large","max-video-preview":"max-video-preview:-1"},"canonical":"https:\/\/www.rumicon.sk\/hu\/produkt\/terra-wylak-merlot-rose-2021-075l-11\/","og_locale":"hu_HU","og_type":"article","og_title":"Terra Wylak Merlot Ros\u00e9 2021 0,75l 11% - rumicon.sk","og_description":"A bor nagyon kellemes, a strukt\u00far\u00e1ja \u00e1t\u00fct\u0151. Az ut\u00f3\u00edz hossz\u00fa \u00e9s \u00e9des gy\u00fcm\u00f6lcs\u00f6kkel teli. K\u00e9zzel szedett sz\u0151l\u0151b\u0151l k\u00e9sz\u00fclt, amelyet D\u00e9l-Szlov\u00e1ki\u00e1ban, Jasov\u00e1 k\u00f6zs\u00e9gben termesztettek.","og_url":"https:\/\/www.rumicon.sk\/hu\/produkt\/terra-wylak-merlot-rose-2021-075l-11\/","og_site_name":"rumicon.sk","article_publisher":"https:\/\/www.facebook.com\/people\/Rumicon-Bottle-Cigar-Shop\/100087110283303\/","article_modified_time":"2025-08-14T09:41:52+00:00","og_image":[{"width":1600,"height":1600,"url":"https:\/\/www.rumicon.sk\/wp-content\/uploads\/TW-Merlot-rose-2021.jpg","type":"image\/jpeg"}],"twitter_card":"summary_large_image","twitter_misc":{"Becs\u00fclt olvas\u00e1si id\u0151":"1 perc"},"schema":{"@context":"https:\/\/schema.org","@graph":[{"@type":"WebPage","@id":"https:\/\/www.rumicon.sk\/hu\/produkt\/terra-wylak-merlot-rose-2021-075l-11\/","url":"https:\/\/www.rumicon.sk\/hu\/produkt\/terra-wylak-merlot-rose-2021-075l-11\/","name":"Terra Wylak Merlot Ros\u00e9 2021 0,75l 11% - rumicon.sk","isPartOf":{"@id":"https:\/\/www.rumicon.sk\/hu\/#website"},"primaryImageOfPage":{"@id":"https:\/\/www.rumicon.sk\/hu\/produkt\/terra-wylak-merlot-rose-2021-075l-11\/#primaryimage"},"image":{"@id":"https:\/\/www.rumicon.sk\/hu\/produkt\/terra-wylak-merlot-rose-2021-075l-11\/#primaryimage"},"thumbnailUrl":"https:\/\/www.rumicon.sk\/wp-content\/uploads\/TW-Merlot-rose-2021.jpg","datePublished":"2022-11-21T05:03:54+00:00","dateModified":"2025-08-14T09:41:52+00:00","breadcrumb":{"@id":"https:\/\/www.rumicon.sk\/hu\/produkt\/terra-wylak-merlot-rose-2021-075l-11\/#breadcrumb"},"inLanguage":"hu","potentialAction":[{"@type":"ReadAction","target":["https:\/\/www.rumicon.sk\/hu\/produkt\/terra-wylak-merlot-rose-2021-075l-11\/"]}]},{"@type":"ImageObject","inLanguage":"hu","@id":"https:\/\/www.rumicon.sk\/hu\/produkt\/terra-wylak-merlot-rose-2021-075l-11\/#primaryimage","url":"https:\/\/www.rumicon.sk\/wp-content\/uploads\/TW-Merlot-rose-2021.jpg","contentUrl":"https:\/\/www.rumicon.sk\/wp-content\/uploads\/TW-Merlot-rose-2021.jpg","width":1600,"height":1600},{"@type":"BreadcrumbList","@id":"https:\/\/www.rumicon.sk\/hu\/produkt\/terra-wylak-merlot-rose-2021-075l-11\/#breadcrumb","itemListElement":[{"@type":"ListItem","position":1,"name":"Home","item":"https:\/\/www.rumicon.sk\/hu\/home\/"},{"@type":"ListItem","position":2,"name":"Web\u00e1ruh\u00e1z","item":"https:\/\/www.rumicon.sk\/hu\/webaruhaz\/"},{"@type":"ListItem","position":3,"name":"Terra Wylak Merlot Ros\u00e9 2021 0,75l 11%"}]},{"@type":"WebSite","@id":"https:\/\/www.rumicon.sk\/hu\/#website","url":"https:\/\/www.rumicon.sk\/hu\/","name":"rumicon.sk","description":"","publisher":{"@id":"https:\/\/www.rumicon.sk\/hu\/#organization"},"potentialAction":[{"@type":"SearchAction","target":{"@type":"EntryPoint","urlTemplate":"https:\/\/www.rumicon.sk\/hu\/?s={search_term_string}"},"query-input":{"@type":"PropertyValueSpecification","valueRequired":true,"valueName":"search_term_string"}}],"inLanguage":"hu"},{"@type":"Organization","@id":"https:\/\/www.rumicon.sk\/hu\/#organization","name":"rumicon.sk","url":"https:\/\/www.rumicon.sk\/hu\/","logo":{"@type":"ImageObject","inLanguage":"hu","@id":"https:\/\/www.rumicon.sk\/hu\/#\/schema\/logo\/image\/","url":"https:\/\/www.rumicon.sk\/wp-content\/uploads\/logo-rumicon-bcs-color.png","contentUrl":"https:\/\/www.rumicon.sk\/wp-content\/uploads\/logo-rumicon-bcs-color.png","width":827,"height":278,"caption":"rumicon.sk"},"image":{"@id":"https:\/\/www.rumicon.sk\/hu\/#\/schema\/logo\/image\/"},"sameAs":["https:\/\/www.facebook.com\/people\/Rumicon-Bottle-Cigar-Shop\/100087110283303\/","https:\/\/www.instagram.com\/rumicon_bottle_cigar_shop\/","https:\/\/www.tiktok.com\/@rumicon2022"]}]}},"_links":{"self":[{"href":"https:\/\/www.rumicon.sk\/hu\/wp-json\/wp\/v2\/product\/5193","targetHints":{"allow":["GET"]}}],"collection":[{"href":"https:\/\/www.rumicon.sk\/hu\/wp-json\/wp\/v2\/product"}],"about":[{"href":"https:\/\/www.rumicon.sk\/hu\/wp-json\/wp\/v2\/types\/product"}],"replies":[{"embeddable":true,"href":"https:\/\/www.rumicon.sk\/hu\/wp-json\/wp\/v2\/comments?post=5193"}],"wp:featuredmedia":[{"embeddable":true,"href":"https:\/\/www.rumicon.sk\/hu\/wp-json\/wp\/v2\/media\/5199"}],"wp:attachment":[{"href":"https:\/\/www.rumicon.sk\/hu\/wp-json\/wp\/v2\/media?parent=5193"}],"wp:term":[{"taxonomy":"product_brand","embeddable":true,"href":"https:\/\/www.rumicon.sk\/hu\/wp-json\/wp\/v2\/product_brand?post=5193"},{"taxonomy":"product_cat","embeddable":true,"href":"https:\/\/www.rumicon.sk\/hu\/wp-json\/wp\/v2\/product_cat?post=5193"},{"taxonomy":"product_tag","embeddable":true,"href":"https:\/\/www.rumicon.sk\/hu\/wp-json\/wp\/v2\/product_tag?post=5193"}],"curies":[{"name":"wp","href":"https:\/\/api.w.org\/{rel}","templated":true}]}}