{"id":5160,"date":"2023-04-06T11:00:30","date_gmt":"2023-04-06T09:00:30","guid":{"rendered":"https:\/\/www.rumicon.sk\/produkt\/rum-plantation-jamaika-2007-07l-504\/"},"modified":"2024-10-10T14:26:37","modified_gmt":"2024-10-10T12:26:37","slug":"rum-plantation-jamaika-2007-07l-504","status":"publish","type":"product","link":"https:\/\/www.rumicon.sk\/hu\/produkt\/rum-plantation-jamaika-2007-07l-504\/","title":{"rendered":"Rum Plantation Jamaika 2007 0,7l 50,4%"},"content":{"rendered":"<p>Illat: gazdag, fa, t\u00f6lgy, karamell \u00cdz: sz\u00e1raz, friss, citrus, grapefruit Finish: keser\u00e9des, mang\u00f3, fa<\/p>\n","protected":false},"excerpt":{"rendered":"<p>Az els\u0151 13 \u00e9vet ex-bourbon hord\u00f3kban \u00e9rlelt\u00e9k Jamaik\u00e1ban. Ezut\u00e1n Franciaorsz\u00e1gba sz\u00e1ll\u00edtott\u00e1k, ahol a marad\u00e9k 2 \u00e9vet ex-Cognac Ferrand hord\u00f3kban \u00e9rlelt\u00e9k.   <\/p>\n","protected":false},"featured_media":5162,"comment_status":"closed","ping_status":"closed","template":"","meta":{"_acf_changed":false},"product_brand":[],"product_cat":[483,485],"product_tag":[910,490],"class_list":{"0":"post-5160","1":"product","2":"type-product","3":"status-publish","4":"has-post-thumbnail","6":"product_cat-rum-hu","7":"product_cat-sotet-rum","8":"product_tag-jamaika-rum","9":"product_tag-plantation-hu","10":"pa_druh-alkoholu-sotet-rum","11":"pa_krajina-povodu-jamaica","12":"pa_objem-07l-hu","13":"pa_obsah-alkoholu-504-hu","14":"pa_znacka-plantation-hu","16":"first","17":"instock","18":"sale","19":"taxable","20":"shipping-taxable","21":"purchasable","22":"product-type-simple"},"acf":[],"yoast_head":"<!-- This site is optimized with the Yoast SEO plugin v27.0 - https:\/\/yoast.com\/product\/yoast-seo-wordpress\/ -->\n<title>Rum Plantation Jamaika 2007 0,7l 50,4% - rumicon.sk<\/title>\n<meta name=\"robots\" content=\"index, follow, max-snippet:-1, max-image-preview:large, max-video-preview:-1\" \/>\n<link rel=\"canonical\" href=\"https:\/\/www.rumicon.sk\/hu\/produkt\/rum-plantation-jamaika-2007-07l-504\/\" \/>\n<meta property=\"og:locale\" content=\"hu_HU\" \/>\n<meta property=\"og:type\" content=\"article\" \/>\n<meta property=\"og:title\" content=\"Rum Plantation Jamaika 2007 0,7l 50,4% - rumicon.sk\" \/>\n<meta property=\"og:description\" content=\"Az els\u0151 13 \u00e9vet ex-bourbon hord\u00f3kban \u00e9rlelt\u00e9k Jamaik\u00e1ban. Ezut\u00e1n Franciaorsz\u00e1gba sz\u00e1ll\u00edtott\u00e1k, ahol a marad\u00e9k 2 \u00e9vet ex-Cognac Ferrand hord\u00f3kban \u00e9rlelt\u00e9k.\" \/>\n<meta property=\"og:url\" content=\"https:\/\/www.rumicon.sk\/hu\/produkt\/rum-plantation-jamaika-2007-07l-504\/\" \/>\n<meta property=\"og:site_name\" content=\"rumicon.sk\" \/>\n<meta property=\"article:publisher\" content=\"https:\/\/www.facebook.com\/people\/Rumicon-Bottle-Cigar-Shop\/100087110283303\/\" \/>\n<meta property=\"article:modified_time\" content=\"2024-10-10T12:26:37+00:00\" \/>\n<meta property=\"og:image\" content=\"https:\/\/www.rumicon.sk\/wp-content\/uploads\/PLANTATION_SC2022_Jamaica2007_70cl-min.jpg\" \/>\n\t<meta property=\"og:image:width\" content=\"1600\" \/>\n\t<meta property=\"og:image:height\" content=\"1600\" \/>\n\t<meta property=\"og:image:type\" content=\"image\/jpeg\" \/>\n<meta name=\"twitter:card\" content=\"summary_large_image\" \/>\n<script type=\"application\/ld+json\" class=\"yoast-schema-graph\">{\"@context\":\"https:\/\/schema.org\",\"@graph\":[{\"@type\":\"WebPage\",\"@id\":\"https:\/\/www.rumicon.sk\/hu\/produkt\/rum-plantation-jamaika-2007-07l-504\/\",\"url\":\"https:\/\/www.rumicon.sk\/hu\/produkt\/rum-plantation-jamaika-2007-07l-504\/\",\"name\":\"Rum Plantation Jamaika 2007 0,7l 50,4% - rumicon.sk\",\"isPartOf\":{\"@id\":\"https:\/\/www.rumicon.sk\/hu\/#website\"},\"primaryImageOfPage\":{\"@id\":\"https:\/\/www.rumicon.sk\/hu\/produkt\/rum-plantation-jamaika-2007-07l-504\/#primaryimage\"},\"image\":{\"@id\":\"https:\/\/www.rumicon.sk\/hu\/produkt\/rum-plantation-jamaika-2007-07l-504\/#primaryimage\"},\"thumbnailUrl\":\"https:\/\/www.rumicon.sk\/wp-content\/uploads\/PLANTATION_SC2022_Jamaica2007_70cl-min.jpg\",\"datePublished\":\"2023-04-06T09:00:30+00:00\",\"dateModified\":\"2024-10-10T12:26:37+00:00\",\"breadcrumb\":{\"@id\":\"https:\/\/www.rumicon.sk\/hu\/produkt\/rum-plantation-jamaika-2007-07l-504\/#breadcrumb\"},\"inLanguage\":\"hu\",\"potentialAction\":[{\"@type\":\"ReadAction\",\"target\":[\"https:\/\/www.rumicon.sk\/hu\/produkt\/rum-plantation-jamaika-2007-07l-504\/\"]}]},{\"@type\":\"ImageObject\",\"inLanguage\":\"hu\",\"@id\":\"https:\/\/www.rumicon.sk\/hu\/produkt\/rum-plantation-jamaika-2007-07l-504\/#primaryimage\",\"url\":\"https:\/\/www.rumicon.sk\/wp-content\/uploads\/PLANTATION_SC2022_Jamaica2007_70cl-min.jpg\",\"contentUrl\":\"https:\/\/www.rumicon.sk\/wp-content\/uploads\/PLANTATION_SC2022_Jamaica2007_70cl-min.jpg\",\"width\":1600,\"height\":1600},{\"@type\":\"BreadcrumbList\",\"@id\":\"https:\/\/www.rumicon.sk\/hu\/produkt\/rum-plantation-jamaika-2007-07l-504\/#breadcrumb\",\"itemListElement\":[{\"@type\":\"ListItem\",\"position\":1,\"name\":\"Home\",\"item\":\"https:\/\/www.rumicon.sk\/hu\/home\/\"},{\"@type\":\"ListItem\",\"position\":2,\"name\":\"Web\u00e1ruh\u00e1z\",\"item\":\"https:\/\/www.rumicon.sk\/hu\/webaruhaz\/\"},{\"@type\":\"ListItem\",\"position\":3,\"name\":\"Rum Plantation Jamaika 2007 0,7l 50,4%\"}]},{\"@type\":\"WebSite\",\"@id\":\"https:\/\/www.rumicon.sk\/hu\/#website\",\"url\":\"https:\/\/www.rumicon.sk\/hu\/\",\"name\":\"rumicon.sk\",\"description\":\"\",\"publisher\":{\"@id\":\"https:\/\/www.rumicon.sk\/hu\/#organization\"},\"potentialAction\":[{\"@type\":\"SearchAction\",\"target\":{\"@type\":\"EntryPoint\",\"urlTemplate\":\"https:\/\/www.rumicon.sk\/hu\/?s={search_term_string}\"},\"query-input\":{\"@type\":\"PropertyValueSpecification\",\"valueRequired\":true,\"valueName\":\"search_term_string\"}}],\"inLanguage\":\"hu\"},{\"@type\":\"Organization\",\"@id\":\"https:\/\/www.rumicon.sk\/hu\/#organization\",\"name\":\"rumicon.sk\",\"url\":\"https:\/\/www.rumicon.sk\/hu\/\",\"logo\":{\"@type\":\"ImageObject\",\"inLanguage\":\"hu\",\"@id\":\"https:\/\/www.rumicon.sk\/hu\/#\/schema\/logo\/image\/\",\"url\":\"https:\/\/www.rumicon.sk\/wp-content\/uploads\/logo-rumicon-bcs-color.png\",\"contentUrl\":\"https:\/\/www.rumicon.sk\/wp-content\/uploads\/logo-rumicon-bcs-color.png\",\"width\":827,\"height\":278,\"caption\":\"rumicon.sk\"},\"image\":{\"@id\":\"https:\/\/www.rumicon.sk\/hu\/#\/schema\/logo\/image\/\"},\"sameAs\":[\"https:\/\/www.facebook.com\/people\/Rumicon-Bottle-Cigar-Shop\/100087110283303\/\",\"https:\/\/www.instagram.com\/rumicon_bottle_cigar_shop\/\",\"https:\/\/www.tiktok.com\/@rumicon2022\"]}]}<\/script>\n<!-- \/ Yoast SEO plugin. -->","yoast_head_json":{"title":"Rum Plantation Jamaika 2007 0,7l 50,4% - rumicon.sk","robots":{"index":"index","follow":"follow","max-snippet":"max-snippet:-1","max-image-preview":"max-image-preview:large","max-video-preview":"max-video-preview:-1"},"canonical":"https:\/\/www.rumicon.sk\/hu\/produkt\/rum-plantation-jamaika-2007-07l-504\/","og_locale":"hu_HU","og_type":"article","og_title":"Rum Plantation Jamaika 2007 0,7l 50,4% - rumicon.sk","og_description":"Az els\u0151 13 \u00e9vet ex-bourbon hord\u00f3kban \u00e9rlelt\u00e9k Jamaik\u00e1ban. Ezut\u00e1n Franciaorsz\u00e1gba sz\u00e1ll\u00edtott\u00e1k, ahol a marad\u00e9k 2 \u00e9vet ex-Cognac Ferrand hord\u00f3kban \u00e9rlelt\u00e9k.","og_url":"https:\/\/www.rumicon.sk\/hu\/produkt\/rum-plantation-jamaika-2007-07l-504\/","og_site_name":"rumicon.sk","article_publisher":"https:\/\/www.facebook.com\/people\/Rumicon-Bottle-Cigar-Shop\/100087110283303\/","article_modified_time":"2024-10-10T12:26:37+00:00","og_image":[{"width":1600,"height":1600,"url":"https:\/\/www.rumicon.sk\/wp-content\/uploads\/PLANTATION_SC2022_Jamaica2007_70cl-min.jpg","type":"image\/jpeg"}],"twitter_card":"summary_large_image","schema":{"@context":"https:\/\/schema.org","@graph":[{"@type":"WebPage","@id":"https:\/\/www.rumicon.sk\/hu\/produkt\/rum-plantation-jamaika-2007-07l-504\/","url":"https:\/\/www.rumicon.sk\/hu\/produkt\/rum-plantation-jamaika-2007-07l-504\/","name":"Rum Plantation Jamaika 2007 0,7l 50,4% - rumicon.sk","isPartOf":{"@id":"https:\/\/www.rumicon.sk\/hu\/#website"},"primaryImageOfPage":{"@id":"https:\/\/www.rumicon.sk\/hu\/produkt\/rum-plantation-jamaika-2007-07l-504\/#primaryimage"},"image":{"@id":"https:\/\/www.rumicon.sk\/hu\/produkt\/rum-plantation-jamaika-2007-07l-504\/#primaryimage"},"thumbnailUrl":"https:\/\/www.rumicon.sk\/wp-content\/uploads\/PLANTATION_SC2022_Jamaica2007_70cl-min.jpg","datePublished":"2023-04-06T09:00:30+00:00","dateModified":"2024-10-10T12:26:37+00:00","breadcrumb":{"@id":"https:\/\/www.rumicon.sk\/hu\/produkt\/rum-plantation-jamaika-2007-07l-504\/#breadcrumb"},"inLanguage":"hu","potentialAction":[{"@type":"ReadAction","target":["https:\/\/www.rumicon.sk\/hu\/produkt\/rum-plantation-jamaika-2007-07l-504\/"]}]},{"@type":"ImageObject","inLanguage":"hu","@id":"https:\/\/www.rumicon.sk\/hu\/produkt\/rum-plantation-jamaika-2007-07l-504\/#primaryimage","url":"https:\/\/www.rumicon.sk\/wp-content\/uploads\/PLANTATION_SC2022_Jamaica2007_70cl-min.jpg","contentUrl":"https:\/\/www.rumicon.sk\/wp-content\/uploads\/PLANTATION_SC2022_Jamaica2007_70cl-min.jpg","width":1600,"height":1600},{"@type":"BreadcrumbList","@id":"https:\/\/www.rumicon.sk\/hu\/produkt\/rum-plantation-jamaika-2007-07l-504\/#breadcrumb","itemListElement":[{"@type":"ListItem","position":1,"name":"Home","item":"https:\/\/www.rumicon.sk\/hu\/home\/"},{"@type":"ListItem","position":2,"name":"Web\u00e1ruh\u00e1z","item":"https:\/\/www.rumicon.sk\/hu\/webaruhaz\/"},{"@type":"ListItem","position":3,"name":"Rum Plantation Jamaika 2007 0,7l 50,4%"}]},{"@type":"WebSite","@id":"https:\/\/www.rumicon.sk\/hu\/#website","url":"https:\/\/www.rumicon.sk\/hu\/","name":"rumicon.sk","description":"","publisher":{"@id":"https:\/\/www.rumicon.sk\/hu\/#organization"},"potentialAction":[{"@type":"SearchAction","target":{"@type":"EntryPoint","urlTemplate":"https:\/\/www.rumicon.sk\/hu\/?s={search_term_string}"},"query-input":{"@type":"PropertyValueSpecification","valueRequired":true,"valueName":"search_term_string"}}],"inLanguage":"hu"},{"@type":"Organization","@id":"https:\/\/www.rumicon.sk\/hu\/#organization","name":"rumicon.sk","url":"https:\/\/www.rumicon.sk\/hu\/","logo":{"@type":"ImageObject","inLanguage":"hu","@id":"https:\/\/www.rumicon.sk\/hu\/#\/schema\/logo\/image\/","url":"https:\/\/www.rumicon.sk\/wp-content\/uploads\/logo-rumicon-bcs-color.png","contentUrl":"https:\/\/www.rumicon.sk\/wp-content\/uploads\/logo-rumicon-bcs-color.png","width":827,"height":278,"caption":"rumicon.sk"},"image":{"@id":"https:\/\/www.rumicon.sk\/hu\/#\/schema\/logo\/image\/"},"sameAs":["https:\/\/www.facebook.com\/people\/Rumicon-Bottle-Cigar-Shop\/100087110283303\/","https:\/\/www.instagram.com\/rumicon_bottle_cigar_shop\/","https:\/\/www.tiktok.com\/@rumicon2022"]}]}},"_links":{"self":[{"href":"https:\/\/www.rumicon.sk\/hu\/wp-json\/wp\/v2\/product\/5160","targetHints":{"allow":["GET"]}}],"collection":[{"href":"https:\/\/www.rumicon.sk\/hu\/wp-json\/wp\/v2\/product"}],"about":[{"href":"https:\/\/www.rumicon.sk\/hu\/wp-json\/wp\/v2\/types\/product"}],"replies":[{"embeddable":true,"href":"https:\/\/www.rumicon.sk\/hu\/wp-json\/wp\/v2\/comments?post=5160"}],"wp:featuredmedia":[{"embeddable":true,"href":"https:\/\/www.rumicon.sk\/hu\/wp-json\/wp\/v2\/media\/5162"}],"wp:attachment":[{"href":"https:\/\/www.rumicon.sk\/hu\/wp-json\/wp\/v2\/media?parent=5160"}],"wp:term":[{"taxonomy":"product_brand","embeddable":true,"href":"https:\/\/www.rumicon.sk\/hu\/wp-json\/wp\/v2\/product_brand?post=5160"},{"taxonomy":"product_cat","embeddable":true,"href":"https:\/\/www.rumicon.sk\/hu\/wp-json\/wp\/v2\/product_cat?post=5160"},{"taxonomy":"product_tag","embeddable":true,"href":"https:\/\/www.rumicon.sk\/hu\/wp-json\/wp\/v2\/product_tag?post=5160"}],"curies":[{"name":"wp","href":"https:\/\/api.w.org\/{rel}","templated":true}]}}