{"id":10851,"date":"2026-04-15T17:47:43","date_gmt":"2026-04-15T15:47:43","guid":{"rendered":"https:\/\/www.rumicon.sk\/produkt\/amicius-cabernet-sauvignon-rose-2023-12-075l\/"},"modified":"2026-04-15T17:47:43","modified_gmt":"2026-04-15T15:47:43","slug":"amicius-cabernet-sauvignon-rose-2023-12-075l","status":"publish","type":"product","link":"https:\/\/www.rumicon.sk\/hu\/produkt\/amicius-cabernet-sauvignon-rose-2023-12-075l\/","title":{"rendered":"Amicius Cabernet Sauvignon Ros\u00e9 2023 12% 0..."},"content":{"rendered":"<p data-start=\"357\" data-end=\"727\">Az Amicius Cabernet Sauvignon Ros\u00e9 f\u00e9l\u00e9des 2023 kellemes, vil\u00e1gos r\u00f3zsasz\u00edn sz\u00ednt mutat, finom k\u00e9kes-iboly\u00e1s \u00e1rnyalatokkal. Illat\u00e1ban \u00e9rett cseresznye \u00e9s \u00e1fonya \u00e9rezhet\u0151, amelyeket fokozatosan erdei szam\u00f3ca \u00e9s \u00e9rett v\u00f6r\u00f6s narancs jegyei eg\u00e9sz\u00edtenek ki. Ez a gy\u00fcm\u00f6lcs\u00f6s paletta cs\u00e1b\u00edt\u00f3 aromaprofilt alkot, amely az els\u0151 kortyra h\u00edvogat.  <\/p>\n<p data-start=\"729\" data-end=\"1088\">A bor \u00edze friss \u00e9s harmonikus, mark\u00e1ns cseresznye- \u00e9s ribizlialappal, amelyek term\u00e9szetesen \u00f6sszefon\u00f3dnak a marad\u00e9kcukorral \u00e9s az alkohollal. A friss sav\u00e9rzet \u00e9s a gy\u00fcm\u00f6lcs\u00f6s karakter k\u00f6nnyeds\u00e9get \u00e9s j\u00f3 ihat\u00f3s\u00e1got k\u00f6lcs\u00f6n\u00f6z a bornak minden poh\u00e1rn\u00e1l, \u00edgy ez a ros\u00e9 ide\u00e1lis v\u00e1laszt\u00e1s forr\u00f3 ny\u00e1ri est\u00e9kre vagy bar\u00e1ti \u00f6sszej\u00f6vetelekre.<\/p>\n<p data-start=\"1090\" data-end=\"1376\">Az Amicius Cabernet Sauvignon Ros\u00e9 kiv\u00e1l\u00f3an kieg\u00e9sz\u00edti a finom gy\u00fcm\u00f6lcs\u00f6s karakter\u0171 vagy enyh\u00e9n savas \u00e9teleket. Remek\u00fcl illik borj\u00fa- \u00e9s b\u00e1r\u00e1nyh\u00fashoz, v\u00edzi sz\u00e1rnyasokhoz, friss gy\u00fcm\u00f6lcs\u00f6kh\u00f6z, gy\u00fcm\u00f6lcssal\u00e1t\u00e1khoz, l\u00e1gy \u00e9rlel\u00e9s\u0171 sajtokhoz \u00e9s kr\u00e9msajtokhoz.<\/p>\n<p> <\/p>\n<p data-start=\"1378\" data-end=\"1716\">Szerv\u00edroz\u00e1s: 9\u201310 \u00b0C-on aj\u00e1nlott fogyasztani az arom\u00e1k maxim\u00e1lis kibontakoz\u00e1sa \u00e9rdek\u00e9ben.<br data-start=\"1458\" data-end=\"1461\">Palackos \u00e9rlel\u00e9s: 1\u20132 \u00e9v \u2014 optim\u00e1lis a frissess\u00e9g \u00e9s a gy\u00fcm\u00f6lcs\u00f6s egyens\u00faly meg\u0151rz\u00e9s\u00e9hez.<br data-start=\"1548\" data-end=\"1551\">\u00c9vj\u00e1rat: 2023<br data-start=\"1567\" data-end=\"1570\">Alkoholtartalom: 12,5% vol.<br data-start=\"1601\" data-end=\"1604\">Cukortartalom: f\u00e9l\u00e9des<br data-start=\"1631\" data-end=\"1634\">Sz\u00edn: vil\u00e1gos r\u00f3zsasz\u00edn<br data-start=\"1658\" data-end=\"1661\">\u0170rtartalom: 0,75 l<\/p>\n","protected":false},"excerpt":{"rendered":"<p>Az Amicius Cabernet Sauvignon Ros\u00e9 f\u00e9l\u00e9des 2023 kellemes, vil\u00e1gos r\u00f3zsasz\u00edn sz\u00ednt mutat, finom k\u00e9kes-iboly\u00e1s \u00e1rnyalatokkal. Illat\u00e1ban \u00e9rett cseresznye \u00e9s \u00e1fonya \u00e9rezhet\u0151, amelyeket fokozatosan erdei szam\u00f3ca \u00e9s \u00e9rett v\u00f6r\u00f6s narancs jegyei eg\u00e9sz\u00edtenek ki. Ez a gy\u00fcm\u00f6lcs\u00f6s paletta cs\u00e1b\u00edt\u00f3 aromaprofilt alkot, amely az els\u0151 kortyra h\u00edvogat. A bor \u00edze friss \u00e9s harmonikus, mark\u00e1ns cseresznye- \u00e9s ribizlialappal, amelyek [&#8230;]\n","protected":false},"featured_media":10424,"comment_status":"closed","ping_status":"closed","template":"","meta":{"_acf_changed":false},"product_brand":[1214],"product_cat":[528,547,534],"product_tag":[1572,560,1573,1574],"class_list":{"0":"post-10851","1":"product","2":"type-product","3":"status-publish","4":"has-post-thumbnail","6":"product_brand-amicius-vina","7":"product_cat-bor","8":"product_cat-rozsabor","9":"product_cat-bor-helyi-boraszoktol","10":"product_tag-1572","11":"product_tag-amicius-hu","12":"product_tag-cabernet-sauvignon","13":"product_tag-rose","14":"pa_druh-alkoholu-bor","15":"pa_druh-vina-rose-hu","16":"pa_objem-075-l-hu","17":"pa_obsah-alkoholu-125-hu","18":"pa_znacka-amicius-hu","20":"first","21":"instock","22":"taxable","23":"shipping-taxable","24":"purchasable","25":"product-type-simple"},"acf":[],"yoast_head":"<!-- This site is optimized with the Yoast SEO plugin v27.0 - https:\/\/yoast.com\/product\/yoast-seo-wordpress\/ -->\n<title>Amicius Cabernet Sauvignon Ros\u00e9 2023 12% 0,75l - rumicon.sk<\/title>\n<meta name=\"description\" content=\"Amicius Cabernet Sauvignon Ros\u00e9 2024 \u2013 friss, f\u00e9l\u00e9des roz\u00e9bor, cseresznye, eper \u00e9s erdei gy\u00fcm\u00f6lcs\u00f6k arom\u00e1j\u00e1val. Kiv\u00e1l\u00f3an illik gy\u00fcm\u00f6lcssal\u00e1t\u00e1khoz, sz\u00e1rnyasokhoz \u00e9s sajtokhoz.\" \/>\n<meta name=\"robots\" content=\"index, follow, max-snippet:-1, max-image-preview:large, max-video-preview:-1\" \/>\n<link rel=\"canonical\" href=\"https:\/\/www.rumicon.sk\/hu\/produkt\/amicius-cabernet-sauvignon-rose-2023-12-075l\/\" \/>\n<meta property=\"og:locale\" content=\"hu_HU\" \/>\n<meta property=\"og:type\" content=\"article\" \/>\n<meta property=\"og:title\" content=\"Amicius Cabernet Sauvignon Rose 2023\" \/>\n<meta property=\"og:description\" content=\"Amicius Cabernet Sauvignon Ros\u00e9 f\u00e9l\u00e9des 2024 kellemes, vil\u00e1gos r\u00f3zsasz\u00edn sz\u00ednt mutat finom k\u00e9kes-iboly\u00e1s \u00e1rnyalatokkal. Illat\u00e1ban \u00e9rett cseresznye \u00e9s \u00e1fonya \u00e9rezhet\u0151, amelyeket fokozatosan erdei szam\u00f3ca \u00e9s \u00e9rett v\u00f6r\u00f6s narancs jegyei eg\u00e9sz\u00edtenek ki. Ez a gy\u00fcm\u00f6lcs\u00f6s paletta cs\u00e1b\u00edt\u00f3 aromaprofilt alkot, amely az els\u0151 kortyra h\u00edvogat.A bor \u00edze friss \u00e9s harmonikus, mark\u00e1ns cseresznye- \u00e9s ribizlialappal, amelyek term\u00e9szetesen \u00f6sszefon\u00f3dnak a marad\u00e9kcukorral \u00e9s az alkohollal. A friss sav\u00e9rzet \u00e9s a gy\u00fcm\u00f6lcs\u00f6s karakter k\u00f6nnyeds\u00e9get \u00e9s j\u00f3 ihat\u00f3s\u00e1got k\u00f6lcs\u00f6n\u00f6z minden poh\u00e1rn\u00e1l, \u00edgy ez a ros\u00e9 ide\u00e1lis v\u00e1laszt\u00e1s forr\u00f3 ny\u00e1ri est\u00e9kre vagy bar\u00e1ti \u00f6sszej\u00f6vetelekre.\" \/>\n<meta property=\"og:url\" content=\"https:\/\/www.rumicon.sk\/hu\/produkt\/amicius-cabernet-sauvignon-rose-2023-12-075l\/\" \/>\n<meta property=\"og:site_name\" content=\"rumicon.sk\" \/>\n<meta property=\"article:publisher\" content=\"https:\/\/www.facebook.com\/people\/Rumicon-Bottle-Cigar-Shop\/100087110283303\/\" \/>\n<meta property=\"og:image\" content=\"https:\/\/www.rumicon.sk\/wp-content\/uploads\/Cabernet-Sauvignon-Rose-2024_LQ-500x638-1.png\" \/>\n<meta name=\"twitter:card\" content=\"summary_large_image\" \/>\n<meta name=\"twitter:label1\" content=\"Becs\u00fclt olvas\u00e1si id\u0151\" \/>\n\t<meta name=\"twitter:data1\" content=\"1 perc\" \/>\n<script type=\"application\/ld+json\" class=\"yoast-schema-graph\">{\"@context\":\"https:\/\/schema.org\",\"@graph\":[{\"@type\":\"WebPage\",\"@id\":\"https:\/\/www.rumicon.sk\/hu\/produkt\/amicius-cabernet-sauvignon-rose-2023-12-075l\/\",\"url\":\"https:\/\/www.rumicon.sk\/hu\/produkt\/amicius-cabernet-sauvignon-rose-2023-12-075l\/\",\"name\":\"Amicius Cabernet Sauvignon Ros\u00e9 2023 12% 0,75l - rumicon.sk\",\"isPartOf\":{\"@id\":\"https:\/\/www.rumicon.sk\/hu\/#website\"},\"primaryImageOfPage\":{\"@id\":\"https:\/\/www.rumicon.sk\/hu\/produkt\/amicius-cabernet-sauvignon-rose-2023-12-075l\/#primaryimage\"},\"image\":{\"@id\":\"https:\/\/www.rumicon.sk\/hu\/produkt\/amicius-cabernet-sauvignon-rose-2023-12-075l\/#primaryimage\"},\"thumbnailUrl\":\"https:\/\/www.rumicon.sk\/wp-content\/uploads\/Cabernet-Sauvignon-Rose-2024_LQ-500x638-1.png\",\"datePublished\":\"2026-04-15T15:47:43+00:00\",\"description\":\"Amicius Cabernet Sauvignon Ros\u00e9 2024 \u2013 friss, f\u00e9l\u00e9des roz\u00e9bor, cseresznye, eper \u00e9s erdei gy\u00fcm\u00f6lcs\u00f6k arom\u00e1j\u00e1val. Kiv\u00e1l\u00f3an illik gy\u00fcm\u00f6lcssal\u00e1t\u00e1khoz, sz\u00e1rnyasokhoz \u00e9s sajtokhoz.\",\"breadcrumb\":{\"@id\":\"https:\/\/www.rumicon.sk\/hu\/produkt\/amicius-cabernet-sauvignon-rose-2023-12-075l\/#breadcrumb\"},\"inLanguage\":\"hu\",\"potentialAction\":[{\"@type\":\"ReadAction\",\"target\":[\"https:\/\/www.rumicon.sk\/hu\/produkt\/amicius-cabernet-sauvignon-rose-2023-12-075l\/\"]}]},{\"@type\":\"ImageObject\",\"inLanguage\":\"hu\",\"@id\":\"https:\/\/www.rumicon.sk\/hu\/produkt\/amicius-cabernet-sauvignon-rose-2023-12-075l\/#primaryimage\",\"url\":\"https:\/\/www.rumicon.sk\/wp-content\/uploads\/Cabernet-Sauvignon-Rose-2024_LQ-500x638-1.png\",\"contentUrl\":\"https:\/\/www.rumicon.sk\/wp-content\/uploads\/Cabernet-Sauvignon-Rose-2024_LQ-500x638-1.png\",\"width\":500,\"height\":638,\"caption\":\"amicius cabernet sauvignon\"},{\"@type\":\"BreadcrumbList\",\"@id\":\"https:\/\/www.rumicon.sk\/hu\/produkt\/amicius-cabernet-sauvignon-rose-2023-12-075l\/#breadcrumb\",\"itemListElement\":[{\"@type\":\"ListItem\",\"position\":1,\"name\":\"Home\",\"item\":\"https:\/\/www.rumicon.sk\/hu\/home\/\"},{\"@type\":\"ListItem\",\"position\":2,\"name\":\"Web\u00e1ruh\u00e1z\",\"item\":\"https:\/\/www.rumicon.sk\/hu\/webaruhaz\/\"},{\"@type\":\"ListItem\",\"position\":3,\"name\":\"Amicius Cabernet Sauvignon Ros\u00e9 2023 12% 0...\"}]},{\"@type\":\"WebSite\",\"@id\":\"https:\/\/www.rumicon.sk\/hu\/#website\",\"url\":\"https:\/\/www.rumicon.sk\/hu\/\",\"name\":\"rumicon.sk\",\"description\":\"\",\"publisher\":{\"@id\":\"https:\/\/www.rumicon.sk\/hu\/#organization\"},\"potentialAction\":[{\"@type\":\"SearchAction\",\"target\":{\"@type\":\"EntryPoint\",\"urlTemplate\":\"https:\/\/www.rumicon.sk\/hu\/?s={search_term_string}\"},\"query-input\":{\"@type\":\"PropertyValueSpecification\",\"valueRequired\":true,\"valueName\":\"search_term_string\"}}],\"inLanguage\":\"hu\"},{\"@type\":\"Organization\",\"@id\":\"https:\/\/www.rumicon.sk\/hu\/#organization\",\"name\":\"rumicon.sk\",\"url\":\"https:\/\/www.rumicon.sk\/hu\/\",\"logo\":{\"@type\":\"ImageObject\",\"inLanguage\":\"hu\",\"@id\":\"https:\/\/www.rumicon.sk\/hu\/#\/schema\/logo\/image\/\",\"url\":\"https:\/\/www.rumicon.sk\/wp-content\/uploads\/logo-rumicon-bcs-color.png\",\"contentUrl\":\"https:\/\/www.rumicon.sk\/wp-content\/uploads\/logo-rumicon-bcs-color.png\",\"width\":827,\"height\":278,\"caption\":\"rumicon.sk\"},\"image\":{\"@id\":\"https:\/\/www.rumicon.sk\/hu\/#\/schema\/logo\/image\/\"},\"sameAs\":[\"https:\/\/www.facebook.com\/people\/Rumicon-Bottle-Cigar-Shop\/100087110283303\/\",\"https:\/\/www.instagram.com\/rumicon_bottle_cigar_shop\/\",\"https:\/\/www.tiktok.com\/@rumicon2022\"]}]}<\/script>\n<!-- \/ Yoast SEO plugin. -->","yoast_head_json":{"title":"Amicius Cabernet Sauvignon Ros\u00e9 2023 12% 0,75l - rumicon.sk","description":"Amicius Cabernet Sauvignon Ros\u00e9 2024 \u2013 friss, f\u00e9l\u00e9des roz\u00e9bor, cseresznye, eper \u00e9s erdei gy\u00fcm\u00f6lcs\u00f6k arom\u00e1j\u00e1val. Kiv\u00e1l\u00f3an illik gy\u00fcm\u00f6lcssal\u00e1t\u00e1khoz, sz\u00e1rnyasokhoz \u00e9s sajtokhoz.","robots":{"index":"index","follow":"follow","max-snippet":"max-snippet:-1","max-image-preview":"max-image-preview:large","max-video-preview":"max-video-preview:-1"},"canonical":"https:\/\/www.rumicon.sk\/hu\/produkt\/amicius-cabernet-sauvignon-rose-2023-12-075l\/","og_locale":"hu_HU","og_type":"article","og_title":"Amicius Cabernet Sauvignon Rose 2023","og_description":"Amicius Cabernet Sauvignon Ros\u00e9 f\u00e9l\u00e9des 2024 kellemes, vil\u00e1gos r\u00f3zsasz\u00edn sz\u00ednt mutat finom k\u00e9kes-iboly\u00e1s \u00e1rnyalatokkal. Illat\u00e1ban \u00e9rett cseresznye \u00e9s \u00e1fonya \u00e9rezhet\u0151, amelyeket fokozatosan erdei szam\u00f3ca \u00e9s \u00e9rett v\u00f6r\u00f6s narancs jegyei eg\u00e9sz\u00edtenek ki. Ez a gy\u00fcm\u00f6lcs\u00f6s paletta cs\u00e1b\u00edt\u00f3 aromaprofilt alkot, amely az els\u0151 kortyra h\u00edvogat.A bor \u00edze friss \u00e9s harmonikus, mark\u00e1ns cseresznye- \u00e9s ribizlialappal, amelyek term\u00e9szetesen \u00f6sszefon\u00f3dnak a marad\u00e9kcukorral \u00e9s az alkohollal. A friss sav\u00e9rzet \u00e9s a gy\u00fcm\u00f6lcs\u00f6s karakter k\u00f6nnyeds\u00e9get \u00e9s j\u00f3 ihat\u00f3s\u00e1got k\u00f6lcs\u00f6n\u00f6z minden poh\u00e1rn\u00e1l, \u00edgy ez a ros\u00e9 ide\u00e1lis v\u00e1laszt\u00e1s forr\u00f3 ny\u00e1ri est\u00e9kre vagy bar\u00e1ti \u00f6sszej\u00f6vetelekre.","og_url":"https:\/\/www.rumicon.sk\/hu\/produkt\/amicius-cabernet-sauvignon-rose-2023-12-075l\/","og_site_name":"rumicon.sk","article_publisher":"https:\/\/www.facebook.com\/people\/Rumicon-Bottle-Cigar-Shop\/100087110283303\/","og_image":[{"url":"https:\/\/www.rumicon.sk\/wp-content\/uploads\/Cabernet-Sauvignon-Rose-2024_LQ-500x638-1.png","type":"","width":"","height":""}],"twitter_card":"summary_large_image","twitter_misc":{"Becs\u00fclt olvas\u00e1si id\u0151":"1 perc"},"schema":{"@context":"https:\/\/schema.org","@graph":[{"@type":"WebPage","@id":"https:\/\/www.rumicon.sk\/hu\/produkt\/amicius-cabernet-sauvignon-rose-2023-12-075l\/","url":"https:\/\/www.rumicon.sk\/hu\/produkt\/amicius-cabernet-sauvignon-rose-2023-12-075l\/","name":"Amicius Cabernet Sauvignon Ros\u00e9 2023 12% 0,75l - rumicon.sk","isPartOf":{"@id":"https:\/\/www.rumicon.sk\/hu\/#website"},"primaryImageOfPage":{"@id":"https:\/\/www.rumicon.sk\/hu\/produkt\/amicius-cabernet-sauvignon-rose-2023-12-075l\/#primaryimage"},"image":{"@id":"https:\/\/www.rumicon.sk\/hu\/produkt\/amicius-cabernet-sauvignon-rose-2023-12-075l\/#primaryimage"},"thumbnailUrl":"https:\/\/www.rumicon.sk\/wp-content\/uploads\/Cabernet-Sauvignon-Rose-2024_LQ-500x638-1.png","datePublished":"2026-04-15T15:47:43+00:00","description":"Amicius Cabernet Sauvignon Ros\u00e9 2024 \u2013 friss, f\u00e9l\u00e9des roz\u00e9bor, cseresznye, eper \u00e9s erdei gy\u00fcm\u00f6lcs\u00f6k arom\u00e1j\u00e1val. Kiv\u00e1l\u00f3an illik gy\u00fcm\u00f6lcssal\u00e1t\u00e1khoz, sz\u00e1rnyasokhoz \u00e9s sajtokhoz.","breadcrumb":{"@id":"https:\/\/www.rumicon.sk\/hu\/produkt\/amicius-cabernet-sauvignon-rose-2023-12-075l\/#breadcrumb"},"inLanguage":"hu","potentialAction":[{"@type":"ReadAction","target":["https:\/\/www.rumicon.sk\/hu\/produkt\/amicius-cabernet-sauvignon-rose-2023-12-075l\/"]}]},{"@type":"ImageObject","inLanguage":"hu","@id":"https:\/\/www.rumicon.sk\/hu\/produkt\/amicius-cabernet-sauvignon-rose-2023-12-075l\/#primaryimage","url":"https:\/\/www.rumicon.sk\/wp-content\/uploads\/Cabernet-Sauvignon-Rose-2024_LQ-500x638-1.png","contentUrl":"https:\/\/www.rumicon.sk\/wp-content\/uploads\/Cabernet-Sauvignon-Rose-2024_LQ-500x638-1.png","width":500,"height":638,"caption":"amicius cabernet sauvignon"},{"@type":"BreadcrumbList","@id":"https:\/\/www.rumicon.sk\/hu\/produkt\/amicius-cabernet-sauvignon-rose-2023-12-075l\/#breadcrumb","itemListElement":[{"@type":"ListItem","position":1,"name":"Home","item":"https:\/\/www.rumicon.sk\/hu\/home\/"},{"@type":"ListItem","position":2,"name":"Web\u00e1ruh\u00e1z","item":"https:\/\/www.rumicon.sk\/hu\/webaruhaz\/"},{"@type":"ListItem","position":3,"name":"Amicius Cabernet Sauvignon Ros\u00e9 2023 12% 0..."}]},{"@type":"WebSite","@id":"https:\/\/www.rumicon.sk\/hu\/#website","url":"https:\/\/www.rumicon.sk\/hu\/","name":"rumicon.sk","description":"","publisher":{"@id":"https:\/\/www.rumicon.sk\/hu\/#organization"},"potentialAction":[{"@type":"SearchAction","target":{"@type":"EntryPoint","urlTemplate":"https:\/\/www.rumicon.sk\/hu\/?s={search_term_string}"},"query-input":{"@type":"PropertyValueSpecification","valueRequired":true,"valueName":"search_term_string"}}],"inLanguage":"hu"},{"@type":"Organization","@id":"https:\/\/www.rumicon.sk\/hu\/#organization","name":"rumicon.sk","url":"https:\/\/www.rumicon.sk\/hu\/","logo":{"@type":"ImageObject","inLanguage":"hu","@id":"https:\/\/www.rumicon.sk\/hu\/#\/schema\/logo\/image\/","url":"https:\/\/www.rumicon.sk\/wp-content\/uploads\/logo-rumicon-bcs-color.png","contentUrl":"https:\/\/www.rumicon.sk\/wp-content\/uploads\/logo-rumicon-bcs-color.png","width":827,"height":278,"caption":"rumicon.sk"},"image":{"@id":"https:\/\/www.rumicon.sk\/hu\/#\/schema\/logo\/image\/"},"sameAs":["https:\/\/www.facebook.com\/people\/Rumicon-Bottle-Cigar-Shop\/100087110283303\/","https:\/\/www.instagram.com\/rumicon_bottle_cigar_shop\/","https:\/\/www.tiktok.com\/@rumicon2022"]}]}},"_links":{"self":[{"href":"https:\/\/www.rumicon.sk\/hu\/wp-json\/wp\/v2\/product\/10851","targetHints":{"allow":["GET"]}}],"collection":[{"href":"https:\/\/www.rumicon.sk\/hu\/wp-json\/wp\/v2\/product"}],"about":[{"href":"https:\/\/www.rumicon.sk\/hu\/wp-json\/wp\/v2\/types\/product"}],"replies":[{"embeddable":true,"href":"https:\/\/www.rumicon.sk\/hu\/wp-json\/wp\/v2\/comments?post=10851"}],"wp:featuredmedia":[{"embeddable":true,"href":"https:\/\/www.rumicon.sk\/hu\/wp-json\/wp\/v2\/media\/10424"}],"wp:attachment":[{"href":"https:\/\/www.rumicon.sk\/hu\/wp-json\/wp\/v2\/media?parent=10851"}],"wp:term":[{"taxonomy":"product_brand","embeddable":true,"href":"https:\/\/www.rumicon.sk\/hu\/wp-json\/wp\/v2\/product_brand?post=10851"},{"taxonomy":"product_cat","embeddable":true,"href":"https:\/\/www.rumicon.sk\/hu\/wp-json\/wp\/v2\/product_cat?post=10851"},{"taxonomy":"product_tag","embeddable":true,"href":"https:\/\/www.rumicon.sk\/hu\/wp-json\/wp\/v2\/product_tag?post=10851"}],"curies":[{"name":"wp","href":"https:\/\/api.w.org\/{rel}","templated":true}]}}