{"id":10790,"date":"2026-04-07T13:07:36","date_gmt":"2026-04-07T11:07:36","guid":{"rendered":"https:\/\/www.rumicon.sk\/?post_type=product&#038;p=10790"},"modified":"2026-04-07T16:16:24","modified_gmt":"2026-04-07T14:16:24","slug":"vodka-nemiroff-bold-narancs-1l-40-kopia-2","status":"publish","type":"product","link":"https:\/\/www.rumicon.sk\/hu\/produkt\/vodka-nemiroff-bold-narancs-1l-40-kopia-2\/","title":{"rendered":"Russian Standard Original 1l"},"content":{"rendered":"<p>Az ukr\u00e1n <strong>Nemiroff Bold Orange <\/strong>Vodka <strong>rendk\u00edv\u00fcl tiszta vodka, term\u00e9szetes gy\u00f3gyn\u00f6v\u00e9nyek, m\u00e9z, f\u0171szerek<\/strong> \u00e9s <strong>friss narancsl\u00e9<\/strong> kombin\u00e1ci\u00f3ja <strong>.<\/strong> A kever\u00e9s ut\u00e1n a vodk\u00e1t <strong>t\u00f6lgyfahord\u00f3ban<\/strong> t\u00e1rolj\u00e1k, hogy m\u00e9g jobb arom\u00e1t \u00e9s \u00edzt kapjon. Ez egy tiszta, kiv\u00e1l\u00f3 min\u0151s\u00e9g\u0171 vodka, finom \u00e9des, citrusos \u00e9s f\u0171szeres jegyekkel. <\/p>\n<p>Javasoljuk, hogy <strong>h\u0171t\u00f6tt shotok<\/strong> form\u00e1j\u00e1ban fogyassza, vagy keverje \u00f6ssze <strong>narancsl\u00e9vel<\/strong> \u00e9s <strong>gy\u00f6mb\u00e9rs\u00f6rrel<\/strong> a t\u00f6k\u00e9letes kokt\u00e9lhoz.<\/p>\n<p><strong>Sz\u00edn:<\/strong> l\u00e1gy narancss\u00e1rga, aranysz\u00edn\u0171 kiemelked\u00e9sekkel.<br \/>\n<strong>Illat<\/strong>: f\u0171szerek, m\u00e9z, narancs<br \/>\n<strong>\u00cdz:<\/strong> bors, fa, narancs, meleg\u00edt\u0151 hat\u00e1s\u00fa<\/p>\n","protected":false},"excerpt":{"rendered":"<p>Az eredeti Russian Standard vodka a c\u00e1r k\u00e9r\u00e9s\u00e9re lett lep\u00e1rolva. Min\u0151s\u00e9gi szabv\u00e1ny\u00e1t 1894-ben hat\u00e1rozt\u00e1k meg. A hagyom\u00e1nyos gy\u00e1rt\u00e1si elj\u00e1r\u00e1sok \u00e9s a legmodernebb technol\u00f3gi\u00e1k \u00f6tv\u00f6z\u00e9s\u00e9vel a gy\u00e1rt\u00f3k \u00fajraalkott\u00e1k az igazi Russian Standard vodk\u00e1t. <\/p>\n<p>Pr\u00e9mium, l\u00e1gy \u00edzzel \u00e9s olyan min\u0151s\u00e9ggel rendelkezik, amely t\u00f6bb mint egy \u00e9vsz\u00e1zada v\u00e1ltozatlan. A legkiv\u00e1l\u00f3bb orosz sztyepp\u00e9kr\u0151l sz\u00e1rmaz\u00f3 \u0151szi b\u00faz\u00e1b\u00f3l \u00e9s a Ladoga-t\u00f3 tiszta gleccserviz\u00e9b\u0151l k\u00e9sz\u00fcl. T\u00f6bb mint 200-szor desztill\u00e1lt\u00e1k az extra selymes \u00e9s tiszta \u00edz \u00e9rdek\u00e9ben. <\/p>\n<p>Javasoljuk j\u00e9gkock\u00e1val k\u00edn\u00e1lni, vagy k\u00fcl\u00f6nf\u00e9le kokt\u00e9lokban, mint p\u00e9ld\u00e1ul Russian Mule, Vodka Martini, Cosmopolitan, White Russian.<\/p>\n<p>A vodk\u00e1t Olaszorsz\u00e1gban palackozz\u00e1k, 1 literes kiszerel\u00e9sben, 40% alkoholtartalommal.<\/p>\n<div class=\"c-product-taste__title\"><strong>Illat \u00e9s \u00edz<\/strong><\/div>\n<div class=\"c-product-taste__description\">\n<div class=\"sc-item\">\n<div class=\"sc-item__key\">Sz\u00edn: krist\u00e1lytiszta<\/div>\n<\/div>\n<div class=\"sc-item\">\n<div class=\"sc-item__key\">Illat: enyh\u00e9n \u00e9desk\u00e9s, gabon\u00e1s<\/div>\n<\/div>\n<div class=\"sc-item\">\n<div class=\"sc-item__key\">\u00cdz: b\u00faza<\/div>\n<\/div>\n<\/div>\n","protected":false},"featured_media":10793,"comment_status":"closed","ping_status":"closed","template":"","meta":{"_acf_changed":false},"product_brand":[1565],"product_cat":[608,610],"product_tag":[1569,1160,1568],"class_list":{"0":"post-10790","1":"product","2":"type-product","3":"status-publish","4":"has-post-thumbnail","6":"product_brand-russian-standard","7":"product_cat-vodka-hu","8":"product_cat-tiszta-vodka","9":"product_tag-orosz-vodka","10":"product_tag-tiszta-vodka","11":"product_tag-vodka","12":"pa_druh-alkoholu-vodka-hu","13":"pa_krajina-povodu-olaszorszag","14":"pa_krajina-povodu-oroszorszag","15":"pa_objem-1-l-hu","16":"pa_obsah-alkoholu-40-hu","17":"pa_znacka-russian-standard-hu","19":"first","20":"instock","21":"taxable","22":"shipping-taxable","23":"purchasable","24":"product-type-simple"},"acf":[],"yoast_head":"<!-- This site is optimized with the Yoast SEO plugin v27.0 - https:\/\/yoast.com\/product\/yoast-seo-wordpress\/ -->\n<title>Russian Standard Original 1l - rumicon.sk<\/title>\n<meta name=\"description\" content=\"A Russian Standard az eredeti vodka, amelyet a c\u00e1r k\u00e9r\u00e9s\u00e9re p\u00e1roltak. Min\u0151s\u00e9gi szabv\u00e1ny\u00e1t 1894-ben \u00e1ll\u00edtott\u00e1k fel.\" \/>\n<meta name=\"robots\" content=\"index, follow, max-snippet:-1, max-image-preview:large, max-video-preview:-1\" \/>\n<link rel=\"canonical\" href=\"https:\/\/www.rumicon.sk\/hu\/produkt\/vodka-nemiroff-bold-narancs-1l-40-kopia-2\/\" \/>\n<meta property=\"og:locale\" content=\"hu_HU\" \/>\n<meta property=\"og:type\" content=\"article\" \/>\n<meta property=\"og:title\" content=\"Russian Standard Original 1l - rumicon.sk\" \/>\n<meta property=\"og:description\" content=\"A Russian Standard az eredeti vodka, amelyet a c\u00e1r k\u00e9r\u00e9s\u00e9re p\u00e1roltak. Min\u0151s\u00e9gi szabv\u00e1ny\u00e1t 1894-ben \u00e1ll\u00edtott\u00e1k fel.\" \/>\n<meta property=\"og:url\" content=\"https:\/\/www.rumicon.sk\/hu\/produkt\/vodka-nemiroff-bold-narancs-1l-40-kopia-2\/\" \/>\n<meta property=\"og:site_name\" content=\"rumicon.sk\" \/>\n<meta property=\"article:publisher\" content=\"https:\/\/www.facebook.com\/people\/Rumicon-Bottle-Cigar-Shop\/100087110283303\/\" \/>\n<meta property=\"article:modified_time\" content=\"2026-04-07T14:16:24+00:00\" \/>\n<meta property=\"og:image\" content=\"https:\/\/www.rumicon.sk\/wp-content\/uploads\/ruska-vodka.webp\" \/>\n\t<meta property=\"og:image:width\" content=\"205\" \/>\n\t<meta property=\"og:image:height\" content=\"699\" \/>\n\t<meta property=\"og:image:type\" content=\"image\/webp\" \/>\n<meta name=\"twitter:card\" content=\"summary_large_image\" \/>\n<meta name=\"twitter:label1\" content=\"Becs\u00fclt olvas\u00e1si id\u0151\" \/>\n\t<meta name=\"twitter:data1\" content=\"1 perc\" \/>\n<script type=\"application\/ld+json\" class=\"yoast-schema-graph\">{\"@context\":\"https:\/\/schema.org\",\"@graph\":[{\"@type\":\"WebPage\",\"@id\":\"https:\/\/www.rumicon.sk\/hu\/produkt\/vodka-nemiroff-bold-narancs-1l-40-kopia-2\/\",\"url\":\"https:\/\/www.rumicon.sk\/hu\/produkt\/vodka-nemiroff-bold-narancs-1l-40-kopia-2\/\",\"name\":\"Russian Standard Original 1l - rumicon.sk\",\"isPartOf\":{\"@id\":\"https:\/\/www.rumicon.sk\/hu\/#website\"},\"primaryImageOfPage\":{\"@id\":\"https:\/\/www.rumicon.sk\/hu\/produkt\/vodka-nemiroff-bold-narancs-1l-40-kopia-2\/#primaryimage\"},\"image\":{\"@id\":\"https:\/\/www.rumicon.sk\/hu\/produkt\/vodka-nemiroff-bold-narancs-1l-40-kopia-2\/#primaryimage\"},\"thumbnailUrl\":\"https:\/\/www.rumicon.sk\/wp-content\/uploads\/ruska-vodka.webp\",\"datePublished\":\"2026-04-07T11:07:36+00:00\",\"dateModified\":\"2026-04-07T14:16:24+00:00\",\"description\":\"A Russian Standard az eredeti vodka, amelyet a c\u00e1r k\u00e9r\u00e9s\u00e9re p\u00e1roltak. Min\u0151s\u00e9gi szabv\u00e1ny\u00e1t 1894-ben \u00e1ll\u00edtott\u00e1k fel.\",\"breadcrumb\":{\"@id\":\"https:\/\/www.rumicon.sk\/hu\/produkt\/vodka-nemiroff-bold-narancs-1l-40-kopia-2\/#breadcrumb\"},\"inLanguage\":\"hu\",\"potentialAction\":[{\"@type\":\"ReadAction\",\"target\":[\"https:\/\/www.rumicon.sk\/hu\/produkt\/vodka-nemiroff-bold-narancs-1l-40-kopia-2\/\"]}]},{\"@type\":\"ImageObject\",\"inLanguage\":\"hu\",\"@id\":\"https:\/\/www.rumicon.sk\/hu\/produkt\/vodka-nemiroff-bold-narancs-1l-40-kopia-2\/#primaryimage\",\"url\":\"https:\/\/www.rumicon.sk\/wp-content\/uploads\/ruska-vodka.webp\",\"contentUrl\":\"https:\/\/www.rumicon.sk\/wp-content\/uploads\/ruska-vodka.webp\",\"width\":205,\"height\":699},{\"@type\":\"BreadcrumbList\",\"@id\":\"https:\/\/www.rumicon.sk\/hu\/produkt\/vodka-nemiroff-bold-narancs-1l-40-kopia-2\/#breadcrumb\",\"itemListElement\":[{\"@type\":\"ListItem\",\"position\":1,\"name\":\"Home\",\"item\":\"https:\/\/www.rumicon.sk\/hu\/home\/\"},{\"@type\":\"ListItem\",\"position\":2,\"name\":\"Web\u00e1ruh\u00e1z\",\"item\":\"https:\/\/www.rumicon.sk\/hu\/webaruhaz\/\"},{\"@type\":\"ListItem\",\"position\":3,\"name\":\"Russian Standard Original 1l\"}]},{\"@type\":\"WebSite\",\"@id\":\"https:\/\/www.rumicon.sk\/hu\/#website\",\"url\":\"https:\/\/www.rumicon.sk\/hu\/\",\"name\":\"rumicon.sk\",\"description\":\"\",\"publisher\":{\"@id\":\"https:\/\/www.rumicon.sk\/hu\/#organization\"},\"potentialAction\":[{\"@type\":\"SearchAction\",\"target\":{\"@type\":\"EntryPoint\",\"urlTemplate\":\"https:\/\/www.rumicon.sk\/hu\/?s={search_term_string}\"},\"query-input\":{\"@type\":\"PropertyValueSpecification\",\"valueRequired\":true,\"valueName\":\"search_term_string\"}}],\"inLanguage\":\"hu\"},{\"@type\":\"Organization\",\"@id\":\"https:\/\/www.rumicon.sk\/hu\/#organization\",\"name\":\"rumicon.sk\",\"url\":\"https:\/\/www.rumicon.sk\/hu\/\",\"logo\":{\"@type\":\"ImageObject\",\"inLanguage\":\"hu\",\"@id\":\"https:\/\/www.rumicon.sk\/hu\/#\/schema\/logo\/image\/\",\"url\":\"https:\/\/www.rumicon.sk\/wp-content\/uploads\/logo-rumicon-bcs-color.png\",\"contentUrl\":\"https:\/\/www.rumicon.sk\/wp-content\/uploads\/logo-rumicon-bcs-color.png\",\"width\":827,\"height\":278,\"caption\":\"rumicon.sk\"},\"image\":{\"@id\":\"https:\/\/www.rumicon.sk\/hu\/#\/schema\/logo\/image\/\"},\"sameAs\":[\"https:\/\/www.facebook.com\/people\/Rumicon-Bottle-Cigar-Shop\/100087110283303\/\",\"https:\/\/www.instagram.com\/rumicon_bottle_cigar_shop\/\",\"https:\/\/www.tiktok.com\/@rumicon2022\"]}]}<\/script>\n<!-- \/ Yoast SEO plugin. -->","yoast_head_json":{"title":"Russian Standard Original 1l - rumicon.sk","description":"A Russian Standard az eredeti vodka, amelyet a c\u00e1r k\u00e9r\u00e9s\u00e9re p\u00e1roltak. Min\u0151s\u00e9gi szabv\u00e1ny\u00e1t 1894-ben \u00e1ll\u00edtott\u00e1k fel.","robots":{"index":"index","follow":"follow","max-snippet":"max-snippet:-1","max-image-preview":"max-image-preview:large","max-video-preview":"max-video-preview:-1"},"canonical":"https:\/\/www.rumicon.sk\/hu\/produkt\/vodka-nemiroff-bold-narancs-1l-40-kopia-2\/","og_locale":"hu_HU","og_type":"article","og_title":"Russian Standard Original 1l - rumicon.sk","og_description":"A Russian Standard az eredeti vodka, amelyet a c\u00e1r k\u00e9r\u00e9s\u00e9re p\u00e1roltak. Min\u0151s\u00e9gi szabv\u00e1ny\u00e1t 1894-ben \u00e1ll\u00edtott\u00e1k fel.","og_url":"https:\/\/www.rumicon.sk\/hu\/produkt\/vodka-nemiroff-bold-narancs-1l-40-kopia-2\/","og_site_name":"rumicon.sk","article_publisher":"https:\/\/www.facebook.com\/people\/Rumicon-Bottle-Cigar-Shop\/100087110283303\/","article_modified_time":"2026-04-07T14:16:24+00:00","og_image":[{"width":205,"height":699,"url":"https:\/\/www.rumicon.sk\/wp-content\/uploads\/ruska-vodka.webp","type":"image\/webp"}],"twitter_card":"summary_large_image","twitter_misc":{"Becs\u00fclt olvas\u00e1si id\u0151":"1 perc"},"schema":{"@context":"https:\/\/schema.org","@graph":[{"@type":"WebPage","@id":"https:\/\/www.rumicon.sk\/hu\/produkt\/vodka-nemiroff-bold-narancs-1l-40-kopia-2\/","url":"https:\/\/www.rumicon.sk\/hu\/produkt\/vodka-nemiroff-bold-narancs-1l-40-kopia-2\/","name":"Russian Standard Original 1l - rumicon.sk","isPartOf":{"@id":"https:\/\/www.rumicon.sk\/hu\/#website"},"primaryImageOfPage":{"@id":"https:\/\/www.rumicon.sk\/hu\/produkt\/vodka-nemiroff-bold-narancs-1l-40-kopia-2\/#primaryimage"},"image":{"@id":"https:\/\/www.rumicon.sk\/hu\/produkt\/vodka-nemiroff-bold-narancs-1l-40-kopia-2\/#primaryimage"},"thumbnailUrl":"https:\/\/www.rumicon.sk\/wp-content\/uploads\/ruska-vodka.webp","datePublished":"2026-04-07T11:07:36+00:00","dateModified":"2026-04-07T14:16:24+00:00","description":"A Russian Standard az eredeti vodka, amelyet a c\u00e1r k\u00e9r\u00e9s\u00e9re p\u00e1roltak. Min\u0151s\u00e9gi szabv\u00e1ny\u00e1t 1894-ben \u00e1ll\u00edtott\u00e1k fel.","breadcrumb":{"@id":"https:\/\/www.rumicon.sk\/hu\/produkt\/vodka-nemiroff-bold-narancs-1l-40-kopia-2\/#breadcrumb"},"inLanguage":"hu","potentialAction":[{"@type":"ReadAction","target":["https:\/\/www.rumicon.sk\/hu\/produkt\/vodka-nemiroff-bold-narancs-1l-40-kopia-2\/"]}]},{"@type":"ImageObject","inLanguage":"hu","@id":"https:\/\/www.rumicon.sk\/hu\/produkt\/vodka-nemiroff-bold-narancs-1l-40-kopia-2\/#primaryimage","url":"https:\/\/www.rumicon.sk\/wp-content\/uploads\/ruska-vodka.webp","contentUrl":"https:\/\/www.rumicon.sk\/wp-content\/uploads\/ruska-vodka.webp","width":205,"height":699},{"@type":"BreadcrumbList","@id":"https:\/\/www.rumicon.sk\/hu\/produkt\/vodka-nemiroff-bold-narancs-1l-40-kopia-2\/#breadcrumb","itemListElement":[{"@type":"ListItem","position":1,"name":"Home","item":"https:\/\/www.rumicon.sk\/hu\/home\/"},{"@type":"ListItem","position":2,"name":"Web\u00e1ruh\u00e1z","item":"https:\/\/www.rumicon.sk\/hu\/webaruhaz\/"},{"@type":"ListItem","position":3,"name":"Russian Standard Original 1l"}]},{"@type":"WebSite","@id":"https:\/\/www.rumicon.sk\/hu\/#website","url":"https:\/\/www.rumicon.sk\/hu\/","name":"rumicon.sk","description":"","publisher":{"@id":"https:\/\/www.rumicon.sk\/hu\/#organization"},"potentialAction":[{"@type":"SearchAction","target":{"@type":"EntryPoint","urlTemplate":"https:\/\/www.rumicon.sk\/hu\/?s={search_term_string}"},"query-input":{"@type":"PropertyValueSpecification","valueRequired":true,"valueName":"search_term_string"}}],"inLanguage":"hu"},{"@type":"Organization","@id":"https:\/\/www.rumicon.sk\/hu\/#organization","name":"rumicon.sk","url":"https:\/\/www.rumicon.sk\/hu\/","logo":{"@type":"ImageObject","inLanguage":"hu","@id":"https:\/\/www.rumicon.sk\/hu\/#\/schema\/logo\/image\/","url":"https:\/\/www.rumicon.sk\/wp-content\/uploads\/logo-rumicon-bcs-color.png","contentUrl":"https:\/\/www.rumicon.sk\/wp-content\/uploads\/logo-rumicon-bcs-color.png","width":827,"height":278,"caption":"rumicon.sk"},"image":{"@id":"https:\/\/www.rumicon.sk\/hu\/#\/schema\/logo\/image\/"},"sameAs":["https:\/\/www.facebook.com\/people\/Rumicon-Bottle-Cigar-Shop\/100087110283303\/","https:\/\/www.instagram.com\/rumicon_bottle_cigar_shop\/","https:\/\/www.tiktok.com\/@rumicon2022"]}]}},"_links":{"self":[{"href":"https:\/\/www.rumicon.sk\/hu\/wp-json\/wp\/v2\/product\/10790","targetHints":{"allow":["GET"]}}],"collection":[{"href":"https:\/\/www.rumicon.sk\/hu\/wp-json\/wp\/v2\/product"}],"about":[{"href":"https:\/\/www.rumicon.sk\/hu\/wp-json\/wp\/v2\/types\/product"}],"replies":[{"embeddable":true,"href":"https:\/\/www.rumicon.sk\/hu\/wp-json\/wp\/v2\/comments?post=10790"}],"wp:featuredmedia":[{"embeddable":true,"href":"https:\/\/www.rumicon.sk\/hu\/wp-json\/wp\/v2\/media\/10793"}],"wp:attachment":[{"href":"https:\/\/www.rumicon.sk\/hu\/wp-json\/wp\/v2\/media?parent=10790"}],"wp:term":[{"taxonomy":"product_brand","embeddable":true,"href":"https:\/\/www.rumicon.sk\/hu\/wp-json\/wp\/v2\/product_brand?post=10790"},{"taxonomy":"product_cat","embeddable":true,"href":"https:\/\/www.rumicon.sk\/hu\/wp-json\/wp\/v2\/product_cat?post=10790"},{"taxonomy":"product_tag","embeddable":true,"href":"https:\/\/www.rumicon.sk\/hu\/wp-json\/wp\/v2\/product_tag?post=10790"}],"curies":[{"name":"wp","href":"https:\/\/api.w.org\/{rel}","templated":true}]}}