{"id":10780,"date":"2026-03-31T12:29:23","date_gmt":"2026-03-31T10:29:23","guid":{"rendered":"https:\/\/www.rumicon.sk\/produkt\/eminente-ambar-claro-40-0-7-l\/"},"modified":"2026-03-31T12:29:23","modified_gmt":"2026-03-31T10:29:23","slug":"eminente-ambar-claro-40-0-7-l","status":"publish","type":"product","link":"https:\/\/www.rumicon.sk\/hu\/produkt\/eminente-ambar-claro-40-0-7-l\/","title":{"rendered":"Eminente Ambar Claro, 40%, 0.7 L"},"content":{"rendered":"","protected":false},"excerpt":{"rendered":"<p>Az Eminente \u00c1mbar Claro egy pr\u00e9mium kubai rum, vil\u00e1gos borosty\u00e1nsz\u00ednnel \u00e9s kiv\u00e9teles m\u00e9lys\u00e9ggel. H\u00e1rom \u00e9vig \u00e9rlel\u0151dik whiskys hord\u00f3kban, \u00e9s ak\u00e1r 30% aguardiente-t is tartalmaz, ami komplex \u00e9s eleg\u00e1ns karaktert k\u00f6lcs\u00f6n\u00f6z neki. <\/p>\n<p>Az arom\u00e1ban z\u00f6ldalma, k\u00f6rte, kamilla \u00e9s van\u00edlia jegyei jelennek meg, melyeket finom f\u0171szerek, pir\u00edtott di\u00f3f\u00e9l\u00e9k \u00e9s kr\u00e9mes karamell eg\u00e9sz\u00edtenek ki. \u00cdze telt \u00e9s kiegyens\u00falyozott, gy\u00fcm\u00f6lcs\u00f6s s\u00fctem\u00e9nyre, s\u00fclt gy\u00fcm\u00f6lcs\u00f6kre eml\u00e9keztet\u0151 \u00e1rnyalatokkal \u00e9s kellemesen f\u0171szeres lecseng\u00e9ssel.<\/p>\n<p>Az Eminente \u00c1mbar Claro ide\u00e1lis h\u0171tve kortyolgatva, de kokt\u00e9lokban is kiv\u00e1l\u00f3an \u00e9rv\u00e9nyes\u00fcl. B\u00fcszk\u00e9n viseli a D.O.P. Ron de Cuba eredetmegjel\u00f6l\u00e9st, amely garant\u00e1lja az autentikuss\u00e1got, a min\u0151s\u00e9get \u00e9s a hagyom\u00e1nyos kubai gy\u00e1rt\u00e1s szigor\u00fa szab\u00e1lyainak betart\u00e1s\u00e1t. <\/p>\n","protected":false},"featured_media":10777,"comment_status":"closed","ping_status":"closed","template":"","meta":{"_acf_changed":false},"product_brand":[1486],"product_cat":[483,485],"product_tag":[1564,1561,1562,1115,1563],"class_list":{"0":"post-10780","1":"product","2":"type-product","3":"status-publish","4":"has-post-thumbnail","6":"product_brand-eminente","7":"product_cat-rum-hu","8":"product_cat-sotet-rum","9":"product_tag-kozvetlenul-kubabol-szarmazo-rum","10":"product_tag-kubai-rum","11":"product_tag-luxusajandek","12":"product_tag-rum-hu","13":"product_tag-szakertoknek-szant-rum","14":"pa_druh-alkoholu-sotet-rum","15":"pa_krajina-povodu-kuba-hu","16":"pa_objem-07-l-hu","17":"pa_obsah-alkoholu-40-hu","18":"pa_znacka-eminente","20":"first","21":"instock","22":"taxable","23":"shipping-taxable","24":"purchasable","25":"product-type-simple"},"acf":[],"yoast_head":"<!-- This site is optimized with the Yoast SEO plugin v27.0 - https:\/\/yoast.com\/product\/yoast-seo-wordpress\/ -->\n<title>Eminente Ambar Claro, 40%, 0.7 L - rumicon.sk<\/title>\n<meta name=\"robots\" content=\"index, follow, max-snippet:-1, max-image-preview:large, max-video-preview:-1\" \/>\n<link rel=\"canonical\" href=\"https:\/\/www.rumicon.sk\/hu\/produkt\/eminente-ambar-claro-40-0-7-l\/\" \/>\n<meta property=\"og:locale\" content=\"hu_HU\" \/>\n<meta property=\"og:type\" content=\"article\" \/>\n<meta property=\"og:title\" content=\"Eminente Ambar Claro, 40%, 0.7 L - rumicon.sk\" \/>\n<meta property=\"og:description\" content=\"Az Eminente \u00c1mbar Claro egy pr\u00e9mium kubai rum, vil\u00e1gos borosty\u00e1nsz\u00ednnel \u00e9s kiv\u00e9teles m\u00e9lys\u00e9ggel. H\u00e1rom \u00e9vig \u00e9rlel\u0151dik whiskys hord\u00f3kban, \u00e9s ak\u00e1r 30% aguardiente-t is tartalmaz, ami komplex \u00e9s eleg\u00e1ns karaktert k\u00f6lcs\u00f6n\u00f6z neki.  Az arom\u00e1ban z\u00f6ldalma, k\u00f6rte, kamilla \u00e9s van\u00edlia jegyei jelennek meg, melyeket finom f\u0171szerek, pir\u00edtott di\u00f3f\u00e9l\u00e9k \u00e9s kr\u00e9mes karamell eg\u00e9sz\u00edtenek ki. \u00cdze telt \u00e9s kiegyens\u00falyozott, gy\u00fcm\u00f6lcs\u00f6s s\u00fctem\u00e9nyre, s\u00fclt gy\u00fcm\u00f6lcs\u00f6kre eml\u00e9keztet\u0151 \u00e1rnyalatokkal \u00e9s kellemesen f\u0171szeres lecseng\u00e9ssel. Az Eminente \u00c1mbar Claro ide\u00e1lis h\u0171tve kortyolgatva, de kokt\u00e9lokban is kiv\u00e1l\u00f3an \u00e9rv\u00e9nyes\u00fcl. B\u00fcszk\u00e9n viseli a D.O.P. Ron de Cuba eredetmegjel\u00f6l\u00e9st, amely garant\u00e1lja az autentikuss\u00e1got, a min\u0151s\u00e9get \u00e9s a hagyom\u00e1nyos kubai gy\u00e1rt\u00e1s szigor\u00fa szab\u00e1lyainak betart\u00e1s\u00e1t.\" \/>\n<meta property=\"og:url\" content=\"https:\/\/www.rumicon.sk\/hu\/produkt\/eminente-ambar-claro-40-0-7-l\/\" \/>\n<meta property=\"og:site_name\" content=\"rumicon.sk\" \/>\n<meta property=\"article:publisher\" content=\"https:\/\/www.facebook.com\/people\/Rumicon-Bottle-Cigar-Shop\/100087110283303\/\" \/>\n<meta property=\"og:image\" content=\"https:\/\/www.rumicon.sk\/wp-content\/uploads\/ambar-claro.webp\" \/>\n\t<meta property=\"og:image:width\" content=\"450\" \/>\n\t<meta property=\"og:image:height\" content=\"450\" \/>\n\t<meta property=\"og:image:type\" content=\"image\/webp\" \/>\n<meta name=\"twitter:card\" content=\"summary_large_image\" \/>\n<script type=\"application\/ld+json\" class=\"yoast-schema-graph\">{\"@context\":\"https:\/\/schema.org\",\"@graph\":[{\"@type\":\"WebPage\",\"@id\":\"https:\/\/www.rumicon.sk\/hu\/produkt\/eminente-ambar-claro-40-0-7-l\/\",\"url\":\"https:\/\/www.rumicon.sk\/hu\/produkt\/eminente-ambar-claro-40-0-7-l\/\",\"name\":\"Eminente Ambar Claro, 40%, 0.7 L - rumicon.sk\",\"isPartOf\":{\"@id\":\"https:\/\/www.rumicon.sk\/hu\/#website\"},\"primaryImageOfPage\":{\"@id\":\"https:\/\/www.rumicon.sk\/hu\/produkt\/eminente-ambar-claro-40-0-7-l\/#primaryimage\"},\"image\":{\"@id\":\"https:\/\/www.rumicon.sk\/hu\/produkt\/eminente-ambar-claro-40-0-7-l\/#primaryimage\"},\"thumbnailUrl\":\"https:\/\/www.rumicon.sk\/wp-content\/uploads\/ambar-claro.webp\",\"datePublished\":\"2026-03-31T10:29:23+00:00\",\"breadcrumb\":{\"@id\":\"https:\/\/www.rumicon.sk\/hu\/produkt\/eminente-ambar-claro-40-0-7-l\/#breadcrumb\"},\"inLanguage\":\"hu\",\"potentialAction\":[{\"@type\":\"ReadAction\",\"target\":[\"https:\/\/www.rumicon.sk\/hu\/produkt\/eminente-ambar-claro-40-0-7-l\/\"]}]},{\"@type\":\"ImageObject\",\"inLanguage\":\"hu\",\"@id\":\"https:\/\/www.rumicon.sk\/hu\/produkt\/eminente-ambar-claro-40-0-7-l\/#primaryimage\",\"url\":\"https:\/\/www.rumicon.sk\/wp-content\/uploads\/ambar-claro.webp\",\"contentUrl\":\"https:\/\/www.rumicon.sk\/wp-content\/uploads\/ambar-claro.webp\",\"width\":450,\"height\":450},{\"@type\":\"BreadcrumbList\",\"@id\":\"https:\/\/www.rumicon.sk\/hu\/produkt\/eminente-ambar-claro-40-0-7-l\/#breadcrumb\",\"itemListElement\":[{\"@type\":\"ListItem\",\"position\":1,\"name\":\"Home\",\"item\":\"https:\/\/www.rumicon.sk\/hu\/home\/\"},{\"@type\":\"ListItem\",\"position\":2,\"name\":\"Web\u00e1ruh\u00e1z\",\"item\":\"https:\/\/www.rumicon.sk\/hu\/webaruhaz\/\"},{\"@type\":\"ListItem\",\"position\":3,\"name\":\"Eminente Ambar Claro, 40%, 0.7 L\"}]},{\"@type\":\"WebSite\",\"@id\":\"https:\/\/www.rumicon.sk\/hu\/#website\",\"url\":\"https:\/\/www.rumicon.sk\/hu\/\",\"name\":\"rumicon.sk\",\"description\":\"\",\"publisher\":{\"@id\":\"https:\/\/www.rumicon.sk\/hu\/#organization\"},\"potentialAction\":[{\"@type\":\"SearchAction\",\"target\":{\"@type\":\"EntryPoint\",\"urlTemplate\":\"https:\/\/www.rumicon.sk\/hu\/?s={search_term_string}\"},\"query-input\":{\"@type\":\"PropertyValueSpecification\",\"valueRequired\":true,\"valueName\":\"search_term_string\"}}],\"inLanguage\":\"hu\"},{\"@type\":\"Organization\",\"@id\":\"https:\/\/www.rumicon.sk\/hu\/#organization\",\"name\":\"rumicon.sk\",\"url\":\"https:\/\/www.rumicon.sk\/hu\/\",\"logo\":{\"@type\":\"ImageObject\",\"inLanguage\":\"hu\",\"@id\":\"https:\/\/www.rumicon.sk\/hu\/#\/schema\/logo\/image\/\",\"url\":\"https:\/\/www.rumicon.sk\/wp-content\/uploads\/logo-rumicon-bcs-color.png\",\"contentUrl\":\"https:\/\/www.rumicon.sk\/wp-content\/uploads\/logo-rumicon-bcs-color.png\",\"width\":827,\"height\":278,\"caption\":\"rumicon.sk\"},\"image\":{\"@id\":\"https:\/\/www.rumicon.sk\/hu\/#\/schema\/logo\/image\/\"},\"sameAs\":[\"https:\/\/www.facebook.com\/people\/Rumicon-Bottle-Cigar-Shop\/100087110283303\/\",\"https:\/\/www.instagram.com\/rumicon_bottle_cigar_shop\/\",\"https:\/\/www.tiktok.com\/@rumicon2022\"]}]}<\/script>\n<!-- \/ Yoast SEO plugin. -->","yoast_head_json":{"title":"Eminente Ambar Claro, 40%, 0.7 L - rumicon.sk","robots":{"index":"index","follow":"follow","max-snippet":"max-snippet:-1","max-image-preview":"max-image-preview:large","max-video-preview":"max-video-preview:-1"},"canonical":"https:\/\/www.rumicon.sk\/hu\/produkt\/eminente-ambar-claro-40-0-7-l\/","og_locale":"hu_HU","og_type":"article","og_title":"Eminente Ambar Claro, 40%, 0.7 L - rumicon.sk","og_description":"Az Eminente \u00c1mbar Claro egy pr\u00e9mium kubai rum, vil\u00e1gos borosty\u00e1nsz\u00ednnel \u00e9s kiv\u00e9teles m\u00e9lys\u00e9ggel. H\u00e1rom \u00e9vig \u00e9rlel\u0151dik whiskys hord\u00f3kban, \u00e9s ak\u00e1r 30% aguardiente-t is tartalmaz, ami komplex \u00e9s eleg\u00e1ns karaktert k\u00f6lcs\u00f6n\u00f6z neki.  Az arom\u00e1ban z\u00f6ldalma, k\u00f6rte, kamilla \u00e9s van\u00edlia jegyei jelennek meg, melyeket finom f\u0171szerek, pir\u00edtott di\u00f3f\u00e9l\u00e9k \u00e9s kr\u00e9mes karamell eg\u00e9sz\u00edtenek ki. \u00cdze telt \u00e9s kiegyens\u00falyozott, gy\u00fcm\u00f6lcs\u00f6s s\u00fctem\u00e9nyre, s\u00fclt gy\u00fcm\u00f6lcs\u00f6kre eml\u00e9keztet\u0151 \u00e1rnyalatokkal \u00e9s kellemesen f\u0171szeres lecseng\u00e9ssel. Az Eminente \u00c1mbar Claro ide\u00e1lis h\u0171tve kortyolgatva, de kokt\u00e9lokban is kiv\u00e1l\u00f3an \u00e9rv\u00e9nyes\u00fcl. B\u00fcszk\u00e9n viseli a D.O.P. Ron de Cuba eredetmegjel\u00f6l\u00e9st, amely garant\u00e1lja az autentikuss\u00e1got, a min\u0151s\u00e9get \u00e9s a hagyom\u00e1nyos kubai gy\u00e1rt\u00e1s szigor\u00fa szab\u00e1lyainak betart\u00e1s\u00e1t.","og_url":"https:\/\/www.rumicon.sk\/hu\/produkt\/eminente-ambar-claro-40-0-7-l\/","og_site_name":"rumicon.sk","article_publisher":"https:\/\/www.facebook.com\/people\/Rumicon-Bottle-Cigar-Shop\/100087110283303\/","og_image":[{"width":450,"height":450,"url":"https:\/\/www.rumicon.sk\/wp-content\/uploads\/ambar-claro.webp","type":"image\/webp"}],"twitter_card":"summary_large_image","schema":{"@context":"https:\/\/schema.org","@graph":[{"@type":"WebPage","@id":"https:\/\/www.rumicon.sk\/hu\/produkt\/eminente-ambar-claro-40-0-7-l\/","url":"https:\/\/www.rumicon.sk\/hu\/produkt\/eminente-ambar-claro-40-0-7-l\/","name":"Eminente Ambar Claro, 40%, 0.7 L - rumicon.sk","isPartOf":{"@id":"https:\/\/www.rumicon.sk\/hu\/#website"},"primaryImageOfPage":{"@id":"https:\/\/www.rumicon.sk\/hu\/produkt\/eminente-ambar-claro-40-0-7-l\/#primaryimage"},"image":{"@id":"https:\/\/www.rumicon.sk\/hu\/produkt\/eminente-ambar-claro-40-0-7-l\/#primaryimage"},"thumbnailUrl":"https:\/\/www.rumicon.sk\/wp-content\/uploads\/ambar-claro.webp","datePublished":"2026-03-31T10:29:23+00:00","breadcrumb":{"@id":"https:\/\/www.rumicon.sk\/hu\/produkt\/eminente-ambar-claro-40-0-7-l\/#breadcrumb"},"inLanguage":"hu","potentialAction":[{"@type":"ReadAction","target":["https:\/\/www.rumicon.sk\/hu\/produkt\/eminente-ambar-claro-40-0-7-l\/"]}]},{"@type":"ImageObject","inLanguage":"hu","@id":"https:\/\/www.rumicon.sk\/hu\/produkt\/eminente-ambar-claro-40-0-7-l\/#primaryimage","url":"https:\/\/www.rumicon.sk\/wp-content\/uploads\/ambar-claro.webp","contentUrl":"https:\/\/www.rumicon.sk\/wp-content\/uploads\/ambar-claro.webp","width":450,"height":450},{"@type":"BreadcrumbList","@id":"https:\/\/www.rumicon.sk\/hu\/produkt\/eminente-ambar-claro-40-0-7-l\/#breadcrumb","itemListElement":[{"@type":"ListItem","position":1,"name":"Home","item":"https:\/\/www.rumicon.sk\/hu\/home\/"},{"@type":"ListItem","position":2,"name":"Web\u00e1ruh\u00e1z","item":"https:\/\/www.rumicon.sk\/hu\/webaruhaz\/"},{"@type":"ListItem","position":3,"name":"Eminente Ambar Claro, 40%, 0.7 L"}]},{"@type":"WebSite","@id":"https:\/\/www.rumicon.sk\/hu\/#website","url":"https:\/\/www.rumicon.sk\/hu\/","name":"rumicon.sk","description":"","publisher":{"@id":"https:\/\/www.rumicon.sk\/hu\/#organization"},"potentialAction":[{"@type":"SearchAction","target":{"@type":"EntryPoint","urlTemplate":"https:\/\/www.rumicon.sk\/hu\/?s={search_term_string}"},"query-input":{"@type":"PropertyValueSpecification","valueRequired":true,"valueName":"search_term_string"}}],"inLanguage":"hu"},{"@type":"Organization","@id":"https:\/\/www.rumicon.sk\/hu\/#organization","name":"rumicon.sk","url":"https:\/\/www.rumicon.sk\/hu\/","logo":{"@type":"ImageObject","inLanguage":"hu","@id":"https:\/\/www.rumicon.sk\/hu\/#\/schema\/logo\/image\/","url":"https:\/\/www.rumicon.sk\/wp-content\/uploads\/logo-rumicon-bcs-color.png","contentUrl":"https:\/\/www.rumicon.sk\/wp-content\/uploads\/logo-rumicon-bcs-color.png","width":827,"height":278,"caption":"rumicon.sk"},"image":{"@id":"https:\/\/www.rumicon.sk\/hu\/#\/schema\/logo\/image\/"},"sameAs":["https:\/\/www.facebook.com\/people\/Rumicon-Bottle-Cigar-Shop\/100087110283303\/","https:\/\/www.instagram.com\/rumicon_bottle_cigar_shop\/","https:\/\/www.tiktok.com\/@rumicon2022"]}]}},"_links":{"self":[{"href":"https:\/\/www.rumicon.sk\/hu\/wp-json\/wp\/v2\/product\/10780","targetHints":{"allow":["GET"]}}],"collection":[{"href":"https:\/\/www.rumicon.sk\/hu\/wp-json\/wp\/v2\/product"}],"about":[{"href":"https:\/\/www.rumicon.sk\/hu\/wp-json\/wp\/v2\/types\/product"}],"replies":[{"embeddable":true,"href":"https:\/\/www.rumicon.sk\/hu\/wp-json\/wp\/v2\/comments?post=10780"}],"wp:featuredmedia":[{"embeddable":true,"href":"https:\/\/www.rumicon.sk\/hu\/wp-json\/wp\/v2\/media\/10777"}],"wp:attachment":[{"href":"https:\/\/www.rumicon.sk\/hu\/wp-json\/wp\/v2\/media?parent=10780"}],"wp:term":[{"taxonomy":"product_brand","embeddable":true,"href":"https:\/\/www.rumicon.sk\/hu\/wp-json\/wp\/v2\/product_brand?post=10780"},{"taxonomy":"product_cat","embeddable":true,"href":"https:\/\/www.rumicon.sk\/hu\/wp-json\/wp\/v2\/product_cat?post=10780"},{"taxonomy":"product_tag","embeddable":true,"href":"https:\/\/www.rumicon.sk\/hu\/wp-json\/wp\/v2\/product_tag?post=10780"}],"curies":[{"name":"wp","href":"https:\/\/api.w.org\/{rel}","templated":true}]}}