{"id":10727,"date":"2026-03-26T14:24:35","date_gmt":"2026-03-26T13:24:35","guid":{"rendered":"https:\/\/www.rumicon.sk\/?post_type=product&#038;p=10727"},"modified":"2026-03-26T14:57:04","modified_gmt":"2026-03-26T13:57:04","slug":"dictador-pavo-real-grande-robusto-16g-kopia-kopia-kopia-kopia-2","status":"publish","type":"product","link":"https:\/\/www.rumicon.sk\/hu\/produkt\/dictador-pavo-real-grande-robusto-16g-kopia-kopia-kopia-kopia-2\/","title":{"rendered":"Tornabuoni Mezzo Nazionale"},"content":{"rendered":"<p><strong>Tornabuoni Mezzo Nazionale<\/strong><\/p>\n<p>A Nazionale a mi els\u0151 norm\u00e1l m\u00e9ret\u0171 Cigarillo-ja kedvez\u0151 \u00e1ron, t\u00f6k\u00e9letes kever\u00e9kkel, amely eg\u00e9sz nap \u00e9lvezhet\u0151 b\u00e1rmilyen helyzetben. Ezt a Cigarill\u00f3t \u00fagy tervezt\u00e9k, hogy minden szivarrajong\u00f3t kiel\u00e9g\u00edtsen, \u00e9s nagyszer\u0171 doh\u00e1nyz\u00e1si \u00e9lm\u00e9nyt ny\u00fajtson k\u00f6r\u00fclm\u00e9nyekt\u0151l f\u00fcggetlen\u00fcl. A harmonikus \u00f6sszet\u00e9telnek \u00e9s finom arom\u00e1nak k\u00f6sz\u00f6nhet\u0151en a Nazionale Cigarill\u00f3t b\u00e1rhol \u00e9s b\u00e1rmikor \u00e9lvezheti, ak\u00e1r t\u00e1rsas\u00e1gban, ak\u00e1r egyed\u00fcl. \u00c9lvezze a min\u0151s\u00e9get \u00e9s a k\u00e9nyelmet a Nazionale Cigarill\u00f3val, amely k\u00e9szen \u00e1ll, hogy megfeleljen elv\u00e1r\u00e1sainak \u00e9s eg\u00e9sz nap \u00f6r\u00f6met szerezzen \u00e9rz\u00e9keinek.   <\/p>\n<div>\n<p>\u00cdzvil\u00e1g: f\u0171szeres, f\u00e1s, b\u0151r\u00f6s<br \/>Fed\u0151lev\u00e9l: Valtiberin-i Kentucky<\/p>\n<\/div>\n<div>\n<p>K\u00f6t\u0151lev\u00e9l: Olaszorsz\u00e1g<\/p>\n<\/div>\n<div>\n<p>T\u00f6ltet: Olaszorsz\u00e1g<\/p>\n<\/div>\n<div>\n<p><strong>M\u00e9retek<\/p>\n<p><\/strong><\/p>\n<\/div>\n<div>\n<p>Hossz: 75 mm<\/p>\n<\/div>\n<div>\n<p>\u00c1tm\u00e9r\u0151: 15 mm<\/p>\n<\/div>\n","protected":false},"excerpt":{"rendered":"<p>Tornabuoni Mezzo Nazionale A Nazionale a mi els\u0151 norm\u00e1l m\u00e9ret\u0171 Cigarillo-ja kedvez\u0151 \u00e1ron, t\u00f6k\u00e9letes kever\u00e9kkel, amely eg\u00e9sz nap \u00e9lvezhet\u0151 b\u00e1rmilyen helyzetben. Ezt a Cigarill\u00f3t \u00fagy tervezt\u00e9k, hogy minden szivarrajong\u00f3t kiel\u00e9g\u00edtsen, \u00e9s nagyszer\u0171 doh\u00e1nyz\u00e1si \u00e9lm\u00e9nyt ny\u00fajtson k\u00f6r\u00fclm\u00e9nyekt\u0151l f\u00fcggetlen\u00fcl. A harmonikus \u00f6sszet\u00e9telnek \u00e9s finom arom\u00e1nak k\u00f6sz\u00f6nhet\u0151en a Nazionale Cigarill\u00f3t b\u00e1rhol \u00e9s b\u00e1rmikor \u00e9lvezheti, ak\u00e1r t\u00e1rsas\u00e1gban, ak\u00e1r egyed\u00fcl. [&#8230;]\n","protected":false},"featured_media":10729,"comment_status":"closed","ping_status":"closed","template":"","meta":{"_acf_changed":false},"product_brand":[1362],"product_cat":[584],"product_tag":[1557,1555,1554,1556,1553,1559],"class_list":{"0":"post-10727","1":"product","2":"type-product","3":"status-publish","4":"has-post-thumbnail","6":"product_brand-tornabuoni","7":"product_cat-szivarok","8":"product_tag-ajandek-szivar","9":"product_tag-kezzel-keszitett-szivar","10":"product_tag-luxus-elmeny","11":"product_tag-olaszorszag","12":"product_tag-premium-szivar","13":"product_tag-tornabuoni","14":"pa_krajina-povodu-olaszorszag","15":"pa_znacka-tornabuoni","17":"first","18":"outofstock","19":"taxable","20":"shipping-taxable","21":"purchasable","22":"product-type-simple"},"acf":[],"yoast_head":"<!-- This site is optimized with the Yoast SEO plugin v27.0 - https:\/\/yoast.com\/product\/yoast-seo-wordpress\/ -->\n<title>Tornabuoni Mezzo Nazionale - rumicon.sk<\/title>\n<meta name=\"description\" content=\"Tornabuoni Scorciato Riserva \u2013 autentikus olasz szivar Kentucky Toscano doh\u00e1nyb\u00f3l, f\u00e1ssal, b\u0151rrel \u00e9s kaka\u00f3val harmoniz\u00e1l\u00f3 \u00edzjegyekkel. Teljes \u00edz, k\u00e9zzel k\u00e9sz\u00edtve.\" \/>\n<meta name=\"robots\" content=\"index, follow, max-snippet:-1, max-image-preview:large, max-video-preview:-1\" \/>\n<link rel=\"canonical\" href=\"https:\/\/www.rumicon.sk\/hu\/produkt\/dictador-pavo-real-grande-robusto-16g-kopia-kopia-kopia-kopia-2\/\" \/>\n<meta property=\"og:locale\" content=\"hu_HU\" \/>\n<meta property=\"og:type\" content=\"article\" \/>\n<meta property=\"og:title\" content=\"Tornabuoni Scorciato Riserva \/4\/ 5g\" \/>\n<meta property=\"og:description\" content=\"T\" \/>\n<meta property=\"og:url\" content=\"https:\/\/www.rumicon.sk\/hu\/produkt\/dictador-pavo-real-grande-robusto-16g-kopia-kopia-kopia-kopia-2\/\" \/>\n<meta property=\"og:site_name\" content=\"rumicon.sk\" \/>\n<meta property=\"article:publisher\" content=\"https:\/\/www.facebook.com\/people\/Rumicon-Bottle-Cigar-Shop\/100087110283303\/\" \/>\n<meta property=\"article:modified_time\" content=\"2026-03-26T13:57:04+00:00\" \/>\n<meta property=\"og:image\" content=\"https:\/\/www.rumicon.sk\/wp-content\/uploads\/Dictador-Pavo-Real-Grande-Robusto.jpg\" \/>\n<meta name=\"twitter:card\" content=\"summary_large_image\" \/>\n<meta name=\"twitter:label1\" content=\"Becs\u00fclt olvas\u00e1si id\u0151\" \/>\n\t<meta name=\"twitter:data1\" content=\"1 perc\" \/>\n<script type=\"application\/ld+json\" class=\"yoast-schema-graph\">{\"@context\":\"https:\/\/schema.org\",\"@graph\":[{\"@type\":\"WebPage\",\"@id\":\"https:\/\/www.rumicon.sk\/hu\/produkt\/dictador-pavo-real-grande-robusto-16g-kopia-kopia-kopia-kopia-2\/\",\"url\":\"https:\/\/www.rumicon.sk\/hu\/produkt\/dictador-pavo-real-grande-robusto-16g-kopia-kopia-kopia-kopia-2\/\",\"name\":\"Tornabuoni Mezzo Nazionale - rumicon.sk\",\"isPartOf\":{\"@id\":\"https:\/\/www.rumicon.sk\/hu\/#website\"},\"primaryImageOfPage\":{\"@id\":\"https:\/\/www.rumicon.sk\/hu\/produkt\/dictador-pavo-real-grande-robusto-16g-kopia-kopia-kopia-kopia-2\/#primaryimage\"},\"image\":{\"@id\":\"https:\/\/www.rumicon.sk\/hu\/produkt\/dictador-pavo-real-grande-robusto-16g-kopia-kopia-kopia-kopia-2\/#primaryimage\"},\"thumbnailUrl\":\"https:\/\/www.rumicon.sk\/wp-content\/uploads\/Tornabuoni-Mezzo-Nazionale-.jpg\",\"datePublished\":\"2026-03-26T13:24:35+00:00\",\"dateModified\":\"2026-03-26T13:57:04+00:00\",\"description\":\"Tornabuoni Scorciato Riserva \u2013 autentikus olasz szivar Kentucky Toscano doh\u00e1nyb\u00f3l, f\u00e1ssal, b\u0151rrel \u00e9s kaka\u00f3val harmoniz\u00e1l\u00f3 \u00edzjegyekkel. Teljes \u00edz, k\u00e9zzel k\u00e9sz\u00edtve.\",\"breadcrumb\":{\"@id\":\"https:\/\/www.rumicon.sk\/hu\/produkt\/dictador-pavo-real-grande-robusto-16g-kopia-kopia-kopia-kopia-2\/#breadcrumb\"},\"inLanguage\":\"hu\",\"potentialAction\":[{\"@type\":\"ReadAction\",\"target\":[\"https:\/\/www.rumicon.sk\/hu\/produkt\/dictador-pavo-real-grande-robusto-16g-kopia-kopia-kopia-kopia-2\/\"]}]},{\"@type\":\"ImageObject\",\"inLanguage\":\"hu\",\"@id\":\"https:\/\/www.rumicon.sk\/hu\/produkt\/dictador-pavo-real-grande-robusto-16g-kopia-kopia-kopia-kopia-2\/#primaryimage\",\"url\":\"https:\/\/www.rumicon.sk\/wp-content\/uploads\/Tornabuoni-Mezzo-Nazionale-.jpg\",\"contentUrl\":\"https:\/\/www.rumicon.sk\/wp-content\/uploads\/Tornabuoni-Mezzo-Nazionale-.jpg\",\"width\":700,\"height\":700},{\"@type\":\"BreadcrumbList\",\"@id\":\"https:\/\/www.rumicon.sk\/hu\/produkt\/dictador-pavo-real-grande-robusto-16g-kopia-kopia-kopia-kopia-2\/#breadcrumb\",\"itemListElement\":[{\"@type\":\"ListItem\",\"position\":1,\"name\":\"Home\",\"item\":\"https:\/\/www.rumicon.sk\/hu\/home\/\"},{\"@type\":\"ListItem\",\"position\":2,\"name\":\"Web\u00e1ruh\u00e1z\",\"item\":\"https:\/\/www.rumicon.sk\/hu\/webaruhaz\/\"},{\"@type\":\"ListItem\",\"position\":3,\"name\":\"Tornabuoni Mezzo Nazionale\"}]},{\"@type\":\"WebSite\",\"@id\":\"https:\/\/www.rumicon.sk\/hu\/#website\",\"url\":\"https:\/\/www.rumicon.sk\/hu\/\",\"name\":\"rumicon.sk\",\"description\":\"\",\"publisher\":{\"@id\":\"https:\/\/www.rumicon.sk\/hu\/#organization\"},\"potentialAction\":[{\"@type\":\"SearchAction\",\"target\":{\"@type\":\"EntryPoint\",\"urlTemplate\":\"https:\/\/www.rumicon.sk\/hu\/?s={search_term_string}\"},\"query-input\":{\"@type\":\"PropertyValueSpecification\",\"valueRequired\":true,\"valueName\":\"search_term_string\"}}],\"inLanguage\":\"hu\"},{\"@type\":\"Organization\",\"@id\":\"https:\/\/www.rumicon.sk\/hu\/#organization\",\"name\":\"rumicon.sk\",\"url\":\"https:\/\/www.rumicon.sk\/hu\/\",\"logo\":{\"@type\":\"ImageObject\",\"inLanguage\":\"hu\",\"@id\":\"https:\/\/www.rumicon.sk\/hu\/#\/schema\/logo\/image\/\",\"url\":\"https:\/\/www.rumicon.sk\/wp-content\/uploads\/logo-rumicon-bcs-color.png\",\"contentUrl\":\"https:\/\/www.rumicon.sk\/wp-content\/uploads\/logo-rumicon-bcs-color.png\",\"width\":827,\"height\":278,\"caption\":\"rumicon.sk\"},\"image\":{\"@id\":\"https:\/\/www.rumicon.sk\/hu\/#\/schema\/logo\/image\/\"},\"sameAs\":[\"https:\/\/www.facebook.com\/people\/Rumicon-Bottle-Cigar-Shop\/100087110283303\/\",\"https:\/\/www.instagram.com\/rumicon_bottle_cigar_shop\/\",\"https:\/\/www.tiktok.com\/@rumicon2022\"]}]}<\/script>\n<!-- \/ Yoast SEO plugin. -->","yoast_head_json":{"title":"Tornabuoni Mezzo Nazionale - rumicon.sk","description":"Tornabuoni Scorciato Riserva \u2013 autentikus olasz szivar Kentucky Toscano doh\u00e1nyb\u00f3l, f\u00e1ssal, b\u0151rrel \u00e9s kaka\u00f3val harmoniz\u00e1l\u00f3 \u00edzjegyekkel. Teljes \u00edz, k\u00e9zzel k\u00e9sz\u00edtve.","robots":{"index":"index","follow":"follow","max-snippet":"max-snippet:-1","max-image-preview":"max-image-preview:large","max-video-preview":"max-video-preview:-1"},"canonical":"https:\/\/www.rumicon.sk\/hu\/produkt\/dictador-pavo-real-grande-robusto-16g-kopia-kopia-kopia-kopia-2\/","og_locale":"hu_HU","og_type":"article","og_title":"Tornabuoni Scorciato Riserva \/4\/ 5g","og_description":"T","og_url":"https:\/\/www.rumicon.sk\/hu\/produkt\/dictador-pavo-real-grande-robusto-16g-kopia-kopia-kopia-kopia-2\/","og_site_name":"rumicon.sk","article_publisher":"https:\/\/www.facebook.com\/people\/Rumicon-Bottle-Cigar-Shop\/100087110283303\/","article_modified_time":"2026-03-26T13:57:04+00:00","og_image":[{"url":"https:\/\/www.rumicon.sk\/wp-content\/uploads\/Dictador-Pavo-Real-Grande-Robusto.jpg","type":"","width":"","height":""}],"twitter_card":"summary_large_image","twitter_misc":{"Becs\u00fclt olvas\u00e1si id\u0151":"1 perc"},"schema":{"@context":"https:\/\/schema.org","@graph":[{"@type":"WebPage","@id":"https:\/\/www.rumicon.sk\/hu\/produkt\/dictador-pavo-real-grande-robusto-16g-kopia-kopia-kopia-kopia-2\/","url":"https:\/\/www.rumicon.sk\/hu\/produkt\/dictador-pavo-real-grande-robusto-16g-kopia-kopia-kopia-kopia-2\/","name":"Tornabuoni Mezzo Nazionale - rumicon.sk","isPartOf":{"@id":"https:\/\/www.rumicon.sk\/hu\/#website"},"primaryImageOfPage":{"@id":"https:\/\/www.rumicon.sk\/hu\/produkt\/dictador-pavo-real-grande-robusto-16g-kopia-kopia-kopia-kopia-2\/#primaryimage"},"image":{"@id":"https:\/\/www.rumicon.sk\/hu\/produkt\/dictador-pavo-real-grande-robusto-16g-kopia-kopia-kopia-kopia-2\/#primaryimage"},"thumbnailUrl":"https:\/\/www.rumicon.sk\/wp-content\/uploads\/Tornabuoni-Mezzo-Nazionale-.jpg","datePublished":"2026-03-26T13:24:35+00:00","dateModified":"2026-03-26T13:57:04+00:00","description":"Tornabuoni Scorciato Riserva \u2013 autentikus olasz szivar Kentucky Toscano doh\u00e1nyb\u00f3l, f\u00e1ssal, b\u0151rrel \u00e9s kaka\u00f3val harmoniz\u00e1l\u00f3 \u00edzjegyekkel. Teljes \u00edz, k\u00e9zzel k\u00e9sz\u00edtve.","breadcrumb":{"@id":"https:\/\/www.rumicon.sk\/hu\/produkt\/dictador-pavo-real-grande-robusto-16g-kopia-kopia-kopia-kopia-2\/#breadcrumb"},"inLanguage":"hu","potentialAction":[{"@type":"ReadAction","target":["https:\/\/www.rumicon.sk\/hu\/produkt\/dictador-pavo-real-grande-robusto-16g-kopia-kopia-kopia-kopia-2\/"]}]},{"@type":"ImageObject","inLanguage":"hu","@id":"https:\/\/www.rumicon.sk\/hu\/produkt\/dictador-pavo-real-grande-robusto-16g-kopia-kopia-kopia-kopia-2\/#primaryimage","url":"https:\/\/www.rumicon.sk\/wp-content\/uploads\/Tornabuoni-Mezzo-Nazionale-.jpg","contentUrl":"https:\/\/www.rumicon.sk\/wp-content\/uploads\/Tornabuoni-Mezzo-Nazionale-.jpg","width":700,"height":700},{"@type":"BreadcrumbList","@id":"https:\/\/www.rumicon.sk\/hu\/produkt\/dictador-pavo-real-grande-robusto-16g-kopia-kopia-kopia-kopia-2\/#breadcrumb","itemListElement":[{"@type":"ListItem","position":1,"name":"Home","item":"https:\/\/www.rumicon.sk\/hu\/home\/"},{"@type":"ListItem","position":2,"name":"Web\u00e1ruh\u00e1z","item":"https:\/\/www.rumicon.sk\/hu\/webaruhaz\/"},{"@type":"ListItem","position":3,"name":"Tornabuoni Mezzo Nazionale"}]},{"@type":"WebSite","@id":"https:\/\/www.rumicon.sk\/hu\/#website","url":"https:\/\/www.rumicon.sk\/hu\/","name":"rumicon.sk","description":"","publisher":{"@id":"https:\/\/www.rumicon.sk\/hu\/#organization"},"potentialAction":[{"@type":"SearchAction","target":{"@type":"EntryPoint","urlTemplate":"https:\/\/www.rumicon.sk\/hu\/?s={search_term_string}"},"query-input":{"@type":"PropertyValueSpecification","valueRequired":true,"valueName":"search_term_string"}}],"inLanguage":"hu"},{"@type":"Organization","@id":"https:\/\/www.rumicon.sk\/hu\/#organization","name":"rumicon.sk","url":"https:\/\/www.rumicon.sk\/hu\/","logo":{"@type":"ImageObject","inLanguage":"hu","@id":"https:\/\/www.rumicon.sk\/hu\/#\/schema\/logo\/image\/","url":"https:\/\/www.rumicon.sk\/wp-content\/uploads\/logo-rumicon-bcs-color.png","contentUrl":"https:\/\/www.rumicon.sk\/wp-content\/uploads\/logo-rumicon-bcs-color.png","width":827,"height":278,"caption":"rumicon.sk"},"image":{"@id":"https:\/\/www.rumicon.sk\/hu\/#\/schema\/logo\/image\/"},"sameAs":["https:\/\/www.facebook.com\/people\/Rumicon-Bottle-Cigar-Shop\/100087110283303\/","https:\/\/www.instagram.com\/rumicon_bottle_cigar_shop\/","https:\/\/www.tiktok.com\/@rumicon2022"]}]}},"_links":{"self":[{"href":"https:\/\/www.rumicon.sk\/hu\/wp-json\/wp\/v2\/product\/10727","targetHints":{"allow":["GET"]}}],"collection":[{"href":"https:\/\/www.rumicon.sk\/hu\/wp-json\/wp\/v2\/product"}],"about":[{"href":"https:\/\/www.rumicon.sk\/hu\/wp-json\/wp\/v2\/types\/product"}],"replies":[{"embeddable":true,"href":"https:\/\/www.rumicon.sk\/hu\/wp-json\/wp\/v2\/comments?post=10727"}],"wp:featuredmedia":[{"embeddable":true,"href":"https:\/\/www.rumicon.sk\/hu\/wp-json\/wp\/v2\/media\/10729"}],"wp:attachment":[{"href":"https:\/\/www.rumicon.sk\/hu\/wp-json\/wp\/v2\/media?parent=10727"}],"wp:term":[{"taxonomy":"product_brand","embeddable":true,"href":"https:\/\/www.rumicon.sk\/hu\/wp-json\/wp\/v2\/product_brand?post=10727"},{"taxonomy":"product_cat","embeddable":true,"href":"https:\/\/www.rumicon.sk\/hu\/wp-json\/wp\/v2\/product_cat?post=10727"},{"taxonomy":"product_tag","embeddable":true,"href":"https:\/\/www.rumicon.sk\/hu\/wp-json\/wp\/v2\/product_tag?post=10727"}],"curies":[{"name":"wp","href":"https:\/\/api.w.org\/{rel}","templated":true}]}}